{"id":227458,"date":"2026-04-25T02:18:02","date_gmt":"2026-04-25T08:18:02","guid":{"rendered":"https:\/\/compuviper.mx\/tienda\/producto\/viewsonic-pa503w-videoproyector-dlp-wxga-3800-lumens-vga-hdmi-10000-horas-tiro-normal\/"},"modified":"2026-04-25T02:18:02","modified_gmt":"2026-04-25T08:18:02","slug":"viewsonic-pa503w-2-videoproyector-dlp-pa503w-wxga-4000-lumens-vga-hdmi-10000-horas-tiro-normal","status":"publish","type":"product","link":"https:\/\/compuviper.mx\/tienda\/producto\/viewsonic-pa503w-2-videoproyector-dlp-pa503w-wxga-4000-lumens-vga-hdmi-10000-horas-tiro-normal\/","title":{"rendered":"Viewsonic Pa503w-2 Videoproyector  Dlp Pa503w\/wxga\/ 4000 Lumens\/vga\/hdmi\/10000 Horas\/tiro Normal"},"content":{"rendered":"<table class=\"descripcion\">\n<tr>\n<td>Tecnologia dlp<\/td>\n<\/tr>\n<tr>\n<td>Resoluci\u00f3n wxga (1280 x 800)<\/td>\n<\/tr>\n<tr>\n<td>Brillo (l\u00famenes ansi) 4000<\/td>\n<\/tr>\n<tr>\n<td>Contraste (con relaci\u00f3n de contraste din\u00e1mico) 22,000:1<\/td>\n<\/tr>\n<tr>\n<td>Zoom optico manual 1.1x<\/td>\n<\/tr>\n<tr>\n<td>Horas de vida de l\u00e1mpara eco-mode dinamico 10,000 hrs<\/td>\n<\/tr>\n<tr>\n<td>Tama\u00f1o de pantalla 0.76-7.62 m<\/td>\n<\/tr>\n<tr>\n<td>Profundidad de color 1.07b color (r\/g\/b 10bit)<\/td>\n<\/tr>\n<tr>\n<td>Correcci\u00f3n trapezoidal +\/- 40\u00b0 (vertical)<\/td>\n<\/tr>\n<tr>\n<td>Altavoz 2w x 1<\/td>\n<\/tr>\n<tr>\n<td>Conexiones de entrada<\/td>\n<\/tr>\n<tr>\n<td>Entrada de hdmi 1<\/td>\n<\/tr>\n<tr>\n<td>Entrada de vga 2<\/td>\n<\/tr>\n<tr>\n<td>Entrada de audio rca compuesta 1<\/td>\n<\/tr>\n<tr>\n<td>Entrada de audio (3,5 mm) 1<\/td>\n<\/tr>\n<tr>\n<td>Emini usb 1<\/td>\n<\/tr>\n<tr>\n<td>Conexiones de salida<\/td>\n<\/tr>\n<tr>\n<td>Salida vga 1<\/td>\n<\/tr>\n<tr>\n<td>Salida de audio (3,5 mm) 1<\/td>\n<\/tr>\n<tr>\n<td>Control rs232 (9 clavijas) 1<\/td>\n<\/tr>\n<tr>\n<td>Modo de espera de bajo consumo   0,5 w<\/td>\n<\/tr>\n<tr>\n<td>Dimensiones (an x al x pr) 294 x 218 x 110 mm<\/td>\n<\/tr>\n<tr>\n<td>Peso neto 2.2kg<\/td>\n<\/tr>\n<tr>\n<td>Fuente de alimentaci\u00f3n 100v &#8211; 240v \/ 50-60hz<\/td>\n<\/tr>\n<tr>\n<td>Consumo el\u00e9ctrico 265w (m\u00e1x.)<\/td>\n<\/tr>\n<tr>\n<td>Accesorios incluidos<\/td>\n<\/tr>\n<tr>\n<td>Cable de alimentaci\u00f3n 1<\/td>\n<\/tr>\n<tr>\n<td>Cable vga 1<\/td>\n<\/tr>\n<tr>\n<td>Control remoto (pilas incluidas) 1<\/td>\n<\/tr>\n<tr>\n<td>Gu\u00eda de inicio r\u00e1pido y cd 1<\/td>\n<\/tr>\n<tr>\n<td>Idiomas<\/td>\n<\/tr>\n<tr>\n<td>Men\u00fa en pantalla ingl\u00e9s, franc\u00e9s, espa\u00f1ol, tailand\u00e9s, korea, alem\u00e1n, italiano, ruso, sueco, neerland\u00e9s, polaco, checo, chino tradicional,chino simplificado, japon\u00e9s, turco, portugu\u00e9s, fin\u00e9s, indonesio, hindi, \u00e1rabe, vietnamita<\/td>\n<\/tr>\n<\/table>\n","protected":false},"excerpt":{"rendered":"<p>El proyector pa503w de viewsonic\u00ae, con una excelente relaci\u00f3n precio\/rendimiento, tiene 4000 l\u00famenes, resoluci\u00f3n wxga nativa de 1280&#215;800, y un dise\u00f1o intuitivo y f\u00e1cil de usar. La exclusiva tecnolog\u00eda supercolor\u0099 ofrece una gama de colores m\u00e1s amplia para la proyecci\u00f3n de im\u00e1genes reales. El pa503w tambi\u00e9n incluye amplias opciones de conectividad, entre ellas entrada hdmi, 2 vga, video compuesto, s-video, 1 salida vga y entrada\/salida de audio. La funci\u00f3n supereco\u0099 para ahorrar energ\u00eda reduce el consumo de electricidad en hasta un 70 % y prolonga la vida \u00fatil de la l\u00e1mpara por hasta 10.000 horas*. Gracias a las funciones audiovisuales avanzadas, las opciones de conectividad flexibles y el precio accesible, el pa503w es ideal para usar en entornos educativos y peque\u00f1as empresas. *el consumo de energ\u00eda y la vida \u00fatil de la l\u00e1mpara pueden variar seg\u00fan el uso real y otros factores.<\/p>\n","protected":false},"featured_media":227459,"comment_status":"open","ping_status":"open","template":"","meta":[],"product_cat":[1843,1844],"product_tag":[1862],"acf":[],"yoast_head":"<!-- This site is optimized with the Yoast SEO plugin v21.7 - https:\/\/yoast.com\/wordpress\/plugins\/seo\/ -->\n<title>[ Viewsonic ] &#129351; Pa503w-2 Videoproyector Dlp Pa503w\/wxga\/ 4000 Lumens\/vga\/hdmi\/10000 Horas\/tiro Normal<\/title>\n<meta name=\"description\" content=\"Compra Pa503w-2 Videoproyector Dlp Pa503w\/wxga\/ 4000 Lumens\/vga\/hdmi\/10000 Horas\/tiro Normal + Env\u00edo a domicilio + Pago seguro + Garant\u00eda\" \/>\n<meta name=\"robots\" content=\"index, follow, max-snippet:-1, max-image-preview:large, max-video-preview:-1\" \/>\n<link rel=\"canonical\" href=\"https:\/\/compuviper.mx\/tienda\/producto\/viewsonic-pa503w-2-videoproyector-dlp-pa503w-wxga-4000-lumens-vga-hdmi-10000-horas-tiro-normal\/\" \/>\n<meta property=\"og:locale\" content=\"es_MX\" \/>\n<meta property=\"og:type\" content=\"article\" \/>\n<meta property=\"og:title\" content=\"[ Viewsonic ] &#129351; Pa503w-2 Videoproyector Dlp Pa503w\/wxga\/ 4000 Lumens\/vga\/hdmi\/10000 Horas\/tiro Normal\" \/>\n<meta property=\"og:description\" content=\"Compra Pa503w-2 Videoproyector Dlp Pa503w\/wxga\/ 4000 Lumens\/vga\/hdmi\/10000 Horas\/tiro Normal + Env\u00edo a domicilio + Pago seguro + Garant\u00eda\" \/>\n<meta property=\"og:url\" content=\"https:\/\/compuviper.mx\/tienda\/producto\/viewsonic-pa503w-2-videoproyector-dlp-pa503w-wxga-4000-lumens-vga-hdmi-10000-horas-tiro-normal\/\" \/>\n<meta property=\"og:site_name\" content=\"Compuviper\" \/>\n<meta property=\"article:publisher\" content=\"https:\/\/www.facebook.com\/compuviper\" \/>\n<meta property=\"og:image\" content=\"https:\/\/compuviper.mx\/tienda\/wp-content\/uploads\/2023\/12\/Videoproyector-viewsonic-dlp-pa503wwxga3800-lumensvgahdmi10000-horastiro-normal.jpg\" \/>\n\t<meta property=\"og:image:width\" content=\"200\" \/>\n\t<meta property=\"og:image:height\" content=\"200\" \/>\n\t<meta property=\"og:image:type\" content=\"image\/jpeg\" \/>\n<meta name=\"twitter:card\" content=\"summary_large_image\" \/>\n<meta name=\"twitter:label1\" content=\"Precio\" \/>\n\t<meta name=\"twitter:data1\" content=\"&#36;7,122 con IVA\" \/>\n\t<meta name=\"twitter:label2\" content=\"Availability\" \/>\n\t<meta name=\"twitter:data2\" content=\"In stock\" \/>\n<script type=\"application\/ld+json\" class=\"yoast-schema-graph\">{\"@context\":\"https:\/\/schema.org\",\"@graph\":[{\"@type\":\"WebPage\",\"@id\":\"https:\/\/compuviper.mx\/tienda\/producto\/viewsonic-pa503w-2-videoproyector-dlp-pa503w-wxga-4000-lumens-vga-hdmi-10000-horas-tiro-normal\/\",\"url\":\"https:\/\/compuviper.mx\/tienda\/producto\/viewsonic-pa503w-2-videoproyector-dlp-pa503w-wxga-4000-lumens-vga-hdmi-10000-horas-tiro-normal\/\",\"name\":\"[ Viewsonic ] &#129351; Pa503w-2 Videoproyector Dlp Pa503w\/wxga\/ 4000 Lumens\/vga\/hdmi\/10000 Horas\/tiro Normal\",\"isPartOf\":{\"@id\":\"https:\/\/compuviper.mx\/tienda\/#website\"},\"datePublished\":\"2026-04-25T08:18:02+00:00\",\"dateModified\":\"2026-04-25T08:18:02+00:00\",\"description\":\"Compra Pa503w-2 Videoproyector Dlp Pa503w\/wxga\/ 4000 Lumens\/vga\/hdmi\/10000 Horas\/tiro Normal + Env\u00edo a domicilio + Pago seguro + Garant\u00eda\",\"breadcrumb\":{\"@id\":\"https:\/\/compuviper.mx\/tienda\/producto\/viewsonic-pa503w-2-videoproyector-dlp-pa503w-wxga-4000-lumens-vga-hdmi-10000-horas-tiro-normal\/#breadcrumb\"},\"inLanguage\":\"es-MX\",\"potentialAction\":[{\"@type\":\"ReadAction\",\"target\":[\"https:\/\/compuviper.mx\/tienda\/producto\/viewsonic-pa503w-2-videoproyector-dlp-pa503w-wxga-4000-lumens-vga-hdmi-10000-horas-tiro-normal\/\"]}]},{\"@type\":\"BreadcrumbList\",\"@id\":\"https:\/\/compuviper.mx\/tienda\/producto\/viewsonic-pa503w-2-videoproyector-dlp-pa503w-wxga-4000-lumens-vga-hdmi-10000-horas-tiro-normal\/#breadcrumb\",\"itemListElement\":[{\"@type\":\"ListItem\",\"position\":1,\"name\":\"Inicio\",\"item\":\"https:\/\/compuviper.mx\/tienda\/\"},{\"@type\":\"ListItem\",\"position\":2,\"name\":\"Productos\",\"item\":\"https:\/\/compuviper.mx\/tienda\/productos\/\"},{\"@type\":\"ListItem\",\"position\":3,\"name\":\"Videoproyector\",\"item\":\"https:\/\/compuviper.mx\/tienda\/categoria-producto\/videoproyector\/\"},{\"@type\":\"ListItem\",\"position\":4,\"name\":\"Basico\",\"item\":\"https:\/\/compuviper.mx\/tienda\/categoria-producto\/videoproyector\/basico-videoproyector\/\"},{\"@type\":\"ListItem\",\"position\":5,\"name\":\"Viewsonic Pa503w-2 Videoproyector Dlp Pa503w\/wxga\/ 4000 Lumens\/vga\/hdmi\/10000 Horas\/tiro Normal\"}]},{\"@type\":\"WebSite\",\"@id\":\"https:\/\/compuviper.mx\/tienda\/#website\",\"url\":\"https:\/\/compuviper.mx\/tienda\/\",\"name\":\"Compuviper\",\"description\":\"Proveedor de Computadoras, Laptops, Servidores, Monitores, Puntos de Venta, Teclados,   Impresoras, T\u00f3ner, C\u00e1maras de Seguridad y m\u00e1s en tu tienda en l\u00ednea\",\"publisher\":{\"@id\":\"https:\/\/compuviper.mx\/tienda\/#organization\"},\"potentialAction\":[{\"@type\":\"SearchAction\",\"target\":{\"@type\":\"EntryPoint\",\"urlTemplate\":\"https:\/\/compuviper.mx\/tienda\/?s={search_term_string}\"},\"query-input\":\"required name=search_term_string\"}],\"inLanguage\":\"es-MX\"},{\"@type\":\"Organization\",\"@id\":\"https:\/\/compuviper.mx\/tienda\/#organization\",\"name\":\"Compuviper\",\"url\":\"https:\/\/compuviper.mx\/tienda\/\",\"logo\":{\"@type\":\"ImageObject\",\"inLanguage\":\"es-MX\",\"@id\":\"https:\/\/compuviper.mx\/tienda\/#\/schema\/logo\/image\/\",\"url\":\"https:\/\/compuviper.mx\/tienda\/wp-content\/uploads\/2021\/08\/Logo-Compuviper-10.png\",\"contentUrl\":\"https:\/\/compuviper.mx\/tienda\/wp-content\/uploads\/2021\/08\/Logo-Compuviper-10.png\",\"width\":1000,\"height\":500,\"caption\":\"Compuviper\"},\"image\":{\"@id\":\"https:\/\/compuviper.mx\/tienda\/#\/schema\/logo\/image\/\"},\"sameAs\":[\"https:\/\/www.facebook.com\/compuviper\",\"https:\/\/www.youtube.com\/channel\/UCf73dERp9Y3cfOq7q8BhLjA?view_as=subscriber\"]}]}<\/script>\n<meta property=\"product:brand\" content=\"VIEWSONIC\" \/>\n<meta property=\"product:price:amount\" content=\"7122\" \/>\n<meta property=\"product:price:currency\" content=\"MXN\" \/>\n<meta property=\"og:availability\" content=\"instock\" \/>\n<meta property=\"product:availability\" content=\"instock\" \/>\n<meta property=\"product:retailer_item_id\" content=\"PA503W-2\" \/>\n<meta property=\"product:condition\" content=\"new\" \/>\n<!-- \/ Yoast SEO plugin. -->","yoast_head_json":{"title":"[ Viewsonic ] &#129351; Pa503w-2 Videoproyector Dlp Pa503w\/wxga\/ 4000 Lumens\/vga\/hdmi\/10000 Horas\/tiro Normal","description":"Compra Pa503w-2 Videoproyector Dlp Pa503w\/wxga\/ 4000 Lumens\/vga\/hdmi\/10000 Horas\/tiro Normal + Env\u00edo a domicilio + Pago seguro + Garant\u00eda","robots":{"index":"index","follow":"follow","max-snippet":"max-snippet:-1","max-image-preview":"max-image-preview:large","max-video-preview":"max-video-preview:-1"},"canonical":"https:\/\/compuviper.mx\/tienda\/producto\/viewsonic-pa503w-2-videoproyector-dlp-pa503w-wxga-4000-lumens-vga-hdmi-10000-horas-tiro-normal\/","og_locale":"es_MX","og_type":"article","og_title":"[ Viewsonic ] &#129351; Pa503w-2 Videoproyector Dlp Pa503w\/wxga\/ 4000 Lumens\/vga\/hdmi\/10000 Horas\/tiro Normal","og_description":"Compra Pa503w-2 Videoproyector Dlp Pa503w\/wxga\/ 4000 Lumens\/vga\/hdmi\/10000 Horas\/tiro Normal + Env\u00edo a domicilio + Pago seguro + Garant\u00eda","og_url":"https:\/\/compuviper.mx\/tienda\/producto\/viewsonic-pa503w-2-videoproyector-dlp-pa503w-wxga-4000-lumens-vga-hdmi-10000-horas-tiro-normal\/","og_site_name":"Compuviper","article_publisher":"https:\/\/www.facebook.com\/compuviper","og_image":[{"width":200,"height":200,"url":"https:\/\/compuviper.mx\/tienda\/wp-content\/uploads\/2023\/12\/Videoproyector-viewsonic-dlp-pa503wwxga3800-lumensvgahdmi10000-horastiro-normal.jpg","type":"image\/jpeg"}],"twitter_card":"summary_large_image","twitter_misc":{"Precio":"&#36;7,122 con IVA","Availability":"In stock"},"schema":{"@context":"https:\/\/schema.org","@graph":[{"@type":"WebPage","@id":"https:\/\/compuviper.mx\/tienda\/producto\/viewsonic-pa503w-2-videoproyector-dlp-pa503w-wxga-4000-lumens-vga-hdmi-10000-horas-tiro-normal\/","url":"https:\/\/compuviper.mx\/tienda\/producto\/viewsonic-pa503w-2-videoproyector-dlp-pa503w-wxga-4000-lumens-vga-hdmi-10000-horas-tiro-normal\/","name":"[ Viewsonic ] &#129351; Pa503w-2 Videoproyector Dlp Pa503w\/wxga\/ 4000 Lumens\/vga\/hdmi\/10000 Horas\/tiro Normal","isPartOf":{"@id":"https:\/\/compuviper.mx\/tienda\/#website"},"datePublished":"2026-04-25T08:18:02+00:00","dateModified":"2026-04-25T08:18:02+00:00","description":"Compra Pa503w-2 Videoproyector Dlp Pa503w\/wxga\/ 4000 Lumens\/vga\/hdmi\/10000 Horas\/tiro Normal + Env\u00edo a domicilio + Pago seguro + Garant\u00eda","breadcrumb":{"@id":"https:\/\/compuviper.mx\/tienda\/producto\/viewsonic-pa503w-2-videoproyector-dlp-pa503w-wxga-4000-lumens-vga-hdmi-10000-horas-tiro-normal\/#breadcrumb"},"inLanguage":"es-MX","potentialAction":[{"@type":"ReadAction","target":["https:\/\/compuviper.mx\/tienda\/producto\/viewsonic-pa503w-2-videoproyector-dlp-pa503w-wxga-4000-lumens-vga-hdmi-10000-horas-tiro-normal\/"]}]},{"@type":"BreadcrumbList","@id":"https:\/\/compuviper.mx\/tienda\/producto\/viewsonic-pa503w-2-videoproyector-dlp-pa503w-wxga-4000-lumens-vga-hdmi-10000-horas-tiro-normal\/#breadcrumb","itemListElement":[{"@type":"ListItem","position":1,"name":"Inicio","item":"https:\/\/compuviper.mx\/tienda\/"},{"@type":"ListItem","position":2,"name":"Productos","item":"https:\/\/compuviper.mx\/tienda\/productos\/"},{"@type":"ListItem","position":3,"name":"Videoproyector","item":"https:\/\/compuviper.mx\/tienda\/categoria-producto\/videoproyector\/"},{"@type":"ListItem","position":4,"name":"Basico","item":"https:\/\/compuviper.mx\/tienda\/categoria-producto\/videoproyector\/basico-videoproyector\/"},{"@type":"ListItem","position":5,"name":"Viewsonic Pa503w-2 Videoproyector Dlp Pa503w\/wxga\/ 4000 Lumens\/vga\/hdmi\/10000 Horas\/tiro Normal"}]},{"@type":"WebSite","@id":"https:\/\/compuviper.mx\/tienda\/#website","url":"https:\/\/compuviper.mx\/tienda\/","name":"Compuviper","description":"Proveedor de Computadoras, Laptops, Servidores, Monitores, Puntos de Venta, Teclados,   Impresoras, T\u00f3ner, C\u00e1maras de Seguridad y m\u00e1s en tu tienda en l\u00ednea","publisher":{"@id":"https:\/\/compuviper.mx\/tienda\/#organization"},"potentialAction":[{"@type":"SearchAction","target":{"@type":"EntryPoint","urlTemplate":"https:\/\/compuviper.mx\/tienda\/?s={search_term_string}"},"query-input":"required name=search_term_string"}],"inLanguage":"es-MX"},{"@type":"Organization","@id":"https:\/\/compuviper.mx\/tienda\/#organization","name":"Compuviper","url":"https:\/\/compuviper.mx\/tienda\/","logo":{"@type":"ImageObject","inLanguage":"es-MX","@id":"https:\/\/compuviper.mx\/tienda\/#\/schema\/logo\/image\/","url":"https:\/\/compuviper.mx\/tienda\/wp-content\/uploads\/2021\/08\/Logo-Compuviper-10.png","contentUrl":"https:\/\/compuviper.mx\/tienda\/wp-content\/uploads\/2021\/08\/Logo-Compuviper-10.png","width":1000,"height":500,"caption":"Compuviper"},"image":{"@id":"https:\/\/compuviper.mx\/tienda\/#\/schema\/logo\/image\/"},"sameAs":["https:\/\/www.facebook.com\/compuviper","https:\/\/www.youtube.com\/channel\/UCf73dERp9Y3cfOq7q8BhLjA?view_as=subscriber"]}]},"product_brand":"VIEWSONIC","product_price_amount":"7122","product_price_currency":"MXN","og_availability":"instock","product_availability":"instock","product_retailer_item_id":"PA503W-2","product_condition":"new"},"_links":{"self":[{"href":"https:\/\/compuviper.mx\/tienda\/wp-json\/wp\/v2\/product\/227458"}],"collection":[{"href":"https:\/\/compuviper.mx\/tienda\/wp-json\/wp\/v2\/product"}],"about":[{"href":"https:\/\/compuviper.mx\/tienda\/wp-json\/wp\/v2\/types\/product"}],"replies":[{"embeddable":true,"href":"https:\/\/compuviper.mx\/tienda\/wp-json\/wp\/v2\/comments?post=227458"}],"wp:featuredmedia":[{"embeddable":true,"href":"https:\/\/compuviper.mx\/tienda\/wp-json\/wp\/v2\/media\/227459"}],"wp:attachment":[{"href":"https:\/\/compuviper.mx\/tienda\/wp-json\/wp\/v2\/media?parent=227458"}],"wp:term":[{"taxonomy":"product_cat","embeddable":true,"href":"https:\/\/compuviper.mx\/tienda\/wp-json\/wp\/v2\/product_cat?post=227458"},{"taxonomy":"product_tag","embeddable":true,"href":"https:\/\/compuviper.mx\/tienda\/wp-json\/wp\/v2\/product_tag?post=227458"}],"curies":[{"name":"wp","href":"https:\/\/api.w.org\/{rel}","templated":true}]}}