{"id":227451,"date":"2026-04-25T02:17:20","date_gmt":"2026-04-25T08:17:20","guid":{"rendered":"https:\/\/compuviper.mx\/tienda\/producto\/viewsonic-ps502x-videoproyector-dlp-xga-1024x768-tiro-corto-4000-lumens-hdmi-x-2-vga-in-vga-out-usb-a-rs-232-12000-horas-bocina-interna\/"},"modified":"2026-04-25T02:17:20","modified_gmt":"2026-04-25T08:17:20","slug":"viewsonic-ps502x-2-videoproyector-dlp-ps502x-xga-1024x768-tiro-corto-4000-lumens-hdmi-x-2-vga-in-vga-out-usb-a-rs-232-12000-horas-bocina-interna","status":"publish","type":"product","link":"https:\/\/compuviper.mx\/tienda\/producto\/viewsonic-ps502x-2-videoproyector-dlp-ps502x-xga-1024x768-tiro-corto-4000-lumens-hdmi-x-2-vga-in-vga-out-usb-a-rs-232-12000-horas-bocina-interna\/","title":{"rendered":"Viewsonic Ps502x-2 Videoproyector  Dlp Ps502x Xga (1024&#215;768) \/tiro Corto \/4000 Lumens \/ Hdmi X 2\/ Vga In\/ Vga Out\/ Usb-a\/ Rs-232 \/ 12,000 Horas\/ Bocina Interna"},"content":{"rendered":"<table class=\"descripcion\">\n<tr>\n<td>Light source: dlp lamp<\/td>\n<\/tr>\n<tr>\n<td>Display resolution: xga (1024&#215;768)<\/td>\n<\/tr>\n<tr>\n<td>Display resolution: 1024 x 768<\/td>\n<\/tr>\n<tr>\n<td>Brightness (lumens): 4,000 ansi<\/td>\n<\/tr>\n<tr>\n<td>Screen size: 60 &#8211; 300 in. \/ 1.5 &#8211; 7.6 m<\/td>\n<\/tr>\n<tr>\n<td>Throw distance: 0.75m-3.76m (77 @0.96m)<\/td>\n<\/tr>\n<tr>\n<td>Throw ratio: 0.61<\/td>\n<\/tr>\n<tr>\n<td>Keystone: vertical (+\/- 19\u00ba)<\/td>\n<\/tr>\n<tr>\n<td>Lens: fixed zoom<\/td>\n<\/tr>\n<tr>\n<td>Light source (watt): 240<\/td>\n<\/tr>\n<tr>\n<td>Light source life, normal (hours): 4000<\/td>\n<\/tr>\n<tr>\n<td>Light source life, dynamic eco-mode (hours): 12000<\/td>\n<\/tr>\n<tr>\n<td>Color depth: 1.07b color (r\/g\/b 10bit)<\/td>\n<\/tr>\n<tr>\n<td>Dynamic contrast ratio: 15,000:1<\/td>\n<\/tr>\n<tr>\n<td>Aspect ratio: 4:3<\/td>\n<\/tr>\n<tr>\n<td>Input lag: 37ms<\/td>\n<\/tr>\n<tr>\n<td>Frequency horizontal: 15k-102khz<\/td>\n<\/tr>\n<tr>\n<td>Frequency vertical: 23-120hz<\/td>\n<\/tr>\n<tr>\n<td>Pc resolution (max): vga(640 x 480) to fullhd(1920 x 1080)<\/td>\n<\/tr>\n<tr>\n<td>Mac\u00ae resolution (max): 480i, 480p, 576i, 576p, 720p, 1080i, 1080p<\/td>\n<\/tr>\n<tr>\n<td>Usb 2.0 type a: 1<\/td>\n<\/tr>\n<tr>\n<td>3.5mm audio out: 1<\/td>\n<\/tr>\n<tr>\n<td>3.5mm audio in: 1<\/td>\n<\/tr>\n<tr>\n<td>Control (rs232): 1<\/td>\n<\/tr>\n<tr>\n<td>Hdmi 1.4 (with hdcp 1.4): 2<\/td>\n<\/tr>\n<tr>\n<td>Vga in: 1<\/td>\n<\/tr>\n<tr>\n<td>Vga out: 1<\/td>\n<\/tr>\n<tr>\n<td>Internal speakers: 16w (x1)<\/td>\n<\/tr>\n<tr>\n<td>Voltage: ac 100-240v (universal), 50-60hz<\/td>\n<\/tr>\n<tr>\n<td>Consumption (typical): 295w<\/td>\n<\/tr>\n<tr>\n<td>Stand-by:  0.5w<\/td>\n<\/tr>\n<tr>\n<td>Physical controls: keypad, power key<\/td>\n<\/tr>\n<tr>\n<td>On screen display: display, image, power management, basic, advanced, system, information (see user guide for full osd functionality)<\/td>\n<\/tr>\n<tr>\n<td>Temperature: 32-104\u00ba f (0 &#8211; 40\u00ba c)<\/td>\n<\/tr>\n<tr>\n<td>Kensington lock slot: 1<\/td>\n<\/tr>\n<tr>\n<td>Net (lbs): 6.3<\/td>\n<\/tr>\n<tr>\n<td>Gross (lbs): 9<\/td>\n<\/tr>\n<tr>\n<td>Net (kg): 2.87<\/td>\n<\/tr>\n<tr>\n<td>Gross (kg): 4.08<\/td>\n<\/tr>\n<tr>\n<td>Packaging (in.): 15.7 x 13.3 x 6.6<\/td>\n<\/tr>\n<tr>\n<td>Physical (in.): 12.2 x 9.2 x 4.5<\/td>\n<\/tr>\n<tr>\n<td>Packaging (mm): 400 x 337 x 168<\/td>\n<\/tr>\n<tr>\n<td>Physical (mm): 309 x 234 x 115<\/td>\n<\/tr>\n<\/table>\n","protected":false},"excerpt":{"rendered":"<p>Ponga sus presentaciones en la mejor luz con el proyector viewsonic ps502x xga tiro corto. Este proyector de alta luminosidad de ultima generacion combina una potente iluminacion de 4000 ansi  lumenes y xga para obtener imagenes asombrosas en una pantalla de 100 a solo 1.24 mts de distancia. Los puertos hdmi duales le permiten cambiar sin problemas entre diferentes dispositivos, mientras que un puerto usb tipo a le permite conectar dongles inalambricos directamente al proyector. Y con las sencillas actualizaciones de software usb, puede mantener su proyector actualizado sin esfuerzo con las funciones mas recientes. Ya sea que considere el ps502x como un proyector empresarial o educativo, este potente dispositivo es la herramienta de presentacion perfecta para cualquier entorno.<\/p>\n","protected":false},"featured_media":243660,"comment_status":"open","ping_status":"open","template":"","meta":[],"product_cat":[1843,1846],"product_tag":[1862],"acf":[],"yoast_head":"<!-- This site is optimized with the Yoast SEO plugin v21.7 - https:\/\/yoast.com\/wordpress\/plugins\/seo\/ -->\n<title>[ Viewsonic ] &#129351; Ps502x-2 Videoproyector Dlp Ps502x Xga (1024x768) \/tiro Corto \/4000 Lumens \/ Hdmi X 2\/ Vga In\/ Vga Out\/ Usb-a\/ Rs-232 \/ 12,000 Horas\/ Bocina Interna<\/title>\n<meta name=\"description\" content=\"Compra Ps502x-2 Videoproyector Dlp Ps502x Xga (1024x768) \/tiro Corto \/4000 Lumens \/ Hdmi X 2\/ Vga In\/ Vga Out\/ Usb-a\/ Rs-232 \/ 12,000 Horas\/ Bocina Interna + Env\u00edo a domicilio + Pago seguro + Garant\u00eda\" \/>\n<meta name=\"robots\" content=\"index, follow, max-snippet:-1, max-image-preview:large, max-video-preview:-1\" \/>\n<link rel=\"canonical\" href=\"https:\/\/compuviper.mx\/tienda\/producto\/viewsonic-ps502x-2-videoproyector-dlp-ps502x-xga-1024x768-tiro-corto-4000-lumens-hdmi-x-2-vga-in-vga-out-usb-a-rs-232-12000-horas-bocina-interna\/\" \/>\n<meta property=\"og:locale\" content=\"es_MX\" \/>\n<meta property=\"og:type\" content=\"article\" \/>\n<meta property=\"og:title\" content=\"[ Viewsonic ] &#129351; Ps502x-2 Videoproyector Dlp Ps502x Xga (1024x768) \/tiro Corto \/4000 Lumens \/ Hdmi X 2\/ Vga In\/ Vga Out\/ Usb-a\/ Rs-232 \/ 12,000 Horas\/ Bocina Interna\" \/>\n<meta property=\"og:description\" content=\"Compra Ps502x-2 Videoproyector Dlp Ps502x Xga (1024x768) \/tiro Corto \/4000 Lumens \/ Hdmi X 2\/ Vga In\/ Vga Out\/ Usb-a\/ Rs-232 \/ 12,000 Horas\/ Bocina Interna + Env\u00edo a domicilio + Pago seguro + Garant\u00eda\" \/>\n<meta property=\"og:url\" content=\"https:\/\/compuviper.mx\/tienda\/producto\/viewsonic-ps502x-2-videoproyector-dlp-ps502x-xga-1024x768-tiro-corto-4000-lumens-hdmi-x-2-vga-in-vga-out-usb-a-rs-232-12000-horas-bocina-interna\/\" \/>\n<meta property=\"og:site_name\" content=\"Compuviper\" \/>\n<meta property=\"article:publisher\" content=\"https:\/\/www.facebook.com\/compuviper\" \/>\n<meta property=\"og:image\" content=\"https:\/\/compuviper.mx\/tienda\/wp-content\/uploads\/2024\/09\/Videoproyector-viewsonic-dlp-ps502x-xga-1024x768-tiro-corto-4000-lumens-hdmi-x-2-vga-in-vga-out-usb-a-rs-232-12000-horas-bocina-interna.jpg\" \/>\n\t<meta property=\"og:image:width\" content=\"200\" \/>\n\t<meta property=\"og:image:height\" content=\"200\" \/>\n\t<meta property=\"og:image:type\" content=\"image\/jpeg\" \/>\n<meta name=\"twitter:card\" content=\"summary_large_image\" \/>\n<meta name=\"twitter:label1\" content=\"Precio\" \/>\n\t<meta name=\"twitter:data1\" content=\"&#36;8,880 con IVA\" \/>\n\t<meta name=\"twitter:label2\" content=\"Availability\" \/>\n\t<meta name=\"twitter:data2\" content=\"Out of stock\" \/>\n<script type=\"application\/ld+json\" class=\"yoast-schema-graph\">{\"@context\":\"https:\/\/schema.org\",\"@graph\":[{\"@type\":\"WebPage\",\"@id\":\"https:\/\/compuviper.mx\/tienda\/producto\/viewsonic-ps502x-2-videoproyector-dlp-ps502x-xga-1024x768-tiro-corto-4000-lumens-hdmi-x-2-vga-in-vga-out-usb-a-rs-232-12000-horas-bocina-interna\/\",\"url\":\"https:\/\/compuviper.mx\/tienda\/producto\/viewsonic-ps502x-2-videoproyector-dlp-ps502x-xga-1024x768-tiro-corto-4000-lumens-hdmi-x-2-vga-in-vga-out-usb-a-rs-232-12000-horas-bocina-interna\/\",\"name\":\"[ Viewsonic ] &#129351; Ps502x-2 Videoproyector Dlp Ps502x Xga (1024x768) \/tiro Corto \/4000 Lumens \/ Hdmi X 2\/ Vga In\/ Vga Out\/ Usb-a\/ Rs-232 \/ 12,000 Horas\/ Bocina Interna\",\"isPartOf\":{\"@id\":\"https:\/\/compuviper.mx\/tienda\/#website\"},\"datePublished\":\"2026-04-25T08:17:20+00:00\",\"dateModified\":\"2026-04-25T08:17:20+00:00\",\"description\":\"Compra Ps502x-2 Videoproyector Dlp Ps502x Xga (1024x768) \/tiro Corto \/4000 Lumens \/ Hdmi X 2\/ Vga In\/ Vga Out\/ Usb-a\/ Rs-232 \/ 12,000 Horas\/ Bocina Interna + Env\u00edo a domicilio + Pago seguro + Garant\u00eda\",\"breadcrumb\":{\"@id\":\"https:\/\/compuviper.mx\/tienda\/producto\/viewsonic-ps502x-2-videoproyector-dlp-ps502x-xga-1024x768-tiro-corto-4000-lumens-hdmi-x-2-vga-in-vga-out-usb-a-rs-232-12000-horas-bocina-interna\/#breadcrumb\"},\"inLanguage\":\"es-MX\",\"potentialAction\":[{\"@type\":\"ReadAction\",\"target\":[\"https:\/\/compuviper.mx\/tienda\/producto\/viewsonic-ps502x-2-videoproyector-dlp-ps502x-xga-1024x768-tiro-corto-4000-lumens-hdmi-x-2-vga-in-vga-out-usb-a-rs-232-12000-horas-bocina-interna\/\"]}]},{\"@type\":\"BreadcrumbList\",\"@id\":\"https:\/\/compuviper.mx\/tienda\/producto\/viewsonic-ps502x-2-videoproyector-dlp-ps502x-xga-1024x768-tiro-corto-4000-lumens-hdmi-x-2-vga-in-vga-out-usb-a-rs-232-12000-horas-bocina-interna\/#breadcrumb\",\"itemListElement\":[{\"@type\":\"ListItem\",\"position\":1,\"name\":\"Inicio\",\"item\":\"https:\/\/compuviper.mx\/tienda\/\"},{\"@type\":\"ListItem\",\"position\":2,\"name\":\"Productos\",\"item\":\"https:\/\/compuviper.mx\/tienda\/productos\/\"},{\"@type\":\"ListItem\",\"position\":3,\"name\":\"Videoproyector\",\"item\":\"https:\/\/compuviper.mx\/tienda\/categoria-producto\/videoproyector\/\"},{\"@type\":\"ListItem\",\"position\":4,\"name\":\"Profesional\",\"item\":\"https:\/\/compuviper.mx\/tienda\/categoria-producto\/videoproyector\/profesional\/\"},{\"@type\":\"ListItem\",\"position\":5,\"name\":\"Viewsonic Ps502x-2 Videoproyector Dlp Ps502x Xga (1024&#215;768) \/tiro Corto \/4000 Lumens \/ Hdmi X 2\/ Vga In\/ Vga Out\/ Usb-a\/ Rs-232 \/ 12,000 Horas\/ Bocina Interna\"}]},{\"@type\":\"WebSite\",\"@id\":\"https:\/\/compuviper.mx\/tienda\/#website\",\"url\":\"https:\/\/compuviper.mx\/tienda\/\",\"name\":\"Compuviper\",\"description\":\"Proveedor de Computadoras, Laptops, Servidores, Monitores, Puntos de Venta, Teclados,   Impresoras, T\u00f3ner, C\u00e1maras de Seguridad y m\u00e1s en tu tienda en l\u00ednea\",\"publisher\":{\"@id\":\"https:\/\/compuviper.mx\/tienda\/#organization\"},\"potentialAction\":[{\"@type\":\"SearchAction\",\"target\":{\"@type\":\"EntryPoint\",\"urlTemplate\":\"https:\/\/compuviper.mx\/tienda\/?s={search_term_string}\"},\"query-input\":\"required name=search_term_string\"}],\"inLanguage\":\"es-MX\"},{\"@type\":\"Organization\",\"@id\":\"https:\/\/compuviper.mx\/tienda\/#organization\",\"name\":\"Compuviper\",\"url\":\"https:\/\/compuviper.mx\/tienda\/\",\"logo\":{\"@type\":\"ImageObject\",\"inLanguage\":\"es-MX\",\"@id\":\"https:\/\/compuviper.mx\/tienda\/#\/schema\/logo\/image\/\",\"url\":\"https:\/\/compuviper.mx\/tienda\/wp-content\/uploads\/2021\/08\/Logo-Compuviper-10.png\",\"contentUrl\":\"https:\/\/compuviper.mx\/tienda\/wp-content\/uploads\/2021\/08\/Logo-Compuviper-10.png\",\"width\":1000,\"height\":500,\"caption\":\"Compuviper\"},\"image\":{\"@id\":\"https:\/\/compuviper.mx\/tienda\/#\/schema\/logo\/image\/\"},\"sameAs\":[\"https:\/\/www.facebook.com\/compuviper\",\"https:\/\/www.youtube.com\/channel\/UCf73dERp9Y3cfOq7q8BhLjA?view_as=subscriber\"]}]}<\/script>\n<meta property=\"product:brand\" content=\"VIEWSONIC\" \/>\n<meta property=\"product:price:amount\" content=\"8880\" \/>\n<meta property=\"product:price:currency\" content=\"MXN\" \/>\n<meta property=\"og:availability\" content=\"out of stock\" \/>\n<meta property=\"product:availability\" content=\"out of stock\" \/>\n<meta property=\"product:retailer_item_id\" content=\"PS502X-2\" \/>\n<meta property=\"product:condition\" content=\"new\" \/>\n<!-- \/ Yoast SEO plugin. -->","yoast_head_json":{"title":"[ Viewsonic ] &#129351; Ps502x-2 Videoproyector Dlp Ps502x Xga (1024x768) \/tiro Corto \/4000 Lumens \/ Hdmi X 2\/ Vga In\/ Vga Out\/ Usb-a\/ Rs-232 \/ 12,000 Horas\/ Bocina Interna","description":"Compra Ps502x-2 Videoproyector Dlp Ps502x Xga (1024x768) \/tiro Corto \/4000 Lumens \/ Hdmi X 2\/ Vga In\/ Vga Out\/ Usb-a\/ Rs-232 \/ 12,000 Horas\/ Bocina Interna + Env\u00edo a domicilio + Pago seguro + Garant\u00eda","robots":{"index":"index","follow":"follow","max-snippet":"max-snippet:-1","max-image-preview":"max-image-preview:large","max-video-preview":"max-video-preview:-1"},"canonical":"https:\/\/compuviper.mx\/tienda\/producto\/viewsonic-ps502x-2-videoproyector-dlp-ps502x-xga-1024x768-tiro-corto-4000-lumens-hdmi-x-2-vga-in-vga-out-usb-a-rs-232-12000-horas-bocina-interna\/","og_locale":"es_MX","og_type":"article","og_title":"[ Viewsonic ] &#129351; Ps502x-2 Videoproyector Dlp Ps502x Xga (1024x768) \/tiro Corto \/4000 Lumens \/ Hdmi X 2\/ Vga In\/ Vga Out\/ Usb-a\/ Rs-232 \/ 12,000 Horas\/ Bocina Interna","og_description":"Compra Ps502x-2 Videoproyector Dlp Ps502x Xga (1024x768) \/tiro Corto \/4000 Lumens \/ Hdmi X 2\/ Vga In\/ Vga Out\/ Usb-a\/ Rs-232 \/ 12,000 Horas\/ Bocina Interna + Env\u00edo a domicilio + Pago seguro + Garant\u00eda","og_url":"https:\/\/compuviper.mx\/tienda\/producto\/viewsonic-ps502x-2-videoproyector-dlp-ps502x-xga-1024x768-tiro-corto-4000-lumens-hdmi-x-2-vga-in-vga-out-usb-a-rs-232-12000-horas-bocina-interna\/","og_site_name":"Compuviper","article_publisher":"https:\/\/www.facebook.com\/compuviper","og_image":[{"width":200,"height":200,"url":"https:\/\/compuviper.mx\/tienda\/wp-content\/uploads\/2024\/09\/Videoproyector-viewsonic-dlp-ps502x-xga-1024x768-tiro-corto-4000-lumens-hdmi-x-2-vga-in-vga-out-usb-a-rs-232-12000-horas-bocina-interna.jpg","type":"image\/jpeg"}],"twitter_card":"summary_large_image","twitter_misc":{"Precio":"&#36;8,880 con IVA","Availability":"Out of stock"},"schema":{"@context":"https:\/\/schema.org","@graph":[{"@type":"WebPage","@id":"https:\/\/compuviper.mx\/tienda\/producto\/viewsonic-ps502x-2-videoproyector-dlp-ps502x-xga-1024x768-tiro-corto-4000-lumens-hdmi-x-2-vga-in-vga-out-usb-a-rs-232-12000-horas-bocina-interna\/","url":"https:\/\/compuviper.mx\/tienda\/producto\/viewsonic-ps502x-2-videoproyector-dlp-ps502x-xga-1024x768-tiro-corto-4000-lumens-hdmi-x-2-vga-in-vga-out-usb-a-rs-232-12000-horas-bocina-interna\/","name":"[ Viewsonic ] &#129351; Ps502x-2 Videoproyector Dlp Ps502x Xga (1024x768) \/tiro Corto \/4000 Lumens \/ Hdmi X 2\/ Vga In\/ Vga Out\/ Usb-a\/ Rs-232 \/ 12,000 Horas\/ Bocina Interna","isPartOf":{"@id":"https:\/\/compuviper.mx\/tienda\/#website"},"datePublished":"2026-04-25T08:17:20+00:00","dateModified":"2026-04-25T08:17:20+00:00","description":"Compra Ps502x-2 Videoproyector Dlp Ps502x Xga (1024x768) \/tiro Corto \/4000 Lumens \/ Hdmi X 2\/ Vga In\/ Vga Out\/ Usb-a\/ Rs-232 \/ 12,000 Horas\/ Bocina Interna + Env\u00edo a domicilio + Pago seguro + Garant\u00eda","breadcrumb":{"@id":"https:\/\/compuviper.mx\/tienda\/producto\/viewsonic-ps502x-2-videoproyector-dlp-ps502x-xga-1024x768-tiro-corto-4000-lumens-hdmi-x-2-vga-in-vga-out-usb-a-rs-232-12000-horas-bocina-interna\/#breadcrumb"},"inLanguage":"es-MX","potentialAction":[{"@type":"ReadAction","target":["https:\/\/compuviper.mx\/tienda\/producto\/viewsonic-ps502x-2-videoproyector-dlp-ps502x-xga-1024x768-tiro-corto-4000-lumens-hdmi-x-2-vga-in-vga-out-usb-a-rs-232-12000-horas-bocina-interna\/"]}]},{"@type":"BreadcrumbList","@id":"https:\/\/compuviper.mx\/tienda\/producto\/viewsonic-ps502x-2-videoproyector-dlp-ps502x-xga-1024x768-tiro-corto-4000-lumens-hdmi-x-2-vga-in-vga-out-usb-a-rs-232-12000-horas-bocina-interna\/#breadcrumb","itemListElement":[{"@type":"ListItem","position":1,"name":"Inicio","item":"https:\/\/compuviper.mx\/tienda\/"},{"@type":"ListItem","position":2,"name":"Productos","item":"https:\/\/compuviper.mx\/tienda\/productos\/"},{"@type":"ListItem","position":3,"name":"Videoproyector","item":"https:\/\/compuviper.mx\/tienda\/categoria-producto\/videoproyector\/"},{"@type":"ListItem","position":4,"name":"Profesional","item":"https:\/\/compuviper.mx\/tienda\/categoria-producto\/videoproyector\/profesional\/"},{"@type":"ListItem","position":5,"name":"Viewsonic Ps502x-2 Videoproyector Dlp Ps502x Xga (1024&#215;768) \/tiro Corto \/4000 Lumens \/ Hdmi X 2\/ Vga In\/ Vga Out\/ Usb-a\/ Rs-232 \/ 12,000 Horas\/ Bocina Interna"}]},{"@type":"WebSite","@id":"https:\/\/compuviper.mx\/tienda\/#website","url":"https:\/\/compuviper.mx\/tienda\/","name":"Compuviper","description":"Proveedor de Computadoras, Laptops, Servidores, Monitores, Puntos de Venta, Teclados,   Impresoras, T\u00f3ner, C\u00e1maras de Seguridad y m\u00e1s en tu tienda en l\u00ednea","publisher":{"@id":"https:\/\/compuviper.mx\/tienda\/#organization"},"potentialAction":[{"@type":"SearchAction","target":{"@type":"EntryPoint","urlTemplate":"https:\/\/compuviper.mx\/tienda\/?s={search_term_string}"},"query-input":"required name=search_term_string"}],"inLanguage":"es-MX"},{"@type":"Organization","@id":"https:\/\/compuviper.mx\/tienda\/#organization","name":"Compuviper","url":"https:\/\/compuviper.mx\/tienda\/","logo":{"@type":"ImageObject","inLanguage":"es-MX","@id":"https:\/\/compuviper.mx\/tienda\/#\/schema\/logo\/image\/","url":"https:\/\/compuviper.mx\/tienda\/wp-content\/uploads\/2021\/08\/Logo-Compuviper-10.png","contentUrl":"https:\/\/compuviper.mx\/tienda\/wp-content\/uploads\/2021\/08\/Logo-Compuviper-10.png","width":1000,"height":500,"caption":"Compuviper"},"image":{"@id":"https:\/\/compuviper.mx\/tienda\/#\/schema\/logo\/image\/"},"sameAs":["https:\/\/www.facebook.com\/compuviper","https:\/\/www.youtube.com\/channel\/UCf73dERp9Y3cfOq7q8BhLjA?view_as=subscriber"]}]},"product_brand":"VIEWSONIC","product_price_amount":"8880","product_price_currency":"MXN","og_availability":"out of stock","product_availability":"out of stock","product_retailer_item_id":"PS502X-2","product_condition":"new"},"_links":{"self":[{"href":"https:\/\/compuviper.mx\/tienda\/wp-json\/wp\/v2\/product\/227451"}],"collection":[{"href":"https:\/\/compuviper.mx\/tienda\/wp-json\/wp\/v2\/product"}],"about":[{"href":"https:\/\/compuviper.mx\/tienda\/wp-json\/wp\/v2\/types\/product"}],"replies":[{"embeddable":true,"href":"https:\/\/compuviper.mx\/tienda\/wp-json\/wp\/v2\/comments?post=227451"}],"wp:featuredmedia":[{"embeddable":true,"href":"https:\/\/compuviper.mx\/tienda\/wp-json\/wp\/v2\/media\/243660"}],"wp:attachment":[{"href":"https:\/\/compuviper.mx\/tienda\/wp-json\/wp\/v2\/media?parent=227451"}],"wp:term":[{"taxonomy":"product_cat","embeddable":true,"href":"https:\/\/compuviper.mx\/tienda\/wp-json\/wp\/v2\/product_cat?post=227451"},{"taxonomy":"product_tag","embeddable":true,"href":"https:\/\/compuviper.mx\/tienda\/wp-json\/wp\/v2\/product_tag?post=227451"}],"curies":[{"name":"wp","href":"https:\/\/api.w.org\/{rel}","templated":true}]}}