{"id":227427,"date":"2026-04-02T02:27:35","date_gmt":"2026-04-02T08:27:35","guid":{"rendered":"https:\/\/compuviper.mx\/tienda\/producto\/epson-v11ha75020-videoproyector-powerlite-eb-l210sf-3lcd-full-hd-4000-lumenes-red-usb-hdmi-laser-wifi-miracast-tiro-corto\/"},"modified":"2026-04-02T02:27:36","modified_gmt":"2026-04-02T08:27:36","slug":"epson-v11ha75020-videoproyector-powerlite-eb-l210sf-3lcd-full-hd-4000-lumenes-red-usb-hdmi-laser-wifi-miracast-tiro-corto","status":"publish","type":"product","link":"https:\/\/compuviper.mx\/tienda\/producto\/epson-v11ha75020-videoproyector-powerlite-eb-l210sf-3lcd-full-hd-4000-lumenes-red-usb-hdmi-laser-wifi-miracast-tiro-corto\/","title":{"rendered":"Epson V11ha75020 Videoproyector  Powerlite Eb-l210sf, 3lcd, Full Hd, 4000 Lumenes, Red, Usb, Hdmi, Laser, Wifi Miracast, Tiro Corto"},"content":{"rendered":"<table class=\"descripcion\">\n<tr>\n<td>Especificaciones tecnicas<\/td>\n<\/tr>\n<tr>\n<td>*sistema de proyeccion: tecnologia epson 3lcd de 3 chips<\/td>\n<\/tr>\n<tr>\n<td>*modo de proyeccion: frontal\/trasera\/montaje techo<\/td>\n<\/tr>\n<tr>\n<td>*pantalla lcd: 0, 62-inch (c2 fine)<\/td>\n<\/tr>\n<tr>\n<td>*metodo de proyeccion: poly-silicon tft active matrix<\/td>\n<\/tr>\n<tr>\n<td>*numero de pixeles: 2.073.600 pixeles (1920 x 1080) x3<\/td>\n<\/tr>\n<tr>\n<td>*resolucion nativa: full hd<\/td>\n<\/tr>\n<tr>\n<td>*relacion de aspecto: 16:9<\/td>\n<\/tr>\n<tr>\n<td>*luminosidad del color2: 4.000 lumenes<\/td>\n<\/tr>\n<tr>\n<td>*luminosidad del blanco2: 4.000 lumenes<\/td>\n<\/tr>\n<tr>\n<td>*relacion de contraste: hasta 2.500.000:1<\/td>\n<\/tr>\n<tr>\n<td>*reproduccion del color: hasta 1 billon de colores<\/td>\n<\/tr>\n<tr>\n<td>*parlante: monoaural: 16w x 1<\/td>\n<\/tr>\n<tr>\n<td>*ruido del ventilador: 26 db \/ 37 db<\/td>\n<\/tr>\n<tr>\n<td>Lente de proyeccion<\/td>\n<\/tr>\n<tr>\n<td>*tipo: no optical zoom \/ focus (manual)<\/td>\n<\/tr>\n<tr>\n<td>*numero f: 1,6<\/td>\n<\/tr>\n<tr>\n<td>*distancia focal: 6,4 mm<\/td>\n<\/tr>\n<tr>\n<td>*relacion de zoom: 1 \u0096 1,35 (digital zoom)<\/td>\n<\/tr>\n<tr>\n<td>*relacion de tiro: 0,45 \u0096 0,61<\/td>\n<\/tr>\n<tr>\n<td>* tama\u00f1o de la imagen: 55\u0094-125\u0094 (54 cm a 127 cm)<\/td>\n<\/tr>\n<tr>\n<td>*distancia de proyeccion para imagen estandar: 90\u0094 0,91 cm<\/td>\n<\/tr>\n<tr>\n<td>*correccion de keystone: +\/-15 grados a +\/-15 grados<\/td>\n<\/tr>\n<tr>\n<td>*quick corner: si<\/td>\n<\/tr>\n<tr>\n<td>General<\/td>\n<\/tr>\n<tr>\n<td>*temperatura de operacion: 0 \u00b0c a 40 \u00b0c (32 \u00b0f a 104 \u00b0f)<\/td>\n<\/tr>\n<tr>\n<td>*dimensiones: 325 mm x 90 mm x 337 mm (ancho x alto x profundidad)<\/td>\n<\/tr>\n<tr>\n<td>*peso: 4,6 kg<\/td>\n<\/tr>\n<tr>\n<td>*seguridad: kensington lock, traba de seguridad<\/td>\n<\/tr>\n<tr>\n<td>Garant\u00eda<\/td>\n<\/tr>\n<tr>\n<td>*3 a\u00f1os limitada con registro<\/td>\n<\/tr>\n<tr>\n<td>Conectividad del videoproyector<\/td>\n<\/tr>\n<tr>\n<td>*entrada computadora: x1 d-sub15 pin<\/td>\n<\/tr>\n<tr>\n<td>*rca video in: amarillo x 1<\/td>\n<\/tr>\n<tr>\n<td>*hdmi: x1<\/td>\n<\/tr>\n<tr>\n<td>*salida computadora: x1<\/td>\n<\/tr>\n<tr>\n<td>*entrada audio rca: blanco x 1, rojo x 1<\/td>\n<\/tr>\n<tr>\n<td>*stereo mini-entrada: x1<\/td>\n<\/tr>\n<tr>\n<td>*stereo mini-salida: x1<\/td>\n<\/tr>\n<tr>\n<td>*microfono entrada: x1<\/td>\n<\/tr>\n<tr>\n<td>*rs-232c: x1<\/td>\n<\/tr>\n<tr>\n<td>*usb tipo a (para modulo inalambrico): x 1<\/td>\n<\/tr>\n<tr>\n<td>*usb tipo b: x 1<\/td>\n<\/tr>\n<tr>\n<td>*rj45: x1<\/td>\n<\/tr>\n<tr>\n<td>*modulo inalambrico: wifi miracast<\/td>\n<\/tr>\n<tr>\n<td>Energia<\/td>\n<\/tr>\n<tr>\n<td>*voltaje de fuente de poder: 100 &#8211; 240 v ac +\/- 10%, 50hz\/60 hz<\/td>\n<\/tr>\n<tr>\n<td>*tipo de fuente de iluminacion: laser diodo<\/td>\n<\/tr>\n<tr>\n<td>*vida util de la lampara: 20000 horas (normal), 30.000 horas (extendido)<\/td>\n<\/tr>\n<tr>\n<td>*consumo de energia: 100v-120v: 260 (normal) \u0096 191 (eco)<\/td>\n<\/tr>\n<tr>\n<td>220v-240v: 254 (normal) &#8211; 193 (ext)<\/td>\n<\/tr>\n<tr>\n<td>Contenido en la caja<\/td>\n<\/tr>\n<tr>\n<td>*proyector: incluido<\/td>\n<\/tr>\n<tr>\n<td>*control remoto: incluido<\/td>\n<\/tr>\n<tr>\n<td>*baterias control remoto\u00a8aa x2<\/td>\n<\/tr>\n<tr>\n<td>*cable corriente: 1,8 m<\/td>\n<\/tr>\n<\/table>\n","protected":false},"excerpt":{"rendered":"<p>Nuevo videoproyector epson powerlite eb-l210sf de tiro corto con resolucion full hd para presentaciones cortas ofreciendo im\u00e1genes faciles de leer con una claridad sorprendente. Especificaciones tecnicas. *sistema de proyeccion: tecnologia epson 3lcd de 3 chips. *modo de proyeccion: frontal\/trasera\/montaje techo. *pantalla lcd: 0, 62-inch (c2 fine. *metodo de proyeccion: poly-silicon tft active matrix. *numero de pixeles: 2.073.600 pixeles (1920 x 1080) x3. *resolucion nativa: full hd. *relacion de aspecto: 16:9. *luminosidad del color2: 4.000 lumenes. *luminosidad del blanco2: 4.000 lumenes. *relacion de contraste: hasta 2.500.000:1. *reproduccion del color: hasta 1 billon de colores. *parlante: monoaural: 16w x 1. *ruido del ventilador: 26 db \/ 37 db. Lente de proyeccion. *tipo: no optical zoom \/ focus (manual. *numero f: 1,6. *distancia focal: 6,4 mm. *relacion de zoom: 1 \u0096 1,35 (digital zoom. *relacion de tiro: 0,45 \u0096 0,61. * tama\u00f1o de la imagen: 55\u0094-125\u0094 (54 cm a 127 cm. *distancia de proyeccion para imagen estandar: 90\u0094 0,91 cm. *correccion de keystone: +\/-15 grados a +\/-15 grados. *quick corner: si. General. *temperatura de operacion: 0 \u00b0c a 40 \u00b0c (32 \u00b0f a 104 \u00b0f. *dimensiones: 325 mm x 90 mm x 337 mm (ancho x alto x profundidad. *peso: 4,6 kg. *seguridad: kensington lock, traba de seguridad. Garant\u00eda. *3 a\u00f1os limitada con registro. Conectividad del videoproyector. *entrada computadora: x1 d-sub15 pin. *rca video in: amarillo x 1. *hdmi: x1. *salida computadora: x1. *entrada audio rca: blanco x 1, rojo x 1. *stereo mini-entrada: x1. *stereo mini-salida: x1. *microfono entrada: x1. *rs-232c: x1. *usb tipo a (para modulo inalambrico): x 1. *usb tipo b: x 1. *rj45: x1. *modulo inalambrico: wifi miracast. Energia. *voltaje de fuente de poder: 100 &#8211; 240 v ac +\/- 10%, 50hz\/60 hz. *tipo de fuente de iluminacion: laser diodo. *vida util de la lampara: 20000 horas (normal), 30.000 horas (extendido. *consumo de energia: 100v-120v: 260 (normal) \u0096 191 (eco. 220v-240v: 254 (normal) &#8211; 193 (ext. Contenido en la caja. *proyector: incluido. *control remoto: incluido. *baterias control remoto\u00a8aa x2. *cable corriente: 1,8 m<\/p>\n","protected":false},"featured_media":227428,"comment_status":"open","ping_status":"open","template":"","meta":[],"product_cat":[1844,1843],"product_tag":[1624],"acf":[],"yoast_head":"<!-- This site is optimized with the Yoast SEO plugin v21.7 - https:\/\/yoast.com\/wordpress\/plugins\/seo\/ -->\n<title>[ Epson ] &#129351; V11ha75020 Videoproyector Powerlite Eb-l210sf, 3lcd, Full Hd, 4000 Lumenes, Red, Usb, Hdmi, Laser, Wifi Miracast, Tiro Corto<\/title>\n<meta name=\"description\" content=\"Compra V11ha75020 Videoproyector Powerlite Eb-l210sf, 3lcd, Full Hd, 4000 Lumenes, Red, Usb, Hdmi, Laser, Wifi Miracast, Tiro Corto + Env\u00edo a domicilio + Pago seguro + Garant\u00eda\" \/>\n<meta name=\"robots\" content=\"index, follow, max-snippet:-1, max-image-preview:large, max-video-preview:-1\" \/>\n<link rel=\"canonical\" href=\"https:\/\/compuviper.mx\/tienda\/producto\/epson-v11ha75020-videoproyector-powerlite-eb-l210sf-3lcd-full-hd-4000-lumenes-red-usb-hdmi-laser-wifi-miracast-tiro-corto\/\" \/>\n<meta property=\"og:locale\" content=\"es_MX\" \/>\n<meta property=\"og:type\" content=\"article\" \/>\n<meta property=\"og:title\" content=\"[ Epson ] &#129351; V11ha75020 Videoproyector Powerlite Eb-l210sf, 3lcd, Full Hd, 4000 Lumenes, Red, Usb, Hdmi, Laser, Wifi Miracast, Tiro Corto\" \/>\n<meta property=\"og:description\" content=\"Compra V11ha75020 Videoproyector Powerlite Eb-l210sf, 3lcd, Full Hd, 4000 Lumenes, Red, Usb, Hdmi, Laser, Wifi Miracast, Tiro Corto + Env\u00edo a domicilio + Pago seguro + Garant\u00eda\" \/>\n<meta property=\"og:url\" content=\"https:\/\/compuviper.mx\/tienda\/producto\/epson-v11ha75020-videoproyector-powerlite-eb-l210sf-3lcd-full-hd-4000-lumenes-red-usb-hdmi-laser-wifi-miracast-tiro-corto\/\" \/>\n<meta property=\"og:site_name\" content=\"Compuviper\" \/>\n<meta property=\"article:publisher\" content=\"https:\/\/www.facebook.com\/compuviper\" \/>\n<meta property=\"article:modified_time\" content=\"2026-04-02T08:27:36+00:00\" \/>\n<meta property=\"og:image\" content=\"https:\/\/compuviper.mx\/tienda\/wp-content\/uploads\/2023\/12\/Videoproyector-epson-powerlite-eb-l210sf-3lcd-full-hd-4000-lumenes-red-usb-hdmi-laser-wifi-miracast-tiro-corto.jpg\" \/>\n\t<meta property=\"og:image:width\" content=\"200\" \/>\n\t<meta property=\"og:image:height\" content=\"200\" \/>\n\t<meta property=\"og:image:type\" content=\"image\/jpeg\" \/>\n<meta name=\"twitter:card\" content=\"summary_large_image\" \/>\n<meta name=\"twitter:label1\" content=\"Precio\" \/>\n\t<meta name=\"twitter:data1\" content=\"&#36;32,883 con IVA\" \/>\n\t<meta name=\"twitter:label2\" content=\"Availability\" \/>\n\t<meta name=\"twitter:data2\" content=\"Out of stock\" \/>\n<script type=\"application\/ld+json\" class=\"yoast-schema-graph\">{\"@context\":\"https:\/\/schema.org\",\"@graph\":[{\"@type\":\"WebPage\",\"@id\":\"https:\/\/compuviper.mx\/tienda\/producto\/epson-v11ha75020-videoproyector-powerlite-eb-l210sf-3lcd-full-hd-4000-lumenes-red-usb-hdmi-laser-wifi-miracast-tiro-corto\/\",\"url\":\"https:\/\/compuviper.mx\/tienda\/producto\/epson-v11ha75020-videoproyector-powerlite-eb-l210sf-3lcd-full-hd-4000-lumenes-red-usb-hdmi-laser-wifi-miracast-tiro-corto\/\",\"name\":\"[ Epson ] &#129351; V11ha75020 Videoproyector Powerlite Eb-l210sf, 3lcd, Full Hd, 4000 Lumenes, Red, Usb, Hdmi, Laser, Wifi Miracast, Tiro Corto\",\"isPartOf\":{\"@id\":\"https:\/\/compuviper.mx\/tienda\/#website\"},\"datePublished\":\"2026-04-02T08:27:35+00:00\",\"dateModified\":\"2026-04-02T08:27:36+00:00\",\"description\":\"Compra V11ha75020 Videoproyector Powerlite Eb-l210sf, 3lcd, Full Hd, 4000 Lumenes, Red, Usb, Hdmi, Laser, Wifi Miracast, Tiro Corto + Env\u00edo a domicilio + Pago seguro + Garant\u00eda\",\"breadcrumb\":{\"@id\":\"https:\/\/compuviper.mx\/tienda\/producto\/epson-v11ha75020-videoproyector-powerlite-eb-l210sf-3lcd-full-hd-4000-lumenes-red-usb-hdmi-laser-wifi-miracast-tiro-corto\/#breadcrumb\"},\"inLanguage\":\"es-MX\",\"potentialAction\":[{\"@type\":\"ReadAction\",\"target\":[\"https:\/\/compuviper.mx\/tienda\/producto\/epson-v11ha75020-videoproyector-powerlite-eb-l210sf-3lcd-full-hd-4000-lumenes-red-usb-hdmi-laser-wifi-miracast-tiro-corto\/\"]}]},{\"@type\":\"BreadcrumbList\",\"@id\":\"https:\/\/compuviper.mx\/tienda\/producto\/epson-v11ha75020-videoproyector-powerlite-eb-l210sf-3lcd-full-hd-4000-lumenes-red-usb-hdmi-laser-wifi-miracast-tiro-corto\/#breadcrumb\",\"itemListElement\":[{\"@type\":\"ListItem\",\"position\":1,\"name\":\"Inicio\",\"item\":\"https:\/\/compuviper.mx\/tienda\/\"},{\"@type\":\"ListItem\",\"position\":2,\"name\":\"Productos\",\"item\":\"https:\/\/compuviper.mx\/tienda\/productos\/\"},{\"@type\":\"ListItem\",\"position\":3,\"name\":\"Videoproyector\",\"item\":\"https:\/\/compuviper.mx\/tienda\/categoria-producto\/videoproyector\/\"},{\"@type\":\"ListItem\",\"position\":4,\"name\":\"Basico\",\"item\":\"https:\/\/compuviper.mx\/tienda\/categoria-producto\/videoproyector\/basico-videoproyector\/\"},{\"@type\":\"ListItem\",\"position\":5,\"name\":\"Epson V11ha75020 Videoproyector Powerlite Eb-l210sf, 3lcd, Full Hd, 4000 Lumenes, Red, Usb, Hdmi, Laser, Wifi Miracast, Tiro Corto\"}]},{\"@type\":\"WebSite\",\"@id\":\"https:\/\/compuviper.mx\/tienda\/#website\",\"url\":\"https:\/\/compuviper.mx\/tienda\/\",\"name\":\"Compuviper\",\"description\":\"Proveedor de Computadoras, Laptops, Servidores, Monitores, Puntos de Venta, Teclados,   Impresoras, T\u00f3ner, C\u00e1maras de Seguridad y m\u00e1s en tu tienda en l\u00ednea\",\"publisher\":{\"@id\":\"https:\/\/compuviper.mx\/tienda\/#organization\"},\"potentialAction\":[{\"@type\":\"SearchAction\",\"target\":{\"@type\":\"EntryPoint\",\"urlTemplate\":\"https:\/\/compuviper.mx\/tienda\/?s={search_term_string}\"},\"query-input\":\"required name=search_term_string\"}],\"inLanguage\":\"es-MX\"},{\"@type\":\"Organization\",\"@id\":\"https:\/\/compuviper.mx\/tienda\/#organization\",\"name\":\"Compuviper\",\"url\":\"https:\/\/compuviper.mx\/tienda\/\",\"logo\":{\"@type\":\"ImageObject\",\"inLanguage\":\"es-MX\",\"@id\":\"https:\/\/compuviper.mx\/tienda\/#\/schema\/logo\/image\/\",\"url\":\"https:\/\/compuviper.mx\/tienda\/wp-content\/uploads\/2021\/08\/Logo-Compuviper-10.png\",\"contentUrl\":\"https:\/\/compuviper.mx\/tienda\/wp-content\/uploads\/2021\/08\/Logo-Compuviper-10.png\",\"width\":1000,\"height\":500,\"caption\":\"Compuviper\"},\"image\":{\"@id\":\"https:\/\/compuviper.mx\/tienda\/#\/schema\/logo\/image\/\"},\"sameAs\":[\"https:\/\/www.facebook.com\/compuviper\",\"https:\/\/www.youtube.com\/channel\/UCf73dERp9Y3cfOq7q8BhLjA?view_as=subscriber\"]}]}<\/script>\n<meta property=\"product:brand\" content=\"EPSON\" \/>\n<meta property=\"product:price:amount\" content=\"32883\" \/>\n<meta property=\"product:price:currency\" content=\"MXN\" \/>\n<meta property=\"og:availability\" content=\"out of stock\" \/>\n<meta property=\"product:availability\" content=\"out of stock\" \/>\n<meta property=\"product:retailer_item_id\" content=\"V11HA75020\" \/>\n<meta property=\"product:condition\" content=\"new\" \/>\n<!-- \/ Yoast SEO plugin. -->","yoast_head_json":{"title":"[ Epson ] &#129351; V11ha75020 Videoproyector Powerlite Eb-l210sf, 3lcd, Full Hd, 4000 Lumenes, Red, Usb, Hdmi, Laser, Wifi Miracast, Tiro Corto","description":"Compra V11ha75020 Videoproyector Powerlite Eb-l210sf, 3lcd, Full Hd, 4000 Lumenes, Red, Usb, Hdmi, Laser, Wifi Miracast, Tiro Corto + Env\u00edo a domicilio + Pago seguro + Garant\u00eda","robots":{"index":"index","follow":"follow","max-snippet":"max-snippet:-1","max-image-preview":"max-image-preview:large","max-video-preview":"max-video-preview:-1"},"canonical":"https:\/\/compuviper.mx\/tienda\/producto\/epson-v11ha75020-videoproyector-powerlite-eb-l210sf-3lcd-full-hd-4000-lumenes-red-usb-hdmi-laser-wifi-miracast-tiro-corto\/","og_locale":"es_MX","og_type":"article","og_title":"[ Epson ] &#129351; V11ha75020 Videoproyector Powerlite Eb-l210sf, 3lcd, Full Hd, 4000 Lumenes, Red, Usb, Hdmi, Laser, Wifi Miracast, Tiro Corto","og_description":"Compra V11ha75020 Videoproyector Powerlite Eb-l210sf, 3lcd, Full Hd, 4000 Lumenes, Red, Usb, Hdmi, Laser, Wifi Miracast, Tiro Corto + Env\u00edo a domicilio + Pago seguro + Garant\u00eda","og_url":"https:\/\/compuviper.mx\/tienda\/producto\/epson-v11ha75020-videoproyector-powerlite-eb-l210sf-3lcd-full-hd-4000-lumenes-red-usb-hdmi-laser-wifi-miracast-tiro-corto\/","og_site_name":"Compuviper","article_publisher":"https:\/\/www.facebook.com\/compuviper","article_modified_time":"2026-04-02T08:27:36+00:00","og_image":[{"width":200,"height":200,"url":"https:\/\/compuviper.mx\/tienda\/wp-content\/uploads\/2023\/12\/Videoproyector-epson-powerlite-eb-l210sf-3lcd-full-hd-4000-lumenes-red-usb-hdmi-laser-wifi-miracast-tiro-corto.jpg","type":"image\/jpeg"}],"twitter_card":"summary_large_image","twitter_misc":{"Precio":"&#36;32,883 con IVA","Availability":"Out of stock"},"schema":{"@context":"https:\/\/schema.org","@graph":[{"@type":"WebPage","@id":"https:\/\/compuviper.mx\/tienda\/producto\/epson-v11ha75020-videoproyector-powerlite-eb-l210sf-3lcd-full-hd-4000-lumenes-red-usb-hdmi-laser-wifi-miracast-tiro-corto\/","url":"https:\/\/compuviper.mx\/tienda\/producto\/epson-v11ha75020-videoproyector-powerlite-eb-l210sf-3lcd-full-hd-4000-lumenes-red-usb-hdmi-laser-wifi-miracast-tiro-corto\/","name":"[ Epson ] &#129351; V11ha75020 Videoproyector Powerlite Eb-l210sf, 3lcd, Full Hd, 4000 Lumenes, Red, Usb, Hdmi, Laser, Wifi Miracast, Tiro Corto","isPartOf":{"@id":"https:\/\/compuviper.mx\/tienda\/#website"},"datePublished":"2026-04-02T08:27:35+00:00","dateModified":"2026-04-02T08:27:36+00:00","description":"Compra V11ha75020 Videoproyector Powerlite Eb-l210sf, 3lcd, Full Hd, 4000 Lumenes, Red, Usb, Hdmi, Laser, Wifi Miracast, Tiro Corto + Env\u00edo a domicilio + Pago seguro + Garant\u00eda","breadcrumb":{"@id":"https:\/\/compuviper.mx\/tienda\/producto\/epson-v11ha75020-videoproyector-powerlite-eb-l210sf-3lcd-full-hd-4000-lumenes-red-usb-hdmi-laser-wifi-miracast-tiro-corto\/#breadcrumb"},"inLanguage":"es-MX","potentialAction":[{"@type":"ReadAction","target":["https:\/\/compuviper.mx\/tienda\/producto\/epson-v11ha75020-videoproyector-powerlite-eb-l210sf-3lcd-full-hd-4000-lumenes-red-usb-hdmi-laser-wifi-miracast-tiro-corto\/"]}]},{"@type":"BreadcrumbList","@id":"https:\/\/compuviper.mx\/tienda\/producto\/epson-v11ha75020-videoproyector-powerlite-eb-l210sf-3lcd-full-hd-4000-lumenes-red-usb-hdmi-laser-wifi-miracast-tiro-corto\/#breadcrumb","itemListElement":[{"@type":"ListItem","position":1,"name":"Inicio","item":"https:\/\/compuviper.mx\/tienda\/"},{"@type":"ListItem","position":2,"name":"Productos","item":"https:\/\/compuviper.mx\/tienda\/productos\/"},{"@type":"ListItem","position":3,"name":"Videoproyector","item":"https:\/\/compuviper.mx\/tienda\/categoria-producto\/videoproyector\/"},{"@type":"ListItem","position":4,"name":"Basico","item":"https:\/\/compuviper.mx\/tienda\/categoria-producto\/videoproyector\/basico-videoproyector\/"},{"@type":"ListItem","position":5,"name":"Epson V11ha75020 Videoproyector Powerlite Eb-l210sf, 3lcd, Full Hd, 4000 Lumenes, Red, Usb, Hdmi, Laser, Wifi Miracast, Tiro Corto"}]},{"@type":"WebSite","@id":"https:\/\/compuviper.mx\/tienda\/#website","url":"https:\/\/compuviper.mx\/tienda\/","name":"Compuviper","description":"Proveedor de Computadoras, Laptops, Servidores, Monitores, Puntos de Venta, Teclados,   Impresoras, T\u00f3ner, C\u00e1maras de Seguridad y m\u00e1s en tu tienda en l\u00ednea","publisher":{"@id":"https:\/\/compuviper.mx\/tienda\/#organization"},"potentialAction":[{"@type":"SearchAction","target":{"@type":"EntryPoint","urlTemplate":"https:\/\/compuviper.mx\/tienda\/?s={search_term_string}"},"query-input":"required name=search_term_string"}],"inLanguage":"es-MX"},{"@type":"Organization","@id":"https:\/\/compuviper.mx\/tienda\/#organization","name":"Compuviper","url":"https:\/\/compuviper.mx\/tienda\/","logo":{"@type":"ImageObject","inLanguage":"es-MX","@id":"https:\/\/compuviper.mx\/tienda\/#\/schema\/logo\/image\/","url":"https:\/\/compuviper.mx\/tienda\/wp-content\/uploads\/2021\/08\/Logo-Compuviper-10.png","contentUrl":"https:\/\/compuviper.mx\/tienda\/wp-content\/uploads\/2021\/08\/Logo-Compuviper-10.png","width":1000,"height":500,"caption":"Compuviper"},"image":{"@id":"https:\/\/compuviper.mx\/tienda\/#\/schema\/logo\/image\/"},"sameAs":["https:\/\/www.facebook.com\/compuviper","https:\/\/www.youtube.com\/channel\/UCf73dERp9Y3cfOq7q8BhLjA?view_as=subscriber"]}]},"product_brand":"EPSON","product_price_amount":"32883","product_price_currency":"MXN","og_availability":"out of stock","product_availability":"out of stock","product_retailer_item_id":"V11HA75020","product_condition":"new"},"_links":{"self":[{"href":"https:\/\/compuviper.mx\/tienda\/wp-json\/wp\/v2\/product\/227427"}],"collection":[{"href":"https:\/\/compuviper.mx\/tienda\/wp-json\/wp\/v2\/product"}],"about":[{"href":"https:\/\/compuviper.mx\/tienda\/wp-json\/wp\/v2\/types\/product"}],"replies":[{"embeddable":true,"href":"https:\/\/compuviper.mx\/tienda\/wp-json\/wp\/v2\/comments?post=227427"}],"wp:featuredmedia":[{"embeddable":true,"href":"https:\/\/compuviper.mx\/tienda\/wp-json\/wp\/v2\/media\/227428"}],"wp:attachment":[{"href":"https:\/\/compuviper.mx\/tienda\/wp-json\/wp\/v2\/media?parent=227427"}],"wp:term":[{"taxonomy":"product_cat","embeddable":true,"href":"https:\/\/compuviper.mx\/tienda\/wp-json\/wp\/v2\/product_cat?post=227427"},{"taxonomy":"product_tag","embeddable":true,"href":"https:\/\/compuviper.mx\/tienda\/wp-json\/wp\/v2\/product_tag?post=227427"}],"curies":[{"name":"wp","href":"https:\/\/api.w.org\/{rel}","templated":true}]}}