{"id":227342,"date":"2026-04-14T02:25:29","date_gmt":"2026-04-14T08:25:29","guid":{"rendered":"https:\/\/compuviper.mx\/tienda\/producto\/logitech-960-001336-rally-bar-mini-grafito-sistema-de-videoconferencia-todo-en-uno-4k-wifi-y-autonomo-para-salas-medianas-y-pequeas\/"},"modified":"2026-04-14T02:25:29","modified_gmt":"2026-04-14T08:25:29","slug":"logitech-960-001336-sistema-de-videoconferencia-rally-bar-mini-all-in-one-4k-30fps-zoom-4x-hd-ideal-para-salas-pequeas-y-medianas-grafito","status":"publish","type":"product","link":"https:\/\/compuviper.mx\/tienda\/producto\/logitech-960-001336-sistema-de-videoconferencia-rally-bar-mini-all-in-one-4k-30fps-zoom-4x-hd-ideal-para-salas-pequeas-y-medianas-grafito\/","title":{"rendered":"Logitech 960-001336 Sistema De Videoconferencia  Rally Bar Mini All In One 4k 30fps Zoom 4x Hd Ideal Para Salas Peque?as Y Medianas Grafito"},"content":{"rendered":"<table class=\"descripcion\">\n<tr>\n<td>Dimensiones<\/td>\n<\/tr>\n<tr>\n<td>Altura: 91.4 mm<\/td>\n<\/tr>\n<tr>\n<td>Ancho: 719 mm<\/td>\n<\/tr>\n<tr>\n<td>Profundidad: 101 mm<\/td>\n<\/tr>\n<tr>\n<td>Profundidad de la lente: 18,5 mm<\/td>\n<\/tr>\n<tr>\n<td>Peso: 4,03 kgs<\/td>\n<\/tr>\n<tr>\n<td>Requisitos del sistema<\/td>\n<\/tr>\n<tr>\n<td>Conexi\u00f3n a internet: con cable o inal\u00e1mbrica<\/td>\n<\/tr>\n<tr>\n<td>Modo usb: windows\u00ae 11, windows 10, las dos versiones m\u00e1s recientes de macos<\/td>\n<\/tr>\n<tr>\n<td>Modo aut\u00f3nomo: licencia de software de la soluci\u00f3n para salas de reuni\u00f3n (no incluida)<\/td>\n<\/tr>\n<tr>\n<td>Especificaciones t\u00e9cnicas<\/td>\n<\/tr>\n<tr>\n<td>Certificaciones y compatibilidad<\/td>\n<\/tr>\n<tr>\n<td>Certificaciones<\/td>\n<\/tr>\n<tr>\n<td>Microsoft teams rooms en android\u0099 5para salas de tama\u00f1o peque\u00f1o<\/td>\n<\/tr>\n<tr>\n<td>Microsoft teams rooms en windows 6para salas de tama\u00f1o peque\u00f1o<\/td>\n<\/tr>\n<tr>\n<td>Zoom room\u0099<\/td>\n<\/tr>\n<tr>\n<td>Tencent meeting rooms<\/td>\n<\/tr>\n<tr>\n<td>Google meet (chromeos\/usb)<\/td>\n<\/tr>\n<tr>\n<td>Modo aut\u00f3nomo: compatible con software de videoconferencia en modo aut\u00f3nomo (no se requiere pc), incluye<\/td>\n<\/tr>\n<tr>\n<td>Microsoft teams rooms en android\u0099<\/td>\n<\/tr>\n<tr>\n<td>Zoom room\u0099<\/td>\n<\/tr>\n<tr>\n<td>Google meet<\/td>\n<\/tr>\n<tr>\n<td>Ringcentral rooms\u0099<\/td>\n<\/tr>\n<tr>\n<td>Tencent meeting rooms<\/td>\n<\/tr>\n<tr>\n<td>Modo usb: conectividad usb plug and play con pr\u00e1cticamente cualquier aplicaci\u00f3n de videoconferencia.<\/td>\n<\/tr>\n<tr>\n<td>Para obtener la informaci\u00f3n m\u00e1s reciente sobre certificaciones y compatibilidad, consulta www.logitech.com\/support\/vc-certifications<\/td>\n<\/tr>\n<tr>\n<td>Especificaciones generales<\/td>\n<\/tr>\n<tr>\n<td>Componentes integrados: 6 micr\u00f3fonos de formaci\u00f3n de haces, c\u00e1mara ptz, 3 altavoces, visor con inteligencia artificial, sistema de distribuci\u00f3n y retenci\u00f3n de cables, soporte para mesa, plataforma logitech collabos<\/td>\n<\/tr>\n<tr>\n<td>Carcasa: carcasa todo-en-uno con soporte para mesa y sistema de suspensi\u00f3n de altavoces patentado para eliminar el temblor de la c\u00e1mara por vibraci\u00f3n y las interferencias de audio<\/td>\n<\/tr>\n<tr>\n<td>Administraci\u00f3n de dispositivos: logitech sync<\/td>\n<\/tr>\n<tr>\n<td>Pantallas admitidas: 2 (hasta 1080p)<\/td>\n<\/tr>\n<tr>\n<td>Resoluci\u00f3n de pantalla: hasta 1080p<\/td>\n<\/tr>\n<tr>\n<td>Compatibilidad con protocolo de red: ipv4, ipv6<\/td>\n<\/tr>\n<tr>\n<td>Compatibilidad de proxy: proxy basado en ip, proxy basado en fqdn, proxy con uso de archivo pac<\/td>\n<\/tr>\n<tr>\n<td>C\u00e1mara<\/td>\n<\/tr>\n<tr>\n<td>Resoluci\u00f3n: 4k, 1440p, 1080p, 900p, 720p y sd a 30fps<\/td>\n<\/tr>\n<tr>\n<td>Panor\u00e1mica: robotizada \u00b125\u00b0<\/td>\n<\/tr>\n<tr>\n<td>Inclinaci\u00f3n: robotizada \u00b115\u00b0<\/td>\n<\/tr>\n<tr>\n<td>Zoom: zoom digital hd 4x<\/td>\n<\/tr>\n<tr>\n<td>Campo visual diagonal: 120\u00b0<\/td>\n<\/tr>\n<tr>\n<td>Campo visual horizontal: 113\u00b0<\/td>\n<\/tr>\n<tr>\n<td>Campo visual vertical: 80.7\u00b0<\/td>\n<\/tr>\n<tr>\n<td>Cobertura total de sala (campo visual + panor\u00e1mica e inclinaci\u00f3n): 163\u00b0 horizontal x 110\u00b0 vertical<\/td>\n<\/tr>\n<tr>\n<td>Subwoofer (s\u00f3lo bocina)<\/td>\n<\/tr>\n<tr>\n<td>Transductor: 70 mm<\/td>\n<\/tr>\n<tr>\n<td>Sensibilidad: 92 db spl a 1 w, 99 db spl a 8,0 w, ambos +\/-2 db a \u00bd metro<\/td>\n<\/tr>\n<tr>\n<td>Potencia nominal: 8w<\/td>\n<\/tr>\n<tr>\n<td>Thd: 1khz  2% a 1 w<\/td>\n<\/tr>\n<tr>\n<td>Frecuencia de muestreo de bocina: 48 khz<\/td>\n<\/tr>\n<tr>\n<td>Impedancia: 4 ohmios<\/td>\n<\/tr>\n<tr>\n<td>Altavoces de rango medio<\/td>\n<\/tr>\n<tr>\n<td>Transductores: 2 x 43 mm<\/td>\n<\/tr>\n<tr>\n<td>Sensibilidad: 84 db spl a 1 w\/1 m<\/td>\n<\/tr>\n<tr>\n<td>Potencia nominal: 4w<\/td>\n<\/tr>\n<tr>\n<td>Thd: 1khz  2% a 1 w<\/td>\n<\/tr>\n<tr>\n<td>Frecuencia de muestreo de bocina: 48 khz<\/td>\n<\/tr>\n<tr>\n<td>Impedancia: 4 ohmios<\/td>\n<\/tr>\n<tr>\n<td>Micr\u00f3fonos<\/td>\n<\/tr>\n<tr>\n<td>Respuesta de frecuencia: 90 hz \u0096 16 khz<\/td>\n<\/tr>\n<tr>\n<td>Sensibilidad:  -36 dbfs +\/-1 db a 1 pa<\/td>\n<\/tr>\n<tr>\n<td>Velocidad de salida de datos de micr\u00f3fono: 48 khz<\/td>\n<\/tr>\n<tr>\n<td>Radio de captaci\u00f3n: hasta 7 m<\/td>\n<\/tr>\n<tr>\n<td>Elementos de formaci\u00f3n de haces: 6 micr\u00f3fonos omnidireccionales digitales mems que forman 5 haces ac\u00fasticos adaptativos de radiaci\u00f3n transversal<\/td>\n<\/tr>\n<tr>\n<td>Procesamiento de audio: aec (acoustic echo cancellation), vad (voice activity detector)<\/td>\n<\/tr>\n<tr>\n<td>Supresi\u00f3n de ruido: algoritmo de supresi\u00f3n de ruido basado en inteligencia artificial<\/td>\n<\/tr>\n<tr>\n<td>Micr\u00f3fonos adicionales: admite hasta tres micr\u00f3fonos rally adicionales y dos hubs de micr\u00f3fono rally para salas de conferencias m\u00e1s grandes<\/td>\n<\/tr>\n<tr>\n<td>Tecnolog\u00edas rightsense\u0099<\/td>\n<\/tr>\n<tr>\n<td>Rightlight: reproduce tonos de piel naturales para cada participante<\/td>\n<\/tr>\n<tr>\n<td>Rightsight: la c\u00e1mara principal hace un acercamiento del hablante activo al mismo tiempo que el visor con inteligencia artificial captura una vista de todos los presentes en la sala<\/td>\n<\/tr>\n<tr>\n<td>Rightsound: distingue la voz de otros sonidos para nivelar de forma autom\u00e1tica el volumen y suprimir eco y ruidos de fondo<\/td>\n<\/tr>\n<tr>\n<td>Visualizaci\u00f3n en cuadr\u00edcula: detecta y encuadra a todos los participantes de la reuni\u00f3n para crear experiencias equitativas en las reuniones h\u00edbridas. para m\u00e1s informaci\u00f3n, visita logitech.com\/prosupport\/gridview<\/td>\n<\/tr>\n<tr>\n<td>Interfaces<\/td>\n<\/tr>\n<tr>\n<td>Salida hdmi: 2 (hasta 1080p)<\/td>\n<\/tr>\n<tr>\n<td>Entrada hdmi: 1<\/td>\n<\/tr>\n<tr>\n<td>Usb: 3 x tipo a, 1x tipo c<\/td>\n<\/tr>\n<tr>\n<td>Red: ethernet 10\/100\/1g<\/td>\n<\/tr>\n<tr>\n<td>Wifi: 802.11a\/b\/g\/n\/ac<\/td>\n<\/tr>\n<tr>\n<td>Entrada de micr\u00f3fono externo: s\u00ed (la entrada propia admite opcionalmente base de micr\u00f3fono rally, hub de base de micr\u00f3fono rally y cable de extensi\u00f3n de base de micr\u00f3fono rally)<\/td>\n<\/tr>\n<tr>\n<td>Control remoto: bluetooth\u00ae de bajo consumo<\/td>\n<\/tr>\n<tr>\n<td>Alimentaci\u00f3n y cables<\/td>\n<\/tr>\n<tr>\n<td>Fuente de alimentaci\u00f3n: detecci\u00f3n autom\u00e1tica<\/td>\n<\/tr>\n<tr>\n<td>Alimentaci\u00f3n\/voltaje de servicio: 100-240 v, 19 v, 4,74 a<\/td>\n<\/tr>\n<tr>\n<td>Dimensiones de fuente de alimentaci\u00f3n: 127 mm x 51 mm x 30 mm<\/td>\n<\/tr>\n<tr>\n<td>Cable de cc: 1,5 m<\/td>\n<\/tr>\n<tr>\n<td>Cable de ca: 1 m<\/td>\n<\/tr>\n<tr>\n<td>Cable hdmi 1.4: 2 m<\/td>\n<\/tr>\n<tr>\n<td>Cable usb a a usb c 3.0: 2,2 m<\/td>\n<\/tr>\n<tr>\n<td>Medioambiente<\/td>\n<\/tr>\n<tr>\n<td>Temperatura de funcionamiento: 0 a 40 \u00b0c<\/td>\n<\/tr>\n<tr>\n<td>Temperatura de almacenamiento: -40 a 70\u00b0c<\/td>\n<\/tr>\n<tr>\n<td>Humedad: 10 % a 95 %<\/td>\n<\/tr>\n<tr>\n<td>Btu\/h: 57 (en inactividad), 64 (durante reuniones)<\/td>\n<\/tr>\n<tr>\n<td>Seguridad<\/td>\n<\/tr>\n<tr>\n<td>Cifrado de disco completo: aes-128<\/td>\n<\/tr>\n<tr>\n<td>Cifrado de datos: claves sim\u00e9tricas, infraestructura de clave p\u00fablica (pki)<\/td>\n<\/tr>\n<tr>\n<td>Identidad de dispositivos: protecci\u00f3n mediante atestaci\u00f3n de estado de dispositivos<\/td>\n<\/tr>\n<tr>\n<td>Acceso a dispositivos: autenticaci\u00f3n mediante api<\/td>\n<\/tr>\n<tr>\n<td>Protecci\u00f3n mediante clave: arm trustzone, rpmp<\/td>\n<\/tr>\n<tr>\n<td>Contenido de la caja<\/td>\n<\/tr>\n<tr>\n<td>Rally bar mini<\/td>\n<\/tr>\n<tr>\n<td>Fuente de alimentaci\u00f3n<\/td>\n<\/tr>\n<tr>\n<td>Cable de alimentaci\u00f3n de ca<\/td>\n<\/tr>\n<tr>\n<td>Cable hdmi<\/td>\n<\/tr>\n<tr>\n<td>Cable usb<\/td>\n<\/tr>\n<tr>\n<td>Remoto<\/td>\n<\/tr>\n<tr>\n<td>Tapas para lente principal y visor con inteligencia artificial<\/td>\n<\/tr>\n<tr>\n<td>Documentaci\u00f3n del usuario<\/td>\n<\/tr>\n<tr>\n<td>Informaci\u00f3n de garant\u00eda<\/td>\n<\/tr>\n<tr>\n<td>Est\u00e1ndar: incluye dos a\u00f1os de garant\u00eda de hardware limitada<\/td>\n<\/tr>\n<tr>\n<td>Extendida: garant\u00edas adicionales extendidas de un a\u00f1o y de tres a\u00f1os disponibles en el momento de la compra del hardware.<\/td>\n<\/tr>\n<tr>\n<td>Contacta a tu canal para obtener informaci\u00f3n sobre disponibilidad.<\/td>\n<\/tr>\n<\/table>\n","protected":false},"excerpt":{"rendered":"<p>Mira lo que te has estado perdiendo. A trav\u00e9s de un sistema de dos c\u00e1maras y de la tecnolog\u00eda de encuadre autom\u00e1tico rightsight 2, rally bar logra que los participantes remotos se integren en la conversaci\u00f3n. Elige grid view para eliminar los espacios en blanco y encuadrar a cada persona en su propia transmisi\u00f3n, speaker view para destacar al participante activo, o group view para capturar a todos en la sala. Video natural. Un innovador sistema de doble c\u00e1mara con zoom \u00f3ptico y un visor con inteligencia artificial ofrece un video fluido y cinematogr\u00e1fico en salas peque\u00f1as y medianas. Sonido excepcional. La avanzada ingenier\u00eda de audio de rally bar mini ofrece un sonido pleno y natural, y hace que todas las voces se escuchen claramente. Funciona con tu plataforma preferida. Comienza tu reuni\u00f3n con un solo toque que conectar\u00e1 perfectamente rally bar mini con tu soluci\u00f3n de sala preconfigurada.4se muestra con logitech tap opcional. Ejecuta aplicaciones de videoconferencia admitidas (como zoom\u00ae, microsoft teams\u00ae y otras) directamente en el dispositivo sin necesidad de usar computadora o laptop.<\/p>\n","protected":false},"featured_media":227343,"comment_status":"open","ping_status":"open","template":"","meta":[],"product_cat":[2011,2012],"product_tag":[1500],"acf":[],"yoast_head":"<!-- This site is optimized with the Yoast SEO plugin v21.7 - https:\/\/yoast.com\/wordpress\/plugins\/seo\/ -->\n<title>[ Logitech ] &#129351; 960-001336 Sistema De Videoconferencia Rally Bar Mini All In One 4k 30fps Zoom 4x Hd Ideal Para Salas Peque\u00f1as Y Medianas Grafito<\/title>\n<meta name=\"description\" content=\"Compra 960-001336 Sistema De Videoconferencia Rally Bar Mini All In One 4k 30fps Zoom 4x Hd Ideal Para Salas Peque\u00f1as Y Medianas Grafito + Env\u00edo a domicilio + Pago seguro + Garant\u00eda\" \/>\n<meta name=\"robots\" content=\"index, follow, max-snippet:-1, max-image-preview:large, max-video-preview:-1\" \/>\n<link rel=\"canonical\" href=\"https:\/\/compuviper.mx\/tienda\/producto\/logitech-960-001336-sistema-de-videoconferencia-rally-bar-mini-all-in-one-4k-30fps-zoom-4x-hd-ideal-para-salas-pequeas-y-medianas-grafito\/\" \/>\n<meta property=\"og:locale\" content=\"es_MX\" \/>\n<meta property=\"og:type\" content=\"article\" \/>\n<meta property=\"og:title\" content=\"[ Logitech ] &#129351; 960-001336 Sistema De Videoconferencia Rally Bar Mini All In One 4k 30fps Zoom 4x Hd Ideal Para Salas Peque\u00f1as Y Medianas Grafito\" \/>\n<meta property=\"og:description\" content=\"Compra 960-001336 Sistema De Videoconferencia Rally Bar Mini All In One 4k 30fps Zoom 4x Hd Ideal Para Salas Peque\u00f1as Y Medianas Grafito + Env\u00edo a domicilio + Pago seguro + Garant\u00eda\" \/>\n<meta property=\"og:url\" content=\"https:\/\/compuviper.mx\/tienda\/producto\/logitech-960-001336-sistema-de-videoconferencia-rally-bar-mini-all-in-one-4k-30fps-zoom-4x-hd-ideal-para-salas-pequeas-y-medianas-grafito\/\" \/>\n<meta property=\"og:site_name\" content=\"Compuviper\" \/>\n<meta property=\"article:publisher\" content=\"https:\/\/www.facebook.com\/compuviper\" \/>\n<meta property=\"og:image\" content=\"https:\/\/compuviper.mx\/tienda\/wp-content\/uploads\/2023\/12\/Logitech-rally-bar-mini-grafito-sistema-de-videoconferencia-todo-en-uno-4k-wifi-y-autonomo-para-salas-medianas-y-pequenas.jpg\" \/>\n\t<meta property=\"og:image:width\" content=\"200\" \/>\n\t<meta property=\"og:image:height\" content=\"200\" \/>\n\t<meta property=\"og:image:type\" content=\"image\/jpeg\" \/>\n<meta name=\"twitter:card\" content=\"summary_large_image\" \/>\n<meta name=\"twitter:label1\" content=\"Precio\" \/>\n\t<meta name=\"twitter:data1\" content=\"&#36;67,445 con IVA\" \/>\n\t<meta name=\"twitter:label2\" content=\"Availability\" \/>\n\t<meta name=\"twitter:data2\" content=\"Out of stock\" \/>\n<script type=\"application\/ld+json\" class=\"yoast-schema-graph\">{\"@context\":\"https:\/\/schema.org\",\"@graph\":[{\"@type\":\"WebPage\",\"@id\":\"https:\/\/compuviper.mx\/tienda\/producto\/logitech-960-001336-sistema-de-videoconferencia-rally-bar-mini-all-in-one-4k-30fps-zoom-4x-hd-ideal-para-salas-pequeas-y-medianas-grafito\/\",\"url\":\"https:\/\/compuviper.mx\/tienda\/producto\/logitech-960-001336-sistema-de-videoconferencia-rally-bar-mini-all-in-one-4k-30fps-zoom-4x-hd-ideal-para-salas-pequeas-y-medianas-grafito\/\",\"name\":\"[ Logitech ] &#129351; 960-001336 Sistema De Videoconferencia Rally Bar Mini All In One 4k 30fps Zoom 4x Hd Ideal Para Salas Peque\u00f1as Y Medianas Grafito\",\"isPartOf\":{\"@id\":\"https:\/\/compuviper.mx\/tienda\/#website\"},\"datePublished\":\"2026-04-14T08:25:29+00:00\",\"dateModified\":\"2026-04-14T08:25:29+00:00\",\"description\":\"Compra 960-001336 Sistema De Videoconferencia Rally Bar Mini All In One 4k 30fps Zoom 4x Hd Ideal Para Salas Peque\u00f1as Y Medianas Grafito + Env\u00edo a domicilio + Pago seguro + Garant\u00eda\",\"breadcrumb\":{\"@id\":\"https:\/\/compuviper.mx\/tienda\/producto\/logitech-960-001336-sistema-de-videoconferencia-rally-bar-mini-all-in-one-4k-30fps-zoom-4x-hd-ideal-para-salas-pequeas-y-medianas-grafito\/#breadcrumb\"},\"inLanguage\":\"es-MX\",\"potentialAction\":[{\"@type\":\"ReadAction\",\"target\":[\"https:\/\/compuviper.mx\/tienda\/producto\/logitech-960-001336-sistema-de-videoconferencia-rally-bar-mini-all-in-one-4k-30fps-zoom-4x-hd-ideal-para-salas-pequeas-y-medianas-grafito\/\"]}]},{\"@type\":\"BreadcrumbList\",\"@id\":\"https:\/\/compuviper.mx\/tienda\/producto\/logitech-960-001336-sistema-de-videoconferencia-rally-bar-mini-all-in-one-4k-30fps-zoom-4x-hd-ideal-para-salas-pequeas-y-medianas-grafito\/#breadcrumb\",\"itemListElement\":[{\"@type\":\"ListItem\",\"position\":1,\"name\":\"Inicio\",\"item\":\"https:\/\/compuviper.mx\/tienda\/\"},{\"@type\":\"ListItem\",\"position\":2,\"name\":\"Productos\",\"item\":\"https:\/\/compuviper.mx\/tienda\/productos\/\"},{\"@type\":\"ListItem\",\"position\":3,\"name\":\"Videoconferencia\",\"item\":\"https:\/\/compuviper.mx\/tienda\/categoria-producto\/videoconferencia\/\"},{\"@type\":\"ListItem\",\"position\":4,\"name\":\"Sin Categor\u00eda\",\"item\":\"https:\/\/compuviper.mx\/tienda\/categoria-producto\/videoconferencia\/sin-categoria-videoconferencia\/\"},{\"@type\":\"ListItem\",\"position\":5,\"name\":\"Logitech 960-001336 Sistema De Videoconferencia Rally Bar Mini All In One 4k 30fps Zoom 4x Hd Ideal Para Salas Peque?as Y Medianas Grafito\"}]},{\"@type\":\"WebSite\",\"@id\":\"https:\/\/compuviper.mx\/tienda\/#website\",\"url\":\"https:\/\/compuviper.mx\/tienda\/\",\"name\":\"Compuviper\",\"description\":\"Proveedor de Computadoras, Laptops, Servidores, Monitores, Puntos de Venta, Teclados,   Impresoras, T\u00f3ner, C\u00e1maras de Seguridad y m\u00e1s en tu tienda en l\u00ednea\",\"publisher\":{\"@id\":\"https:\/\/compuviper.mx\/tienda\/#organization\"},\"potentialAction\":[{\"@type\":\"SearchAction\",\"target\":{\"@type\":\"EntryPoint\",\"urlTemplate\":\"https:\/\/compuviper.mx\/tienda\/?s={search_term_string}\"},\"query-input\":\"required name=search_term_string\"}],\"inLanguage\":\"es-MX\"},{\"@type\":\"Organization\",\"@id\":\"https:\/\/compuviper.mx\/tienda\/#organization\",\"name\":\"Compuviper\",\"url\":\"https:\/\/compuviper.mx\/tienda\/\",\"logo\":{\"@type\":\"ImageObject\",\"inLanguage\":\"es-MX\",\"@id\":\"https:\/\/compuviper.mx\/tienda\/#\/schema\/logo\/image\/\",\"url\":\"https:\/\/compuviper.mx\/tienda\/wp-content\/uploads\/2021\/08\/Logo-Compuviper-10.png\",\"contentUrl\":\"https:\/\/compuviper.mx\/tienda\/wp-content\/uploads\/2021\/08\/Logo-Compuviper-10.png\",\"width\":1000,\"height\":500,\"caption\":\"Compuviper\"},\"image\":{\"@id\":\"https:\/\/compuviper.mx\/tienda\/#\/schema\/logo\/image\/\"},\"sameAs\":[\"https:\/\/www.facebook.com\/compuviper\",\"https:\/\/www.youtube.com\/channel\/UCf73dERp9Y3cfOq7q8BhLjA?view_as=subscriber\"]}]}<\/script>\n<meta property=\"product:brand\" content=\"LOGITECH\" \/>\n<meta property=\"product:price:amount\" content=\"67445\" \/>\n<meta property=\"product:price:currency\" content=\"MXN\" \/>\n<meta property=\"og:availability\" content=\"out of stock\" \/>\n<meta property=\"product:availability\" content=\"out of stock\" \/>\n<meta property=\"product:retailer_item_id\" content=\"960-001336\" \/>\n<meta property=\"product:condition\" content=\"new\" \/>\n<!-- \/ Yoast SEO plugin. -->","yoast_head_json":{"title":"[ Logitech ] &#129351; 960-001336 Sistema De Videoconferencia Rally Bar Mini All In One 4k 30fps Zoom 4x Hd Ideal Para Salas Peque\u00f1as Y Medianas Grafito","description":"Compra 960-001336 Sistema De Videoconferencia Rally Bar Mini All In One 4k 30fps Zoom 4x Hd Ideal Para Salas Peque\u00f1as Y Medianas Grafito + Env\u00edo a domicilio + Pago seguro + Garant\u00eda","robots":{"index":"index","follow":"follow","max-snippet":"max-snippet:-1","max-image-preview":"max-image-preview:large","max-video-preview":"max-video-preview:-1"},"canonical":"https:\/\/compuviper.mx\/tienda\/producto\/logitech-960-001336-sistema-de-videoconferencia-rally-bar-mini-all-in-one-4k-30fps-zoom-4x-hd-ideal-para-salas-pequeas-y-medianas-grafito\/","og_locale":"es_MX","og_type":"article","og_title":"[ Logitech ] &#129351; 960-001336 Sistema De Videoconferencia Rally Bar Mini All In One 4k 30fps Zoom 4x Hd Ideal Para Salas Peque\u00f1as Y Medianas Grafito","og_description":"Compra 960-001336 Sistema De Videoconferencia Rally Bar Mini All In One 4k 30fps Zoom 4x Hd Ideal Para Salas Peque\u00f1as Y Medianas Grafito + Env\u00edo a domicilio + Pago seguro + Garant\u00eda","og_url":"https:\/\/compuviper.mx\/tienda\/producto\/logitech-960-001336-sistema-de-videoconferencia-rally-bar-mini-all-in-one-4k-30fps-zoom-4x-hd-ideal-para-salas-pequeas-y-medianas-grafito\/","og_site_name":"Compuviper","article_publisher":"https:\/\/www.facebook.com\/compuviper","og_image":[{"width":200,"height":200,"url":"https:\/\/compuviper.mx\/tienda\/wp-content\/uploads\/2023\/12\/Logitech-rally-bar-mini-grafito-sistema-de-videoconferencia-todo-en-uno-4k-wifi-y-autonomo-para-salas-medianas-y-pequenas.jpg","type":"image\/jpeg"}],"twitter_card":"summary_large_image","twitter_misc":{"Precio":"&#36;67,445 con IVA","Availability":"Out of stock"},"schema":{"@context":"https:\/\/schema.org","@graph":[{"@type":"WebPage","@id":"https:\/\/compuviper.mx\/tienda\/producto\/logitech-960-001336-sistema-de-videoconferencia-rally-bar-mini-all-in-one-4k-30fps-zoom-4x-hd-ideal-para-salas-pequeas-y-medianas-grafito\/","url":"https:\/\/compuviper.mx\/tienda\/producto\/logitech-960-001336-sistema-de-videoconferencia-rally-bar-mini-all-in-one-4k-30fps-zoom-4x-hd-ideal-para-salas-pequeas-y-medianas-grafito\/","name":"[ Logitech ] &#129351; 960-001336 Sistema De Videoconferencia Rally Bar Mini All In One 4k 30fps Zoom 4x Hd Ideal Para Salas Peque\u00f1as Y Medianas Grafito","isPartOf":{"@id":"https:\/\/compuviper.mx\/tienda\/#website"},"datePublished":"2026-04-14T08:25:29+00:00","dateModified":"2026-04-14T08:25:29+00:00","description":"Compra 960-001336 Sistema De Videoconferencia Rally Bar Mini All In One 4k 30fps Zoom 4x Hd Ideal Para Salas Peque\u00f1as Y Medianas Grafito + Env\u00edo a domicilio + Pago seguro + Garant\u00eda","breadcrumb":{"@id":"https:\/\/compuviper.mx\/tienda\/producto\/logitech-960-001336-sistema-de-videoconferencia-rally-bar-mini-all-in-one-4k-30fps-zoom-4x-hd-ideal-para-salas-pequeas-y-medianas-grafito\/#breadcrumb"},"inLanguage":"es-MX","potentialAction":[{"@type":"ReadAction","target":["https:\/\/compuviper.mx\/tienda\/producto\/logitech-960-001336-sistema-de-videoconferencia-rally-bar-mini-all-in-one-4k-30fps-zoom-4x-hd-ideal-para-salas-pequeas-y-medianas-grafito\/"]}]},{"@type":"BreadcrumbList","@id":"https:\/\/compuviper.mx\/tienda\/producto\/logitech-960-001336-sistema-de-videoconferencia-rally-bar-mini-all-in-one-4k-30fps-zoom-4x-hd-ideal-para-salas-pequeas-y-medianas-grafito\/#breadcrumb","itemListElement":[{"@type":"ListItem","position":1,"name":"Inicio","item":"https:\/\/compuviper.mx\/tienda\/"},{"@type":"ListItem","position":2,"name":"Productos","item":"https:\/\/compuviper.mx\/tienda\/productos\/"},{"@type":"ListItem","position":3,"name":"Videoconferencia","item":"https:\/\/compuviper.mx\/tienda\/categoria-producto\/videoconferencia\/"},{"@type":"ListItem","position":4,"name":"Sin Categor\u00eda","item":"https:\/\/compuviper.mx\/tienda\/categoria-producto\/videoconferencia\/sin-categoria-videoconferencia\/"},{"@type":"ListItem","position":5,"name":"Logitech 960-001336 Sistema De Videoconferencia Rally Bar Mini All In One 4k 30fps Zoom 4x Hd Ideal Para Salas Peque?as Y Medianas Grafito"}]},{"@type":"WebSite","@id":"https:\/\/compuviper.mx\/tienda\/#website","url":"https:\/\/compuviper.mx\/tienda\/","name":"Compuviper","description":"Proveedor de Computadoras, Laptops, Servidores, Monitores, Puntos de Venta, Teclados,   Impresoras, T\u00f3ner, C\u00e1maras de Seguridad y m\u00e1s en tu tienda en l\u00ednea","publisher":{"@id":"https:\/\/compuviper.mx\/tienda\/#organization"},"potentialAction":[{"@type":"SearchAction","target":{"@type":"EntryPoint","urlTemplate":"https:\/\/compuviper.mx\/tienda\/?s={search_term_string}"},"query-input":"required name=search_term_string"}],"inLanguage":"es-MX"},{"@type":"Organization","@id":"https:\/\/compuviper.mx\/tienda\/#organization","name":"Compuviper","url":"https:\/\/compuviper.mx\/tienda\/","logo":{"@type":"ImageObject","inLanguage":"es-MX","@id":"https:\/\/compuviper.mx\/tienda\/#\/schema\/logo\/image\/","url":"https:\/\/compuviper.mx\/tienda\/wp-content\/uploads\/2021\/08\/Logo-Compuviper-10.png","contentUrl":"https:\/\/compuviper.mx\/tienda\/wp-content\/uploads\/2021\/08\/Logo-Compuviper-10.png","width":1000,"height":500,"caption":"Compuviper"},"image":{"@id":"https:\/\/compuviper.mx\/tienda\/#\/schema\/logo\/image\/"},"sameAs":["https:\/\/www.facebook.com\/compuviper","https:\/\/www.youtube.com\/channel\/UCf73dERp9Y3cfOq7q8BhLjA?view_as=subscriber"]}]},"product_brand":"LOGITECH","product_price_amount":"67445","product_price_currency":"MXN","og_availability":"out of stock","product_availability":"out of stock","product_retailer_item_id":"960-001336","product_condition":"new"},"_links":{"self":[{"href":"https:\/\/compuviper.mx\/tienda\/wp-json\/wp\/v2\/product\/227342"}],"collection":[{"href":"https:\/\/compuviper.mx\/tienda\/wp-json\/wp\/v2\/product"}],"about":[{"href":"https:\/\/compuviper.mx\/tienda\/wp-json\/wp\/v2\/types\/product"}],"replies":[{"embeddable":true,"href":"https:\/\/compuviper.mx\/tienda\/wp-json\/wp\/v2\/comments?post=227342"}],"wp:featuredmedia":[{"embeddable":true,"href":"https:\/\/compuviper.mx\/tienda\/wp-json\/wp\/v2\/media\/227343"}],"wp:attachment":[{"href":"https:\/\/compuviper.mx\/tienda\/wp-json\/wp\/v2\/media?parent=227342"}],"wp:term":[{"taxonomy":"product_cat","embeddable":true,"href":"https:\/\/compuviper.mx\/tienda\/wp-json\/wp\/v2\/product_cat?post=227342"},{"taxonomy":"product_tag","embeddable":true,"href":"https:\/\/compuviper.mx\/tienda\/wp-json\/wp\/v2\/product_tag?post=227342"}],"curies":[{"name":"wp","href":"https:\/\/api.w.org\/{rel}","templated":true}]}}