{"id":227325,"date":"2026-04-17T02:30:34","date_gmt":"2026-04-17T08:30:34","guid":{"rendered":"https:\/\/compuviper.mx\/tienda\/producto\/poly-7200-85830-034842d4aaabm-video-conferencia-7200-85830-034-studio-usb-sistema-de-video-con-camara-4k-microfonos-y-sonido-para-salas-pequeas-seguimiento-y-encuadre-automatico-incluye-control-r\/"},"modified":"2026-04-17T02:30:35","modified_gmt":"2026-04-17T08:30:35","slug":"poly-842d4aaabm-video-conferencia-842d4aaabm-studio-usb-barra-con-camara-4k-microfonos-y-altavocez-para-salas-pequeas-seguimiento-y-encuadre-automatico-incluye-control-remoto-fuente-poder","status":"publish","type":"product","link":"https:\/\/compuviper.mx\/tienda\/producto\/poly-842d4aaabm-video-conferencia-842d4aaabm-studio-usb-barra-con-camara-4k-microfonos-y-altavocez-para-salas-pequeas-seguimiento-y-encuadre-automatico-incluye-control-remoto-fuente-poder\/","title":{"rendered":"Poly 842d4aa#abm Video Conferencia  842d4aaabm Studio Usb\/ Barra Con Camara 4k Microfonos Y Altavocez Para Salas Peque?as Seguimiento Y Encuadre Automatico Incluye Control Remoto Fuente Poder"},"content":{"rendered":"<table class=\"descripcion\">\n<tr>\n<td>Dimensiones.<\/td>\n<\/tr>\n<tr>\n<td>\u0095 dimensiones de la unidad:<\/td>\n<\/tr>\n<tr>\n<td>\u0095 105 x 700 x 70 mm = 4,2 x 27,3 x 2,8 (alto x ancho profundidad) sin soporte<\/td>\n<\/tr>\n<tr>\n<td>\u0095 156 x 700 x 70 mm = 6,2 x 27,3 x 2,8 (alto x ancho profundidad) con soporte<\/td>\n<\/tr>\n<tr>\n<td>\u0095 peso:<\/td>\n<\/tr>\n<tr>\n<td>\u0095 2342 g (5 lb, 2,6 oz) sin soporte<\/td>\n<\/tr>\n<tr>\n<td>\u0095 2856 g (6 lb, 4,7 oz) con soporte<\/td>\n<\/tr>\n<tr>\n<td>\u0095 dimensiones del control remoto:<\/td>\n<\/tr>\n<tr>\n<td>\u0095 183 x 40 x 19 mm = 7,2 x 1,6 x 0,75 (alto x ancho profundidad)<\/td>\n<\/tr>\n<tr>\n<td>Requisitos de la aplicaci\u00f3n<\/td>\n<\/tr>\n<tr>\n<td>\u0095 sistemas operativos compatibles<\/td>\n<\/tr>\n<tr>\n<td>\u0095 windows 7, 8.1, 10<\/td>\n<\/tr>\n<tr>\n<td>\u0095 macos 10.12, 10.13, 10.14<\/td>\n<\/tr>\n<tr>\n<td>\u0095 compatibilidad con controladores de dispositivos de audio y video est\u00e1ndares<\/td>\n<\/tr>\n<tr>\n<td>\u0095 audio uac 1.0<\/td>\n<\/tr>\n<tr>\n<td>\u0095 video uvc 1.1\/1.5<\/td>\n<\/tr>\n<tr>\n<td>\u0095 hid 1.11<\/td>\n<\/tr>\n<tr>\n<td>Requisitos de alimentaci\u00f3n<\/td>\n<\/tr>\n<tr>\n<td>\u0095 12 v cc\/5 a @ 100~240 v ca, 50\/60 hz<\/td>\n<\/tr>\n<tr>\n<td>El paquete incluye lo siguiente:<\/td>\n<\/tr>\n<tr>\n<td>\u0095 poly studio<\/td>\n<\/tr>\n<tr>\n<td>\u0095 control remoto con 2 pilas aaa<\/td>\n<\/tr>\n<tr>\n<td>\u0095 adaptador de corriente<\/td>\n<\/tr>\n<tr>\n<td>\u0095 cable usb 2.0 de 5 m (de tipo c a tipo a)<\/td>\n<\/tr>\n<tr>\n<td>\u0095 kit de montaje para pared<\/td>\n<\/tr>\n<tr>\n<td>\u0095 gu\u00eda de instalaci\u00f3n<\/td>\n<\/tr>\n<tr>\n<td>Accesorios opcionales<\/td>\n<\/tr>\n<tr>\n<td>\u0095 micr\u00f3fono de expansi\u00f3n<\/td>\n<\/tr>\n<tr>\n<td>\u0095 montaje para la pantalla<\/td>\n<\/tr>\n<tr>\n<td>C\u00e1mara<\/td>\n<\/tr>\n<tr>\n<td>\u0095 campo de visi\u00f3n de 120 grados<\/td>\n<\/tr>\n<tr>\n<td>\u0095 resoluci\u00f3n de captura uhd de 2160p (4k)<\/td>\n<\/tr>\n<tr>\n<td>\u0095 seguimiento del interlocutor o encuadre autom\u00e1tico de los participantes<\/td>\n<\/tr>\n<tr>\n<td>\u0095 zoom de 5x\/eptz<\/td>\n<\/tr>\n<tr>\n<td>\u0095 dos preajustes para la c\u00e1mara<\/td>\n<\/tr>\n<tr>\n<td>Audio<\/td>\n<\/tr>\n<tr>\n<td>\u0095 la tecnolog\u00eda poly acoustic clarity brinda conversaciones full d\u00faplex, cancelaci\u00f3n de eco ac\u00fastico y anulaci\u00f3n del ruido de fondo<\/td>\n<\/tr>\n<tr>\n<td>\u0095 tecnolog\u00eda noiseblock de poly<\/td>\n<\/tr>\n<tr>\n<td>\u0095 tecnolog\u00eda acoustic fence de poly<\/td>\n<\/tr>\n<tr>\n<td>\u0095 controles para activar\/desactivar voces<\/td>\n<\/tr>\n<tr>\n<td>\u0095 micr\u00f3fonos est\u00e9reo:<\/td>\n<\/tr>\n<tr>\n<td>\u0095 conjunto de micr\u00f3fonos con conformaci\u00f3n de haces de seis elementos<\/td>\n<\/tr>\n<tr>\n<td>\u0095 rango de captaci\u00f3n de 3,6 m<\/td>\n<\/tr>\n<tr>\n<td>\u0095 respuesta de frecuencia de 120 hz a 16 khz<\/td>\n<\/tr>\n<tr>\n<td>\u0095 altavoces est\u00e9reo:<\/td>\n<\/tr>\n<tr>\n<td>\u0095 respuesta de frecuencia de 100 hz a 20 khz<\/td>\n<\/tr>\n<tr>\n<td>\u0095 salida = 90 db a 0,5 m<\/td>\n<\/tr>\n<tr>\n<td>Interfaces<\/td>\n<\/tr>\n<tr>\n<td>\u0095 1 puerto usb 3.0 tipo c (compatible con 2.0)<\/td>\n<\/tr>\n<tr>\n<td>\u0095 conector de corriente<\/td>\n<\/tr>\n<tr>\n<td>\u0095 micr\u00f3fono externo opcional<\/td>\n<\/tr>\n<tr>\n<td>\u0095 entrada de audio est\u00e9reo de 3,5 mm<\/td>\n<\/tr>\n<tr>\n<td>\u0095 cierre de seguridad kensington<\/td>\n<\/tr>\n<tr>\n<td>\u0095 red inal\u00e1mbrica wi-fi 802.11ac para un uso pr\u00e1ctico, compatible con ieee 802.11a\/b\/g\/n<\/td>\n<\/tr>\n<tr>\n<td>\u0095 bluetooth\u00ae 4.2<\/td>\n<\/tr>\n<tr>\n<td>Compatibilidad con aplicaciones<\/td>\n<\/tr>\n<tr>\n<td>\u0095 compatible con cualquier aplicaci\u00f3n que admita controladores de audio y video usb est\u00e1ndares, entre las que se incluyen:<\/td>\n<\/tr>\n<tr>\n<td>\u0095 certificados para microsoft teams y skype for business*<\/td>\n<\/tr>\n<tr>\n<td>\u0095 zoom certified<\/td>\n<\/tr>\n<tr>\n<td>\u0095 logmein gotomeeting\u00ae<\/td>\n<\/tr>\n<tr>\n<td>\u0095 bluejeans network<\/td>\n<\/tr>\n<tr>\n<td>\u0095 plataforma de comunicaci\u00f3n google hangouts\u0099<\/td>\n<\/tr>\n<tr>\n<td>\u0095 amazon chime<\/td>\n<\/tr>\n<tr>\n<td>\u0095 cisco webex\u00ae<\/td>\n<\/tr>\n<tr>\n<td>\u0095 vidyodesktop\u0099<\/td>\n<\/tr>\n<tr>\n<td>\u0095 polycom realpresence desktop<\/td>\n<\/tr>\n<tr>\n<td>Seguridad<\/td>\n<\/tr>\n<tr>\n<td>\u0095 compatibilidad con 802.1x<\/td>\n<\/tr>\n<tr>\n<td>\u0095 administraci\u00f3n de certificaciones<\/td>\n<\/tr>\n<tr>\n<td>Capacidad de administraci\u00f3n (a trav\u00e9s de wi-fi)<\/td>\n<\/tr>\n<tr>\n<td>\u0095 aplicaci\u00f3n complementaria (que se ejecute en una pc win\/mac conectada a un dispositivo)<\/td>\n<\/tr>\n<tr>\n<td>\u0095 realpresence resource manager<\/td>\n<\/tr>\n<tr>\n<td>\u0095 servicio de administraci\u00f3n de dispositivos<\/td>\n<\/tr>\n<tr>\n<td>Informaci\u00f3n sobre la garant\u00eda<\/td>\n<\/tr>\n<tr>\n<td>\u0095 un a\u00f1o de garant\u00eda limitada para el hardware<\/td>\n<\/tr>\n<tr>\n<td>Pa\u00eds de origen<\/td>\n<\/tr>\n<tr>\n<td>\u0095 laos<\/td>\n<\/tr>\n<tr>\n<td>Entorno<\/td>\n<\/tr>\n<tr>\n<td>\u0095 temperatura de uso: entre 0 y 40 \u00b0c (32 y 104 \u00b0f)<\/td>\n<\/tr>\n<tr>\n<td>\u0095 humedad relativa: de 5 % a 95 %, sin condensaci\u00f3n<\/td>\n<\/tr>\n<tr>\n<td>\u0095 temperatura de almacenamiento: de -25 a 70 \u00b0c (de -13 a 160 \u00b0f)<\/td>\n<\/tr>\n<\/table>\n","protected":false},"excerpt":{"rendered":"<p>Ya sea que desees crear un punto de contacto persuasivo o una conexi\u00f3n duradera, necesitas una tecnolog\u00eda que te permita interactuar de forma natural. As\u00ed que deja en el pasado los d\u00edas en que las experiencias de videoconferencia eran frustrantes. Ahora puedes ver y escuchar a todos con claridad, adem\u00e1s de conversar de forma natural, gracias a poly studio. La sencilla conectividad usb permite iniciar reuniones r\u00e1pidamente, mantiene a la tecnolog\u00eda en segundo plano y a ti en primer plano, y proporciona una soluci\u00f3n de clase empresarial a todos los que trabajan en salas peque\u00f1as. Ha llegado el momento de elevar el list\u00f3n de las videoconferencias: ha llegado el momento de poly studio.<\/p>\n","protected":false},"featured_media":227326,"comment_status":"open","ping_status":"open","template":"","meta":[],"product_cat":[2011,2012],"product_tag":[2035],"acf":[],"yoast_head":"<!-- This site is optimized with the Yoast SEO plugin v21.7 - https:\/\/yoast.com\/wordpress\/plugins\/seo\/ -->\n<title>[ Poly ] &#129351; 842d4aa#abm Video Conferencia 842d4aaabm Studio Usb\/ Barra Con Camara 4k Microfonos Y Altavocez Para Salas Peque\u00f1as Seguimiento Y Encuadre Automatico Incluye Control Remoto Fuente Poder<\/title>\n<meta name=\"description\" content=\"Compra 842d4aa#abm Video Conferencia 842d4aaabm Studio Usb\/ Barra Con Camara 4k Microfonos Y Altavocez Para Salas Peque\u00f1as Seguimiento Y Encuadre Automatico Incluye Control Remoto Fuente Poder + Env\u00edo a domicilio + Pago seguro + Garant\u00eda\" \/>\n<meta name=\"robots\" content=\"index, follow, max-snippet:-1, max-image-preview:large, max-video-preview:-1\" \/>\n<link rel=\"canonical\" href=\"https:\/\/compuviper.mx\/tienda\/producto\/poly-842d4aaabm-video-conferencia-842d4aaabm-studio-usb-barra-con-camara-4k-microfonos-y-altavocez-para-salas-pequeas-seguimiento-y-encuadre-automatico-incluye-control-remoto-fuente-poder\/\" \/>\n<meta property=\"og:locale\" content=\"es_MX\" \/>\n<meta property=\"og:type\" content=\"article\" \/>\n<meta property=\"og:title\" content=\"[ Poly ] &#129351; 842d4aa#abm Video Conferencia 842d4aaabm Studio Usb\/ Barra Con Camara 4k Microfonos Y Altavocez Para Salas Peque\u00f1as Seguimiento Y Encuadre Automatico Incluye Control Remoto Fuente Poder\" \/>\n<meta property=\"og:description\" content=\"Compra 842d4aa#abm Video Conferencia 842d4aaabm Studio Usb\/ Barra Con Camara 4k Microfonos Y Altavocez Para Salas Peque\u00f1as Seguimiento Y Encuadre Automatico Incluye Control Remoto Fuente Poder + Env\u00edo a domicilio + Pago seguro + Garant\u00eda\" \/>\n<meta property=\"og:url\" content=\"https:\/\/compuviper.mx\/tienda\/producto\/poly-842d4aaabm-video-conferencia-842d4aaabm-studio-usb-barra-con-camara-4k-microfonos-y-altavocez-para-salas-pequeas-seguimiento-y-encuadre-automatico-incluye-control-remoto-fuente-poder\/\" \/>\n<meta property=\"og:site_name\" content=\"Compuviper\" \/>\n<meta property=\"article:publisher\" content=\"https:\/\/www.facebook.com\/compuviper\" \/>\n<meta property=\"article:modified_time\" content=\"2026-04-17T08:30:35+00:00\" \/>\n<meta property=\"og:image\" content=\"https:\/\/compuviper.mx\/tienda\/wp-content\/uploads\/2023\/12\/Video-conferencia-poly-7200-85830-034-polystudio-usb-sistema-de-video-con-camara-4k-microfonos-y-sonido-para-salas-pequenas-seguimiento-y-encuadre-automatico-incluye-control-remoto-fuente-poder.jpg\" \/>\n\t<meta property=\"og:image:width\" content=\"200\" \/>\n\t<meta property=\"og:image:height\" content=\"200\" \/>\n\t<meta property=\"og:image:type\" content=\"image\/jpeg\" \/>\n<meta name=\"twitter:card\" content=\"summary_large_image\" \/>\n<meta name=\"twitter:label1\" content=\"Precio\" \/>\n\t<meta name=\"twitter:data1\" content=\"&#36;10,045 con IVA\" \/>\n\t<meta name=\"twitter:label2\" content=\"Availability\" \/>\n\t<meta name=\"twitter:data2\" content=\"Out of stock\" \/>\n<script type=\"application\/ld+json\" class=\"yoast-schema-graph\">{\"@context\":\"https:\/\/schema.org\",\"@graph\":[{\"@type\":\"WebPage\",\"@id\":\"https:\/\/compuviper.mx\/tienda\/producto\/poly-842d4aaabm-video-conferencia-842d4aaabm-studio-usb-barra-con-camara-4k-microfonos-y-altavocez-para-salas-pequeas-seguimiento-y-encuadre-automatico-incluye-control-remoto-fuente-poder\/\",\"url\":\"https:\/\/compuviper.mx\/tienda\/producto\/poly-842d4aaabm-video-conferencia-842d4aaabm-studio-usb-barra-con-camara-4k-microfonos-y-altavocez-para-salas-pequeas-seguimiento-y-encuadre-automatico-incluye-control-remoto-fuente-poder\/\",\"name\":\"[ Poly ] &#129351; 842d4aa#abm Video Conferencia 842d4aaabm Studio Usb\/ Barra Con Camara 4k Microfonos Y Altavocez Para Salas Peque\u00f1as Seguimiento Y Encuadre Automatico Incluye Control Remoto Fuente Poder\",\"isPartOf\":{\"@id\":\"https:\/\/compuviper.mx\/tienda\/#website\"},\"datePublished\":\"2026-04-17T08:30:34+00:00\",\"dateModified\":\"2026-04-17T08:30:35+00:00\",\"description\":\"Compra 842d4aa#abm Video Conferencia 842d4aaabm Studio Usb\/ Barra Con Camara 4k Microfonos Y Altavocez Para Salas Peque\u00f1as Seguimiento Y Encuadre Automatico Incluye Control Remoto Fuente Poder + Env\u00edo a domicilio + Pago seguro + Garant\u00eda\",\"breadcrumb\":{\"@id\":\"https:\/\/compuviper.mx\/tienda\/producto\/poly-842d4aaabm-video-conferencia-842d4aaabm-studio-usb-barra-con-camara-4k-microfonos-y-altavocez-para-salas-pequeas-seguimiento-y-encuadre-automatico-incluye-control-remoto-fuente-poder\/#breadcrumb\"},\"inLanguage\":\"es-MX\",\"potentialAction\":[{\"@type\":\"ReadAction\",\"target\":[\"https:\/\/compuviper.mx\/tienda\/producto\/poly-842d4aaabm-video-conferencia-842d4aaabm-studio-usb-barra-con-camara-4k-microfonos-y-altavocez-para-salas-pequeas-seguimiento-y-encuadre-automatico-incluye-control-remoto-fuente-poder\/\"]}]},{\"@type\":\"BreadcrumbList\",\"@id\":\"https:\/\/compuviper.mx\/tienda\/producto\/poly-842d4aaabm-video-conferencia-842d4aaabm-studio-usb-barra-con-camara-4k-microfonos-y-altavocez-para-salas-pequeas-seguimiento-y-encuadre-automatico-incluye-control-remoto-fuente-poder\/#breadcrumb\",\"itemListElement\":[{\"@type\":\"ListItem\",\"position\":1,\"name\":\"Inicio\",\"item\":\"https:\/\/compuviper.mx\/tienda\/\"},{\"@type\":\"ListItem\",\"position\":2,\"name\":\"Productos\",\"item\":\"https:\/\/compuviper.mx\/tienda\/productos\/\"},{\"@type\":\"ListItem\",\"position\":3,\"name\":\"Videoconferencia\",\"item\":\"https:\/\/compuviper.mx\/tienda\/categoria-producto\/videoconferencia\/\"},{\"@type\":\"ListItem\",\"position\":4,\"name\":\"Sin Categor\u00eda\",\"item\":\"https:\/\/compuviper.mx\/tienda\/categoria-producto\/videoconferencia\/sin-categoria-videoconferencia\/\"},{\"@type\":\"ListItem\",\"position\":5,\"name\":\"Poly 842d4aa#abm Video Conferencia 842d4aaabm Studio Usb\/ Barra Con Camara 4k Microfonos Y Altavocez Para Salas Peque?as Seguimiento Y Encuadre Automatico Incluye Control Remoto Fuente Poder\"}]},{\"@type\":\"WebSite\",\"@id\":\"https:\/\/compuviper.mx\/tienda\/#website\",\"url\":\"https:\/\/compuviper.mx\/tienda\/\",\"name\":\"Compuviper\",\"description\":\"Proveedor de Computadoras, Laptops, Servidores, Monitores, Puntos de Venta, Teclados,   Impresoras, T\u00f3ner, C\u00e1maras de Seguridad y m\u00e1s en tu tienda en l\u00ednea\",\"publisher\":{\"@id\":\"https:\/\/compuviper.mx\/tienda\/#organization\"},\"potentialAction\":[{\"@type\":\"SearchAction\",\"target\":{\"@type\":\"EntryPoint\",\"urlTemplate\":\"https:\/\/compuviper.mx\/tienda\/?s={search_term_string}\"},\"query-input\":\"required name=search_term_string\"}],\"inLanguage\":\"es-MX\"},{\"@type\":\"Organization\",\"@id\":\"https:\/\/compuviper.mx\/tienda\/#organization\",\"name\":\"Compuviper\",\"url\":\"https:\/\/compuviper.mx\/tienda\/\",\"logo\":{\"@type\":\"ImageObject\",\"inLanguage\":\"es-MX\",\"@id\":\"https:\/\/compuviper.mx\/tienda\/#\/schema\/logo\/image\/\",\"url\":\"https:\/\/compuviper.mx\/tienda\/wp-content\/uploads\/2021\/08\/Logo-Compuviper-10.png\",\"contentUrl\":\"https:\/\/compuviper.mx\/tienda\/wp-content\/uploads\/2021\/08\/Logo-Compuviper-10.png\",\"width\":1000,\"height\":500,\"caption\":\"Compuviper\"},\"image\":{\"@id\":\"https:\/\/compuviper.mx\/tienda\/#\/schema\/logo\/image\/\"},\"sameAs\":[\"https:\/\/www.facebook.com\/compuviper\",\"https:\/\/www.youtube.com\/channel\/UCf73dERp9Y3cfOq7q8BhLjA?view_as=subscriber\"]}]}<\/script>\n<meta property=\"product:brand\" content=\"POLY\" \/>\n<meta property=\"product:price:amount\" content=\"10045\" \/>\n<meta property=\"product:price:currency\" content=\"MXN\" \/>\n<meta property=\"og:availability\" content=\"out of stock\" \/>\n<meta property=\"product:availability\" content=\"out of stock\" \/>\n<meta property=\"product:retailer_item_id\" content=\"842D4AA#ABM\" \/>\n<meta property=\"product:condition\" content=\"new\" \/>\n<!-- \/ Yoast SEO plugin. -->","yoast_head_json":{"title":"[ Poly ] &#129351; 842d4aa#abm Video Conferencia 842d4aaabm Studio Usb\/ Barra Con Camara 4k Microfonos Y Altavocez Para Salas Peque\u00f1as Seguimiento Y Encuadre Automatico Incluye Control Remoto Fuente Poder","description":"Compra 842d4aa#abm Video Conferencia 842d4aaabm Studio Usb\/ Barra Con Camara 4k Microfonos Y Altavocez Para Salas Peque\u00f1as Seguimiento Y Encuadre Automatico Incluye Control Remoto Fuente Poder + Env\u00edo a domicilio + Pago seguro + Garant\u00eda","robots":{"index":"index","follow":"follow","max-snippet":"max-snippet:-1","max-image-preview":"max-image-preview:large","max-video-preview":"max-video-preview:-1"},"canonical":"https:\/\/compuviper.mx\/tienda\/producto\/poly-842d4aaabm-video-conferencia-842d4aaabm-studio-usb-barra-con-camara-4k-microfonos-y-altavocez-para-salas-pequeas-seguimiento-y-encuadre-automatico-incluye-control-remoto-fuente-poder\/","og_locale":"es_MX","og_type":"article","og_title":"[ Poly ] &#129351; 842d4aa#abm Video Conferencia 842d4aaabm Studio Usb\/ Barra Con Camara 4k Microfonos Y Altavocez Para Salas Peque\u00f1as Seguimiento Y Encuadre Automatico Incluye Control Remoto Fuente Poder","og_description":"Compra 842d4aa#abm Video Conferencia 842d4aaabm Studio Usb\/ Barra Con Camara 4k Microfonos Y Altavocez Para Salas Peque\u00f1as Seguimiento Y Encuadre Automatico Incluye Control Remoto Fuente Poder + Env\u00edo a domicilio + Pago seguro + Garant\u00eda","og_url":"https:\/\/compuviper.mx\/tienda\/producto\/poly-842d4aaabm-video-conferencia-842d4aaabm-studio-usb-barra-con-camara-4k-microfonos-y-altavocez-para-salas-pequeas-seguimiento-y-encuadre-automatico-incluye-control-remoto-fuente-poder\/","og_site_name":"Compuviper","article_publisher":"https:\/\/www.facebook.com\/compuviper","article_modified_time":"2026-04-17T08:30:35+00:00","og_image":[{"width":200,"height":200,"url":"https:\/\/compuviper.mx\/tienda\/wp-content\/uploads\/2023\/12\/Video-conferencia-poly-7200-85830-034-polystudio-usb-sistema-de-video-con-camara-4k-microfonos-y-sonido-para-salas-pequenas-seguimiento-y-encuadre-automatico-incluye-control-remoto-fuente-poder.jpg","type":"image\/jpeg"}],"twitter_card":"summary_large_image","twitter_misc":{"Precio":"&#36;10,045 con IVA","Availability":"Out of stock"},"schema":{"@context":"https:\/\/schema.org","@graph":[{"@type":"WebPage","@id":"https:\/\/compuviper.mx\/tienda\/producto\/poly-842d4aaabm-video-conferencia-842d4aaabm-studio-usb-barra-con-camara-4k-microfonos-y-altavocez-para-salas-pequeas-seguimiento-y-encuadre-automatico-incluye-control-remoto-fuente-poder\/","url":"https:\/\/compuviper.mx\/tienda\/producto\/poly-842d4aaabm-video-conferencia-842d4aaabm-studio-usb-barra-con-camara-4k-microfonos-y-altavocez-para-salas-pequeas-seguimiento-y-encuadre-automatico-incluye-control-remoto-fuente-poder\/","name":"[ Poly ] &#129351; 842d4aa#abm Video Conferencia 842d4aaabm Studio Usb\/ Barra Con Camara 4k Microfonos Y Altavocez Para Salas Peque\u00f1as Seguimiento Y Encuadre Automatico Incluye Control Remoto Fuente Poder","isPartOf":{"@id":"https:\/\/compuviper.mx\/tienda\/#website"},"datePublished":"2026-04-17T08:30:34+00:00","dateModified":"2026-04-17T08:30:35+00:00","description":"Compra 842d4aa#abm Video Conferencia 842d4aaabm Studio Usb\/ Barra Con Camara 4k Microfonos Y Altavocez Para Salas Peque\u00f1as Seguimiento Y Encuadre Automatico Incluye Control Remoto Fuente Poder + Env\u00edo a domicilio + Pago seguro + Garant\u00eda","breadcrumb":{"@id":"https:\/\/compuviper.mx\/tienda\/producto\/poly-842d4aaabm-video-conferencia-842d4aaabm-studio-usb-barra-con-camara-4k-microfonos-y-altavocez-para-salas-pequeas-seguimiento-y-encuadre-automatico-incluye-control-remoto-fuente-poder\/#breadcrumb"},"inLanguage":"es-MX","potentialAction":[{"@type":"ReadAction","target":["https:\/\/compuviper.mx\/tienda\/producto\/poly-842d4aaabm-video-conferencia-842d4aaabm-studio-usb-barra-con-camara-4k-microfonos-y-altavocez-para-salas-pequeas-seguimiento-y-encuadre-automatico-incluye-control-remoto-fuente-poder\/"]}]},{"@type":"BreadcrumbList","@id":"https:\/\/compuviper.mx\/tienda\/producto\/poly-842d4aaabm-video-conferencia-842d4aaabm-studio-usb-barra-con-camara-4k-microfonos-y-altavocez-para-salas-pequeas-seguimiento-y-encuadre-automatico-incluye-control-remoto-fuente-poder\/#breadcrumb","itemListElement":[{"@type":"ListItem","position":1,"name":"Inicio","item":"https:\/\/compuviper.mx\/tienda\/"},{"@type":"ListItem","position":2,"name":"Productos","item":"https:\/\/compuviper.mx\/tienda\/productos\/"},{"@type":"ListItem","position":3,"name":"Videoconferencia","item":"https:\/\/compuviper.mx\/tienda\/categoria-producto\/videoconferencia\/"},{"@type":"ListItem","position":4,"name":"Sin Categor\u00eda","item":"https:\/\/compuviper.mx\/tienda\/categoria-producto\/videoconferencia\/sin-categoria-videoconferencia\/"},{"@type":"ListItem","position":5,"name":"Poly 842d4aa#abm Video Conferencia 842d4aaabm Studio Usb\/ Barra Con Camara 4k Microfonos Y Altavocez Para Salas Peque?as Seguimiento Y Encuadre Automatico Incluye Control Remoto Fuente Poder"}]},{"@type":"WebSite","@id":"https:\/\/compuviper.mx\/tienda\/#website","url":"https:\/\/compuviper.mx\/tienda\/","name":"Compuviper","description":"Proveedor de Computadoras, Laptops, Servidores, Monitores, Puntos de Venta, Teclados,   Impresoras, T\u00f3ner, C\u00e1maras de Seguridad y m\u00e1s en tu tienda en l\u00ednea","publisher":{"@id":"https:\/\/compuviper.mx\/tienda\/#organization"},"potentialAction":[{"@type":"SearchAction","target":{"@type":"EntryPoint","urlTemplate":"https:\/\/compuviper.mx\/tienda\/?s={search_term_string}"},"query-input":"required name=search_term_string"}],"inLanguage":"es-MX"},{"@type":"Organization","@id":"https:\/\/compuviper.mx\/tienda\/#organization","name":"Compuviper","url":"https:\/\/compuviper.mx\/tienda\/","logo":{"@type":"ImageObject","inLanguage":"es-MX","@id":"https:\/\/compuviper.mx\/tienda\/#\/schema\/logo\/image\/","url":"https:\/\/compuviper.mx\/tienda\/wp-content\/uploads\/2021\/08\/Logo-Compuviper-10.png","contentUrl":"https:\/\/compuviper.mx\/tienda\/wp-content\/uploads\/2021\/08\/Logo-Compuviper-10.png","width":1000,"height":500,"caption":"Compuviper"},"image":{"@id":"https:\/\/compuviper.mx\/tienda\/#\/schema\/logo\/image\/"},"sameAs":["https:\/\/www.facebook.com\/compuviper","https:\/\/www.youtube.com\/channel\/UCf73dERp9Y3cfOq7q8BhLjA?view_as=subscriber"]}]},"product_brand":"POLY","product_price_amount":"10045","product_price_currency":"MXN","og_availability":"out of stock","product_availability":"out of stock","product_retailer_item_id":"842D4AA#ABM","product_condition":"new"},"_links":{"self":[{"href":"https:\/\/compuviper.mx\/tienda\/wp-json\/wp\/v2\/product\/227325"}],"collection":[{"href":"https:\/\/compuviper.mx\/tienda\/wp-json\/wp\/v2\/product"}],"about":[{"href":"https:\/\/compuviper.mx\/tienda\/wp-json\/wp\/v2\/types\/product"}],"replies":[{"embeddable":true,"href":"https:\/\/compuviper.mx\/tienda\/wp-json\/wp\/v2\/comments?post=227325"}],"wp:featuredmedia":[{"embeddable":true,"href":"https:\/\/compuviper.mx\/tienda\/wp-json\/wp\/v2\/media\/227326"}],"wp:attachment":[{"href":"https:\/\/compuviper.mx\/tienda\/wp-json\/wp\/v2\/media?parent=227325"}],"wp:term":[{"taxonomy":"product_cat","embeddable":true,"href":"https:\/\/compuviper.mx\/tienda\/wp-json\/wp\/v2\/product_cat?post=227325"},{"taxonomy":"product_tag","embeddable":true,"href":"https:\/\/compuviper.mx\/tienda\/wp-json\/wp\/v2\/product_tag?post=227325"}],"curies":[{"name":"wp","href":"https:\/\/api.w.org\/{rel}","templated":true}]}}