{"id":227323,"date":"2026-04-17T02:30:34","date_gmt":"2026-04-17T08:30:34","guid":{"rendered":"https:\/\/compuviper.mx\/tienda\/producto\/grandstream-gvc3210-sistema-de-video-conferencia-camara-16-megapixeles-zoom-3x-android-2-salidas-hdmi-4-microfonos-wifi-y-bluetooth-compatible-con-miracast\/"},"modified":"2026-04-17T02:30:34","modified_gmt":"2026-04-17T08:30:34","slug":"grandstream-gvc3210-sistema-de-video-conferencia-camara-16-megapixeles-zoom-3x-android-2-salidas-hdmi-4-microfonos-wifi-y-bluetooth-compatible-con-miracast","status":"publish","type":"product","link":"https:\/\/compuviper.mx\/tienda\/producto\/grandstream-gvc3210-sistema-de-video-conferencia-camara-16-megapixeles-zoom-3x-android-2-salidas-hdmi-4-microfonos-wifi-y-bluetooth-compatible-con-miracast\/","title":{"rendered":"Grandstream Gvc3210 Sistema De Video Conferencia  \/ Camara 16 Megapixeles Zoom 3x Android 2 Salidas Hdmi 4 Microfonos Wifi Y Bluetooth Compatible Con Miracast"},"content":{"rendered":"<table class=\"descripcion\">\n<tr>\n<td>Protocolos \/ normas<\/td>\n<\/tr>\n<tr>\n<td>Sip rfc3261, bfcp, tip, rtp\/rtcp, http\/https, arp, icmp, dns (a record, srv, naptr), dhcp,<\/td>\n<\/tr>\n<tr>\n<td>Pppoe, ssh, tftp, ntp, stun, lldp-med, ldap, tr-069 (en tr\u00e1mite), 802.1x, tls, srtp, tcp\/ip\/udp, ipv6, h.323<\/td>\n<\/tr>\n<tr>\n<td>C\u00e1mara<\/td>\n<\/tr>\n<tr>\n<td>1\/2.3\u0093, sensor cmos de 16 megap\u00edxeles, salida de 4k (2160p)<\/td>\n<\/tr>\n<tr>\n<td>Lente<\/td>\n<\/tr>\n<tr>\n<td>Campo de visi\u00f3n de 90\u00b0, eptz<\/td>\n<\/tr>\n<tr>\n<td>Interfaz de red<\/td>\n<\/tr>\n<tr>\n<td>1 puerto rj4510\/ 100\/ 1000 mbps<\/td>\n<\/tr>\n<tr>\n<td>Wifi<\/td>\n<\/tr>\n<tr>\n<td>Integrada de doble banda, 802.11 a\/b\/g\/n\/ac (2.4ghz y 5ghz)<\/td>\n<\/tr>\n<tr>\n<td>Bluetooth<\/td>\n<\/tr>\n<tr>\n<td>Bluetooth 4.0 integrado + edr<\/td>\n<\/tr>\n<tr>\n<td>Salidas de video<\/td>\n<\/tr>\n<tr>\n<td>2 salidas hdmi 1.4 de hasta 4k (2160p) con cec<\/td>\n<\/tr>\n<tr>\n<td>Entrada de video<\/td>\n<\/tr>\n<tr>\n<td>1 entrada hdmi 1.4 con resoluci\u00f3n de hasta 1080p<\/td>\n<\/tr>\n<tr>\n<td>Micr\u00f3fono\/altavoz<\/td>\n<\/tr>\n<tr>\n<td>Sistema integrado de 4 micr\u00f3fonos<\/td>\n<\/tr>\n<tr>\n<td>Control remoto<\/td>\n<\/tr>\n<tr>\n<td>Control remoto bluetooth e infrarrojo con touchpad multit\u00e1ctil<\/td>\n<\/tr>\n<tr>\n<td>Puertos auxiliares<\/td>\n<\/tr>\n<tr>\n<td>2 puertos usb 2.0, microsd, reset<\/td>\n<\/tr>\n<tr>\n<td>C\u00f3decs de voz<\/td>\n<\/tr>\n<tr>\n<td>Compatible con g.711 and #956;\/a, g.722 (banda ancha), ilbc, opus, g.722.1, g.722.1c, g729a\/b, dtmf en banda y fuera de banda (audio de entrada, rfc2833, sip info)<\/td>\n<\/tr>\n<tr>\n<td>C\u00f3decs de video<\/td>\n<\/tr>\n<tr>\n<td>Hevc (h.265) y h.264 bp\/mp\/hp, resoluci\u00f3n de video de hasta 4k (2160p), frecuencia de imagen de hasta 30 fps, tasa de bits de hasta 16mbps<\/td>\n<\/tr>\n<tr>\n<td>Resoluciones de video<\/td>\n<\/tr>\n<tr>\n<td>4k (2160p@30fps) de 4096kbps, 1080p@30fps de 1024kbps, 720p@30fps de 512 kbps, 4sif\/4cif de 128 kbps, sif\/cif de 64 kbps<\/td>\n<\/tr>\n<tr>\n<td>Capacidad de 4k<\/td>\n<\/tr>\n<tr>\n<td>Calidad de im\u00e1genes de video n\u00edtidas de hasta 4k de resoluci\u00f3n*<\/td>\n<\/tr>\n<tr>\n<td>1. cuando el gvc3210 est\u00e9 usando resoluci\u00f3n de 4k durante una<\/td>\n<\/tr>\n<tr>\n<td>Videollamada, la funci\u00f3n eptz no es soportada. el gvc3210 soporta un campo de visi\u00f3n de 90\u00b0. instale por favor el gvc3210 en la posici\u00f3n que mejor se adapte a la vista de la conferencia si planea usar la resoluci\u00f3n de 4k.<\/td>\n<\/tr>\n<tr>\n<td>2. cuando el gvc3210 est\u00e1 usando resoluci\u00f3n de 4k, la funci\u00f3n de grabaci\u00f3n local no es soportada.<\/td>\n<\/tr>\n<tr>\n<td>3. cuando el gvc3210 est\u00e1 usando resoluci\u00f3n de 4k, el puerto 2 de salida hdmi no es soportado. los usuarios s\u00f3lo pueden usar el puerto 1 de salida hdmi para una visualizaci\u00f3n.<\/td>\n<\/tr>\n<tr>\n<td>Resoluciones de contenido (pantalla compartida)<\/td>\n<\/tr>\n<tr>\n<td>Entrada: vga, svga, xga, 1280\u00d7600, wxga, wxga, sxga, 1440\u00d7900, xga+, 720p, 1600\u00d71200, 1080p (hdmi), hasta 60fps<\/td>\n<\/tr>\n<tr>\n<td>Codificaci\u00f3n: 800\u00d7600, 1024\u00d7768, 1280\u00d71024, 1280\u00d7720, 1920\u00d71080<\/td>\n<\/tr>\n<tr>\n<td>Salida: 720p, 1080p<\/td>\n<\/tr>\n<tr>\n<td>Flujo dual de video<\/td>\n<\/tr>\n<tr>\n<td>Bfcp, resoluci\u00f3n de video (hasta 4k 2160p@30fps) + resoluci\u00f3n de contenido (hasta 1080p@15fps)<\/td>\n<\/tr>\n<tr>\n<td>Caracter\u00edsticas de audio<\/td>\n<\/tr>\n<tr>\n<td>Aec, ans, agc, noise-shield, plc, cng\/vad<\/td>\n<\/tr>\n<tr>\n<td>Caracter\u00edsticas de video<\/td>\n<\/tr>\n<tr>\n<td>Fec, dise\u00f1o de visualizaci\u00f3n din\u00e1mica, picture-in-picture, picture-outside-picture, subt\u00edtulos digitales<\/td>\n<\/tr>\n<tr>\n<td>Caracter\u00edsticas de telefon\u00eda<\/td>\n<\/tr>\n<tr>\n<td>Retenci\u00f3n, desv\u00edo (incondicional\/sin respuesta\/ocupado), directorio telef\u00f3nico descargable (xml, ldap), llamada en espera, historial de llamadas, plan de marcaci\u00f3n flexible, tonos de llamada con m\u00fasica personalizada, redundancia de servidor y tolerancia a fallos<\/td>\n<\/tr>\n<tr>\n<td>Aplicaciones de muestra<\/td>\n<\/tr>\n<tr>\n<td>Skype, google hangouts, microsoft lync, navegador de internet, adobe flash, facebook, twitter, youtube, google calendar, importaci\u00f3n\/exportaci\u00f3n de datos de tel\u00e9fono m\u00f3vil por bluetooth, etc. api\/sdk disponible para desarrollo avanzado de aplicaciones personalizadas<\/td>\n<\/tr>\n<tr>\n<td>Implementaci\u00f3n de aplicaciones<\/td>\n<\/tr>\n<tr>\n<td>Permite que varias aplicaciones compatibles con el sistema oper\u00e1tico android 6.0 se desarrollen, se descarguen y se ejecuten en el dispositivo integrado con control de aprovisionamiento<\/td>\n<\/tr>\n<tr>\n<td>Qos<\/td>\n<\/tr>\n<tr>\n<td>Layer 2 qos (802.1q, 802.1p) y layer 3 (tos, diffserv, mpls) qos<\/td>\n<\/tr>\n<tr>\n<td>Seguridad<\/td>\n<\/tr>\n<tr>\n<td>Contrase\u00f1as a nivel de usuario y administrador, autenticaci\u00f3n basada en md5 y md5-sess, archivo de configuraci\u00f3n cifrado con aes de 256 bits, tls, srtp de 128\/256 bits, https, control de acceso al medio 802.1x<\/td>\n<\/tr>\n<tr>\n<td>Multilenguaje<\/td>\n<\/tr>\n<tr>\n<td>Ingl\u00e9s, alem\u00e1n, italiano, franc\u00e9s, espa\u00f1ol, portugu\u00e9s, ruso, turco, polaco, chino, coreano, japon\u00e9s y m\u00e1s<\/td>\n<\/tr>\n<tr>\n<td>Actualizaci\u00f3n\/aprovisionamiento<\/td>\n<\/tr>\n<tr>\n<td>Actualizaci\u00f3n de firmware por medio de tftp \/ http \/ https o carga de http local, aprovisionamiento masivo usando el archivo de configuraci\u00f3n xml cifrado con aes<\/td>\n<\/tr>\n<tr>\n<td>Alimentaci\u00f3n y eficiencia de energ\u00eda limpia<\/td>\n<\/tr>\n<tr>\n<td>Entrada: 100~240vac, 50\/60hz; salida: 12v\/2a, 24w<\/td>\n<\/tr>\n<tr>\n<td>Contenido de paquete:<\/td>\n<\/tr>\n<tr>\n<td>Sistema de videoconferencia gvc3210<\/td>\n<\/tr>\n<tr>\n<td>Control remoto<\/td>\n<\/tr>\n<tr>\n<td>4 pilas aaa<\/td>\n<\/tr>\n<tr>\n<td>Fuente de alimentaci\u00f3n universal<\/td>\n<\/tr>\n<tr>\n<td>Cable de red (1.5 metros)<\/td>\n<\/tr>\n<tr>\n<td>2 cables hdmi (1.5 metros y 5 metros)<\/td>\n<\/tr>\n<tr>\n<td>Pa\u00f1o de limpieza para lente<\/td>\n<\/tr>\n<tr>\n<td>Kit de montaje<\/td>\n<\/tr>\n<tr>\n<td>Gu\u00eda de instalaci\u00f3n r\u00e1pida<\/td>\n<\/tr>\n<tr>\n<td>Licencia gpl<\/td>\n<\/tr>\n<tr>\n<td>Dimensiones y peso<\/td>\n<\/tr>\n<tr>\n<td>80mm (altura) x 46.5mm (ancho) x 270mm (longitud)<\/td>\n<\/tr>\n<tr>\n<td>Temperatura y humedad<\/td>\n<\/tr>\n<tr>\n<td>Operaci\u00f3n: 0\u00b0c a 40\u00b0c, almacenamiento: -10\u00b0c a 60\u00b0c, humedad: 10% a 90% sin condensaci\u00f3n<\/td>\n<\/tr>\n<tr>\n<td>Conformidad<\/td>\n<\/tr>\n<tr>\n<td>Fcc: fcc parte 15b; fcc parte 15c; fcc parte 15e; ul 60950 (adaptador de corriente alterna)<\/td>\n<\/tr>\n<tr>\n<td>Ce: en 55032; en 55024; en 61000-3-2; en 61000-3-3; en 60950-1; en 301 489-1\/17; en 300 328; en 301 893; en 62311; en 62479; rohs<\/td>\n<\/tr>\n<tr>\n<td>Rcm: as\/nzs cispr 32\/24; as\/nzs 60950.1; as\/nzs 4268; anatel<\/td>\n<\/tr>\n<\/table>\n","protected":false},"excerpt":{"rendered":"<p>El gvc3210 es un innovador dispositivo de videoconferencia ideal para peque\u00f1as a medianas empresas que buscan una soluci\u00f3n de videoconferencia f\u00e1cil de usar, pero potente. Soportando resoluciones de video de alto nivel con capacidad de ultra alta definici\u00f3n de hasta 4k, el gvc3210 convierte cualquier videoconferencia en una poderosa y evidente enriquecedora experiencia. Dise\u00f1ado para permitir que los usuarios personalicen su soluci\u00f3n de acuerdo con sus necesidades espec\u00edficas de comunicaci\u00f3n, el gvc3210 puede combinarse con la mayor\u00eda de los servicios de videoconferencia y conferencia en l\u00ednea para crear un sistema de conferencia de m\u00faltiples puntos. Este dispositivo de videoconferencia ejecuta el sistema operativo android y ofrece acceso total a google play store. Esto permite a los usuarios utilizar cualquier aplicaci\u00f3n de conferencia o comunicaci\u00f3n para android. El gvc3210 viene equipado con la sofisticada tecnolog\u00eda noise-shield para bloquear el ruido de fondo y maximizar la calidad del audio. Las caracter\u00edsticas adicionales incluyen un sistema avanzado de 4 micr\u00f3fonos con capacidad de conformaci\u00f3n de haces (beam-forming), un sensor cmos de alta calidad con 16 m pixeles y eptz para facilitar los ajustes de la vista de la c\u00e1mara y miracast inal\u00e1mbrico para compartir contenido de manera conveniente. Este dispositivo de videoconferencia simple pero poderoso es la elecci\u00f3n ideal para peque\u00f1as y medianas empresas que buscan una opci\u00f3n de precio accesible que todav\u00eda cuente con las caracter\u00edsticas de vanguardia que se necesitan para mantener comunicaciones empresariales de alta calidad.<\/p>\n","protected":false},"featured_media":227324,"comment_status":"open","ping_status":"open","template":"","meta":[],"product_cat":[2011,2012],"product_tag":[1576],"acf":[],"yoast_head":"<!-- This site is optimized with the Yoast SEO plugin v21.7 - https:\/\/yoast.com\/wordpress\/plugins\/seo\/ -->\n<title>[ Grandstream ] &#129351; Gvc3210 Sistema De Video Conferencia \/ Camara 16 Megapixeles Zoom 3x Android 2 Salidas Hdmi 4 Microfonos Wifi Y Bluetooth Compatible Con Miracast<\/title>\n<meta name=\"description\" content=\"Compra Gvc3210 Sistema De Video Conferencia \/ Camara 16 Megapixeles Zoom 3x Android 2 Salidas Hdmi 4 Microfonos Wifi Y Bluetooth Compatible Con Miracast + Env\u00edo a domicilio + Pago seguro + Garant\u00eda\" \/>\n<meta name=\"robots\" content=\"index, follow, max-snippet:-1, max-image-preview:large, max-video-preview:-1\" \/>\n<link rel=\"canonical\" href=\"https:\/\/compuviper.mx\/tienda\/producto\/grandstream-gvc3210-sistema-de-video-conferencia-camara-16-megapixeles-zoom-3x-android-2-salidas-hdmi-4-microfonos-wifi-y-bluetooth-compatible-con-miracast\/\" \/>\n<meta property=\"og:locale\" content=\"es_MX\" \/>\n<meta property=\"og:type\" content=\"article\" \/>\n<meta property=\"og:title\" content=\"[ Grandstream ] &#129351; Gvc3210 Sistema De Video Conferencia \/ Camara 16 Megapixeles Zoom 3x Android 2 Salidas Hdmi 4 Microfonos Wifi Y Bluetooth Compatible Con Miracast\" \/>\n<meta property=\"og:description\" content=\"Compra Gvc3210 Sistema De Video Conferencia \/ Camara 16 Megapixeles Zoom 3x Android 2 Salidas Hdmi 4 Microfonos Wifi Y Bluetooth Compatible Con Miracast + Env\u00edo a domicilio + Pago seguro + Garant\u00eda\" \/>\n<meta property=\"og:url\" content=\"https:\/\/compuviper.mx\/tienda\/producto\/grandstream-gvc3210-sistema-de-video-conferencia-camara-16-megapixeles-zoom-3x-android-2-salidas-hdmi-4-microfonos-wifi-y-bluetooth-compatible-con-miracast\/\" \/>\n<meta property=\"og:site_name\" content=\"Compuviper\" \/>\n<meta property=\"article:publisher\" content=\"https:\/\/www.facebook.com\/compuviper\" \/>\n<meta property=\"og:image\" content=\"https:\/\/compuviper.mx\/tienda\/wp-content\/uploads\/2023\/12\/Sistema-de-video-conferencia-grandstream-gvc3210-camara-16-megapixeles-zoom-3x-android-2-salidas-hdmi-4-microfonos-wifi-y-bluetooth-compatible-con-miracast.jpg\" \/>\n\t<meta property=\"og:image:width\" content=\"200\" \/>\n\t<meta property=\"og:image:height\" content=\"200\" \/>\n\t<meta property=\"og:image:type\" content=\"image\/jpeg\" \/>\n<meta name=\"twitter:card\" content=\"summary_large_image\" \/>\n<meta name=\"twitter:label1\" content=\"Precio\" \/>\n\t<meta name=\"twitter:data1\" content=\"&#36;12,260 con IVA\" \/>\n\t<meta name=\"twitter:label2\" content=\"Availability\" \/>\n\t<meta name=\"twitter:data2\" content=\"On backorder\" \/>\n<script type=\"application\/ld+json\" class=\"yoast-schema-graph\">{\"@context\":\"https:\/\/schema.org\",\"@graph\":[{\"@type\":\"WebPage\",\"@id\":\"https:\/\/compuviper.mx\/tienda\/producto\/grandstream-gvc3210-sistema-de-video-conferencia-camara-16-megapixeles-zoom-3x-android-2-salidas-hdmi-4-microfonos-wifi-y-bluetooth-compatible-con-miracast\/\",\"url\":\"https:\/\/compuviper.mx\/tienda\/producto\/grandstream-gvc3210-sistema-de-video-conferencia-camara-16-megapixeles-zoom-3x-android-2-salidas-hdmi-4-microfonos-wifi-y-bluetooth-compatible-con-miracast\/\",\"name\":\"[ Grandstream ] &#129351; Gvc3210 Sistema De Video Conferencia \/ Camara 16 Megapixeles Zoom 3x Android 2 Salidas Hdmi 4 Microfonos Wifi Y Bluetooth Compatible Con Miracast\",\"isPartOf\":{\"@id\":\"https:\/\/compuviper.mx\/tienda\/#website\"},\"datePublished\":\"2026-04-17T08:30:34+00:00\",\"dateModified\":\"2026-04-17T08:30:34+00:00\",\"description\":\"Compra Gvc3210 Sistema De Video Conferencia \/ Camara 16 Megapixeles Zoom 3x Android 2 Salidas Hdmi 4 Microfonos Wifi Y Bluetooth Compatible Con Miracast + Env\u00edo a domicilio + Pago seguro + Garant\u00eda\",\"breadcrumb\":{\"@id\":\"https:\/\/compuviper.mx\/tienda\/producto\/grandstream-gvc3210-sistema-de-video-conferencia-camara-16-megapixeles-zoom-3x-android-2-salidas-hdmi-4-microfonos-wifi-y-bluetooth-compatible-con-miracast\/#breadcrumb\"},\"inLanguage\":\"es-MX\",\"potentialAction\":[{\"@type\":\"ReadAction\",\"target\":[\"https:\/\/compuviper.mx\/tienda\/producto\/grandstream-gvc3210-sistema-de-video-conferencia-camara-16-megapixeles-zoom-3x-android-2-salidas-hdmi-4-microfonos-wifi-y-bluetooth-compatible-con-miracast\/\"]}]},{\"@type\":\"BreadcrumbList\",\"@id\":\"https:\/\/compuviper.mx\/tienda\/producto\/grandstream-gvc3210-sistema-de-video-conferencia-camara-16-megapixeles-zoom-3x-android-2-salidas-hdmi-4-microfonos-wifi-y-bluetooth-compatible-con-miracast\/#breadcrumb\",\"itemListElement\":[{\"@type\":\"ListItem\",\"position\":1,\"name\":\"Inicio\",\"item\":\"https:\/\/compuviper.mx\/tienda\/\"},{\"@type\":\"ListItem\",\"position\":2,\"name\":\"Productos\",\"item\":\"https:\/\/compuviper.mx\/tienda\/productos\/\"},{\"@type\":\"ListItem\",\"position\":3,\"name\":\"Videoconferencia\",\"item\":\"https:\/\/compuviper.mx\/tienda\/categoria-producto\/videoconferencia\/\"},{\"@type\":\"ListItem\",\"position\":4,\"name\":\"Sin Categor\u00eda\",\"item\":\"https:\/\/compuviper.mx\/tienda\/categoria-producto\/videoconferencia\/sin-categoria-videoconferencia\/\"},{\"@type\":\"ListItem\",\"position\":5,\"name\":\"Grandstream Gvc3210 Sistema De Video Conferencia \/ Camara 16 Megapixeles Zoom 3x Android 2 Salidas Hdmi 4 Microfonos Wifi Y Bluetooth Compatible Con Miracast\"}]},{\"@type\":\"WebSite\",\"@id\":\"https:\/\/compuviper.mx\/tienda\/#website\",\"url\":\"https:\/\/compuviper.mx\/tienda\/\",\"name\":\"Compuviper\",\"description\":\"Proveedor de Computadoras, Laptops, Servidores, Monitores, Puntos de Venta, Teclados,   Impresoras, T\u00f3ner, C\u00e1maras de Seguridad y m\u00e1s en tu tienda en l\u00ednea\",\"publisher\":{\"@id\":\"https:\/\/compuviper.mx\/tienda\/#organization\"},\"potentialAction\":[{\"@type\":\"SearchAction\",\"target\":{\"@type\":\"EntryPoint\",\"urlTemplate\":\"https:\/\/compuviper.mx\/tienda\/?s={search_term_string}\"},\"query-input\":\"required name=search_term_string\"}],\"inLanguage\":\"es-MX\"},{\"@type\":\"Organization\",\"@id\":\"https:\/\/compuviper.mx\/tienda\/#organization\",\"name\":\"Compuviper\",\"url\":\"https:\/\/compuviper.mx\/tienda\/\",\"logo\":{\"@type\":\"ImageObject\",\"inLanguage\":\"es-MX\",\"@id\":\"https:\/\/compuviper.mx\/tienda\/#\/schema\/logo\/image\/\",\"url\":\"https:\/\/compuviper.mx\/tienda\/wp-content\/uploads\/2021\/08\/Logo-Compuviper-10.png\",\"contentUrl\":\"https:\/\/compuviper.mx\/tienda\/wp-content\/uploads\/2021\/08\/Logo-Compuviper-10.png\",\"width\":1000,\"height\":500,\"caption\":\"Compuviper\"},\"image\":{\"@id\":\"https:\/\/compuviper.mx\/tienda\/#\/schema\/logo\/image\/\"},\"sameAs\":[\"https:\/\/www.facebook.com\/compuviper\",\"https:\/\/www.youtube.com\/channel\/UCf73dERp9Y3cfOq7q8BhLjA?view_as=subscriber\"]}]}<\/script>\n<meta property=\"product:brand\" content=\"GRANDSTREAM\" \/>\n<meta property=\"product:price:amount\" content=\"12260\" \/>\n<meta property=\"product:price:currency\" content=\"MXN\" \/>\n<meta property=\"og:availability\" content=\"backorder\" \/>\n<meta property=\"product:availability\" content=\"available for order\" \/>\n<meta property=\"product:retailer_item_id\" content=\"GVC3210\" \/>\n<meta property=\"product:condition\" content=\"new\" \/>\n<!-- \/ Yoast SEO plugin. -->","yoast_head_json":{"title":"[ Grandstream ] &#129351; Gvc3210 Sistema De Video Conferencia \/ Camara 16 Megapixeles Zoom 3x Android 2 Salidas Hdmi 4 Microfonos Wifi Y Bluetooth Compatible Con Miracast","description":"Compra Gvc3210 Sistema De Video Conferencia \/ Camara 16 Megapixeles Zoom 3x Android 2 Salidas Hdmi 4 Microfonos Wifi Y Bluetooth Compatible Con Miracast + Env\u00edo a domicilio + Pago seguro + Garant\u00eda","robots":{"index":"index","follow":"follow","max-snippet":"max-snippet:-1","max-image-preview":"max-image-preview:large","max-video-preview":"max-video-preview:-1"},"canonical":"https:\/\/compuviper.mx\/tienda\/producto\/grandstream-gvc3210-sistema-de-video-conferencia-camara-16-megapixeles-zoom-3x-android-2-salidas-hdmi-4-microfonos-wifi-y-bluetooth-compatible-con-miracast\/","og_locale":"es_MX","og_type":"article","og_title":"[ Grandstream ] &#129351; Gvc3210 Sistema De Video Conferencia \/ Camara 16 Megapixeles Zoom 3x Android 2 Salidas Hdmi 4 Microfonos Wifi Y Bluetooth Compatible Con Miracast","og_description":"Compra Gvc3210 Sistema De Video Conferencia \/ Camara 16 Megapixeles Zoom 3x Android 2 Salidas Hdmi 4 Microfonos Wifi Y Bluetooth Compatible Con Miracast + Env\u00edo a domicilio + Pago seguro + Garant\u00eda","og_url":"https:\/\/compuviper.mx\/tienda\/producto\/grandstream-gvc3210-sistema-de-video-conferencia-camara-16-megapixeles-zoom-3x-android-2-salidas-hdmi-4-microfonos-wifi-y-bluetooth-compatible-con-miracast\/","og_site_name":"Compuviper","article_publisher":"https:\/\/www.facebook.com\/compuviper","og_image":[{"width":200,"height":200,"url":"https:\/\/compuviper.mx\/tienda\/wp-content\/uploads\/2023\/12\/Sistema-de-video-conferencia-grandstream-gvc3210-camara-16-megapixeles-zoom-3x-android-2-salidas-hdmi-4-microfonos-wifi-y-bluetooth-compatible-con-miracast.jpg","type":"image\/jpeg"}],"twitter_card":"summary_large_image","twitter_misc":{"Precio":"&#36;12,260 con IVA","Availability":"On backorder"},"schema":{"@context":"https:\/\/schema.org","@graph":[{"@type":"WebPage","@id":"https:\/\/compuviper.mx\/tienda\/producto\/grandstream-gvc3210-sistema-de-video-conferencia-camara-16-megapixeles-zoom-3x-android-2-salidas-hdmi-4-microfonos-wifi-y-bluetooth-compatible-con-miracast\/","url":"https:\/\/compuviper.mx\/tienda\/producto\/grandstream-gvc3210-sistema-de-video-conferencia-camara-16-megapixeles-zoom-3x-android-2-salidas-hdmi-4-microfonos-wifi-y-bluetooth-compatible-con-miracast\/","name":"[ Grandstream ] &#129351; Gvc3210 Sistema De Video Conferencia \/ Camara 16 Megapixeles Zoom 3x Android 2 Salidas Hdmi 4 Microfonos Wifi Y Bluetooth Compatible Con Miracast","isPartOf":{"@id":"https:\/\/compuviper.mx\/tienda\/#website"},"datePublished":"2026-04-17T08:30:34+00:00","dateModified":"2026-04-17T08:30:34+00:00","description":"Compra Gvc3210 Sistema De Video Conferencia \/ Camara 16 Megapixeles Zoom 3x Android 2 Salidas Hdmi 4 Microfonos Wifi Y Bluetooth Compatible Con Miracast + Env\u00edo a domicilio + Pago seguro + Garant\u00eda","breadcrumb":{"@id":"https:\/\/compuviper.mx\/tienda\/producto\/grandstream-gvc3210-sistema-de-video-conferencia-camara-16-megapixeles-zoom-3x-android-2-salidas-hdmi-4-microfonos-wifi-y-bluetooth-compatible-con-miracast\/#breadcrumb"},"inLanguage":"es-MX","potentialAction":[{"@type":"ReadAction","target":["https:\/\/compuviper.mx\/tienda\/producto\/grandstream-gvc3210-sistema-de-video-conferencia-camara-16-megapixeles-zoom-3x-android-2-salidas-hdmi-4-microfonos-wifi-y-bluetooth-compatible-con-miracast\/"]}]},{"@type":"BreadcrumbList","@id":"https:\/\/compuviper.mx\/tienda\/producto\/grandstream-gvc3210-sistema-de-video-conferencia-camara-16-megapixeles-zoom-3x-android-2-salidas-hdmi-4-microfonos-wifi-y-bluetooth-compatible-con-miracast\/#breadcrumb","itemListElement":[{"@type":"ListItem","position":1,"name":"Inicio","item":"https:\/\/compuviper.mx\/tienda\/"},{"@type":"ListItem","position":2,"name":"Productos","item":"https:\/\/compuviper.mx\/tienda\/productos\/"},{"@type":"ListItem","position":3,"name":"Videoconferencia","item":"https:\/\/compuviper.mx\/tienda\/categoria-producto\/videoconferencia\/"},{"@type":"ListItem","position":4,"name":"Sin Categor\u00eda","item":"https:\/\/compuviper.mx\/tienda\/categoria-producto\/videoconferencia\/sin-categoria-videoconferencia\/"},{"@type":"ListItem","position":5,"name":"Grandstream Gvc3210 Sistema De Video Conferencia \/ Camara 16 Megapixeles Zoom 3x Android 2 Salidas Hdmi 4 Microfonos Wifi Y Bluetooth Compatible Con Miracast"}]},{"@type":"WebSite","@id":"https:\/\/compuviper.mx\/tienda\/#website","url":"https:\/\/compuviper.mx\/tienda\/","name":"Compuviper","description":"Proveedor de Computadoras, Laptops, Servidores, Monitores, Puntos de Venta, Teclados,   Impresoras, T\u00f3ner, C\u00e1maras de Seguridad y m\u00e1s en tu tienda en l\u00ednea","publisher":{"@id":"https:\/\/compuviper.mx\/tienda\/#organization"},"potentialAction":[{"@type":"SearchAction","target":{"@type":"EntryPoint","urlTemplate":"https:\/\/compuviper.mx\/tienda\/?s={search_term_string}"},"query-input":"required name=search_term_string"}],"inLanguage":"es-MX"},{"@type":"Organization","@id":"https:\/\/compuviper.mx\/tienda\/#organization","name":"Compuviper","url":"https:\/\/compuviper.mx\/tienda\/","logo":{"@type":"ImageObject","inLanguage":"es-MX","@id":"https:\/\/compuviper.mx\/tienda\/#\/schema\/logo\/image\/","url":"https:\/\/compuviper.mx\/tienda\/wp-content\/uploads\/2021\/08\/Logo-Compuviper-10.png","contentUrl":"https:\/\/compuviper.mx\/tienda\/wp-content\/uploads\/2021\/08\/Logo-Compuviper-10.png","width":1000,"height":500,"caption":"Compuviper"},"image":{"@id":"https:\/\/compuviper.mx\/tienda\/#\/schema\/logo\/image\/"},"sameAs":["https:\/\/www.facebook.com\/compuviper","https:\/\/www.youtube.com\/channel\/UCf73dERp9Y3cfOq7q8BhLjA?view_as=subscriber"]}]},"product_brand":"GRANDSTREAM","product_price_amount":"12260","product_price_currency":"MXN","og_availability":"backorder","product_availability":"available for order","product_retailer_item_id":"GVC3210","product_condition":"new"},"_links":{"self":[{"href":"https:\/\/compuviper.mx\/tienda\/wp-json\/wp\/v2\/product\/227323"}],"collection":[{"href":"https:\/\/compuviper.mx\/tienda\/wp-json\/wp\/v2\/product"}],"about":[{"href":"https:\/\/compuviper.mx\/tienda\/wp-json\/wp\/v2\/types\/product"}],"replies":[{"embeddable":true,"href":"https:\/\/compuviper.mx\/tienda\/wp-json\/wp\/v2\/comments?post=227323"}],"wp:featuredmedia":[{"embeddable":true,"href":"https:\/\/compuviper.mx\/tienda\/wp-json\/wp\/v2\/media\/227324"}],"wp:attachment":[{"href":"https:\/\/compuviper.mx\/tienda\/wp-json\/wp\/v2\/media?parent=227323"}],"wp:term":[{"taxonomy":"product_cat","embeddable":true,"href":"https:\/\/compuviper.mx\/tienda\/wp-json\/wp\/v2\/product_cat?post=227323"},{"taxonomy":"product_tag","embeddable":true,"href":"https:\/\/compuviper.mx\/tienda\/wp-json\/wp\/v2\/product_tag?post=227323"}],"curies":[{"name":"wp","href":"https:\/\/api.w.org\/{rel}","templated":true}]}}