{"id":227315,"date":"2026-04-17T02:30:08","date_gmt":"2026-04-17T08:30:08","guid":{"rendered":"https:\/\/compuviper.mx\/tienda\/producto\/huawei-55150937ns-gp-pantalla-interactiva-de-colaboracion-inteligente-ideahub-b3-de-65-pulgadas-ihb3-65sa\/"},"modified":"2026-04-17T02:30:09","modified_gmt":"2026-04-17T08:30:09","slug":"huawei-55150937ns-gp55150937-pantalla-interactiva-de-colaboracion-inteligente-ideahub-b3-de-65-pulgadas-ihb3-65sa","status":"publish","type":"product","link":"https:\/\/compuviper.mx\/tienda\/producto\/huawei-55150937ns-gp55150937-pantalla-interactiva-de-colaboracion-inteligente-ideahub-b3-de-65-pulgadas-ihb3-65sa\/","title":{"rendered":"Huawei 55150937ns-gp,55150937 Pantalla Interactiva De Colaboracion Inteligente  Ideahub B3 De 65 Pulgadas, Ihb3-65sa"},"content":{"rendered":"<table class=\"descripcion\">\n<tr>\n<td>Parameter name content<\/td>\n<\/tr>\n<tr>\n<td>System<\/td>\n<\/tr>\n<tr>\n<td>Cpu 8 cores<\/td>\n<\/tr>\n<tr>\n<td>Memory 8 gb<\/td>\n<\/tr>\n<tr>\n<td>Storage space 64 gb<\/td>\n<\/tr>\n<tr>\n<td>Ai computing power 4t+2t<\/td>\n<\/tr>\n<tr>\n<td>Operating system harmonyos is supported. the optional ops supports windows 10.<\/td>\n<\/tr>\n<tr>\n<td>Screen display<\/td>\n<\/tr>\n<tr>\n<td>Backlight type d-led<\/td>\n<\/tr>\n<tr>\n<td>Aspect ratio 16:9<\/td>\n<\/tr>\n<tr>\n<td>Resolution 3840 x 2160<\/td>\n<\/tr>\n<tr>\n<td>Display area<\/td>\n<\/tr>\n<tr>\n<td>\u0095 65-inch model: 1428.48 mm x 803.52 mm<\/td>\n<\/tr>\n<tr>\n<td>\u0095 75-inch model: 1649.66 mm x 927.94 mm<\/td>\n<\/tr>\n<tr>\n<td>\u0095 86-inch model: 1895.04 mm x 1065.96 mm<\/td>\n<\/tr>\n<tr>\n<td>Pixel distance<\/td>\n<\/tr>\n<tr>\n<td>\u0095 65-inch model: 372.0  and #956;m x 372.0  and #956;m<\/td>\n<\/tr>\n<tr>\n<td>\u0095 75-inch model: 429.6  and #956;m x 429.6  and #956;m<\/td>\n<\/tr>\n<tr>\n<td>\u0095 86-inch model: 493.5  and #956;m x 493.5  and #956;m<\/td>\n<\/tr>\n<tr>\n<td>Refresh rate 60 hz<\/td>\n<\/tr>\n<tr>\n<td>Response time 8 ms<\/td>\n<\/tr>\n<tr>\n<td>Brightness (typical value) 350 nits<\/td>\n<\/tr>\n<tr>\n<td>Screen brightness uniformity  and #8805; 70%<\/td>\n<\/tr>\n<tr>\n<td>Contrast 1200:1<\/td>\n<\/tr>\n<tr>\n<td>Viewing angle  and #8805; 178\u00b0<\/td>\n<\/tr>\n<tr>\n<td>Color depth 10 bits (8 bits + frc)<\/td>\n<\/tr>\n<tr>\n<td>Hardware-based anti-blue light supported<\/td>\n<\/tr>\n<tr>\n<td>Glass surface treatment anti-glare<\/td>\n<\/tr>\n<tr>\n<td>Screen lamination zero-gap bonding<\/td>\n<\/tr>\n<tr>\n<td>Glass surface hardness  and #8805; 7h<\/td>\n<\/tr>\n<tr>\n<td>Screen touch control<\/td>\n<\/tr>\n<tr>\n<td>Touch control precision \u00b11 mm<\/td>\n<\/tr>\n<tr>\n<td>Maximum number of touch points 20<\/td>\n<\/tr>\n<tr>\n<td>Touch control type infrared touch control<\/td>\n<\/tr>\n<tr>\n<td>Touch response time  and #8804; 10 ms<\/td>\n<\/tr>\n<tr>\n<td>Automatic screen brightness adjustment supported<\/td>\n<\/tr>\n<tr>\n<td>Camera<\/td>\n<\/tr>\n<tr>\n<td>Lens type fixed focal length<\/td>\n<\/tr>\n<tr>\n<td>Sensor size 1\/2.8<\/td>\n<\/tr>\n<tr>\n<td>Horizontal field of view 80\u00b0<\/td>\n<\/tr>\n<tr>\n<td>Aperture f1.8<\/td>\n<\/tr>\n<tr>\n<td>Video resolution 4k30 (3840 x 2160)<\/td>\n<\/tr>\n<tr>\n<td>Zoom 2x digital<\/td>\n<\/tr>\n<tr>\n<td>Vertical angle of view 50\u00b0<\/td>\n<\/tr>\n<tr>\n<td>Tv distortion   2%<\/td>\n<\/tr>\n<tr>\n<td>Shooting distance 0.5 m to infinity<\/td>\n<\/tr>\n<tr>\n<td>Ptz adjustment e-ptz<\/td>\n<\/tr>\n<tr>\n<td>Automatic exposure (ae) supported<\/td>\n<\/tr>\n<tr>\n<td>Automatic white balance (awb) supported<\/td>\n<\/tr>\n<tr>\n<td>Local camera presets 30<\/td>\n<\/tr>\n<tr>\n<td>Built-in microphone<\/td>\n<\/tr>\n<tr>\n<td>Quantity 6<\/td>\n<\/tr>\n<tr>\n<td>Sampling frequency 48 khz<\/td>\n<\/tr>\n<tr>\n<td>Sampling bits 24 bits<\/td>\n<\/tr>\n<tr>\n<td>Sound pickup angle 180\u00b0<\/td>\n<\/tr>\n<tr>\n<td>Built-in speaker<\/td>\n<\/tr>\n<tr>\n<td>Quantity 2 x (high-frequency speaker + full-frequency speaker)<\/td>\n<\/tr>\n<tr>\n<td>Total speaker power 2 x 15 w<\/td>\n<\/tr>\n<tr>\n<td>Sound output mode front tweeters and bottom full-frequency speakers<\/td>\n<\/tr>\n<tr>\n<td>Frequency response range 100 hz to 20 khz<\/td>\n<\/tr>\n<tr>\n<td>Stereo supported<\/td>\n<\/tr>\n<tr>\n<td>Maximum sound level 95 db spl@1 m<\/td>\n<\/tr>\n<tr>\n<td>Electricity supply requirements<\/td>\n<\/tr>\n<tr>\n<td>Rated operating voltage 100\u0096240 v ac<\/td>\n<\/tr>\n<tr>\n<td>Operating frequency 50 hz\/60 hz<\/td>\n<\/tr>\n<tr>\n<td>Maximum power consumption<\/td>\n<\/tr>\n<tr>\n<td>\u0095 65-inch model:   350 w<\/td>\n<\/tr>\n<tr>\n<td>\u0095 75-inch model:   420 w<\/td>\n<\/tr>\n<tr>\n<td>\u0095 86-inch model:   450 w<\/td>\n<\/tr>\n<tr>\n<td>Typical power (without ops; brightness of 300 nits)<\/td>\n<\/tr>\n<tr>\n<td>\u0095 65-inch model: 141 w<\/td>\n<\/tr>\n<tr>\n<td>\u0095 75-inch model: 177 w<\/td>\n<\/tr>\n<tr>\n<td>\u0095 86-inch model: 208 w<\/td>\n<\/tr>\n<tr>\n<td>Standby power   0.5 w<\/td>\n<\/tr>\n<tr>\n<td>Environmental requirements (in use)<\/td>\n<\/tr>\n<tr>\n<td>Ambient temperature 0\u00b0c to +40\u00b0c<\/td>\n<\/tr>\n<tr>\n<td>Relative humidity 10% to 95%<\/td>\n<\/tr>\n<tr>\n<td>Operating altitude  and #8804; 5000 m<\/td>\n<\/tr>\n<tr>\n<td>Environmental requirements (idle)<\/td>\n<\/tr>\n<tr>\n<td>Ambient temperature \u009620\u00bac to +60\u00bac<\/td>\n<\/tr>\n<tr>\n<td>Relative humidity (non-condensing) 5% to 95%<\/td>\n<\/tr>\n<tr>\n<td>Physical parameters of the entire system<\/td>\n<\/tr>\n<tr>\n<td>Product dimensions<\/td>\n<\/tr>\n<tr>\n<td>\u0095 65-inch model: 916.1 mm x 1484.5 mm x 91.6 mm<\/td>\n<\/tr>\n<tr>\n<td>\u0095 75-inch model: 1040.5 mm x 1705.7 mm x 91.8 mm<\/td>\n<\/tr>\n<tr>\n<td>\u0095 86-inch model: 1180.6 mm x 1953.0 mm x 91.8 mm<\/td>\n<\/tr>\n<tr>\n<td>Package dimensions<\/td>\n<\/tr>\n<tr>\n<td>\u0095 65-inch model: 1050 mm x 1650 mm x 220 mm<\/td>\n<\/tr>\n<tr>\n<td>\u0095 75-inch model: 1170 mm x 1900 mm x 220 mm<\/td>\n<\/tr>\n<tr>\n<td>\u0095 86-inch model: 1300 mm x 2090 mm x 250 mm<\/td>\n<\/tr>\n<tr>\n<td>Net weight<\/td>\n<\/tr>\n<tr>\n<td>\u0095 65-inch model: 35.5 kg<\/td>\n<\/tr>\n<tr>\n<td>\u0095 75-inch model: 47.8 kg<\/td>\n<\/tr>\n<tr>\n<td>\u0095 86-inch model: 63.0 kg<\/td>\n<\/tr>\n<tr>\n<td>Gross weight (including the package)<\/td>\n<\/tr>\n<tr>\n<td>\u0095 65-inch model: 43.0 kg<\/td>\n<\/tr>\n<tr>\n<td>\u0095 75-inch model: 57.8 kg<\/td>\n<\/tr>\n<tr>\n<td>\u0095 86-inch model: 74.5 kg<\/td>\n<\/tr>\n<tr>\n<td>(optional) floor stand<\/td>\n<\/tr>\n<tr>\n<td>Product dimensions 1525.0 mm x 1302.0 mm x 764.0 mm<\/td>\n<\/tr>\n<tr>\n<td>Package dimensions 180 mm x 1390 mm x 845 mm<\/td>\n<\/tr>\n<tr>\n<td>Net weight 19.5 kg<\/td>\n<\/tr>\n<tr>\n<td>Gross weight (including the package) 24.8 kg<\/td>\n<\/tr>\n<tr>\n<td>(optional) wall-mounted bracket<\/td>\n<\/tr>\n<tr>\n<td>Product dimensions 20 mm x 1100 mm x 200 mm<\/td>\n<\/tr>\n<tr>\n<td>Package dimensions 55 mm x 1260 mm x 345 mm<\/td>\n<\/tr>\n<tr>\n<td>Net weight 4.3 kg<\/td>\n<\/tr>\n<tr>\n<td>Gross weight (including the package) 5.3 kg<\/td>\n<\/tr>\n<tr>\n<td>(mandatory) stylus pen<\/td>\n<\/tr>\n<tr>\n<td>Quantity 2<\/td>\n<\/tr>\n<tr>\n<td>Wi-fi<\/td>\n<\/tr>\n<tr>\n<td>Wi-fi protocol 802.11 a\/b\/g\/n\/ac\/ax<\/td>\n<\/tr>\n<tr>\n<td>Supported frequency band<\/td>\n<\/tr>\n<tr>\n<td>\u0095 2.4 ghz to 2.4835 ghz<\/td>\n<\/tr>\n<tr>\n<td>\u0095 5 ghz to 5.85 ghz<\/td>\n<\/tr>\n<tr>\n<td>Maximum transmit power<\/td>\n<\/tr>\n<tr>\n<td>\u0095 2.4 ghz to 2.4835 ghz:   20 dbm<\/td>\n<\/tr>\n<tr>\n<td>\u0095 5 ghz to 5.85 ghz:   23 dbm<\/td>\n<\/tr>\n<tr>\n<td>Voice tracking<\/td>\n<\/tr>\n<tr>\n<td>Distance 3 m<\/td>\n<\/tr>\n<tr>\n<td>Installation<\/td>\n<\/tr>\n<tr>\n<td>Installation modes floor-mounted, wall-mounted, or wall-recessed<\/td>\n<\/tr>\n<\/table>\n","protected":false},"excerpt":{"rendered":"<p>Huawei ideahub b3, basado en la plataforma de hardware de ultima generacion con alta potencia informatica y harmonyos, ofrece conferencias inteligentes en todos los escenarios, bring your own meeting (byom) y un ecosistema con numerosas aplicaciones. Es una solucion optima para la colaboraci\u00f3n sin limites y las conferencias remotas que se adapta a cualquier sala, como la sala de reuniones habitual, la oficina ejecutiva y el area de oficina abierta. &#8211; camara de video 4k de calidad profesional para obtener imagenes nitidas incluso en reuniones largas. &#8211; compatible con auto-framing y speaker tracking; dereverberacion basada en dnn y algoritmo aec, lo que mejora la experiencia de reunion inteligente inmersiva. &#8211; reunion inteligente en todos los escenarios: adaptacion a las principales reuniones en la nube con una experiencia de reunion de 1080p; byom: transferencia sin problemas de sus reuniones. &#8211; byom: proyecci\u00f3n p2p en un toque sin necesidad de configurar la red; pizarra inteligente, como escribir en papel; multi-window y app multiplier para una interaccion facil de usar. &#8211; amplio ecosistema de aplicaciones: muchas de las principales aplicaciones ofimaticas adaptadas y que se pueden descargar con un solo toque en la pantalla; sdk abiertos y estandar para una rapida integracion con las aplicaciones ofimaticas de la empresa. &#8211; proteccion chip-device-pipe-cloud e2e y certificacion de seguridad de alto nivel cc eal5+.<\/p>\n","protected":false},"featured_media":234743,"comment_status":"open","ping_status":"open","template":"","meta":[],"product_cat":[2011,2012],"product_tag":[1673],"acf":[],"yoast_head":"<!-- This site is optimized with the Yoast SEO plugin v21.7 - https:\/\/yoast.com\/wordpress\/plugins\/seo\/ -->\n<title>[ Huawei ] &#129351; 55150937ns-gp,55150937 Pantalla Interactiva De Colaboracion Inteligente Ideahub B3 De 65 Pulgadas, Ihb3-65sa<\/title>\n<meta name=\"description\" content=\"Compra 55150937ns-gp,55150937 Pantalla Interactiva De Colaboracion Inteligente Ideahub B3 De 65 Pulgadas, Ihb3-65sa + Env\u00edo a domicilio + Pago seguro + Garant\u00eda\" \/>\n<meta name=\"robots\" content=\"index, follow, max-snippet:-1, max-image-preview:large, max-video-preview:-1\" \/>\n<link rel=\"canonical\" href=\"https:\/\/compuviper.mx\/tienda\/producto\/huawei-55150937ns-gp55150937-pantalla-interactiva-de-colaboracion-inteligente-ideahub-b3-de-65-pulgadas-ihb3-65sa\/\" \/>\n<meta property=\"og:locale\" content=\"es_MX\" \/>\n<meta property=\"og:type\" content=\"article\" \/>\n<meta property=\"og:title\" content=\"[ Huawei ] &#129351; 55150937ns-gp,55150937 Pantalla Interactiva De Colaboracion Inteligente Ideahub B3 De 65 Pulgadas, Ihb3-65sa\" \/>\n<meta property=\"og:description\" content=\"Compra 55150937ns-gp,55150937 Pantalla Interactiva De Colaboracion Inteligente Ideahub B3 De 65 Pulgadas, Ihb3-65sa + Env\u00edo a domicilio + Pago seguro + Garant\u00eda\" \/>\n<meta property=\"og:url\" content=\"https:\/\/compuviper.mx\/tienda\/producto\/huawei-55150937ns-gp55150937-pantalla-interactiva-de-colaboracion-inteligente-ideahub-b3-de-65-pulgadas-ihb3-65sa\/\" \/>\n<meta property=\"og:site_name\" content=\"Compuviper\" \/>\n<meta property=\"article:publisher\" content=\"https:\/\/www.facebook.com\/compuviper\" \/>\n<meta property=\"article:modified_time\" content=\"2026-04-17T08:30:09+00:00\" \/>\n<meta property=\"og:image\" content=\"https:\/\/compuviper.mx\/tienda\/wp-content\/uploads\/2024\/05\/Pantalla-interactiva-de-colaboracion-inteligente-huawei-ideahub-b3-de-65-pulgadas-ihb3-65sa.jpg\" \/>\n\t<meta property=\"og:image:width\" content=\"200\" \/>\n\t<meta property=\"og:image:height\" content=\"200\" \/>\n\t<meta property=\"og:image:type\" content=\"image\/jpeg\" \/>\n<meta name=\"twitter:card\" content=\"summary_large_image\" \/>\n<meta name=\"twitter:label1\" content=\"Precio\" \/>\n\t<meta name=\"twitter:data1\" content=\"&#36;42,539 con IVA\" \/>\n\t<meta name=\"twitter:label2\" content=\"Availability\" \/>\n\t<meta name=\"twitter:data2\" content=\"Out of stock\" \/>\n<script type=\"application\/ld+json\" class=\"yoast-schema-graph\">{\"@context\":\"https:\/\/schema.org\",\"@graph\":[{\"@type\":\"WebPage\",\"@id\":\"https:\/\/compuviper.mx\/tienda\/producto\/huawei-55150937ns-gp55150937-pantalla-interactiva-de-colaboracion-inteligente-ideahub-b3-de-65-pulgadas-ihb3-65sa\/\",\"url\":\"https:\/\/compuviper.mx\/tienda\/producto\/huawei-55150937ns-gp55150937-pantalla-interactiva-de-colaboracion-inteligente-ideahub-b3-de-65-pulgadas-ihb3-65sa\/\",\"name\":\"[ Huawei ] &#129351; 55150937ns-gp,55150937 Pantalla Interactiva De Colaboracion Inteligente Ideahub B3 De 65 Pulgadas, Ihb3-65sa\",\"isPartOf\":{\"@id\":\"https:\/\/compuviper.mx\/tienda\/#website\"},\"datePublished\":\"2026-04-17T08:30:08+00:00\",\"dateModified\":\"2026-04-17T08:30:09+00:00\",\"description\":\"Compra 55150937ns-gp,55150937 Pantalla Interactiva De Colaboracion Inteligente Ideahub B3 De 65 Pulgadas, Ihb3-65sa + Env\u00edo a domicilio + Pago seguro + Garant\u00eda\",\"breadcrumb\":{\"@id\":\"https:\/\/compuviper.mx\/tienda\/producto\/huawei-55150937ns-gp55150937-pantalla-interactiva-de-colaboracion-inteligente-ideahub-b3-de-65-pulgadas-ihb3-65sa\/#breadcrumb\"},\"inLanguage\":\"es-MX\",\"potentialAction\":[{\"@type\":\"ReadAction\",\"target\":[\"https:\/\/compuviper.mx\/tienda\/producto\/huawei-55150937ns-gp55150937-pantalla-interactiva-de-colaboracion-inteligente-ideahub-b3-de-65-pulgadas-ihb3-65sa\/\"]}]},{\"@type\":\"BreadcrumbList\",\"@id\":\"https:\/\/compuviper.mx\/tienda\/producto\/huawei-55150937ns-gp55150937-pantalla-interactiva-de-colaboracion-inteligente-ideahub-b3-de-65-pulgadas-ihb3-65sa\/#breadcrumb\",\"itemListElement\":[{\"@type\":\"ListItem\",\"position\":1,\"name\":\"Inicio\",\"item\":\"https:\/\/compuviper.mx\/tienda\/\"},{\"@type\":\"ListItem\",\"position\":2,\"name\":\"Productos\",\"item\":\"https:\/\/compuviper.mx\/tienda\/productos\/\"},{\"@type\":\"ListItem\",\"position\":3,\"name\":\"Videoconferencia\",\"item\":\"https:\/\/compuviper.mx\/tienda\/categoria-producto\/videoconferencia\/\"},{\"@type\":\"ListItem\",\"position\":4,\"name\":\"Sin Categor\u00eda\",\"item\":\"https:\/\/compuviper.mx\/tienda\/categoria-producto\/videoconferencia\/sin-categoria-videoconferencia\/\"},{\"@type\":\"ListItem\",\"position\":5,\"name\":\"Huawei 55150937ns-gp,55150937 Pantalla Interactiva De Colaboracion Inteligente Ideahub B3 De 65 Pulgadas, Ihb3-65sa\"}]},{\"@type\":\"WebSite\",\"@id\":\"https:\/\/compuviper.mx\/tienda\/#website\",\"url\":\"https:\/\/compuviper.mx\/tienda\/\",\"name\":\"Compuviper\",\"description\":\"Proveedor de Computadoras, Laptops, Servidores, Monitores, Puntos de Venta, Teclados,   Impresoras, T\u00f3ner, C\u00e1maras de Seguridad y m\u00e1s en tu tienda en l\u00ednea\",\"publisher\":{\"@id\":\"https:\/\/compuviper.mx\/tienda\/#organization\"},\"potentialAction\":[{\"@type\":\"SearchAction\",\"target\":{\"@type\":\"EntryPoint\",\"urlTemplate\":\"https:\/\/compuviper.mx\/tienda\/?s={search_term_string}\"},\"query-input\":\"required name=search_term_string\"}],\"inLanguage\":\"es-MX\"},{\"@type\":\"Organization\",\"@id\":\"https:\/\/compuviper.mx\/tienda\/#organization\",\"name\":\"Compuviper\",\"url\":\"https:\/\/compuviper.mx\/tienda\/\",\"logo\":{\"@type\":\"ImageObject\",\"inLanguage\":\"es-MX\",\"@id\":\"https:\/\/compuviper.mx\/tienda\/#\/schema\/logo\/image\/\",\"url\":\"https:\/\/compuviper.mx\/tienda\/wp-content\/uploads\/2021\/08\/Logo-Compuviper-10.png\",\"contentUrl\":\"https:\/\/compuviper.mx\/tienda\/wp-content\/uploads\/2021\/08\/Logo-Compuviper-10.png\",\"width\":1000,\"height\":500,\"caption\":\"Compuviper\"},\"image\":{\"@id\":\"https:\/\/compuviper.mx\/tienda\/#\/schema\/logo\/image\/\"},\"sameAs\":[\"https:\/\/www.facebook.com\/compuviper\",\"https:\/\/www.youtube.com\/channel\/UCf73dERp9Y3cfOq7q8BhLjA?view_as=subscriber\"]}]}<\/script>\n<meta property=\"product:brand\" content=\"HUAWEI\" \/>\n<meta property=\"product:price:amount\" content=\"42539\" \/>\n<meta property=\"product:price:currency\" content=\"MXN\" \/>\n<meta property=\"og:availability\" content=\"out of stock\" \/>\n<meta property=\"product:availability\" content=\"out of stock\" \/>\n<meta property=\"product:retailer_item_id\" content=\"55150937NS-GP,55150937\" \/>\n<meta property=\"product:condition\" content=\"new\" \/>\n<!-- \/ Yoast SEO plugin. -->","yoast_head_json":{"title":"[ Huawei ] &#129351; 55150937ns-gp,55150937 Pantalla Interactiva De Colaboracion Inteligente Ideahub B3 De 65 Pulgadas, Ihb3-65sa","description":"Compra 55150937ns-gp,55150937 Pantalla Interactiva De Colaboracion Inteligente Ideahub B3 De 65 Pulgadas, Ihb3-65sa + Env\u00edo a domicilio + Pago seguro + Garant\u00eda","robots":{"index":"index","follow":"follow","max-snippet":"max-snippet:-1","max-image-preview":"max-image-preview:large","max-video-preview":"max-video-preview:-1"},"canonical":"https:\/\/compuviper.mx\/tienda\/producto\/huawei-55150937ns-gp55150937-pantalla-interactiva-de-colaboracion-inteligente-ideahub-b3-de-65-pulgadas-ihb3-65sa\/","og_locale":"es_MX","og_type":"article","og_title":"[ Huawei ] &#129351; 55150937ns-gp,55150937 Pantalla Interactiva De Colaboracion Inteligente Ideahub B3 De 65 Pulgadas, Ihb3-65sa","og_description":"Compra 55150937ns-gp,55150937 Pantalla Interactiva De Colaboracion Inteligente Ideahub B3 De 65 Pulgadas, Ihb3-65sa + Env\u00edo a domicilio + Pago seguro + Garant\u00eda","og_url":"https:\/\/compuviper.mx\/tienda\/producto\/huawei-55150937ns-gp55150937-pantalla-interactiva-de-colaboracion-inteligente-ideahub-b3-de-65-pulgadas-ihb3-65sa\/","og_site_name":"Compuviper","article_publisher":"https:\/\/www.facebook.com\/compuviper","article_modified_time":"2026-04-17T08:30:09+00:00","og_image":[{"width":200,"height":200,"url":"https:\/\/compuviper.mx\/tienda\/wp-content\/uploads\/2024\/05\/Pantalla-interactiva-de-colaboracion-inteligente-huawei-ideahub-b3-de-65-pulgadas-ihb3-65sa.jpg","type":"image\/jpeg"}],"twitter_card":"summary_large_image","twitter_misc":{"Precio":"&#36;42,539 con IVA","Availability":"Out of stock"},"schema":{"@context":"https:\/\/schema.org","@graph":[{"@type":"WebPage","@id":"https:\/\/compuviper.mx\/tienda\/producto\/huawei-55150937ns-gp55150937-pantalla-interactiva-de-colaboracion-inteligente-ideahub-b3-de-65-pulgadas-ihb3-65sa\/","url":"https:\/\/compuviper.mx\/tienda\/producto\/huawei-55150937ns-gp55150937-pantalla-interactiva-de-colaboracion-inteligente-ideahub-b3-de-65-pulgadas-ihb3-65sa\/","name":"[ Huawei ] &#129351; 55150937ns-gp,55150937 Pantalla Interactiva De Colaboracion Inteligente Ideahub B3 De 65 Pulgadas, Ihb3-65sa","isPartOf":{"@id":"https:\/\/compuviper.mx\/tienda\/#website"},"datePublished":"2026-04-17T08:30:08+00:00","dateModified":"2026-04-17T08:30:09+00:00","description":"Compra 55150937ns-gp,55150937 Pantalla Interactiva De Colaboracion Inteligente Ideahub B3 De 65 Pulgadas, Ihb3-65sa + Env\u00edo a domicilio + Pago seguro + Garant\u00eda","breadcrumb":{"@id":"https:\/\/compuviper.mx\/tienda\/producto\/huawei-55150937ns-gp55150937-pantalla-interactiva-de-colaboracion-inteligente-ideahub-b3-de-65-pulgadas-ihb3-65sa\/#breadcrumb"},"inLanguage":"es-MX","potentialAction":[{"@type":"ReadAction","target":["https:\/\/compuviper.mx\/tienda\/producto\/huawei-55150937ns-gp55150937-pantalla-interactiva-de-colaboracion-inteligente-ideahub-b3-de-65-pulgadas-ihb3-65sa\/"]}]},{"@type":"BreadcrumbList","@id":"https:\/\/compuviper.mx\/tienda\/producto\/huawei-55150937ns-gp55150937-pantalla-interactiva-de-colaboracion-inteligente-ideahub-b3-de-65-pulgadas-ihb3-65sa\/#breadcrumb","itemListElement":[{"@type":"ListItem","position":1,"name":"Inicio","item":"https:\/\/compuviper.mx\/tienda\/"},{"@type":"ListItem","position":2,"name":"Productos","item":"https:\/\/compuviper.mx\/tienda\/productos\/"},{"@type":"ListItem","position":3,"name":"Videoconferencia","item":"https:\/\/compuviper.mx\/tienda\/categoria-producto\/videoconferencia\/"},{"@type":"ListItem","position":4,"name":"Sin Categor\u00eda","item":"https:\/\/compuviper.mx\/tienda\/categoria-producto\/videoconferencia\/sin-categoria-videoconferencia\/"},{"@type":"ListItem","position":5,"name":"Huawei 55150937ns-gp,55150937 Pantalla Interactiva De Colaboracion Inteligente Ideahub B3 De 65 Pulgadas, Ihb3-65sa"}]},{"@type":"WebSite","@id":"https:\/\/compuviper.mx\/tienda\/#website","url":"https:\/\/compuviper.mx\/tienda\/","name":"Compuviper","description":"Proveedor de Computadoras, Laptops, Servidores, Monitores, Puntos de Venta, Teclados,   Impresoras, T\u00f3ner, C\u00e1maras de Seguridad y m\u00e1s en tu tienda en l\u00ednea","publisher":{"@id":"https:\/\/compuviper.mx\/tienda\/#organization"},"potentialAction":[{"@type":"SearchAction","target":{"@type":"EntryPoint","urlTemplate":"https:\/\/compuviper.mx\/tienda\/?s={search_term_string}"},"query-input":"required name=search_term_string"}],"inLanguage":"es-MX"},{"@type":"Organization","@id":"https:\/\/compuviper.mx\/tienda\/#organization","name":"Compuviper","url":"https:\/\/compuviper.mx\/tienda\/","logo":{"@type":"ImageObject","inLanguage":"es-MX","@id":"https:\/\/compuviper.mx\/tienda\/#\/schema\/logo\/image\/","url":"https:\/\/compuviper.mx\/tienda\/wp-content\/uploads\/2021\/08\/Logo-Compuviper-10.png","contentUrl":"https:\/\/compuviper.mx\/tienda\/wp-content\/uploads\/2021\/08\/Logo-Compuviper-10.png","width":1000,"height":500,"caption":"Compuviper"},"image":{"@id":"https:\/\/compuviper.mx\/tienda\/#\/schema\/logo\/image\/"},"sameAs":["https:\/\/www.facebook.com\/compuviper","https:\/\/www.youtube.com\/channel\/UCf73dERp9Y3cfOq7q8BhLjA?view_as=subscriber"]}]},"product_brand":"HUAWEI","product_price_amount":"42539","product_price_currency":"MXN","og_availability":"out of stock","product_availability":"out of stock","product_retailer_item_id":"55150937NS-GP,55150937","product_condition":"new"},"_links":{"self":[{"href":"https:\/\/compuviper.mx\/tienda\/wp-json\/wp\/v2\/product\/227315"}],"collection":[{"href":"https:\/\/compuviper.mx\/tienda\/wp-json\/wp\/v2\/product"}],"about":[{"href":"https:\/\/compuviper.mx\/tienda\/wp-json\/wp\/v2\/types\/product"}],"replies":[{"embeddable":true,"href":"https:\/\/compuviper.mx\/tienda\/wp-json\/wp\/v2\/comments?post=227315"}],"wp:featuredmedia":[{"embeddable":true,"href":"https:\/\/compuviper.mx\/tienda\/wp-json\/wp\/v2\/media\/234743"}],"wp:attachment":[{"href":"https:\/\/compuviper.mx\/tienda\/wp-json\/wp\/v2\/media?parent=227315"}],"wp:term":[{"taxonomy":"product_cat","embeddable":true,"href":"https:\/\/compuviper.mx\/tienda\/wp-json\/wp\/v2\/product_cat?post=227315"},{"taxonomy":"product_tag","embeddable":true,"href":"https:\/\/compuviper.mx\/tienda\/wp-json\/wp\/v2\/product_tag?post=227315"}],"curies":[{"name":"wp","href":"https:\/\/api.w.org\/{rel}","templated":true}]}}