{"id":227309,"date":"2026-04-17T02:30:06","date_gmt":"2026-04-17T08:30:06","guid":{"rendered":"https:\/\/compuviper.mx\/tienda\/producto\/huawei-55150692ns-gp-pantalla-interactiva-de-colaboracion-inteligente-ideahub-board-2-de-75-pulgadas-ihb2-75su\/"},"modified":"2026-04-17T02:30:06","modified_gmt":"2026-04-17T08:30:06","slug":"huawei-55150692ns-gp-pantalla-interactiva-de-colaboracion-inteligente-ideahub-board-2-de-75-pulgadas-ihb2-75su","status":"publish","type":"product","link":"https:\/\/compuviper.mx\/tienda\/producto\/huawei-55150692ns-gp-pantalla-interactiva-de-colaboracion-inteligente-ideahub-board-2-de-75-pulgadas-ihb2-75su\/","title":{"rendered":"Huawei 55150692ns-gp Pantalla Interactiva De Colaboracion Inteligente  Ideahub Board 2 De 75 Pulgadas, Ihb2-75su"},"content":{"rendered":"<table class=\"descripcion\">\n<tr>\n<td>Item specifications<\/td>\n<\/tr>\n<tr>\n<td>System<\/td>\n<\/tr>\n<tr>\n<td>Cpu 2 x a73 + 2 x a53<\/td>\n<\/tr>\n<tr>\n<td>Gpu mali-g51 mp4<\/td>\n<\/tr>\n<tr>\n<td>Ram 4 gb<\/td>\n<\/tr>\n<tr>\n<td>Flash 32 gb<\/td>\n<\/tr>\n<tr>\n<td>Operating system android 9.0 is supported. the optional ops supports windows 10.<\/td>\n<\/tr>\n<tr>\n<td>Screen display<\/td>\n<\/tr>\n<tr>\n<td>Aspect ratio 16:09<\/td>\n<\/tr>\n<tr>\n<td>Display resolution 3840 x 2160<\/td>\n<\/tr>\n<tr>\n<td>Refresh rate 60 hz<\/td>\n<\/tr>\n<tr>\n<td>Viewing angle  and #8805; 178\u00b0<\/td>\n<\/tr>\n<tr>\n<td>Response time (typical value) 8 ms<\/td>\n<\/tr>\n<tr>\n<td>Display area 65-inch model: 1428.48 mm x 803.52 mm<\/td>\n<\/tr>\n<tr>\n<td> 75-inch model: 1649.66 mm x 927.94 mm<\/td>\n<\/tr>\n<tr>\n<td> 86-inch model: 1895.04 mm x 1065.96 mm<\/td>\n<\/tr>\n<tr>\n<td>Pixel distance 65-inch model: 372.0  and #956;m x 372.0  and #956;m<\/td>\n<\/tr>\n<tr>\n<td> 75-inch model: 429.6  and #956;m x 429.6  and #956;m<\/td>\n<\/tr>\n<tr>\n<td> 86-inch model: 493.5  and #956;m x 493.5  and #956;m<\/td>\n<\/tr>\n<tr>\n<td>Color depth 10 bit (8 bit + frc)<\/td>\n<\/tr>\n<tr>\n<td>Hardware-based anti-blue light supported<\/td>\n<\/tr>\n<tr>\n<td>Surface treatment of glass anti-glare<\/td>\n<\/tr>\n<tr>\n<td>Contrast (typical value) 1200:01:00<\/td>\n<\/tr>\n<tr>\n<td>Brightness (typical value\/maximum value) 350 nits\/400 nits<\/td>\n<\/tr>\n<tr>\n<td>Mean time to failure (mttf) 30000 hours<\/td>\n<\/tr>\n<tr>\n<td>Screen brightness uniformity  and #8805; 70%<\/td>\n<\/tr>\n<tr>\n<td>Backlight type d-led<\/td>\n<\/tr>\n<tr>\n<td>Screen type infrared screen<\/td>\n<\/tr>\n<tr>\n<td>Panel technology ips<\/td>\n<\/tr>\n<tr>\n<td>Glass thickness  and #8805; 3.2 mm<\/td>\n<\/tr>\n<tr>\n<td>Screen touch control<\/td>\n<\/tr>\n<tr>\n<td>Maximum number of touch points 20<\/td>\n<\/tr>\n<tr>\n<td>Maximum identifiable objects 2 points, 3 mm<\/td>\n<\/tr>\n<tr>\n<td>Touch precision \u00b11 mm<\/td>\n<\/tr>\n<tr>\n<td>Maximum screen sensing range  and #8804; 1.5 mm<\/td>\n<\/tr>\n<tr>\n<td>Touchscreen resolution 32767 (w) x 32767 (d)<\/td>\n<\/tr>\n<tr>\n<td>Built-in speaker<\/td>\n<\/tr>\n<tr>\n<td>Quantity 2 x (tweeter + full-frequency unit)<\/td>\n<\/tr>\n<tr>\n<td>Total power of speaker 2 x 15 w<\/td>\n<\/tr>\n<tr>\n<td>Sound output mode front tweeters and bottom full-frequency speakers<\/td>\n<\/tr>\n<tr>\n<td>Frequency response range 100 hz to 20 khz<\/td>\n<\/tr>\n<tr>\n<td>Stereo supported<\/td>\n<\/tr>\n<tr>\n<td>Maximum sound level 95 db spl@1 m<\/td>\n<\/tr>\n<tr>\n<td>Electricity supply requirements<\/td>\n<\/tr>\n<tr>\n<td>Rated operating voltage 100\u0096240 v ac, 50\/60 hz<\/td>\n<\/tr>\n<tr>\n<td>Maximum power consumption 65-inch model: 350 w<\/td>\n<\/tr>\n<tr>\n<td> 75-inch model: 420 w<\/td>\n<\/tr>\n<tr>\n<td> 86-inch model: 450 w<\/td>\n<\/tr>\n<tr>\n<td>Standby power   0.5 w<\/td>\n<\/tr>\n<tr>\n<td>Environmental requirements (in use)<\/td>\n<\/tr>\n<tr>\n<td>Ambient temperature 0 and #8451; to 40 and #8451;<\/td>\n<\/tr>\n<tr>\n<td>Relative humidity 10%\u009695%<\/td>\n<\/tr>\n<tr>\n<td>Emc level class a<\/td>\n<\/tr>\n<tr>\n<td>Operating altitude   5000 m<\/td>\n<\/tr>\n<tr>\n<td>Operating (hour\/day) 16-jul<\/td>\n<\/tr>\n<tr>\n<td>Environmental requirements (idle)<\/td>\n<\/tr>\n<tr>\n<td>Ambient temperature \u009620\u00b0c to +60\u00b0c<\/td>\n<\/tr>\n<tr>\n<td>Relative humidity (non-condensing) 5% to 95%<\/td>\n<\/tr>\n<tr>\n<td>Physical parameters of the entire system<\/td>\n<\/tr>\n<tr>\n<td>Product dimensions 65-inch model: 892.5 mm x 1484.5 mm x 91.6 mm<\/td>\n<\/tr>\n<tr>\n<td> 75-inch model: 1016.9 mm x 1705.7 mm x 91.8 mm<\/td>\n<\/tr>\n<tr>\n<td> 86-inch model: 1157.0 mm x 1953.0 mm x 91.8 mm<\/td>\n<\/tr>\n<tr>\n<td>Package dimensions 65-inch model: 1050 mm x 1650 mm x 220 mm<\/td>\n<\/tr>\n<tr>\n<td> 75-inch model: 1170 mm x 1900 mm x 220 mm<\/td>\n<\/tr>\n<tr>\n<td> 86-inch model: 1300 mm x 2090 mm x 250 mm<\/td>\n<\/tr>\n<tr>\n<td>Net weight 65-inch model: 35.2 kg<\/td>\n<\/tr>\n<tr>\n<td> 75-inch model: 46.7 kg<\/td>\n<\/tr>\n<tr>\n<td> 86-inch model: 61.6 kg<\/td>\n<\/tr>\n<tr>\n<td>Gross weight (including the package) 65-inch model: 42.7 kg<\/td>\n<\/tr>\n<tr>\n<td> 75-inch model: 56.7 kg<\/td>\n<\/tr>\n<tr>\n<td> 86-inch model: 73.1 kg<\/td>\n<\/tr>\n<tr>\n<td>(optional) floor stand<\/td>\n<\/tr>\n<tr>\n<td>Product dimensions 1525.0 mm x 1302.0 mm x 764.0 mm<\/td>\n<\/tr>\n<tr>\n<td>Package dimensions 180 mm x 1390 mm x 845 mm<\/td>\n<\/tr>\n<tr>\n<td>Net weight 19.5 kg<\/td>\n<\/tr>\n<tr>\n<td>Gross weight (including the package) 24.8 kg<\/td>\n<\/tr>\n<tr>\n<td>(optional) wall-mounted bracket<\/td>\n<\/tr>\n<tr>\n<td>Product dimensions 30 mm x 1170 mm x 210 mm<\/td>\n<\/tr>\n<tr>\n<td>Package dimensions 86 mm x 1270 mm x 300 mm<\/td>\n<\/tr>\n<tr>\n<td>Net weight 3.6 kg<\/td>\n<\/tr>\n<tr>\n<td>Gross weight (including the package) 5.5 kg<\/td>\n<\/tr>\n<tr>\n<td>Stylus pen<\/td>\n<\/tr>\n<tr>\n<td>Quantity 2<\/td>\n<\/tr>\n<tr>\n<td>Wi-fi<\/td>\n<\/tr>\n<tr>\n<td>Wi-fi protocol 802.11 a\/b\/g\/n\/ac<\/td>\n<\/tr>\n<tr>\n<td>Supported frequency band 2.4g to 2.4835g<\/td>\n<\/tr>\n<tr>\n<td> 5g to 5.85g<\/td>\n<\/tr>\n<tr>\n<td>Maximum transmit power 2.4g: 20 dbm<\/td>\n<\/tr>\n<tr>\n<td> 5g: 23 dbm<\/td>\n<\/tr>\n<tr>\n<td>Installation<\/td>\n<\/tr>\n<tr>\n<td>Installation modes wall-mounted and floor stand<\/td>\n<\/tr>\n<\/table>\n","protected":false},"excerpt":{"rendered":"<p>Huawei ideahub board 2 es un dispositivo de colaboracion educativa de proxima generacion equipado con una pantalla de luz suave 4k para proteger sus ojos. Integra el ecosistema de hardware y software de ensenanza para proporcionar funciones como escritura fluida, proyeccion conveniente y conexion multimedia en aulas digitales, aprendizaje hibrido y escenarios de aula colaborativa. El board 2 esta disponible en modelos de 65\/75\/86 pulgadas.<\/p>\n","protected":false},"featured_media":243643,"comment_status":"open","ping_status":"open","template":"","meta":[],"product_cat":[2011,2012],"product_tag":[1673],"acf":[],"yoast_head":"<!-- This site is optimized with the Yoast SEO plugin v21.7 - https:\/\/yoast.com\/wordpress\/plugins\/seo\/ -->\n<title>[ Huawei ] &#129351; 55150692ns-gp Pantalla Interactiva De Colaboracion Inteligente Ideahub Board 2 De 75 Pulgadas, Ihb2-75su<\/title>\n<meta name=\"description\" content=\"Compra 55150692ns-gp Pantalla Interactiva De Colaboracion Inteligente Ideahub Board 2 De 75 Pulgadas, Ihb2-75su + Env\u00edo a domicilio + Pago seguro + Garant\u00eda\" \/>\n<meta name=\"robots\" content=\"index, follow, max-snippet:-1, max-image-preview:large, max-video-preview:-1\" \/>\n<link rel=\"canonical\" href=\"https:\/\/compuviper.mx\/tienda\/producto\/huawei-55150692ns-gp-pantalla-interactiva-de-colaboracion-inteligente-ideahub-board-2-de-75-pulgadas-ihb2-75su\/\" \/>\n<meta property=\"og:locale\" content=\"es_MX\" \/>\n<meta property=\"og:type\" content=\"article\" \/>\n<meta property=\"og:title\" content=\"[ Huawei ] &#129351; 55150692ns-gp Pantalla Interactiva De Colaboracion Inteligente Ideahub Board 2 De 75 Pulgadas, Ihb2-75su\" \/>\n<meta property=\"og:description\" content=\"Compra 55150692ns-gp Pantalla Interactiva De Colaboracion Inteligente Ideahub Board 2 De 75 Pulgadas, Ihb2-75su + Env\u00edo a domicilio + Pago seguro + Garant\u00eda\" \/>\n<meta property=\"og:url\" content=\"https:\/\/compuviper.mx\/tienda\/producto\/huawei-55150692ns-gp-pantalla-interactiva-de-colaboracion-inteligente-ideahub-board-2-de-75-pulgadas-ihb2-75su\/\" \/>\n<meta property=\"og:site_name\" content=\"Compuviper\" \/>\n<meta property=\"article:publisher\" content=\"https:\/\/www.facebook.com\/compuviper\" \/>\n<meta property=\"og:image\" content=\"https:\/\/compuviper.mx\/tienda\/wp-content\/uploads\/2024\/09\/Pantalla-interactiva-de-colaboracion-inteligente-huawei-ideahub-board-2-de-75-pulgadas-ihb2-75su.jpg\" \/>\n\t<meta property=\"og:image:width\" content=\"200\" \/>\n\t<meta property=\"og:image:height\" content=\"200\" \/>\n\t<meta property=\"og:image:type\" content=\"image\/jpeg\" \/>\n<meta name=\"twitter:card\" content=\"summary_large_image\" \/>\n<meta name=\"twitter:label1\" content=\"Precio\" \/>\n\t<meta name=\"twitter:data1\" content=\"&#36;37,337 con IVA\" \/>\n\t<meta name=\"twitter:label2\" content=\"Availability\" \/>\n\t<meta name=\"twitter:data2\" content=\"Out of stock\" \/>\n<script type=\"application\/ld+json\" class=\"yoast-schema-graph\">{\"@context\":\"https:\/\/schema.org\",\"@graph\":[{\"@type\":\"WebPage\",\"@id\":\"https:\/\/compuviper.mx\/tienda\/producto\/huawei-55150692ns-gp-pantalla-interactiva-de-colaboracion-inteligente-ideahub-board-2-de-75-pulgadas-ihb2-75su\/\",\"url\":\"https:\/\/compuviper.mx\/tienda\/producto\/huawei-55150692ns-gp-pantalla-interactiva-de-colaboracion-inteligente-ideahub-board-2-de-75-pulgadas-ihb2-75su\/\",\"name\":\"[ Huawei ] &#129351; 55150692ns-gp Pantalla Interactiva De Colaboracion Inteligente Ideahub Board 2 De 75 Pulgadas, Ihb2-75su\",\"isPartOf\":{\"@id\":\"https:\/\/compuviper.mx\/tienda\/#website\"},\"datePublished\":\"2026-04-17T08:30:06+00:00\",\"dateModified\":\"2026-04-17T08:30:06+00:00\",\"description\":\"Compra 55150692ns-gp Pantalla Interactiva De Colaboracion Inteligente Ideahub Board 2 De 75 Pulgadas, Ihb2-75su + Env\u00edo a domicilio + Pago seguro + Garant\u00eda\",\"breadcrumb\":{\"@id\":\"https:\/\/compuviper.mx\/tienda\/producto\/huawei-55150692ns-gp-pantalla-interactiva-de-colaboracion-inteligente-ideahub-board-2-de-75-pulgadas-ihb2-75su\/#breadcrumb\"},\"inLanguage\":\"es-MX\",\"potentialAction\":[{\"@type\":\"ReadAction\",\"target\":[\"https:\/\/compuviper.mx\/tienda\/producto\/huawei-55150692ns-gp-pantalla-interactiva-de-colaboracion-inteligente-ideahub-board-2-de-75-pulgadas-ihb2-75su\/\"]}]},{\"@type\":\"BreadcrumbList\",\"@id\":\"https:\/\/compuviper.mx\/tienda\/producto\/huawei-55150692ns-gp-pantalla-interactiva-de-colaboracion-inteligente-ideahub-board-2-de-75-pulgadas-ihb2-75su\/#breadcrumb\",\"itemListElement\":[{\"@type\":\"ListItem\",\"position\":1,\"name\":\"Inicio\",\"item\":\"https:\/\/compuviper.mx\/tienda\/\"},{\"@type\":\"ListItem\",\"position\":2,\"name\":\"Productos\",\"item\":\"https:\/\/compuviper.mx\/tienda\/productos\/\"},{\"@type\":\"ListItem\",\"position\":3,\"name\":\"Videoconferencia\",\"item\":\"https:\/\/compuviper.mx\/tienda\/categoria-producto\/videoconferencia\/\"},{\"@type\":\"ListItem\",\"position\":4,\"name\":\"Sin Categor\u00eda\",\"item\":\"https:\/\/compuviper.mx\/tienda\/categoria-producto\/videoconferencia\/sin-categoria-videoconferencia\/\"},{\"@type\":\"ListItem\",\"position\":5,\"name\":\"Huawei 55150692ns-gp Pantalla Interactiva De Colaboracion Inteligente Ideahub Board 2 De 75 Pulgadas, Ihb2-75su\"}]},{\"@type\":\"WebSite\",\"@id\":\"https:\/\/compuviper.mx\/tienda\/#website\",\"url\":\"https:\/\/compuviper.mx\/tienda\/\",\"name\":\"Compuviper\",\"description\":\"Proveedor de Computadoras, Laptops, Servidores, Monitores, Puntos de Venta, Teclados,   Impresoras, T\u00f3ner, C\u00e1maras de Seguridad y m\u00e1s en tu tienda en l\u00ednea\",\"publisher\":{\"@id\":\"https:\/\/compuviper.mx\/tienda\/#organization\"},\"potentialAction\":[{\"@type\":\"SearchAction\",\"target\":{\"@type\":\"EntryPoint\",\"urlTemplate\":\"https:\/\/compuviper.mx\/tienda\/?s={search_term_string}\"},\"query-input\":\"required name=search_term_string\"}],\"inLanguage\":\"es-MX\"},{\"@type\":\"Organization\",\"@id\":\"https:\/\/compuviper.mx\/tienda\/#organization\",\"name\":\"Compuviper\",\"url\":\"https:\/\/compuviper.mx\/tienda\/\",\"logo\":{\"@type\":\"ImageObject\",\"inLanguage\":\"es-MX\",\"@id\":\"https:\/\/compuviper.mx\/tienda\/#\/schema\/logo\/image\/\",\"url\":\"https:\/\/compuviper.mx\/tienda\/wp-content\/uploads\/2021\/08\/Logo-Compuviper-10.png\",\"contentUrl\":\"https:\/\/compuviper.mx\/tienda\/wp-content\/uploads\/2021\/08\/Logo-Compuviper-10.png\",\"width\":1000,\"height\":500,\"caption\":\"Compuviper\"},\"image\":{\"@id\":\"https:\/\/compuviper.mx\/tienda\/#\/schema\/logo\/image\/\"},\"sameAs\":[\"https:\/\/www.facebook.com\/compuviper\",\"https:\/\/www.youtube.com\/channel\/UCf73dERp9Y3cfOq7q8BhLjA?view_as=subscriber\"]}]}<\/script>\n<meta property=\"product:brand\" content=\"HUAWEI\" \/>\n<meta property=\"product:price:amount\" content=\"37337\" \/>\n<meta property=\"product:price:currency\" content=\"MXN\" \/>\n<meta property=\"og:availability\" content=\"out of stock\" \/>\n<meta property=\"product:availability\" content=\"out of stock\" \/>\n<meta property=\"product:retailer_item_id\" content=\"55150692NS-GP\" \/>\n<meta property=\"product:condition\" content=\"new\" \/>\n<!-- \/ Yoast SEO plugin. -->","yoast_head_json":{"title":"[ Huawei ] &#129351; 55150692ns-gp Pantalla Interactiva De Colaboracion Inteligente Ideahub Board 2 De 75 Pulgadas, Ihb2-75su","description":"Compra 55150692ns-gp Pantalla Interactiva De Colaboracion Inteligente Ideahub Board 2 De 75 Pulgadas, Ihb2-75su + Env\u00edo a domicilio + Pago seguro + Garant\u00eda","robots":{"index":"index","follow":"follow","max-snippet":"max-snippet:-1","max-image-preview":"max-image-preview:large","max-video-preview":"max-video-preview:-1"},"canonical":"https:\/\/compuviper.mx\/tienda\/producto\/huawei-55150692ns-gp-pantalla-interactiva-de-colaboracion-inteligente-ideahub-board-2-de-75-pulgadas-ihb2-75su\/","og_locale":"es_MX","og_type":"article","og_title":"[ Huawei ] &#129351; 55150692ns-gp Pantalla Interactiva De Colaboracion Inteligente Ideahub Board 2 De 75 Pulgadas, Ihb2-75su","og_description":"Compra 55150692ns-gp Pantalla Interactiva De Colaboracion Inteligente Ideahub Board 2 De 75 Pulgadas, Ihb2-75su + Env\u00edo a domicilio + Pago seguro + Garant\u00eda","og_url":"https:\/\/compuviper.mx\/tienda\/producto\/huawei-55150692ns-gp-pantalla-interactiva-de-colaboracion-inteligente-ideahub-board-2-de-75-pulgadas-ihb2-75su\/","og_site_name":"Compuviper","article_publisher":"https:\/\/www.facebook.com\/compuviper","og_image":[{"width":200,"height":200,"url":"https:\/\/compuviper.mx\/tienda\/wp-content\/uploads\/2024\/09\/Pantalla-interactiva-de-colaboracion-inteligente-huawei-ideahub-board-2-de-75-pulgadas-ihb2-75su.jpg","type":"image\/jpeg"}],"twitter_card":"summary_large_image","twitter_misc":{"Precio":"&#36;37,337 con IVA","Availability":"Out of stock"},"schema":{"@context":"https:\/\/schema.org","@graph":[{"@type":"WebPage","@id":"https:\/\/compuviper.mx\/tienda\/producto\/huawei-55150692ns-gp-pantalla-interactiva-de-colaboracion-inteligente-ideahub-board-2-de-75-pulgadas-ihb2-75su\/","url":"https:\/\/compuviper.mx\/tienda\/producto\/huawei-55150692ns-gp-pantalla-interactiva-de-colaboracion-inteligente-ideahub-board-2-de-75-pulgadas-ihb2-75su\/","name":"[ Huawei ] &#129351; 55150692ns-gp Pantalla Interactiva De Colaboracion Inteligente Ideahub Board 2 De 75 Pulgadas, Ihb2-75su","isPartOf":{"@id":"https:\/\/compuviper.mx\/tienda\/#website"},"datePublished":"2026-04-17T08:30:06+00:00","dateModified":"2026-04-17T08:30:06+00:00","description":"Compra 55150692ns-gp Pantalla Interactiva De Colaboracion Inteligente Ideahub Board 2 De 75 Pulgadas, Ihb2-75su + Env\u00edo a domicilio + Pago seguro + Garant\u00eda","breadcrumb":{"@id":"https:\/\/compuviper.mx\/tienda\/producto\/huawei-55150692ns-gp-pantalla-interactiva-de-colaboracion-inteligente-ideahub-board-2-de-75-pulgadas-ihb2-75su\/#breadcrumb"},"inLanguage":"es-MX","potentialAction":[{"@type":"ReadAction","target":["https:\/\/compuviper.mx\/tienda\/producto\/huawei-55150692ns-gp-pantalla-interactiva-de-colaboracion-inteligente-ideahub-board-2-de-75-pulgadas-ihb2-75su\/"]}]},{"@type":"BreadcrumbList","@id":"https:\/\/compuviper.mx\/tienda\/producto\/huawei-55150692ns-gp-pantalla-interactiva-de-colaboracion-inteligente-ideahub-board-2-de-75-pulgadas-ihb2-75su\/#breadcrumb","itemListElement":[{"@type":"ListItem","position":1,"name":"Inicio","item":"https:\/\/compuviper.mx\/tienda\/"},{"@type":"ListItem","position":2,"name":"Productos","item":"https:\/\/compuviper.mx\/tienda\/productos\/"},{"@type":"ListItem","position":3,"name":"Videoconferencia","item":"https:\/\/compuviper.mx\/tienda\/categoria-producto\/videoconferencia\/"},{"@type":"ListItem","position":4,"name":"Sin Categor\u00eda","item":"https:\/\/compuviper.mx\/tienda\/categoria-producto\/videoconferencia\/sin-categoria-videoconferencia\/"},{"@type":"ListItem","position":5,"name":"Huawei 55150692ns-gp Pantalla Interactiva De Colaboracion Inteligente Ideahub Board 2 De 75 Pulgadas, Ihb2-75su"}]},{"@type":"WebSite","@id":"https:\/\/compuviper.mx\/tienda\/#website","url":"https:\/\/compuviper.mx\/tienda\/","name":"Compuviper","description":"Proveedor de Computadoras, Laptops, Servidores, Monitores, Puntos de Venta, Teclados,   Impresoras, T\u00f3ner, C\u00e1maras de Seguridad y m\u00e1s en tu tienda en l\u00ednea","publisher":{"@id":"https:\/\/compuviper.mx\/tienda\/#organization"},"potentialAction":[{"@type":"SearchAction","target":{"@type":"EntryPoint","urlTemplate":"https:\/\/compuviper.mx\/tienda\/?s={search_term_string}"},"query-input":"required name=search_term_string"}],"inLanguage":"es-MX"},{"@type":"Organization","@id":"https:\/\/compuviper.mx\/tienda\/#organization","name":"Compuviper","url":"https:\/\/compuviper.mx\/tienda\/","logo":{"@type":"ImageObject","inLanguage":"es-MX","@id":"https:\/\/compuviper.mx\/tienda\/#\/schema\/logo\/image\/","url":"https:\/\/compuviper.mx\/tienda\/wp-content\/uploads\/2021\/08\/Logo-Compuviper-10.png","contentUrl":"https:\/\/compuviper.mx\/tienda\/wp-content\/uploads\/2021\/08\/Logo-Compuviper-10.png","width":1000,"height":500,"caption":"Compuviper"},"image":{"@id":"https:\/\/compuviper.mx\/tienda\/#\/schema\/logo\/image\/"},"sameAs":["https:\/\/www.facebook.com\/compuviper","https:\/\/www.youtube.com\/channel\/UCf73dERp9Y3cfOq7q8BhLjA?view_as=subscriber"]}]},"product_brand":"HUAWEI","product_price_amount":"37337","product_price_currency":"MXN","og_availability":"out of stock","product_availability":"out of stock","product_retailer_item_id":"55150692NS-GP","product_condition":"new"},"_links":{"self":[{"href":"https:\/\/compuviper.mx\/tienda\/wp-json\/wp\/v2\/product\/227309"}],"collection":[{"href":"https:\/\/compuviper.mx\/tienda\/wp-json\/wp\/v2\/product"}],"about":[{"href":"https:\/\/compuviper.mx\/tienda\/wp-json\/wp\/v2\/types\/product"}],"replies":[{"embeddable":true,"href":"https:\/\/compuviper.mx\/tienda\/wp-json\/wp\/v2\/comments?post=227309"}],"wp:featuredmedia":[{"embeddable":true,"href":"https:\/\/compuviper.mx\/tienda\/wp-json\/wp\/v2\/media\/243643"}],"wp:attachment":[{"href":"https:\/\/compuviper.mx\/tienda\/wp-json\/wp\/v2\/media?parent=227309"}],"wp:term":[{"taxonomy":"product_cat","embeddable":true,"href":"https:\/\/compuviper.mx\/tienda\/wp-json\/wp\/v2\/product_cat?post=227309"},{"taxonomy":"product_tag","embeddable":true,"href":"https:\/\/compuviper.mx\/tienda\/wp-json\/wp\/v2\/product_tag?post=227309"}],"curies":[{"name":"wp","href":"https:\/\/api.w.org\/{rel}","templated":true}]}}