{"id":227236,"date":"2026-04-17T02:27:12","date_gmt":"2026-04-17T08:27:12","guid":{"rendered":"https:\/\/compuviper.mx\/tienda\/producto\/hewlett-packard-enterprise-ak379a-libreria-de-cintas-de-respaldo-storeever-hpe-msl2024-cap-24-lto-2u\/"},"modified":"2026-04-17T02:27:12","modified_gmt":"2026-04-17T08:27:12","slug":"hewlett-packard-enterprise-ak379a-libreria-de-cintas-de-respaldo-storeever-hpe-msl2024-cap-24-lto-2u","status":"publish","type":"product","link":"https:\/\/compuviper.mx\/tienda\/producto\/hewlett-packard-enterprise-ak379a-libreria-de-cintas-de-respaldo-storeever-hpe-msl2024-cap-24-lto-2u\/","title":{"rendered":"Hewlett Packard Enterprise Ak379a Libreria De Cintas De Respaldo Storeever Hpe Msl2024 \/ Cap 24 Lto \/ 2u"},"content":{"rendered":"<table class=\"descripcion\">\n<tr>\n<td>Tipo de unidad:<\/td>\n<\/tr>\n<tr>\n<td>* lto-6 ultrium 6250<\/td>\n<\/tr>\n<tr>\n<td>* lto-5 ultrium 3280<\/td>\n<\/tr>\n<tr>\n<td>* lto-5 ultrium 3000<\/td>\n<\/tr>\n<tr>\n<td>* lto-4 ultrium 1840<\/td>\n<\/tr>\n<tr>\n<td>* lto-4 ultrium 1760<\/td>\n<\/tr>\n<tr>\n<td>* (2) admitidos, (0) incluidos<\/td>\n<\/tr>\n<tr>\n<td>Capacidad:<\/td>\n<\/tr>\n<tr>\n<td>* 150 tb con compresi\u00f3n 2,5:1<\/td>\n<\/tr>\n<tr>\n<td>* 60 tb nativos<\/td>\n<\/tr>\n<tr>\n<td>* como m\u00e1ximo, seg\u00fan las unidades seleccionadas<\/td>\n<\/tr>\n<tr>\n<td>Interfaz de host:<\/td>\n<\/tr>\n<tr>\n<td>* dependiendo del tipo de unidad<\/td>\n<\/tr>\n<tr>\n<td>Tasa de transferencia:<\/td>\n<\/tr>\n<tr>\n<td>* 2,88 tb\/h<\/td>\n<\/tr>\n<tr>\n<td>* con compresi\u00f3n 2,5:1, m\u00e1ximo, seg\u00fan tipo y n\u00famero de unidades.<\/td>\n<\/tr>\n<tr>\n<td>N\u00famero de ranuras para cartucho:<\/td>\n<\/tr>\n<tr>\n<td>* 24<\/td>\n<\/tr>\n<tr>\n<td>Recurso de encripci\u00f3n:<\/td>\n<\/tr>\n<tr>\n<td>* dependiendo del tipo de unidad<\/td>\n<\/tr>\n<tr>\n<td>Factor de forma:<\/td>\n<\/tr>\n<tr>\n<td>*2u<\/td>\n<\/tr>\n<tr>\n<td>Dimensiones m\u00ednimas (anch. x prof. x alt.):<\/td>\n<\/tr>\n<tr>\n<td>* 48,0 x 80,6 x 8,7 cm<\/td>\n<\/tr>\n<tr>\n<td>Peso:<\/td>\n<\/tr>\n<tr>\n<td>* 12,5 kg<\/td>\n<\/tr>\n<\/table>\n","protected":false},"excerpt":{"rendered":"<p>Las bibliotecas de cintas hp storeever msl satisfacen los exigentes requisitos empresariales de almacenamiento, que necesitan copias de seguridad sin supervisi\u00f3n, con recuperaci\u00f3n en caso de desastre o capacidad de archivado de bajo costo a largo plazo. Las bibliotecas msl ofrecen una amplia gama de capacidades de almacenamiento y tecnolog\u00eda incluyendo unidades de cinta ultrium lto-6, lto-5 o lto-4. La gesti\u00f3n remota basada en web hace que las bibliotecas msl se gestionen f\u00e1cilmente desde el otro lado de la habitaci\u00f3n o del mundo. Puede gestionar r\u00e1pidamente los soportes de cinta, tanto dentro como fuera de la biblioteca, con un lector de c\u00f3digos de barras est\u00e1ndar, ranuras de correo configurables y m\u00faltiples dep\u00f3sitos extra\u00edbles de 12 ranuras. Proteja los datos empresariales importantes contra el acceso no autorizado, con varias opciones de cifrado de datos. La protecci\u00f3n de la inversi\u00f3n de biblioteca msl y el crecimiento incierto de los datos se pueden gestionar f\u00e1cilmente con la cartera de bibliotecas msl. Aumente la capacidad o el rendimiento r\u00e1pidamente con actualizaciones de unidades sin herramientas en msl2024 o 4048 o mueva los kits de unidades de cinta a msl6480 para ampliar la capacidad de la biblioteca y obtener funciones de clase empresarial adicionales.<\/p>\n","protected":false},"featured_media":227237,"comment_status":"open","ping_status":"open","template":"","meta":[],"product_cat":[1803,2010],"product_tag":[1568],"acf":[],"yoast_head":"<!-- This site is optimized with the Yoast SEO plugin v21.7 - https:\/\/yoast.com\/wordpress\/plugins\/seo\/ -->\n<title>[ Hewlett Packard Enterprise ] &#129351; Ak379a Libreria De Cintas De Respaldo Storeever Hpe Msl2024 \/ Cap 24 Lto \/ 2u<\/title>\n<meta name=\"description\" content=\"Compra Ak379a Libreria De Cintas De Respaldo Storeever Hpe Msl2024 \/ Cap 24 Lto \/ 2u + Env\u00edo a domicilio + Pago seguro + Garant\u00eda\" \/>\n<meta name=\"robots\" content=\"index, follow, max-snippet:-1, max-image-preview:large, max-video-preview:-1\" \/>\n<link rel=\"canonical\" href=\"https:\/\/compuviper.mx\/tienda\/producto\/hewlett-packard-enterprise-ak379a-libreria-de-cintas-de-respaldo-storeever-hpe-msl2024-cap-24-lto-2u\/\" \/>\n<meta property=\"og:locale\" content=\"es_MX\" \/>\n<meta property=\"og:type\" content=\"article\" \/>\n<meta property=\"og:title\" content=\"[ Hewlett Packard Enterprise ] &#129351; Ak379a Libreria De Cintas De Respaldo Storeever Hpe Msl2024 \/ Cap 24 Lto \/ 2u\" \/>\n<meta property=\"og:description\" content=\"Compra Ak379a Libreria De Cintas De Respaldo Storeever Hpe Msl2024 \/ Cap 24 Lto \/ 2u + Env\u00edo a domicilio + Pago seguro + Garant\u00eda\" \/>\n<meta property=\"og:url\" content=\"https:\/\/compuviper.mx\/tienda\/producto\/hewlett-packard-enterprise-ak379a-libreria-de-cintas-de-respaldo-storeever-hpe-msl2024-cap-24-lto-2u\/\" \/>\n<meta property=\"og:site_name\" content=\"Compuviper\" \/>\n<meta property=\"article:publisher\" content=\"https:\/\/www.facebook.com\/compuviper\" \/>\n<meta property=\"og:image\" content=\"https:\/\/compuviper.mx\/tienda\/wp-content\/uploads\/2023\/12\/Libreria-de-cintas-de-respaldo-storeever-hpe-msl2024-cap-24-lto-2u.jpg\" \/>\n\t<meta property=\"og:image:width\" content=\"200\" \/>\n\t<meta property=\"og:image:height\" content=\"200\" \/>\n\t<meta property=\"og:image:type\" content=\"image\/jpeg\" \/>\n<meta name=\"twitter:card\" content=\"summary_large_image\" \/>\n<meta name=\"twitter:label1\" content=\"Precio\" \/>\n\t<meta name=\"twitter:data1\" content=\"&#36;35,943 con IVA\" \/>\n\t<meta name=\"twitter:label2\" content=\"Availability\" \/>\n\t<meta name=\"twitter:data2\" content=\"On backorder\" \/>\n<script type=\"application\/ld+json\" class=\"yoast-schema-graph\">{\"@context\":\"https:\/\/schema.org\",\"@graph\":[{\"@type\":\"WebPage\",\"@id\":\"https:\/\/compuviper.mx\/tienda\/producto\/hewlett-packard-enterprise-ak379a-libreria-de-cintas-de-respaldo-storeever-hpe-msl2024-cap-24-lto-2u\/\",\"url\":\"https:\/\/compuviper.mx\/tienda\/producto\/hewlett-packard-enterprise-ak379a-libreria-de-cintas-de-respaldo-storeever-hpe-msl2024-cap-24-lto-2u\/\",\"name\":\"[ Hewlett Packard Enterprise ] &#129351; Ak379a Libreria De Cintas De Respaldo Storeever Hpe Msl2024 \/ Cap 24 Lto \/ 2u\",\"isPartOf\":{\"@id\":\"https:\/\/compuviper.mx\/tienda\/#website\"},\"datePublished\":\"2026-04-17T08:27:12+00:00\",\"dateModified\":\"2026-04-17T08:27:12+00:00\",\"description\":\"Compra Ak379a Libreria De Cintas De Respaldo Storeever Hpe Msl2024 \/ Cap 24 Lto \/ 2u + Env\u00edo a domicilio + Pago seguro + Garant\u00eda\",\"breadcrumb\":{\"@id\":\"https:\/\/compuviper.mx\/tienda\/producto\/hewlett-packard-enterprise-ak379a-libreria-de-cintas-de-respaldo-storeever-hpe-msl2024-cap-24-lto-2u\/#breadcrumb\"},\"inLanguage\":\"es-MX\",\"potentialAction\":[{\"@type\":\"ReadAction\",\"target\":[\"https:\/\/compuviper.mx\/tienda\/producto\/hewlett-packard-enterprise-ak379a-libreria-de-cintas-de-respaldo-storeever-hpe-msl2024-cap-24-lto-2u\/\"]}]},{\"@type\":\"BreadcrumbList\",\"@id\":\"https:\/\/compuviper.mx\/tienda\/producto\/hewlett-packard-enterprise-ak379a-libreria-de-cintas-de-respaldo-storeever-hpe-msl2024-cap-24-lto-2u\/#breadcrumb\",\"itemListElement\":[{\"@type\":\"ListItem\",\"position\":1,\"name\":\"Inicio\",\"item\":\"https:\/\/compuviper.mx\/tienda\/\"},{\"@type\":\"ListItem\",\"position\":2,\"name\":\"Productos\",\"item\":\"https:\/\/compuviper.mx\/tienda\/productos\/\"},{\"@type\":\"ListItem\",\"position\":3,\"name\":\"Almacenamiento\",\"item\":\"https:\/\/compuviper.mx\/tienda\/categoria-producto\/almacenamiento\/\"},{\"@type\":\"ListItem\",\"position\":4,\"name\":\"Unidad De Respaldo\",\"item\":\"https:\/\/compuviper.mx\/tienda\/categoria-producto\/almacenamiento\/unidad-de-respaldo\/\"},{\"@type\":\"ListItem\",\"position\":5,\"name\":\"Hewlett Packard Enterprise Ak379a Libreria De Cintas De Respaldo Storeever Hpe Msl2024 \/ Cap 24 Lto \/ 2u\"}]},{\"@type\":\"WebSite\",\"@id\":\"https:\/\/compuviper.mx\/tienda\/#website\",\"url\":\"https:\/\/compuviper.mx\/tienda\/\",\"name\":\"Compuviper\",\"description\":\"Proveedor de Computadoras, Laptops, Servidores, Monitores, Puntos de Venta, Teclados,   Impresoras, T\u00f3ner, C\u00e1maras de Seguridad y m\u00e1s en tu tienda en l\u00ednea\",\"publisher\":{\"@id\":\"https:\/\/compuviper.mx\/tienda\/#organization\"},\"potentialAction\":[{\"@type\":\"SearchAction\",\"target\":{\"@type\":\"EntryPoint\",\"urlTemplate\":\"https:\/\/compuviper.mx\/tienda\/?s={search_term_string}\"},\"query-input\":\"required name=search_term_string\"}],\"inLanguage\":\"es-MX\"},{\"@type\":\"Organization\",\"@id\":\"https:\/\/compuviper.mx\/tienda\/#organization\",\"name\":\"Compuviper\",\"url\":\"https:\/\/compuviper.mx\/tienda\/\",\"logo\":{\"@type\":\"ImageObject\",\"inLanguage\":\"es-MX\",\"@id\":\"https:\/\/compuviper.mx\/tienda\/#\/schema\/logo\/image\/\",\"url\":\"https:\/\/compuviper.mx\/tienda\/wp-content\/uploads\/2021\/08\/Logo-Compuviper-10.png\",\"contentUrl\":\"https:\/\/compuviper.mx\/tienda\/wp-content\/uploads\/2021\/08\/Logo-Compuviper-10.png\",\"width\":1000,\"height\":500,\"caption\":\"Compuviper\"},\"image\":{\"@id\":\"https:\/\/compuviper.mx\/tienda\/#\/schema\/logo\/image\/\"},\"sameAs\":[\"https:\/\/www.facebook.com\/compuviper\",\"https:\/\/www.youtube.com\/channel\/UCf73dERp9Y3cfOq7q8BhLjA?view_as=subscriber\"]}]}<\/script>\n<meta property=\"product:brand\" content=\"HEWLETT PACKARD ENTERPRISE\" \/>\n<meta property=\"product:price:amount\" content=\"35943\" \/>\n<meta property=\"product:price:currency\" content=\"MXN\" \/>\n<meta property=\"og:availability\" content=\"backorder\" \/>\n<meta property=\"product:availability\" content=\"available for order\" \/>\n<meta property=\"product:retailer_item_id\" content=\"AK379A\" \/>\n<meta property=\"product:condition\" content=\"new\" \/>\n<!-- \/ Yoast SEO plugin. -->","yoast_head_json":{"title":"[ Hewlett Packard Enterprise ] &#129351; Ak379a Libreria De Cintas De Respaldo Storeever Hpe Msl2024 \/ Cap 24 Lto \/ 2u","description":"Compra Ak379a Libreria De Cintas De Respaldo Storeever Hpe Msl2024 \/ Cap 24 Lto \/ 2u + Env\u00edo a domicilio + Pago seguro + Garant\u00eda","robots":{"index":"index","follow":"follow","max-snippet":"max-snippet:-1","max-image-preview":"max-image-preview:large","max-video-preview":"max-video-preview:-1"},"canonical":"https:\/\/compuviper.mx\/tienda\/producto\/hewlett-packard-enterprise-ak379a-libreria-de-cintas-de-respaldo-storeever-hpe-msl2024-cap-24-lto-2u\/","og_locale":"es_MX","og_type":"article","og_title":"[ Hewlett Packard Enterprise ] &#129351; Ak379a Libreria De Cintas De Respaldo Storeever Hpe Msl2024 \/ Cap 24 Lto \/ 2u","og_description":"Compra Ak379a Libreria De Cintas De Respaldo Storeever Hpe Msl2024 \/ Cap 24 Lto \/ 2u + Env\u00edo a domicilio + Pago seguro + Garant\u00eda","og_url":"https:\/\/compuviper.mx\/tienda\/producto\/hewlett-packard-enterprise-ak379a-libreria-de-cintas-de-respaldo-storeever-hpe-msl2024-cap-24-lto-2u\/","og_site_name":"Compuviper","article_publisher":"https:\/\/www.facebook.com\/compuviper","og_image":[{"width":200,"height":200,"url":"https:\/\/compuviper.mx\/tienda\/wp-content\/uploads\/2023\/12\/Libreria-de-cintas-de-respaldo-storeever-hpe-msl2024-cap-24-lto-2u.jpg","type":"image\/jpeg"}],"twitter_card":"summary_large_image","twitter_misc":{"Precio":"&#36;35,943 con IVA","Availability":"On backorder"},"schema":{"@context":"https:\/\/schema.org","@graph":[{"@type":"WebPage","@id":"https:\/\/compuviper.mx\/tienda\/producto\/hewlett-packard-enterprise-ak379a-libreria-de-cintas-de-respaldo-storeever-hpe-msl2024-cap-24-lto-2u\/","url":"https:\/\/compuviper.mx\/tienda\/producto\/hewlett-packard-enterprise-ak379a-libreria-de-cintas-de-respaldo-storeever-hpe-msl2024-cap-24-lto-2u\/","name":"[ Hewlett Packard Enterprise ] &#129351; Ak379a Libreria De Cintas De Respaldo Storeever Hpe Msl2024 \/ Cap 24 Lto \/ 2u","isPartOf":{"@id":"https:\/\/compuviper.mx\/tienda\/#website"},"datePublished":"2026-04-17T08:27:12+00:00","dateModified":"2026-04-17T08:27:12+00:00","description":"Compra Ak379a Libreria De Cintas De Respaldo Storeever Hpe Msl2024 \/ Cap 24 Lto \/ 2u + Env\u00edo a domicilio + Pago seguro + Garant\u00eda","breadcrumb":{"@id":"https:\/\/compuviper.mx\/tienda\/producto\/hewlett-packard-enterprise-ak379a-libreria-de-cintas-de-respaldo-storeever-hpe-msl2024-cap-24-lto-2u\/#breadcrumb"},"inLanguage":"es-MX","potentialAction":[{"@type":"ReadAction","target":["https:\/\/compuviper.mx\/tienda\/producto\/hewlett-packard-enterprise-ak379a-libreria-de-cintas-de-respaldo-storeever-hpe-msl2024-cap-24-lto-2u\/"]}]},{"@type":"BreadcrumbList","@id":"https:\/\/compuviper.mx\/tienda\/producto\/hewlett-packard-enterprise-ak379a-libreria-de-cintas-de-respaldo-storeever-hpe-msl2024-cap-24-lto-2u\/#breadcrumb","itemListElement":[{"@type":"ListItem","position":1,"name":"Inicio","item":"https:\/\/compuviper.mx\/tienda\/"},{"@type":"ListItem","position":2,"name":"Productos","item":"https:\/\/compuviper.mx\/tienda\/productos\/"},{"@type":"ListItem","position":3,"name":"Almacenamiento","item":"https:\/\/compuviper.mx\/tienda\/categoria-producto\/almacenamiento\/"},{"@type":"ListItem","position":4,"name":"Unidad De Respaldo","item":"https:\/\/compuviper.mx\/tienda\/categoria-producto\/almacenamiento\/unidad-de-respaldo\/"},{"@type":"ListItem","position":5,"name":"Hewlett Packard Enterprise Ak379a Libreria De Cintas De Respaldo Storeever Hpe Msl2024 \/ Cap 24 Lto \/ 2u"}]},{"@type":"WebSite","@id":"https:\/\/compuviper.mx\/tienda\/#website","url":"https:\/\/compuviper.mx\/tienda\/","name":"Compuviper","description":"Proveedor de Computadoras, Laptops, Servidores, Monitores, Puntos de Venta, Teclados,   Impresoras, T\u00f3ner, C\u00e1maras de Seguridad y m\u00e1s en tu tienda en l\u00ednea","publisher":{"@id":"https:\/\/compuviper.mx\/tienda\/#organization"},"potentialAction":[{"@type":"SearchAction","target":{"@type":"EntryPoint","urlTemplate":"https:\/\/compuviper.mx\/tienda\/?s={search_term_string}"},"query-input":"required name=search_term_string"}],"inLanguage":"es-MX"},{"@type":"Organization","@id":"https:\/\/compuviper.mx\/tienda\/#organization","name":"Compuviper","url":"https:\/\/compuviper.mx\/tienda\/","logo":{"@type":"ImageObject","inLanguage":"es-MX","@id":"https:\/\/compuviper.mx\/tienda\/#\/schema\/logo\/image\/","url":"https:\/\/compuviper.mx\/tienda\/wp-content\/uploads\/2021\/08\/Logo-Compuviper-10.png","contentUrl":"https:\/\/compuviper.mx\/tienda\/wp-content\/uploads\/2021\/08\/Logo-Compuviper-10.png","width":1000,"height":500,"caption":"Compuviper"},"image":{"@id":"https:\/\/compuviper.mx\/tienda\/#\/schema\/logo\/image\/"},"sameAs":["https:\/\/www.facebook.com\/compuviper","https:\/\/www.youtube.com\/channel\/UCf73dERp9Y3cfOq7q8BhLjA?view_as=subscriber"]}]},"product_brand":"HEWLETT PACKARD ENTERPRISE","product_price_amount":"35943","product_price_currency":"MXN","og_availability":"backorder","product_availability":"available for order","product_retailer_item_id":"AK379A","product_condition":"new"},"_links":{"self":[{"href":"https:\/\/compuviper.mx\/tienda\/wp-json\/wp\/v2\/product\/227236"}],"collection":[{"href":"https:\/\/compuviper.mx\/tienda\/wp-json\/wp\/v2\/product"}],"about":[{"href":"https:\/\/compuviper.mx\/tienda\/wp-json\/wp\/v2\/types\/product"}],"replies":[{"embeddable":true,"href":"https:\/\/compuviper.mx\/tienda\/wp-json\/wp\/v2\/comments?post=227236"}],"wp:featuredmedia":[{"embeddable":true,"href":"https:\/\/compuviper.mx\/tienda\/wp-json\/wp\/v2\/media\/227237"}],"wp:attachment":[{"href":"https:\/\/compuviper.mx\/tienda\/wp-json\/wp\/v2\/media?parent=227236"}],"wp:term":[{"taxonomy":"product_cat","embeddable":true,"href":"https:\/\/compuviper.mx\/tienda\/wp-json\/wp\/v2\/product_cat?post=227236"},{"taxonomy":"product_tag","embeddable":true,"href":"https:\/\/compuviper.mx\/tienda\/wp-json\/wp\/v2\/product_tag?post=227236"}],"curies":[{"name":"wp","href":"https:\/\/api.w.org\/{rel}","templated":true}]}}