{"id":227235,"date":"2026-04-17T02:27:11","date_gmt":"2026-04-17T08:27:11","guid":{"rendered":"https:\/\/compuviper.mx\/tienda\/producto\/qnap-tl-r1200s-rp-us-unidad-de-expansion-12-bahias-rack-2u-interconexion-sff-8088-fuente-redundante-sata-3-5-ssd-2-5-pulgadas-exclusivo-para-nas\/"},"modified":"2026-04-17T02:27:12","modified_gmt":"2026-04-17T08:27:12","slug":"qnap-tl-r1200s-rp-us-unidad-de-expansion-12-bahias-rack-2u-interconexion-sff-8088-fuente-redundante-sata-3-5-ssd-2-5-pulgadas-exclusivo-para-nas","status":"publish","type":"product","link":"https:\/\/compuviper.mx\/tienda\/producto\/qnap-tl-r1200s-rp-us-unidad-de-expansion-12-bahias-rack-2u-interconexion-sff-8088-fuente-redundante-sata-3-5-ssd-2-5-pulgadas-exclusivo-para-nas\/","title":{"rendered":"Qnap Tl-r1200s-rp-us Unidad De Expansion   \/ 12 Bahias \/ Rack 2u \/ Interconexion Sff-8088 \/ Fuente Redundante \/ Sata 3.5\/ssd 2.5 Pulgadas \/ (exclusivo Para Nas )"},"content":{"rendered":"<table class=\"descripcion\">\n<tr>\n<td>Unidad de expansion tl-r1200s-rp<\/td>\n<\/tr>\n<tr>\n<td>Bah\u00eda de unidades:  12 unidades sata de 3,5 a 6gb\/s, 3gb\/s<\/td>\n<\/tr>\n<tr>\n<td>Compatibilidad de unidades:<\/td>\n<\/tr>\n<tr>\n<td>3.5-inch sata hard disk drives<\/td>\n<\/tr>\n<tr>\n<td>2.5-inch sata solid state drives<\/td>\n<\/tr>\n<tr>\n<td>Interruptor de encendido\/apagado de alerta de audio: si<\/td>\n<\/tr>\n<tr>\n<td>Factor de forma: montaje en rack de 2u<\/td>\n<\/tr>\n<tr>\n<td>Interfaz host : 3 sff-8088<\/td>\n<\/tr>\n<tr>\n<td>Indicadores led: unidad de disco duro 1-12, estado, enlace, error del ventilador<\/td>\n<\/tr>\n<tr>\n<td>Botones: interruptor de encendido<\/td>\n<\/tr>\n<tr>\n<td>Dimensiones (altura x anchura x profundidad): 88.6 \u00d7 482 \u00d7 562.5 mm<\/td>\n<\/tr>\n<tr>\n<td>Excluye el gancho de oreja y la parte que sobresale de la unidad de fuente de alimentaci\u00f3n.<\/td>\n<\/tr>\n<tr>\n<td>Peso (neto): 9,49 kg<\/td>\n<\/tr>\n<tr>\n<td>Peso (bruto): 12,77 kg<\/td>\n<\/tr>\n<tr>\n<td>N\u00famero m\u00e1x. de unidades de disco duro\/ssd compatibles: 12<\/td>\n<\/tr>\n<tr>\n<td>Tipo de unidad de disco duro:<\/td>\n<\/tr>\n<tr>\n<td>Unidades de disco duro sata de 3,5<\/td>\n<\/tr>\n<tr>\n<td>Unidades de disco duro sata de 2,5<\/td>\n<\/tr>\n<tr>\n<td>Unidades de estado s\u00f3lido sata de 2,5<\/td>\n<\/tr>\n<tr>\n<td>Temperatura operativa: 0 &#8211; 40 \u00b0c (32 \u00b0f &#8211; 104 \u00b0f)<\/td>\n<\/tr>\n<tr>\n<td>Temperatura de almacenamiento: -20 &#8211; 70\u00b0c (-4\u00b0f &#8211; 158\u00b0f)<\/td>\n<\/tr>\n<tr>\n<td>Humedad relativa: 5 ~ 95 % de humedad relativa sin condensaci\u00f3n, bulbo h\u00famedo: 27  and #730;c (80,6  and #730;f)<\/td>\n<\/tr>\n<tr>\n<td>Unidad de alimentaci\u00f3n el\u00e9ctrica: 250 w (x2) psu, 100 &#8211; 240 v<\/td>\n<\/tr>\n<tr>\n<td>Consumo de energ\u00eda: modo de funcionamiento, t\u00edpico 73,7 w<\/td>\n<\/tr>\n<tr>\n<td>Probado lleno de unidades de unidades de discos duros<\/td>\n<\/tr>\n<tr>\n<td>Interruptor de modo de ventilador: si (autom\u00e1tico, alto, medio, bajo)<\/td>\n<\/tr>\n<tr>\n<td>Ventilador: 2 de 70 mm, 12 v de cc<\/td>\n<\/tr>\n<tr>\n<td>Advertencia del sistema: timbre<\/td>\n<\/tr>\n<tr>\n<td>Ranura de seguridad: kensington<\/td>\n<\/tr>\n<tr>\n<td>Garant\u00eda est\u00e1ndar: 3 a\u00f1os<\/td>\n<\/tr>\n<\/table>\n","protected":false},"excerpt":{"rendered":"<p>La caja de almacenamiento jbod de montaje en rack tl-r1200s-rp le permite hacer copia de seguridad y expandir tanto sus unidades nas de qnap como ordenadores y servidores windows y ubuntu. La caja tl-r1200s-rp incluye doce bah\u00edas para unidades sata 6gb\/s de 3,5 pulgadas y cuenta con una tarjeta qxp pcie para conectar la caja utilizando un cable sff-8088 (o sff-8644). Ofrece un rendimiento de lectura\/escritura fiable para optimizar las tareas de almacenamiento y copia de seguridad<\/p>\n","protected":false},"featured_media":243627,"comment_status":"open","ping_status":"open","template":"","meta":[],"product_cat":[1803,2010],"product_tag":[2110],"acf":[],"yoast_head":"<!-- This site is optimized with the Yoast SEO plugin v21.7 - https:\/\/yoast.com\/wordpress\/plugins\/seo\/ -->\n<title>[ Qnap ] &#129351; Tl-r1200s-rp-us Unidad De Expansion \/ 12 Bahias \/ Rack 2u \/ Interconexion Sff-8088 \/ Fuente Redundante \/ Sata 3.5\/ssd 2.5 Pulgadas \/ (exclusivo Para Nas )<\/title>\n<meta name=\"description\" content=\"Compra Tl-r1200s-rp-us Unidad De Expansion \/ 12 Bahias \/ Rack 2u \/ Interconexion Sff-8088 \/ Fuente Redundante \/ Sata 3.5\/ssd 2.5 Pulgadas \/ (exclusivo Para Nas ) + Env\u00edo a domicilio + Pago seguro + Garant\u00eda\" \/>\n<meta name=\"robots\" content=\"index, follow, max-snippet:-1, max-image-preview:large, max-video-preview:-1\" \/>\n<link rel=\"canonical\" href=\"https:\/\/compuviper.mx\/tienda\/producto\/qnap-tl-r1200s-rp-us-unidad-de-expansion-12-bahias-rack-2u-interconexion-sff-8088-fuente-redundante-sata-3-5-ssd-2-5-pulgadas-exclusivo-para-nas\/\" \/>\n<meta property=\"og:locale\" content=\"es_MX\" \/>\n<meta property=\"og:type\" content=\"article\" \/>\n<meta property=\"og:title\" content=\"[ Qnap ] &#129351; Tl-r1200s-rp-us Unidad De Expansion \/ 12 Bahias \/ Rack 2u \/ Interconexion Sff-8088 \/ Fuente Redundante \/ Sata 3.5\/ssd 2.5 Pulgadas \/ (exclusivo Para Nas )\" \/>\n<meta property=\"og:description\" content=\"Compra Tl-r1200s-rp-us Unidad De Expansion \/ 12 Bahias \/ Rack 2u \/ Interconexion Sff-8088 \/ Fuente Redundante \/ Sata 3.5\/ssd 2.5 Pulgadas \/ (exclusivo Para Nas ) + Env\u00edo a domicilio + Pago seguro + Garant\u00eda\" \/>\n<meta property=\"og:url\" content=\"https:\/\/compuviper.mx\/tienda\/producto\/qnap-tl-r1200s-rp-us-unidad-de-expansion-12-bahias-rack-2u-interconexion-sff-8088-fuente-redundante-sata-3-5-ssd-2-5-pulgadas-exclusivo-para-nas\/\" \/>\n<meta property=\"og:site_name\" content=\"Compuviper\" \/>\n<meta property=\"article:publisher\" content=\"https:\/\/www.facebook.com\/compuviper\" \/>\n<meta property=\"article:modified_time\" content=\"2026-04-17T08:27:12+00:00\" \/>\n<meta property=\"og:image\" content=\"https:\/\/compuviper.mx\/tienda\/wp-content\/uploads\/2024\/09\/Unidad-de-expansion-qnap-tl-r1200s-rp-us-12-bahias-rack-2u-interconexion-sff-8088-fuente-redundante-sata-3.5ssd-2.5-pulgadas-exclusivo-para-nas-qnap.jpg\" \/>\n\t<meta property=\"og:image:width\" content=\"200\" \/>\n\t<meta property=\"og:image:height\" content=\"200\" \/>\n\t<meta property=\"og:image:type\" content=\"image\/jpeg\" \/>\n<meta name=\"twitter:card\" content=\"summary_large_image\" \/>\n<meta name=\"twitter:label1\" content=\"Precio\" \/>\n\t<meta name=\"twitter:data1\" content=\"&#36;25,138 con IVA\" \/>\n\t<meta name=\"twitter:label2\" content=\"Availability\" \/>\n\t<meta name=\"twitter:data2\" content=\"On backorder\" \/>\n<script type=\"application\/ld+json\" class=\"yoast-schema-graph\">{\"@context\":\"https:\/\/schema.org\",\"@graph\":[{\"@type\":\"WebPage\",\"@id\":\"https:\/\/compuviper.mx\/tienda\/producto\/qnap-tl-r1200s-rp-us-unidad-de-expansion-12-bahias-rack-2u-interconexion-sff-8088-fuente-redundante-sata-3-5-ssd-2-5-pulgadas-exclusivo-para-nas\/\",\"url\":\"https:\/\/compuviper.mx\/tienda\/producto\/qnap-tl-r1200s-rp-us-unidad-de-expansion-12-bahias-rack-2u-interconexion-sff-8088-fuente-redundante-sata-3-5-ssd-2-5-pulgadas-exclusivo-para-nas\/\",\"name\":\"[ Qnap ] &#129351; Tl-r1200s-rp-us Unidad De Expansion \/ 12 Bahias \/ Rack 2u \/ Interconexion Sff-8088 \/ Fuente Redundante \/ Sata 3.5\/ssd 2.5 Pulgadas \/ (exclusivo Para Nas )\",\"isPartOf\":{\"@id\":\"https:\/\/compuviper.mx\/tienda\/#website\"},\"datePublished\":\"2026-04-17T08:27:11+00:00\",\"dateModified\":\"2026-04-17T08:27:12+00:00\",\"description\":\"Compra Tl-r1200s-rp-us Unidad De Expansion \/ 12 Bahias \/ Rack 2u \/ Interconexion Sff-8088 \/ Fuente Redundante \/ Sata 3.5\/ssd 2.5 Pulgadas \/ (exclusivo Para Nas ) + Env\u00edo a domicilio + Pago seguro + Garant\u00eda\",\"breadcrumb\":{\"@id\":\"https:\/\/compuviper.mx\/tienda\/producto\/qnap-tl-r1200s-rp-us-unidad-de-expansion-12-bahias-rack-2u-interconexion-sff-8088-fuente-redundante-sata-3-5-ssd-2-5-pulgadas-exclusivo-para-nas\/#breadcrumb\"},\"inLanguage\":\"es-MX\",\"potentialAction\":[{\"@type\":\"ReadAction\",\"target\":[\"https:\/\/compuviper.mx\/tienda\/producto\/qnap-tl-r1200s-rp-us-unidad-de-expansion-12-bahias-rack-2u-interconexion-sff-8088-fuente-redundante-sata-3-5-ssd-2-5-pulgadas-exclusivo-para-nas\/\"]}]},{\"@type\":\"BreadcrumbList\",\"@id\":\"https:\/\/compuviper.mx\/tienda\/producto\/qnap-tl-r1200s-rp-us-unidad-de-expansion-12-bahias-rack-2u-interconexion-sff-8088-fuente-redundante-sata-3-5-ssd-2-5-pulgadas-exclusivo-para-nas\/#breadcrumb\",\"itemListElement\":[{\"@type\":\"ListItem\",\"position\":1,\"name\":\"Inicio\",\"item\":\"https:\/\/compuviper.mx\/tienda\/\"},{\"@type\":\"ListItem\",\"position\":2,\"name\":\"Productos\",\"item\":\"https:\/\/compuviper.mx\/tienda\/productos\/\"},{\"@type\":\"ListItem\",\"position\":3,\"name\":\"Almacenamiento\",\"item\":\"https:\/\/compuviper.mx\/tienda\/categoria-producto\/almacenamiento\/\"},{\"@type\":\"ListItem\",\"position\":4,\"name\":\"Unidad De Respaldo\",\"item\":\"https:\/\/compuviper.mx\/tienda\/categoria-producto\/almacenamiento\/unidad-de-respaldo\/\"},{\"@type\":\"ListItem\",\"position\":5,\"name\":\"Qnap Tl-r1200s-rp-us Unidad De Expansion \/ 12 Bahias \/ Rack 2u \/ Interconexion Sff-8088 \/ Fuente Redundante \/ Sata 3.5\/ssd 2.5 Pulgadas \/ (exclusivo Para Nas )\"}]},{\"@type\":\"WebSite\",\"@id\":\"https:\/\/compuviper.mx\/tienda\/#website\",\"url\":\"https:\/\/compuviper.mx\/tienda\/\",\"name\":\"Compuviper\",\"description\":\"Proveedor de Computadoras, Laptops, Servidores, Monitores, Puntos de Venta, Teclados,   Impresoras, T\u00f3ner, C\u00e1maras de Seguridad y m\u00e1s en tu tienda en l\u00ednea\",\"publisher\":{\"@id\":\"https:\/\/compuviper.mx\/tienda\/#organization\"},\"potentialAction\":[{\"@type\":\"SearchAction\",\"target\":{\"@type\":\"EntryPoint\",\"urlTemplate\":\"https:\/\/compuviper.mx\/tienda\/?s={search_term_string}\"},\"query-input\":\"required name=search_term_string\"}],\"inLanguage\":\"es-MX\"},{\"@type\":\"Organization\",\"@id\":\"https:\/\/compuviper.mx\/tienda\/#organization\",\"name\":\"Compuviper\",\"url\":\"https:\/\/compuviper.mx\/tienda\/\",\"logo\":{\"@type\":\"ImageObject\",\"inLanguage\":\"es-MX\",\"@id\":\"https:\/\/compuviper.mx\/tienda\/#\/schema\/logo\/image\/\",\"url\":\"https:\/\/compuviper.mx\/tienda\/wp-content\/uploads\/2021\/08\/Logo-Compuviper-10.png\",\"contentUrl\":\"https:\/\/compuviper.mx\/tienda\/wp-content\/uploads\/2021\/08\/Logo-Compuviper-10.png\",\"width\":1000,\"height\":500,\"caption\":\"Compuviper\"},\"image\":{\"@id\":\"https:\/\/compuviper.mx\/tienda\/#\/schema\/logo\/image\/\"},\"sameAs\":[\"https:\/\/www.facebook.com\/compuviper\",\"https:\/\/www.youtube.com\/channel\/UCf73dERp9Y3cfOq7q8BhLjA?view_as=subscriber\"]}]}<\/script>\n<meta property=\"product:brand\" content=\"Qnap\" \/>\n<meta property=\"product:price:amount\" content=\"25138\" \/>\n<meta property=\"product:price:currency\" content=\"MXN\" \/>\n<meta property=\"og:availability\" content=\"backorder\" \/>\n<meta property=\"product:availability\" content=\"available for order\" \/>\n<meta property=\"product:retailer_item_id\" content=\"TL-R1200S-RP-US\" \/>\n<meta property=\"product:condition\" content=\"new\" \/>\n<!-- \/ Yoast SEO plugin. -->","yoast_head_json":{"title":"[ Qnap ] &#129351; Tl-r1200s-rp-us Unidad De Expansion \/ 12 Bahias \/ Rack 2u \/ Interconexion Sff-8088 \/ Fuente Redundante \/ Sata 3.5\/ssd 2.5 Pulgadas \/ (exclusivo Para Nas )","description":"Compra Tl-r1200s-rp-us Unidad De Expansion \/ 12 Bahias \/ Rack 2u \/ Interconexion Sff-8088 \/ Fuente Redundante \/ Sata 3.5\/ssd 2.5 Pulgadas \/ (exclusivo Para Nas ) + Env\u00edo a domicilio + Pago seguro + Garant\u00eda","robots":{"index":"index","follow":"follow","max-snippet":"max-snippet:-1","max-image-preview":"max-image-preview:large","max-video-preview":"max-video-preview:-1"},"canonical":"https:\/\/compuviper.mx\/tienda\/producto\/qnap-tl-r1200s-rp-us-unidad-de-expansion-12-bahias-rack-2u-interconexion-sff-8088-fuente-redundante-sata-3-5-ssd-2-5-pulgadas-exclusivo-para-nas\/","og_locale":"es_MX","og_type":"article","og_title":"[ Qnap ] &#129351; Tl-r1200s-rp-us Unidad De Expansion \/ 12 Bahias \/ Rack 2u \/ Interconexion Sff-8088 \/ Fuente Redundante \/ Sata 3.5\/ssd 2.5 Pulgadas \/ (exclusivo Para Nas )","og_description":"Compra Tl-r1200s-rp-us Unidad De Expansion \/ 12 Bahias \/ Rack 2u \/ Interconexion Sff-8088 \/ Fuente Redundante \/ Sata 3.5\/ssd 2.5 Pulgadas \/ (exclusivo Para Nas ) + Env\u00edo a domicilio + Pago seguro + Garant\u00eda","og_url":"https:\/\/compuviper.mx\/tienda\/producto\/qnap-tl-r1200s-rp-us-unidad-de-expansion-12-bahias-rack-2u-interconexion-sff-8088-fuente-redundante-sata-3-5-ssd-2-5-pulgadas-exclusivo-para-nas\/","og_site_name":"Compuviper","article_publisher":"https:\/\/www.facebook.com\/compuviper","article_modified_time":"2026-04-17T08:27:12+00:00","og_image":[{"width":200,"height":200,"url":"https:\/\/compuviper.mx\/tienda\/wp-content\/uploads\/2024\/09\/Unidad-de-expansion-qnap-tl-r1200s-rp-us-12-bahias-rack-2u-interconexion-sff-8088-fuente-redundante-sata-3.5ssd-2.5-pulgadas-exclusivo-para-nas-qnap.jpg","type":"image\/jpeg"}],"twitter_card":"summary_large_image","twitter_misc":{"Precio":"&#36;25,138 con IVA","Availability":"On backorder"},"schema":{"@context":"https:\/\/schema.org","@graph":[{"@type":"WebPage","@id":"https:\/\/compuviper.mx\/tienda\/producto\/qnap-tl-r1200s-rp-us-unidad-de-expansion-12-bahias-rack-2u-interconexion-sff-8088-fuente-redundante-sata-3-5-ssd-2-5-pulgadas-exclusivo-para-nas\/","url":"https:\/\/compuviper.mx\/tienda\/producto\/qnap-tl-r1200s-rp-us-unidad-de-expansion-12-bahias-rack-2u-interconexion-sff-8088-fuente-redundante-sata-3-5-ssd-2-5-pulgadas-exclusivo-para-nas\/","name":"[ Qnap ] &#129351; Tl-r1200s-rp-us Unidad De Expansion \/ 12 Bahias \/ Rack 2u \/ Interconexion Sff-8088 \/ Fuente Redundante \/ Sata 3.5\/ssd 2.5 Pulgadas \/ (exclusivo Para Nas )","isPartOf":{"@id":"https:\/\/compuviper.mx\/tienda\/#website"},"datePublished":"2026-04-17T08:27:11+00:00","dateModified":"2026-04-17T08:27:12+00:00","description":"Compra Tl-r1200s-rp-us Unidad De Expansion \/ 12 Bahias \/ Rack 2u \/ Interconexion Sff-8088 \/ Fuente Redundante \/ Sata 3.5\/ssd 2.5 Pulgadas \/ (exclusivo Para Nas ) + Env\u00edo a domicilio + Pago seguro + Garant\u00eda","breadcrumb":{"@id":"https:\/\/compuviper.mx\/tienda\/producto\/qnap-tl-r1200s-rp-us-unidad-de-expansion-12-bahias-rack-2u-interconexion-sff-8088-fuente-redundante-sata-3-5-ssd-2-5-pulgadas-exclusivo-para-nas\/#breadcrumb"},"inLanguage":"es-MX","potentialAction":[{"@type":"ReadAction","target":["https:\/\/compuviper.mx\/tienda\/producto\/qnap-tl-r1200s-rp-us-unidad-de-expansion-12-bahias-rack-2u-interconexion-sff-8088-fuente-redundante-sata-3-5-ssd-2-5-pulgadas-exclusivo-para-nas\/"]}]},{"@type":"BreadcrumbList","@id":"https:\/\/compuviper.mx\/tienda\/producto\/qnap-tl-r1200s-rp-us-unidad-de-expansion-12-bahias-rack-2u-interconexion-sff-8088-fuente-redundante-sata-3-5-ssd-2-5-pulgadas-exclusivo-para-nas\/#breadcrumb","itemListElement":[{"@type":"ListItem","position":1,"name":"Inicio","item":"https:\/\/compuviper.mx\/tienda\/"},{"@type":"ListItem","position":2,"name":"Productos","item":"https:\/\/compuviper.mx\/tienda\/productos\/"},{"@type":"ListItem","position":3,"name":"Almacenamiento","item":"https:\/\/compuviper.mx\/tienda\/categoria-producto\/almacenamiento\/"},{"@type":"ListItem","position":4,"name":"Unidad De Respaldo","item":"https:\/\/compuviper.mx\/tienda\/categoria-producto\/almacenamiento\/unidad-de-respaldo\/"},{"@type":"ListItem","position":5,"name":"Qnap Tl-r1200s-rp-us Unidad De Expansion \/ 12 Bahias \/ Rack 2u \/ Interconexion Sff-8088 \/ Fuente Redundante \/ Sata 3.5\/ssd 2.5 Pulgadas \/ (exclusivo Para Nas )"}]},{"@type":"WebSite","@id":"https:\/\/compuviper.mx\/tienda\/#website","url":"https:\/\/compuviper.mx\/tienda\/","name":"Compuviper","description":"Proveedor de Computadoras, Laptops, Servidores, Monitores, Puntos de Venta, Teclados,   Impresoras, T\u00f3ner, C\u00e1maras de Seguridad y m\u00e1s en tu tienda en l\u00ednea","publisher":{"@id":"https:\/\/compuviper.mx\/tienda\/#organization"},"potentialAction":[{"@type":"SearchAction","target":{"@type":"EntryPoint","urlTemplate":"https:\/\/compuviper.mx\/tienda\/?s={search_term_string}"},"query-input":"required name=search_term_string"}],"inLanguage":"es-MX"},{"@type":"Organization","@id":"https:\/\/compuviper.mx\/tienda\/#organization","name":"Compuviper","url":"https:\/\/compuviper.mx\/tienda\/","logo":{"@type":"ImageObject","inLanguage":"es-MX","@id":"https:\/\/compuviper.mx\/tienda\/#\/schema\/logo\/image\/","url":"https:\/\/compuviper.mx\/tienda\/wp-content\/uploads\/2021\/08\/Logo-Compuviper-10.png","contentUrl":"https:\/\/compuviper.mx\/tienda\/wp-content\/uploads\/2021\/08\/Logo-Compuviper-10.png","width":1000,"height":500,"caption":"Compuviper"},"image":{"@id":"https:\/\/compuviper.mx\/tienda\/#\/schema\/logo\/image\/"},"sameAs":["https:\/\/www.facebook.com\/compuviper","https:\/\/www.youtube.com\/channel\/UCf73dERp9Y3cfOq7q8BhLjA?view_as=subscriber"]}]},"product_brand":"Qnap","product_price_amount":"25138","product_price_currency":"MXN","og_availability":"backorder","product_availability":"available for order","product_retailer_item_id":"TL-R1200S-RP-US","product_condition":"new"},"_links":{"self":[{"href":"https:\/\/compuviper.mx\/tienda\/wp-json\/wp\/v2\/product\/227235"}],"collection":[{"href":"https:\/\/compuviper.mx\/tienda\/wp-json\/wp\/v2\/product"}],"about":[{"href":"https:\/\/compuviper.mx\/tienda\/wp-json\/wp\/v2\/types\/product"}],"replies":[{"embeddable":true,"href":"https:\/\/compuviper.mx\/tienda\/wp-json\/wp\/v2\/comments?post=227235"}],"wp:featuredmedia":[{"embeddable":true,"href":"https:\/\/compuviper.mx\/tienda\/wp-json\/wp\/v2\/media\/243627"}],"wp:attachment":[{"href":"https:\/\/compuviper.mx\/tienda\/wp-json\/wp\/v2\/media?parent=227235"}],"wp:term":[{"taxonomy":"product_cat","embeddable":true,"href":"https:\/\/compuviper.mx\/tienda\/wp-json\/wp\/v2\/product_cat?post=227235"},{"taxonomy":"product_tag","embeddable":true,"href":"https:\/\/compuviper.mx\/tienda\/wp-json\/wp\/v2\/product_tag?post=227235"}],"curies":[{"name":"wp","href":"https:\/\/api.w.org\/{rel}","templated":true}]}}