{"id":227220,"date":"2026-04-17T02:27:07","date_gmt":"2026-04-17T08:27:07","guid":{"rendered":"https:\/\/compuviper.mx\/tienda\/producto\/hewlett-packard-enterprise-r0q84a-almacenamiento-hpe-msa-2062-12-gb-sas-sff\/"},"modified":"2026-04-17T02:27:07","modified_gmt":"2026-04-17T08:27:07","slug":"hewlett-packard-enterprise-r0q84a-almacenamiento-hpe-msa-2062-12-gb-sas-sff","status":"publish","type":"product","link":"https:\/\/compuviper.mx\/tienda\/producto\/hewlett-packard-enterprise-r0q84a-almacenamiento-hpe-msa-2062-12-gb-sas-sff\/","title":{"rendered":"Hewlett Packard Enterprise R0q84a Almacenamiento Hpe Msa 2062 12 Gb Sas Sff"},"content":{"rendered":"<table class=\"descripcion\">\n<tr>\n<td>Capacidad<\/td>\n<\/tr>\n<tr>\n<td>917,76 tb con expansi\u00f3n sff \/ 2032,32 tb con expansi\u00f3n lff (con expansi\u00f3n m\u00e1xima)<\/td>\n<\/tr>\n<tr>\n<td>Descripci\u00f3n de unidad<\/td>\n<\/tr>\n<tr>\n<td>(2) ssd hpe sff de lectura intensiva de 1,92 tb incluidos (m\u00e1ximo 24 unidades sff por modelo de cabina)<\/td>\n<\/tr>\n<tr>\n<td>Interfaz de host<\/td>\n<\/tr>\n<tr>\n<td>Sas 12 gb de 8 puertos, 4 puertos por controlador<\/td>\n<\/tr>\n<tr>\n<td>Controlador de almacenamiento<\/td>\n<\/tr>\n<tr>\n<td>(2) controladores de almacenamiento hpe msa 2060 12 gb sas, 4 puertos por controlador<\/td>\n<\/tr>\n<tr>\n<td>Opciones de expansi\u00f3n de almacenamiento<\/td>\n<\/tr>\n<tr>\n<td>Carcasas de disco de 24 bah\u00edas de unidad 2060 sff o carcasas de disco de 12 bah\u00edas de unidad 2060 lff (agregar hasta 9)<\/td>\n<\/tr>\n<tr>\n<td>Admite agrupaci\u00f3n en cl\u00faster<\/td>\n<\/tr>\n<tr>\n<td>S\u00ed<\/td>\n<\/tr>\n<tr>\n<td>\u00bfadmite copias de seguridad san?<\/td>\n<\/tr>\n<tr>\n<td>S\u00ed<\/td>\n<\/tr>\n<tr>\n<td>\u00bfadmite storage mirroring?<\/td>\n<\/tr>\n<tr>\n<td>S\u00ed<\/td>\n<\/tr>\n<tr>\n<td>Soporte para systems insight manager<\/td>\n<\/tr>\n<tr>\n<td>S\u00ed<\/td>\n<\/tr>\n<tr>\n<td>Sistemas operativos compatibles<\/td>\n<\/tr>\n<tr>\n<td>Windows server 2019 windows server 2016 vmware vsphere 6.7 red hat linux 8 suse sles 15<\/td>\n<\/tr>\n<tr>\n<td>Factor de forma<\/td>\n<\/tr>\n<tr>\n<td>2 u<\/td>\n<\/tr>\n<tr>\n<td>Eficiencia de energ\u00eda<\/td>\n<\/tr>\n<tr>\n<td>Conforme a energy star<\/td>\n<\/tr>\n<tr>\n<td>Dimensiones m\u00ednimas (alto x ancho x fondo)<\/td>\n<\/tr>\n<tr>\n<td>\u0095 8,9 x 44,5 x 50,8 cm<\/td>\n<\/tr>\n<tr>\n<td>\u0095 3.5 x 17.5 x 20.0 in<\/td>\n<\/tr>\n<tr>\n<td>Peso<\/td>\n<\/tr>\n<tr>\n<td>\u0095 5,0 kg<\/td>\n<\/tr>\n<tr>\n<td>\u0095 11.0 lbs<\/td>\n<\/tr>\n<tr>\n<td>Garant\u00eda<\/td>\n<\/tr>\n<tr>\n<td>Garant\u00eda limitada de tres a\u00f1os para sustituci\u00f3n de piezas con entrega al siguiente d\u00eda h\u00e1bil. las carcasas de disco, los discos duros y las opciones cuentan con su propia garant\u00eda.<\/td>\n<\/tr>\n<\/table>\n","protected":false},"excerpt":{"rendered":"<p>Aceleraci\u00f3n asequible de las aplicaciones. \u0095 el almacenamiento hpe msa 2062 es capaz de ofrecer m\u00e1s de 325 000 iops para una aceleraci\u00f3n asequible de la aplicaci\u00f3n en pymes. \u0095 ahorra un 32% en el hpe msa 2062 con el software global y una capacidad incluida de 3,84 tb ssd (unidad de estado s\u00f3lido). Los servicios de datos \u00abset and forget\u00bb de msa no requieren un administrador de almacenamiento dedicado para su gesti\u00f3n. \u0095 el almacenamiento hpe msa 2062 es f\u00e1cil de instalar, usar y mantener, incluso para un generalista de ti. Los administradores encontrar\u00e1n la nueva utilidad de gesti\u00f3n del almacenamiento de hpe msa 2062 intuitiva y f\u00e1cil de navegar. \u0095 el motor autom\u00e1tico de clasificaci\u00f3n por niveles de hpe msa responde de forma din\u00e1mica a los cambios en las cargas de trabajo para que no tengas que ocuparte de ello, garantizando que los datos m\u00e1s recientes ser\u00e1n trasladados a los soportes m\u00e1s r\u00e1pidos autom\u00e1ticamente y en tiempo real. Aprovecha las funciones de protecci\u00f3n de datos para mantener a tu empresa funcionando en caso de desastre. \u0095 el almacenamiento hpe msa 2062 proporciona tecnolog\u00eda de snapshot virtualizada, lo que simplifica la protecci\u00f3n de datos y la recuperaci\u00f3n instant\u00e1nea. \u0095 la replicaci\u00f3n remota a trav\u00e9s de canal de fibra (fc) o iscsi facilita una soluci\u00f3n de recuperaci\u00f3n ante desastres asequible. \u0095 los ssd y hdd cifrados con gesti\u00f3n de claves local pueden implementarse para ofrecer una cabina flash h\u00edbrida cifrada y segura. Arquitectura modular y flexible que facilita el crecimiento futuro. \u0095 la soluci\u00f3n de almacenamiento hpe msa 2062 admite una combinaci\u00f3n de carcasas de disco de expansi\u00f3n 2060 lff (3,5 pulg.) y sff (2,5 pulg.) para ofrecer un m\u00e1ximo de 9 carcasas (10 si se incluye la cabina). \u0095 empieza poco a poco y escala seg\u00fan tus necesidades con cualquier combinaci\u00f3n de ssd o hdd enterprise sas o midline sas.<\/p>\n","protected":false},"featured_media":227221,"comment_status":"open","ping_status":"open","template":"","meta":[],"product_cat":[1803,1804],"product_tag":[1568],"acf":[],"yoast_head":"<!-- This site is optimized with the Yoast SEO plugin v21.7 - https:\/\/yoast.com\/wordpress\/plugins\/seo\/ -->\n<title>[ Hewlett Packard Enterprise ] &#129351; R0q84a Almacenamiento Hpe Msa 2062 12 Gb Sas Sff<\/title>\n<meta name=\"description\" content=\"Compra R0q84a Almacenamiento Hpe Msa 2062 12 Gb Sas Sff + Env\u00edo a domicilio + Pago seguro + Garant\u00eda\" \/>\n<meta name=\"robots\" content=\"index, follow, max-snippet:-1, max-image-preview:large, max-video-preview:-1\" \/>\n<link rel=\"canonical\" href=\"https:\/\/compuviper.mx\/tienda\/producto\/hewlett-packard-enterprise-r0q84a-almacenamiento-hpe-msa-2062-12-gb-sas-sff\/\" \/>\n<meta property=\"og:locale\" content=\"es_MX\" \/>\n<meta property=\"og:type\" content=\"article\" \/>\n<meta property=\"og:title\" content=\"[ Hewlett Packard Enterprise ] &#129351; R0q84a Almacenamiento Hpe Msa 2062 12 Gb Sas Sff\" \/>\n<meta property=\"og:description\" content=\"Compra R0q84a Almacenamiento Hpe Msa 2062 12 Gb Sas Sff + Env\u00edo a domicilio + Pago seguro + Garant\u00eda\" \/>\n<meta property=\"og:url\" content=\"https:\/\/compuviper.mx\/tienda\/producto\/hewlett-packard-enterprise-r0q84a-almacenamiento-hpe-msa-2062-12-gb-sas-sff\/\" \/>\n<meta property=\"og:site_name\" content=\"Compuviper\" \/>\n<meta property=\"article:publisher\" content=\"https:\/\/www.facebook.com\/compuviper\" \/>\n<meta property=\"og:image\" content=\"https:\/\/compuviper.mx\/tienda\/wp-content\/uploads\/2023\/12\/Almacenamiento-hpe-msa-2062-12-gb-sas-sff.jpg\" \/>\n\t<meta property=\"og:image:width\" content=\"200\" \/>\n\t<meta property=\"og:image:height\" content=\"200\" \/>\n\t<meta property=\"og:image:type\" content=\"image\/jpeg\" \/>\n<meta name=\"twitter:card\" content=\"summary_large_image\" \/>\n<meta name=\"twitter:label1\" content=\"Precio\" \/>\n\t<meta name=\"twitter:data1\" content=\"&#36;322,787 con IVA\" \/>\n\t<meta name=\"twitter:label2\" content=\"Availability\" \/>\n\t<meta name=\"twitter:data2\" content=\"On backorder\" \/>\n<script type=\"application\/ld+json\" class=\"yoast-schema-graph\">{\"@context\":\"https:\/\/schema.org\",\"@graph\":[{\"@type\":\"WebPage\",\"@id\":\"https:\/\/compuviper.mx\/tienda\/producto\/hewlett-packard-enterprise-r0q84a-almacenamiento-hpe-msa-2062-12-gb-sas-sff\/\",\"url\":\"https:\/\/compuviper.mx\/tienda\/producto\/hewlett-packard-enterprise-r0q84a-almacenamiento-hpe-msa-2062-12-gb-sas-sff\/\",\"name\":\"[ Hewlett Packard Enterprise ] &#129351; R0q84a Almacenamiento Hpe Msa 2062 12 Gb Sas Sff\",\"isPartOf\":{\"@id\":\"https:\/\/compuviper.mx\/tienda\/#website\"},\"datePublished\":\"2026-04-17T08:27:07+00:00\",\"dateModified\":\"2026-04-17T08:27:07+00:00\",\"description\":\"Compra R0q84a Almacenamiento Hpe Msa 2062 12 Gb Sas Sff + Env\u00edo a domicilio + Pago seguro + Garant\u00eda\",\"breadcrumb\":{\"@id\":\"https:\/\/compuviper.mx\/tienda\/producto\/hewlett-packard-enterprise-r0q84a-almacenamiento-hpe-msa-2062-12-gb-sas-sff\/#breadcrumb\"},\"inLanguage\":\"es-MX\",\"potentialAction\":[{\"@type\":\"ReadAction\",\"target\":[\"https:\/\/compuviper.mx\/tienda\/producto\/hewlett-packard-enterprise-r0q84a-almacenamiento-hpe-msa-2062-12-gb-sas-sff\/\"]}]},{\"@type\":\"BreadcrumbList\",\"@id\":\"https:\/\/compuviper.mx\/tienda\/producto\/hewlett-packard-enterprise-r0q84a-almacenamiento-hpe-msa-2062-12-gb-sas-sff\/#breadcrumb\",\"itemListElement\":[{\"@type\":\"ListItem\",\"position\":1,\"name\":\"Inicio\",\"item\":\"https:\/\/compuviper.mx\/tienda\/\"},{\"@type\":\"ListItem\",\"position\":2,\"name\":\"Productos\",\"item\":\"https:\/\/compuviper.mx\/tienda\/productos\/\"},{\"@type\":\"ListItem\",\"position\":3,\"name\":\"Almacenamiento\",\"item\":\"https:\/\/compuviper.mx\/tienda\/categoria-producto\/almacenamiento\/\"},{\"@type\":\"ListItem\",\"position\":4,\"name\":\"Sistema De Almacenamiento\",\"item\":\"https:\/\/compuviper.mx\/tienda\/categoria-producto\/almacenamiento\/sistema-de-almacenamiento\/\"},{\"@type\":\"ListItem\",\"position\":5,\"name\":\"Hewlett Packard Enterprise R0q84a Almacenamiento Hpe Msa 2062 12 Gb Sas Sff\"}]},{\"@type\":\"WebSite\",\"@id\":\"https:\/\/compuviper.mx\/tienda\/#website\",\"url\":\"https:\/\/compuviper.mx\/tienda\/\",\"name\":\"Compuviper\",\"description\":\"Proveedor de Computadoras, Laptops, Servidores, Monitores, Puntos de Venta, Teclados,   Impresoras, T\u00f3ner, C\u00e1maras de Seguridad y m\u00e1s en tu tienda en l\u00ednea\",\"publisher\":{\"@id\":\"https:\/\/compuviper.mx\/tienda\/#organization\"},\"potentialAction\":[{\"@type\":\"SearchAction\",\"target\":{\"@type\":\"EntryPoint\",\"urlTemplate\":\"https:\/\/compuviper.mx\/tienda\/?s={search_term_string}\"},\"query-input\":\"required name=search_term_string\"}],\"inLanguage\":\"es-MX\"},{\"@type\":\"Organization\",\"@id\":\"https:\/\/compuviper.mx\/tienda\/#organization\",\"name\":\"Compuviper\",\"url\":\"https:\/\/compuviper.mx\/tienda\/\",\"logo\":{\"@type\":\"ImageObject\",\"inLanguage\":\"es-MX\",\"@id\":\"https:\/\/compuviper.mx\/tienda\/#\/schema\/logo\/image\/\",\"url\":\"https:\/\/compuviper.mx\/tienda\/wp-content\/uploads\/2021\/08\/Logo-Compuviper-10.png\",\"contentUrl\":\"https:\/\/compuviper.mx\/tienda\/wp-content\/uploads\/2021\/08\/Logo-Compuviper-10.png\",\"width\":1000,\"height\":500,\"caption\":\"Compuviper\"},\"image\":{\"@id\":\"https:\/\/compuviper.mx\/tienda\/#\/schema\/logo\/image\/\"},\"sameAs\":[\"https:\/\/www.facebook.com\/compuviper\",\"https:\/\/www.youtube.com\/channel\/UCf73dERp9Y3cfOq7q8BhLjA?view_as=subscriber\"]}]}<\/script>\n<meta property=\"product:brand\" content=\"HEWLETT PACKARD ENTERPRISE\" \/>\n<meta property=\"product:price:amount\" content=\"322787\" \/>\n<meta property=\"product:price:currency\" content=\"MXN\" \/>\n<meta property=\"og:availability\" content=\"backorder\" \/>\n<meta property=\"product:availability\" content=\"available for order\" \/>\n<meta property=\"product:retailer_item_id\" content=\"R0Q84A\" \/>\n<meta property=\"product:condition\" content=\"new\" \/>\n<!-- \/ Yoast SEO plugin. -->","yoast_head_json":{"title":"[ Hewlett Packard Enterprise ] &#129351; R0q84a Almacenamiento Hpe Msa 2062 12 Gb Sas Sff","description":"Compra R0q84a Almacenamiento Hpe Msa 2062 12 Gb Sas Sff + Env\u00edo a domicilio + Pago seguro + Garant\u00eda","robots":{"index":"index","follow":"follow","max-snippet":"max-snippet:-1","max-image-preview":"max-image-preview:large","max-video-preview":"max-video-preview:-1"},"canonical":"https:\/\/compuviper.mx\/tienda\/producto\/hewlett-packard-enterprise-r0q84a-almacenamiento-hpe-msa-2062-12-gb-sas-sff\/","og_locale":"es_MX","og_type":"article","og_title":"[ Hewlett Packard Enterprise ] &#129351; R0q84a Almacenamiento Hpe Msa 2062 12 Gb Sas Sff","og_description":"Compra R0q84a Almacenamiento Hpe Msa 2062 12 Gb Sas Sff + Env\u00edo a domicilio + Pago seguro + Garant\u00eda","og_url":"https:\/\/compuviper.mx\/tienda\/producto\/hewlett-packard-enterprise-r0q84a-almacenamiento-hpe-msa-2062-12-gb-sas-sff\/","og_site_name":"Compuviper","article_publisher":"https:\/\/www.facebook.com\/compuviper","og_image":[{"width":200,"height":200,"url":"https:\/\/compuviper.mx\/tienda\/wp-content\/uploads\/2023\/12\/Almacenamiento-hpe-msa-2062-12-gb-sas-sff.jpg","type":"image\/jpeg"}],"twitter_card":"summary_large_image","twitter_misc":{"Precio":"&#36;322,787 con IVA","Availability":"On backorder"},"schema":{"@context":"https:\/\/schema.org","@graph":[{"@type":"WebPage","@id":"https:\/\/compuviper.mx\/tienda\/producto\/hewlett-packard-enterprise-r0q84a-almacenamiento-hpe-msa-2062-12-gb-sas-sff\/","url":"https:\/\/compuviper.mx\/tienda\/producto\/hewlett-packard-enterprise-r0q84a-almacenamiento-hpe-msa-2062-12-gb-sas-sff\/","name":"[ Hewlett Packard Enterprise ] &#129351; R0q84a Almacenamiento Hpe Msa 2062 12 Gb Sas Sff","isPartOf":{"@id":"https:\/\/compuviper.mx\/tienda\/#website"},"datePublished":"2026-04-17T08:27:07+00:00","dateModified":"2026-04-17T08:27:07+00:00","description":"Compra R0q84a Almacenamiento Hpe Msa 2062 12 Gb Sas Sff + Env\u00edo a domicilio + Pago seguro + Garant\u00eda","breadcrumb":{"@id":"https:\/\/compuviper.mx\/tienda\/producto\/hewlett-packard-enterprise-r0q84a-almacenamiento-hpe-msa-2062-12-gb-sas-sff\/#breadcrumb"},"inLanguage":"es-MX","potentialAction":[{"@type":"ReadAction","target":["https:\/\/compuviper.mx\/tienda\/producto\/hewlett-packard-enterprise-r0q84a-almacenamiento-hpe-msa-2062-12-gb-sas-sff\/"]}]},{"@type":"BreadcrumbList","@id":"https:\/\/compuviper.mx\/tienda\/producto\/hewlett-packard-enterprise-r0q84a-almacenamiento-hpe-msa-2062-12-gb-sas-sff\/#breadcrumb","itemListElement":[{"@type":"ListItem","position":1,"name":"Inicio","item":"https:\/\/compuviper.mx\/tienda\/"},{"@type":"ListItem","position":2,"name":"Productos","item":"https:\/\/compuviper.mx\/tienda\/productos\/"},{"@type":"ListItem","position":3,"name":"Almacenamiento","item":"https:\/\/compuviper.mx\/tienda\/categoria-producto\/almacenamiento\/"},{"@type":"ListItem","position":4,"name":"Sistema De Almacenamiento","item":"https:\/\/compuviper.mx\/tienda\/categoria-producto\/almacenamiento\/sistema-de-almacenamiento\/"},{"@type":"ListItem","position":5,"name":"Hewlett Packard Enterprise R0q84a Almacenamiento Hpe Msa 2062 12 Gb Sas Sff"}]},{"@type":"WebSite","@id":"https:\/\/compuviper.mx\/tienda\/#website","url":"https:\/\/compuviper.mx\/tienda\/","name":"Compuviper","description":"Proveedor de Computadoras, Laptops, Servidores, Monitores, Puntos de Venta, Teclados,   Impresoras, T\u00f3ner, C\u00e1maras de Seguridad y m\u00e1s en tu tienda en l\u00ednea","publisher":{"@id":"https:\/\/compuviper.mx\/tienda\/#organization"},"potentialAction":[{"@type":"SearchAction","target":{"@type":"EntryPoint","urlTemplate":"https:\/\/compuviper.mx\/tienda\/?s={search_term_string}"},"query-input":"required name=search_term_string"}],"inLanguage":"es-MX"},{"@type":"Organization","@id":"https:\/\/compuviper.mx\/tienda\/#organization","name":"Compuviper","url":"https:\/\/compuviper.mx\/tienda\/","logo":{"@type":"ImageObject","inLanguage":"es-MX","@id":"https:\/\/compuviper.mx\/tienda\/#\/schema\/logo\/image\/","url":"https:\/\/compuviper.mx\/tienda\/wp-content\/uploads\/2021\/08\/Logo-Compuviper-10.png","contentUrl":"https:\/\/compuviper.mx\/tienda\/wp-content\/uploads\/2021\/08\/Logo-Compuviper-10.png","width":1000,"height":500,"caption":"Compuviper"},"image":{"@id":"https:\/\/compuviper.mx\/tienda\/#\/schema\/logo\/image\/"},"sameAs":["https:\/\/www.facebook.com\/compuviper","https:\/\/www.youtube.com\/channel\/UCf73dERp9Y3cfOq7q8BhLjA?view_as=subscriber"]}]},"product_brand":"HEWLETT PACKARD ENTERPRISE","product_price_amount":"322787","product_price_currency":"MXN","og_availability":"backorder","product_availability":"available for order","product_retailer_item_id":"R0Q84A","product_condition":"new"},"_links":{"self":[{"href":"https:\/\/compuviper.mx\/tienda\/wp-json\/wp\/v2\/product\/227220"}],"collection":[{"href":"https:\/\/compuviper.mx\/tienda\/wp-json\/wp\/v2\/product"}],"about":[{"href":"https:\/\/compuviper.mx\/tienda\/wp-json\/wp\/v2\/types\/product"}],"replies":[{"embeddable":true,"href":"https:\/\/compuviper.mx\/tienda\/wp-json\/wp\/v2\/comments?post=227220"}],"wp:featuredmedia":[{"embeddable":true,"href":"https:\/\/compuviper.mx\/tienda\/wp-json\/wp\/v2\/media\/227221"}],"wp:attachment":[{"href":"https:\/\/compuviper.mx\/tienda\/wp-json\/wp\/v2\/media?parent=227220"}],"wp:term":[{"taxonomy":"product_cat","embeddable":true,"href":"https:\/\/compuviper.mx\/tienda\/wp-json\/wp\/v2\/product_cat?post=227220"},{"taxonomy":"product_tag","embeddable":true,"href":"https:\/\/compuviper.mx\/tienda\/wp-json\/wp\/v2\/product_tag?post=227220"}],"curies":[{"name":"wp","href":"https:\/\/api.w.org\/{rel}","templated":true}]}}