{"id":227214,"date":"2026-04-17T02:27:06","date_gmt":"2026-04-17T08:27:06","guid":{"rendered":"https:\/\/compuviper.mx\/tienda\/producto\/hewlett-packard-enterprise-bb954a-unidad-de-respaldo-hpe-storeonce-3620-24tb-system-16-tb-usable\/"},"modified":"2026-04-17T02:27:06","modified_gmt":"2026-04-17T08:27:06","slug":"hewlett-packard-enterprise-bb954a-unidad-de-respaldo-hpe-storeonce-3620-24tb-system-16-tb-usable","status":"publish","type":"product","link":"https:\/\/compuviper.mx\/tienda\/producto\/hewlett-packard-enterprise-bb954a-unidad-de-respaldo-hpe-storeonce-3620-24tb-system-16-tb-usable\/","title":{"rendered":"Hewlett Packard Enterprise Bb954a Unidad De Respaldo Hpe Storeonce 3620 24tb System (16 Tb Usable)"},"content":{"rendered":"<table class=\"descripcion\">\n<tr>\n<td>Capacidad<\/td>\n<\/tr>\n<tr>\n<td>A partir de 4 tb, m\u00e1ximo 2240 tb en bruto, seg\u00fan modelo<\/td>\n<\/tr>\n<tr>\n<td>Interfaz de host<\/td>\n<\/tr>\n<tr>\n<td>1 gb ethernet est\u00e1ndar, 10 gbe sfp, 10 gbe-t, 16 gb fc o 32 gb fc opcionales pueden a\u00f1adirse en cualquier configuraci\u00f3n hasta un m\u00e1ximo de cuatro<\/td>\n<\/tr>\n<tr>\n<td>Tasa de transferencia<\/td>\n<\/tr>\n<tr>\n<td>288 tb\/h m\u00e1ximo, seg\u00fan modelo<\/td>\n<\/tr>\n<tr>\n<td>Desduplicaci\u00f3n<\/td>\n<\/tr>\n<tr>\n<td>Deduplicaci\u00f3n hpe storeonce<\/td>\n<\/tr>\n<tr>\n<td>Opciones de expansi\u00f3n de almacenamiento<\/td>\n<\/tr>\n<tr>\n<td>Hay disponibles m\u00f3dulos de expansi\u00f3n y kits de actualizaci\u00f3n hpe storeonce para todas las producciones de hpe storeonce, la escalabilidad depende del modelo<\/td>\n<\/tr>\n<tr>\n<td>Soporte de r\u00e9plicas<\/td>\n<\/tr>\n<tr>\n<td>S\u00ed, replicaci\u00f3n hpe storeonce<\/td>\n<\/tr>\n<tr>\n<td>Compatibilidad con raid<\/td>\n<\/tr>\n<tr>\n<td>Hardware raid 6<\/td>\n<\/tr>\n<tr>\n<td>Cantidad de objetivos de librer\u00edas de cinta virtuales y nas<\/td>\n<\/tr>\n<tr>\n<td>24<\/td>\n<\/tr>\n<tr>\n<td>Dispositivo virtual<\/td>\n<\/tr>\n<tr>\n<td>No<\/td>\n<\/tr>\n<tr>\n<td>Objetivo para aplicaciones de copia de respaldo<\/td>\n<\/tr>\n<tr>\n<td>Hpe storeonce catalyst, biblioteca de cintas virtual (scsi\/fc) y nas (cifs\/nfs)<\/td>\n<\/tr>\n<tr>\n<td>Dispositivo de cinta emulado<\/td>\n<\/tr>\n<tr>\n<td>Unidades de cinta hpe lto-2\/lto-3\/lto-4\/lto-5\/lto-6\/lto-7 ultrium en biblioteca de cintas msl2024, biblioteca de cintas msl4048, biblioteca gen\u00e9rica hpe d2d con biblioteca de cintas gen\u00e9rica hpe d2d<\/td>\n<\/tr>\n<tr>\n<td>N\u00famero de dispositivos de origen, m\u00e1ximo<\/td>\n<\/tr>\n<tr>\n<td>8<\/td>\n<\/tr>\n<tr>\n<td>Cartuchos de cinta emulados (m\u00e1ximo)<\/td>\n<\/tr>\n<tr>\n<td>16 384 m\u00e1ximo, seg\u00fan el modelo y la configuraci\u00f3n<\/td>\n<\/tr>\n<tr>\n<td>Factor de forma<\/td>\n<\/tr>\n<tr>\n<td>2 u<\/td>\n<\/tr>\n<tr>\n<td>Dimensiones m\u00ednimas (alto x ancho x fondo)<\/td>\n<\/tr>\n<tr>\n<td>8,73 x 44,55 x 73,02 cm<\/td>\n<\/tr>\n<tr>\n<td>Peso<\/td>\n<\/tr>\n<tr>\n<td>25 kg<\/td>\n<\/tr>\n<tr>\n<td>Garant\u00eda<\/td>\n<\/tr>\n<tr>\n<td>Cobertura de soporte de 3 a\u00f1os de repuestos, 3 a\u00f1os de mano de obra y 3 a\u00f1os en el lugar. si desea obtener m\u00e1s informaci\u00f3n de la garant\u00eda, consulte http:\/\/h20564.www2.hpe.com\/hpsc\/wc\/public\/home.<\/td>\n<\/tr>\n<\/table>\n","protected":false},"excerpt":{"rendered":"<p>Arquitectura escalable l\u00edder del sector desde oficinas remotas y peque\u00f1as hasta centros de datos empresariales. Deduplicaci\u00f3n federada en toda la empresa con una sola tecnolog\u00eda de deduplicaci\u00f3n: hpe storeonce. Haga copias de seguridad dentro del tiempo que ha establecido y cumpla los acuerdos de nivel de servicio de recuperaci\u00f3n con el rendimiento l\u00edder del sector de storeonce. Operaciones de copia de seguridad y de recuperaci\u00f3n ante desastres automatizadas y eficientes con storeonce catalyst.<\/p>\n","protected":false},"featured_media":227215,"comment_status":"open","ping_status":"open","template":"","meta":[],"product_cat":[1803,2010],"product_tag":[1568],"acf":[],"yoast_head":"<!-- This site is optimized with the Yoast SEO plugin v21.7 - https:\/\/yoast.com\/wordpress\/plugins\/seo\/ -->\n<title>[ Hewlett Packard Enterprise ] &#129351; Bb954a Unidad De Respaldo Hpe Storeonce 3620 24tb System (16 Tb Usable)<\/title>\n<meta name=\"description\" content=\"Compra Bb954a Unidad De Respaldo Hpe Storeonce 3620 24tb System (16 Tb Usable) + Env\u00edo a domicilio + Pago seguro + Garant\u00eda\" \/>\n<meta name=\"robots\" content=\"index, follow, max-snippet:-1, max-image-preview:large, max-video-preview:-1\" \/>\n<link rel=\"canonical\" href=\"https:\/\/compuviper.mx\/tienda\/producto\/hewlett-packard-enterprise-bb954a-unidad-de-respaldo-hpe-storeonce-3620-24tb-system-16-tb-usable\/\" \/>\n<meta property=\"og:locale\" content=\"es_MX\" \/>\n<meta property=\"og:type\" content=\"article\" \/>\n<meta property=\"og:title\" content=\"[ Hewlett Packard Enterprise ] &#129351; Bb954a Unidad De Respaldo Hpe Storeonce 3620 24tb System (16 Tb Usable)\" \/>\n<meta property=\"og:description\" content=\"Compra Bb954a Unidad De Respaldo Hpe Storeonce 3620 24tb System (16 Tb Usable) + Env\u00edo a domicilio + Pago seguro + Garant\u00eda\" \/>\n<meta property=\"og:url\" content=\"https:\/\/compuviper.mx\/tienda\/producto\/hewlett-packard-enterprise-bb954a-unidad-de-respaldo-hpe-storeonce-3620-24tb-system-16-tb-usable\/\" \/>\n<meta property=\"og:site_name\" content=\"Compuviper\" \/>\n<meta property=\"article:publisher\" content=\"https:\/\/www.facebook.com\/compuviper\" \/>\n<meta property=\"og:image\" content=\"https:\/\/compuviper.mx\/tienda\/wp-content\/uploads\/2023\/12\/Unidad-de-respaldo-hpe-storeonce-3620-24tb-system-16-tb-usable.jpg\" \/>\n\t<meta property=\"og:image:width\" content=\"200\" \/>\n\t<meta property=\"og:image:height\" content=\"200\" \/>\n\t<meta property=\"og:image:type\" content=\"image\/jpeg\" \/>\n<meta name=\"twitter:card\" content=\"summary_large_image\" \/>\n<meta name=\"twitter:label1\" content=\"Precio\" \/>\n\t<meta name=\"twitter:data1\" content=\"&#36;175,538 con IVA\" \/>\n\t<meta name=\"twitter:label2\" content=\"Availability\" \/>\n\t<meta name=\"twitter:data2\" content=\"On backorder\" \/>\n<script type=\"application\/ld+json\" class=\"yoast-schema-graph\">{\"@context\":\"https:\/\/schema.org\",\"@graph\":[{\"@type\":\"WebPage\",\"@id\":\"https:\/\/compuviper.mx\/tienda\/producto\/hewlett-packard-enterprise-bb954a-unidad-de-respaldo-hpe-storeonce-3620-24tb-system-16-tb-usable\/\",\"url\":\"https:\/\/compuviper.mx\/tienda\/producto\/hewlett-packard-enterprise-bb954a-unidad-de-respaldo-hpe-storeonce-3620-24tb-system-16-tb-usable\/\",\"name\":\"[ Hewlett Packard Enterprise ] &#129351; Bb954a Unidad De Respaldo Hpe Storeonce 3620 24tb System (16 Tb Usable)\",\"isPartOf\":{\"@id\":\"https:\/\/compuviper.mx\/tienda\/#website\"},\"datePublished\":\"2026-04-17T08:27:06+00:00\",\"dateModified\":\"2026-04-17T08:27:06+00:00\",\"description\":\"Compra Bb954a Unidad De Respaldo Hpe Storeonce 3620 24tb System (16 Tb Usable) + Env\u00edo a domicilio + Pago seguro + Garant\u00eda\",\"breadcrumb\":{\"@id\":\"https:\/\/compuviper.mx\/tienda\/producto\/hewlett-packard-enterprise-bb954a-unidad-de-respaldo-hpe-storeonce-3620-24tb-system-16-tb-usable\/#breadcrumb\"},\"inLanguage\":\"es-MX\",\"potentialAction\":[{\"@type\":\"ReadAction\",\"target\":[\"https:\/\/compuviper.mx\/tienda\/producto\/hewlett-packard-enterprise-bb954a-unidad-de-respaldo-hpe-storeonce-3620-24tb-system-16-tb-usable\/\"]}]},{\"@type\":\"BreadcrumbList\",\"@id\":\"https:\/\/compuviper.mx\/tienda\/producto\/hewlett-packard-enterprise-bb954a-unidad-de-respaldo-hpe-storeonce-3620-24tb-system-16-tb-usable\/#breadcrumb\",\"itemListElement\":[{\"@type\":\"ListItem\",\"position\":1,\"name\":\"Inicio\",\"item\":\"https:\/\/compuviper.mx\/tienda\/\"},{\"@type\":\"ListItem\",\"position\":2,\"name\":\"Productos\",\"item\":\"https:\/\/compuviper.mx\/tienda\/productos\/\"},{\"@type\":\"ListItem\",\"position\":3,\"name\":\"Almacenamiento\",\"item\":\"https:\/\/compuviper.mx\/tienda\/categoria-producto\/almacenamiento\/\"},{\"@type\":\"ListItem\",\"position\":4,\"name\":\"Unidad De Respaldo\",\"item\":\"https:\/\/compuviper.mx\/tienda\/categoria-producto\/almacenamiento\/unidad-de-respaldo\/\"},{\"@type\":\"ListItem\",\"position\":5,\"name\":\"Hewlett Packard Enterprise Bb954a Unidad De Respaldo Hpe Storeonce 3620 24tb System (16 Tb Usable)\"}]},{\"@type\":\"WebSite\",\"@id\":\"https:\/\/compuviper.mx\/tienda\/#website\",\"url\":\"https:\/\/compuviper.mx\/tienda\/\",\"name\":\"Compuviper\",\"description\":\"Proveedor de Computadoras, Laptops, Servidores, Monitores, Puntos de Venta, Teclados,   Impresoras, T\u00f3ner, C\u00e1maras de Seguridad y m\u00e1s en tu tienda en l\u00ednea\",\"publisher\":{\"@id\":\"https:\/\/compuviper.mx\/tienda\/#organization\"},\"potentialAction\":[{\"@type\":\"SearchAction\",\"target\":{\"@type\":\"EntryPoint\",\"urlTemplate\":\"https:\/\/compuviper.mx\/tienda\/?s={search_term_string}\"},\"query-input\":\"required name=search_term_string\"}],\"inLanguage\":\"es-MX\"},{\"@type\":\"Organization\",\"@id\":\"https:\/\/compuviper.mx\/tienda\/#organization\",\"name\":\"Compuviper\",\"url\":\"https:\/\/compuviper.mx\/tienda\/\",\"logo\":{\"@type\":\"ImageObject\",\"inLanguage\":\"es-MX\",\"@id\":\"https:\/\/compuviper.mx\/tienda\/#\/schema\/logo\/image\/\",\"url\":\"https:\/\/compuviper.mx\/tienda\/wp-content\/uploads\/2021\/08\/Logo-Compuviper-10.png\",\"contentUrl\":\"https:\/\/compuviper.mx\/tienda\/wp-content\/uploads\/2021\/08\/Logo-Compuviper-10.png\",\"width\":1000,\"height\":500,\"caption\":\"Compuviper\"},\"image\":{\"@id\":\"https:\/\/compuviper.mx\/tienda\/#\/schema\/logo\/image\/\"},\"sameAs\":[\"https:\/\/www.facebook.com\/compuviper\",\"https:\/\/www.youtube.com\/channel\/UCf73dERp9Y3cfOq7q8BhLjA?view_as=subscriber\"]}]}<\/script>\n<meta property=\"product:brand\" content=\"HEWLETT PACKARD ENTERPRISE\" \/>\n<meta property=\"product:price:amount\" content=\"175538\" \/>\n<meta property=\"product:price:currency\" content=\"MXN\" \/>\n<meta property=\"og:availability\" content=\"backorder\" \/>\n<meta property=\"product:availability\" content=\"available for order\" \/>\n<meta property=\"product:retailer_item_id\" content=\"BB954A\" \/>\n<meta property=\"product:condition\" content=\"new\" \/>\n<!-- \/ Yoast SEO plugin. -->","yoast_head_json":{"title":"[ Hewlett Packard Enterprise ] &#129351; Bb954a Unidad De Respaldo Hpe Storeonce 3620 24tb System (16 Tb Usable)","description":"Compra Bb954a Unidad De Respaldo Hpe Storeonce 3620 24tb System (16 Tb Usable) + Env\u00edo a domicilio + Pago seguro + Garant\u00eda","robots":{"index":"index","follow":"follow","max-snippet":"max-snippet:-1","max-image-preview":"max-image-preview:large","max-video-preview":"max-video-preview:-1"},"canonical":"https:\/\/compuviper.mx\/tienda\/producto\/hewlett-packard-enterprise-bb954a-unidad-de-respaldo-hpe-storeonce-3620-24tb-system-16-tb-usable\/","og_locale":"es_MX","og_type":"article","og_title":"[ Hewlett Packard Enterprise ] &#129351; Bb954a Unidad De Respaldo Hpe Storeonce 3620 24tb System (16 Tb Usable)","og_description":"Compra Bb954a Unidad De Respaldo Hpe Storeonce 3620 24tb System (16 Tb Usable) + Env\u00edo a domicilio + Pago seguro + Garant\u00eda","og_url":"https:\/\/compuviper.mx\/tienda\/producto\/hewlett-packard-enterprise-bb954a-unidad-de-respaldo-hpe-storeonce-3620-24tb-system-16-tb-usable\/","og_site_name":"Compuviper","article_publisher":"https:\/\/www.facebook.com\/compuviper","og_image":[{"width":200,"height":200,"url":"https:\/\/compuviper.mx\/tienda\/wp-content\/uploads\/2023\/12\/Unidad-de-respaldo-hpe-storeonce-3620-24tb-system-16-tb-usable.jpg","type":"image\/jpeg"}],"twitter_card":"summary_large_image","twitter_misc":{"Precio":"&#36;175,538 con IVA","Availability":"On backorder"},"schema":{"@context":"https:\/\/schema.org","@graph":[{"@type":"WebPage","@id":"https:\/\/compuviper.mx\/tienda\/producto\/hewlett-packard-enterprise-bb954a-unidad-de-respaldo-hpe-storeonce-3620-24tb-system-16-tb-usable\/","url":"https:\/\/compuviper.mx\/tienda\/producto\/hewlett-packard-enterprise-bb954a-unidad-de-respaldo-hpe-storeonce-3620-24tb-system-16-tb-usable\/","name":"[ Hewlett Packard Enterprise ] &#129351; Bb954a Unidad De Respaldo Hpe Storeonce 3620 24tb System (16 Tb Usable)","isPartOf":{"@id":"https:\/\/compuviper.mx\/tienda\/#website"},"datePublished":"2026-04-17T08:27:06+00:00","dateModified":"2026-04-17T08:27:06+00:00","description":"Compra Bb954a Unidad De Respaldo Hpe Storeonce 3620 24tb System (16 Tb Usable) + Env\u00edo a domicilio + Pago seguro + Garant\u00eda","breadcrumb":{"@id":"https:\/\/compuviper.mx\/tienda\/producto\/hewlett-packard-enterprise-bb954a-unidad-de-respaldo-hpe-storeonce-3620-24tb-system-16-tb-usable\/#breadcrumb"},"inLanguage":"es-MX","potentialAction":[{"@type":"ReadAction","target":["https:\/\/compuviper.mx\/tienda\/producto\/hewlett-packard-enterprise-bb954a-unidad-de-respaldo-hpe-storeonce-3620-24tb-system-16-tb-usable\/"]}]},{"@type":"BreadcrumbList","@id":"https:\/\/compuviper.mx\/tienda\/producto\/hewlett-packard-enterprise-bb954a-unidad-de-respaldo-hpe-storeonce-3620-24tb-system-16-tb-usable\/#breadcrumb","itemListElement":[{"@type":"ListItem","position":1,"name":"Inicio","item":"https:\/\/compuviper.mx\/tienda\/"},{"@type":"ListItem","position":2,"name":"Productos","item":"https:\/\/compuviper.mx\/tienda\/productos\/"},{"@type":"ListItem","position":3,"name":"Almacenamiento","item":"https:\/\/compuviper.mx\/tienda\/categoria-producto\/almacenamiento\/"},{"@type":"ListItem","position":4,"name":"Unidad De Respaldo","item":"https:\/\/compuviper.mx\/tienda\/categoria-producto\/almacenamiento\/unidad-de-respaldo\/"},{"@type":"ListItem","position":5,"name":"Hewlett Packard Enterprise Bb954a Unidad De Respaldo Hpe Storeonce 3620 24tb System (16 Tb Usable)"}]},{"@type":"WebSite","@id":"https:\/\/compuviper.mx\/tienda\/#website","url":"https:\/\/compuviper.mx\/tienda\/","name":"Compuviper","description":"Proveedor de Computadoras, Laptops, Servidores, Monitores, Puntos de Venta, Teclados,   Impresoras, T\u00f3ner, C\u00e1maras de Seguridad y m\u00e1s en tu tienda en l\u00ednea","publisher":{"@id":"https:\/\/compuviper.mx\/tienda\/#organization"},"potentialAction":[{"@type":"SearchAction","target":{"@type":"EntryPoint","urlTemplate":"https:\/\/compuviper.mx\/tienda\/?s={search_term_string}"},"query-input":"required name=search_term_string"}],"inLanguage":"es-MX"},{"@type":"Organization","@id":"https:\/\/compuviper.mx\/tienda\/#organization","name":"Compuviper","url":"https:\/\/compuviper.mx\/tienda\/","logo":{"@type":"ImageObject","inLanguage":"es-MX","@id":"https:\/\/compuviper.mx\/tienda\/#\/schema\/logo\/image\/","url":"https:\/\/compuviper.mx\/tienda\/wp-content\/uploads\/2021\/08\/Logo-Compuviper-10.png","contentUrl":"https:\/\/compuviper.mx\/tienda\/wp-content\/uploads\/2021\/08\/Logo-Compuviper-10.png","width":1000,"height":500,"caption":"Compuviper"},"image":{"@id":"https:\/\/compuviper.mx\/tienda\/#\/schema\/logo\/image\/"},"sameAs":["https:\/\/www.facebook.com\/compuviper","https:\/\/www.youtube.com\/channel\/UCf73dERp9Y3cfOq7q8BhLjA?view_as=subscriber"]}]},"product_brand":"HEWLETT PACKARD ENTERPRISE","product_price_amount":"175538","product_price_currency":"MXN","og_availability":"backorder","product_availability":"available for order","product_retailer_item_id":"BB954A","product_condition":"new"},"_links":{"self":[{"href":"https:\/\/compuviper.mx\/tienda\/wp-json\/wp\/v2\/product\/227214"}],"collection":[{"href":"https:\/\/compuviper.mx\/tienda\/wp-json\/wp\/v2\/product"}],"about":[{"href":"https:\/\/compuviper.mx\/tienda\/wp-json\/wp\/v2\/types\/product"}],"replies":[{"embeddable":true,"href":"https:\/\/compuviper.mx\/tienda\/wp-json\/wp\/v2\/comments?post=227214"}],"wp:featuredmedia":[{"embeddable":true,"href":"https:\/\/compuviper.mx\/tienda\/wp-json\/wp\/v2\/media\/227215"}],"wp:attachment":[{"href":"https:\/\/compuviper.mx\/tienda\/wp-json\/wp\/v2\/media?parent=227214"}],"wp:term":[{"taxonomy":"product_cat","embeddable":true,"href":"https:\/\/compuviper.mx\/tienda\/wp-json\/wp\/v2\/product_cat?post=227214"},{"taxonomy":"product_tag","embeddable":true,"href":"https:\/\/compuviper.mx\/tienda\/wp-json\/wp\/v2\/product_tag?post=227214"}],"curies":[{"name":"wp","href":"https:\/\/api.w.org\/{rel}","templated":true}]}}