{"id":227208,"date":"2026-04-17T02:27:04","date_gmt":"2026-04-17T08:27:04","guid":{"rendered":"https:\/\/compuviper.mx\/tienda\/producto\/hewlett-packard-enterprise-bb874a-unidad-de-respaldo-en-cinta-hpe-storeever-lto-7-ultrium-sas-externa\/"},"modified":"2026-04-17T02:27:05","modified_gmt":"2026-04-17T08:27:05","slug":"hewlett-packard-enterprise-bb874a-unidad-de-respaldo-en-cinta-hpe-storeever-lto-7-ultrium-sas-externa","status":"publish","type":"product","link":"https:\/\/compuviper.mx\/tienda\/producto\/hewlett-packard-enterprise-bb874a-unidad-de-respaldo-en-cinta-hpe-storeever-lto-7-ultrium-sas-externa\/","title":{"rendered":"Hewlett Packard Enterprise Bb874a Unidad De Respaldo En Cinta Hpe Storeever Lto-7 Ultrium Sas Externa"},"content":{"rendered":"<table class=\"descripcion\">\n<tr>\n<td>Especificaciones<\/td>\n<\/tr>\n<tr>\n<td>Tecnolog\u00eda de grabaci\u00f3n<\/td>\n<\/tr>\n<tr>\n<td>\u0095 lto-7 ultrium 15000<\/td>\n<\/tr>\n<tr>\n<td>Capacidad<\/td>\n<\/tr>\n<tr>\n<td>\u0095 15 tb, compresi\u00f3n de 2,5:1<\/td>\n<\/tr>\n<tr>\n<td>Tasa de transferencia<\/td>\n<\/tr>\n<tr>\n<td>\u0095 300 mb\/s<\/td>\n<\/tr>\n<tr>\n<td>\u0095 nativo<\/td>\n<\/tr>\n<tr>\n<td>            tama\u00f1o de buffer<\/td>\n<\/tr>\n<tr>\n<td>\u0095 1024 mb<\/td>\n<\/tr>\n<tr>\n<td>\u0095 incluido<\/td>\n<\/tr>\n<tr>\n<td>Interfaz de host<\/td>\n<\/tr>\n<tr>\n<td>\u0095 sas de 6gb\/s<\/td>\n<\/tr>\n<tr>\n<td>Recurso de encripci\u00f3n<\/td>\n<\/tr>\n<tr>\n<td>\u0095 aes de 256 bits<\/td>\n<\/tr>\n<tr>\n<td>Funciones worm<\/td>\n<\/tr>\n<tr>\n<td>\u0095 s\u00ed<\/td>\n<\/tr>\n<tr>\n<td>Compatible con bladesystem<\/td>\n<\/tr>\n<tr>\n<td>\u0095 s\u00ed, consulte el documento quickspecs para obtener m\u00e1s informaci\u00f3n<\/td>\n<\/tr>\n<tr>\n<td>Factor de forma<\/td>\n<\/tr>\n<tr>\n<td>\u0095 5,25 pulg. media altura<\/td>\n<\/tr>\n<tr>\n<td>Dimensiones y peso<\/td>\n<\/tr>\n<tr>\n<td>Dimensiones m\u00ednimas (anch. x prof. x alt.)<\/td>\n<\/tr>\n<tr>\n<td>\u0095 22,3 x 29,5 x 7,7 cm<\/td>\n<\/tr>\n<tr>\n<td>Peso<\/td>\n<\/tr>\n<tr>\n<td>\u0095 1,45 kg<\/td>\n<\/tr>\n<tr>\n<td>Qu\u00e9 se incluye<\/td>\n<\/tr>\n<tr>\n<td>Diferenciador<\/td>\n<\/tr>\n<tr>\n<td>\u0095 unidad de cinta sas externa de media altura lto-7 ultrium 15000 de 6 gb\/s<\/td>\n<\/tr>\n<tr>\n<td>Garant\u00eda &#8211; a\u00f1o(s) (piezas\/mano de obra\/en el sitio)<\/td>\n<\/tr>\n<tr>\n<td>\u0095 3\/0\/0<\/td>\n<\/tr>\n<tr>\n<td>Contenido de la caja<\/td>\n<\/tr>\n<tr>\n<td>\u0095 unidad de cinta externa sas hp lto-7 ultrium 15000, opci\u00f3n de descarga del software de copia de seguridad y recuperaci\u00f3n yosemite server backup basic, cartucho de datos hp lto-7 ultrium de 15 tb, etiquetas en varios idiomas, cable de alimentaci\u00f3n, cable mini-sas de alta densidad a sff8088, p\u00f3ster de ajuste de rendimiento, documentaci\u00f3n<\/td>\n<\/tr>\n<\/table>\n","protected":false},"excerpt":{"rendered":"<p>Las unidades de cinta hpe storeever lto ultrium representan siete generaciones de la tecnolog\u00eda lto y son capaces de almacenar hasta 15 tb por cartucho, con hpe tapeassure para proporcionar capacidad de administraci\u00f3n y de cifrado de datos de hardware, y hpe storeopen con ltfs para facilitar el uso y lograr un rendimiento sin precedentes. Con hpe tapeassure, los clientes pueden confiar en que sus datos estar\u00e1n seguros gracias a la supervisi\u00f3n de la utilizaci\u00f3n de las unidades y los medios, el rendimiento operativo y la informaci\u00f3n de su vida \u00fatil y estado. El cifrado de datos del hardware que utiliza aes de 256 bits ofrece una seguridad f\u00e1cil de activar para poder proteger los datos m\u00e1s importantes y evitar el acceso no autorizado a los cartuchos de cintas. Linear tape file system (ltfs) es un formato abierto para el almacenamiento de datos en cinta que convierte a las cintas lto de quinta generaci\u00f3n y anteriores en cintas autodescriptivas y basadas en archivos. Con velocidades nativas de transferencia de datos de hasta 300 mb\/s, la funci\u00f3n data rate matching de hpe optimiza a\u00fan m\u00e1s el rendimiento, haciendo coincidir la velocidad del sistema principal para mantener el flujo de datos de las unidades, lo que permite un mayor rendimiento en las cintas.<\/p>\n","protected":false},"featured_media":227209,"comment_status":"open","ping_status":"open","template":"","meta":[],"product_cat":[1803,2010],"product_tag":[1568],"acf":[],"yoast_head":"<!-- This site is optimized with the Yoast SEO plugin v21.7 - https:\/\/yoast.com\/wordpress\/plugins\/seo\/ -->\n<title>[ Hewlett Packard Enterprise ] &#129351; Bb874a Unidad De Respaldo En Cinta Hpe Storeever Lto-7 Ultrium Sas Externa<\/title>\n<meta name=\"description\" content=\"Compra Bb874a Unidad De Respaldo En Cinta Hpe Storeever Lto-7 Ultrium Sas Externa + Env\u00edo a domicilio + Pago seguro + Garant\u00eda\" \/>\n<meta name=\"robots\" content=\"index, follow, max-snippet:-1, max-image-preview:large, max-video-preview:-1\" \/>\n<link rel=\"canonical\" href=\"https:\/\/compuviper.mx\/tienda\/producto\/hewlett-packard-enterprise-bb874a-unidad-de-respaldo-en-cinta-hpe-storeever-lto-7-ultrium-sas-externa\/\" \/>\n<meta property=\"og:locale\" content=\"es_MX\" \/>\n<meta property=\"og:type\" content=\"article\" \/>\n<meta property=\"og:title\" content=\"[ Hewlett Packard Enterprise ] &#129351; Bb874a Unidad De Respaldo En Cinta Hpe Storeever Lto-7 Ultrium Sas Externa\" \/>\n<meta property=\"og:description\" content=\"Compra Bb874a Unidad De Respaldo En Cinta Hpe Storeever Lto-7 Ultrium Sas Externa + Env\u00edo a domicilio + Pago seguro + Garant\u00eda\" \/>\n<meta property=\"og:url\" content=\"https:\/\/compuviper.mx\/tienda\/producto\/hewlett-packard-enterprise-bb874a-unidad-de-respaldo-en-cinta-hpe-storeever-lto-7-ultrium-sas-externa\/\" \/>\n<meta property=\"og:site_name\" content=\"Compuviper\" \/>\n<meta property=\"article:publisher\" content=\"https:\/\/www.facebook.com\/compuviper\" \/>\n<meta property=\"article:modified_time\" content=\"2026-04-17T08:27:05+00:00\" \/>\n<meta property=\"og:image\" content=\"https:\/\/compuviper.mx\/tienda\/wp-content\/uploads\/2023\/12\/Unidad-de-respaldo-en-cinta-hpe-storeever-lto-7-ultrium-sas-externa.jpg\" \/>\n\t<meta property=\"og:image:width\" content=\"200\" \/>\n\t<meta property=\"og:image:height\" content=\"200\" \/>\n\t<meta property=\"og:image:type\" content=\"image\/jpeg\" \/>\n<meta name=\"twitter:card\" content=\"summary_large_image\" \/>\n<meta name=\"twitter:label1\" content=\"Precio\" \/>\n\t<meta name=\"twitter:data1\" content=\"&#36;67,818 con IVA\" \/>\n\t<meta name=\"twitter:label2\" content=\"Availability\" \/>\n\t<meta name=\"twitter:data2\" content=\"On backorder\" \/>\n<script type=\"application\/ld+json\" class=\"yoast-schema-graph\">{\"@context\":\"https:\/\/schema.org\",\"@graph\":[{\"@type\":\"WebPage\",\"@id\":\"https:\/\/compuviper.mx\/tienda\/producto\/hewlett-packard-enterprise-bb874a-unidad-de-respaldo-en-cinta-hpe-storeever-lto-7-ultrium-sas-externa\/\",\"url\":\"https:\/\/compuviper.mx\/tienda\/producto\/hewlett-packard-enterprise-bb874a-unidad-de-respaldo-en-cinta-hpe-storeever-lto-7-ultrium-sas-externa\/\",\"name\":\"[ Hewlett Packard Enterprise ] &#129351; Bb874a Unidad De Respaldo En Cinta Hpe Storeever Lto-7 Ultrium Sas Externa\",\"isPartOf\":{\"@id\":\"https:\/\/compuviper.mx\/tienda\/#website\"},\"datePublished\":\"2026-04-17T08:27:04+00:00\",\"dateModified\":\"2026-04-17T08:27:05+00:00\",\"description\":\"Compra Bb874a Unidad De Respaldo En Cinta Hpe Storeever Lto-7 Ultrium Sas Externa + Env\u00edo a domicilio + Pago seguro + Garant\u00eda\",\"breadcrumb\":{\"@id\":\"https:\/\/compuviper.mx\/tienda\/producto\/hewlett-packard-enterprise-bb874a-unidad-de-respaldo-en-cinta-hpe-storeever-lto-7-ultrium-sas-externa\/#breadcrumb\"},\"inLanguage\":\"es-MX\",\"potentialAction\":[{\"@type\":\"ReadAction\",\"target\":[\"https:\/\/compuviper.mx\/tienda\/producto\/hewlett-packard-enterprise-bb874a-unidad-de-respaldo-en-cinta-hpe-storeever-lto-7-ultrium-sas-externa\/\"]}]},{\"@type\":\"BreadcrumbList\",\"@id\":\"https:\/\/compuviper.mx\/tienda\/producto\/hewlett-packard-enterprise-bb874a-unidad-de-respaldo-en-cinta-hpe-storeever-lto-7-ultrium-sas-externa\/#breadcrumb\",\"itemListElement\":[{\"@type\":\"ListItem\",\"position\":1,\"name\":\"Inicio\",\"item\":\"https:\/\/compuviper.mx\/tienda\/\"},{\"@type\":\"ListItem\",\"position\":2,\"name\":\"Productos\",\"item\":\"https:\/\/compuviper.mx\/tienda\/productos\/\"},{\"@type\":\"ListItem\",\"position\":3,\"name\":\"Almacenamiento\",\"item\":\"https:\/\/compuviper.mx\/tienda\/categoria-producto\/almacenamiento\/\"},{\"@type\":\"ListItem\",\"position\":4,\"name\":\"Unidad De Respaldo\",\"item\":\"https:\/\/compuviper.mx\/tienda\/categoria-producto\/almacenamiento\/unidad-de-respaldo\/\"},{\"@type\":\"ListItem\",\"position\":5,\"name\":\"Hewlett Packard Enterprise Bb874a Unidad De Respaldo En Cinta Hpe Storeever Lto-7 Ultrium Sas Externa\"}]},{\"@type\":\"WebSite\",\"@id\":\"https:\/\/compuviper.mx\/tienda\/#website\",\"url\":\"https:\/\/compuviper.mx\/tienda\/\",\"name\":\"Compuviper\",\"description\":\"Proveedor de Computadoras, Laptops, Servidores, Monitores, Puntos de Venta, Teclados,   Impresoras, T\u00f3ner, C\u00e1maras de Seguridad y m\u00e1s en tu tienda en l\u00ednea\",\"publisher\":{\"@id\":\"https:\/\/compuviper.mx\/tienda\/#organization\"},\"potentialAction\":[{\"@type\":\"SearchAction\",\"target\":{\"@type\":\"EntryPoint\",\"urlTemplate\":\"https:\/\/compuviper.mx\/tienda\/?s={search_term_string}\"},\"query-input\":\"required name=search_term_string\"}],\"inLanguage\":\"es-MX\"},{\"@type\":\"Organization\",\"@id\":\"https:\/\/compuviper.mx\/tienda\/#organization\",\"name\":\"Compuviper\",\"url\":\"https:\/\/compuviper.mx\/tienda\/\",\"logo\":{\"@type\":\"ImageObject\",\"inLanguage\":\"es-MX\",\"@id\":\"https:\/\/compuviper.mx\/tienda\/#\/schema\/logo\/image\/\",\"url\":\"https:\/\/compuviper.mx\/tienda\/wp-content\/uploads\/2021\/08\/Logo-Compuviper-10.png\",\"contentUrl\":\"https:\/\/compuviper.mx\/tienda\/wp-content\/uploads\/2021\/08\/Logo-Compuviper-10.png\",\"width\":1000,\"height\":500,\"caption\":\"Compuviper\"},\"image\":{\"@id\":\"https:\/\/compuviper.mx\/tienda\/#\/schema\/logo\/image\/\"},\"sameAs\":[\"https:\/\/www.facebook.com\/compuviper\",\"https:\/\/www.youtube.com\/channel\/UCf73dERp9Y3cfOq7q8BhLjA?view_as=subscriber\"]}]}<\/script>\n<meta property=\"product:brand\" content=\"HEWLETT PACKARD ENTERPRISE\" \/>\n<meta property=\"product:price:amount\" content=\"67818\" \/>\n<meta property=\"product:price:currency\" content=\"MXN\" \/>\n<meta property=\"og:availability\" content=\"backorder\" \/>\n<meta property=\"product:availability\" content=\"available for order\" \/>\n<meta property=\"product:retailer_item_id\" content=\"BB874A\" \/>\n<meta property=\"product:condition\" content=\"new\" \/>\n<!-- \/ Yoast SEO plugin. -->","yoast_head_json":{"title":"[ Hewlett Packard Enterprise ] &#129351; Bb874a Unidad De Respaldo En Cinta Hpe Storeever Lto-7 Ultrium Sas Externa","description":"Compra Bb874a Unidad De Respaldo En Cinta Hpe Storeever Lto-7 Ultrium Sas Externa + Env\u00edo a domicilio + Pago seguro + Garant\u00eda","robots":{"index":"index","follow":"follow","max-snippet":"max-snippet:-1","max-image-preview":"max-image-preview:large","max-video-preview":"max-video-preview:-1"},"canonical":"https:\/\/compuviper.mx\/tienda\/producto\/hewlett-packard-enterprise-bb874a-unidad-de-respaldo-en-cinta-hpe-storeever-lto-7-ultrium-sas-externa\/","og_locale":"es_MX","og_type":"article","og_title":"[ Hewlett Packard Enterprise ] &#129351; Bb874a Unidad De Respaldo En Cinta Hpe Storeever Lto-7 Ultrium Sas Externa","og_description":"Compra Bb874a Unidad De Respaldo En Cinta Hpe Storeever Lto-7 Ultrium Sas Externa + Env\u00edo a domicilio + Pago seguro + Garant\u00eda","og_url":"https:\/\/compuviper.mx\/tienda\/producto\/hewlett-packard-enterprise-bb874a-unidad-de-respaldo-en-cinta-hpe-storeever-lto-7-ultrium-sas-externa\/","og_site_name":"Compuviper","article_publisher":"https:\/\/www.facebook.com\/compuviper","article_modified_time":"2026-04-17T08:27:05+00:00","og_image":[{"width":200,"height":200,"url":"https:\/\/compuviper.mx\/tienda\/wp-content\/uploads\/2023\/12\/Unidad-de-respaldo-en-cinta-hpe-storeever-lto-7-ultrium-sas-externa.jpg","type":"image\/jpeg"}],"twitter_card":"summary_large_image","twitter_misc":{"Precio":"&#36;67,818 con IVA","Availability":"On backorder"},"schema":{"@context":"https:\/\/schema.org","@graph":[{"@type":"WebPage","@id":"https:\/\/compuviper.mx\/tienda\/producto\/hewlett-packard-enterprise-bb874a-unidad-de-respaldo-en-cinta-hpe-storeever-lto-7-ultrium-sas-externa\/","url":"https:\/\/compuviper.mx\/tienda\/producto\/hewlett-packard-enterprise-bb874a-unidad-de-respaldo-en-cinta-hpe-storeever-lto-7-ultrium-sas-externa\/","name":"[ Hewlett Packard Enterprise ] &#129351; Bb874a Unidad De Respaldo En Cinta Hpe Storeever Lto-7 Ultrium Sas Externa","isPartOf":{"@id":"https:\/\/compuviper.mx\/tienda\/#website"},"datePublished":"2026-04-17T08:27:04+00:00","dateModified":"2026-04-17T08:27:05+00:00","description":"Compra Bb874a Unidad De Respaldo En Cinta Hpe Storeever Lto-7 Ultrium Sas Externa + Env\u00edo a domicilio + Pago seguro + Garant\u00eda","breadcrumb":{"@id":"https:\/\/compuviper.mx\/tienda\/producto\/hewlett-packard-enterprise-bb874a-unidad-de-respaldo-en-cinta-hpe-storeever-lto-7-ultrium-sas-externa\/#breadcrumb"},"inLanguage":"es-MX","potentialAction":[{"@type":"ReadAction","target":["https:\/\/compuviper.mx\/tienda\/producto\/hewlett-packard-enterprise-bb874a-unidad-de-respaldo-en-cinta-hpe-storeever-lto-7-ultrium-sas-externa\/"]}]},{"@type":"BreadcrumbList","@id":"https:\/\/compuviper.mx\/tienda\/producto\/hewlett-packard-enterprise-bb874a-unidad-de-respaldo-en-cinta-hpe-storeever-lto-7-ultrium-sas-externa\/#breadcrumb","itemListElement":[{"@type":"ListItem","position":1,"name":"Inicio","item":"https:\/\/compuviper.mx\/tienda\/"},{"@type":"ListItem","position":2,"name":"Productos","item":"https:\/\/compuviper.mx\/tienda\/productos\/"},{"@type":"ListItem","position":3,"name":"Almacenamiento","item":"https:\/\/compuviper.mx\/tienda\/categoria-producto\/almacenamiento\/"},{"@type":"ListItem","position":4,"name":"Unidad De Respaldo","item":"https:\/\/compuviper.mx\/tienda\/categoria-producto\/almacenamiento\/unidad-de-respaldo\/"},{"@type":"ListItem","position":5,"name":"Hewlett Packard Enterprise Bb874a Unidad De Respaldo En Cinta Hpe Storeever Lto-7 Ultrium Sas Externa"}]},{"@type":"WebSite","@id":"https:\/\/compuviper.mx\/tienda\/#website","url":"https:\/\/compuviper.mx\/tienda\/","name":"Compuviper","description":"Proveedor de Computadoras, Laptops, Servidores, Monitores, Puntos de Venta, Teclados,   Impresoras, T\u00f3ner, C\u00e1maras de Seguridad y m\u00e1s en tu tienda en l\u00ednea","publisher":{"@id":"https:\/\/compuviper.mx\/tienda\/#organization"},"potentialAction":[{"@type":"SearchAction","target":{"@type":"EntryPoint","urlTemplate":"https:\/\/compuviper.mx\/tienda\/?s={search_term_string}"},"query-input":"required name=search_term_string"}],"inLanguage":"es-MX"},{"@type":"Organization","@id":"https:\/\/compuviper.mx\/tienda\/#organization","name":"Compuviper","url":"https:\/\/compuviper.mx\/tienda\/","logo":{"@type":"ImageObject","inLanguage":"es-MX","@id":"https:\/\/compuviper.mx\/tienda\/#\/schema\/logo\/image\/","url":"https:\/\/compuviper.mx\/tienda\/wp-content\/uploads\/2021\/08\/Logo-Compuviper-10.png","contentUrl":"https:\/\/compuviper.mx\/tienda\/wp-content\/uploads\/2021\/08\/Logo-Compuviper-10.png","width":1000,"height":500,"caption":"Compuviper"},"image":{"@id":"https:\/\/compuviper.mx\/tienda\/#\/schema\/logo\/image\/"},"sameAs":["https:\/\/www.facebook.com\/compuviper","https:\/\/www.youtube.com\/channel\/UCf73dERp9Y3cfOq7q8BhLjA?view_as=subscriber"]}]},"product_brand":"HEWLETT PACKARD ENTERPRISE","product_price_amount":"67818","product_price_currency":"MXN","og_availability":"backorder","product_availability":"available for order","product_retailer_item_id":"BB874A","product_condition":"new"},"_links":{"self":[{"href":"https:\/\/compuviper.mx\/tienda\/wp-json\/wp\/v2\/product\/227208"}],"collection":[{"href":"https:\/\/compuviper.mx\/tienda\/wp-json\/wp\/v2\/product"}],"about":[{"href":"https:\/\/compuviper.mx\/tienda\/wp-json\/wp\/v2\/types\/product"}],"replies":[{"embeddable":true,"href":"https:\/\/compuviper.mx\/tienda\/wp-json\/wp\/v2\/comments?post=227208"}],"wp:featuredmedia":[{"embeddable":true,"href":"https:\/\/compuviper.mx\/tienda\/wp-json\/wp\/v2\/media\/227209"}],"wp:attachment":[{"href":"https:\/\/compuviper.mx\/tienda\/wp-json\/wp\/v2\/media?parent=227208"}],"wp:term":[{"taxonomy":"product_cat","embeddable":true,"href":"https:\/\/compuviper.mx\/tienda\/wp-json\/wp\/v2\/product_cat?post=227208"},{"taxonomy":"product_tag","embeddable":true,"href":"https:\/\/compuviper.mx\/tienda\/wp-json\/wp\/v2\/product_tag?post=227208"}],"curies":[{"name":"wp","href":"https:\/\/api.w.org\/{rel}","templated":true}]}}