{"id":227128,"date":"2026-04-09T02:32:10","date_gmt":"2026-04-09T08:32:10","guid":{"rendered":"https:\/\/compuviper.mx\/tienda\/producto\/lg-43ur640s-television-super-sign-para-sealizacion-digital-43-uhd-hdr-10-300-nits-16-7-wi-fi-built-in-hdmi-x2-usb-rf-rs-232-rj45-bocina-10-w-x2\/"},"modified":"2026-04-09T02:32:10","modified_gmt":"2026-04-09T08:32:10","slug":"lg-43ur640s8806091531421-television-super-sign-para-sealizacion-digital-43-uhd-hdr-10-300-nits-16-7-wi-fi-built-in-hdmi-x2-usb-rf-rs-232-rj45-bocina-10-w-x2","status":"publish","type":"product","link":"https:\/\/compuviper.mx\/tienda\/producto\/lg-43ur640s8806091531421-television-super-sign-para-sealizacion-digital-43-uhd-hdr-10-300-nits-16-7-wi-fi-built-in-hdmi-x2-usb-rf-rs-232-rj45-bocina-10-w-x2\/","title":{"rendered":"Lg 43ur640s,8806091531421 Television Super Sign Para Se?alizacion Digital  43 Uhd, Hdr 10, 300 Nits 16\/7, Wi-fi Built In Hdmi X2 Usb, Rf, Rs-232, Rj45, Bocina 10 W X2"},"content":{"rendered":"<table class=\"descripcion\">\n<tr>\n<td>Televisor signage<\/td>\n<\/tr>\n<tr>\n<td>Pulgada                                            43<\/td>\n<\/tr>\n<tr>\n<td>Resoluci\u00f3n                                      3.840 x 2.160 (uhd)<\/td>\n<\/tr>\n<tr>\n<td>Tipo de unidad de retroiluminaci\u00f3n    directa<\/td>\n<\/tr>\n<tr>\n<td>Brillo (nit)                                        300<\/td>\n<\/tr>\n<tr>\n<td>Audio<\/td>\n<\/tr>\n<tr>\n<td>Salida de audio                               10 w + 10 w<\/td>\n<\/tr>\n<tr>\n<td>Sistema de altavoces                   2.0 ch<\/td>\n<\/tr>\n<tr>\n<td>Sistema de radiodifusi\u00f3n<\/td>\n<\/tr>\n<tr>\n<td>Digital                                                (terrestre, cable, sat\u00e9lite) atsc, clear qam<\/td>\n<\/tr>\n<tr>\n<td>Dimensi\u00f3n<\/td>\n<\/tr>\n<tr>\n<td>Vesa (mm) 200 x 200<\/td>\n<\/tr>\n<tr>\n<td>Ancho x alto x profundidad \/ peso (con soporte) 967 x 622 x 216 mm \/ 8,9 kg<\/td>\n<\/tr>\n<tr>\n<td>Ancho x alto x profundidad \/ peso (sin soporte) 967 x 564 x 57,1 mm \/ 8,8 kg<\/td>\n<\/tr>\n<tr>\n<td>Ancho x alto x profundidad \/ peso (caja) 1,055 x 660 x 142 mm \/ 11,0 kg<\/td>\n<\/tr>\n<tr>\n<td>Poder<\/td>\n<\/tr>\n<tr>\n<td>Voltaje, hz ac                              120 v ~, 50\/60 hz<\/td>\n<\/tr>\n<tr>\n<td>En espera por debajo de         0,5 w<\/td>\n<\/tr>\n<tr>\n<td>Consumo de energ\u00eda (m\u00e1x.)  119,6<\/td>\n<\/tr>\n<tr>\n<td>Consumo de energ\u00eda (t\u00edpico) 97,2<\/td>\n<\/tr>\n<tr>\n<td>Interfaz<\/td>\n<\/tr>\n<tr>\n<td>Entrada hdmi lateral 3 (2.0)<\/td>\n<\/tr>\n<tr>\n<td>Usb trasero (2.0), entrada de rf, salida de audio digital (\u00f3ptico), salida de altavoz externo (conector telef\u00f3nico de 3,5 mm), rj45 (prop\u00f3sito de uso, lan)<\/td>\n<\/tr>\n<\/table>\n","protected":false},"excerpt":{"rendered":"<p>Ya sea para difundir informacion, mostrar el trabajo de tu empresa o simplemente establecer un estado de animo, los displays comerciales supersign cms (licencia con costo adicional)  de lg te permiten comunicarse con tus clientes altamente visuales y con formas atractivas. Encuentra los productos comerciales lg que se adecuen a tu negocio y comienza a comunicarte con tus clientes<\/p>\n","protected":false},"featured_media":227129,"comment_status":"open","ping_status":"open","template":"","meta":[],"product_cat":[1838,2008],"product_tag":[1687],"acf":[],"yoast_head":"<!-- This site is optimized with the Yoast SEO plugin v21.7 - https:\/\/yoast.com\/wordpress\/plugins\/seo\/ -->\n<title>[ Lg ] &#129351; 43ur640s,8806091531421 Television Super Sign Para Se\u00f1alizacion Digital 43 Uhd, Hdr 10, 300 Nits 16\/7, Wi-fi Built In Hdmi X2 Usb, Rf, Rs-232, Rj45, Bocina 10 W X2<\/title>\n<meta name=\"description\" content=\"Compra 43ur640s,8806091531421 Television Super Sign Para Se\u00f1alizacion Digital 43 Uhd, Hdr 10, 300 Nits 16\/7, Wi-fi Built In Hdmi X2 Usb, Rf, Rs-232, Rj45, Bocina 10 W X2 + Env\u00edo a domicilio + Pago seguro + Garant\u00eda\" \/>\n<meta name=\"robots\" content=\"index, follow, max-snippet:-1, max-image-preview:large, max-video-preview:-1\" \/>\n<link rel=\"canonical\" href=\"https:\/\/compuviper.mx\/tienda\/producto\/lg-43ur640s8806091531421-television-super-sign-para-sealizacion-digital-43-uhd-hdr-10-300-nits-16-7-wi-fi-built-in-hdmi-x2-usb-rf-rs-232-rj45-bocina-10-w-x2\/\" \/>\n<meta property=\"og:locale\" content=\"es_MX\" \/>\n<meta property=\"og:type\" content=\"article\" \/>\n<meta property=\"og:title\" content=\"[ Lg ] &#129351; 43ur640s,8806091531421 Television Super Sign Para Se\u00f1alizacion Digital 43 Uhd, Hdr 10, 300 Nits 16\/7, Wi-fi Built In Hdmi X2 Usb, Rf, Rs-232, Rj45, Bocina 10 W X2\" \/>\n<meta property=\"og:description\" content=\"Compra 43ur640s,8806091531421 Television Super Sign Para Se\u00f1alizacion Digital 43 Uhd, Hdr 10, 300 Nits 16\/7, Wi-fi Built In Hdmi X2 Usb, Rf, Rs-232, Rj45, Bocina 10 W X2 + Env\u00edo a domicilio + Pago seguro + Garant\u00eda\" \/>\n<meta property=\"og:url\" content=\"https:\/\/compuviper.mx\/tienda\/producto\/lg-43ur640s8806091531421-television-super-sign-para-sealizacion-digital-43-uhd-hdr-10-300-nits-16-7-wi-fi-built-in-hdmi-x2-usb-rf-rs-232-rj45-bocina-10-w-x2\/\" \/>\n<meta property=\"og:site_name\" content=\"Compuviper\" \/>\n<meta property=\"article:publisher\" content=\"https:\/\/www.facebook.com\/compuviper\" \/>\n<meta property=\"og:image\" content=\"https:\/\/compuviper.mx\/tienda\/wp-content\/uploads\/2023\/12\/Television-super-sign-para-senalizacion-digital-lg-43-uhd-hdr-10-300-nits-167-wi-fi-built-in-hdmi-x2-usb-rf-rs-232-rj45-bocina-10-w-x2.jpg\" \/>\n\t<meta property=\"og:image:width\" content=\"200\" \/>\n\t<meta property=\"og:image:height\" content=\"200\" \/>\n\t<meta property=\"og:image:type\" content=\"image\/jpeg\" \/>\n<meta name=\"twitter:card\" content=\"summary_large_image\" \/>\n<meta name=\"twitter:label1\" content=\"Precio\" \/>\n\t<meta name=\"twitter:data1\" content=\"&#36;8,411 con IVA\" \/>\n\t<meta name=\"twitter:label2\" content=\"Availability\" \/>\n\t<meta name=\"twitter:data2\" content=\"In stock\" \/>\n<script type=\"application\/ld+json\" class=\"yoast-schema-graph\">{\"@context\":\"https:\/\/schema.org\",\"@graph\":[{\"@type\":\"WebPage\",\"@id\":\"https:\/\/compuviper.mx\/tienda\/producto\/lg-43ur640s8806091531421-television-super-sign-para-sealizacion-digital-43-uhd-hdr-10-300-nits-16-7-wi-fi-built-in-hdmi-x2-usb-rf-rs-232-rj45-bocina-10-w-x2\/\",\"url\":\"https:\/\/compuviper.mx\/tienda\/producto\/lg-43ur640s8806091531421-television-super-sign-para-sealizacion-digital-43-uhd-hdr-10-300-nits-16-7-wi-fi-built-in-hdmi-x2-usb-rf-rs-232-rj45-bocina-10-w-x2\/\",\"name\":\"[ Lg ] &#129351; 43ur640s,8806091531421 Television Super Sign Para Se\u00f1alizacion Digital 43 Uhd, Hdr 10, 300 Nits 16\/7, Wi-fi Built In Hdmi X2 Usb, Rf, Rs-232, Rj45, Bocina 10 W X2\",\"isPartOf\":{\"@id\":\"https:\/\/compuviper.mx\/tienda\/#website\"},\"datePublished\":\"2026-04-09T08:32:10+00:00\",\"dateModified\":\"2026-04-09T08:32:10+00:00\",\"description\":\"Compra 43ur640s,8806091531421 Television Super Sign Para Se\u00f1alizacion Digital 43 Uhd, Hdr 10, 300 Nits 16\/7, Wi-fi Built In Hdmi X2 Usb, Rf, Rs-232, Rj45, Bocina 10 W X2 + Env\u00edo a domicilio + Pago seguro + Garant\u00eda\",\"breadcrumb\":{\"@id\":\"https:\/\/compuviper.mx\/tienda\/producto\/lg-43ur640s8806091531421-television-super-sign-para-sealizacion-digital-43-uhd-hdr-10-300-nits-16-7-wi-fi-built-in-hdmi-x2-usb-rf-rs-232-rj45-bocina-10-w-x2\/#breadcrumb\"},\"inLanguage\":\"es-MX\",\"potentialAction\":[{\"@type\":\"ReadAction\",\"target\":[\"https:\/\/compuviper.mx\/tienda\/producto\/lg-43ur640s8806091531421-television-super-sign-para-sealizacion-digital-43-uhd-hdr-10-300-nits-16-7-wi-fi-built-in-hdmi-x2-usb-rf-rs-232-rj45-bocina-10-w-x2\/\"]}]},{\"@type\":\"BreadcrumbList\",\"@id\":\"https:\/\/compuviper.mx\/tienda\/producto\/lg-43ur640s8806091531421-television-super-sign-para-sealizacion-digital-43-uhd-hdr-10-300-nits-16-7-wi-fi-built-in-hdmi-x2-usb-rf-rs-232-rj45-bocina-10-w-x2\/#breadcrumb\",\"itemListElement\":[{\"@type\":\"ListItem\",\"position\":1,\"name\":\"Inicio\",\"item\":\"https:\/\/compuviper.mx\/tienda\/\"},{\"@type\":\"ListItem\",\"position\":2,\"name\":\"Productos\",\"item\":\"https:\/\/compuviper.mx\/tienda\/productos\/\"},{\"@type\":\"ListItem\",\"position\":3,\"name\":\"Televisor\",\"item\":\"https:\/\/compuviper.mx\/tienda\/categoria-producto\/televisor\/\"},{\"@type\":\"ListItem\",\"position\":4,\"name\":\"Sin Categor\u00eda\",\"item\":\"https:\/\/compuviper.mx\/tienda\/categoria-producto\/televisor\/sin-categoria-televisor\/\"},{\"@type\":\"ListItem\",\"position\":5,\"name\":\"Lg 43ur640s,8806091531421 Television Super Sign Para Se?alizacion Digital 43 Uhd, Hdr 10, 300 Nits 16\/7, Wi-fi Built In Hdmi X2 Usb, Rf, Rs-232, Rj45, Bocina 10 W X2\"}]},{\"@type\":\"WebSite\",\"@id\":\"https:\/\/compuviper.mx\/tienda\/#website\",\"url\":\"https:\/\/compuviper.mx\/tienda\/\",\"name\":\"Compuviper\",\"description\":\"Proveedor de Computadoras, Laptops, Servidores, Monitores, Puntos de Venta, Teclados,   Impresoras, T\u00f3ner, C\u00e1maras de Seguridad y m\u00e1s en tu tienda en l\u00ednea\",\"publisher\":{\"@id\":\"https:\/\/compuviper.mx\/tienda\/#organization\"},\"potentialAction\":[{\"@type\":\"SearchAction\",\"target\":{\"@type\":\"EntryPoint\",\"urlTemplate\":\"https:\/\/compuviper.mx\/tienda\/?s={search_term_string}\"},\"query-input\":\"required name=search_term_string\"}],\"inLanguage\":\"es-MX\"},{\"@type\":\"Organization\",\"@id\":\"https:\/\/compuviper.mx\/tienda\/#organization\",\"name\":\"Compuviper\",\"url\":\"https:\/\/compuviper.mx\/tienda\/\",\"logo\":{\"@type\":\"ImageObject\",\"inLanguage\":\"es-MX\",\"@id\":\"https:\/\/compuviper.mx\/tienda\/#\/schema\/logo\/image\/\",\"url\":\"https:\/\/compuviper.mx\/tienda\/wp-content\/uploads\/2021\/08\/Logo-Compuviper-10.png\",\"contentUrl\":\"https:\/\/compuviper.mx\/tienda\/wp-content\/uploads\/2021\/08\/Logo-Compuviper-10.png\",\"width\":1000,\"height\":500,\"caption\":\"Compuviper\"},\"image\":{\"@id\":\"https:\/\/compuviper.mx\/tienda\/#\/schema\/logo\/image\/\"},\"sameAs\":[\"https:\/\/www.facebook.com\/compuviper\",\"https:\/\/www.youtube.com\/channel\/UCf73dERp9Y3cfOq7q8BhLjA?view_as=subscriber\"]}]}<\/script>\n<meta property=\"product:brand\" content=\"LG\" \/>\n<meta property=\"product:price:amount\" content=\"8411\" \/>\n<meta property=\"product:price:currency\" content=\"MXN\" \/>\n<meta property=\"og:availability\" content=\"instock\" \/>\n<meta property=\"product:availability\" content=\"instock\" \/>\n<meta property=\"product:retailer_item_id\" content=\"43UR640S,8806091531421\" \/>\n<meta property=\"product:condition\" content=\"new\" \/>\n<!-- \/ Yoast SEO plugin. -->","yoast_head_json":{"title":"[ Lg ] &#129351; 43ur640s,8806091531421 Television Super Sign Para Se\u00f1alizacion Digital 43 Uhd, Hdr 10, 300 Nits 16\/7, Wi-fi Built In Hdmi X2 Usb, Rf, Rs-232, Rj45, Bocina 10 W X2","description":"Compra 43ur640s,8806091531421 Television Super Sign Para Se\u00f1alizacion Digital 43 Uhd, Hdr 10, 300 Nits 16\/7, Wi-fi Built In Hdmi X2 Usb, Rf, Rs-232, Rj45, Bocina 10 W X2 + Env\u00edo a domicilio + Pago seguro + Garant\u00eda","robots":{"index":"index","follow":"follow","max-snippet":"max-snippet:-1","max-image-preview":"max-image-preview:large","max-video-preview":"max-video-preview:-1"},"canonical":"https:\/\/compuviper.mx\/tienda\/producto\/lg-43ur640s8806091531421-television-super-sign-para-sealizacion-digital-43-uhd-hdr-10-300-nits-16-7-wi-fi-built-in-hdmi-x2-usb-rf-rs-232-rj45-bocina-10-w-x2\/","og_locale":"es_MX","og_type":"article","og_title":"[ Lg ] &#129351; 43ur640s,8806091531421 Television Super Sign Para Se\u00f1alizacion Digital 43 Uhd, Hdr 10, 300 Nits 16\/7, Wi-fi Built In Hdmi X2 Usb, Rf, Rs-232, Rj45, Bocina 10 W X2","og_description":"Compra 43ur640s,8806091531421 Television Super Sign Para Se\u00f1alizacion Digital 43 Uhd, Hdr 10, 300 Nits 16\/7, Wi-fi Built In Hdmi X2 Usb, Rf, Rs-232, Rj45, Bocina 10 W X2 + Env\u00edo a domicilio + Pago seguro + Garant\u00eda","og_url":"https:\/\/compuviper.mx\/tienda\/producto\/lg-43ur640s8806091531421-television-super-sign-para-sealizacion-digital-43-uhd-hdr-10-300-nits-16-7-wi-fi-built-in-hdmi-x2-usb-rf-rs-232-rj45-bocina-10-w-x2\/","og_site_name":"Compuviper","article_publisher":"https:\/\/www.facebook.com\/compuviper","og_image":[{"width":200,"height":200,"url":"https:\/\/compuviper.mx\/tienda\/wp-content\/uploads\/2023\/12\/Television-super-sign-para-senalizacion-digital-lg-43-uhd-hdr-10-300-nits-167-wi-fi-built-in-hdmi-x2-usb-rf-rs-232-rj45-bocina-10-w-x2.jpg","type":"image\/jpeg"}],"twitter_card":"summary_large_image","twitter_misc":{"Precio":"&#36;8,411 con IVA","Availability":"In stock"},"schema":{"@context":"https:\/\/schema.org","@graph":[{"@type":"WebPage","@id":"https:\/\/compuviper.mx\/tienda\/producto\/lg-43ur640s8806091531421-television-super-sign-para-sealizacion-digital-43-uhd-hdr-10-300-nits-16-7-wi-fi-built-in-hdmi-x2-usb-rf-rs-232-rj45-bocina-10-w-x2\/","url":"https:\/\/compuviper.mx\/tienda\/producto\/lg-43ur640s8806091531421-television-super-sign-para-sealizacion-digital-43-uhd-hdr-10-300-nits-16-7-wi-fi-built-in-hdmi-x2-usb-rf-rs-232-rj45-bocina-10-w-x2\/","name":"[ Lg ] &#129351; 43ur640s,8806091531421 Television Super Sign Para Se\u00f1alizacion Digital 43 Uhd, Hdr 10, 300 Nits 16\/7, Wi-fi Built In Hdmi X2 Usb, Rf, Rs-232, Rj45, Bocina 10 W X2","isPartOf":{"@id":"https:\/\/compuviper.mx\/tienda\/#website"},"datePublished":"2026-04-09T08:32:10+00:00","dateModified":"2026-04-09T08:32:10+00:00","description":"Compra 43ur640s,8806091531421 Television Super Sign Para Se\u00f1alizacion Digital 43 Uhd, Hdr 10, 300 Nits 16\/7, Wi-fi Built In Hdmi X2 Usb, Rf, Rs-232, Rj45, Bocina 10 W X2 + Env\u00edo a domicilio + Pago seguro + Garant\u00eda","breadcrumb":{"@id":"https:\/\/compuviper.mx\/tienda\/producto\/lg-43ur640s8806091531421-television-super-sign-para-sealizacion-digital-43-uhd-hdr-10-300-nits-16-7-wi-fi-built-in-hdmi-x2-usb-rf-rs-232-rj45-bocina-10-w-x2\/#breadcrumb"},"inLanguage":"es-MX","potentialAction":[{"@type":"ReadAction","target":["https:\/\/compuviper.mx\/tienda\/producto\/lg-43ur640s8806091531421-television-super-sign-para-sealizacion-digital-43-uhd-hdr-10-300-nits-16-7-wi-fi-built-in-hdmi-x2-usb-rf-rs-232-rj45-bocina-10-w-x2\/"]}]},{"@type":"BreadcrumbList","@id":"https:\/\/compuviper.mx\/tienda\/producto\/lg-43ur640s8806091531421-television-super-sign-para-sealizacion-digital-43-uhd-hdr-10-300-nits-16-7-wi-fi-built-in-hdmi-x2-usb-rf-rs-232-rj45-bocina-10-w-x2\/#breadcrumb","itemListElement":[{"@type":"ListItem","position":1,"name":"Inicio","item":"https:\/\/compuviper.mx\/tienda\/"},{"@type":"ListItem","position":2,"name":"Productos","item":"https:\/\/compuviper.mx\/tienda\/productos\/"},{"@type":"ListItem","position":3,"name":"Televisor","item":"https:\/\/compuviper.mx\/tienda\/categoria-producto\/televisor\/"},{"@type":"ListItem","position":4,"name":"Sin Categor\u00eda","item":"https:\/\/compuviper.mx\/tienda\/categoria-producto\/televisor\/sin-categoria-televisor\/"},{"@type":"ListItem","position":5,"name":"Lg 43ur640s,8806091531421 Television Super Sign Para Se?alizacion Digital 43 Uhd, Hdr 10, 300 Nits 16\/7, Wi-fi Built In Hdmi X2 Usb, Rf, Rs-232, Rj45, Bocina 10 W X2"}]},{"@type":"WebSite","@id":"https:\/\/compuviper.mx\/tienda\/#website","url":"https:\/\/compuviper.mx\/tienda\/","name":"Compuviper","description":"Proveedor de Computadoras, Laptops, Servidores, Monitores, Puntos de Venta, Teclados,   Impresoras, T\u00f3ner, C\u00e1maras de Seguridad y m\u00e1s en tu tienda en l\u00ednea","publisher":{"@id":"https:\/\/compuviper.mx\/tienda\/#organization"},"potentialAction":[{"@type":"SearchAction","target":{"@type":"EntryPoint","urlTemplate":"https:\/\/compuviper.mx\/tienda\/?s={search_term_string}"},"query-input":"required name=search_term_string"}],"inLanguage":"es-MX"},{"@type":"Organization","@id":"https:\/\/compuviper.mx\/tienda\/#organization","name":"Compuviper","url":"https:\/\/compuviper.mx\/tienda\/","logo":{"@type":"ImageObject","inLanguage":"es-MX","@id":"https:\/\/compuviper.mx\/tienda\/#\/schema\/logo\/image\/","url":"https:\/\/compuviper.mx\/tienda\/wp-content\/uploads\/2021\/08\/Logo-Compuviper-10.png","contentUrl":"https:\/\/compuviper.mx\/tienda\/wp-content\/uploads\/2021\/08\/Logo-Compuviper-10.png","width":1000,"height":500,"caption":"Compuviper"},"image":{"@id":"https:\/\/compuviper.mx\/tienda\/#\/schema\/logo\/image\/"},"sameAs":["https:\/\/www.facebook.com\/compuviper","https:\/\/www.youtube.com\/channel\/UCf73dERp9Y3cfOq7q8BhLjA?view_as=subscriber"]}]},"product_brand":"LG","product_price_amount":"8411","product_price_currency":"MXN","og_availability":"instock","product_availability":"instock","product_retailer_item_id":"43UR640S,8806091531421","product_condition":"new"},"_links":{"self":[{"href":"https:\/\/compuviper.mx\/tienda\/wp-json\/wp\/v2\/product\/227128"}],"collection":[{"href":"https:\/\/compuviper.mx\/tienda\/wp-json\/wp\/v2\/product"}],"about":[{"href":"https:\/\/compuviper.mx\/tienda\/wp-json\/wp\/v2\/types\/product"}],"replies":[{"embeddable":true,"href":"https:\/\/compuviper.mx\/tienda\/wp-json\/wp\/v2\/comments?post=227128"}],"wp:featuredmedia":[{"embeddable":true,"href":"https:\/\/compuviper.mx\/tienda\/wp-json\/wp\/v2\/media\/227129"}],"wp:attachment":[{"href":"https:\/\/compuviper.mx\/tienda\/wp-json\/wp\/v2\/media?parent=227128"}],"wp:term":[{"taxonomy":"product_cat","embeddable":true,"href":"https:\/\/compuviper.mx\/tienda\/wp-json\/wp\/v2\/product_cat?post=227128"},{"taxonomy":"product_tag","embeddable":true,"href":"https:\/\/compuviper.mx\/tienda\/wp-json\/wp\/v2\/product_tag?post=227128"}],"curies":[{"name":"wp","href":"https:\/\/api.w.org\/{rel}","templated":true}]}}