{"id":227031,"date":"2026-04-16T02:19:28","date_gmt":"2026-04-16T08:19:28","guid":{"rendered":"https:\/\/compuviper.mx\/tienda\/producto\/panasonic-kx-ts550meb-telefono-alambrico-basico-unilinea-con-marcador-rapido-de-10-numeros-control-de-volumen-de-4-niveles-negro\/"},"modified":"2026-04-16T02:19:29","modified_gmt":"2026-04-16T08:19:29","slug":"panasonic-kx-ts550meb-telefono-alambrico-basico-unilinea-con-marcador-rapido-de-10-numeros-control-de-volumen-de-4-niveles-negro","status":"publish","type":"product","link":"https:\/\/compuviper.mx\/tienda\/producto\/panasonic-kx-ts550meb-telefono-alambrico-basico-unilinea-con-marcador-rapido-de-10-numeros-control-de-volumen-de-4-niveles-negro\/","title":{"rendered":"Panasonic Kx-ts550meb Telefono   Alambrico Basico Unilinea Con Marcador Rapido De 10 Numeros Control De Volumen De 4 Niveles Negro"},"content":{"rendered":"<table class=\"descripcion\">\n<tr>\n<td>Color negro<\/td>\n<\/tr>\n<tr>\n<td>Lineas telefonicas 1<\/td>\n<\/tr>\n<tr>\n<td>Timbre distintivo si<\/td>\n<\/tr>\n<tr>\n<td>Identificador de llamada en espera<\/td>\n<\/tr>\n<tr>\n<td>Memoria de identificador de llamadas 100 numeros<\/td>\n<\/tr>\n<tr>\n<td>Altavoz no<\/td>\n<\/tr>\n<tr>\n<td>Control de volumen del altavoz no<\/td>\n<\/tr>\n<tr>\n<td>Marcado rapido si<\/td>\n<\/tr>\n<tr>\n<td>Tecla de navegacion si<\/td>\n<\/tr>\n<tr>\n<td>Pantalla lcd de 1 linea no<\/td>\n<\/tr>\n<tr>\n<td>Puerto para datos no<\/td>\n<\/tr>\n<tr>\n<td>Control de volumen del auricular si<\/td>\n<\/tr>\n<tr>\n<td>Alerta luminosa de timbre no<\/td>\n<\/tr>\n<tr>\n<td>Hold si<\/td>\n<\/tr>\n<tr>\n<td>Mute si<\/td>\n<\/tr>\n<tr>\n<td>Redial si<\/td>\n<\/tr>\n<tr>\n<td>Flash si<\/td>\n<\/tr>\n<tr>\n<td>Pausa si<\/td>\n<\/tr>\n<tr>\n<td>Tone\/pulse programable si<\/td>\n<\/tr>\n<tr>\n<td>Montable en pared si<\/td>\n<\/tr>\n<\/table>\n","protected":false},"excerpt":{"rendered":"<p>\u0095 telefono alambrico. \u0095 flash. \u0095 13 memorias. \u0095 (negro)<\/p>\n","protected":false},"featured_media":227032,"comment_status":"open","ping_status":"open","template":"","meta":[],"product_cat":[1610,1836],"product_tag":[1522],"acf":[],"yoast_head":"<!-- This site is optimized with the Yoast SEO plugin v21.7 - https:\/\/yoast.com\/wordpress\/plugins\/seo\/ -->\n<title>[ Panasonic ] &#129351; Kx-ts550meb Telefono Alambrico Basico Unilinea Con Marcador Rapido De 10 Numeros Control De Volumen De 4 Niveles Negro<\/title>\n<meta name=\"description\" content=\"Compra Kx-ts550meb Telefono Alambrico Basico Unilinea Con Marcador Rapido De 10 Numeros Control De Volumen De 4 Niveles Negro + Env\u00edo a domicilio + Pago seguro + Garant\u00eda\" \/>\n<meta name=\"robots\" content=\"index, follow, max-snippet:-1, max-image-preview:large, max-video-preview:-1\" \/>\n<link rel=\"canonical\" href=\"https:\/\/compuviper.mx\/tienda\/producto\/panasonic-kx-ts550meb-telefono-alambrico-basico-unilinea-con-marcador-rapido-de-10-numeros-control-de-volumen-de-4-niveles-negro\/\" \/>\n<meta property=\"og:locale\" content=\"es_MX\" \/>\n<meta property=\"og:type\" content=\"article\" \/>\n<meta property=\"og:title\" content=\"[ Panasonic ] &#129351; Kx-ts550meb Telefono Alambrico Basico Unilinea Con Marcador Rapido De 10 Numeros Control De Volumen De 4 Niveles Negro\" \/>\n<meta property=\"og:description\" content=\"Compra Kx-ts550meb Telefono Alambrico Basico Unilinea Con Marcador Rapido De 10 Numeros Control De Volumen De 4 Niveles Negro + Env\u00edo a domicilio + Pago seguro + Garant\u00eda\" \/>\n<meta property=\"og:url\" content=\"https:\/\/compuviper.mx\/tienda\/producto\/panasonic-kx-ts550meb-telefono-alambrico-basico-unilinea-con-marcador-rapido-de-10-numeros-control-de-volumen-de-4-niveles-negro\/\" \/>\n<meta property=\"og:site_name\" content=\"Compuviper\" \/>\n<meta property=\"article:publisher\" content=\"https:\/\/www.facebook.com\/compuviper\" \/>\n<meta property=\"article:modified_time\" content=\"2026-04-16T08:19:29+00:00\" \/>\n<meta property=\"og:image\" content=\"https:\/\/compuviper.mx\/tienda\/wp-content\/uploads\/2023\/12\/Telefono-panasonic-kx-ts550meb-alambrico-basico-unilinea-con-marcador-rapido-de-10-numeros-control-de-volumen-de-4-niveles-negro.jpg\" \/>\n\t<meta property=\"og:image:width\" content=\"200\" \/>\n\t<meta property=\"og:image:height\" content=\"200\" \/>\n\t<meta property=\"og:image:type\" content=\"image\/jpeg\" \/>\n<meta name=\"twitter:card\" content=\"summary_large_image\" \/>\n<meta name=\"twitter:label1\" content=\"Precio\" \/>\n\t<meta name=\"twitter:data1\" content=\"&#36;476 &#36;460 con IVA\" \/>\n\t<meta name=\"twitter:label2\" content=\"Availability\" \/>\n\t<meta name=\"twitter:data2\" content=\"In stock\" \/>\n<script type=\"application\/ld+json\" class=\"yoast-schema-graph\">{\"@context\":\"https:\/\/schema.org\",\"@graph\":[{\"@type\":\"WebPage\",\"@id\":\"https:\/\/compuviper.mx\/tienda\/producto\/panasonic-kx-ts550meb-telefono-alambrico-basico-unilinea-con-marcador-rapido-de-10-numeros-control-de-volumen-de-4-niveles-negro\/\",\"url\":\"https:\/\/compuviper.mx\/tienda\/producto\/panasonic-kx-ts550meb-telefono-alambrico-basico-unilinea-con-marcador-rapido-de-10-numeros-control-de-volumen-de-4-niveles-negro\/\",\"name\":\"[ Panasonic ] &#129351; Kx-ts550meb Telefono Alambrico Basico Unilinea Con Marcador Rapido De 10 Numeros Control De Volumen De 4 Niveles Negro\",\"isPartOf\":{\"@id\":\"https:\/\/compuviper.mx\/tienda\/#website\"},\"datePublished\":\"2026-04-16T08:19:28+00:00\",\"dateModified\":\"2026-04-16T08:19:29+00:00\",\"description\":\"Compra Kx-ts550meb Telefono Alambrico Basico Unilinea Con Marcador Rapido De 10 Numeros Control De Volumen De 4 Niveles Negro + Env\u00edo a domicilio + Pago seguro + Garant\u00eda\",\"breadcrumb\":{\"@id\":\"https:\/\/compuviper.mx\/tienda\/producto\/panasonic-kx-ts550meb-telefono-alambrico-basico-unilinea-con-marcador-rapido-de-10-numeros-control-de-volumen-de-4-niveles-negro\/#breadcrumb\"},\"inLanguage\":\"es-MX\",\"potentialAction\":[{\"@type\":\"ReadAction\",\"target\":[\"https:\/\/compuviper.mx\/tienda\/producto\/panasonic-kx-ts550meb-telefono-alambrico-basico-unilinea-con-marcador-rapido-de-10-numeros-control-de-volumen-de-4-niveles-negro\/\"]}]},{\"@type\":\"BreadcrumbList\",\"@id\":\"https:\/\/compuviper.mx\/tienda\/producto\/panasonic-kx-ts550meb-telefono-alambrico-basico-unilinea-con-marcador-rapido-de-10-numeros-control-de-volumen-de-4-niveles-negro\/#breadcrumb\",\"itemListElement\":[{\"@type\":\"ListItem\",\"position\":1,\"name\":\"Inicio\",\"item\":\"https:\/\/compuviper.mx\/tienda\/\"},{\"@type\":\"ListItem\",\"position\":2,\"name\":\"Productos\",\"item\":\"https:\/\/compuviper.mx\/tienda\/productos\/\"},{\"@type\":\"ListItem\",\"position\":3,\"name\":\"Telefonia\",\"item\":\"https:\/\/compuviper.mx\/tienda\/categoria-producto\/telefonia-2\/\"},{\"@type\":\"ListItem\",\"position\":4,\"name\":\"Telefono Analogo (unilinia)\",\"item\":\"https:\/\/compuviper.mx\/tienda\/categoria-producto\/telefonia-2\/telefono-analogo-unilinia\/\"},{\"@type\":\"ListItem\",\"position\":5,\"name\":\"Panasonic Kx-ts550meb Telefono Alambrico Basico Unilinea Con Marcador Rapido De 10 Numeros Control De Volumen De 4 Niveles Negro\"}]},{\"@type\":\"WebSite\",\"@id\":\"https:\/\/compuviper.mx\/tienda\/#website\",\"url\":\"https:\/\/compuviper.mx\/tienda\/\",\"name\":\"Compuviper\",\"description\":\"Proveedor de Computadoras, Laptops, Servidores, Monitores, Puntos de Venta, Teclados,   Impresoras, T\u00f3ner, C\u00e1maras de Seguridad y m\u00e1s en tu tienda en l\u00ednea\",\"publisher\":{\"@id\":\"https:\/\/compuviper.mx\/tienda\/#organization\"},\"potentialAction\":[{\"@type\":\"SearchAction\",\"target\":{\"@type\":\"EntryPoint\",\"urlTemplate\":\"https:\/\/compuviper.mx\/tienda\/?s={search_term_string}\"},\"query-input\":\"required name=search_term_string\"}],\"inLanguage\":\"es-MX\"},{\"@type\":\"Organization\",\"@id\":\"https:\/\/compuviper.mx\/tienda\/#organization\",\"name\":\"Compuviper\",\"url\":\"https:\/\/compuviper.mx\/tienda\/\",\"logo\":{\"@type\":\"ImageObject\",\"inLanguage\":\"es-MX\",\"@id\":\"https:\/\/compuviper.mx\/tienda\/#\/schema\/logo\/image\/\",\"url\":\"https:\/\/compuviper.mx\/tienda\/wp-content\/uploads\/2021\/08\/Logo-Compuviper-10.png\",\"contentUrl\":\"https:\/\/compuviper.mx\/tienda\/wp-content\/uploads\/2021\/08\/Logo-Compuviper-10.png\",\"width\":1000,\"height\":500,\"caption\":\"Compuviper\"},\"image\":{\"@id\":\"https:\/\/compuviper.mx\/tienda\/#\/schema\/logo\/image\/\"},\"sameAs\":[\"https:\/\/www.facebook.com\/compuviper\",\"https:\/\/www.youtube.com\/channel\/UCf73dERp9Y3cfOq7q8BhLjA?view_as=subscriber\"]}]}<\/script>\n<meta property=\"product:brand\" content=\"PANASONIC\" \/>\n<meta property=\"product:price:amount\" content=\"460\" \/>\n<meta property=\"product:price:currency\" content=\"MXN\" \/>\n<meta property=\"og:availability\" content=\"instock\" \/>\n<meta property=\"product:availability\" content=\"instock\" \/>\n<meta property=\"product:retailer_item_id\" content=\"KX-TS550MEB\" \/>\n<meta property=\"product:condition\" content=\"new\" \/>\n<!-- \/ Yoast SEO plugin. -->","yoast_head_json":{"title":"[ Panasonic ] &#129351; Kx-ts550meb Telefono Alambrico Basico Unilinea Con Marcador Rapido De 10 Numeros Control De Volumen De 4 Niveles Negro","description":"Compra Kx-ts550meb Telefono Alambrico Basico Unilinea Con Marcador Rapido De 10 Numeros Control De Volumen De 4 Niveles Negro + Env\u00edo a domicilio + Pago seguro + Garant\u00eda","robots":{"index":"index","follow":"follow","max-snippet":"max-snippet:-1","max-image-preview":"max-image-preview:large","max-video-preview":"max-video-preview:-1"},"canonical":"https:\/\/compuviper.mx\/tienda\/producto\/panasonic-kx-ts550meb-telefono-alambrico-basico-unilinea-con-marcador-rapido-de-10-numeros-control-de-volumen-de-4-niveles-negro\/","og_locale":"es_MX","og_type":"article","og_title":"[ Panasonic ] &#129351; Kx-ts550meb Telefono Alambrico Basico Unilinea Con Marcador Rapido De 10 Numeros Control De Volumen De 4 Niveles Negro","og_description":"Compra Kx-ts550meb Telefono Alambrico Basico Unilinea Con Marcador Rapido De 10 Numeros Control De Volumen De 4 Niveles Negro + Env\u00edo a domicilio + Pago seguro + Garant\u00eda","og_url":"https:\/\/compuviper.mx\/tienda\/producto\/panasonic-kx-ts550meb-telefono-alambrico-basico-unilinea-con-marcador-rapido-de-10-numeros-control-de-volumen-de-4-niveles-negro\/","og_site_name":"Compuviper","article_publisher":"https:\/\/www.facebook.com\/compuviper","article_modified_time":"2026-04-16T08:19:29+00:00","og_image":[{"width":200,"height":200,"url":"https:\/\/compuviper.mx\/tienda\/wp-content\/uploads\/2023\/12\/Telefono-panasonic-kx-ts550meb-alambrico-basico-unilinea-con-marcador-rapido-de-10-numeros-control-de-volumen-de-4-niveles-negro.jpg","type":"image\/jpeg"}],"twitter_card":"summary_large_image","twitter_misc":{"Precio":"&#36;476 &#36;460 con IVA","Availability":"In stock"},"schema":{"@context":"https:\/\/schema.org","@graph":[{"@type":"WebPage","@id":"https:\/\/compuviper.mx\/tienda\/producto\/panasonic-kx-ts550meb-telefono-alambrico-basico-unilinea-con-marcador-rapido-de-10-numeros-control-de-volumen-de-4-niveles-negro\/","url":"https:\/\/compuviper.mx\/tienda\/producto\/panasonic-kx-ts550meb-telefono-alambrico-basico-unilinea-con-marcador-rapido-de-10-numeros-control-de-volumen-de-4-niveles-negro\/","name":"[ Panasonic ] &#129351; Kx-ts550meb Telefono Alambrico Basico Unilinea Con Marcador Rapido De 10 Numeros Control De Volumen De 4 Niveles Negro","isPartOf":{"@id":"https:\/\/compuviper.mx\/tienda\/#website"},"datePublished":"2026-04-16T08:19:28+00:00","dateModified":"2026-04-16T08:19:29+00:00","description":"Compra Kx-ts550meb Telefono Alambrico Basico Unilinea Con Marcador Rapido De 10 Numeros Control De Volumen De 4 Niveles Negro + Env\u00edo a domicilio + Pago seguro + Garant\u00eda","breadcrumb":{"@id":"https:\/\/compuviper.mx\/tienda\/producto\/panasonic-kx-ts550meb-telefono-alambrico-basico-unilinea-con-marcador-rapido-de-10-numeros-control-de-volumen-de-4-niveles-negro\/#breadcrumb"},"inLanguage":"es-MX","potentialAction":[{"@type":"ReadAction","target":["https:\/\/compuviper.mx\/tienda\/producto\/panasonic-kx-ts550meb-telefono-alambrico-basico-unilinea-con-marcador-rapido-de-10-numeros-control-de-volumen-de-4-niveles-negro\/"]}]},{"@type":"BreadcrumbList","@id":"https:\/\/compuviper.mx\/tienda\/producto\/panasonic-kx-ts550meb-telefono-alambrico-basico-unilinea-con-marcador-rapido-de-10-numeros-control-de-volumen-de-4-niveles-negro\/#breadcrumb","itemListElement":[{"@type":"ListItem","position":1,"name":"Inicio","item":"https:\/\/compuviper.mx\/tienda\/"},{"@type":"ListItem","position":2,"name":"Productos","item":"https:\/\/compuviper.mx\/tienda\/productos\/"},{"@type":"ListItem","position":3,"name":"Telefonia","item":"https:\/\/compuviper.mx\/tienda\/categoria-producto\/telefonia-2\/"},{"@type":"ListItem","position":4,"name":"Telefono Analogo (unilinia)","item":"https:\/\/compuviper.mx\/tienda\/categoria-producto\/telefonia-2\/telefono-analogo-unilinia\/"},{"@type":"ListItem","position":5,"name":"Panasonic Kx-ts550meb Telefono Alambrico Basico Unilinea Con Marcador Rapido De 10 Numeros Control De Volumen De 4 Niveles Negro"}]},{"@type":"WebSite","@id":"https:\/\/compuviper.mx\/tienda\/#website","url":"https:\/\/compuviper.mx\/tienda\/","name":"Compuviper","description":"Proveedor de Computadoras, Laptops, Servidores, Monitores, Puntos de Venta, Teclados,   Impresoras, T\u00f3ner, C\u00e1maras de Seguridad y m\u00e1s en tu tienda en l\u00ednea","publisher":{"@id":"https:\/\/compuviper.mx\/tienda\/#organization"},"potentialAction":[{"@type":"SearchAction","target":{"@type":"EntryPoint","urlTemplate":"https:\/\/compuviper.mx\/tienda\/?s={search_term_string}"},"query-input":"required name=search_term_string"}],"inLanguage":"es-MX"},{"@type":"Organization","@id":"https:\/\/compuviper.mx\/tienda\/#organization","name":"Compuviper","url":"https:\/\/compuviper.mx\/tienda\/","logo":{"@type":"ImageObject","inLanguage":"es-MX","@id":"https:\/\/compuviper.mx\/tienda\/#\/schema\/logo\/image\/","url":"https:\/\/compuviper.mx\/tienda\/wp-content\/uploads\/2021\/08\/Logo-Compuviper-10.png","contentUrl":"https:\/\/compuviper.mx\/tienda\/wp-content\/uploads\/2021\/08\/Logo-Compuviper-10.png","width":1000,"height":500,"caption":"Compuviper"},"image":{"@id":"https:\/\/compuviper.mx\/tienda\/#\/schema\/logo\/image\/"},"sameAs":["https:\/\/www.facebook.com\/compuviper","https:\/\/www.youtube.com\/channel\/UCf73dERp9Y3cfOq7q8BhLjA?view_as=subscriber"]}]},"product_brand":"PANASONIC","product_price_amount":"460","product_price_currency":"MXN","og_availability":"instock","product_availability":"instock","product_retailer_item_id":"KX-TS550MEB","product_condition":"new"},"_links":{"self":[{"href":"https:\/\/compuviper.mx\/tienda\/wp-json\/wp\/v2\/product\/227031"}],"collection":[{"href":"https:\/\/compuviper.mx\/tienda\/wp-json\/wp\/v2\/product"}],"about":[{"href":"https:\/\/compuviper.mx\/tienda\/wp-json\/wp\/v2\/types\/product"}],"replies":[{"embeddable":true,"href":"https:\/\/compuviper.mx\/tienda\/wp-json\/wp\/v2\/comments?post=227031"}],"wp:featuredmedia":[{"embeddable":true,"href":"https:\/\/compuviper.mx\/tienda\/wp-json\/wp\/v2\/media\/227032"}],"wp:attachment":[{"href":"https:\/\/compuviper.mx\/tienda\/wp-json\/wp\/v2\/media?parent=227031"}],"wp:term":[{"taxonomy":"product_cat","embeddable":true,"href":"https:\/\/compuviper.mx\/tienda\/wp-json\/wp\/v2\/product_cat?post=227031"},{"taxonomy":"product_tag","embeddable":true,"href":"https:\/\/compuviper.mx\/tienda\/wp-json\/wp\/v2\/product_tag?post=227031"}],"curies":[{"name":"wp","href":"https:\/\/api.w.org\/{rel}","templated":true}]}}