{"id":227021,"date":"2026-04-16T02:19:26","date_gmt":"2026-04-16T08:19:26","guid":{"rendered":"https:\/\/compuviper.mx\/tienda\/producto\/poly-2200-86570-019-telefono-ip-trio-c60-para-sala-de-conferencias-microsoft-teams-sfb-con-wi-fi-bluetooth-poeincluye-cable-ethernetno-incluye-fuente-de-poder\/"},"modified":"2026-04-16T02:19:26","modified_gmt":"2026-04-16T08:19:26","slug":"poly-849b6aaabm-telefono-ip-hp-849b6aaabm-trio-c60-para-sala-de-conferencias-microsoft-teams-sfb-con-wi-fi-bluetooth-poe-incluye-cable-ethernet-no-incluye-fuente-de-poder","status":"publish","type":"product","link":"https:\/\/compuviper.mx\/tienda\/producto\/poly-849b6aaabm-telefono-ip-hp-849b6aaabm-trio-c60-para-sala-de-conferencias-microsoft-teams-sfb-con-wi-fi-bluetooth-poe-incluye-cable-ethernet-no-incluye-fuente-de-poder\/","title":{"rendered":"Poly 849b6aa#abm Telefono Ip Hp  849b6aaabm Trio C60\/ Para Sala De Conferencias Microsoft Teams Sfb Con Wi-fi Bluetooth Poe Incluye Cable Ethernet (no Incluye Fuente De Poder)"},"content":{"rendered":"<table class=\"descripcion\">\n<tr>\n<td>Especificaciones<\/td>\n<\/tr>\n<tr>\n<td>Interfaz de usuario<\/td>\n<\/tr>\n<tr>\n<td>\u0095pantalla t\u00e1ctil capacitiva multit\u00e1ctil y basada en gestos<\/td>\n<\/tr>\n<tr>\n<td>\u0095lcd a color de 5 pulgadas 720 x 1280 pxeles, relacin de aspecto 9:16<\/td>\n<\/tr>\n<tr>\n<td>\u0095teclado virtual en pantalla<\/td>\n<\/tr>\n<tr>\n<td>\u0095un puerto compatible con usb 2.0 tipo a<\/td>\n<\/tr>\n<tr>\n<td>\u0095un puerto de dispositivo usb 2.0 micro-b para utilizar como dispositivo de audio usb e intercambiar contenido<\/td>\n<\/tr>\n<tr>\n<td>\u0095bluetooth 5.0 integrado<\/td>\n<\/tr>\n<tr>\n<td>\u0095tres indicadores de silencio de varios colores y tres conjuntos de botones de volumen y de silencio t\u00e1ctiles capacitivos.<\/td>\n<\/tr>\n<tr>\n<td>\u0095interfaz de usuario adaptada al idioma \u00e1rabe, chino, dans, holands, ingls canad\u00e1\/ee. uu.\/reino unido, francs, alem\u00e1n, italiano, japons, coreano, noruego, polaco, portugus, ruso, esloveno, espaol y sueco<\/td>\n<\/tr>\n<tr>\n<td>\u0095funciones de audio<\/td>\n<\/tr>\n<tr>\n<td>Otres micrfonos mems para recepcin de micrfono de 360 grados<\/td>\n<\/tr>\n<tr>\n<td>Oaltavoz<\/td>\n<\/tr>\n<tr>\n<td>\u0095frecuencia: de 100 a 22 000 hz<\/td>\n<\/tr>\n<tr>\n<td>\u0095volumen: 92 db a 0,5 m de volumen m\u00e1ximo<\/td>\n<\/tr>\n<tr>\n<td>Orango de alcance del micrfono de 6,1 m 20 pies<\/td>\n<\/tr>\n<tr>\n<td>Ocdecs compatibles:<\/td>\n<\/tr>\n<tr>\n<td>\u0095g.711 ley a y ley  and 924;<\/td>\n<\/tr>\n<tr>\n<td>\u0095g.719<\/td>\n<\/tr>\n<tr>\n<td>\u0095g.722, g722.1, g722.1c<\/td>\n<\/tr>\n<tr>\n<td>\u0095g.729ab<\/td>\n<\/tr>\n<tr>\n<td>\u0095poly siren 7, siren 14<\/td>\n<\/tr>\n<tr>\n<td>\u0095ilbc 3,33 kbps y 15,2 kbps<\/td>\n<\/tr>\n<tr>\n<td>\u0095opus 8 kbps \u0096 24 kbps<\/td>\n<\/tr>\n<tr>\n<td>\u0095silk<\/td>\n<\/tr>\n<tr>\n<td>\u0095tecnologa acoustic clarity de poly que proporciona conversaciones completamente dplex, cancelacin de eco acstico y anulacin del ruido de fondo, de conformidad con el tipo 1 ieee 1329 completamente dplex<\/td>\n<\/tr>\n<tr>\n<td>Onoiseblockai de poly<\/td>\n<\/tr>\n<tr>\n<td>Odeteccin de actividad de voz<\/td>\n<\/tr>\n<tr>\n<td>Ogeneracin de ruido sin incomodidad<\/td>\n<\/tr>\n<tr>\n<td>Ogeneracin de tonos dtmf rfc 2833 y en banda<\/td>\n<\/tr>\n<tr>\n<td>Oemparejamiento de dispositivos bluetooth no disponible en la versin trio c60 nr sin radio<\/td>\n<\/tr>\n<tr>\n<td>Otransmisin de paquetes de audio con bajo nivel de retraso<\/td>\n<\/tr>\n<tr>\n<td>Obferes de inestabilidad adaptables<\/td>\n<\/tr>\n<tr>\n<td>Oocultacin de prdida de paquetes<\/td>\n<\/tr>\n<tr>\n<td>\u0095funciones de gestin de llamadas pueden depender de la configuracin y el ecosistema<\/td>\n<\/tr>\n<tr>\n<td>Ohasta tres lneas un skype for business como m\u00e1ximo<\/td>\n<\/tr>\n<tr>\n<td>Oidentificacin de lnea compartida\/llamada compartida<\/td>\n<\/tr>\n<tr>\n<td>Ollamada en espera\/tratamiento de la llamada entrante distintiva<\/td>\n<\/tr>\n<tr>\n<td>Otemporizador de llamadas y llamada en espera<\/td>\n<\/tr>\n<tr>\n<td>Otransferencia, en espera, desvo reenvo, atencin de llamadas<\/td>\n<\/tr>\n<tr>\n<td>Oinformacin sobre las personas a las que se llam, las llamadas actuales y las conectadas<\/td>\n<\/tr>\n<tr>\n<td>Omarcacin r\u00e1pida y unin a reuniones con un botn<\/td>\n<\/tr>\n<tr>\n<td>Oaudioconferencias locales de cinco vas<\/td>\n<\/tr>\n<tr>\n<td>Ohasta tres conexiones en cadena<\/td>\n<\/tr>\n<tr>\n<td>Ofuncin de no molestar<\/td>\n<\/tr>\n<tr>\n<td>Oplan de marcacin o asignacin de dgitos configurables localmente<\/td>\n<\/tr>\n<tr>\n<td>Oacceso al directorio corporativo mediante ldap<\/td>\n<\/tr>\n<tr>\n<td>Ogestin de conferencias visuales<\/td>\n<\/tr>\n<tr>\n<td>\u0095red<\/td>\n<\/tr>\n<tr>\n<td>Oopen sip<\/td>\n<\/tr>\n<tr>\n<td>Ocertificado para su uso con skype for business<\/td>\n<\/tr>\n<tr>\n<td>Ocertificacin de equipos de microsoft pendiente<\/td>\n<\/tr>\n<tr>\n<td>Oampliacin de la habitacin y ampliacin del telfono pendientes de certificacin<\/td>\n<\/tr>\n<tr>\n<td>Osip de ietfrfc 3261 y rfc complementarios<\/td>\n<\/tr>\n<tr>\n<td>Osdp<\/td>\n<\/tr>\n<tr>\n<td>Oswitch gigabit ethernet de dos puertos<\/td>\n<\/tr>\n<tr>\n<td>\u009510\/100\/1000base-tx en los puertos lan incorporada y lan no incorporada<\/td>\n<\/tr>\n<tr>\n<td>\u0095puerto lan no incorporada compatible con ieee 802.3af pse<\/td>\n<\/tr>\n<tr>\n<td>Oconectividad de red wi-fi mimo1<\/td>\n<\/tr>\n<tr>\n<td>\u0095de 2,4 a 2,4835 ghz 802.11b, 802.11g, 802.11n ht-20<\/td>\n<\/tr>\n<tr>\n<td>\u00955,15 \u0096 5,825 ghz 802.11a, 802.11n ht-20, ht-40; 802.11ac ht-20, ht-40, ht-80<\/td>\n<\/tr>\n<tr>\n<td>\u0095administracinseguridad<\/td>\n<\/tr>\n<tr>\n<td>Oautenticacin 802.1x y eapol<\/td>\n<\/tr>\n<tr>\n<td>Ocifrado de medios mediante srtp<\/td>\n<\/tr>\n<tr>\n<td>Oseguridad de capa de transporte tls versin 1.2<\/td>\n<\/tr>\n<tr>\n<td>Oarchivos de configuracin cifrados<\/td>\n<\/tr>\n<tr>\n<td>Oautenticacin implcita<\/td>\n<\/tr>\n<tr>\n<td>Oinicio de sesin con contrasea<\/td>\n<\/tr>\n<tr>\n<td>Ocompatibilidad con la sintaxis de url con la contrasea para la direccin del servidor de arranque<\/td>\n<\/tr>\n<tr>\n<td>Oprovisin seguro https<\/td>\n<\/tr>\n<tr>\n<td>Ocompatibilidad con ejecutables de software firmados<\/td>\n<\/tr>\n<tr>\n<td>Ocifrado wi-fi: wep, wpa-personal, wpa2-personal, wpa2-enterprise con 802.1x eap-tls, peap-mschapv2<\/td>\n<\/tr>\n<tr>\n<td>\u0095no disponible en la versin trio c60 nr sin radio<\/td>\n<\/tr>\n<tr>\n<td>\u0095seguridad<\/td>\n<\/tr>\n<tr>\n<td>Opoly lens<\/td>\n<\/tr>\n<tr>\n<td>Opdms-e, pdms-sp<\/td>\n<\/tr>\n<tr>\n<td>Orealpresence resource manager versin 10.9 o posterior segn el aprovisionamiento<\/td>\n<\/tr>\n<tr>\n<td>Oconfiguracin de red de protocolo de configuracin din\u00e1mica o manual de host dhcp<\/td>\n<\/tr>\n<tr>\n<td>Oaprovisionamiento manos-libres de poly<\/td>\n<\/tr>\n<tr>\n<td>Oaprovisionamiento central basado en servidor ftp\/tftp\/http\/https<\/td>\n<\/tr>\n<tr>\n<td>Oaprovisionamiento y compatibilidad de redundancia de servidor de llamadas<\/td>\n<\/tr>\n<tr>\n<td>Osincronizacin de fecha y hora mediante sntp<\/td>\n<\/tr>\n<tr>\n<td>\u0095alimentacin<\/td>\n<\/tr>\n<tr>\n<td>Olan incorporada: deteccin autom\u00e1tica incorporada ieee 802.3at. dispositivo poe clase 4; requiere una entrada de alimentacin clase 4 completa en lan incorporada para funcionar; clase 0 si no hay pse compatibilidad con versiones anteriores con ieee 802.3af<\/td>\n<\/tr>\n<tr>\n<td>Olan no incorporada: equipo de fuente de alimentacin con deteccin autom\u00e1tica ieee 802.3af incorporada requiere una entrada de alimentacin clase 4 completa en lan incorporada para funcionar<\/td>\n<\/tr>\n<\/table>\n","protected":false},"excerpt":{"rendered":"<p>1. Nuevo diseo. Nuevo diseo con revestimiento de tela, base ligera y gestin de cables usb\/lan\/hdmi por debajo y un rendimiento hasta 4 veces m\u00e1s r\u00e1pido. 2. Audio exclusivo de poly. Rendimiento de audio mejorado con audio de hasta 22 khz y noiseblock ai sin distracciones. 3. Controles de f\u00e1cil acceso. Controles de volumen y mute iluminados y convenientemente ubicados. 4. Sensor de proximidad pir. Para ahorrar energa, el sistema se pondr\u00e1 en reposo cuando no se est utilizando. Cuando se detecta a alguien cerca del dispositivo, se activa autom\u00e1ticamente. 5. Conectividad de red. Compatible con poe\/poe y wi-fi 2.4 ghz. Conectividad byod a travs de bluetooth, usb e incluye un canal seguro de gestin de cables. 6. Pantalla t\u00e1ctil a color de 5 y 6. Interfaz familiar y f\u00e1cil de usar<\/p>\n","protected":false},"featured_media":227022,"comment_status":"open","ping_status":"open","template":"","meta":[],"product_cat":[1610,1757],"product_tag":[2035],"acf":[],"yoast_head":"<!-- This site is optimized with the Yoast SEO plugin v21.7 - https:\/\/yoast.com\/wordpress\/plugins\/seo\/ -->\n<title>[ Poly ] &#129351; 849b6aa#abm Telefono Ip Hp 849b6aaabm Trio C60\/ Para Sala De Conferencias Microsoft Teams Sfb Con Wi-fi Bluetooth Poe Incluye Cable Ethernet (no Incluye Fuente De Poder)<\/title>\n<meta name=\"description\" content=\"Compra 849b6aa#abm Telefono Ip Hp 849b6aaabm Trio C60\/ Para Sala De Conferencias Microsoft Teams Sfb Con Wi-fi Bluetooth Poe Incluye Cable Ethernet (no Incluye Fuente De Poder) + Env\u00edo a domicilio + Pago seguro + Garant\u00eda\" \/>\n<meta name=\"robots\" content=\"index, follow, max-snippet:-1, max-image-preview:large, max-video-preview:-1\" \/>\n<link rel=\"canonical\" href=\"https:\/\/compuviper.mx\/tienda\/producto\/poly-849b6aaabm-telefono-ip-hp-849b6aaabm-trio-c60-para-sala-de-conferencias-microsoft-teams-sfb-con-wi-fi-bluetooth-poe-incluye-cable-ethernet-no-incluye-fuente-de-poder\/\" \/>\n<meta property=\"og:locale\" content=\"es_MX\" \/>\n<meta property=\"og:type\" content=\"article\" \/>\n<meta property=\"og:title\" content=\"[ Poly ] &#129351; 849b6aa#abm Telefono Ip Hp 849b6aaabm Trio C60\/ Para Sala De Conferencias Microsoft Teams Sfb Con Wi-fi Bluetooth Poe Incluye Cable Ethernet (no Incluye Fuente De Poder)\" \/>\n<meta property=\"og:description\" content=\"Compra 849b6aa#abm Telefono Ip Hp 849b6aaabm Trio C60\/ Para Sala De Conferencias Microsoft Teams Sfb Con Wi-fi Bluetooth Poe Incluye Cable Ethernet (no Incluye Fuente De Poder) + Env\u00edo a domicilio + Pago seguro + Garant\u00eda\" \/>\n<meta property=\"og:url\" content=\"https:\/\/compuviper.mx\/tienda\/producto\/poly-849b6aaabm-telefono-ip-hp-849b6aaabm-trio-c60-para-sala-de-conferencias-microsoft-teams-sfb-con-wi-fi-bluetooth-poe-incluye-cable-ethernet-no-incluye-fuente-de-poder\/\" \/>\n<meta property=\"og:site_name\" content=\"Compuviper\" \/>\n<meta property=\"article:publisher\" content=\"https:\/\/www.facebook.com\/compuviper\" \/>\n<meta property=\"og:image\" content=\"https:\/\/compuviper.mx\/tienda\/wp-content\/uploads\/2023\/12\/Telefono-ip-poly-2200-86570-019-trio-c60-para-sala-de-conferencias-microsoft-teams-sfb-con-wi-fi-bluetooth-poe-incluye-cable-ethernetno-incluye-fuente-de-poder.jpg\" \/>\n\t<meta property=\"og:image:width\" content=\"200\" \/>\n\t<meta property=\"og:image:height\" content=\"200\" \/>\n\t<meta property=\"og:image:type\" content=\"image\/jpeg\" \/>\n<meta name=\"twitter:card\" content=\"summary_large_image\" \/>\n<meta name=\"twitter:label1\" content=\"Precio\" \/>\n\t<meta name=\"twitter:data1\" content=\"&#36;17,008 con IVA\" \/>\n\t<meta name=\"twitter:label2\" content=\"Availability\" \/>\n\t<meta name=\"twitter:data2\" content=\"On backorder\" \/>\n<script type=\"application\/ld+json\" class=\"yoast-schema-graph\">{\"@context\":\"https:\/\/schema.org\",\"@graph\":[{\"@type\":\"WebPage\",\"@id\":\"https:\/\/compuviper.mx\/tienda\/producto\/poly-849b6aaabm-telefono-ip-hp-849b6aaabm-trio-c60-para-sala-de-conferencias-microsoft-teams-sfb-con-wi-fi-bluetooth-poe-incluye-cable-ethernet-no-incluye-fuente-de-poder\/\",\"url\":\"https:\/\/compuviper.mx\/tienda\/producto\/poly-849b6aaabm-telefono-ip-hp-849b6aaabm-trio-c60-para-sala-de-conferencias-microsoft-teams-sfb-con-wi-fi-bluetooth-poe-incluye-cable-ethernet-no-incluye-fuente-de-poder\/\",\"name\":\"[ Poly ] &#129351; 849b6aa#abm Telefono Ip Hp 849b6aaabm Trio C60\/ Para Sala De Conferencias Microsoft Teams Sfb Con Wi-fi Bluetooth Poe Incluye Cable Ethernet (no Incluye Fuente De Poder)\",\"isPartOf\":{\"@id\":\"https:\/\/compuviper.mx\/tienda\/#website\"},\"datePublished\":\"2026-04-16T08:19:26+00:00\",\"dateModified\":\"2026-04-16T08:19:26+00:00\",\"description\":\"Compra 849b6aa#abm Telefono Ip Hp 849b6aaabm Trio C60\/ Para Sala De Conferencias Microsoft Teams Sfb Con Wi-fi Bluetooth Poe Incluye Cable Ethernet (no Incluye Fuente De Poder) + Env\u00edo a domicilio + Pago seguro + Garant\u00eda\",\"breadcrumb\":{\"@id\":\"https:\/\/compuviper.mx\/tienda\/producto\/poly-849b6aaabm-telefono-ip-hp-849b6aaabm-trio-c60-para-sala-de-conferencias-microsoft-teams-sfb-con-wi-fi-bluetooth-poe-incluye-cable-ethernet-no-incluye-fuente-de-poder\/#breadcrumb\"},\"inLanguage\":\"es-MX\",\"potentialAction\":[{\"@type\":\"ReadAction\",\"target\":[\"https:\/\/compuviper.mx\/tienda\/producto\/poly-849b6aaabm-telefono-ip-hp-849b6aaabm-trio-c60-para-sala-de-conferencias-microsoft-teams-sfb-con-wi-fi-bluetooth-poe-incluye-cable-ethernet-no-incluye-fuente-de-poder\/\"]}]},{\"@type\":\"BreadcrumbList\",\"@id\":\"https:\/\/compuviper.mx\/tienda\/producto\/poly-849b6aaabm-telefono-ip-hp-849b6aaabm-trio-c60-para-sala-de-conferencias-microsoft-teams-sfb-con-wi-fi-bluetooth-poe-incluye-cable-ethernet-no-incluye-fuente-de-poder\/#breadcrumb\",\"itemListElement\":[{\"@type\":\"ListItem\",\"position\":1,\"name\":\"Inicio\",\"item\":\"https:\/\/compuviper.mx\/tienda\/\"},{\"@type\":\"ListItem\",\"position\":2,\"name\":\"Productos\",\"item\":\"https:\/\/compuviper.mx\/tienda\/productos\/\"},{\"@type\":\"ListItem\",\"position\":3,\"name\":\"Telefonia\",\"item\":\"https:\/\/compuviper.mx\/tienda\/categoria-producto\/telefonia-2\/\"},{\"@type\":\"ListItem\",\"position\":4,\"name\":\"Telefono Ip\",\"item\":\"https:\/\/compuviper.mx\/tienda\/categoria-producto\/telefonia-2\/telefono-ip\/\"},{\"@type\":\"ListItem\",\"position\":5,\"name\":\"Poly 849b6aa#abm Telefono Ip Hp 849b6aaabm Trio C60\/ Para Sala De Conferencias Microsoft Teams Sfb Con Wi-fi Bluetooth Poe Incluye Cable Ethernet (no Incluye Fuente De Poder)\"}]},{\"@type\":\"WebSite\",\"@id\":\"https:\/\/compuviper.mx\/tienda\/#website\",\"url\":\"https:\/\/compuviper.mx\/tienda\/\",\"name\":\"Compuviper\",\"description\":\"Proveedor de Computadoras, Laptops, Servidores, Monitores, Puntos de Venta, Teclados,   Impresoras, T\u00f3ner, C\u00e1maras de Seguridad y m\u00e1s en tu tienda en l\u00ednea\",\"publisher\":{\"@id\":\"https:\/\/compuviper.mx\/tienda\/#organization\"},\"potentialAction\":[{\"@type\":\"SearchAction\",\"target\":{\"@type\":\"EntryPoint\",\"urlTemplate\":\"https:\/\/compuviper.mx\/tienda\/?s={search_term_string}\"},\"query-input\":\"required name=search_term_string\"}],\"inLanguage\":\"es-MX\"},{\"@type\":\"Organization\",\"@id\":\"https:\/\/compuviper.mx\/tienda\/#organization\",\"name\":\"Compuviper\",\"url\":\"https:\/\/compuviper.mx\/tienda\/\",\"logo\":{\"@type\":\"ImageObject\",\"inLanguage\":\"es-MX\",\"@id\":\"https:\/\/compuviper.mx\/tienda\/#\/schema\/logo\/image\/\",\"url\":\"https:\/\/compuviper.mx\/tienda\/wp-content\/uploads\/2021\/08\/Logo-Compuviper-10.png\",\"contentUrl\":\"https:\/\/compuviper.mx\/tienda\/wp-content\/uploads\/2021\/08\/Logo-Compuviper-10.png\",\"width\":1000,\"height\":500,\"caption\":\"Compuviper\"},\"image\":{\"@id\":\"https:\/\/compuviper.mx\/tienda\/#\/schema\/logo\/image\/\"},\"sameAs\":[\"https:\/\/www.facebook.com\/compuviper\",\"https:\/\/www.youtube.com\/channel\/UCf73dERp9Y3cfOq7q8BhLjA?view_as=subscriber\"]}]}<\/script>\n<meta property=\"product:brand\" content=\"POLY\" \/>\n<meta property=\"product:price:amount\" content=\"17008\" \/>\n<meta property=\"product:price:currency\" content=\"MXN\" \/>\n<meta property=\"og:availability\" content=\"backorder\" \/>\n<meta property=\"product:availability\" content=\"available for order\" \/>\n<meta property=\"product:retailer_item_id\" content=\"849B6AA#ABM\" \/>\n<meta property=\"product:condition\" content=\"new\" \/>\n<!-- \/ Yoast SEO plugin. -->","yoast_head_json":{"title":"[ Poly ] &#129351; 849b6aa#abm Telefono Ip Hp 849b6aaabm Trio C60\/ Para Sala De Conferencias Microsoft Teams Sfb Con Wi-fi Bluetooth Poe Incluye Cable Ethernet (no Incluye Fuente De Poder)","description":"Compra 849b6aa#abm Telefono Ip Hp 849b6aaabm Trio C60\/ Para Sala De Conferencias Microsoft Teams Sfb Con Wi-fi Bluetooth Poe Incluye Cable Ethernet (no Incluye Fuente De Poder) + Env\u00edo a domicilio + Pago seguro + Garant\u00eda","robots":{"index":"index","follow":"follow","max-snippet":"max-snippet:-1","max-image-preview":"max-image-preview:large","max-video-preview":"max-video-preview:-1"},"canonical":"https:\/\/compuviper.mx\/tienda\/producto\/poly-849b6aaabm-telefono-ip-hp-849b6aaabm-trio-c60-para-sala-de-conferencias-microsoft-teams-sfb-con-wi-fi-bluetooth-poe-incluye-cable-ethernet-no-incluye-fuente-de-poder\/","og_locale":"es_MX","og_type":"article","og_title":"[ Poly ] &#129351; 849b6aa#abm Telefono Ip Hp 849b6aaabm Trio C60\/ Para Sala De Conferencias Microsoft Teams Sfb Con Wi-fi Bluetooth Poe Incluye Cable Ethernet (no Incluye Fuente De Poder)","og_description":"Compra 849b6aa#abm Telefono Ip Hp 849b6aaabm Trio C60\/ Para Sala De Conferencias Microsoft Teams Sfb Con Wi-fi Bluetooth Poe Incluye Cable Ethernet (no Incluye Fuente De Poder) + Env\u00edo a domicilio + Pago seguro + Garant\u00eda","og_url":"https:\/\/compuviper.mx\/tienda\/producto\/poly-849b6aaabm-telefono-ip-hp-849b6aaabm-trio-c60-para-sala-de-conferencias-microsoft-teams-sfb-con-wi-fi-bluetooth-poe-incluye-cable-ethernet-no-incluye-fuente-de-poder\/","og_site_name":"Compuviper","article_publisher":"https:\/\/www.facebook.com\/compuviper","og_image":[{"width":200,"height":200,"url":"https:\/\/compuviper.mx\/tienda\/wp-content\/uploads\/2023\/12\/Telefono-ip-poly-2200-86570-019-trio-c60-para-sala-de-conferencias-microsoft-teams-sfb-con-wi-fi-bluetooth-poe-incluye-cable-ethernetno-incluye-fuente-de-poder.jpg","type":"image\/jpeg"}],"twitter_card":"summary_large_image","twitter_misc":{"Precio":"&#36;17,008 con IVA","Availability":"On backorder"},"schema":{"@context":"https:\/\/schema.org","@graph":[{"@type":"WebPage","@id":"https:\/\/compuviper.mx\/tienda\/producto\/poly-849b6aaabm-telefono-ip-hp-849b6aaabm-trio-c60-para-sala-de-conferencias-microsoft-teams-sfb-con-wi-fi-bluetooth-poe-incluye-cable-ethernet-no-incluye-fuente-de-poder\/","url":"https:\/\/compuviper.mx\/tienda\/producto\/poly-849b6aaabm-telefono-ip-hp-849b6aaabm-trio-c60-para-sala-de-conferencias-microsoft-teams-sfb-con-wi-fi-bluetooth-poe-incluye-cable-ethernet-no-incluye-fuente-de-poder\/","name":"[ Poly ] &#129351; 849b6aa#abm Telefono Ip Hp 849b6aaabm Trio C60\/ Para Sala De Conferencias Microsoft Teams Sfb Con Wi-fi Bluetooth Poe Incluye Cable Ethernet (no Incluye Fuente De Poder)","isPartOf":{"@id":"https:\/\/compuviper.mx\/tienda\/#website"},"datePublished":"2026-04-16T08:19:26+00:00","dateModified":"2026-04-16T08:19:26+00:00","description":"Compra 849b6aa#abm Telefono Ip Hp 849b6aaabm Trio C60\/ Para Sala De Conferencias Microsoft Teams Sfb Con Wi-fi Bluetooth Poe Incluye Cable Ethernet (no Incluye Fuente De Poder) + Env\u00edo a domicilio + Pago seguro + Garant\u00eda","breadcrumb":{"@id":"https:\/\/compuviper.mx\/tienda\/producto\/poly-849b6aaabm-telefono-ip-hp-849b6aaabm-trio-c60-para-sala-de-conferencias-microsoft-teams-sfb-con-wi-fi-bluetooth-poe-incluye-cable-ethernet-no-incluye-fuente-de-poder\/#breadcrumb"},"inLanguage":"es-MX","potentialAction":[{"@type":"ReadAction","target":["https:\/\/compuviper.mx\/tienda\/producto\/poly-849b6aaabm-telefono-ip-hp-849b6aaabm-trio-c60-para-sala-de-conferencias-microsoft-teams-sfb-con-wi-fi-bluetooth-poe-incluye-cable-ethernet-no-incluye-fuente-de-poder\/"]}]},{"@type":"BreadcrumbList","@id":"https:\/\/compuviper.mx\/tienda\/producto\/poly-849b6aaabm-telefono-ip-hp-849b6aaabm-trio-c60-para-sala-de-conferencias-microsoft-teams-sfb-con-wi-fi-bluetooth-poe-incluye-cable-ethernet-no-incluye-fuente-de-poder\/#breadcrumb","itemListElement":[{"@type":"ListItem","position":1,"name":"Inicio","item":"https:\/\/compuviper.mx\/tienda\/"},{"@type":"ListItem","position":2,"name":"Productos","item":"https:\/\/compuviper.mx\/tienda\/productos\/"},{"@type":"ListItem","position":3,"name":"Telefonia","item":"https:\/\/compuviper.mx\/tienda\/categoria-producto\/telefonia-2\/"},{"@type":"ListItem","position":4,"name":"Telefono Ip","item":"https:\/\/compuviper.mx\/tienda\/categoria-producto\/telefonia-2\/telefono-ip\/"},{"@type":"ListItem","position":5,"name":"Poly 849b6aa#abm Telefono Ip Hp 849b6aaabm Trio C60\/ Para Sala De Conferencias Microsoft Teams Sfb Con Wi-fi Bluetooth Poe Incluye Cable Ethernet (no Incluye Fuente De Poder)"}]},{"@type":"WebSite","@id":"https:\/\/compuviper.mx\/tienda\/#website","url":"https:\/\/compuviper.mx\/tienda\/","name":"Compuviper","description":"Proveedor de Computadoras, Laptops, Servidores, Monitores, Puntos de Venta, Teclados,   Impresoras, T\u00f3ner, C\u00e1maras de Seguridad y m\u00e1s en tu tienda en l\u00ednea","publisher":{"@id":"https:\/\/compuviper.mx\/tienda\/#organization"},"potentialAction":[{"@type":"SearchAction","target":{"@type":"EntryPoint","urlTemplate":"https:\/\/compuviper.mx\/tienda\/?s={search_term_string}"},"query-input":"required name=search_term_string"}],"inLanguage":"es-MX"},{"@type":"Organization","@id":"https:\/\/compuviper.mx\/tienda\/#organization","name":"Compuviper","url":"https:\/\/compuviper.mx\/tienda\/","logo":{"@type":"ImageObject","inLanguage":"es-MX","@id":"https:\/\/compuviper.mx\/tienda\/#\/schema\/logo\/image\/","url":"https:\/\/compuviper.mx\/tienda\/wp-content\/uploads\/2021\/08\/Logo-Compuviper-10.png","contentUrl":"https:\/\/compuviper.mx\/tienda\/wp-content\/uploads\/2021\/08\/Logo-Compuviper-10.png","width":1000,"height":500,"caption":"Compuviper"},"image":{"@id":"https:\/\/compuviper.mx\/tienda\/#\/schema\/logo\/image\/"},"sameAs":["https:\/\/www.facebook.com\/compuviper","https:\/\/www.youtube.com\/channel\/UCf73dERp9Y3cfOq7q8BhLjA?view_as=subscriber"]}]},"product_brand":"POLY","product_price_amount":"17008","product_price_currency":"MXN","og_availability":"backorder","product_availability":"available for order","product_retailer_item_id":"849B6AA#ABM","product_condition":"new"},"_links":{"self":[{"href":"https:\/\/compuviper.mx\/tienda\/wp-json\/wp\/v2\/product\/227021"}],"collection":[{"href":"https:\/\/compuviper.mx\/tienda\/wp-json\/wp\/v2\/product"}],"about":[{"href":"https:\/\/compuviper.mx\/tienda\/wp-json\/wp\/v2\/types\/product"}],"replies":[{"embeddable":true,"href":"https:\/\/compuviper.mx\/tienda\/wp-json\/wp\/v2\/comments?post=227021"}],"wp:featuredmedia":[{"embeddable":true,"href":"https:\/\/compuviper.mx\/tienda\/wp-json\/wp\/v2\/media\/227022"}],"wp:attachment":[{"href":"https:\/\/compuviper.mx\/tienda\/wp-json\/wp\/v2\/media?parent=227021"}],"wp:term":[{"taxonomy":"product_cat","embeddable":true,"href":"https:\/\/compuviper.mx\/tienda\/wp-json\/wp\/v2\/product_cat?post=227021"},{"taxonomy":"product_tag","embeddable":true,"href":"https:\/\/compuviper.mx\/tienda\/wp-json\/wp\/v2\/product_tag?post=227021"}],"curies":[{"name":"wp","href":"https:\/\/api.w.org\/{rel}","templated":true}]}}