{"id":227011,"date":"2026-04-16T02:19:23","date_gmt":"2026-04-16T08:19:23","guid":{"rendered":"https:\/\/compuviper.mx\/tienda\/producto\/grandstream-grp2603p-telfono-ip-3-cuentas-sip-6-lineas-p-lcd-2-puertos-10-100-100-soporta-ehs-poe-no-incluye-eliminador\/"},"modified":"2026-04-16T02:19:23","modified_gmt":"2026-04-16T08:19:23","slug":"grandstream-grp2603p-telefono-ip-3-cuentas-sip-6-lineas-p-lcd-2-puertos-10-100-100-soporta-ehs-poe-no-incluye-eliminador","status":"publish","type":"product","link":"https:\/\/compuviper.mx\/tienda\/producto\/grandstream-grp2603p-telefono-ip-3-cuentas-sip-6-lineas-p-lcd-2-puertos-10-100-100-soporta-ehs-poe-no-incluye-eliminador\/","title":{"rendered":"Grandstream Grp2603p Telefono Ip  \/ 3 Cuentas Sip 6 Lineas P. Lcd 2 Puertos 10\/100\/100 Soporta Ehs Poe No Incluye Eliminador"},"content":{"rendered":"<table class=\"descripcion\">\n<tr>\n<td>Caracter\u00edsticas<\/td>\n<\/tr>\n<tr>\n<td>\u0095 3 l\u00edneas, 6 cuentas sip, hasta 3 l\u00edneas de llamada<\/td>\n<\/tr>\n<tr>\n<td>\u0095 compatible con gdms, que proporciona una interfaz centralizada para configurar, aprovisionar, administrar y monitorear dispositivos grandstream<\/td>\n<\/tr>\n<tr>\n<td>\u0095 compatibilidad con electronic hook switch (ehs) para auriculares plantronics, jabra y sennheiser<\/td>\n<\/tr>\n<tr>\n<td>\u0095 altavoz full-duplex con audio hd para maximizar la calidad y claridad del audio<\/td>\n<\/tr>\n<tr>\n<td>\u0095 equipado con tecnolog\u00eda de protecci\u00f3n contra el ruido para minimizar el ruido de fondo<\/td>\n<\/tr>\n<tr>\n<td>\u0095 puertos gigabit ethernet de 10\/100\/1000 mbps con detecci\u00f3n autom\u00e1tica y doble conmutaci\u00f3n con poe integrado (solo grp2603p)<\/td>\n<\/tr>\n<tr>\n<td>\u0095 admite conferencias de audio de 5 v\u00edas para facilitar las conferencias telef\u00f3nicas<\/td>\n<\/tr>\n<tr>\n<td>\u0095 protecci\u00f3n de nivel empresarial que incluye arranque seguro, im\u00e1genes de firmware dual y almacenamiento de datos cifrados<\/td>\n<\/tr>\n<tr>\n<td>\u0095 placa frontal intercambiable para permitir una f\u00e1cil personalizaci\u00f3n del logotipo<\/td>\n<\/tr>\n<\/table>\n","protected":false},"excerpt":{"rendered":"<p>Como parte de la serie grp de tel\u00e9fonos ip de nivel de operador, el grp2603 es un modelo esencial de 3 l\u00edneas dise\u00f1ado con aprovisionamiento zerotouch para una implementaci\u00f3n masiva y una gesti\u00f3n sencilla. Cuenta con un dise\u00f1o elegante y un conjunto de caracter\u00edsticas de pr\u00f3xima generaci\u00f3n que incluyen: conferencias de voz de 5 v\u00edas para maximizar la productividad, poe integrado (grp2603p), audio full hd tanto en el altavoz como en el tel\u00e9fono para permitir a los usuarios comunicarse con la mayor claridad, soporte ehs para auriculares plantronics, jabra y sennheiser y compatibilidad con varios idiomas. La serie grp incluye funciones de seguridad de nivel de operador para proporcionar seguridad a nivel empresarial, incluido el arranque seguro, im\u00e1genes de firmware dual y almacenamiento de datos cifrados. Para el aprovisionamiento en la nube y la administraci\u00f3n centralizada, el grp2603 es compatible con el sistema de administraci\u00f3n de dispositivos (gdms) de grandstream, que proporciona una interfaz centralizada para configurar, aprovisionar, administrar y monitorear implementaciones de terminales grandstream. Construido para las necesidades de los trabajadores de escritorio remotos o en el sitio y dise\u00f1ado para que las empresas, los proveedores de servicios y otros mercados de gran volumen puedan implementarlo f\u00e1cilmente, el grp2603 ofrece un punto final de voz f\u00e1cil de usar y de implementar.<\/p>\n","protected":false},"featured_media":227012,"comment_status":"open","ping_status":"open","template":"","meta":[],"product_cat":[1610,1757],"product_tag":[1576],"acf":[],"yoast_head":"<!-- This site is optimized with the Yoast SEO plugin v21.7 - https:\/\/yoast.com\/wordpress\/plugins\/seo\/ -->\n<title>[ Grandstream ] &#129351; Grp2603p Telefono Ip \/ 3 Cuentas Sip 6 Lineas P. Lcd 2 Puertos 10\/100\/100 Soporta Ehs Poe No Incluye Eliminador<\/title>\n<meta name=\"description\" content=\"Compra Grp2603p Telefono Ip \/ 3 Cuentas Sip 6 Lineas P. Lcd 2 Puertos 10\/100\/100 Soporta Ehs Poe No Incluye Eliminador + Env\u00edo a domicilio + Pago seguro + Garant\u00eda\" \/>\n<meta name=\"robots\" content=\"index, follow, max-snippet:-1, max-image-preview:large, max-video-preview:-1\" \/>\n<link rel=\"canonical\" href=\"https:\/\/compuviper.mx\/tienda\/producto\/grandstream-grp2603p-telefono-ip-3-cuentas-sip-6-lineas-p-lcd-2-puertos-10-100-100-soporta-ehs-poe-no-incluye-eliminador\/\" \/>\n<meta property=\"og:locale\" content=\"es_MX\" \/>\n<meta property=\"og:type\" content=\"article\" \/>\n<meta property=\"og:title\" content=\"[ Grandstream ] &#129351; Grp2603p Telefono Ip \/ 3 Cuentas Sip 6 Lineas P. Lcd 2 Puertos 10\/100\/100 Soporta Ehs Poe No Incluye Eliminador\" \/>\n<meta property=\"og:description\" content=\"Compra Grp2603p Telefono Ip \/ 3 Cuentas Sip 6 Lineas P. Lcd 2 Puertos 10\/100\/100 Soporta Ehs Poe No Incluye Eliminador + Env\u00edo a domicilio + Pago seguro + Garant\u00eda\" \/>\n<meta property=\"og:url\" content=\"https:\/\/compuviper.mx\/tienda\/producto\/grandstream-grp2603p-telefono-ip-3-cuentas-sip-6-lineas-p-lcd-2-puertos-10-100-100-soporta-ehs-poe-no-incluye-eliminador\/\" \/>\n<meta property=\"og:site_name\" content=\"Compuviper\" \/>\n<meta property=\"article:publisher\" content=\"https:\/\/www.facebook.com\/compuviper\" \/>\n<meta property=\"og:image\" content=\"https:\/\/compuviper.mx\/tienda\/wp-content\/uploads\/2023\/12\/Telfono-ip-grandstream-grp2603p-3-cuentas-sip-6-lineas-p.-lcd-2-puertos-10100100-soporta-ehs-poe-no-incluye-eliminador.jpg\" \/>\n\t<meta property=\"og:image:width\" content=\"200\" \/>\n\t<meta property=\"og:image:height\" content=\"200\" \/>\n\t<meta property=\"og:image:type\" content=\"image\/jpeg\" \/>\n<meta name=\"twitter:card\" content=\"summary_large_image\" \/>\n<meta name=\"twitter:label1\" content=\"Precio\" \/>\n\t<meta name=\"twitter:data1\" content=\"&#36;994 &#36;879 con IVA\" \/>\n\t<meta name=\"twitter:label2\" content=\"Availability\" \/>\n\t<meta name=\"twitter:data2\" content=\"Out of stock\" \/>\n<script type=\"application\/ld+json\" class=\"yoast-schema-graph\">{\"@context\":\"https:\/\/schema.org\",\"@graph\":[{\"@type\":\"WebPage\",\"@id\":\"https:\/\/compuviper.mx\/tienda\/producto\/grandstream-grp2603p-telefono-ip-3-cuentas-sip-6-lineas-p-lcd-2-puertos-10-100-100-soporta-ehs-poe-no-incluye-eliminador\/\",\"url\":\"https:\/\/compuviper.mx\/tienda\/producto\/grandstream-grp2603p-telefono-ip-3-cuentas-sip-6-lineas-p-lcd-2-puertos-10-100-100-soporta-ehs-poe-no-incluye-eliminador\/\",\"name\":\"[ Grandstream ] &#129351; Grp2603p Telefono Ip \/ 3 Cuentas Sip 6 Lineas P. Lcd 2 Puertos 10\/100\/100 Soporta Ehs Poe No Incluye Eliminador\",\"isPartOf\":{\"@id\":\"https:\/\/compuviper.mx\/tienda\/#website\"},\"datePublished\":\"2026-04-16T08:19:23+00:00\",\"dateModified\":\"2026-04-16T08:19:23+00:00\",\"description\":\"Compra Grp2603p Telefono Ip \/ 3 Cuentas Sip 6 Lineas P. Lcd 2 Puertos 10\/100\/100 Soporta Ehs Poe No Incluye Eliminador + Env\u00edo a domicilio + Pago seguro + Garant\u00eda\",\"breadcrumb\":{\"@id\":\"https:\/\/compuviper.mx\/tienda\/producto\/grandstream-grp2603p-telefono-ip-3-cuentas-sip-6-lineas-p-lcd-2-puertos-10-100-100-soporta-ehs-poe-no-incluye-eliminador\/#breadcrumb\"},\"inLanguage\":\"es-MX\",\"potentialAction\":[{\"@type\":\"ReadAction\",\"target\":[\"https:\/\/compuviper.mx\/tienda\/producto\/grandstream-grp2603p-telefono-ip-3-cuentas-sip-6-lineas-p-lcd-2-puertos-10-100-100-soporta-ehs-poe-no-incluye-eliminador\/\"]}]},{\"@type\":\"BreadcrumbList\",\"@id\":\"https:\/\/compuviper.mx\/tienda\/producto\/grandstream-grp2603p-telefono-ip-3-cuentas-sip-6-lineas-p-lcd-2-puertos-10-100-100-soporta-ehs-poe-no-incluye-eliminador\/#breadcrumb\",\"itemListElement\":[{\"@type\":\"ListItem\",\"position\":1,\"name\":\"Inicio\",\"item\":\"https:\/\/compuviper.mx\/tienda\/\"},{\"@type\":\"ListItem\",\"position\":2,\"name\":\"Productos\",\"item\":\"https:\/\/compuviper.mx\/tienda\/productos\/\"},{\"@type\":\"ListItem\",\"position\":3,\"name\":\"Telefonia\",\"item\":\"https:\/\/compuviper.mx\/tienda\/categoria-producto\/telefonia-2\/\"},{\"@type\":\"ListItem\",\"position\":4,\"name\":\"Telefono Ip\",\"item\":\"https:\/\/compuviper.mx\/tienda\/categoria-producto\/telefonia-2\/telefono-ip\/\"},{\"@type\":\"ListItem\",\"position\":5,\"name\":\"Grandstream Grp2603p Telefono Ip \/ 3 Cuentas Sip 6 Lineas P. Lcd 2 Puertos 10\/100\/100 Soporta Ehs Poe No Incluye Eliminador\"}]},{\"@type\":\"WebSite\",\"@id\":\"https:\/\/compuviper.mx\/tienda\/#website\",\"url\":\"https:\/\/compuviper.mx\/tienda\/\",\"name\":\"Compuviper\",\"description\":\"Proveedor de Computadoras, Laptops, Servidores, Monitores, Puntos de Venta, Teclados,   Impresoras, T\u00f3ner, C\u00e1maras de Seguridad y m\u00e1s en tu tienda en l\u00ednea\",\"publisher\":{\"@id\":\"https:\/\/compuviper.mx\/tienda\/#organization\"},\"potentialAction\":[{\"@type\":\"SearchAction\",\"target\":{\"@type\":\"EntryPoint\",\"urlTemplate\":\"https:\/\/compuviper.mx\/tienda\/?s={search_term_string}\"},\"query-input\":\"required name=search_term_string\"}],\"inLanguage\":\"es-MX\"},{\"@type\":\"Organization\",\"@id\":\"https:\/\/compuviper.mx\/tienda\/#organization\",\"name\":\"Compuviper\",\"url\":\"https:\/\/compuviper.mx\/tienda\/\",\"logo\":{\"@type\":\"ImageObject\",\"inLanguage\":\"es-MX\",\"@id\":\"https:\/\/compuviper.mx\/tienda\/#\/schema\/logo\/image\/\",\"url\":\"https:\/\/compuviper.mx\/tienda\/wp-content\/uploads\/2021\/08\/Logo-Compuviper-10.png\",\"contentUrl\":\"https:\/\/compuviper.mx\/tienda\/wp-content\/uploads\/2021\/08\/Logo-Compuviper-10.png\",\"width\":1000,\"height\":500,\"caption\":\"Compuviper\"},\"image\":{\"@id\":\"https:\/\/compuviper.mx\/tienda\/#\/schema\/logo\/image\/\"},\"sameAs\":[\"https:\/\/www.facebook.com\/compuviper\",\"https:\/\/www.youtube.com\/channel\/UCf73dERp9Y3cfOq7q8BhLjA?view_as=subscriber\"]}]}<\/script>\n<meta property=\"product:brand\" content=\"GRANDSTREAM\" \/>\n<meta property=\"product:price:amount\" content=\"879\" \/>\n<meta property=\"product:price:currency\" content=\"MXN\" \/>\n<meta property=\"og:availability\" content=\"out of stock\" \/>\n<meta property=\"product:availability\" content=\"out of stock\" \/>\n<meta property=\"product:retailer_item_id\" content=\"GRP2603P\" \/>\n<meta property=\"product:condition\" content=\"new\" \/>\n<!-- \/ Yoast SEO plugin. -->","yoast_head_json":{"title":"[ Grandstream ] &#129351; Grp2603p Telefono Ip \/ 3 Cuentas Sip 6 Lineas P. Lcd 2 Puertos 10\/100\/100 Soporta Ehs Poe No Incluye Eliminador","description":"Compra Grp2603p Telefono Ip \/ 3 Cuentas Sip 6 Lineas P. Lcd 2 Puertos 10\/100\/100 Soporta Ehs Poe No Incluye Eliminador + Env\u00edo a domicilio + Pago seguro + Garant\u00eda","robots":{"index":"index","follow":"follow","max-snippet":"max-snippet:-1","max-image-preview":"max-image-preview:large","max-video-preview":"max-video-preview:-1"},"canonical":"https:\/\/compuviper.mx\/tienda\/producto\/grandstream-grp2603p-telefono-ip-3-cuentas-sip-6-lineas-p-lcd-2-puertos-10-100-100-soporta-ehs-poe-no-incluye-eliminador\/","og_locale":"es_MX","og_type":"article","og_title":"[ Grandstream ] &#129351; Grp2603p Telefono Ip \/ 3 Cuentas Sip 6 Lineas P. Lcd 2 Puertos 10\/100\/100 Soporta Ehs Poe No Incluye Eliminador","og_description":"Compra Grp2603p Telefono Ip \/ 3 Cuentas Sip 6 Lineas P. Lcd 2 Puertos 10\/100\/100 Soporta Ehs Poe No Incluye Eliminador + Env\u00edo a domicilio + Pago seguro + Garant\u00eda","og_url":"https:\/\/compuviper.mx\/tienda\/producto\/grandstream-grp2603p-telefono-ip-3-cuentas-sip-6-lineas-p-lcd-2-puertos-10-100-100-soporta-ehs-poe-no-incluye-eliminador\/","og_site_name":"Compuviper","article_publisher":"https:\/\/www.facebook.com\/compuviper","og_image":[{"width":200,"height":200,"url":"https:\/\/compuviper.mx\/tienda\/wp-content\/uploads\/2023\/12\/Telfono-ip-grandstream-grp2603p-3-cuentas-sip-6-lineas-p.-lcd-2-puertos-10100100-soporta-ehs-poe-no-incluye-eliminador.jpg","type":"image\/jpeg"}],"twitter_card":"summary_large_image","twitter_misc":{"Precio":"&#36;994 &#36;879 con IVA","Availability":"Out of stock"},"schema":{"@context":"https:\/\/schema.org","@graph":[{"@type":"WebPage","@id":"https:\/\/compuviper.mx\/tienda\/producto\/grandstream-grp2603p-telefono-ip-3-cuentas-sip-6-lineas-p-lcd-2-puertos-10-100-100-soporta-ehs-poe-no-incluye-eliminador\/","url":"https:\/\/compuviper.mx\/tienda\/producto\/grandstream-grp2603p-telefono-ip-3-cuentas-sip-6-lineas-p-lcd-2-puertos-10-100-100-soporta-ehs-poe-no-incluye-eliminador\/","name":"[ Grandstream ] &#129351; Grp2603p Telefono Ip \/ 3 Cuentas Sip 6 Lineas P. Lcd 2 Puertos 10\/100\/100 Soporta Ehs Poe No Incluye Eliminador","isPartOf":{"@id":"https:\/\/compuviper.mx\/tienda\/#website"},"datePublished":"2026-04-16T08:19:23+00:00","dateModified":"2026-04-16T08:19:23+00:00","description":"Compra Grp2603p Telefono Ip \/ 3 Cuentas Sip 6 Lineas P. Lcd 2 Puertos 10\/100\/100 Soporta Ehs Poe No Incluye Eliminador + Env\u00edo a domicilio + Pago seguro + Garant\u00eda","breadcrumb":{"@id":"https:\/\/compuviper.mx\/tienda\/producto\/grandstream-grp2603p-telefono-ip-3-cuentas-sip-6-lineas-p-lcd-2-puertos-10-100-100-soporta-ehs-poe-no-incluye-eliminador\/#breadcrumb"},"inLanguage":"es-MX","potentialAction":[{"@type":"ReadAction","target":["https:\/\/compuviper.mx\/tienda\/producto\/grandstream-grp2603p-telefono-ip-3-cuentas-sip-6-lineas-p-lcd-2-puertos-10-100-100-soporta-ehs-poe-no-incluye-eliminador\/"]}]},{"@type":"BreadcrumbList","@id":"https:\/\/compuviper.mx\/tienda\/producto\/grandstream-grp2603p-telefono-ip-3-cuentas-sip-6-lineas-p-lcd-2-puertos-10-100-100-soporta-ehs-poe-no-incluye-eliminador\/#breadcrumb","itemListElement":[{"@type":"ListItem","position":1,"name":"Inicio","item":"https:\/\/compuviper.mx\/tienda\/"},{"@type":"ListItem","position":2,"name":"Productos","item":"https:\/\/compuviper.mx\/tienda\/productos\/"},{"@type":"ListItem","position":3,"name":"Telefonia","item":"https:\/\/compuviper.mx\/tienda\/categoria-producto\/telefonia-2\/"},{"@type":"ListItem","position":4,"name":"Telefono Ip","item":"https:\/\/compuviper.mx\/tienda\/categoria-producto\/telefonia-2\/telefono-ip\/"},{"@type":"ListItem","position":5,"name":"Grandstream Grp2603p Telefono Ip \/ 3 Cuentas Sip 6 Lineas P. Lcd 2 Puertos 10\/100\/100 Soporta Ehs Poe No Incluye Eliminador"}]},{"@type":"WebSite","@id":"https:\/\/compuviper.mx\/tienda\/#website","url":"https:\/\/compuviper.mx\/tienda\/","name":"Compuviper","description":"Proveedor de Computadoras, Laptops, Servidores, Monitores, Puntos de Venta, Teclados,   Impresoras, T\u00f3ner, C\u00e1maras de Seguridad y m\u00e1s en tu tienda en l\u00ednea","publisher":{"@id":"https:\/\/compuviper.mx\/tienda\/#organization"},"potentialAction":[{"@type":"SearchAction","target":{"@type":"EntryPoint","urlTemplate":"https:\/\/compuviper.mx\/tienda\/?s={search_term_string}"},"query-input":"required name=search_term_string"}],"inLanguage":"es-MX"},{"@type":"Organization","@id":"https:\/\/compuviper.mx\/tienda\/#organization","name":"Compuviper","url":"https:\/\/compuviper.mx\/tienda\/","logo":{"@type":"ImageObject","inLanguage":"es-MX","@id":"https:\/\/compuviper.mx\/tienda\/#\/schema\/logo\/image\/","url":"https:\/\/compuviper.mx\/tienda\/wp-content\/uploads\/2021\/08\/Logo-Compuviper-10.png","contentUrl":"https:\/\/compuviper.mx\/tienda\/wp-content\/uploads\/2021\/08\/Logo-Compuviper-10.png","width":1000,"height":500,"caption":"Compuviper"},"image":{"@id":"https:\/\/compuviper.mx\/tienda\/#\/schema\/logo\/image\/"},"sameAs":["https:\/\/www.facebook.com\/compuviper","https:\/\/www.youtube.com\/channel\/UCf73dERp9Y3cfOq7q8BhLjA?view_as=subscriber"]}]},"product_brand":"GRANDSTREAM","product_price_amount":"879","product_price_currency":"MXN","og_availability":"out of stock","product_availability":"out of stock","product_retailer_item_id":"GRP2603P","product_condition":"new"},"_links":{"self":[{"href":"https:\/\/compuviper.mx\/tienda\/wp-json\/wp\/v2\/product\/227011"}],"collection":[{"href":"https:\/\/compuviper.mx\/tienda\/wp-json\/wp\/v2\/product"}],"about":[{"href":"https:\/\/compuviper.mx\/tienda\/wp-json\/wp\/v2\/types\/product"}],"replies":[{"embeddable":true,"href":"https:\/\/compuviper.mx\/tienda\/wp-json\/wp\/v2\/comments?post=227011"}],"wp:featuredmedia":[{"embeddable":true,"href":"https:\/\/compuviper.mx\/tienda\/wp-json\/wp\/v2\/media\/227012"}],"wp:attachment":[{"href":"https:\/\/compuviper.mx\/tienda\/wp-json\/wp\/v2\/media?parent=227011"}],"wp:term":[{"taxonomy":"product_cat","embeddable":true,"href":"https:\/\/compuviper.mx\/tienda\/wp-json\/wp\/v2\/product_cat?post=227011"},{"taxonomy":"product_tag","embeddable":true,"href":"https:\/\/compuviper.mx\/tienda\/wp-json\/wp\/v2\/product_tag?post=227011"}],"curies":[{"name":"wp","href":"https:\/\/api.w.org\/{rel}","templated":true}]}}