{"id":227007,"date":"2026-04-02T02:22:38","date_gmt":"2026-04-02T08:22:38","guid":{"rendered":"https:\/\/compuviper.mx\/tienda\/producto\/grandstream-grp2604p-telfono-ip-6-cuentas-sip-3-lineas-p-lcd-8-teclas-programable-2-puertos-10-100-1000-soporta-ehs-poe-no-incluye-eliminador\/"},"modified":"2026-04-02T02:22:38","modified_gmt":"2026-04-02T08:22:38","slug":"grandstream-grp2604p-telfono-ip-6-cuentas-sip-3-lineas-p-lcd-8-teclas-programable-2-puertos-10-100-1000-soporta-ehs-poe-no-incluye-eliminador","status":"publish","type":"product","link":"https:\/\/compuviper.mx\/tienda\/producto\/grandstream-grp2604p-telfono-ip-6-cuentas-sip-3-lineas-p-lcd-8-teclas-programable-2-puertos-10-100-1000-soporta-ehs-poe-no-incluye-eliminador\/","title":{"rendered":"Grandstream Grp2604p Telfono Ip  , 6 Cuentas Sip 3 Lineas P. Lcd 8 Teclas Programable 2 Puertos 10\/100\/1000 Soporta Ehs Poe No Incluye Eliminador"},"content":{"rendered":"<table class=\"descripcion\">\n<tr>\n<td>Caracteristicas:<\/td>\n<\/tr>\n<tr>\n<td>-3 lineas, 6 cuentas sip, hasta 3 lineas de llamada.<\/td>\n<\/tr>\n<tr>\n<td>-compatible con gdms, que proporciona una interfaz centralizada para configurar, aprovisionar, administrar y monitorear dispositivos grandstream.<\/td>\n<\/tr>\n<tr>\n<td>-compatibilidad con electronic hook switch (ehs) para auriculares plantronics, jabra y sennheiser.<\/td>\n<\/tr>\n<tr>\n<td>-altavoz full-duplex con audio hd para maximizar la calidad y claridad del audio.<\/td>\n<\/tr>\n<tr>\n<td>-equipado con tecnologia de proteccion contra el ruido para minimizar el ruido de fondo.<\/td>\n<\/tr>\n<tr>\n<td>-puertos gigabit ethernet de 10\/100\/1000 mbps con deteccion automatica y conmutacion doble con poe integrado.<\/td>\n<\/tr>\n<tr>\n<td>-admite conferencias de audio de 5 vias para conferencias sencillas<\/td>\n<\/tr>\n<tr>\n<td>-proteccion de nivel empresarial que incluye arranque seguro, imagenes de firmware dual y almacenamiento de datos cifrados<\/td>\n<\/tr>\n<tr>\n<td>-placa frontal intercambiable para permitir una facil perzonalizacion del logotipo<\/td>\n<\/tr>\n<\/table>\n","protected":false},"excerpt":{"rendered":"<p>Es un modelo esencial de 3 lineas, dise\u00f1ado con aprovisionamiento sin intervencion para una implementacion masiva y una gestion sencilla. Cuenta con conferencias de voz de 5 vias para maximizar la productividad, poe integrado y es compatible con el sistema de administracion de dispositivos (gdms) de grandstream. Dise\u00f1ado para las necesidades basicas de los trabajadores de escritorio remotos o en el sitio, el grp2604p ofrece un punto final de voz facil de usar y de implementar.<\/p>\n","protected":false},"featured_media":227008,"comment_status":"open","ping_status":"open","template":"","meta":[],"product_cat":[1610,1757],"product_tag":[1576],"acf":[],"yoast_head":"<!-- This site is optimized with the Yoast SEO plugin v21.7 - https:\/\/yoast.com\/wordpress\/plugins\/seo\/ -->\n<title>[ Grandstream ] &#129351; Grp2604p Telfono Ip , 6 Cuentas Sip 3 Lineas P. Lcd 8 Teclas Programable 2 Puertos 10\/100\/1000 Soporta Ehs Poe No Incluye Eliminador<\/title>\n<meta name=\"description\" content=\"Compra Grp2604p Telfono Ip , 6 Cuentas Sip 3 Lineas P. Lcd 8 Teclas Programable 2 Puertos 10\/100\/1000 Soporta Ehs Poe No Incluye Eliminador + Env\u00edo a domicilio + Pago seguro + Garant\u00eda\" \/>\n<meta name=\"robots\" content=\"index, follow, max-snippet:-1, max-image-preview:large, max-video-preview:-1\" \/>\n<link rel=\"canonical\" href=\"https:\/\/compuviper.mx\/tienda\/producto\/grandstream-grp2604p-telfono-ip-6-cuentas-sip-3-lineas-p-lcd-8-teclas-programable-2-puertos-10-100-1000-soporta-ehs-poe-no-incluye-eliminador\/\" \/>\n<meta property=\"og:locale\" content=\"es_MX\" \/>\n<meta property=\"og:type\" content=\"article\" \/>\n<meta property=\"og:title\" content=\"[ Grandstream ] &#129351; Grp2604p Telfono Ip , 6 Cuentas Sip 3 Lineas P. Lcd 8 Teclas Programable 2 Puertos 10\/100\/1000 Soporta Ehs Poe No Incluye Eliminador\" \/>\n<meta property=\"og:description\" content=\"Compra Grp2604p Telfono Ip , 6 Cuentas Sip 3 Lineas P. Lcd 8 Teclas Programable 2 Puertos 10\/100\/1000 Soporta Ehs Poe No Incluye Eliminador + Env\u00edo a domicilio + Pago seguro + Garant\u00eda\" \/>\n<meta property=\"og:url\" content=\"https:\/\/compuviper.mx\/tienda\/producto\/grandstream-grp2604p-telfono-ip-6-cuentas-sip-3-lineas-p-lcd-8-teclas-programable-2-puertos-10-100-1000-soporta-ehs-poe-no-incluye-eliminador\/\" \/>\n<meta property=\"og:site_name\" content=\"Compuviper\" \/>\n<meta property=\"article:publisher\" content=\"https:\/\/www.facebook.com\/compuviper\" \/>\n<meta property=\"og:image\" content=\"https:\/\/compuviper.mx\/tienda\/wp-content\/uploads\/2023\/12\/Telfono-ip-grandstream-grp2604p-6-cuentas-sip-3-lineas-p.-lcd-8-teclas-programable-2-puertos-101001000-soporta-ehs-poe-no-incluye-eliminador.jpg\" \/>\n\t<meta property=\"og:image:width\" content=\"200\" \/>\n\t<meta property=\"og:image:height\" content=\"200\" \/>\n\t<meta property=\"og:image:type\" content=\"image\/jpeg\" \/>\n<meta name=\"twitter:card\" content=\"summary_large_image\" \/>\n<meta name=\"twitter:label1\" content=\"Precio\" \/>\n\t<meta name=\"twitter:data1\" content=\"&#36;1,151 &#36;1,049 con IVA\" \/>\n\t<meta name=\"twitter:label2\" content=\"Availability\" \/>\n\t<meta name=\"twitter:data2\" content=\"In stock\" \/>\n<script type=\"application\/ld+json\" class=\"yoast-schema-graph\">{\"@context\":\"https:\/\/schema.org\",\"@graph\":[{\"@type\":\"WebPage\",\"@id\":\"https:\/\/compuviper.mx\/tienda\/producto\/grandstream-grp2604p-telfono-ip-6-cuentas-sip-3-lineas-p-lcd-8-teclas-programable-2-puertos-10-100-1000-soporta-ehs-poe-no-incluye-eliminador\/\",\"url\":\"https:\/\/compuviper.mx\/tienda\/producto\/grandstream-grp2604p-telfono-ip-6-cuentas-sip-3-lineas-p-lcd-8-teclas-programable-2-puertos-10-100-1000-soporta-ehs-poe-no-incluye-eliminador\/\",\"name\":\"[ Grandstream ] &#129351; Grp2604p Telfono Ip , 6 Cuentas Sip 3 Lineas P. Lcd 8 Teclas Programable 2 Puertos 10\/100\/1000 Soporta Ehs Poe No Incluye Eliminador\",\"isPartOf\":{\"@id\":\"https:\/\/compuviper.mx\/tienda\/#website\"},\"datePublished\":\"2026-04-02T08:22:38+00:00\",\"dateModified\":\"2026-04-02T08:22:38+00:00\",\"description\":\"Compra Grp2604p Telfono Ip , 6 Cuentas Sip 3 Lineas P. Lcd 8 Teclas Programable 2 Puertos 10\/100\/1000 Soporta Ehs Poe No Incluye Eliminador + Env\u00edo a domicilio + Pago seguro + Garant\u00eda\",\"breadcrumb\":{\"@id\":\"https:\/\/compuviper.mx\/tienda\/producto\/grandstream-grp2604p-telfono-ip-6-cuentas-sip-3-lineas-p-lcd-8-teclas-programable-2-puertos-10-100-1000-soporta-ehs-poe-no-incluye-eliminador\/#breadcrumb\"},\"inLanguage\":\"es-MX\",\"potentialAction\":[{\"@type\":\"ReadAction\",\"target\":[\"https:\/\/compuviper.mx\/tienda\/producto\/grandstream-grp2604p-telfono-ip-6-cuentas-sip-3-lineas-p-lcd-8-teclas-programable-2-puertos-10-100-1000-soporta-ehs-poe-no-incluye-eliminador\/\"]}]},{\"@type\":\"BreadcrumbList\",\"@id\":\"https:\/\/compuviper.mx\/tienda\/producto\/grandstream-grp2604p-telfono-ip-6-cuentas-sip-3-lineas-p-lcd-8-teclas-programable-2-puertos-10-100-1000-soporta-ehs-poe-no-incluye-eliminador\/#breadcrumb\",\"itemListElement\":[{\"@type\":\"ListItem\",\"position\":1,\"name\":\"Inicio\",\"item\":\"https:\/\/compuviper.mx\/tienda\/\"},{\"@type\":\"ListItem\",\"position\":2,\"name\":\"Productos\",\"item\":\"https:\/\/compuviper.mx\/tienda\/productos\/\"},{\"@type\":\"ListItem\",\"position\":3,\"name\":\"Telefonia\",\"item\":\"https:\/\/compuviper.mx\/tienda\/categoria-producto\/telefonia-2\/\"},{\"@type\":\"ListItem\",\"position\":4,\"name\":\"Telefono Ip\",\"item\":\"https:\/\/compuviper.mx\/tienda\/categoria-producto\/telefonia-2\/telefono-ip\/\"},{\"@type\":\"ListItem\",\"position\":5,\"name\":\"Grandstream Grp2604p Telfono Ip , 6 Cuentas Sip 3 Lineas P. Lcd 8 Teclas Programable 2 Puertos 10\/100\/1000 Soporta Ehs Poe No Incluye Eliminador\"}]},{\"@type\":\"WebSite\",\"@id\":\"https:\/\/compuviper.mx\/tienda\/#website\",\"url\":\"https:\/\/compuviper.mx\/tienda\/\",\"name\":\"Compuviper\",\"description\":\"Proveedor de Computadoras, Laptops, Servidores, Monitores, Puntos de Venta, Teclados,   Impresoras, T\u00f3ner, C\u00e1maras de Seguridad y m\u00e1s en tu tienda en l\u00ednea\",\"publisher\":{\"@id\":\"https:\/\/compuviper.mx\/tienda\/#organization\"},\"potentialAction\":[{\"@type\":\"SearchAction\",\"target\":{\"@type\":\"EntryPoint\",\"urlTemplate\":\"https:\/\/compuviper.mx\/tienda\/?s={search_term_string}\"},\"query-input\":\"required name=search_term_string\"}],\"inLanguage\":\"es-MX\"},{\"@type\":\"Organization\",\"@id\":\"https:\/\/compuviper.mx\/tienda\/#organization\",\"name\":\"Compuviper\",\"url\":\"https:\/\/compuviper.mx\/tienda\/\",\"logo\":{\"@type\":\"ImageObject\",\"inLanguage\":\"es-MX\",\"@id\":\"https:\/\/compuviper.mx\/tienda\/#\/schema\/logo\/image\/\",\"url\":\"https:\/\/compuviper.mx\/tienda\/wp-content\/uploads\/2021\/08\/Logo-Compuviper-10.png\",\"contentUrl\":\"https:\/\/compuviper.mx\/tienda\/wp-content\/uploads\/2021\/08\/Logo-Compuviper-10.png\",\"width\":1000,\"height\":500,\"caption\":\"Compuviper\"},\"image\":{\"@id\":\"https:\/\/compuviper.mx\/tienda\/#\/schema\/logo\/image\/\"},\"sameAs\":[\"https:\/\/www.facebook.com\/compuviper\",\"https:\/\/www.youtube.com\/channel\/UCf73dERp9Y3cfOq7q8BhLjA?view_as=subscriber\"]}]}<\/script>\n<meta property=\"product:brand\" content=\"GRANDSTREAM\" \/>\n<meta property=\"product:price:amount\" content=\"1049\" \/>\n<meta property=\"product:price:currency\" content=\"MXN\" \/>\n<meta property=\"og:availability\" content=\"instock\" \/>\n<meta property=\"product:availability\" content=\"instock\" \/>\n<meta property=\"product:retailer_item_id\" content=\"GRP2604P\" \/>\n<meta property=\"product:condition\" content=\"new\" \/>\n<!-- \/ Yoast SEO plugin. -->","yoast_head_json":{"title":"[ Grandstream ] &#129351; Grp2604p Telfono Ip , 6 Cuentas Sip 3 Lineas P. Lcd 8 Teclas Programable 2 Puertos 10\/100\/1000 Soporta Ehs Poe No Incluye Eliminador","description":"Compra Grp2604p Telfono Ip , 6 Cuentas Sip 3 Lineas P. Lcd 8 Teclas Programable 2 Puertos 10\/100\/1000 Soporta Ehs Poe No Incluye Eliminador + Env\u00edo a domicilio + Pago seguro + Garant\u00eda","robots":{"index":"index","follow":"follow","max-snippet":"max-snippet:-1","max-image-preview":"max-image-preview:large","max-video-preview":"max-video-preview:-1"},"canonical":"https:\/\/compuviper.mx\/tienda\/producto\/grandstream-grp2604p-telfono-ip-6-cuentas-sip-3-lineas-p-lcd-8-teclas-programable-2-puertos-10-100-1000-soporta-ehs-poe-no-incluye-eliminador\/","og_locale":"es_MX","og_type":"article","og_title":"[ Grandstream ] &#129351; Grp2604p Telfono Ip , 6 Cuentas Sip 3 Lineas P. Lcd 8 Teclas Programable 2 Puertos 10\/100\/1000 Soporta Ehs Poe No Incluye Eliminador","og_description":"Compra Grp2604p Telfono Ip , 6 Cuentas Sip 3 Lineas P. Lcd 8 Teclas Programable 2 Puertos 10\/100\/1000 Soporta Ehs Poe No Incluye Eliminador + Env\u00edo a domicilio + Pago seguro + Garant\u00eda","og_url":"https:\/\/compuviper.mx\/tienda\/producto\/grandstream-grp2604p-telfono-ip-6-cuentas-sip-3-lineas-p-lcd-8-teclas-programable-2-puertos-10-100-1000-soporta-ehs-poe-no-incluye-eliminador\/","og_site_name":"Compuviper","article_publisher":"https:\/\/www.facebook.com\/compuviper","og_image":[{"width":200,"height":200,"url":"https:\/\/compuviper.mx\/tienda\/wp-content\/uploads\/2023\/12\/Telfono-ip-grandstream-grp2604p-6-cuentas-sip-3-lineas-p.-lcd-8-teclas-programable-2-puertos-101001000-soporta-ehs-poe-no-incluye-eliminador.jpg","type":"image\/jpeg"}],"twitter_card":"summary_large_image","twitter_misc":{"Precio":"&#36;1,151 &#36;1,049 con IVA","Availability":"In stock"},"schema":{"@context":"https:\/\/schema.org","@graph":[{"@type":"WebPage","@id":"https:\/\/compuviper.mx\/tienda\/producto\/grandstream-grp2604p-telfono-ip-6-cuentas-sip-3-lineas-p-lcd-8-teclas-programable-2-puertos-10-100-1000-soporta-ehs-poe-no-incluye-eliminador\/","url":"https:\/\/compuviper.mx\/tienda\/producto\/grandstream-grp2604p-telfono-ip-6-cuentas-sip-3-lineas-p-lcd-8-teclas-programable-2-puertos-10-100-1000-soporta-ehs-poe-no-incluye-eliminador\/","name":"[ Grandstream ] &#129351; Grp2604p Telfono Ip , 6 Cuentas Sip 3 Lineas P. Lcd 8 Teclas Programable 2 Puertos 10\/100\/1000 Soporta Ehs Poe No Incluye Eliminador","isPartOf":{"@id":"https:\/\/compuviper.mx\/tienda\/#website"},"datePublished":"2026-04-02T08:22:38+00:00","dateModified":"2026-04-02T08:22:38+00:00","description":"Compra Grp2604p Telfono Ip , 6 Cuentas Sip 3 Lineas P. Lcd 8 Teclas Programable 2 Puertos 10\/100\/1000 Soporta Ehs Poe No Incluye Eliminador + Env\u00edo a domicilio + Pago seguro + Garant\u00eda","breadcrumb":{"@id":"https:\/\/compuviper.mx\/tienda\/producto\/grandstream-grp2604p-telfono-ip-6-cuentas-sip-3-lineas-p-lcd-8-teclas-programable-2-puertos-10-100-1000-soporta-ehs-poe-no-incluye-eliminador\/#breadcrumb"},"inLanguage":"es-MX","potentialAction":[{"@type":"ReadAction","target":["https:\/\/compuviper.mx\/tienda\/producto\/grandstream-grp2604p-telfono-ip-6-cuentas-sip-3-lineas-p-lcd-8-teclas-programable-2-puertos-10-100-1000-soporta-ehs-poe-no-incluye-eliminador\/"]}]},{"@type":"BreadcrumbList","@id":"https:\/\/compuviper.mx\/tienda\/producto\/grandstream-grp2604p-telfono-ip-6-cuentas-sip-3-lineas-p-lcd-8-teclas-programable-2-puertos-10-100-1000-soporta-ehs-poe-no-incluye-eliminador\/#breadcrumb","itemListElement":[{"@type":"ListItem","position":1,"name":"Inicio","item":"https:\/\/compuviper.mx\/tienda\/"},{"@type":"ListItem","position":2,"name":"Productos","item":"https:\/\/compuviper.mx\/tienda\/productos\/"},{"@type":"ListItem","position":3,"name":"Telefonia","item":"https:\/\/compuviper.mx\/tienda\/categoria-producto\/telefonia-2\/"},{"@type":"ListItem","position":4,"name":"Telefono Ip","item":"https:\/\/compuviper.mx\/tienda\/categoria-producto\/telefonia-2\/telefono-ip\/"},{"@type":"ListItem","position":5,"name":"Grandstream Grp2604p Telfono Ip , 6 Cuentas Sip 3 Lineas P. Lcd 8 Teclas Programable 2 Puertos 10\/100\/1000 Soporta Ehs Poe No Incluye Eliminador"}]},{"@type":"WebSite","@id":"https:\/\/compuviper.mx\/tienda\/#website","url":"https:\/\/compuviper.mx\/tienda\/","name":"Compuviper","description":"Proveedor de Computadoras, Laptops, Servidores, Monitores, Puntos de Venta, Teclados,   Impresoras, T\u00f3ner, C\u00e1maras de Seguridad y m\u00e1s en tu tienda en l\u00ednea","publisher":{"@id":"https:\/\/compuviper.mx\/tienda\/#organization"},"potentialAction":[{"@type":"SearchAction","target":{"@type":"EntryPoint","urlTemplate":"https:\/\/compuviper.mx\/tienda\/?s={search_term_string}"},"query-input":"required name=search_term_string"}],"inLanguage":"es-MX"},{"@type":"Organization","@id":"https:\/\/compuviper.mx\/tienda\/#organization","name":"Compuviper","url":"https:\/\/compuviper.mx\/tienda\/","logo":{"@type":"ImageObject","inLanguage":"es-MX","@id":"https:\/\/compuviper.mx\/tienda\/#\/schema\/logo\/image\/","url":"https:\/\/compuviper.mx\/tienda\/wp-content\/uploads\/2021\/08\/Logo-Compuviper-10.png","contentUrl":"https:\/\/compuviper.mx\/tienda\/wp-content\/uploads\/2021\/08\/Logo-Compuviper-10.png","width":1000,"height":500,"caption":"Compuviper"},"image":{"@id":"https:\/\/compuviper.mx\/tienda\/#\/schema\/logo\/image\/"},"sameAs":["https:\/\/www.facebook.com\/compuviper","https:\/\/www.youtube.com\/channel\/UCf73dERp9Y3cfOq7q8BhLjA?view_as=subscriber"]}]},"product_brand":"GRANDSTREAM","product_price_amount":"1049","product_price_currency":"MXN","og_availability":"instock","product_availability":"instock","product_retailer_item_id":"GRP2604P","product_condition":"new"},"_links":{"self":[{"href":"https:\/\/compuviper.mx\/tienda\/wp-json\/wp\/v2\/product\/227007"}],"collection":[{"href":"https:\/\/compuviper.mx\/tienda\/wp-json\/wp\/v2\/product"}],"about":[{"href":"https:\/\/compuviper.mx\/tienda\/wp-json\/wp\/v2\/types\/product"}],"replies":[{"embeddable":true,"href":"https:\/\/compuviper.mx\/tienda\/wp-json\/wp\/v2\/comments?post=227007"}],"wp:featuredmedia":[{"embeddable":true,"href":"https:\/\/compuviper.mx\/tienda\/wp-json\/wp\/v2\/media\/227008"}],"wp:attachment":[{"href":"https:\/\/compuviper.mx\/tienda\/wp-json\/wp\/v2\/media?parent=227007"}],"wp:term":[{"taxonomy":"product_cat","embeddable":true,"href":"https:\/\/compuviper.mx\/tienda\/wp-json\/wp\/v2\/product_cat?post=227007"},{"taxonomy":"product_tag","embeddable":true,"href":"https:\/\/compuviper.mx\/tienda\/wp-json\/wp\/v2\/product_tag?post=227007"}],"curies":[{"name":"wp","href":"https:\/\/api.w.org\/{rel}","templated":true}]}}