{"id":226961,"date":"2026-04-16T02:19:12","date_gmt":"2026-04-16T08:19:12","guid":{"rendered":"https:\/\/compuviper.mx\/tienda\/producto\/grandstream-gxp1625-telefono-ip-2-cuentas-sip-2-lineas-puertos-10-100-conector-rj9-compatible-con-ehs-pantalla-lcd-retroiluminada-incluye-fuente-poder-y-soporta-poe\/"},"modified":"2026-04-16T02:19:12","modified_gmt":"2026-04-16T08:19:12","slug":"grandstream-gxp1625-telefono-ip-2-cuentas-sip-2-lineas-puertos-10-100-conector-rj9-compatible-con-ehs-pantalla-lcd-retroiluminada-incluye-fuente-poder-y-soporta-poe","status":"publish","type":"product","link":"https:\/\/compuviper.mx\/tienda\/producto\/grandstream-gxp1625-telefono-ip-2-cuentas-sip-2-lineas-puertos-10-100-conector-rj9-compatible-con-ehs-pantalla-lcd-retroiluminada-incluye-fuente-poder-y-soporta-poe\/","title":{"rendered":"Grandstream Gxp1625 Telefono Ip   \/ 2 Cuentas Sip 2 Lineas Puertos 10\/100 Conector Rj9 Compatible Con Ehs Pantalla Lcd Retroiluminada Incluye Fuente Poder Y Soporta Poe"},"content":{"rendered":"<table class=\"descripcion\">\n<tr>\n<td>Principales:<\/td>\n<\/tr>\n<tr>\n<td>&#8211; 2 l\u00edneas (cuentas sip),\u00a03 teclas de funci\u00f3n xml programables y conferencia de 3 v\u00edas.<\/td>\n<\/tr>\n<tr>\n<td>&#8211; pantalla gr\u00e1fica lcd con luz de fondo de 132 x 48.<\/td>\n<\/tr>\n<tr>\n<td>&#8211; audio hd.<\/td>\n<\/tr>\n<tr>\n<td>&#8211; doble puerto de red.<\/td>\n<\/tr>\n<tr>\n<td>Funciones de telefon\u00eda:<\/td>\n<\/tr>\n<tr>\n<td>Retenci\u00f3n, transferencia, reenv\u00edo (incondicional\/no respuesta\/ocupado), conferencia de 3 v\u00edas, estacionamiento\/recuperaci\u00f3n de llamadas, directorio telef\u00f3nico descargable (xml, ldap, hasta 500 contactos), llamada en espera, historial de llamadas (hasta 200 registros), marcaci\u00f3n autom\u00e1tica al descolgar, respuesta autom\u00e1tica, hacer clic para marcar, plan de marcaci\u00f3n flexible, estaciones de trabajo compartidas (hot desking), tonos de llamadas con m\u00fasica personalizada, redundancia de servidores y conmutaci\u00f3n por error (fail-over).<\/td>\n<\/tr>\n<tr>\n<td>C\u00f3decs:<\/td>\n<\/tr>\n<tr>\n<td>Soporte para g.711 and #956;\/a, g.722 (banda ancha), g.723 (pendiente), g.726-32, g.729 a\/b, dtmf en banda y fuera de banda (in audio, rfc2833, sip info), vad, cng, aec, plc, ajb, agc.<\/td>\n<\/tr>\n<tr>\n<td>Interfaces:<\/td>\n<\/tr>\n<tr>\n<td>&#8211;\u00a0puertos ethernet dobles conmutados de 10\/100 mbps con detecci\u00f3n autom\u00e1tica.<\/td>\n<\/tr>\n<tr>\n<td>&#8211; conector de aud\u00edfonos rj9 (permite ehs con aud\u00edfonos plantronics).<\/td>\n<\/tr>\n<tr>\n<td>Seguridad:<\/td>\n<\/tr>\n<tr>\n<td>Control de acceso a nivel del usuario y del administrador, autenticaci\u00f3n basada en md5 y md5-sess, archivo de configuraci\u00f3n cifrado con aes de 256 bits, tls, srtp, https, 802.1x media access control.<\/td>\n<\/tr>\n<tr>\n<td>Calidad de servicio:<\/td>\n<\/tr>\n<tr>\n<td>Qos de capa (802.1q, 802.1p) y qos de capa 3 (tos, di serv, mpls).<\/td>\n<\/tr>\n<tr>\n<td>Lenguajes:<\/td>\n<\/tr>\n<tr>\n<td>Espa\u00f1ol, ingl\u00e9s, alem\u00e1n, italiano, franc\u00e9s, portugu\u00e9s, ruso, croata, chino simplificado y tradicional, coreano, japon\u00e9s.<\/td>\n<\/tr>\n<tr>\n<td>Protocolos y normas:<\/td>\n<\/tr>\n<tr>\n<td>Sip rfc3261, tcp\/ip\/udp, rtp\/rtcp, http\/https, arp\/rarp, icmp, dns (a record, srv, naptr), dhcp, pppoe, ssh, tftp, ntp, stun, simple, lldp-med, ldap, tr- 069, 802.1x, tls, srtp<\/td>\n<\/tr>\n<tr>\n<td>Conformidad:<\/td>\n<\/tr>\n<tr>\n<td>Fcc: part 15 (cfr 47) class b, ce: en55022 class b, en55024, en61000-3-2, en61000-3-3, en60950-1, rcm: as\/acif s004; as\/nzs cispr22\/24; as\/nzs 60950; as\/nzs 60950.1.<\/td>\n<\/tr>\n<tr>\n<td>Caracter\u00edsticas f\u00edsicas y el\u00e9ctricas:<\/td>\n<\/tr>\n<tr>\n<td>&#8211; fuente de alimentaci\u00f3n universal; entrada: 100~240vac 50-60hz; salida: 5vcd, 600ma.<\/td>\n<\/tr>\n<tr>\n<td>&#8211; montable en base o pared.<\/td>\n<\/tr>\n<tr>\n<td>&#8211; dimensiones: 209 x 184.5 x 76.2 mm.<\/td>\n<\/tr>\n<tr>\n<td>&#8211; peso: 0.74 kg.<\/td>\n<\/tr>\n<tr>\n<td>&#8211; temperatura de operaci\u00f3n: 0~40\u00bac.<\/td>\n<\/tr>\n<tr>\n<td>Contenido del paquete:<\/td>\n<\/tr>\n<tr>\n<td>Tel\u00e9fono gxp1625, auricular con cord\u00f3n, base de soporte, fuente de alimentaci\u00f3n universal, cable de red, gu\u00eda de instalaci\u00f3n r\u00e1pida, folleto, licencia gpl.<\/td>\n<\/tr>\n<\/table>\n","protected":false},"excerpt":{"rendered":"<p>El gxp1625 es un tel\u00e9fono ip est\u00e1ndar de grandstream para peque\u00f1as empresas. Este modelo basado en linux ofrece 2 l\u00edneas, 3 teclas xml programables, audio hd y conferencia de 3 v\u00edas. Una pantalla lcd de 132 x 48 crea una imagen clara para una f\u00e1cil visualizaci\u00f3n. Incluye puerto doble de red de 10\/100 mbps. Las funciones adicionales como soporte multilenguaje, soporte de electronic hook switch para aud\u00edfonos plantronics y llamada en espera permiten al gxp1620 ser un tel\u00e9fono ip confiable, f\u00e1cil de usar y de alta calidad.<\/p>\n","protected":false},"featured_media":226962,"comment_status":"open","ping_status":"open","template":"","meta":[],"product_cat":[1610,1757],"product_tag":[1576],"acf":[],"yoast_head":"<!-- This site is optimized with the Yoast SEO plugin v21.7 - https:\/\/yoast.com\/wordpress\/plugins\/seo\/ -->\n<title>[ Grandstream ] &#129351; Gxp1625 Telefono Ip \/ 2 Cuentas Sip 2 Lineas Puertos 10\/100 Conector Rj9 Compatible Con Ehs Pantalla Lcd Retroiluminada Incluye Fuente Poder Y Soporta Poe<\/title>\n<meta name=\"description\" content=\"Compra Gxp1625 Telefono Ip \/ 2 Cuentas Sip 2 Lineas Puertos 10\/100 Conector Rj9 Compatible Con Ehs Pantalla Lcd Retroiluminada Incluye Fuente Poder Y Soporta Poe + Env\u00edo a domicilio + Pago seguro + Garant\u00eda\" \/>\n<meta name=\"robots\" content=\"index, follow, max-snippet:-1, max-image-preview:large, max-video-preview:-1\" \/>\n<link rel=\"canonical\" href=\"https:\/\/compuviper.mx\/tienda\/producto\/grandstream-gxp1625-telefono-ip-2-cuentas-sip-2-lineas-puertos-10-100-conector-rj9-compatible-con-ehs-pantalla-lcd-retroiluminada-incluye-fuente-poder-y-soporta-poe\/\" \/>\n<meta property=\"og:locale\" content=\"es_MX\" \/>\n<meta property=\"og:type\" content=\"article\" \/>\n<meta property=\"og:title\" content=\"[ Grandstream ] &#129351; Gxp1625 Telefono Ip \/ 2 Cuentas Sip 2 Lineas Puertos 10\/100 Conector Rj9 Compatible Con Ehs Pantalla Lcd Retroiluminada Incluye Fuente Poder Y Soporta Poe\" \/>\n<meta property=\"og:description\" content=\"Compra Gxp1625 Telefono Ip \/ 2 Cuentas Sip 2 Lineas Puertos 10\/100 Conector Rj9 Compatible Con Ehs Pantalla Lcd Retroiluminada Incluye Fuente Poder Y Soporta Poe + Env\u00edo a domicilio + Pago seguro + Garant\u00eda\" \/>\n<meta property=\"og:url\" content=\"https:\/\/compuviper.mx\/tienda\/producto\/grandstream-gxp1625-telefono-ip-2-cuentas-sip-2-lineas-puertos-10-100-conector-rj9-compatible-con-ehs-pantalla-lcd-retroiluminada-incluye-fuente-poder-y-soporta-poe\/\" \/>\n<meta property=\"og:site_name\" content=\"Compuviper\" \/>\n<meta property=\"article:publisher\" content=\"https:\/\/www.facebook.com\/compuviper\" \/>\n<meta property=\"og:image\" content=\"https:\/\/compuviper.mx\/tienda\/wp-content\/uploads\/2023\/12\/Telefono-ip-grandstream-gxp1625-2-cuentas-sip-2-lineas-puertos-10100-conector-rj9-compatible-con-ehs-pantalla-lcd-retroiluminada-incluye-fuente-poder-y-soporta-poe.jpg\" \/>\n\t<meta property=\"og:image:width\" content=\"200\" \/>\n\t<meta property=\"og:image:height\" content=\"200\" \/>\n\t<meta property=\"og:image:type\" content=\"image\/jpeg\" \/>\n<meta name=\"twitter:card\" content=\"summary_large_image\" \/>\n<meta name=\"twitter:label1\" content=\"Precio\" \/>\n\t<meta name=\"twitter:data1\" content=\"&#36;750 &#36;684 con IVA\" \/>\n\t<meta name=\"twitter:label2\" content=\"Availability\" \/>\n\t<meta name=\"twitter:data2\" content=\"Out of stock\" \/>\n<script type=\"application\/ld+json\" class=\"yoast-schema-graph\">{\"@context\":\"https:\/\/schema.org\",\"@graph\":[{\"@type\":\"WebPage\",\"@id\":\"https:\/\/compuviper.mx\/tienda\/producto\/grandstream-gxp1625-telefono-ip-2-cuentas-sip-2-lineas-puertos-10-100-conector-rj9-compatible-con-ehs-pantalla-lcd-retroiluminada-incluye-fuente-poder-y-soporta-poe\/\",\"url\":\"https:\/\/compuviper.mx\/tienda\/producto\/grandstream-gxp1625-telefono-ip-2-cuentas-sip-2-lineas-puertos-10-100-conector-rj9-compatible-con-ehs-pantalla-lcd-retroiluminada-incluye-fuente-poder-y-soporta-poe\/\",\"name\":\"[ Grandstream ] &#129351; Gxp1625 Telefono Ip \/ 2 Cuentas Sip 2 Lineas Puertos 10\/100 Conector Rj9 Compatible Con Ehs Pantalla Lcd Retroiluminada Incluye Fuente Poder Y Soporta Poe\",\"isPartOf\":{\"@id\":\"https:\/\/compuviper.mx\/tienda\/#website\"},\"datePublished\":\"2026-04-16T08:19:12+00:00\",\"dateModified\":\"2026-04-16T08:19:12+00:00\",\"description\":\"Compra Gxp1625 Telefono Ip \/ 2 Cuentas Sip 2 Lineas Puertos 10\/100 Conector Rj9 Compatible Con Ehs Pantalla Lcd Retroiluminada Incluye Fuente Poder Y Soporta Poe + Env\u00edo a domicilio + Pago seguro + Garant\u00eda\",\"breadcrumb\":{\"@id\":\"https:\/\/compuviper.mx\/tienda\/producto\/grandstream-gxp1625-telefono-ip-2-cuentas-sip-2-lineas-puertos-10-100-conector-rj9-compatible-con-ehs-pantalla-lcd-retroiluminada-incluye-fuente-poder-y-soporta-poe\/#breadcrumb\"},\"inLanguage\":\"es-MX\",\"potentialAction\":[{\"@type\":\"ReadAction\",\"target\":[\"https:\/\/compuviper.mx\/tienda\/producto\/grandstream-gxp1625-telefono-ip-2-cuentas-sip-2-lineas-puertos-10-100-conector-rj9-compatible-con-ehs-pantalla-lcd-retroiluminada-incluye-fuente-poder-y-soporta-poe\/\"]}]},{\"@type\":\"BreadcrumbList\",\"@id\":\"https:\/\/compuviper.mx\/tienda\/producto\/grandstream-gxp1625-telefono-ip-2-cuentas-sip-2-lineas-puertos-10-100-conector-rj9-compatible-con-ehs-pantalla-lcd-retroiluminada-incluye-fuente-poder-y-soporta-poe\/#breadcrumb\",\"itemListElement\":[{\"@type\":\"ListItem\",\"position\":1,\"name\":\"Inicio\",\"item\":\"https:\/\/compuviper.mx\/tienda\/\"},{\"@type\":\"ListItem\",\"position\":2,\"name\":\"Productos\",\"item\":\"https:\/\/compuviper.mx\/tienda\/productos\/\"},{\"@type\":\"ListItem\",\"position\":3,\"name\":\"Telefonia\",\"item\":\"https:\/\/compuviper.mx\/tienda\/categoria-producto\/telefonia-2\/\"},{\"@type\":\"ListItem\",\"position\":4,\"name\":\"Telefono Ip\",\"item\":\"https:\/\/compuviper.mx\/tienda\/categoria-producto\/telefonia-2\/telefono-ip\/\"},{\"@type\":\"ListItem\",\"position\":5,\"name\":\"Grandstream Gxp1625 Telefono Ip \/ 2 Cuentas Sip 2 Lineas Puertos 10\/100 Conector Rj9 Compatible Con Ehs Pantalla Lcd Retroiluminada Incluye Fuente Poder Y Soporta Poe\"}]},{\"@type\":\"WebSite\",\"@id\":\"https:\/\/compuviper.mx\/tienda\/#website\",\"url\":\"https:\/\/compuviper.mx\/tienda\/\",\"name\":\"Compuviper\",\"description\":\"Proveedor de Computadoras, Laptops, Servidores, Monitores, Puntos de Venta, Teclados,   Impresoras, T\u00f3ner, C\u00e1maras de Seguridad y m\u00e1s en tu tienda en l\u00ednea\",\"publisher\":{\"@id\":\"https:\/\/compuviper.mx\/tienda\/#organization\"},\"potentialAction\":[{\"@type\":\"SearchAction\",\"target\":{\"@type\":\"EntryPoint\",\"urlTemplate\":\"https:\/\/compuviper.mx\/tienda\/?s={search_term_string}\"},\"query-input\":\"required name=search_term_string\"}],\"inLanguage\":\"es-MX\"},{\"@type\":\"Organization\",\"@id\":\"https:\/\/compuviper.mx\/tienda\/#organization\",\"name\":\"Compuviper\",\"url\":\"https:\/\/compuviper.mx\/tienda\/\",\"logo\":{\"@type\":\"ImageObject\",\"inLanguage\":\"es-MX\",\"@id\":\"https:\/\/compuviper.mx\/tienda\/#\/schema\/logo\/image\/\",\"url\":\"https:\/\/compuviper.mx\/tienda\/wp-content\/uploads\/2021\/08\/Logo-Compuviper-10.png\",\"contentUrl\":\"https:\/\/compuviper.mx\/tienda\/wp-content\/uploads\/2021\/08\/Logo-Compuviper-10.png\",\"width\":1000,\"height\":500,\"caption\":\"Compuviper\"},\"image\":{\"@id\":\"https:\/\/compuviper.mx\/tienda\/#\/schema\/logo\/image\/\"},\"sameAs\":[\"https:\/\/www.facebook.com\/compuviper\",\"https:\/\/www.youtube.com\/channel\/UCf73dERp9Y3cfOq7q8BhLjA?view_as=subscriber\"]}]}<\/script>\n<meta property=\"product:brand\" content=\"GRANDSTREAM\" \/>\n<meta property=\"product:price:amount\" content=\"684\" \/>\n<meta property=\"product:price:currency\" content=\"MXN\" \/>\n<meta property=\"og:availability\" content=\"out of stock\" \/>\n<meta property=\"product:availability\" content=\"out of stock\" \/>\n<meta property=\"product:retailer_item_id\" content=\"GXP1625\" \/>\n<meta property=\"product:condition\" content=\"new\" \/>\n<!-- \/ Yoast SEO plugin. -->","yoast_head_json":{"title":"[ Grandstream ] &#129351; Gxp1625 Telefono Ip \/ 2 Cuentas Sip 2 Lineas Puertos 10\/100 Conector Rj9 Compatible Con Ehs Pantalla Lcd Retroiluminada Incluye Fuente Poder Y Soporta Poe","description":"Compra Gxp1625 Telefono Ip \/ 2 Cuentas Sip 2 Lineas Puertos 10\/100 Conector Rj9 Compatible Con Ehs Pantalla Lcd Retroiluminada Incluye Fuente Poder Y Soporta Poe + Env\u00edo a domicilio + Pago seguro + Garant\u00eda","robots":{"index":"index","follow":"follow","max-snippet":"max-snippet:-1","max-image-preview":"max-image-preview:large","max-video-preview":"max-video-preview:-1"},"canonical":"https:\/\/compuviper.mx\/tienda\/producto\/grandstream-gxp1625-telefono-ip-2-cuentas-sip-2-lineas-puertos-10-100-conector-rj9-compatible-con-ehs-pantalla-lcd-retroiluminada-incluye-fuente-poder-y-soporta-poe\/","og_locale":"es_MX","og_type":"article","og_title":"[ Grandstream ] &#129351; Gxp1625 Telefono Ip \/ 2 Cuentas Sip 2 Lineas Puertos 10\/100 Conector Rj9 Compatible Con Ehs Pantalla Lcd Retroiluminada Incluye Fuente Poder Y Soporta Poe","og_description":"Compra Gxp1625 Telefono Ip \/ 2 Cuentas Sip 2 Lineas Puertos 10\/100 Conector Rj9 Compatible Con Ehs Pantalla Lcd Retroiluminada Incluye Fuente Poder Y Soporta Poe + Env\u00edo a domicilio + Pago seguro + Garant\u00eda","og_url":"https:\/\/compuviper.mx\/tienda\/producto\/grandstream-gxp1625-telefono-ip-2-cuentas-sip-2-lineas-puertos-10-100-conector-rj9-compatible-con-ehs-pantalla-lcd-retroiluminada-incluye-fuente-poder-y-soporta-poe\/","og_site_name":"Compuviper","article_publisher":"https:\/\/www.facebook.com\/compuviper","og_image":[{"width":200,"height":200,"url":"https:\/\/compuviper.mx\/tienda\/wp-content\/uploads\/2023\/12\/Telefono-ip-grandstream-gxp1625-2-cuentas-sip-2-lineas-puertos-10100-conector-rj9-compatible-con-ehs-pantalla-lcd-retroiluminada-incluye-fuente-poder-y-soporta-poe.jpg","type":"image\/jpeg"}],"twitter_card":"summary_large_image","twitter_misc":{"Precio":"&#36;750 &#36;684 con IVA","Availability":"Out of stock"},"schema":{"@context":"https:\/\/schema.org","@graph":[{"@type":"WebPage","@id":"https:\/\/compuviper.mx\/tienda\/producto\/grandstream-gxp1625-telefono-ip-2-cuentas-sip-2-lineas-puertos-10-100-conector-rj9-compatible-con-ehs-pantalla-lcd-retroiluminada-incluye-fuente-poder-y-soporta-poe\/","url":"https:\/\/compuviper.mx\/tienda\/producto\/grandstream-gxp1625-telefono-ip-2-cuentas-sip-2-lineas-puertos-10-100-conector-rj9-compatible-con-ehs-pantalla-lcd-retroiluminada-incluye-fuente-poder-y-soporta-poe\/","name":"[ Grandstream ] &#129351; Gxp1625 Telefono Ip \/ 2 Cuentas Sip 2 Lineas Puertos 10\/100 Conector Rj9 Compatible Con Ehs Pantalla Lcd Retroiluminada Incluye Fuente Poder Y Soporta Poe","isPartOf":{"@id":"https:\/\/compuviper.mx\/tienda\/#website"},"datePublished":"2026-04-16T08:19:12+00:00","dateModified":"2026-04-16T08:19:12+00:00","description":"Compra Gxp1625 Telefono Ip \/ 2 Cuentas Sip 2 Lineas Puertos 10\/100 Conector Rj9 Compatible Con Ehs Pantalla Lcd Retroiluminada Incluye Fuente Poder Y Soporta Poe + Env\u00edo a domicilio + Pago seguro + Garant\u00eda","breadcrumb":{"@id":"https:\/\/compuviper.mx\/tienda\/producto\/grandstream-gxp1625-telefono-ip-2-cuentas-sip-2-lineas-puertos-10-100-conector-rj9-compatible-con-ehs-pantalla-lcd-retroiluminada-incluye-fuente-poder-y-soporta-poe\/#breadcrumb"},"inLanguage":"es-MX","potentialAction":[{"@type":"ReadAction","target":["https:\/\/compuviper.mx\/tienda\/producto\/grandstream-gxp1625-telefono-ip-2-cuentas-sip-2-lineas-puertos-10-100-conector-rj9-compatible-con-ehs-pantalla-lcd-retroiluminada-incluye-fuente-poder-y-soporta-poe\/"]}]},{"@type":"BreadcrumbList","@id":"https:\/\/compuviper.mx\/tienda\/producto\/grandstream-gxp1625-telefono-ip-2-cuentas-sip-2-lineas-puertos-10-100-conector-rj9-compatible-con-ehs-pantalla-lcd-retroiluminada-incluye-fuente-poder-y-soporta-poe\/#breadcrumb","itemListElement":[{"@type":"ListItem","position":1,"name":"Inicio","item":"https:\/\/compuviper.mx\/tienda\/"},{"@type":"ListItem","position":2,"name":"Productos","item":"https:\/\/compuviper.mx\/tienda\/productos\/"},{"@type":"ListItem","position":3,"name":"Telefonia","item":"https:\/\/compuviper.mx\/tienda\/categoria-producto\/telefonia-2\/"},{"@type":"ListItem","position":4,"name":"Telefono Ip","item":"https:\/\/compuviper.mx\/tienda\/categoria-producto\/telefonia-2\/telefono-ip\/"},{"@type":"ListItem","position":5,"name":"Grandstream Gxp1625 Telefono Ip \/ 2 Cuentas Sip 2 Lineas Puertos 10\/100 Conector Rj9 Compatible Con Ehs Pantalla Lcd Retroiluminada Incluye Fuente Poder Y Soporta Poe"}]},{"@type":"WebSite","@id":"https:\/\/compuviper.mx\/tienda\/#website","url":"https:\/\/compuviper.mx\/tienda\/","name":"Compuviper","description":"Proveedor de Computadoras, Laptops, Servidores, Monitores, Puntos de Venta, Teclados,   Impresoras, T\u00f3ner, C\u00e1maras de Seguridad y m\u00e1s en tu tienda en l\u00ednea","publisher":{"@id":"https:\/\/compuviper.mx\/tienda\/#organization"},"potentialAction":[{"@type":"SearchAction","target":{"@type":"EntryPoint","urlTemplate":"https:\/\/compuviper.mx\/tienda\/?s={search_term_string}"},"query-input":"required name=search_term_string"}],"inLanguage":"es-MX"},{"@type":"Organization","@id":"https:\/\/compuviper.mx\/tienda\/#organization","name":"Compuviper","url":"https:\/\/compuviper.mx\/tienda\/","logo":{"@type":"ImageObject","inLanguage":"es-MX","@id":"https:\/\/compuviper.mx\/tienda\/#\/schema\/logo\/image\/","url":"https:\/\/compuviper.mx\/tienda\/wp-content\/uploads\/2021\/08\/Logo-Compuviper-10.png","contentUrl":"https:\/\/compuviper.mx\/tienda\/wp-content\/uploads\/2021\/08\/Logo-Compuviper-10.png","width":1000,"height":500,"caption":"Compuviper"},"image":{"@id":"https:\/\/compuviper.mx\/tienda\/#\/schema\/logo\/image\/"},"sameAs":["https:\/\/www.facebook.com\/compuviper","https:\/\/www.youtube.com\/channel\/UCf73dERp9Y3cfOq7q8BhLjA?view_as=subscriber"]}]},"product_brand":"GRANDSTREAM","product_price_amount":"684","product_price_currency":"MXN","og_availability":"out of stock","product_availability":"out of stock","product_retailer_item_id":"GXP1625","product_condition":"new"},"_links":{"self":[{"href":"https:\/\/compuviper.mx\/tienda\/wp-json\/wp\/v2\/product\/226961"}],"collection":[{"href":"https:\/\/compuviper.mx\/tienda\/wp-json\/wp\/v2\/product"}],"about":[{"href":"https:\/\/compuviper.mx\/tienda\/wp-json\/wp\/v2\/types\/product"}],"replies":[{"embeddable":true,"href":"https:\/\/compuviper.mx\/tienda\/wp-json\/wp\/v2\/comments?post=226961"}],"wp:featuredmedia":[{"embeddable":true,"href":"https:\/\/compuviper.mx\/tienda\/wp-json\/wp\/v2\/media\/226962"}],"wp:attachment":[{"href":"https:\/\/compuviper.mx\/tienda\/wp-json\/wp\/v2\/media?parent=226961"}],"wp:term":[{"taxonomy":"product_cat","embeddable":true,"href":"https:\/\/compuviper.mx\/tienda\/wp-json\/wp\/v2\/product_cat?post=226961"},{"taxonomy":"product_tag","embeddable":true,"href":"https:\/\/compuviper.mx\/tienda\/wp-json\/wp\/v2\/product_tag?post=226961"}],"curies":[{"name":"wp","href":"https:\/\/api.w.org\/{rel}","templated":true}]}}