{"id":226939,"date":"2026-04-07T02:11:32","date_gmt":"2026-04-07T08:11:32","guid":{"rendered":"https:\/\/compuviper.mx\/tienda\/producto\/synology-clp01-licencia-electronica-clp1-para-gestionar-y-administrar-camaras-ip-en-nas\/"},"modified":"2026-04-07T02:11:32","modified_gmt":"2026-04-07T08:11:32","slug":"synology-clp01-licencia-electronica-clp1-para-gestionar-y-administrar-camaras-ip-en-nas","status":"publish","type":"product","link":"https:\/\/compuviper.mx\/tienda\/producto\/synology-clp01-licencia-electronica-clp1-para-gestionar-y-administrar-camaras-ip-en-nas\/","title":{"rendered":"Synology Clp01 Licencia Electronica  Clp1 Para Gestionar Y Administrar Camaras Ip En Nas"},"content":{"rendered":"<table class=\"descripcion\">\n<tr>\n<td>El paquete de licencia de camara de synology viene en 1 licencia de camara. puede instalar las licencias para activar mas camaras en el servicio synology surveillance station. antes de aplicar la clave de licencia, compruebe el numero maximo de camaras ip que se admiten en su servidor nas de synology.<\/td>\n<\/tr>\n<\/table>\n","protected":false},"excerpt":{"rendered":"<p>El paquete de licencia de camara de synology viene en 1 licencia de camara. Puede instalar las licencias para activar mas camaras en el servicio synology surveillance station. Antes de aplicar la clave de licencia, compruebe el numero maximo de camaras ip que se admiten en su servidor nas de synology. **no se entrega licencia fisica se realiza por correo electronico,<\/p>\n","protected":false},"featured_media":226940,"comment_status":"open","ping_status":"open","template":"","meta":[],"product_cat":[1827,2001],"product_tag":[1561],"acf":[],"yoast_head":"<!-- This site is optimized with the Yoast SEO plugin v21.7 - https:\/\/yoast.com\/wordpress\/plugins\/seo\/ -->\n<title>[ Synology ] &#129351; Clp01 Licencia Electronica Clp1 Para Gestionar Y Administrar Camaras Ip En Nas<\/title>\n<meta name=\"description\" content=\"Compra Clp01 Licencia Electronica Clp1 Para Gestionar Y Administrar Camaras Ip En Nas + Env\u00edo a domicilio + Pago seguro + Garant\u00eda\" \/>\n<meta name=\"robots\" content=\"index, follow, max-snippet:-1, max-image-preview:large, max-video-preview:-1\" \/>\n<link rel=\"canonical\" href=\"https:\/\/compuviper.mx\/tienda\/producto\/synology-clp01-licencia-electronica-clp1-para-gestionar-y-administrar-camaras-ip-en-nas\/\" \/>\n<meta property=\"og:locale\" content=\"es_MX\" \/>\n<meta property=\"og:type\" content=\"article\" \/>\n<meta property=\"og:title\" content=\"[ Synology ] &#129351; Clp01 Licencia Electronica Clp1 Para Gestionar Y Administrar Camaras Ip En Nas\" \/>\n<meta property=\"og:description\" content=\"Compra Clp01 Licencia Electronica Clp1 Para Gestionar Y Administrar Camaras Ip En Nas + Env\u00edo a domicilio + Pago seguro + Garant\u00eda\" \/>\n<meta property=\"og:url\" content=\"https:\/\/compuviper.mx\/tienda\/producto\/synology-clp01-licencia-electronica-clp1-para-gestionar-y-administrar-camaras-ip-en-nas\/\" \/>\n<meta property=\"og:site_name\" content=\"Compuviper\" \/>\n<meta property=\"article:publisher\" content=\"https:\/\/www.facebook.com\/compuviper\" \/>\n<meta property=\"og:image\" content=\"https:\/\/compuviper.mx\/tienda\/wp-content\/uploads\/2023\/12\/Licencia-electronica-synology-clp1-para-gestionar-y-administrar-camaras-ip-en-nas.jpg\" \/>\n\t<meta property=\"og:image:width\" content=\"200\" \/>\n\t<meta property=\"og:image:height\" content=\"200\" \/>\n\t<meta property=\"og:image:type\" content=\"image\/jpeg\" \/>\n<meta name=\"twitter:card\" content=\"summary_large_image\" \/>\n<meta name=\"twitter:label1\" content=\"Precio\" \/>\n\t<meta name=\"twitter:data1\" content=\"&#36;1,244 con IVA\" \/>\n\t<meta name=\"twitter:label2\" content=\"Availability\" \/>\n\t<meta name=\"twitter:data2\" content=\"On backorder\" \/>\n<script type=\"application\/ld+json\" class=\"yoast-schema-graph\">{\"@context\":\"https:\/\/schema.org\",\"@graph\":[{\"@type\":\"WebPage\",\"@id\":\"https:\/\/compuviper.mx\/tienda\/producto\/synology-clp01-licencia-electronica-clp1-para-gestionar-y-administrar-camaras-ip-en-nas\/\",\"url\":\"https:\/\/compuviper.mx\/tienda\/producto\/synology-clp01-licencia-electronica-clp1-para-gestionar-y-administrar-camaras-ip-en-nas\/\",\"name\":\"[ Synology ] &#129351; Clp01 Licencia Electronica Clp1 Para Gestionar Y Administrar Camaras Ip En Nas\",\"isPartOf\":{\"@id\":\"https:\/\/compuviper.mx\/tienda\/#website\"},\"datePublished\":\"2026-04-07T08:11:32+00:00\",\"dateModified\":\"2026-04-07T08:11:32+00:00\",\"description\":\"Compra Clp01 Licencia Electronica Clp1 Para Gestionar Y Administrar Camaras Ip En Nas + Env\u00edo a domicilio + Pago seguro + Garant\u00eda\",\"breadcrumb\":{\"@id\":\"https:\/\/compuviper.mx\/tienda\/producto\/synology-clp01-licencia-electronica-clp1-para-gestionar-y-administrar-camaras-ip-en-nas\/#breadcrumb\"},\"inLanguage\":\"es-MX\",\"potentialAction\":[{\"@type\":\"ReadAction\",\"target\":[\"https:\/\/compuviper.mx\/tienda\/producto\/synology-clp01-licencia-electronica-clp1-para-gestionar-y-administrar-camaras-ip-en-nas\/\"]}]},{\"@type\":\"BreadcrumbList\",\"@id\":\"https:\/\/compuviper.mx\/tienda\/producto\/synology-clp01-licencia-electronica-clp1-para-gestionar-y-administrar-camaras-ip-en-nas\/#breadcrumb\",\"itemListElement\":[{\"@type\":\"ListItem\",\"position\":1,\"name\":\"Inicio\",\"item\":\"https:\/\/compuviper.mx\/tienda\/\"},{\"@type\":\"ListItem\",\"position\":2,\"name\":\"Productos\",\"item\":\"https:\/\/compuviper.mx\/tienda\/productos\/\"},{\"@type\":\"ListItem\",\"position\":3,\"name\":\"Software\",\"item\":\"https:\/\/compuviper.mx\/tienda\/categoria-producto\/software\/\"},{\"@type\":\"ListItem\",\"position\":4,\"name\":\"Licenciamiento Electronico\",\"item\":\"https:\/\/compuviper.mx\/tienda\/categoria-producto\/software\/licenciamiento-electronico\/\"},{\"@type\":\"ListItem\",\"position\":5,\"name\":\"Synology Clp01 Licencia Electronica Clp1 Para Gestionar Y Administrar Camaras Ip En Nas\"}]},{\"@type\":\"WebSite\",\"@id\":\"https:\/\/compuviper.mx\/tienda\/#website\",\"url\":\"https:\/\/compuviper.mx\/tienda\/\",\"name\":\"Compuviper\",\"description\":\"Proveedor de Computadoras, Laptops, Servidores, Monitores, Puntos de Venta, Teclados,   Impresoras, T\u00f3ner, C\u00e1maras de Seguridad y m\u00e1s en tu tienda en l\u00ednea\",\"publisher\":{\"@id\":\"https:\/\/compuviper.mx\/tienda\/#organization\"},\"potentialAction\":[{\"@type\":\"SearchAction\",\"target\":{\"@type\":\"EntryPoint\",\"urlTemplate\":\"https:\/\/compuviper.mx\/tienda\/?s={search_term_string}\"},\"query-input\":\"required name=search_term_string\"}],\"inLanguage\":\"es-MX\"},{\"@type\":\"Organization\",\"@id\":\"https:\/\/compuviper.mx\/tienda\/#organization\",\"name\":\"Compuviper\",\"url\":\"https:\/\/compuviper.mx\/tienda\/\",\"logo\":{\"@type\":\"ImageObject\",\"inLanguage\":\"es-MX\",\"@id\":\"https:\/\/compuviper.mx\/tienda\/#\/schema\/logo\/image\/\",\"url\":\"https:\/\/compuviper.mx\/tienda\/wp-content\/uploads\/2021\/08\/Logo-Compuviper-10.png\",\"contentUrl\":\"https:\/\/compuviper.mx\/tienda\/wp-content\/uploads\/2021\/08\/Logo-Compuviper-10.png\",\"width\":1000,\"height\":500,\"caption\":\"Compuviper\"},\"image\":{\"@id\":\"https:\/\/compuviper.mx\/tienda\/#\/schema\/logo\/image\/\"},\"sameAs\":[\"https:\/\/www.facebook.com\/compuviper\",\"https:\/\/www.youtube.com\/channel\/UCf73dERp9Y3cfOq7q8BhLjA?view_as=subscriber\"]}]}<\/script>\n<meta property=\"product:brand\" content=\"SYNOLOGY\" \/>\n<meta property=\"product:price:amount\" content=\"1244\" \/>\n<meta property=\"product:price:currency\" content=\"MXN\" \/>\n<meta property=\"og:availability\" content=\"backorder\" \/>\n<meta property=\"product:availability\" content=\"available for order\" \/>\n<meta property=\"product:retailer_item_id\" content=\"CLP01\" \/>\n<meta property=\"product:condition\" content=\"new\" \/>\n<!-- \/ Yoast SEO plugin. -->","yoast_head_json":{"title":"[ Synology ] &#129351; Clp01 Licencia Electronica Clp1 Para Gestionar Y Administrar Camaras Ip En Nas","description":"Compra Clp01 Licencia Electronica Clp1 Para Gestionar Y Administrar Camaras Ip En Nas + Env\u00edo a domicilio + Pago seguro + Garant\u00eda","robots":{"index":"index","follow":"follow","max-snippet":"max-snippet:-1","max-image-preview":"max-image-preview:large","max-video-preview":"max-video-preview:-1"},"canonical":"https:\/\/compuviper.mx\/tienda\/producto\/synology-clp01-licencia-electronica-clp1-para-gestionar-y-administrar-camaras-ip-en-nas\/","og_locale":"es_MX","og_type":"article","og_title":"[ Synology ] &#129351; Clp01 Licencia Electronica Clp1 Para Gestionar Y Administrar Camaras Ip En Nas","og_description":"Compra Clp01 Licencia Electronica Clp1 Para Gestionar Y Administrar Camaras Ip En Nas + Env\u00edo a domicilio + Pago seguro + Garant\u00eda","og_url":"https:\/\/compuviper.mx\/tienda\/producto\/synology-clp01-licencia-electronica-clp1-para-gestionar-y-administrar-camaras-ip-en-nas\/","og_site_name":"Compuviper","article_publisher":"https:\/\/www.facebook.com\/compuviper","og_image":[{"width":200,"height":200,"url":"https:\/\/compuviper.mx\/tienda\/wp-content\/uploads\/2023\/12\/Licencia-electronica-synology-clp1-para-gestionar-y-administrar-camaras-ip-en-nas.jpg","type":"image\/jpeg"}],"twitter_card":"summary_large_image","twitter_misc":{"Precio":"&#36;1,244 con IVA","Availability":"On backorder"},"schema":{"@context":"https:\/\/schema.org","@graph":[{"@type":"WebPage","@id":"https:\/\/compuviper.mx\/tienda\/producto\/synology-clp01-licencia-electronica-clp1-para-gestionar-y-administrar-camaras-ip-en-nas\/","url":"https:\/\/compuviper.mx\/tienda\/producto\/synology-clp01-licencia-electronica-clp1-para-gestionar-y-administrar-camaras-ip-en-nas\/","name":"[ Synology ] &#129351; Clp01 Licencia Electronica Clp1 Para Gestionar Y Administrar Camaras Ip En Nas","isPartOf":{"@id":"https:\/\/compuviper.mx\/tienda\/#website"},"datePublished":"2026-04-07T08:11:32+00:00","dateModified":"2026-04-07T08:11:32+00:00","description":"Compra Clp01 Licencia Electronica Clp1 Para Gestionar Y Administrar Camaras Ip En Nas + Env\u00edo a domicilio + Pago seguro + Garant\u00eda","breadcrumb":{"@id":"https:\/\/compuviper.mx\/tienda\/producto\/synology-clp01-licencia-electronica-clp1-para-gestionar-y-administrar-camaras-ip-en-nas\/#breadcrumb"},"inLanguage":"es-MX","potentialAction":[{"@type":"ReadAction","target":["https:\/\/compuviper.mx\/tienda\/producto\/synology-clp01-licencia-electronica-clp1-para-gestionar-y-administrar-camaras-ip-en-nas\/"]}]},{"@type":"BreadcrumbList","@id":"https:\/\/compuviper.mx\/tienda\/producto\/synology-clp01-licencia-electronica-clp1-para-gestionar-y-administrar-camaras-ip-en-nas\/#breadcrumb","itemListElement":[{"@type":"ListItem","position":1,"name":"Inicio","item":"https:\/\/compuviper.mx\/tienda\/"},{"@type":"ListItem","position":2,"name":"Productos","item":"https:\/\/compuviper.mx\/tienda\/productos\/"},{"@type":"ListItem","position":3,"name":"Software","item":"https:\/\/compuviper.mx\/tienda\/categoria-producto\/software\/"},{"@type":"ListItem","position":4,"name":"Licenciamiento Electronico","item":"https:\/\/compuviper.mx\/tienda\/categoria-producto\/software\/licenciamiento-electronico\/"},{"@type":"ListItem","position":5,"name":"Synology Clp01 Licencia Electronica Clp1 Para Gestionar Y Administrar Camaras Ip En Nas"}]},{"@type":"WebSite","@id":"https:\/\/compuviper.mx\/tienda\/#website","url":"https:\/\/compuviper.mx\/tienda\/","name":"Compuviper","description":"Proveedor de Computadoras, Laptops, Servidores, Monitores, Puntos de Venta, Teclados,   Impresoras, T\u00f3ner, C\u00e1maras de Seguridad y m\u00e1s en tu tienda en l\u00ednea","publisher":{"@id":"https:\/\/compuviper.mx\/tienda\/#organization"},"potentialAction":[{"@type":"SearchAction","target":{"@type":"EntryPoint","urlTemplate":"https:\/\/compuviper.mx\/tienda\/?s={search_term_string}"},"query-input":"required name=search_term_string"}],"inLanguage":"es-MX"},{"@type":"Organization","@id":"https:\/\/compuviper.mx\/tienda\/#organization","name":"Compuviper","url":"https:\/\/compuviper.mx\/tienda\/","logo":{"@type":"ImageObject","inLanguage":"es-MX","@id":"https:\/\/compuviper.mx\/tienda\/#\/schema\/logo\/image\/","url":"https:\/\/compuviper.mx\/tienda\/wp-content\/uploads\/2021\/08\/Logo-Compuviper-10.png","contentUrl":"https:\/\/compuviper.mx\/tienda\/wp-content\/uploads\/2021\/08\/Logo-Compuviper-10.png","width":1000,"height":500,"caption":"Compuviper"},"image":{"@id":"https:\/\/compuviper.mx\/tienda\/#\/schema\/logo\/image\/"},"sameAs":["https:\/\/www.facebook.com\/compuviper","https:\/\/www.youtube.com\/channel\/UCf73dERp9Y3cfOq7q8BhLjA?view_as=subscriber"]}]},"product_brand":"SYNOLOGY","product_price_amount":"1244","product_price_currency":"MXN","og_availability":"backorder","product_availability":"available for order","product_retailer_item_id":"CLP01","product_condition":"new"},"_links":{"self":[{"href":"https:\/\/compuviper.mx\/tienda\/wp-json\/wp\/v2\/product\/226939"}],"collection":[{"href":"https:\/\/compuviper.mx\/tienda\/wp-json\/wp\/v2\/product"}],"about":[{"href":"https:\/\/compuviper.mx\/tienda\/wp-json\/wp\/v2\/types\/product"}],"replies":[{"embeddable":true,"href":"https:\/\/compuviper.mx\/tienda\/wp-json\/wp\/v2\/comments?post=226939"}],"wp:featuredmedia":[{"embeddable":true,"href":"https:\/\/compuviper.mx\/tienda\/wp-json\/wp\/v2\/media\/226940"}],"wp:attachment":[{"href":"https:\/\/compuviper.mx\/tienda\/wp-json\/wp\/v2\/media?parent=226939"}],"wp:term":[{"taxonomy":"product_cat","embeddable":true,"href":"https:\/\/compuviper.mx\/tienda\/wp-json\/wp\/v2\/product_cat?post=226939"},{"taxonomy":"product_tag","embeddable":true,"href":"https:\/\/compuviper.mx\/tienda\/wp-json\/wp\/v2\/product_tag?post=226939"}],"curies":[{"name":"wp","href":"https:\/\/api.w.org\/{rel}","templated":true}]}}