{"id":226926,"date":"2026-04-02T02:14:39","date_gmt":"2026-04-02T08:14:39","guid":{"rendered":"https:\/\/compuviper.mx\/tienda\/producto\/norton-21443269-identity-advisor-plus-1-dispositivo-1-ao-caja\/"},"modified":"2026-04-02T02:14:40","modified_gmt":"2026-04-02T08:14:40","slug":"norton-21443269-identity-advisor-plus-1-dispositivo-1-ao-caja","status":"publish","type":"product","link":"https:\/\/compuviper.mx\/tienda\/producto\/norton-21443269-identity-advisor-plus-1-dispositivo-1-ao-caja\/","title":{"rendered":"Norton 21443269  Identity Advisor Plus 1 Dispositivo \/ 1 A?o (caja)"},"content":{"rendered":"<table class=\"descripcion\">\n<tr>\n<td>Norton identity advisor plus para 1 cuenta: aplicacin y sitio web accesibles en dispositivos ilimitados<\/td>\n<\/tr>\n<tr>\n<td>Para equipos pc con windows y mac<\/td>\n<\/tr>\n<tr>\n<td>Navegadores compatibles<\/td>\n<\/tr>\n<tr>\n<td>Chrome v49 y posterior<\/td>\n<\/tr>\n<tr>\n<td>Edge v17 y posterior<\/td>\n<\/tr>\n<tr>\n<td>Firefox v51 y posterior<\/td>\n<\/tr>\n<tr>\n<td>Opera v36 y posterior<\/td>\n<\/tr>\n<tr>\n<td>Safari v11 y posterior<\/td>\n<\/tr>\n<tr>\n<td>Compatibilidad con la aplicacin<\/td>\n<\/tr>\n<tr>\n<td>Ios 13.0 y posterior<\/td>\n<\/tr>\n<tr>\n<td>Android 8 y posterior<\/td>\n<\/tr>\n<\/table>\n","protected":false},"excerpt":{"rendered":"<p>Incluye funciones de proteccin de la identidad para ayudarte a monitorear y responder a las amenazas a la identidad, \u00a1y ahora viene con herramientas para mantener el control sobre tu salud financiera. Soporte para la restauracin de identidad. Un especialista en restauracin de identidad te guiar en el proceso de restauracin de principio a fin. Dark web monitoring. Dark web monitoring busca continuamente tu informacin personal en la web oscura y foros privados y te enva notificaciones en caso de encontrarla. Supervisin de redes sociales. Monitoreamos tus cuentas en las redes sociales ms populares y te notificamos de cualquier actividad sospechosa. Gestor de contraseas. Ayuda a proteger tus inicios de sesin y mucho ms en nuestro depsito cifrado en lnea. Crea contraseas complejas cuando las necesites. Asistencia por robo de billetera. En caso de que te roben tu billetera, te brinda orientacin sobre cmo cancelar y reemplazar elementos importantes en ella, como licencias de conducir, tarjetas de crdito y ms.<\/p>\n","protected":false},"featured_media":243541,"comment_status":"open","ping_status":"open","template":"","meta":[],"product_cat":[1828,1827],"product_tag":[2040],"acf":[],"yoast_head":"<!-- This site is optimized with the Yoast SEO plugin v21.7 - https:\/\/yoast.com\/wordpress\/plugins\/seo\/ -->\n<title>[ Norton ] &#129351; 21443269 Identity Advisor Plus 1 Dispositivo \/ 1 A\u00f1o (caja)<\/title>\n<meta name=\"description\" content=\"Compra 21443269 Identity Advisor Plus 1 Dispositivo \/ 1 A\u00f1o (caja) + Env\u00edo a domicilio + Pago seguro + Garant\u00eda\" \/>\n<meta name=\"robots\" content=\"index, follow, max-snippet:-1, max-image-preview:large, max-video-preview:-1\" \/>\n<link rel=\"canonical\" href=\"https:\/\/compuviper.mx\/tienda\/producto\/norton-21443269-identity-advisor-plus-1-dispositivo-1-ao-caja\/\" \/>\n<meta property=\"og:locale\" content=\"es_MX\" \/>\n<meta property=\"og:type\" content=\"article\" \/>\n<meta property=\"og:title\" content=\"[ Norton ] &#129351; 21443269 Identity Advisor Plus 1 Dispositivo \/ 1 A\u00f1o (caja)\" \/>\n<meta property=\"og:description\" content=\"Compra 21443269 Identity Advisor Plus 1 Dispositivo \/ 1 A\u00f1o (caja) + Env\u00edo a domicilio + Pago seguro + Garant\u00eda\" \/>\n<meta property=\"og:url\" content=\"https:\/\/compuviper.mx\/tienda\/producto\/norton-21443269-identity-advisor-plus-1-dispositivo-1-ao-caja\/\" \/>\n<meta property=\"og:site_name\" content=\"Compuviper\" \/>\n<meta property=\"article:publisher\" content=\"https:\/\/www.facebook.com\/compuviper\" \/>\n<meta property=\"article:modified_time\" content=\"2026-04-02T08:14:40+00:00\" \/>\n<meta property=\"og:image\" content=\"https:\/\/compuviper.mx\/tienda\/wp-content\/uploads\/2024\/09\/Norton-identity-advisor-plus-1-dispositivo-1-ano-caja.jpg\" \/>\n\t<meta property=\"og:image:width\" content=\"200\" \/>\n\t<meta property=\"og:image:height\" content=\"200\" \/>\n\t<meta property=\"og:image:type\" content=\"image\/jpeg\" \/>\n<meta name=\"twitter:card\" content=\"summary_large_image\" \/>\n<meta name=\"twitter:label1\" content=\"Precio\" \/>\n\t<meta name=\"twitter:data1\" content=\"&#36;311 &#36;218 con IVA\" \/>\n\t<meta name=\"twitter:label2\" content=\"Availability\" \/>\n\t<meta name=\"twitter:data2\" content=\"On backorder\" \/>\n<script type=\"application\/ld+json\" class=\"yoast-schema-graph\">{\"@context\":\"https:\/\/schema.org\",\"@graph\":[{\"@type\":\"WebPage\",\"@id\":\"https:\/\/compuviper.mx\/tienda\/producto\/norton-21443269-identity-advisor-plus-1-dispositivo-1-ao-caja\/\",\"url\":\"https:\/\/compuviper.mx\/tienda\/producto\/norton-21443269-identity-advisor-plus-1-dispositivo-1-ao-caja\/\",\"name\":\"[ Norton ] &#129351; 21443269 Identity Advisor Plus 1 Dispositivo \/ 1 A\u00f1o (caja)\",\"isPartOf\":{\"@id\":\"https:\/\/compuviper.mx\/tienda\/#website\"},\"datePublished\":\"2026-04-02T08:14:39+00:00\",\"dateModified\":\"2026-04-02T08:14:40+00:00\",\"description\":\"Compra 21443269 Identity Advisor Plus 1 Dispositivo \/ 1 A\u00f1o (caja) + Env\u00edo a domicilio + Pago seguro + Garant\u00eda\",\"breadcrumb\":{\"@id\":\"https:\/\/compuviper.mx\/tienda\/producto\/norton-21443269-identity-advisor-plus-1-dispositivo-1-ao-caja\/#breadcrumb\"},\"inLanguage\":\"es-MX\",\"potentialAction\":[{\"@type\":\"ReadAction\",\"target\":[\"https:\/\/compuviper.mx\/tienda\/producto\/norton-21443269-identity-advisor-plus-1-dispositivo-1-ao-caja\/\"]}]},{\"@type\":\"BreadcrumbList\",\"@id\":\"https:\/\/compuviper.mx\/tienda\/producto\/norton-21443269-identity-advisor-plus-1-dispositivo-1-ao-caja\/#breadcrumb\",\"itemListElement\":[{\"@type\":\"ListItem\",\"position\":1,\"name\":\"Inicio\",\"item\":\"https:\/\/compuviper.mx\/tienda\/\"},{\"@type\":\"ListItem\",\"position\":2,\"name\":\"Productos\",\"item\":\"https:\/\/compuviper.mx\/tienda\/productos\/\"},{\"@type\":\"ListItem\",\"position\":3,\"name\":\"Software\",\"item\":\"https:\/\/compuviper.mx\/tienda\/categoria-producto\/software\/\"},{\"@type\":\"ListItem\",\"position\":4,\"name\":\"Licenciamiento Caja\",\"item\":\"https:\/\/compuviper.mx\/tienda\/categoria-producto\/software\/licenciamiento-caja\/\"},{\"@type\":\"ListItem\",\"position\":5,\"name\":\"Norton 21443269 Identity Advisor Plus 1 Dispositivo \/ 1 A?o (caja)\"}]},{\"@type\":\"WebSite\",\"@id\":\"https:\/\/compuviper.mx\/tienda\/#website\",\"url\":\"https:\/\/compuviper.mx\/tienda\/\",\"name\":\"Compuviper\",\"description\":\"Proveedor de Computadoras, Laptops, Servidores, Monitores, Puntos de Venta, Teclados,   Impresoras, T\u00f3ner, C\u00e1maras de Seguridad y m\u00e1s en tu tienda en l\u00ednea\",\"publisher\":{\"@id\":\"https:\/\/compuviper.mx\/tienda\/#organization\"},\"potentialAction\":[{\"@type\":\"SearchAction\",\"target\":{\"@type\":\"EntryPoint\",\"urlTemplate\":\"https:\/\/compuviper.mx\/tienda\/?s={search_term_string}\"},\"query-input\":\"required name=search_term_string\"}],\"inLanguage\":\"es-MX\"},{\"@type\":\"Organization\",\"@id\":\"https:\/\/compuviper.mx\/tienda\/#organization\",\"name\":\"Compuviper\",\"url\":\"https:\/\/compuviper.mx\/tienda\/\",\"logo\":{\"@type\":\"ImageObject\",\"inLanguage\":\"es-MX\",\"@id\":\"https:\/\/compuviper.mx\/tienda\/#\/schema\/logo\/image\/\",\"url\":\"https:\/\/compuviper.mx\/tienda\/wp-content\/uploads\/2021\/08\/Logo-Compuviper-10.png\",\"contentUrl\":\"https:\/\/compuviper.mx\/tienda\/wp-content\/uploads\/2021\/08\/Logo-Compuviper-10.png\",\"width\":1000,\"height\":500,\"caption\":\"Compuviper\"},\"image\":{\"@id\":\"https:\/\/compuviper.mx\/tienda\/#\/schema\/logo\/image\/\"},\"sameAs\":[\"https:\/\/www.facebook.com\/compuviper\",\"https:\/\/www.youtube.com\/channel\/UCf73dERp9Y3cfOq7q8BhLjA?view_as=subscriber\"]}]}<\/script>\n<meta property=\"product:brand\" content=\"NORTON\" \/>\n<meta property=\"product:price:amount\" content=\"218\" \/>\n<meta property=\"product:price:currency\" content=\"MXN\" \/>\n<meta property=\"og:availability\" content=\"backorder\" \/>\n<meta property=\"product:availability\" content=\"available for order\" \/>\n<meta property=\"product:retailer_item_id\" content=\"21443269\" \/>\n<meta property=\"product:condition\" content=\"new\" \/>\n<!-- \/ Yoast SEO plugin. -->","yoast_head_json":{"title":"[ Norton ] &#129351; 21443269 Identity Advisor Plus 1 Dispositivo \/ 1 A\u00f1o (caja)","description":"Compra 21443269 Identity Advisor Plus 1 Dispositivo \/ 1 A\u00f1o (caja) + Env\u00edo a domicilio + Pago seguro + Garant\u00eda","robots":{"index":"index","follow":"follow","max-snippet":"max-snippet:-1","max-image-preview":"max-image-preview:large","max-video-preview":"max-video-preview:-1"},"canonical":"https:\/\/compuviper.mx\/tienda\/producto\/norton-21443269-identity-advisor-plus-1-dispositivo-1-ao-caja\/","og_locale":"es_MX","og_type":"article","og_title":"[ Norton ] &#129351; 21443269 Identity Advisor Plus 1 Dispositivo \/ 1 A\u00f1o (caja)","og_description":"Compra 21443269 Identity Advisor Plus 1 Dispositivo \/ 1 A\u00f1o (caja) + Env\u00edo a domicilio + Pago seguro + Garant\u00eda","og_url":"https:\/\/compuviper.mx\/tienda\/producto\/norton-21443269-identity-advisor-plus-1-dispositivo-1-ao-caja\/","og_site_name":"Compuviper","article_publisher":"https:\/\/www.facebook.com\/compuviper","article_modified_time":"2026-04-02T08:14:40+00:00","og_image":[{"width":200,"height":200,"url":"https:\/\/compuviper.mx\/tienda\/wp-content\/uploads\/2024\/09\/Norton-identity-advisor-plus-1-dispositivo-1-ano-caja.jpg","type":"image\/jpeg"}],"twitter_card":"summary_large_image","twitter_misc":{"Precio":"&#36;311 &#36;218 con IVA","Availability":"On backorder"},"schema":{"@context":"https:\/\/schema.org","@graph":[{"@type":"WebPage","@id":"https:\/\/compuviper.mx\/tienda\/producto\/norton-21443269-identity-advisor-plus-1-dispositivo-1-ao-caja\/","url":"https:\/\/compuviper.mx\/tienda\/producto\/norton-21443269-identity-advisor-plus-1-dispositivo-1-ao-caja\/","name":"[ Norton ] &#129351; 21443269 Identity Advisor Plus 1 Dispositivo \/ 1 A\u00f1o (caja)","isPartOf":{"@id":"https:\/\/compuviper.mx\/tienda\/#website"},"datePublished":"2026-04-02T08:14:39+00:00","dateModified":"2026-04-02T08:14:40+00:00","description":"Compra 21443269 Identity Advisor Plus 1 Dispositivo \/ 1 A\u00f1o (caja) + Env\u00edo a domicilio + Pago seguro + Garant\u00eda","breadcrumb":{"@id":"https:\/\/compuviper.mx\/tienda\/producto\/norton-21443269-identity-advisor-plus-1-dispositivo-1-ao-caja\/#breadcrumb"},"inLanguage":"es-MX","potentialAction":[{"@type":"ReadAction","target":["https:\/\/compuviper.mx\/tienda\/producto\/norton-21443269-identity-advisor-plus-1-dispositivo-1-ao-caja\/"]}]},{"@type":"BreadcrumbList","@id":"https:\/\/compuviper.mx\/tienda\/producto\/norton-21443269-identity-advisor-plus-1-dispositivo-1-ao-caja\/#breadcrumb","itemListElement":[{"@type":"ListItem","position":1,"name":"Inicio","item":"https:\/\/compuviper.mx\/tienda\/"},{"@type":"ListItem","position":2,"name":"Productos","item":"https:\/\/compuviper.mx\/tienda\/productos\/"},{"@type":"ListItem","position":3,"name":"Software","item":"https:\/\/compuviper.mx\/tienda\/categoria-producto\/software\/"},{"@type":"ListItem","position":4,"name":"Licenciamiento Caja","item":"https:\/\/compuviper.mx\/tienda\/categoria-producto\/software\/licenciamiento-caja\/"},{"@type":"ListItem","position":5,"name":"Norton 21443269 Identity Advisor Plus 1 Dispositivo \/ 1 A?o (caja)"}]},{"@type":"WebSite","@id":"https:\/\/compuviper.mx\/tienda\/#website","url":"https:\/\/compuviper.mx\/tienda\/","name":"Compuviper","description":"Proveedor de Computadoras, Laptops, Servidores, Monitores, Puntos de Venta, Teclados,   Impresoras, T\u00f3ner, C\u00e1maras de Seguridad y m\u00e1s en tu tienda en l\u00ednea","publisher":{"@id":"https:\/\/compuviper.mx\/tienda\/#organization"},"potentialAction":[{"@type":"SearchAction","target":{"@type":"EntryPoint","urlTemplate":"https:\/\/compuviper.mx\/tienda\/?s={search_term_string}"},"query-input":"required name=search_term_string"}],"inLanguage":"es-MX"},{"@type":"Organization","@id":"https:\/\/compuviper.mx\/tienda\/#organization","name":"Compuviper","url":"https:\/\/compuviper.mx\/tienda\/","logo":{"@type":"ImageObject","inLanguage":"es-MX","@id":"https:\/\/compuviper.mx\/tienda\/#\/schema\/logo\/image\/","url":"https:\/\/compuviper.mx\/tienda\/wp-content\/uploads\/2021\/08\/Logo-Compuviper-10.png","contentUrl":"https:\/\/compuviper.mx\/tienda\/wp-content\/uploads\/2021\/08\/Logo-Compuviper-10.png","width":1000,"height":500,"caption":"Compuviper"},"image":{"@id":"https:\/\/compuviper.mx\/tienda\/#\/schema\/logo\/image\/"},"sameAs":["https:\/\/www.facebook.com\/compuviper","https:\/\/www.youtube.com\/channel\/UCf73dERp9Y3cfOq7q8BhLjA?view_as=subscriber"]}]},"product_brand":"NORTON","product_price_amount":"218","product_price_currency":"MXN","og_availability":"backorder","product_availability":"available for order","product_retailer_item_id":"21443269","product_condition":"new"},"_links":{"self":[{"href":"https:\/\/compuviper.mx\/tienda\/wp-json\/wp\/v2\/product\/226926"}],"collection":[{"href":"https:\/\/compuviper.mx\/tienda\/wp-json\/wp\/v2\/product"}],"about":[{"href":"https:\/\/compuviper.mx\/tienda\/wp-json\/wp\/v2\/types\/product"}],"replies":[{"embeddable":true,"href":"https:\/\/compuviper.mx\/tienda\/wp-json\/wp\/v2\/comments?post=226926"}],"wp:featuredmedia":[{"embeddable":true,"href":"https:\/\/compuviper.mx\/tienda\/wp-json\/wp\/v2\/media\/243541"}],"wp:attachment":[{"href":"https:\/\/compuviper.mx\/tienda\/wp-json\/wp\/v2\/media?parent=226926"}],"wp:term":[{"taxonomy":"product_cat","embeddable":true,"href":"https:\/\/compuviper.mx\/tienda\/wp-json\/wp\/v2\/product_cat?post=226926"},{"taxonomy":"product_tag","embeddable":true,"href":"https:\/\/compuviper.mx\/tienda\/wp-json\/wp\/v2\/product_tag?post=226926"}],"curies":[{"name":"wp","href":"https:\/\/api.w.org\/{rel}","templated":true}]}}