{"id":226923,"date":"2026-04-07T02:03:39","date_gmt":"2026-04-07T08:03:39","guid":{"rendered":"https:\/\/compuviper.mx\/tienda\/producto\/aspel-caja-12mv-caja-1-usr-1-empresa-anual-con-timbrado-ilimitado-electronico\/"},"modified":"2026-04-07T02:03:39","modified_gmt":"2026-04-07T08:03:39","slug":"aspel-caja-12mv-caja-1-usr-1-empresa-anual-con-timbrado-ilimitado-electronico","status":"publish","type":"product","link":"https:\/\/compuviper.mx\/tienda\/producto\/aspel-caja-12mv-caja-1-usr-1-empresa-anual-con-timbrado-ilimitado-electronico\/","title":{"rendered":"Aspel Caja 12mv  Caja 1 Usr \/ 1 Empresa Anual Con Timbrado Ilimitado &#8211; Electronico"},"content":{"rendered":"<table class=\"descripcion\">\n<tr>\n<td>Requerimientos del sistema:<\/td>\n<\/tr>\n<tr>\n<td>\u0095 procesador 32 bits (x86) o 64 bits (x64) core 2 de 2 ghz.<\/td>\n<\/tr>\n<tr>\n<td>\u0095 2 gb de ram.<\/td>\n<\/tr>\n<tr>\n<td>\u0095 530 mb de espacio libre en disco duro.<\/td>\n<\/tr>\n<tr>\n<td>\u0095 microsoft windows\u00ae 8.1 y 10.<\/td>\n<\/tr>\n<tr>\n<td>\u0095 microsoft windows server\u00ae 2012, 2016 y 2019.<\/td>\n<\/tr>\n<tr>\n<td>Es recomendable el uso de sistemas con versiones profesionales de windows.<\/td>\n<\/tr>\n<tr>\n<td>*considerar que los requerimientos del sistema operativo pueden ser mayores.<\/td>\n<\/tr>\n<tr>\n<td>Tipo de usuario: disponible para monousuario y multiusuario.<\/td>\n<\/tr>\n<\/table>\n","protected":false},"excerpt":{"rendered":"<p>Aspel caja controla, administra y agiliza las operaciones de ventas, facturaci\u00f3n e inventarios de uno o varios comercios, convirtiendo una computadora en un punto de venta capaz de operar con impresoras de tickets, cajones de dinero, b\u00e1sculas, lectores \u00f3pticos de c\u00f3digo de barras, lectores de tarjetas de cr\u00e9dito y pantallas t\u00e1ctiles.<\/p>\n","protected":false},"featured_media":243538,"comment_status":"open","ping_status":"open","template":"","meta":[],"product_cat":[1827,1828],"product_tag":[1875],"acf":[],"yoast_head":"<!-- This site is optimized with the Yoast SEO plugin v21.7 - https:\/\/yoast.com\/wordpress\/plugins\/seo\/ -->\n<title>[ Aspel ] &#129351; Caja 12mv Caja 1 Usr \/ 1 Empresa Anual Con Timbrado Ilimitado - Electronico<\/title>\n<meta name=\"description\" content=\"Compra Caja 12mv Caja 1 Usr \/ 1 Empresa Anual Con Timbrado Ilimitado - Electronico + Env\u00edo a domicilio + Pago seguro + Garant\u00eda\" \/>\n<meta name=\"robots\" content=\"index, follow, max-snippet:-1, max-image-preview:large, max-video-preview:-1\" \/>\n<link rel=\"canonical\" href=\"https:\/\/compuviper.mx\/tienda\/producto\/aspel-caja-12mv-caja-1-usr-1-empresa-anual-con-timbrado-ilimitado-electronico\/\" \/>\n<meta property=\"og:locale\" content=\"es_MX\" \/>\n<meta property=\"og:type\" content=\"article\" \/>\n<meta property=\"og:title\" content=\"[ Aspel ] &#129351; Caja 12mv Caja 1 Usr \/ 1 Empresa Anual Con Timbrado Ilimitado - Electronico\" \/>\n<meta property=\"og:description\" content=\"Compra Caja 12mv Caja 1 Usr \/ 1 Empresa Anual Con Timbrado Ilimitado - Electronico + Env\u00edo a domicilio + Pago seguro + Garant\u00eda\" \/>\n<meta property=\"og:url\" content=\"https:\/\/compuviper.mx\/tienda\/producto\/aspel-caja-12mv-caja-1-usr-1-empresa-anual-con-timbrado-ilimitado-electronico\/\" \/>\n<meta property=\"og:site_name\" content=\"Compuviper\" \/>\n<meta property=\"article:publisher\" content=\"https:\/\/www.facebook.com\/compuviper\" \/>\n<meta property=\"og:image\" content=\"https:\/\/compuviper.mx\/tienda\/wp-content\/uploads\/2024\/09\/Aspel-caja-1-usr-1-empresa-anual-con-timbrado-ilimitado-electronico.jpg\" \/>\n\t<meta property=\"og:image:width\" content=\"200\" \/>\n\t<meta property=\"og:image:height\" content=\"200\" \/>\n\t<meta property=\"og:image:type\" content=\"image\/jpeg\" \/>\n<meta name=\"twitter:card\" content=\"summary_large_image\" \/>\n<meta name=\"twitter:label1\" content=\"Precio\" \/>\n\t<meta name=\"twitter:data1\" content=\"&#36;2,563 con IVA\" \/>\n\t<meta name=\"twitter:label2\" content=\"Availability\" \/>\n\t<meta name=\"twitter:data2\" content=\"On backorder\" \/>\n<script type=\"application\/ld+json\" class=\"yoast-schema-graph\">{\"@context\":\"https:\/\/schema.org\",\"@graph\":[{\"@type\":\"WebPage\",\"@id\":\"https:\/\/compuviper.mx\/tienda\/producto\/aspel-caja-12mv-caja-1-usr-1-empresa-anual-con-timbrado-ilimitado-electronico\/\",\"url\":\"https:\/\/compuviper.mx\/tienda\/producto\/aspel-caja-12mv-caja-1-usr-1-empresa-anual-con-timbrado-ilimitado-electronico\/\",\"name\":\"[ Aspel ] &#129351; Caja 12mv Caja 1 Usr \/ 1 Empresa Anual Con Timbrado Ilimitado - Electronico\",\"isPartOf\":{\"@id\":\"https:\/\/compuviper.mx\/tienda\/#website\"},\"datePublished\":\"2026-04-07T08:03:39+00:00\",\"dateModified\":\"2026-04-07T08:03:39+00:00\",\"description\":\"Compra Caja 12mv Caja 1 Usr \/ 1 Empresa Anual Con Timbrado Ilimitado - Electronico + Env\u00edo a domicilio + Pago seguro + Garant\u00eda\",\"breadcrumb\":{\"@id\":\"https:\/\/compuviper.mx\/tienda\/producto\/aspel-caja-12mv-caja-1-usr-1-empresa-anual-con-timbrado-ilimitado-electronico\/#breadcrumb\"},\"inLanguage\":\"es-MX\",\"potentialAction\":[{\"@type\":\"ReadAction\",\"target\":[\"https:\/\/compuviper.mx\/tienda\/producto\/aspel-caja-12mv-caja-1-usr-1-empresa-anual-con-timbrado-ilimitado-electronico\/\"]}]},{\"@type\":\"BreadcrumbList\",\"@id\":\"https:\/\/compuviper.mx\/tienda\/producto\/aspel-caja-12mv-caja-1-usr-1-empresa-anual-con-timbrado-ilimitado-electronico\/#breadcrumb\",\"itemListElement\":[{\"@type\":\"ListItem\",\"position\":1,\"name\":\"Inicio\",\"item\":\"https:\/\/compuviper.mx\/tienda\/\"},{\"@type\":\"ListItem\",\"position\":2,\"name\":\"Productos\",\"item\":\"https:\/\/compuviper.mx\/tienda\/productos\/\"},{\"@type\":\"ListItem\",\"position\":3,\"name\":\"Software\",\"item\":\"https:\/\/compuviper.mx\/tienda\/categoria-producto\/software\/\"},{\"@type\":\"ListItem\",\"position\":4,\"name\":\"Licenciamiento Caja\",\"item\":\"https:\/\/compuviper.mx\/tienda\/categoria-producto\/software\/licenciamiento-caja\/\"},{\"@type\":\"ListItem\",\"position\":5,\"name\":\"Aspel Caja 12mv Caja 1 Usr \/ 1 Empresa Anual Con Timbrado Ilimitado &#8211; Electronico\"}]},{\"@type\":\"WebSite\",\"@id\":\"https:\/\/compuviper.mx\/tienda\/#website\",\"url\":\"https:\/\/compuviper.mx\/tienda\/\",\"name\":\"Compuviper\",\"description\":\"Proveedor de Computadoras, Laptops, Servidores, Monitores, Puntos de Venta, Teclados,   Impresoras, T\u00f3ner, C\u00e1maras de Seguridad y m\u00e1s en tu tienda en l\u00ednea\",\"publisher\":{\"@id\":\"https:\/\/compuviper.mx\/tienda\/#organization\"},\"potentialAction\":[{\"@type\":\"SearchAction\",\"target\":{\"@type\":\"EntryPoint\",\"urlTemplate\":\"https:\/\/compuviper.mx\/tienda\/?s={search_term_string}\"},\"query-input\":\"required name=search_term_string\"}],\"inLanguage\":\"es-MX\"},{\"@type\":\"Organization\",\"@id\":\"https:\/\/compuviper.mx\/tienda\/#organization\",\"name\":\"Compuviper\",\"url\":\"https:\/\/compuviper.mx\/tienda\/\",\"logo\":{\"@type\":\"ImageObject\",\"inLanguage\":\"es-MX\",\"@id\":\"https:\/\/compuviper.mx\/tienda\/#\/schema\/logo\/image\/\",\"url\":\"https:\/\/compuviper.mx\/tienda\/wp-content\/uploads\/2021\/08\/Logo-Compuviper-10.png\",\"contentUrl\":\"https:\/\/compuviper.mx\/tienda\/wp-content\/uploads\/2021\/08\/Logo-Compuviper-10.png\",\"width\":1000,\"height\":500,\"caption\":\"Compuviper\"},\"image\":{\"@id\":\"https:\/\/compuviper.mx\/tienda\/#\/schema\/logo\/image\/\"},\"sameAs\":[\"https:\/\/www.facebook.com\/compuviper\",\"https:\/\/www.youtube.com\/channel\/UCf73dERp9Y3cfOq7q8BhLjA?view_as=subscriber\"]}]}<\/script>\n<meta property=\"product:brand\" content=\"ASPEL\" \/>\n<meta property=\"product:price:amount\" content=\"2563\" \/>\n<meta property=\"product:price:currency\" content=\"MXN\" \/>\n<meta property=\"og:availability\" content=\"backorder\" \/>\n<meta property=\"product:availability\" content=\"available for order\" \/>\n<meta property=\"product:retailer_item_id\" content=\"CAJA 12MV\" \/>\n<meta property=\"product:condition\" content=\"new\" \/>\n<!-- \/ Yoast SEO plugin. -->","yoast_head_json":{"title":"[ Aspel ] &#129351; Caja 12mv Caja 1 Usr \/ 1 Empresa Anual Con Timbrado Ilimitado - Electronico","description":"Compra Caja 12mv Caja 1 Usr \/ 1 Empresa Anual Con Timbrado Ilimitado - Electronico + Env\u00edo a domicilio + Pago seguro + Garant\u00eda","robots":{"index":"index","follow":"follow","max-snippet":"max-snippet:-1","max-image-preview":"max-image-preview:large","max-video-preview":"max-video-preview:-1"},"canonical":"https:\/\/compuviper.mx\/tienda\/producto\/aspel-caja-12mv-caja-1-usr-1-empresa-anual-con-timbrado-ilimitado-electronico\/","og_locale":"es_MX","og_type":"article","og_title":"[ Aspel ] &#129351; Caja 12mv Caja 1 Usr \/ 1 Empresa Anual Con Timbrado Ilimitado - Electronico","og_description":"Compra Caja 12mv Caja 1 Usr \/ 1 Empresa Anual Con Timbrado Ilimitado - Electronico + Env\u00edo a domicilio + Pago seguro + Garant\u00eda","og_url":"https:\/\/compuviper.mx\/tienda\/producto\/aspel-caja-12mv-caja-1-usr-1-empresa-anual-con-timbrado-ilimitado-electronico\/","og_site_name":"Compuviper","article_publisher":"https:\/\/www.facebook.com\/compuviper","og_image":[{"width":200,"height":200,"url":"https:\/\/compuviper.mx\/tienda\/wp-content\/uploads\/2024\/09\/Aspel-caja-1-usr-1-empresa-anual-con-timbrado-ilimitado-electronico.jpg","type":"image\/jpeg"}],"twitter_card":"summary_large_image","twitter_misc":{"Precio":"&#36;2,563 con IVA","Availability":"On backorder"},"schema":{"@context":"https:\/\/schema.org","@graph":[{"@type":"WebPage","@id":"https:\/\/compuviper.mx\/tienda\/producto\/aspel-caja-12mv-caja-1-usr-1-empresa-anual-con-timbrado-ilimitado-electronico\/","url":"https:\/\/compuviper.mx\/tienda\/producto\/aspel-caja-12mv-caja-1-usr-1-empresa-anual-con-timbrado-ilimitado-electronico\/","name":"[ Aspel ] &#129351; Caja 12mv Caja 1 Usr \/ 1 Empresa Anual Con Timbrado Ilimitado - Electronico","isPartOf":{"@id":"https:\/\/compuviper.mx\/tienda\/#website"},"datePublished":"2026-04-07T08:03:39+00:00","dateModified":"2026-04-07T08:03:39+00:00","description":"Compra Caja 12mv Caja 1 Usr \/ 1 Empresa Anual Con Timbrado Ilimitado - Electronico + Env\u00edo a domicilio + Pago seguro + Garant\u00eda","breadcrumb":{"@id":"https:\/\/compuviper.mx\/tienda\/producto\/aspel-caja-12mv-caja-1-usr-1-empresa-anual-con-timbrado-ilimitado-electronico\/#breadcrumb"},"inLanguage":"es-MX","potentialAction":[{"@type":"ReadAction","target":["https:\/\/compuviper.mx\/tienda\/producto\/aspel-caja-12mv-caja-1-usr-1-empresa-anual-con-timbrado-ilimitado-electronico\/"]}]},{"@type":"BreadcrumbList","@id":"https:\/\/compuviper.mx\/tienda\/producto\/aspel-caja-12mv-caja-1-usr-1-empresa-anual-con-timbrado-ilimitado-electronico\/#breadcrumb","itemListElement":[{"@type":"ListItem","position":1,"name":"Inicio","item":"https:\/\/compuviper.mx\/tienda\/"},{"@type":"ListItem","position":2,"name":"Productos","item":"https:\/\/compuviper.mx\/tienda\/productos\/"},{"@type":"ListItem","position":3,"name":"Software","item":"https:\/\/compuviper.mx\/tienda\/categoria-producto\/software\/"},{"@type":"ListItem","position":4,"name":"Licenciamiento Caja","item":"https:\/\/compuviper.mx\/tienda\/categoria-producto\/software\/licenciamiento-caja\/"},{"@type":"ListItem","position":5,"name":"Aspel Caja 12mv Caja 1 Usr \/ 1 Empresa Anual Con Timbrado Ilimitado &#8211; Electronico"}]},{"@type":"WebSite","@id":"https:\/\/compuviper.mx\/tienda\/#website","url":"https:\/\/compuviper.mx\/tienda\/","name":"Compuviper","description":"Proveedor de Computadoras, Laptops, Servidores, Monitores, Puntos de Venta, Teclados,   Impresoras, T\u00f3ner, C\u00e1maras de Seguridad y m\u00e1s en tu tienda en l\u00ednea","publisher":{"@id":"https:\/\/compuviper.mx\/tienda\/#organization"},"potentialAction":[{"@type":"SearchAction","target":{"@type":"EntryPoint","urlTemplate":"https:\/\/compuviper.mx\/tienda\/?s={search_term_string}"},"query-input":"required name=search_term_string"}],"inLanguage":"es-MX"},{"@type":"Organization","@id":"https:\/\/compuviper.mx\/tienda\/#organization","name":"Compuviper","url":"https:\/\/compuviper.mx\/tienda\/","logo":{"@type":"ImageObject","inLanguage":"es-MX","@id":"https:\/\/compuviper.mx\/tienda\/#\/schema\/logo\/image\/","url":"https:\/\/compuviper.mx\/tienda\/wp-content\/uploads\/2021\/08\/Logo-Compuviper-10.png","contentUrl":"https:\/\/compuviper.mx\/tienda\/wp-content\/uploads\/2021\/08\/Logo-Compuviper-10.png","width":1000,"height":500,"caption":"Compuviper"},"image":{"@id":"https:\/\/compuviper.mx\/tienda\/#\/schema\/logo\/image\/"},"sameAs":["https:\/\/www.facebook.com\/compuviper","https:\/\/www.youtube.com\/channel\/UCf73dERp9Y3cfOq7q8BhLjA?view_as=subscriber"]}]},"product_brand":"ASPEL","product_price_amount":"2563","product_price_currency":"MXN","og_availability":"backorder","product_availability":"available for order","product_retailer_item_id":"CAJA 12MV","product_condition":"new"},"_links":{"self":[{"href":"https:\/\/compuviper.mx\/tienda\/wp-json\/wp\/v2\/product\/226923"}],"collection":[{"href":"https:\/\/compuviper.mx\/tienda\/wp-json\/wp\/v2\/product"}],"about":[{"href":"https:\/\/compuviper.mx\/tienda\/wp-json\/wp\/v2\/types\/product"}],"replies":[{"embeddable":true,"href":"https:\/\/compuviper.mx\/tienda\/wp-json\/wp\/v2\/comments?post=226923"}],"wp:featuredmedia":[{"embeddable":true,"href":"https:\/\/compuviper.mx\/tienda\/wp-json\/wp\/v2\/media\/243538"}],"wp:attachment":[{"href":"https:\/\/compuviper.mx\/tienda\/wp-json\/wp\/v2\/media?parent=226923"}],"wp:term":[{"taxonomy":"product_cat","embeddable":true,"href":"https:\/\/compuviper.mx\/tienda\/wp-json\/wp\/v2\/product_cat?post=226923"},{"taxonomy":"product_tag","embeddable":true,"href":"https:\/\/compuviper.mx\/tienda\/wp-json\/wp\/v2\/product_tag?post=226923"}],"curies":[{"name":"wp","href":"https:\/\/api.w.org\/{rel}","templated":true}]}}