{"id":226916,"date":"2026-04-16T02:11:15","date_gmt":"2026-04-16T08:11:15","guid":{"rendered":"https:\/\/compuviper.mx\/tienda\/producto\/aspel-fact12m-v-facture-1-usr-1-rfc-anual-con-timbrado-ilimitado-electronico\/"},"modified":"2026-04-16T02:11:16","modified_gmt":"2026-04-16T08:11:16","slug":"aspel-fact12m-v-facture-1-usr-1-rfc-anual-con-timbrado-ilimitado-electronico","status":"publish","type":"product","link":"https:\/\/compuviper.mx\/tienda\/producto\/aspel-fact12m-v-facture-1-usr-1-rfc-anual-con-timbrado-ilimitado-electronico\/","title":{"rendered":"Aspel Fact12m V  Facture 1 Usr \/ 1 Rfc Anual Con Timbrado Ilimitado &#8211; (electronico)"},"content":{"rendered":"<table class=\"descripcion\">\n<tr>\n<td>Requerimientos mnimos de hardware y software:<\/td>\n<\/tr>\n<tr>\n<td>Procesador de 32 bits x86 a 1 ghz. o m\u00e1s.<\/td>\n<\/tr>\n<tr>\n<td>1 gb. de ram.<\/td>\n<\/tr>\n<tr>\n<td>100 mb. de espacio libre en disco duro.<\/td>\n<\/tr>\n<tr>\n<td>Microsoft windows\u00ae vista, 7 u 8.<\/td>\n<\/tr>\n<tr>\n<td>Conexin a internet.<\/td>\n<\/tr>\n<tr>\n<td>Servicio aspel sellado cfdi.<\/td>\n<\/tr>\n<tr>\n<td>Considerar que los requerimientos del sistema operativo pueden ser mayores.<\/td>\n<\/tr>\n<\/table>\n","protected":false},"excerpt":{"rendered":"<p>Hoy mismo empieza a facturar de forma segura. Genera comprobantes fiscales digitales por internet cfdi en segundos de acuerdo con las disposiciones fiscales vigentes. Captura f\u00e1cilmente facturas, notas de crdito, recibos de honorarios, de arrendamiento y otros comprobantes de ingreso y egreso con todos los requisitos establecidos por la autoridad e incluye complementos. Adem\u00e1s, emite el comprobante digital que ampara retenciones e informacin de pagos. Aspel-factur es una solucion que resuelve todas tus necesidades de facturacion. Dentro de sus mltiples beneficios te ofrece. Genera cfdi y enva autom\u00e1ticamente el comprobante a tus clientes por correo electrnico en pdf y xml. Emite comprobantes digitales genricos de tipo ingreso o egreso, como notas de cargo, comprobantes complementarios por cambio de tasa del iva, entre otros. Expide comprobantes con complementos fiscales como impuestos locales, notarios, donatarias, leyendas fiscales, pago en especie y compra-venta de divisas. Genera los nuevos comprobantes digitales que la autoridad establece para registrar retenciones de impuestos e informacin de pagos por concepto de dividendos, remanentes distribuibles, entre otros. Genera comprobantes en dlares. Registra 1 rfc\u0092 registro federal de contribuyentes para generar comprobantes fiscales. Aspel-factur y los comprobantes son almacenados en el equipo del usuario para mayor seguridad.<\/p>\n","protected":false},"featured_media":226917,"comment_status":"open","ping_status":"open","template":"","meta":[],"product_cat":[1827,2001],"product_tag":[1875],"acf":[],"yoast_head":"<!-- This site is optimized with the Yoast SEO plugin v21.7 - https:\/\/yoast.com\/wordpress\/plugins\/seo\/ -->\n<title>[ Aspel ] &#129351; Fact12m V Facture 1 Usr \/ 1 Rfc Anual Con Timbrado Ilimitado - (electronico)<\/title>\n<meta name=\"description\" content=\"Compra Fact12m V Facture 1 Usr \/ 1 Rfc Anual Con Timbrado Ilimitado - (electronico) + Env\u00edo a domicilio + Pago seguro + Garant\u00eda\" \/>\n<meta name=\"robots\" content=\"index, follow, max-snippet:-1, max-image-preview:large, max-video-preview:-1\" \/>\n<link rel=\"canonical\" href=\"https:\/\/compuviper.mx\/tienda\/producto\/aspel-fact12m-v-facture-1-usr-1-rfc-anual-con-timbrado-ilimitado-electronico\/\" \/>\n<meta property=\"og:locale\" content=\"es_MX\" \/>\n<meta property=\"og:type\" content=\"article\" \/>\n<meta property=\"og:title\" content=\"[ Aspel ] &#129351; Fact12m V Facture 1 Usr \/ 1 Rfc Anual Con Timbrado Ilimitado - (electronico)\" \/>\n<meta property=\"og:description\" content=\"Compra Fact12m V Facture 1 Usr \/ 1 Rfc Anual Con Timbrado Ilimitado - (electronico) + Env\u00edo a domicilio + Pago seguro + Garant\u00eda\" \/>\n<meta property=\"og:url\" content=\"https:\/\/compuviper.mx\/tienda\/producto\/aspel-fact12m-v-facture-1-usr-1-rfc-anual-con-timbrado-ilimitado-electronico\/\" \/>\n<meta property=\"og:site_name\" content=\"Compuviper\" \/>\n<meta property=\"article:publisher\" content=\"https:\/\/www.facebook.com\/compuviper\" \/>\n<meta property=\"article:modified_time\" content=\"2026-04-16T08:11:16+00:00\" \/>\n<meta property=\"og:image\" content=\"https:\/\/compuviper.mx\/tienda\/wp-content\/uploads\/2023\/12\/Aspel-facture-1-usr-1-rfc-anual-con-timbrado-ilimitado-electronico.jpg\" \/>\n\t<meta property=\"og:image:width\" content=\"200\" \/>\n\t<meta property=\"og:image:height\" content=\"200\" \/>\n\t<meta property=\"og:image:type\" content=\"image\/jpeg\" \/>\n<meta name=\"twitter:card\" content=\"summary_large_image\" \/>\n<meta name=\"twitter:label1\" content=\"Precio\" \/>\n\t<meta name=\"twitter:data1\" content=\"&#36;2,206 con IVA\" \/>\n\t<meta name=\"twitter:label2\" content=\"Availability\" \/>\n\t<meta name=\"twitter:data2\" content=\"In stock\" \/>\n<script type=\"application\/ld+json\" class=\"yoast-schema-graph\">{\"@context\":\"https:\/\/schema.org\",\"@graph\":[{\"@type\":\"WebPage\",\"@id\":\"https:\/\/compuviper.mx\/tienda\/producto\/aspel-fact12m-v-facture-1-usr-1-rfc-anual-con-timbrado-ilimitado-electronico\/\",\"url\":\"https:\/\/compuviper.mx\/tienda\/producto\/aspel-fact12m-v-facture-1-usr-1-rfc-anual-con-timbrado-ilimitado-electronico\/\",\"name\":\"[ Aspel ] &#129351; Fact12m V Facture 1 Usr \/ 1 Rfc Anual Con Timbrado Ilimitado - (electronico)\",\"isPartOf\":{\"@id\":\"https:\/\/compuviper.mx\/tienda\/#website\"},\"datePublished\":\"2026-04-16T08:11:15+00:00\",\"dateModified\":\"2026-04-16T08:11:16+00:00\",\"description\":\"Compra Fact12m V Facture 1 Usr \/ 1 Rfc Anual Con Timbrado Ilimitado - (electronico) + Env\u00edo a domicilio + Pago seguro + Garant\u00eda\",\"breadcrumb\":{\"@id\":\"https:\/\/compuviper.mx\/tienda\/producto\/aspel-fact12m-v-facture-1-usr-1-rfc-anual-con-timbrado-ilimitado-electronico\/#breadcrumb\"},\"inLanguage\":\"es-MX\",\"potentialAction\":[{\"@type\":\"ReadAction\",\"target\":[\"https:\/\/compuviper.mx\/tienda\/producto\/aspel-fact12m-v-facture-1-usr-1-rfc-anual-con-timbrado-ilimitado-electronico\/\"]}]},{\"@type\":\"BreadcrumbList\",\"@id\":\"https:\/\/compuviper.mx\/tienda\/producto\/aspel-fact12m-v-facture-1-usr-1-rfc-anual-con-timbrado-ilimitado-electronico\/#breadcrumb\",\"itemListElement\":[{\"@type\":\"ListItem\",\"position\":1,\"name\":\"Inicio\",\"item\":\"https:\/\/compuviper.mx\/tienda\/\"},{\"@type\":\"ListItem\",\"position\":2,\"name\":\"Productos\",\"item\":\"https:\/\/compuviper.mx\/tienda\/productos\/\"},{\"@type\":\"ListItem\",\"position\":3,\"name\":\"Software\",\"item\":\"https:\/\/compuviper.mx\/tienda\/categoria-producto\/software\/\"},{\"@type\":\"ListItem\",\"position\":4,\"name\":\"Licenciamiento Electronico\",\"item\":\"https:\/\/compuviper.mx\/tienda\/categoria-producto\/software\/licenciamiento-electronico\/\"},{\"@type\":\"ListItem\",\"position\":5,\"name\":\"Aspel Fact12m V Facture 1 Usr \/ 1 Rfc Anual Con Timbrado Ilimitado &#8211; (electronico)\"}]},{\"@type\":\"WebSite\",\"@id\":\"https:\/\/compuviper.mx\/tienda\/#website\",\"url\":\"https:\/\/compuviper.mx\/tienda\/\",\"name\":\"Compuviper\",\"description\":\"Proveedor de Computadoras, Laptops, Servidores, Monitores, Puntos de Venta, Teclados,   Impresoras, T\u00f3ner, C\u00e1maras de Seguridad y m\u00e1s en tu tienda en l\u00ednea\",\"publisher\":{\"@id\":\"https:\/\/compuviper.mx\/tienda\/#organization\"},\"potentialAction\":[{\"@type\":\"SearchAction\",\"target\":{\"@type\":\"EntryPoint\",\"urlTemplate\":\"https:\/\/compuviper.mx\/tienda\/?s={search_term_string}\"},\"query-input\":\"required name=search_term_string\"}],\"inLanguage\":\"es-MX\"},{\"@type\":\"Organization\",\"@id\":\"https:\/\/compuviper.mx\/tienda\/#organization\",\"name\":\"Compuviper\",\"url\":\"https:\/\/compuviper.mx\/tienda\/\",\"logo\":{\"@type\":\"ImageObject\",\"inLanguage\":\"es-MX\",\"@id\":\"https:\/\/compuviper.mx\/tienda\/#\/schema\/logo\/image\/\",\"url\":\"https:\/\/compuviper.mx\/tienda\/wp-content\/uploads\/2021\/08\/Logo-Compuviper-10.png\",\"contentUrl\":\"https:\/\/compuviper.mx\/tienda\/wp-content\/uploads\/2021\/08\/Logo-Compuviper-10.png\",\"width\":1000,\"height\":500,\"caption\":\"Compuviper\"},\"image\":{\"@id\":\"https:\/\/compuviper.mx\/tienda\/#\/schema\/logo\/image\/\"},\"sameAs\":[\"https:\/\/www.facebook.com\/compuviper\",\"https:\/\/www.youtube.com\/channel\/UCf73dERp9Y3cfOq7q8BhLjA?view_as=subscriber\"]}]}<\/script>\n<meta property=\"product:brand\" content=\"ASPEL\" \/>\n<meta property=\"product:price:amount\" content=\"2206\" \/>\n<meta property=\"product:price:currency\" content=\"MXN\" \/>\n<meta property=\"og:availability\" content=\"instock\" \/>\n<meta property=\"product:availability\" content=\"instock\" \/>\n<meta property=\"product:retailer_item_id\" content=\"FACT12M V\" \/>\n<meta property=\"product:condition\" content=\"new\" \/>\n<!-- \/ Yoast SEO plugin. -->","yoast_head_json":{"title":"[ Aspel ] &#129351; Fact12m V Facture 1 Usr \/ 1 Rfc Anual Con Timbrado Ilimitado - (electronico)","description":"Compra Fact12m V Facture 1 Usr \/ 1 Rfc Anual Con Timbrado Ilimitado - (electronico) + Env\u00edo a domicilio + Pago seguro + Garant\u00eda","robots":{"index":"index","follow":"follow","max-snippet":"max-snippet:-1","max-image-preview":"max-image-preview:large","max-video-preview":"max-video-preview:-1"},"canonical":"https:\/\/compuviper.mx\/tienda\/producto\/aspel-fact12m-v-facture-1-usr-1-rfc-anual-con-timbrado-ilimitado-electronico\/","og_locale":"es_MX","og_type":"article","og_title":"[ Aspel ] &#129351; Fact12m V Facture 1 Usr \/ 1 Rfc Anual Con Timbrado Ilimitado - (electronico)","og_description":"Compra Fact12m V Facture 1 Usr \/ 1 Rfc Anual Con Timbrado Ilimitado - (electronico) + Env\u00edo a domicilio + Pago seguro + Garant\u00eda","og_url":"https:\/\/compuviper.mx\/tienda\/producto\/aspel-fact12m-v-facture-1-usr-1-rfc-anual-con-timbrado-ilimitado-electronico\/","og_site_name":"Compuviper","article_publisher":"https:\/\/www.facebook.com\/compuviper","article_modified_time":"2026-04-16T08:11:16+00:00","og_image":[{"width":200,"height":200,"url":"https:\/\/compuviper.mx\/tienda\/wp-content\/uploads\/2023\/12\/Aspel-facture-1-usr-1-rfc-anual-con-timbrado-ilimitado-electronico.jpg","type":"image\/jpeg"}],"twitter_card":"summary_large_image","twitter_misc":{"Precio":"&#36;2,206 con IVA","Availability":"In stock"},"schema":{"@context":"https:\/\/schema.org","@graph":[{"@type":"WebPage","@id":"https:\/\/compuviper.mx\/tienda\/producto\/aspel-fact12m-v-facture-1-usr-1-rfc-anual-con-timbrado-ilimitado-electronico\/","url":"https:\/\/compuviper.mx\/tienda\/producto\/aspel-fact12m-v-facture-1-usr-1-rfc-anual-con-timbrado-ilimitado-electronico\/","name":"[ Aspel ] &#129351; Fact12m V Facture 1 Usr \/ 1 Rfc Anual Con Timbrado Ilimitado - (electronico)","isPartOf":{"@id":"https:\/\/compuviper.mx\/tienda\/#website"},"datePublished":"2026-04-16T08:11:15+00:00","dateModified":"2026-04-16T08:11:16+00:00","description":"Compra Fact12m V Facture 1 Usr \/ 1 Rfc Anual Con Timbrado Ilimitado - (electronico) + Env\u00edo a domicilio + Pago seguro + Garant\u00eda","breadcrumb":{"@id":"https:\/\/compuviper.mx\/tienda\/producto\/aspel-fact12m-v-facture-1-usr-1-rfc-anual-con-timbrado-ilimitado-electronico\/#breadcrumb"},"inLanguage":"es-MX","potentialAction":[{"@type":"ReadAction","target":["https:\/\/compuviper.mx\/tienda\/producto\/aspel-fact12m-v-facture-1-usr-1-rfc-anual-con-timbrado-ilimitado-electronico\/"]}]},{"@type":"BreadcrumbList","@id":"https:\/\/compuviper.mx\/tienda\/producto\/aspel-fact12m-v-facture-1-usr-1-rfc-anual-con-timbrado-ilimitado-electronico\/#breadcrumb","itemListElement":[{"@type":"ListItem","position":1,"name":"Inicio","item":"https:\/\/compuviper.mx\/tienda\/"},{"@type":"ListItem","position":2,"name":"Productos","item":"https:\/\/compuviper.mx\/tienda\/productos\/"},{"@type":"ListItem","position":3,"name":"Software","item":"https:\/\/compuviper.mx\/tienda\/categoria-producto\/software\/"},{"@type":"ListItem","position":4,"name":"Licenciamiento Electronico","item":"https:\/\/compuviper.mx\/tienda\/categoria-producto\/software\/licenciamiento-electronico\/"},{"@type":"ListItem","position":5,"name":"Aspel Fact12m V Facture 1 Usr \/ 1 Rfc Anual Con Timbrado Ilimitado &#8211; (electronico)"}]},{"@type":"WebSite","@id":"https:\/\/compuviper.mx\/tienda\/#website","url":"https:\/\/compuviper.mx\/tienda\/","name":"Compuviper","description":"Proveedor de Computadoras, Laptops, Servidores, Monitores, Puntos de Venta, Teclados,   Impresoras, T\u00f3ner, C\u00e1maras de Seguridad y m\u00e1s en tu tienda en l\u00ednea","publisher":{"@id":"https:\/\/compuviper.mx\/tienda\/#organization"},"potentialAction":[{"@type":"SearchAction","target":{"@type":"EntryPoint","urlTemplate":"https:\/\/compuviper.mx\/tienda\/?s={search_term_string}"},"query-input":"required name=search_term_string"}],"inLanguage":"es-MX"},{"@type":"Organization","@id":"https:\/\/compuviper.mx\/tienda\/#organization","name":"Compuviper","url":"https:\/\/compuviper.mx\/tienda\/","logo":{"@type":"ImageObject","inLanguage":"es-MX","@id":"https:\/\/compuviper.mx\/tienda\/#\/schema\/logo\/image\/","url":"https:\/\/compuviper.mx\/tienda\/wp-content\/uploads\/2021\/08\/Logo-Compuviper-10.png","contentUrl":"https:\/\/compuviper.mx\/tienda\/wp-content\/uploads\/2021\/08\/Logo-Compuviper-10.png","width":1000,"height":500,"caption":"Compuviper"},"image":{"@id":"https:\/\/compuviper.mx\/tienda\/#\/schema\/logo\/image\/"},"sameAs":["https:\/\/www.facebook.com\/compuviper","https:\/\/www.youtube.com\/channel\/UCf73dERp9Y3cfOq7q8BhLjA?view_as=subscriber"]}]},"product_brand":"ASPEL","product_price_amount":"2206","product_price_currency":"MXN","og_availability":"instock","product_availability":"instock","product_retailer_item_id":"FACT12M V","product_condition":"new"},"_links":{"self":[{"href":"https:\/\/compuviper.mx\/tienda\/wp-json\/wp\/v2\/product\/226916"}],"collection":[{"href":"https:\/\/compuviper.mx\/tienda\/wp-json\/wp\/v2\/product"}],"about":[{"href":"https:\/\/compuviper.mx\/tienda\/wp-json\/wp\/v2\/types\/product"}],"replies":[{"embeddable":true,"href":"https:\/\/compuviper.mx\/tienda\/wp-json\/wp\/v2\/comments?post=226916"}],"wp:featuredmedia":[{"embeddable":true,"href":"https:\/\/compuviper.mx\/tienda\/wp-json\/wp\/v2\/media\/226917"}],"wp:attachment":[{"href":"https:\/\/compuviper.mx\/tienda\/wp-json\/wp\/v2\/media?parent=226916"}],"wp:term":[{"taxonomy":"product_cat","embeddable":true,"href":"https:\/\/compuviper.mx\/tienda\/wp-json\/wp\/v2\/product_cat?post=226916"},{"taxonomy":"product_tag","embeddable":true,"href":"https:\/\/compuviper.mx\/tienda\/wp-json\/wp\/v2\/product_tag?post=226916"}],"curies":[{"name":"wp","href":"https:\/\/api.w.org\/{rel}","templated":true}]}}