{"id":226914,"date":"2026-04-21T02:22:15","date_gmt":"2026-04-21T08:22:15","guid":{"rendered":"https:\/\/compuviper.mx\/tienda\/producto\/norton-21443251-esd-identity-advisor-plus-1-dispositivo-1-ao-descarga-digital\/"},"modified":"2026-04-21T02:22:15","modified_gmt":"2026-04-21T08:22:15","slug":"norton-21443251-esd-identity-advisor-plus-1-dispositivo-1-ao-descarga-digital","status":"publish","type":"product","link":"https:\/\/compuviper.mx\/tienda\/producto\/norton-21443251-esd-identity-advisor-plus-1-dispositivo-1-ao-descarga-digital\/","title":{"rendered":"Norton 21443251 Esd  Identity Advisor Plus 1 Dispositivo \/ 1 A?o \/ Descarga Digital"},"content":{"rendered":"<table class=\"descripcion\">\n<tr>\n<td>Requisitos del sistema<\/td>\n<\/tr>\n<tr>\n<td>Norton identity advisor plus para 1 cuenta: aplicaci\u00f3n y sitio web accesibles en dispositivos ilimitados<\/td>\n<\/tr>\n<tr>\n<td>Para equipos pc con windows y mac<\/td>\n<\/tr>\n<tr>\n<td>Navegadores compatibles<\/td>\n<\/tr>\n<tr>\n<td>Chrome v49 y posterior<\/td>\n<\/tr>\n<tr>\n<td>Edge v17 y posterior<\/td>\n<\/tr>\n<tr>\n<td>Firefox v51 y posterior<\/td>\n<\/tr>\n<tr>\n<td>Opera v36 y posterior<\/td>\n<\/tr>\n<tr>\n<td>Safari v11 y posterior<\/td>\n<\/tr>\n<tr>\n<td>Compatibilidad con la aplicaci\u00f3n<\/td>\n<\/tr>\n<tr>\n<td>Ios 13.0 y posterior<\/td>\n<\/tr>\n<tr>\n<td>Android 8 y posterior<\/td>\n<\/tr>\n<\/table>\n","protected":false},"excerpt":{"rendered":"<p>Incluye funciones de protecci\u00f3n de la identidad para ayudarte a monitorear y responder a las amenazas a la identidad, \u00a1y ahora viene con herramientas para mantener el control sobre tu salud financiera. Soporte para la restauraci\u00f3n de identidad. Un especialista en restauraci\u00f3n de identidad te guiar\u00e1 en el proceso de restauraci\u00f3n de principio a fin. Dark web monitoring. Dark web monitoring busca continuamente tu informaci\u00f3n personal en la web oscura y foros privados y te env\u00eda notificaciones en caso de encontrarla. Supervisi\u00f3n de redes sociales. Monitoreamos tus cuentas en las redes sociales m\u00e1s populares y te notificamos de cualquier actividad sospechosa. Gestor de contrase\u00f1as. Ayuda a proteger tus inicios de sesi\u00f3n y mucho m\u00e1s en nuestro dep\u00f3sito cifrado en l\u00ednea. Crea contrase\u00f1as complejas cuando las necesites. Asistencia por robo de billetera. En caso de que te roben tu billetera, te brinda orientaci\u00f3n sobre c\u00f3mo cancelar y reemplazar elementos importantes en ella, como licencias de conducir, tarjetas de cr\u00e9dito y m\u00e1s.<\/p>\n","protected":false},"featured_media":226915,"comment_status":"open","ping_status":"open","template":"","meta":[],"product_cat":[2004,1827],"product_tag":[2040],"acf":[],"yoast_head":"<!-- This site is optimized with the Yoast SEO plugin v21.7 - https:\/\/yoast.com\/wordpress\/plugins\/seo\/ -->\n<title>[ Norton ] &#129351; 21443251 Esd Identity Advisor Plus 1 Dispositivo \/ 1 A\u00f1o \/ Descarga Digital<\/title>\n<meta name=\"description\" content=\"Compra 21443251 Esd Identity Advisor Plus 1 Dispositivo \/ 1 A\u00f1o \/ Descarga Digital + Env\u00edo a domicilio + Pago seguro + Garant\u00eda\" \/>\n<meta name=\"robots\" content=\"index, follow, max-snippet:-1, max-image-preview:large, max-video-preview:-1\" \/>\n<link rel=\"canonical\" href=\"https:\/\/compuviper.mx\/tienda\/producto\/norton-21443251-esd-identity-advisor-plus-1-dispositivo-1-ao-descarga-digital\/\" \/>\n<meta property=\"og:locale\" content=\"es_MX\" \/>\n<meta property=\"og:type\" content=\"article\" \/>\n<meta property=\"og:title\" content=\"[ Norton ] &#129351; 21443251 Esd Identity Advisor Plus 1 Dispositivo \/ 1 A\u00f1o \/ Descarga Digital\" \/>\n<meta property=\"og:description\" content=\"Compra 21443251 Esd Identity Advisor Plus 1 Dispositivo \/ 1 A\u00f1o \/ Descarga Digital + Env\u00edo a domicilio + Pago seguro + Garant\u00eda\" \/>\n<meta property=\"og:url\" content=\"https:\/\/compuviper.mx\/tienda\/producto\/norton-21443251-esd-identity-advisor-plus-1-dispositivo-1-ao-descarga-digital\/\" \/>\n<meta property=\"og:site_name\" content=\"Compuviper\" \/>\n<meta property=\"article:publisher\" content=\"https:\/\/www.facebook.com\/compuviper\" \/>\n<meta property=\"og:image\" content=\"https:\/\/compuviper.mx\/tienda\/wp-content\/uploads\/2023\/12\/Esd-norton-identity-advisor-plus-1-dispositivo-1-ano-descarga-digital.jpg\" \/>\n\t<meta property=\"og:image:width\" content=\"200\" \/>\n\t<meta property=\"og:image:height\" content=\"200\" \/>\n\t<meta property=\"og:image:type\" content=\"image\/jpeg\" \/>\n<meta name=\"twitter:card\" content=\"summary_large_image\" \/>\n<meta name=\"twitter:label1\" content=\"Precio\" \/>\n\t<meta name=\"twitter:data1\" content=\"&#36;269 con IVA\" \/>\n\t<meta name=\"twitter:label2\" content=\"Availability\" \/>\n\t<meta name=\"twitter:data2\" content=\"On backorder\" \/>\n<script type=\"application\/ld+json\" class=\"yoast-schema-graph\">{\"@context\":\"https:\/\/schema.org\",\"@graph\":[{\"@type\":\"WebPage\",\"@id\":\"https:\/\/compuviper.mx\/tienda\/producto\/norton-21443251-esd-identity-advisor-plus-1-dispositivo-1-ao-descarga-digital\/\",\"url\":\"https:\/\/compuviper.mx\/tienda\/producto\/norton-21443251-esd-identity-advisor-plus-1-dispositivo-1-ao-descarga-digital\/\",\"name\":\"[ Norton ] &#129351; 21443251 Esd Identity Advisor Plus 1 Dispositivo \/ 1 A\u00f1o \/ Descarga Digital\",\"isPartOf\":{\"@id\":\"https:\/\/compuviper.mx\/tienda\/#website\"},\"datePublished\":\"2026-04-21T08:22:15+00:00\",\"dateModified\":\"2026-04-21T08:22:15+00:00\",\"description\":\"Compra 21443251 Esd Identity Advisor Plus 1 Dispositivo \/ 1 A\u00f1o \/ Descarga Digital + Env\u00edo a domicilio + Pago seguro + Garant\u00eda\",\"breadcrumb\":{\"@id\":\"https:\/\/compuviper.mx\/tienda\/producto\/norton-21443251-esd-identity-advisor-plus-1-dispositivo-1-ao-descarga-digital\/#breadcrumb\"},\"inLanguage\":\"es-MX\",\"potentialAction\":[{\"@type\":\"ReadAction\",\"target\":[\"https:\/\/compuviper.mx\/tienda\/producto\/norton-21443251-esd-identity-advisor-plus-1-dispositivo-1-ao-descarga-digital\/\"]}]},{\"@type\":\"BreadcrumbList\",\"@id\":\"https:\/\/compuviper.mx\/tienda\/producto\/norton-21443251-esd-identity-advisor-plus-1-dispositivo-1-ao-descarga-digital\/#breadcrumb\",\"itemListElement\":[{\"@type\":\"ListItem\",\"position\":1,\"name\":\"Inicio\",\"item\":\"https:\/\/compuviper.mx\/tienda\/\"},{\"@type\":\"ListItem\",\"position\":2,\"name\":\"Productos\",\"item\":\"https:\/\/compuviper.mx\/tienda\/productos\/\"},{\"@type\":\"ListItem\",\"position\":3,\"name\":\"Software\",\"item\":\"https:\/\/compuviper.mx\/tienda\/categoria-producto\/software\/\"},{\"@type\":\"ListItem\",\"position\":4,\"name\":\"Licenciamiento Esd\",\"item\":\"https:\/\/compuviper.mx\/tienda\/categoria-producto\/software\/licenciamiento-esd\/\"},{\"@type\":\"ListItem\",\"position\":5,\"name\":\"Norton 21443251 Esd Identity Advisor Plus 1 Dispositivo \/ 1 A?o \/ Descarga Digital\"}]},{\"@type\":\"WebSite\",\"@id\":\"https:\/\/compuviper.mx\/tienda\/#website\",\"url\":\"https:\/\/compuviper.mx\/tienda\/\",\"name\":\"Compuviper\",\"description\":\"Proveedor de Computadoras, Laptops, Servidores, Monitores, Puntos de Venta, Teclados,   Impresoras, T\u00f3ner, C\u00e1maras de Seguridad y m\u00e1s en tu tienda en l\u00ednea\",\"publisher\":{\"@id\":\"https:\/\/compuviper.mx\/tienda\/#organization\"},\"potentialAction\":[{\"@type\":\"SearchAction\",\"target\":{\"@type\":\"EntryPoint\",\"urlTemplate\":\"https:\/\/compuviper.mx\/tienda\/?s={search_term_string}\"},\"query-input\":\"required name=search_term_string\"}],\"inLanguage\":\"es-MX\"},{\"@type\":\"Organization\",\"@id\":\"https:\/\/compuviper.mx\/tienda\/#organization\",\"name\":\"Compuviper\",\"url\":\"https:\/\/compuviper.mx\/tienda\/\",\"logo\":{\"@type\":\"ImageObject\",\"inLanguage\":\"es-MX\",\"@id\":\"https:\/\/compuviper.mx\/tienda\/#\/schema\/logo\/image\/\",\"url\":\"https:\/\/compuviper.mx\/tienda\/wp-content\/uploads\/2021\/08\/Logo-Compuviper-10.png\",\"contentUrl\":\"https:\/\/compuviper.mx\/tienda\/wp-content\/uploads\/2021\/08\/Logo-Compuviper-10.png\",\"width\":1000,\"height\":500,\"caption\":\"Compuviper\"},\"image\":{\"@id\":\"https:\/\/compuviper.mx\/tienda\/#\/schema\/logo\/image\/\"},\"sameAs\":[\"https:\/\/www.facebook.com\/compuviper\",\"https:\/\/www.youtube.com\/channel\/UCf73dERp9Y3cfOq7q8BhLjA?view_as=subscriber\"]}]}<\/script>\n<meta property=\"product:brand\" content=\"NORTON\" \/>\n<meta property=\"product:price:amount\" content=\"269\" \/>\n<meta property=\"product:price:currency\" content=\"MXN\" \/>\n<meta property=\"og:availability\" content=\"backorder\" \/>\n<meta property=\"product:availability\" content=\"available for order\" \/>\n<meta property=\"product:retailer_item_id\" content=\"21443251\" \/>\n<meta property=\"product:condition\" content=\"new\" \/>\n<!-- \/ Yoast SEO plugin. -->","yoast_head_json":{"title":"[ Norton ] &#129351; 21443251 Esd Identity Advisor Plus 1 Dispositivo \/ 1 A\u00f1o \/ Descarga Digital","description":"Compra 21443251 Esd Identity Advisor Plus 1 Dispositivo \/ 1 A\u00f1o \/ Descarga Digital + Env\u00edo a domicilio + Pago seguro + Garant\u00eda","robots":{"index":"index","follow":"follow","max-snippet":"max-snippet:-1","max-image-preview":"max-image-preview:large","max-video-preview":"max-video-preview:-1"},"canonical":"https:\/\/compuviper.mx\/tienda\/producto\/norton-21443251-esd-identity-advisor-plus-1-dispositivo-1-ao-descarga-digital\/","og_locale":"es_MX","og_type":"article","og_title":"[ Norton ] &#129351; 21443251 Esd Identity Advisor Plus 1 Dispositivo \/ 1 A\u00f1o \/ Descarga Digital","og_description":"Compra 21443251 Esd Identity Advisor Plus 1 Dispositivo \/ 1 A\u00f1o \/ Descarga Digital + Env\u00edo a domicilio + Pago seguro + Garant\u00eda","og_url":"https:\/\/compuviper.mx\/tienda\/producto\/norton-21443251-esd-identity-advisor-plus-1-dispositivo-1-ao-descarga-digital\/","og_site_name":"Compuviper","article_publisher":"https:\/\/www.facebook.com\/compuviper","og_image":[{"width":200,"height":200,"url":"https:\/\/compuviper.mx\/tienda\/wp-content\/uploads\/2023\/12\/Esd-norton-identity-advisor-plus-1-dispositivo-1-ano-descarga-digital.jpg","type":"image\/jpeg"}],"twitter_card":"summary_large_image","twitter_misc":{"Precio":"&#36;269 con IVA","Availability":"On backorder"},"schema":{"@context":"https:\/\/schema.org","@graph":[{"@type":"WebPage","@id":"https:\/\/compuviper.mx\/tienda\/producto\/norton-21443251-esd-identity-advisor-plus-1-dispositivo-1-ao-descarga-digital\/","url":"https:\/\/compuviper.mx\/tienda\/producto\/norton-21443251-esd-identity-advisor-plus-1-dispositivo-1-ao-descarga-digital\/","name":"[ Norton ] &#129351; 21443251 Esd Identity Advisor Plus 1 Dispositivo \/ 1 A\u00f1o \/ Descarga Digital","isPartOf":{"@id":"https:\/\/compuviper.mx\/tienda\/#website"},"datePublished":"2026-04-21T08:22:15+00:00","dateModified":"2026-04-21T08:22:15+00:00","description":"Compra 21443251 Esd Identity Advisor Plus 1 Dispositivo \/ 1 A\u00f1o \/ Descarga Digital + Env\u00edo a domicilio + Pago seguro + Garant\u00eda","breadcrumb":{"@id":"https:\/\/compuviper.mx\/tienda\/producto\/norton-21443251-esd-identity-advisor-plus-1-dispositivo-1-ao-descarga-digital\/#breadcrumb"},"inLanguage":"es-MX","potentialAction":[{"@type":"ReadAction","target":["https:\/\/compuviper.mx\/tienda\/producto\/norton-21443251-esd-identity-advisor-plus-1-dispositivo-1-ao-descarga-digital\/"]}]},{"@type":"BreadcrumbList","@id":"https:\/\/compuviper.mx\/tienda\/producto\/norton-21443251-esd-identity-advisor-plus-1-dispositivo-1-ao-descarga-digital\/#breadcrumb","itemListElement":[{"@type":"ListItem","position":1,"name":"Inicio","item":"https:\/\/compuviper.mx\/tienda\/"},{"@type":"ListItem","position":2,"name":"Productos","item":"https:\/\/compuviper.mx\/tienda\/productos\/"},{"@type":"ListItem","position":3,"name":"Software","item":"https:\/\/compuviper.mx\/tienda\/categoria-producto\/software\/"},{"@type":"ListItem","position":4,"name":"Licenciamiento Esd","item":"https:\/\/compuviper.mx\/tienda\/categoria-producto\/software\/licenciamiento-esd\/"},{"@type":"ListItem","position":5,"name":"Norton 21443251 Esd Identity Advisor Plus 1 Dispositivo \/ 1 A?o \/ Descarga Digital"}]},{"@type":"WebSite","@id":"https:\/\/compuviper.mx\/tienda\/#website","url":"https:\/\/compuviper.mx\/tienda\/","name":"Compuviper","description":"Proveedor de Computadoras, Laptops, Servidores, Monitores, Puntos de Venta, Teclados,   Impresoras, T\u00f3ner, C\u00e1maras de Seguridad y m\u00e1s en tu tienda en l\u00ednea","publisher":{"@id":"https:\/\/compuviper.mx\/tienda\/#organization"},"potentialAction":[{"@type":"SearchAction","target":{"@type":"EntryPoint","urlTemplate":"https:\/\/compuviper.mx\/tienda\/?s={search_term_string}"},"query-input":"required name=search_term_string"}],"inLanguage":"es-MX"},{"@type":"Organization","@id":"https:\/\/compuviper.mx\/tienda\/#organization","name":"Compuviper","url":"https:\/\/compuviper.mx\/tienda\/","logo":{"@type":"ImageObject","inLanguage":"es-MX","@id":"https:\/\/compuviper.mx\/tienda\/#\/schema\/logo\/image\/","url":"https:\/\/compuviper.mx\/tienda\/wp-content\/uploads\/2021\/08\/Logo-Compuviper-10.png","contentUrl":"https:\/\/compuviper.mx\/tienda\/wp-content\/uploads\/2021\/08\/Logo-Compuviper-10.png","width":1000,"height":500,"caption":"Compuviper"},"image":{"@id":"https:\/\/compuviper.mx\/tienda\/#\/schema\/logo\/image\/"},"sameAs":["https:\/\/www.facebook.com\/compuviper","https:\/\/www.youtube.com\/channel\/UCf73dERp9Y3cfOq7q8BhLjA?view_as=subscriber"]}]},"product_brand":"NORTON","product_price_amount":"269","product_price_currency":"MXN","og_availability":"backorder","product_availability":"available for order","product_retailer_item_id":"21443251","product_condition":"new"},"_links":{"self":[{"href":"https:\/\/compuviper.mx\/tienda\/wp-json\/wp\/v2\/product\/226914"}],"collection":[{"href":"https:\/\/compuviper.mx\/tienda\/wp-json\/wp\/v2\/product"}],"about":[{"href":"https:\/\/compuviper.mx\/tienda\/wp-json\/wp\/v2\/types\/product"}],"replies":[{"embeddable":true,"href":"https:\/\/compuviper.mx\/tienda\/wp-json\/wp\/v2\/comments?post=226914"}],"wp:featuredmedia":[{"embeddable":true,"href":"https:\/\/compuviper.mx\/tienda\/wp-json\/wp\/v2\/media\/226915"}],"wp:attachment":[{"href":"https:\/\/compuviper.mx\/tienda\/wp-json\/wp\/v2\/media?parent=226914"}],"wp:term":[{"taxonomy":"product_cat","embeddable":true,"href":"https:\/\/compuviper.mx\/tienda\/wp-json\/wp\/v2\/product_cat?post=226914"},{"taxonomy":"product_tag","embeddable":true,"href":"https:\/\/compuviper.mx\/tienda\/wp-json\/wp\/v2\/product_tag?post=226914"}],"curies":[{"name":"wp","href":"https:\/\/api.w.org\/{rel}","templated":true}]}}