{"id":226912,"date":"2026-04-02T02:14:35","date_gmt":"2026-04-02T08:14:35","guid":{"rendered":"https:\/\/compuviper.mx\/tienda\/producto\/norton-21443261-esd-360-advanced-10-dispositivos-1-ao-descarga-digital\/"},"modified":"2026-04-02T02:14:35","modified_gmt":"2026-04-02T08:14:35","slug":"norton-21443261-esd-360-advanced-10-dispositivos-1-ao-descarga-digital","status":"publish","type":"product","link":"https:\/\/compuviper.mx\/tienda\/producto\/norton-21443261-esd-360-advanced-10-dispositivos-1-ao-descarga-digital\/","title":{"rendered":"Norton 21443261 Esd  360 Advanced \/ 10 Dispositivos  \/1 A?o \/ Descarga Digital"},"content":{"rendered":"<table class=\"descripcion\">\n<tr>\n<td>-seguridad de dispositivos<\/td>\n<\/tr>\n<tr>\n<td>No todas las funciones est\u00e1n disponibles en todos los dispositivos y plataformas.<\/td>\n<\/tr>\n<tr>\n<td>Control para padres de norton, copia de seguridad en la nube norton y norton safecam actualmente no son compatibles con mac os.<\/td>\n<\/tr>\n<tr>\n<td>Sistemas operativos windows\u0099<\/td>\n<\/tr>\n<tr>\n<td>Compatible con microsoft windows 11<\/td>\n<\/tr>\n<tr>\n<td>Microsoft windows 10 (todas las versiones).<\/td>\n<\/tr>\n<tr>\n<td>Microsoft windows 8\/8.1 (todas las versiones). algunas funciones de protecci\u00f3n no est\u00e1n disponibles en el modo de navegaci\u00f3n de la pantalla de inicio de windows 8.<\/td>\n<\/tr>\n<tr>\n<td>Microsoft windows 7 (todas las versiones) con service pack 1 (sp 1) o posterior con soporte de sha2<\/td>\n<\/tr>\n<tr>\n<td>Sistemas operativos mac\u00ae<\/td>\n<\/tr>\n<tr>\n<td>La versi\u00f3n actual de mac os y hasta dos versiones anteriores.<\/td>\n<\/tr>\n<tr>\n<td>Funciones no disponibles: copia de seguridad en la nube de norton, control para padres de norton y norton safecam.<\/td>\n<\/tr>\n<tr>\n<td>Sistemas operativos android\u0099<\/td>\n<\/tr>\n<tr>\n<td>Android 8.0 o posterior. se debe tener instalada la aplicaci\u00f3n google play. no se admite el modo multiusuario.<\/td>\n<\/tr>\n<tr>\n<td>Sistemas operativos ios<\/td>\n<\/tr>\n<tr>\n<td>Dispositivos iphone o ipad que ejecuten la versi\u00f3n actual de apple\u00ae ios o hasta dos versiones anteriores.<\/td>\n<\/tr>\n<tr>\n<td>-norton\u0099 secure vpn<\/td>\n<\/tr>\n<tr>\n<td>Disponible para windows\u0099 pc, mac\u00ae y dispositivos ios y android\u0099:<\/td>\n<\/tr>\n<tr>\n<td>Norton secure vpn es compatible con pc, mac, smartphones y tabletas con android, y dispositivos ipad y iphone. norton secure vpn puede utilizarse de manera ilimitada durante el periodo de suscripci\u00f3n en el n\u00famero indicado de dispositivos.<\/td>\n<\/tr>\n<tr>\n<td>Sistemas operativos windows\u0099<\/td>\n<\/tr>\n<tr>\n<td>Microsoft windows 7 con service pack 1 (sp 1) o posterior (todas las versiones).<\/td>\n<\/tr>\n<tr>\n<td>Microsoft windows 8\/8.1 (todas las versiones).<\/td>\n<\/tr>\n<tr>\n<td>Microsoft windows 10 (todas las versiones), excepto windows 10 en modo s<\/td>\n<\/tr>\n<tr>\n<td>Microsoft windows 11 (todas las versiones), excepto windows 11 en modo s<\/td>\n<\/tr>\n<tr>\n<td>Sistemas operativos mac\u00ae<\/td>\n<\/tr>\n<tr>\n<td>La versi\u00f3n actual de mac os y hasta dos versiones anteriores.<\/td>\n<\/tr>\n<tr>\n<td>Sistemas operativos android\u0099<\/td>\n<\/tr>\n<tr>\n<td>Dispositivos con android 8.0 o versiones posteriores.<\/td>\n<\/tr>\n<tr>\n<td>Sistemas operativos ios<\/td>\n<\/tr>\n<tr>\n<td>Dispositivos iphone o ipad que ejecuten la versi\u00f3n actual de apple\u00ae ios o hasta dos versiones anteriores.<\/td>\n<\/tr>\n<\/table>\n","protected":false},"excerpt":{"rendered":"<p>Potente seguridad de dispositivos, funciones de privacidad en l\u00ednea, como nuestra secure vpn, funciones de protecci\u00f3n de la identidad incluyendo dark web monitoring\u00a7, supervisi\u00f3n de redes sociales17y soporte para la restauraci\u00f3n: todo en una soluci\u00f3n \u00fanica.<\/p>\n","protected":false},"featured_media":226913,"comment_status":"open","ping_status":"open","template":"","meta":[],"product_cat":[2004,1827],"product_tag":[2040],"acf":[],"yoast_head":"<!-- This site is optimized with the Yoast SEO plugin v21.7 - https:\/\/yoast.com\/wordpress\/plugins\/seo\/ -->\n<title>[ Norton ] &#129351; 21443261 Esd 360 Advanced \/ 10 Dispositivos \/1 A\u00f1o \/ Descarga Digital<\/title>\n<meta name=\"description\" content=\"Compra 21443261 Esd 360 Advanced \/ 10 Dispositivos \/1 A\u00f1o \/ Descarga Digital + Env\u00edo a domicilio + Pago seguro + Garant\u00eda\" \/>\n<meta name=\"robots\" content=\"index, follow, max-snippet:-1, max-image-preview:large, max-video-preview:-1\" \/>\n<link rel=\"canonical\" href=\"https:\/\/compuviper.mx\/tienda\/producto\/norton-21443261-esd-360-advanced-10-dispositivos-1-ao-descarga-digital\/\" \/>\n<meta property=\"og:locale\" content=\"es_MX\" \/>\n<meta property=\"og:type\" content=\"article\" \/>\n<meta property=\"og:title\" content=\"[ Norton ] &#129351; 21443261 Esd 360 Advanced \/ 10 Dispositivos \/1 A\u00f1o \/ Descarga Digital\" \/>\n<meta property=\"og:description\" content=\"Compra 21443261 Esd 360 Advanced \/ 10 Dispositivos \/1 A\u00f1o \/ Descarga Digital + Env\u00edo a domicilio + Pago seguro + Garant\u00eda\" \/>\n<meta property=\"og:url\" content=\"https:\/\/compuviper.mx\/tienda\/producto\/norton-21443261-esd-360-advanced-10-dispositivos-1-ao-descarga-digital\/\" \/>\n<meta property=\"og:site_name\" content=\"Compuviper\" \/>\n<meta property=\"article:publisher\" content=\"https:\/\/www.facebook.com\/compuviper\" \/>\n<meta property=\"og:image\" content=\"https:\/\/compuviper.mx\/tienda\/wp-content\/uploads\/2023\/12\/Esd-norton-360-advanced-10-dispositivos-1-ano-descarga-digital.jpg\" \/>\n\t<meta property=\"og:image:width\" content=\"200\" \/>\n\t<meta property=\"og:image:height\" content=\"200\" \/>\n\t<meta property=\"og:image:type\" content=\"image\/jpeg\" \/>\n<meta name=\"twitter:card\" content=\"summary_large_image\" \/>\n<meta name=\"twitter:label1\" content=\"Precio\" \/>\n\t<meta name=\"twitter:data1\" content=\"&#36;527 &#36;369 con IVA\" \/>\n\t<meta name=\"twitter:label2\" content=\"Availability\" \/>\n\t<meta name=\"twitter:data2\" content=\"On backorder\" \/>\n<script type=\"application\/ld+json\" class=\"yoast-schema-graph\">{\"@context\":\"https:\/\/schema.org\",\"@graph\":[{\"@type\":\"WebPage\",\"@id\":\"https:\/\/compuviper.mx\/tienda\/producto\/norton-21443261-esd-360-advanced-10-dispositivos-1-ao-descarga-digital\/\",\"url\":\"https:\/\/compuviper.mx\/tienda\/producto\/norton-21443261-esd-360-advanced-10-dispositivos-1-ao-descarga-digital\/\",\"name\":\"[ Norton ] &#129351; 21443261 Esd 360 Advanced \/ 10 Dispositivos \/1 A\u00f1o \/ Descarga Digital\",\"isPartOf\":{\"@id\":\"https:\/\/compuviper.mx\/tienda\/#website\"},\"datePublished\":\"2026-04-02T08:14:35+00:00\",\"dateModified\":\"2026-04-02T08:14:35+00:00\",\"description\":\"Compra 21443261 Esd 360 Advanced \/ 10 Dispositivos \/1 A\u00f1o \/ Descarga Digital + Env\u00edo a domicilio + Pago seguro + Garant\u00eda\",\"breadcrumb\":{\"@id\":\"https:\/\/compuviper.mx\/tienda\/producto\/norton-21443261-esd-360-advanced-10-dispositivos-1-ao-descarga-digital\/#breadcrumb\"},\"inLanguage\":\"es-MX\",\"potentialAction\":[{\"@type\":\"ReadAction\",\"target\":[\"https:\/\/compuviper.mx\/tienda\/producto\/norton-21443261-esd-360-advanced-10-dispositivos-1-ao-descarga-digital\/\"]}]},{\"@type\":\"BreadcrumbList\",\"@id\":\"https:\/\/compuviper.mx\/tienda\/producto\/norton-21443261-esd-360-advanced-10-dispositivos-1-ao-descarga-digital\/#breadcrumb\",\"itemListElement\":[{\"@type\":\"ListItem\",\"position\":1,\"name\":\"Inicio\",\"item\":\"https:\/\/compuviper.mx\/tienda\/\"},{\"@type\":\"ListItem\",\"position\":2,\"name\":\"Productos\",\"item\":\"https:\/\/compuviper.mx\/tienda\/productos\/\"},{\"@type\":\"ListItem\",\"position\":3,\"name\":\"Software\",\"item\":\"https:\/\/compuviper.mx\/tienda\/categoria-producto\/software\/\"},{\"@type\":\"ListItem\",\"position\":4,\"name\":\"Licenciamiento Esd\",\"item\":\"https:\/\/compuviper.mx\/tienda\/categoria-producto\/software\/licenciamiento-esd\/\"},{\"@type\":\"ListItem\",\"position\":5,\"name\":\"Norton 21443261 Esd 360 Advanced \/ 10 Dispositivos \/1 A?o \/ Descarga Digital\"}]},{\"@type\":\"WebSite\",\"@id\":\"https:\/\/compuviper.mx\/tienda\/#website\",\"url\":\"https:\/\/compuviper.mx\/tienda\/\",\"name\":\"Compuviper\",\"description\":\"Proveedor de Computadoras, Laptops, Servidores, Monitores, Puntos de Venta, Teclados,   Impresoras, T\u00f3ner, C\u00e1maras de Seguridad y m\u00e1s en tu tienda en l\u00ednea\",\"publisher\":{\"@id\":\"https:\/\/compuviper.mx\/tienda\/#organization\"},\"potentialAction\":[{\"@type\":\"SearchAction\",\"target\":{\"@type\":\"EntryPoint\",\"urlTemplate\":\"https:\/\/compuviper.mx\/tienda\/?s={search_term_string}\"},\"query-input\":\"required name=search_term_string\"}],\"inLanguage\":\"es-MX\"},{\"@type\":\"Organization\",\"@id\":\"https:\/\/compuviper.mx\/tienda\/#organization\",\"name\":\"Compuviper\",\"url\":\"https:\/\/compuviper.mx\/tienda\/\",\"logo\":{\"@type\":\"ImageObject\",\"inLanguage\":\"es-MX\",\"@id\":\"https:\/\/compuviper.mx\/tienda\/#\/schema\/logo\/image\/\",\"url\":\"https:\/\/compuviper.mx\/tienda\/wp-content\/uploads\/2021\/08\/Logo-Compuviper-10.png\",\"contentUrl\":\"https:\/\/compuviper.mx\/tienda\/wp-content\/uploads\/2021\/08\/Logo-Compuviper-10.png\",\"width\":1000,\"height\":500,\"caption\":\"Compuviper\"},\"image\":{\"@id\":\"https:\/\/compuviper.mx\/tienda\/#\/schema\/logo\/image\/\"},\"sameAs\":[\"https:\/\/www.facebook.com\/compuviper\",\"https:\/\/www.youtube.com\/channel\/UCf73dERp9Y3cfOq7q8BhLjA?view_as=subscriber\"]}]}<\/script>\n<meta property=\"product:brand\" content=\"NORTON\" \/>\n<meta property=\"product:price:amount\" content=\"369\" \/>\n<meta property=\"product:price:currency\" content=\"MXN\" \/>\n<meta property=\"og:availability\" content=\"backorder\" \/>\n<meta property=\"product:availability\" content=\"available for order\" \/>\n<meta property=\"product:retailer_item_id\" content=\"21443261\" \/>\n<meta property=\"product:condition\" content=\"new\" \/>\n<!-- \/ Yoast SEO plugin. -->","yoast_head_json":{"title":"[ Norton ] &#129351; 21443261 Esd 360 Advanced \/ 10 Dispositivos \/1 A\u00f1o \/ Descarga Digital","description":"Compra 21443261 Esd 360 Advanced \/ 10 Dispositivos \/1 A\u00f1o \/ Descarga Digital + Env\u00edo a domicilio + Pago seguro + Garant\u00eda","robots":{"index":"index","follow":"follow","max-snippet":"max-snippet:-1","max-image-preview":"max-image-preview:large","max-video-preview":"max-video-preview:-1"},"canonical":"https:\/\/compuviper.mx\/tienda\/producto\/norton-21443261-esd-360-advanced-10-dispositivos-1-ao-descarga-digital\/","og_locale":"es_MX","og_type":"article","og_title":"[ Norton ] &#129351; 21443261 Esd 360 Advanced \/ 10 Dispositivos \/1 A\u00f1o \/ Descarga Digital","og_description":"Compra 21443261 Esd 360 Advanced \/ 10 Dispositivos \/1 A\u00f1o \/ Descarga Digital + Env\u00edo a domicilio + Pago seguro + Garant\u00eda","og_url":"https:\/\/compuviper.mx\/tienda\/producto\/norton-21443261-esd-360-advanced-10-dispositivos-1-ao-descarga-digital\/","og_site_name":"Compuviper","article_publisher":"https:\/\/www.facebook.com\/compuviper","og_image":[{"width":200,"height":200,"url":"https:\/\/compuviper.mx\/tienda\/wp-content\/uploads\/2023\/12\/Esd-norton-360-advanced-10-dispositivos-1-ano-descarga-digital.jpg","type":"image\/jpeg"}],"twitter_card":"summary_large_image","twitter_misc":{"Precio":"&#36;527 &#36;369 con IVA","Availability":"On backorder"},"schema":{"@context":"https:\/\/schema.org","@graph":[{"@type":"WebPage","@id":"https:\/\/compuviper.mx\/tienda\/producto\/norton-21443261-esd-360-advanced-10-dispositivos-1-ao-descarga-digital\/","url":"https:\/\/compuviper.mx\/tienda\/producto\/norton-21443261-esd-360-advanced-10-dispositivos-1-ao-descarga-digital\/","name":"[ Norton ] &#129351; 21443261 Esd 360 Advanced \/ 10 Dispositivos \/1 A\u00f1o \/ Descarga Digital","isPartOf":{"@id":"https:\/\/compuviper.mx\/tienda\/#website"},"datePublished":"2026-04-02T08:14:35+00:00","dateModified":"2026-04-02T08:14:35+00:00","description":"Compra 21443261 Esd 360 Advanced \/ 10 Dispositivos \/1 A\u00f1o \/ Descarga Digital + Env\u00edo a domicilio + Pago seguro + Garant\u00eda","breadcrumb":{"@id":"https:\/\/compuviper.mx\/tienda\/producto\/norton-21443261-esd-360-advanced-10-dispositivos-1-ao-descarga-digital\/#breadcrumb"},"inLanguage":"es-MX","potentialAction":[{"@type":"ReadAction","target":["https:\/\/compuviper.mx\/tienda\/producto\/norton-21443261-esd-360-advanced-10-dispositivos-1-ao-descarga-digital\/"]}]},{"@type":"BreadcrumbList","@id":"https:\/\/compuviper.mx\/tienda\/producto\/norton-21443261-esd-360-advanced-10-dispositivos-1-ao-descarga-digital\/#breadcrumb","itemListElement":[{"@type":"ListItem","position":1,"name":"Inicio","item":"https:\/\/compuviper.mx\/tienda\/"},{"@type":"ListItem","position":2,"name":"Productos","item":"https:\/\/compuviper.mx\/tienda\/productos\/"},{"@type":"ListItem","position":3,"name":"Software","item":"https:\/\/compuviper.mx\/tienda\/categoria-producto\/software\/"},{"@type":"ListItem","position":4,"name":"Licenciamiento Esd","item":"https:\/\/compuviper.mx\/tienda\/categoria-producto\/software\/licenciamiento-esd\/"},{"@type":"ListItem","position":5,"name":"Norton 21443261 Esd 360 Advanced \/ 10 Dispositivos \/1 A?o \/ Descarga Digital"}]},{"@type":"WebSite","@id":"https:\/\/compuviper.mx\/tienda\/#website","url":"https:\/\/compuviper.mx\/tienda\/","name":"Compuviper","description":"Proveedor de Computadoras, Laptops, Servidores, Monitores, Puntos de Venta, Teclados,   Impresoras, T\u00f3ner, C\u00e1maras de Seguridad y m\u00e1s en tu tienda en l\u00ednea","publisher":{"@id":"https:\/\/compuviper.mx\/tienda\/#organization"},"potentialAction":[{"@type":"SearchAction","target":{"@type":"EntryPoint","urlTemplate":"https:\/\/compuviper.mx\/tienda\/?s={search_term_string}"},"query-input":"required name=search_term_string"}],"inLanguage":"es-MX"},{"@type":"Organization","@id":"https:\/\/compuviper.mx\/tienda\/#organization","name":"Compuviper","url":"https:\/\/compuviper.mx\/tienda\/","logo":{"@type":"ImageObject","inLanguage":"es-MX","@id":"https:\/\/compuviper.mx\/tienda\/#\/schema\/logo\/image\/","url":"https:\/\/compuviper.mx\/tienda\/wp-content\/uploads\/2021\/08\/Logo-Compuviper-10.png","contentUrl":"https:\/\/compuviper.mx\/tienda\/wp-content\/uploads\/2021\/08\/Logo-Compuviper-10.png","width":1000,"height":500,"caption":"Compuviper"},"image":{"@id":"https:\/\/compuviper.mx\/tienda\/#\/schema\/logo\/image\/"},"sameAs":["https:\/\/www.facebook.com\/compuviper","https:\/\/www.youtube.com\/channel\/UCf73dERp9Y3cfOq7q8BhLjA?view_as=subscriber"]}]},"product_brand":"NORTON","product_price_amount":"369","product_price_currency":"MXN","og_availability":"backorder","product_availability":"available for order","product_retailer_item_id":"21443261","product_condition":"new"},"_links":{"self":[{"href":"https:\/\/compuviper.mx\/tienda\/wp-json\/wp\/v2\/product\/226912"}],"collection":[{"href":"https:\/\/compuviper.mx\/tienda\/wp-json\/wp\/v2\/product"}],"about":[{"href":"https:\/\/compuviper.mx\/tienda\/wp-json\/wp\/v2\/types\/product"}],"replies":[{"embeddable":true,"href":"https:\/\/compuviper.mx\/tienda\/wp-json\/wp\/v2\/comments?post=226912"}],"wp:featuredmedia":[{"embeddable":true,"href":"https:\/\/compuviper.mx\/tienda\/wp-json\/wp\/v2\/media\/226913"}],"wp:attachment":[{"href":"https:\/\/compuviper.mx\/tienda\/wp-json\/wp\/v2\/media?parent=226912"}],"wp:term":[{"taxonomy":"product_cat","embeddable":true,"href":"https:\/\/compuviper.mx\/tienda\/wp-json\/wp\/v2\/product_cat?post=226912"},{"taxonomy":"product_tag","embeddable":true,"href":"https:\/\/compuviper.mx\/tienda\/wp-json\/wp\/v2\/product_tag?post=226912"}],"curies":[{"name":"wp","href":"https:\/\/api.w.org\/{rel}","templated":true}]}}