{"id":226902,"date":"2026-04-02T02:14:31","date_gmt":"2026-04-02T08:14:31","guid":{"rendered":"https:\/\/compuviper.mx\/tienda\/producto\/hikvision-hc-p-vss-b-64c-licencia-hikcentral-professional-licencia-base-de-videovigilancia-incluye-64-canales-de-vdeo-hikcentral-p-vss-base-64ch\/"},"modified":"2026-04-02T02:14:32","modified_gmt":"2026-04-02T08:14:32","slug":"hikvision-hc-p-vss-b-64c-licencia-hikcentral-professional-licencia-base-de-videovigilancia-incluye-64-canales-de-vdeo-hikcentral-p-vss-base-64ch","status":"publish","type":"product","link":"https:\/\/compuviper.mx\/tienda\/producto\/hikvision-hc-p-vss-b-64c-licencia-hikcentral-professional-licencia-base-de-videovigilancia-incluye-64-canales-de-vdeo-hikcentral-p-vss-base-64ch\/","title":{"rendered":"Hikvision Hc-p-vss-b\/64c Licencia   Hikcentral Professional \/ Licencia Base De Videovigilancia \/ Incluye 64 Canales De V?deo (hikcentral-p-vss-base\/64ch)"},"content":{"rendered":"<table class=\"descripcion\">\n<tr>\n<td>Caracteristicas principales:<\/td>\n<\/tr>\n<tr>\n<td>    esta licencia incluye la base de videovigilacia y 64 canales de video<\/td>\n<\/tr>\n<tr>\n<td>    para a\u00f1adir canales adicionales de video necesita la licencia hc-p-vss\/1c<\/td>\n<\/tr>\n<\/table>\n","protected":false},"excerpt":{"rendered":"<p>Consideraciones.     Al comprar cualquier licencia de hik-central profesional, usted recibir\u00e1 un archivo pdf en donde obtendra un codigo para poder activar \/ a\u00f1adir la licencia a la plataforma.     Todas las licencias de hik-central profesional, tienen un tiempo estimado de entrega de 8 a 10 dias despues de generar la compra de la licencia.     No hay devoluciones o reembolso de la licencia adquirida. Tampoco aplica cancelaci\u00f3n si ya se dio un anticipo para poder procesar la compra.<\/p>\n","protected":false},"featured_media":226903,"comment_status":"open","ping_status":"open","template":"","meta":[],"product_cat":[2001,1827],"product_tag":[1595],"acf":[],"yoast_head":"<!-- This site is optimized with the Yoast SEO plugin v21.7 - https:\/\/yoast.com\/wordpress\/plugins\/seo\/ -->\n<title>[ Hikvision ] &#129351; Hc-p-vss-b\/64c Licencia Hikcentral Professional \/ Licencia Base De Videovigilancia \/ Incluye 64 Canales De V\u00eddeo (hikcentral-p-vss-base\/64ch)<\/title>\n<meta name=\"description\" content=\"Compra Hc-p-vss-b\/64c Licencia Hikcentral Professional \/ Licencia Base De Videovigilancia \/ Incluye 64 Canales De V\u00eddeo (hikcentral-p-vss-base\/64ch) + Env\u00edo a domicilio + Pago seguro + Garant\u00eda\" \/>\n<meta name=\"robots\" content=\"index, follow, max-snippet:-1, max-image-preview:large, max-video-preview:-1\" \/>\n<link rel=\"canonical\" href=\"https:\/\/compuviper.mx\/tienda\/producto\/hikvision-hc-p-vss-b-64c-licencia-hikcentral-professional-licencia-base-de-videovigilancia-incluye-64-canales-de-vdeo-hikcentral-p-vss-base-64ch\/\" \/>\n<meta property=\"og:locale\" content=\"es_MX\" \/>\n<meta property=\"og:type\" content=\"article\" \/>\n<meta property=\"og:title\" content=\"[ Hikvision ] &#129351; Hc-p-vss-b\/64c Licencia Hikcentral Professional \/ Licencia Base De Videovigilancia \/ Incluye 64 Canales De V\u00eddeo (hikcentral-p-vss-base\/64ch)\" \/>\n<meta property=\"og:description\" content=\"Compra Hc-p-vss-b\/64c Licencia Hikcentral Professional \/ Licencia Base De Videovigilancia \/ Incluye 64 Canales De V\u00eddeo (hikcentral-p-vss-base\/64ch) + Env\u00edo a domicilio + Pago seguro + Garant\u00eda\" \/>\n<meta property=\"og:url\" content=\"https:\/\/compuviper.mx\/tienda\/producto\/hikvision-hc-p-vss-b-64c-licencia-hikcentral-professional-licencia-base-de-videovigilancia-incluye-64-canales-de-vdeo-hikcentral-p-vss-base-64ch\/\" \/>\n<meta property=\"og:site_name\" content=\"Compuviper\" \/>\n<meta property=\"article:publisher\" content=\"https:\/\/www.facebook.com\/compuviper\" \/>\n<meta property=\"article:modified_time\" content=\"2026-04-02T08:14:32+00:00\" \/>\n<meta property=\"og:image\" content=\"https:\/\/compuviper.mx\/tienda\/wp-content\/uploads\/2023\/12\/Licencia-hikvision-hc-p-vss-b64c-hikcentral-professional-licencia-base-de-videovigilancia-incluye-64-canales-de-video-hikcentral-p-vss-base64ch.jpg\" \/>\n\t<meta property=\"og:image:width\" content=\"200\" \/>\n\t<meta property=\"og:image:height\" content=\"200\" \/>\n\t<meta property=\"og:image:type\" content=\"image\/jpeg\" \/>\n<meta name=\"twitter:card\" content=\"summary_large_image\" \/>\n<meta name=\"twitter:label1\" content=\"Precio\" \/>\n\t<meta name=\"twitter:data1\" content=\"&#36;39,300 con IVA\" \/>\n\t<meta name=\"twitter:label2\" content=\"Availability\" \/>\n\t<meta name=\"twitter:data2\" content=\"On backorder\" \/>\n<script type=\"application\/ld+json\" class=\"yoast-schema-graph\">{\"@context\":\"https:\/\/schema.org\",\"@graph\":[{\"@type\":\"WebPage\",\"@id\":\"https:\/\/compuviper.mx\/tienda\/producto\/hikvision-hc-p-vss-b-64c-licencia-hikcentral-professional-licencia-base-de-videovigilancia-incluye-64-canales-de-vdeo-hikcentral-p-vss-base-64ch\/\",\"url\":\"https:\/\/compuviper.mx\/tienda\/producto\/hikvision-hc-p-vss-b-64c-licencia-hikcentral-professional-licencia-base-de-videovigilancia-incluye-64-canales-de-vdeo-hikcentral-p-vss-base-64ch\/\",\"name\":\"[ Hikvision ] &#129351; Hc-p-vss-b\/64c Licencia Hikcentral Professional \/ Licencia Base De Videovigilancia \/ Incluye 64 Canales De V\u00eddeo (hikcentral-p-vss-base\/64ch)\",\"isPartOf\":{\"@id\":\"https:\/\/compuviper.mx\/tienda\/#website\"},\"datePublished\":\"2026-04-02T08:14:31+00:00\",\"dateModified\":\"2026-04-02T08:14:32+00:00\",\"description\":\"Compra Hc-p-vss-b\/64c Licencia Hikcentral Professional \/ Licencia Base De Videovigilancia \/ Incluye 64 Canales De V\u00eddeo (hikcentral-p-vss-base\/64ch) + Env\u00edo a domicilio + Pago seguro + Garant\u00eda\",\"breadcrumb\":{\"@id\":\"https:\/\/compuviper.mx\/tienda\/producto\/hikvision-hc-p-vss-b-64c-licencia-hikcentral-professional-licencia-base-de-videovigilancia-incluye-64-canales-de-vdeo-hikcentral-p-vss-base-64ch\/#breadcrumb\"},\"inLanguage\":\"es-MX\",\"potentialAction\":[{\"@type\":\"ReadAction\",\"target\":[\"https:\/\/compuviper.mx\/tienda\/producto\/hikvision-hc-p-vss-b-64c-licencia-hikcentral-professional-licencia-base-de-videovigilancia-incluye-64-canales-de-vdeo-hikcentral-p-vss-base-64ch\/\"]}]},{\"@type\":\"BreadcrumbList\",\"@id\":\"https:\/\/compuviper.mx\/tienda\/producto\/hikvision-hc-p-vss-b-64c-licencia-hikcentral-professional-licencia-base-de-videovigilancia-incluye-64-canales-de-vdeo-hikcentral-p-vss-base-64ch\/#breadcrumb\",\"itemListElement\":[{\"@type\":\"ListItem\",\"position\":1,\"name\":\"Inicio\",\"item\":\"https:\/\/compuviper.mx\/tienda\/\"},{\"@type\":\"ListItem\",\"position\":2,\"name\":\"Productos\",\"item\":\"https:\/\/compuviper.mx\/tienda\/productos\/\"},{\"@type\":\"ListItem\",\"position\":3,\"name\":\"Software\",\"item\":\"https:\/\/compuviper.mx\/tienda\/categoria-producto\/software\/\"},{\"@type\":\"ListItem\",\"position\":4,\"name\":\"Licenciamiento Electronico\",\"item\":\"https:\/\/compuviper.mx\/tienda\/categoria-producto\/software\/licenciamiento-electronico\/\"},{\"@type\":\"ListItem\",\"position\":5,\"name\":\"Hikvision Hc-p-vss-b\/64c Licencia Hikcentral Professional \/ Licencia Base De Videovigilancia \/ Incluye 64 Canales De V?deo (hikcentral-p-vss-base\/64ch)\"}]},{\"@type\":\"WebSite\",\"@id\":\"https:\/\/compuviper.mx\/tienda\/#website\",\"url\":\"https:\/\/compuviper.mx\/tienda\/\",\"name\":\"Compuviper\",\"description\":\"Proveedor de Computadoras, Laptops, Servidores, Monitores, Puntos de Venta, Teclados,   Impresoras, T\u00f3ner, C\u00e1maras de Seguridad y m\u00e1s en tu tienda en l\u00ednea\",\"publisher\":{\"@id\":\"https:\/\/compuviper.mx\/tienda\/#organization\"},\"potentialAction\":[{\"@type\":\"SearchAction\",\"target\":{\"@type\":\"EntryPoint\",\"urlTemplate\":\"https:\/\/compuviper.mx\/tienda\/?s={search_term_string}\"},\"query-input\":\"required name=search_term_string\"}],\"inLanguage\":\"es-MX\"},{\"@type\":\"Organization\",\"@id\":\"https:\/\/compuviper.mx\/tienda\/#organization\",\"name\":\"Compuviper\",\"url\":\"https:\/\/compuviper.mx\/tienda\/\",\"logo\":{\"@type\":\"ImageObject\",\"inLanguage\":\"es-MX\",\"@id\":\"https:\/\/compuviper.mx\/tienda\/#\/schema\/logo\/image\/\",\"url\":\"https:\/\/compuviper.mx\/tienda\/wp-content\/uploads\/2021\/08\/Logo-Compuviper-10.png\",\"contentUrl\":\"https:\/\/compuviper.mx\/tienda\/wp-content\/uploads\/2021\/08\/Logo-Compuviper-10.png\",\"width\":1000,\"height\":500,\"caption\":\"Compuviper\"},\"image\":{\"@id\":\"https:\/\/compuviper.mx\/tienda\/#\/schema\/logo\/image\/\"},\"sameAs\":[\"https:\/\/www.facebook.com\/compuviper\",\"https:\/\/www.youtube.com\/channel\/UCf73dERp9Y3cfOq7q8BhLjA?view_as=subscriber\"]}]}<\/script>\n<meta property=\"product:brand\" content=\"HIKVISION\" \/>\n<meta property=\"product:price:amount\" content=\"39300\" \/>\n<meta property=\"product:price:currency\" content=\"MXN\" \/>\n<meta property=\"og:availability\" content=\"backorder\" \/>\n<meta property=\"product:availability\" content=\"available for order\" \/>\n<meta property=\"product:retailer_item_id\" content=\"HC-P-VSS-B\/64C\" \/>\n<meta property=\"product:condition\" content=\"new\" \/>\n<!-- \/ Yoast SEO plugin. -->","yoast_head_json":{"title":"[ Hikvision ] &#129351; Hc-p-vss-b\/64c Licencia Hikcentral Professional \/ Licencia Base De Videovigilancia \/ Incluye 64 Canales De V\u00eddeo (hikcentral-p-vss-base\/64ch)","description":"Compra Hc-p-vss-b\/64c Licencia Hikcentral Professional \/ Licencia Base De Videovigilancia \/ Incluye 64 Canales De V\u00eddeo (hikcentral-p-vss-base\/64ch) + Env\u00edo a domicilio + Pago seguro + Garant\u00eda","robots":{"index":"index","follow":"follow","max-snippet":"max-snippet:-1","max-image-preview":"max-image-preview:large","max-video-preview":"max-video-preview:-1"},"canonical":"https:\/\/compuviper.mx\/tienda\/producto\/hikvision-hc-p-vss-b-64c-licencia-hikcentral-professional-licencia-base-de-videovigilancia-incluye-64-canales-de-vdeo-hikcentral-p-vss-base-64ch\/","og_locale":"es_MX","og_type":"article","og_title":"[ Hikvision ] &#129351; Hc-p-vss-b\/64c Licencia Hikcentral Professional \/ Licencia Base De Videovigilancia \/ Incluye 64 Canales De V\u00eddeo (hikcentral-p-vss-base\/64ch)","og_description":"Compra Hc-p-vss-b\/64c Licencia Hikcentral Professional \/ Licencia Base De Videovigilancia \/ Incluye 64 Canales De V\u00eddeo (hikcentral-p-vss-base\/64ch) + Env\u00edo a domicilio + Pago seguro + Garant\u00eda","og_url":"https:\/\/compuviper.mx\/tienda\/producto\/hikvision-hc-p-vss-b-64c-licencia-hikcentral-professional-licencia-base-de-videovigilancia-incluye-64-canales-de-vdeo-hikcentral-p-vss-base-64ch\/","og_site_name":"Compuviper","article_publisher":"https:\/\/www.facebook.com\/compuviper","article_modified_time":"2026-04-02T08:14:32+00:00","og_image":[{"width":200,"height":200,"url":"https:\/\/compuviper.mx\/tienda\/wp-content\/uploads\/2023\/12\/Licencia-hikvision-hc-p-vss-b64c-hikcentral-professional-licencia-base-de-videovigilancia-incluye-64-canales-de-video-hikcentral-p-vss-base64ch.jpg","type":"image\/jpeg"}],"twitter_card":"summary_large_image","twitter_misc":{"Precio":"&#36;39,300 con IVA","Availability":"On backorder"},"schema":{"@context":"https:\/\/schema.org","@graph":[{"@type":"WebPage","@id":"https:\/\/compuviper.mx\/tienda\/producto\/hikvision-hc-p-vss-b-64c-licencia-hikcentral-professional-licencia-base-de-videovigilancia-incluye-64-canales-de-vdeo-hikcentral-p-vss-base-64ch\/","url":"https:\/\/compuviper.mx\/tienda\/producto\/hikvision-hc-p-vss-b-64c-licencia-hikcentral-professional-licencia-base-de-videovigilancia-incluye-64-canales-de-vdeo-hikcentral-p-vss-base-64ch\/","name":"[ Hikvision ] &#129351; Hc-p-vss-b\/64c Licencia Hikcentral Professional \/ Licencia Base De Videovigilancia \/ Incluye 64 Canales De V\u00eddeo (hikcentral-p-vss-base\/64ch)","isPartOf":{"@id":"https:\/\/compuviper.mx\/tienda\/#website"},"datePublished":"2026-04-02T08:14:31+00:00","dateModified":"2026-04-02T08:14:32+00:00","description":"Compra Hc-p-vss-b\/64c Licencia Hikcentral Professional \/ Licencia Base De Videovigilancia \/ Incluye 64 Canales De V\u00eddeo (hikcentral-p-vss-base\/64ch) + Env\u00edo a domicilio + Pago seguro + Garant\u00eda","breadcrumb":{"@id":"https:\/\/compuviper.mx\/tienda\/producto\/hikvision-hc-p-vss-b-64c-licencia-hikcentral-professional-licencia-base-de-videovigilancia-incluye-64-canales-de-vdeo-hikcentral-p-vss-base-64ch\/#breadcrumb"},"inLanguage":"es-MX","potentialAction":[{"@type":"ReadAction","target":["https:\/\/compuviper.mx\/tienda\/producto\/hikvision-hc-p-vss-b-64c-licencia-hikcentral-professional-licencia-base-de-videovigilancia-incluye-64-canales-de-vdeo-hikcentral-p-vss-base-64ch\/"]}]},{"@type":"BreadcrumbList","@id":"https:\/\/compuviper.mx\/tienda\/producto\/hikvision-hc-p-vss-b-64c-licencia-hikcentral-professional-licencia-base-de-videovigilancia-incluye-64-canales-de-vdeo-hikcentral-p-vss-base-64ch\/#breadcrumb","itemListElement":[{"@type":"ListItem","position":1,"name":"Inicio","item":"https:\/\/compuviper.mx\/tienda\/"},{"@type":"ListItem","position":2,"name":"Productos","item":"https:\/\/compuviper.mx\/tienda\/productos\/"},{"@type":"ListItem","position":3,"name":"Software","item":"https:\/\/compuviper.mx\/tienda\/categoria-producto\/software\/"},{"@type":"ListItem","position":4,"name":"Licenciamiento Electronico","item":"https:\/\/compuviper.mx\/tienda\/categoria-producto\/software\/licenciamiento-electronico\/"},{"@type":"ListItem","position":5,"name":"Hikvision Hc-p-vss-b\/64c Licencia Hikcentral Professional \/ Licencia Base De Videovigilancia \/ Incluye 64 Canales De V?deo (hikcentral-p-vss-base\/64ch)"}]},{"@type":"WebSite","@id":"https:\/\/compuviper.mx\/tienda\/#website","url":"https:\/\/compuviper.mx\/tienda\/","name":"Compuviper","description":"Proveedor de Computadoras, Laptops, Servidores, Monitores, Puntos de Venta, Teclados,   Impresoras, T\u00f3ner, C\u00e1maras de Seguridad y m\u00e1s en tu tienda en l\u00ednea","publisher":{"@id":"https:\/\/compuviper.mx\/tienda\/#organization"},"potentialAction":[{"@type":"SearchAction","target":{"@type":"EntryPoint","urlTemplate":"https:\/\/compuviper.mx\/tienda\/?s={search_term_string}"},"query-input":"required name=search_term_string"}],"inLanguage":"es-MX"},{"@type":"Organization","@id":"https:\/\/compuviper.mx\/tienda\/#organization","name":"Compuviper","url":"https:\/\/compuviper.mx\/tienda\/","logo":{"@type":"ImageObject","inLanguage":"es-MX","@id":"https:\/\/compuviper.mx\/tienda\/#\/schema\/logo\/image\/","url":"https:\/\/compuviper.mx\/tienda\/wp-content\/uploads\/2021\/08\/Logo-Compuviper-10.png","contentUrl":"https:\/\/compuviper.mx\/tienda\/wp-content\/uploads\/2021\/08\/Logo-Compuviper-10.png","width":1000,"height":500,"caption":"Compuviper"},"image":{"@id":"https:\/\/compuviper.mx\/tienda\/#\/schema\/logo\/image\/"},"sameAs":["https:\/\/www.facebook.com\/compuviper","https:\/\/www.youtube.com\/channel\/UCf73dERp9Y3cfOq7q8BhLjA?view_as=subscriber"]}]},"product_brand":"HIKVISION","product_price_amount":"39300","product_price_currency":"MXN","og_availability":"backorder","product_availability":"available for order","product_retailer_item_id":"HC-P-VSS-B\/64C","product_condition":"new"},"_links":{"self":[{"href":"https:\/\/compuviper.mx\/tienda\/wp-json\/wp\/v2\/product\/226902"}],"collection":[{"href":"https:\/\/compuviper.mx\/tienda\/wp-json\/wp\/v2\/product"}],"about":[{"href":"https:\/\/compuviper.mx\/tienda\/wp-json\/wp\/v2\/types\/product"}],"replies":[{"embeddable":true,"href":"https:\/\/compuviper.mx\/tienda\/wp-json\/wp\/v2\/comments?post=226902"}],"wp:featuredmedia":[{"embeddable":true,"href":"https:\/\/compuviper.mx\/tienda\/wp-json\/wp\/v2\/media\/226903"}],"wp:attachment":[{"href":"https:\/\/compuviper.mx\/tienda\/wp-json\/wp\/v2\/media?parent=226902"}],"wp:term":[{"taxonomy":"product_cat","embeddable":true,"href":"https:\/\/compuviper.mx\/tienda\/wp-json\/wp\/v2\/product_cat?post=226902"},{"taxonomy":"product_tag","embeddable":true,"href":"https:\/\/compuviper.mx\/tienda\/wp-json\/wp\/v2\/product_tag?post=226902"}],"curies":[{"name":"wp","href":"https:\/\/api.w.org\/{rel}","templated":true}]}}