{"id":226790,"date":"2026-04-09T02:20:30","date_gmt":"2026-04-09T08:20:30","guid":{"rendered":"https:\/\/compuviper.mx\/tienda\/producto\/lenovo-7s050084ww-cal-para-1-usuario-remoto-microsoft-windows-server-std-2022-rok-fisico\/"},"modified":"2026-04-09T02:20:31","modified_gmt":"2026-04-09T08:20:31","slug":"lenovo-7s050084ww-cal-para-1-usuario-remoto-microsoft-windows-server-std-2022-rok-fisico","status":"publish","type":"product","link":"https:\/\/compuviper.mx\/tienda\/producto\/lenovo-7s050084ww-cal-para-1-usuario-remoto-microsoft-windows-server-std-2022-rok-fisico\/","title":{"rendered":"Lenovo 7s050084ww  Cal Para 1 Usuario Remoto Microsoft Windows Server Std 2022 Rok Fisico"},"content":{"rendered":"<table class=\"descripcion\">\n<tr>\n<td>Lenovo cal para 1 usuario remoto microsoft windows server std 2022 rok fisico<\/td>\n<\/tr>\n<tr>\n<td>\u00bfqu\u00e9 es una cal?<\/td>\n<\/tr>\n<tr>\n<td>Excelente pregunta. las licencias de acceso de clientes (cal) son necesarias para los usuarios o dispositivos que accedan o utilizan un servidor con un sistema operativo windows server. cada usuario o dispositivo que acceda al servidor necesita su propia cal. las cal se venden por separado de las licencias de sistema operativo windows server, pero se pueden comprar en cualquier momento para ajustarse a las necesidades cambiantes de su negocio.<\/td>\n<\/tr>\n<tr>\n<td>Buenas noticias. lenovo lo facilita. vendemos nuestras cal en paquetes de 1, 5, 10 y 50 para que pueda comprar lo que necesite cuando lo necesite. las cal de lenovo son portables y pueden utilizarse en cualquier servidor, independientemente del fabricante. incluso les damos a nuestras cal su propio n\u00famero de componente de lenovo para que pedirlas sea muy sencillo. en lenovo, queremos que el cumplimiento con las cal sea lo m\u00e1s f\u00e1cil y eficiente posible.<\/td>\n<\/tr>\n<\/table>\n","protected":false},"excerpt":{"rendered":"<p>\u00bfcu\u00e1ndo puedo comprar una cal? en cualquier momento. Los usuarios que ya poseen o est\u00e1n comprando una licencia de windows server pueden comprar las cal. Se pueden adquirir cal adicionales luego de la compra inicial del servidor. \u00bflas cal est\u00e1n incluidas en windows server 2022 no. Las cal no est\u00e1n incluidas en windows server 2022, lo que le da la flexibilidad de comprarlas cuando las necesite. \u00bfmis cal y servidores deben ser del mismo fabricante? no. Se puede usar cualquier tipo de cal (lenovo, vl, o minorista) para acceder a cualquier marca de servidor con un sistema operativo windows server. \u00bfcu\u00e1ndo necesito las cal? necesita las cal siempre que alg\u00fan usuario o dispositivo quiera acceder o utilizar su servidor.<\/p>\n","protected":false},"featured_media":226791,"comment_status":"open","ping_status":"open","template":"","meta":[],"product_cat":[1834,1827],"product_tag":[1578],"acf":[],"yoast_head":"<!-- This site is optimized with the Yoast SEO plugin v21.7 - https:\/\/yoast.com\/wordpress\/plugins\/seo\/ -->\n<title>[ Lenovo ] &#129351; 7s050084ww Cal Para 1 Usuario Remoto Microsoft Windows Server Std 2022 Rok Fisico<\/title>\n<meta name=\"description\" content=\"Compra 7s050084ww Cal Para 1 Usuario Remoto Microsoft Windows Server Std 2022 Rok Fisico + Env\u00edo a domicilio + Pago seguro + Garant\u00eda\" \/>\n<meta name=\"robots\" content=\"index, follow, max-snippet:-1, max-image-preview:large, max-video-preview:-1\" \/>\n<link rel=\"canonical\" href=\"https:\/\/compuviper.mx\/tienda\/producto\/lenovo-7s050084ww-cal-para-1-usuario-remoto-microsoft-windows-server-std-2022-rok-fisico\/\" \/>\n<meta property=\"og:locale\" content=\"es_MX\" \/>\n<meta property=\"og:type\" content=\"article\" \/>\n<meta property=\"og:title\" content=\"[ Lenovo ] &#129351; 7s050084ww Cal Para 1 Usuario Remoto Microsoft Windows Server Std 2022 Rok Fisico\" \/>\n<meta property=\"og:description\" content=\"Compra 7s050084ww Cal Para 1 Usuario Remoto Microsoft Windows Server Std 2022 Rok Fisico + Env\u00edo a domicilio + Pago seguro + Garant\u00eda\" \/>\n<meta property=\"og:url\" content=\"https:\/\/compuviper.mx\/tienda\/producto\/lenovo-7s050084ww-cal-para-1-usuario-remoto-microsoft-windows-server-std-2022-rok-fisico\/\" \/>\n<meta property=\"og:site_name\" content=\"Compuviper\" \/>\n<meta property=\"article:publisher\" content=\"https:\/\/www.facebook.com\/compuviper\" \/>\n<meta property=\"article:modified_time\" content=\"2026-04-09T08:20:31+00:00\" \/>\n<meta property=\"og:image\" content=\"https:\/\/compuviper.mx\/tienda\/wp-content\/uploads\/2023\/12\/Lenovo-cal-para-1-usuario-remoto-microsoft-windows-server-std-2022-rok-fisico.jpg\" \/>\n\t<meta property=\"og:image:width\" content=\"200\" \/>\n\t<meta property=\"og:image:height\" content=\"200\" \/>\n\t<meta property=\"og:image:type\" content=\"image\/jpeg\" \/>\n<meta name=\"twitter:card\" content=\"summary_large_image\" \/>\n<meta name=\"twitter:label1\" content=\"Precio\" \/>\n\t<meta name=\"twitter:data1\" content=\"&#36;4,516 &#36;4,244 con IVA\" \/>\n\t<meta name=\"twitter:label2\" content=\"Availability\" \/>\n\t<meta name=\"twitter:data2\" content=\"In stock\" \/>\n<script type=\"application\/ld+json\" class=\"yoast-schema-graph\">{\"@context\":\"https:\/\/schema.org\",\"@graph\":[{\"@type\":\"WebPage\",\"@id\":\"https:\/\/compuviper.mx\/tienda\/producto\/lenovo-7s050084ww-cal-para-1-usuario-remoto-microsoft-windows-server-std-2022-rok-fisico\/\",\"url\":\"https:\/\/compuviper.mx\/tienda\/producto\/lenovo-7s050084ww-cal-para-1-usuario-remoto-microsoft-windows-server-std-2022-rok-fisico\/\",\"name\":\"[ Lenovo ] &#129351; 7s050084ww Cal Para 1 Usuario Remoto Microsoft Windows Server Std 2022 Rok Fisico\",\"isPartOf\":{\"@id\":\"https:\/\/compuviper.mx\/tienda\/#website\"},\"datePublished\":\"2026-04-09T08:20:30+00:00\",\"dateModified\":\"2026-04-09T08:20:31+00:00\",\"description\":\"Compra 7s050084ww Cal Para 1 Usuario Remoto Microsoft Windows Server Std 2022 Rok Fisico + Env\u00edo a domicilio + Pago seguro + Garant\u00eda\",\"breadcrumb\":{\"@id\":\"https:\/\/compuviper.mx\/tienda\/producto\/lenovo-7s050084ww-cal-para-1-usuario-remoto-microsoft-windows-server-std-2022-rok-fisico\/#breadcrumb\"},\"inLanguage\":\"es-MX\",\"potentialAction\":[{\"@type\":\"ReadAction\",\"target\":[\"https:\/\/compuviper.mx\/tienda\/producto\/lenovo-7s050084ww-cal-para-1-usuario-remoto-microsoft-windows-server-std-2022-rok-fisico\/\"]}]},{\"@type\":\"BreadcrumbList\",\"@id\":\"https:\/\/compuviper.mx\/tienda\/producto\/lenovo-7s050084ww-cal-para-1-usuario-remoto-microsoft-windows-server-std-2022-rok-fisico\/#breadcrumb\",\"itemListElement\":[{\"@type\":\"ListItem\",\"position\":1,\"name\":\"Inicio\",\"item\":\"https:\/\/compuviper.mx\/tienda\/\"},{\"@type\":\"ListItem\",\"position\":2,\"name\":\"Productos\",\"item\":\"https:\/\/compuviper.mx\/tienda\/productos\/\"},{\"@type\":\"ListItem\",\"position\":3,\"name\":\"Software\",\"item\":\"https:\/\/compuviper.mx\/tienda\/categoria-producto\/software\/\"},{\"@type\":\"ListItem\",\"position\":4,\"name\":\"Licenciamiento Microsoft Rok\",\"item\":\"https:\/\/compuviper.mx\/tienda\/categoria-producto\/software\/licenciamiento-microsoft-rok\/\"},{\"@type\":\"ListItem\",\"position\":5,\"name\":\"Lenovo 7s050084ww Cal Para 1 Usuario Remoto Microsoft Windows Server Std 2022 Rok Fisico\"}]},{\"@type\":\"WebSite\",\"@id\":\"https:\/\/compuviper.mx\/tienda\/#website\",\"url\":\"https:\/\/compuviper.mx\/tienda\/\",\"name\":\"Compuviper\",\"description\":\"Proveedor de Computadoras, Laptops, Servidores, Monitores, Puntos de Venta, Teclados,   Impresoras, T\u00f3ner, C\u00e1maras de Seguridad y m\u00e1s en tu tienda en l\u00ednea\",\"publisher\":{\"@id\":\"https:\/\/compuviper.mx\/tienda\/#organization\"},\"potentialAction\":[{\"@type\":\"SearchAction\",\"target\":{\"@type\":\"EntryPoint\",\"urlTemplate\":\"https:\/\/compuviper.mx\/tienda\/?s={search_term_string}\"},\"query-input\":\"required name=search_term_string\"}],\"inLanguage\":\"es-MX\"},{\"@type\":\"Organization\",\"@id\":\"https:\/\/compuviper.mx\/tienda\/#organization\",\"name\":\"Compuviper\",\"url\":\"https:\/\/compuviper.mx\/tienda\/\",\"logo\":{\"@type\":\"ImageObject\",\"inLanguage\":\"es-MX\",\"@id\":\"https:\/\/compuviper.mx\/tienda\/#\/schema\/logo\/image\/\",\"url\":\"https:\/\/compuviper.mx\/tienda\/wp-content\/uploads\/2021\/08\/Logo-Compuviper-10.png\",\"contentUrl\":\"https:\/\/compuviper.mx\/tienda\/wp-content\/uploads\/2021\/08\/Logo-Compuviper-10.png\",\"width\":1000,\"height\":500,\"caption\":\"Compuviper\"},\"image\":{\"@id\":\"https:\/\/compuviper.mx\/tienda\/#\/schema\/logo\/image\/\"},\"sameAs\":[\"https:\/\/www.facebook.com\/compuviper\",\"https:\/\/www.youtube.com\/channel\/UCf73dERp9Y3cfOq7q8BhLjA?view_as=subscriber\"]}]}<\/script>\n<meta property=\"product:brand\" content=\"LENOVO\" \/>\n<meta property=\"product:price:amount\" content=\"4244\" \/>\n<meta property=\"product:price:currency\" content=\"MXN\" \/>\n<meta property=\"og:availability\" content=\"instock\" \/>\n<meta property=\"product:availability\" content=\"instock\" \/>\n<meta property=\"product:retailer_item_id\" content=\"7S050084WW\" \/>\n<meta property=\"product:condition\" content=\"new\" \/>\n<!-- \/ Yoast SEO plugin. -->","yoast_head_json":{"title":"[ Lenovo ] &#129351; 7s050084ww Cal Para 1 Usuario Remoto Microsoft Windows Server Std 2022 Rok Fisico","description":"Compra 7s050084ww Cal Para 1 Usuario Remoto Microsoft Windows Server Std 2022 Rok Fisico + Env\u00edo a domicilio + Pago seguro + Garant\u00eda","robots":{"index":"index","follow":"follow","max-snippet":"max-snippet:-1","max-image-preview":"max-image-preview:large","max-video-preview":"max-video-preview:-1"},"canonical":"https:\/\/compuviper.mx\/tienda\/producto\/lenovo-7s050084ww-cal-para-1-usuario-remoto-microsoft-windows-server-std-2022-rok-fisico\/","og_locale":"es_MX","og_type":"article","og_title":"[ Lenovo ] &#129351; 7s050084ww Cal Para 1 Usuario Remoto Microsoft Windows Server Std 2022 Rok Fisico","og_description":"Compra 7s050084ww Cal Para 1 Usuario Remoto Microsoft Windows Server Std 2022 Rok Fisico + Env\u00edo a domicilio + Pago seguro + Garant\u00eda","og_url":"https:\/\/compuviper.mx\/tienda\/producto\/lenovo-7s050084ww-cal-para-1-usuario-remoto-microsoft-windows-server-std-2022-rok-fisico\/","og_site_name":"Compuviper","article_publisher":"https:\/\/www.facebook.com\/compuviper","article_modified_time":"2026-04-09T08:20:31+00:00","og_image":[{"width":200,"height":200,"url":"https:\/\/compuviper.mx\/tienda\/wp-content\/uploads\/2023\/12\/Lenovo-cal-para-1-usuario-remoto-microsoft-windows-server-std-2022-rok-fisico.jpg","type":"image\/jpeg"}],"twitter_card":"summary_large_image","twitter_misc":{"Precio":"&#36;4,516 &#36;4,244 con IVA","Availability":"In stock"},"schema":{"@context":"https:\/\/schema.org","@graph":[{"@type":"WebPage","@id":"https:\/\/compuviper.mx\/tienda\/producto\/lenovo-7s050084ww-cal-para-1-usuario-remoto-microsoft-windows-server-std-2022-rok-fisico\/","url":"https:\/\/compuviper.mx\/tienda\/producto\/lenovo-7s050084ww-cal-para-1-usuario-remoto-microsoft-windows-server-std-2022-rok-fisico\/","name":"[ Lenovo ] &#129351; 7s050084ww Cal Para 1 Usuario Remoto Microsoft Windows Server Std 2022 Rok Fisico","isPartOf":{"@id":"https:\/\/compuviper.mx\/tienda\/#website"},"datePublished":"2026-04-09T08:20:30+00:00","dateModified":"2026-04-09T08:20:31+00:00","description":"Compra 7s050084ww Cal Para 1 Usuario Remoto Microsoft Windows Server Std 2022 Rok Fisico + Env\u00edo a domicilio + Pago seguro + Garant\u00eda","breadcrumb":{"@id":"https:\/\/compuviper.mx\/tienda\/producto\/lenovo-7s050084ww-cal-para-1-usuario-remoto-microsoft-windows-server-std-2022-rok-fisico\/#breadcrumb"},"inLanguage":"es-MX","potentialAction":[{"@type":"ReadAction","target":["https:\/\/compuviper.mx\/tienda\/producto\/lenovo-7s050084ww-cal-para-1-usuario-remoto-microsoft-windows-server-std-2022-rok-fisico\/"]}]},{"@type":"BreadcrumbList","@id":"https:\/\/compuviper.mx\/tienda\/producto\/lenovo-7s050084ww-cal-para-1-usuario-remoto-microsoft-windows-server-std-2022-rok-fisico\/#breadcrumb","itemListElement":[{"@type":"ListItem","position":1,"name":"Inicio","item":"https:\/\/compuviper.mx\/tienda\/"},{"@type":"ListItem","position":2,"name":"Productos","item":"https:\/\/compuviper.mx\/tienda\/productos\/"},{"@type":"ListItem","position":3,"name":"Software","item":"https:\/\/compuviper.mx\/tienda\/categoria-producto\/software\/"},{"@type":"ListItem","position":4,"name":"Licenciamiento Microsoft Rok","item":"https:\/\/compuviper.mx\/tienda\/categoria-producto\/software\/licenciamiento-microsoft-rok\/"},{"@type":"ListItem","position":5,"name":"Lenovo 7s050084ww Cal Para 1 Usuario Remoto Microsoft Windows Server Std 2022 Rok Fisico"}]},{"@type":"WebSite","@id":"https:\/\/compuviper.mx\/tienda\/#website","url":"https:\/\/compuviper.mx\/tienda\/","name":"Compuviper","description":"Proveedor de Computadoras, Laptops, Servidores, Monitores, Puntos de Venta, Teclados,   Impresoras, T\u00f3ner, C\u00e1maras de Seguridad y m\u00e1s en tu tienda en l\u00ednea","publisher":{"@id":"https:\/\/compuviper.mx\/tienda\/#organization"},"potentialAction":[{"@type":"SearchAction","target":{"@type":"EntryPoint","urlTemplate":"https:\/\/compuviper.mx\/tienda\/?s={search_term_string}"},"query-input":"required name=search_term_string"}],"inLanguage":"es-MX"},{"@type":"Organization","@id":"https:\/\/compuviper.mx\/tienda\/#organization","name":"Compuviper","url":"https:\/\/compuviper.mx\/tienda\/","logo":{"@type":"ImageObject","inLanguage":"es-MX","@id":"https:\/\/compuviper.mx\/tienda\/#\/schema\/logo\/image\/","url":"https:\/\/compuviper.mx\/tienda\/wp-content\/uploads\/2021\/08\/Logo-Compuviper-10.png","contentUrl":"https:\/\/compuviper.mx\/tienda\/wp-content\/uploads\/2021\/08\/Logo-Compuviper-10.png","width":1000,"height":500,"caption":"Compuviper"},"image":{"@id":"https:\/\/compuviper.mx\/tienda\/#\/schema\/logo\/image\/"},"sameAs":["https:\/\/www.facebook.com\/compuviper","https:\/\/www.youtube.com\/channel\/UCf73dERp9Y3cfOq7q8BhLjA?view_as=subscriber"]}]},"product_brand":"LENOVO","product_price_amount":"4244","product_price_currency":"MXN","og_availability":"instock","product_availability":"instock","product_retailer_item_id":"7S050084WW","product_condition":"new"},"_links":{"self":[{"href":"https:\/\/compuviper.mx\/tienda\/wp-json\/wp\/v2\/product\/226790"}],"collection":[{"href":"https:\/\/compuviper.mx\/tienda\/wp-json\/wp\/v2\/product"}],"about":[{"href":"https:\/\/compuviper.mx\/tienda\/wp-json\/wp\/v2\/types\/product"}],"replies":[{"embeddable":true,"href":"https:\/\/compuviper.mx\/tienda\/wp-json\/wp\/v2\/comments?post=226790"}],"wp:featuredmedia":[{"embeddable":true,"href":"https:\/\/compuviper.mx\/tienda\/wp-json\/wp\/v2\/media\/226791"}],"wp:attachment":[{"href":"https:\/\/compuviper.mx\/tienda\/wp-json\/wp\/v2\/media?parent=226790"}],"wp:term":[{"taxonomy":"product_cat","embeddable":true,"href":"https:\/\/compuviper.mx\/tienda\/wp-json\/wp\/v2\/product_cat?post=226790"},{"taxonomy":"product_tag","embeddable":true,"href":"https:\/\/compuviper.mx\/tienda\/wp-json\/wp\/v2\/product_tag?post=226790"}],"curies":[{"name":"wp","href":"https:\/\/api.w.org\/{rel}","templated":true}]}}