{"id":226726,"date":"2026-04-21T02:19:58","date_gmt":"2026-04-21T08:19:58","guid":{"rendered":"https:\/\/compuviper.mx\/tienda\/producto\/lenovo-7s05005pww-windows-server-2022-standard-rok-16c\/"},"modified":"2026-04-21T02:19:58","modified_gmt":"2026-04-21T08:19:58","slug":"lenovo-7s05005pww-windows-server-2022-standard-rok-16-core-multilenguaje-licencia-base-incluye-medios-y-llave-activacion","status":"publish","type":"product","link":"https:\/\/compuviper.mx\/tienda\/producto\/lenovo-7s05005pww-windows-server-2022-standard-rok-16-core-multilenguaje-licencia-base-incluye-medios-y-llave-activacion\/","title":{"rendered":"Lenovo 7s05005pww  Windows Server 2022 Standard Rok 16 Core Multilenguaje Licencia Base, Incluye Medios Y Llave Activacion"},"content":{"rendered":"<table class=\"descripcion\">\n<tr>\n<td>Informaci\u00f3n general<\/td>\n<\/tr>\n<tr>\n<td>Nombre del producto: windows server 2022 standard rok 16c &#8211; ml<\/td>\n<\/tr>\n<tr>\n<td>N\u00famero de pieza del fabricante : 7s05005pww<\/td>\n<\/tr>\n<tr>\n<td>Tipo de producto: licencias de software<\/td>\n<\/tr>\n<tr>\n<td>Informaci\u00f3n de licencia<\/td>\n<\/tr>\n<tr>\n<td>Cantidad de licencia: 16 n\u00facleos<\/td>\n<\/tr>\n<tr>\n<td>Informaci\u00f3n del producto<\/td>\n<\/tr>\n<tr>\n<td>Nombre del software: microsoft windows server 2022 standard<\/td>\n<\/tr>\n<tr>\n<td>Idioma soportado: multilenguaje<\/td>\n<\/tr>\n<tr>\n<td>Otra informaci\u00f3n<\/td>\n<\/tr>\n<tr>\n<td>Programa de licencias: kit de opciones de revendedor (rok)<\/td>\n<\/tr>\n<tr>\n<td>L\u00edmite de usuarios\/dispositivos:<\/td>\n<\/tr>\n<tr>\n<td>Ilimitado con compra de cal<\/td>\n<\/tr>\n<tr>\n<td>Contenedores hyper-v\/ose:<\/td>\n<\/tr>\n<tr>\n<td>2 ose\/contenedores hyper-v<\/td>\n<\/tr>\n<tr>\n<td>R\u00e9plica de almacenamiento:<\/td>\n<\/tr>\n<tr>\n<td>Ilimitado<\/td>\n<\/tr>\n<tr>\n<td>Servicio host guardian:<\/td>\n<\/tr>\n<tr>\n<td>S\u00ed<\/td>\n<\/tr>\n<tr>\n<td>Redes definidas por software:<\/td>\n<\/tr>\n<tr>\n<td>No<\/td>\n<\/tr>\n<tr>\n<td>M\u00e1quinas virtuales blindadas:<\/td>\n<\/tr>\n<tr>\n<td>No<\/td>\n<\/tr>\n<tr>\n<td>Storage spaces direct:<\/td>\n<\/tr>\n<tr>\n<td>No<\/td>\n<\/tr>\n<tr>\n<td>L\u00edmite de procesador\/n\u00facleo:<\/td>\n<\/tr>\n<tr>\n<td>Ilimitado<\/td>\n<\/tr>\n<\/table>\n","protected":false},"excerpt":{"rendered":"<p>Preguntas frecuentes. \u00bfc\u00f3mo funcionan las licencias. No hay cambios en windows server standard edition o windows. Server datacenter edition. Windows server 2022 essentials tiene. Una capacidad m\u00e1xima de n\u00facleos (10) y est\u00e1 limitado a una cpu. \u00bfsigo necesitando cal. S\u00ed. Los clientes necesitar\u00e1n nuevas cal 2022 para windows server 2022. \u00bfcu\u00e1les son los derechos de virtualizaci\u00f3n para windows server. 2022 standard y datacenter. Windows server 2022 standard tiene derechos para 2 ose. (entorno del sistema operativo) o contenedores hyper-v y contenedores. Windows server ilimitados. La edici\u00f3n windows server 2022 datacenter. Tiene derecho una capacidad ilimitada de ose y contenedores.<\/p>\n","protected":false},"featured_media":226727,"comment_status":"open","ping_status":"open","template":"","meta":[],"product_cat":[1834,1827],"product_tag":[1578],"acf":[],"yoast_head":"<!-- This site is optimized with the Yoast SEO plugin v21.7 - https:\/\/yoast.com\/wordpress\/plugins\/seo\/ -->\n<title>[ Lenovo ] &#129351; 7s05005pww Windows Server 2022 Standard Rok 16 Core Multilenguaje Licencia Base, Incluye Medios Y Llave Activacion<\/title>\n<meta name=\"description\" content=\"Compra 7s05005pww Windows Server 2022 Standard Rok 16 Core Multilenguaje Licencia Base, Incluye Medios Y Llave Activacion + Env\u00edo a domicilio + Pago seguro + Garant\u00eda\" \/>\n<meta name=\"robots\" content=\"index, follow, max-snippet:-1, max-image-preview:large, max-video-preview:-1\" \/>\n<link rel=\"canonical\" href=\"https:\/\/compuviper.mx\/tienda\/producto\/lenovo-7s05005pww-windows-server-2022-standard-rok-16-core-multilenguaje-licencia-base-incluye-medios-y-llave-activacion\/\" \/>\n<meta property=\"og:locale\" content=\"es_MX\" \/>\n<meta property=\"og:type\" content=\"article\" \/>\n<meta property=\"og:title\" content=\"[ Lenovo ] &#129351; 7s05005pww Windows Server 2022 Standard Rok 16 Core Multilenguaje Licencia Base, Incluye Medios Y Llave Activacion\" \/>\n<meta property=\"og:description\" content=\"Compra 7s05005pww Windows Server 2022 Standard Rok 16 Core Multilenguaje Licencia Base, Incluye Medios Y Llave Activacion + Env\u00edo a domicilio + Pago seguro + Garant\u00eda\" \/>\n<meta property=\"og:url\" content=\"https:\/\/compuviper.mx\/tienda\/producto\/lenovo-7s05005pww-windows-server-2022-standard-rok-16-core-multilenguaje-licencia-base-incluye-medios-y-llave-activacion\/\" \/>\n<meta property=\"og:site_name\" content=\"Compuviper\" \/>\n<meta property=\"article:publisher\" content=\"https:\/\/www.facebook.com\/compuviper\" \/>\n<meta property=\"og:image\" content=\"https:\/\/compuviper.mx\/tienda\/wp-content\/uploads\/2023\/12\/Lenovo-windows-server-2022-standard-rok-16c.jpg\" \/>\n\t<meta property=\"og:image:width\" content=\"200\" \/>\n\t<meta property=\"og:image:height\" content=\"200\" \/>\n\t<meta property=\"og:image:type\" content=\"image\/jpeg\" \/>\n<meta name=\"twitter:card\" content=\"summary_large_image\" \/>\n<meta name=\"twitter:label1\" content=\"Precio\" \/>\n\t<meta name=\"twitter:data1\" content=\"&#36;16,681 &#36;14,597 con IVA\" \/>\n\t<meta name=\"twitter:label2\" content=\"Availability\" \/>\n\t<meta name=\"twitter:data2\" content=\"In stock\" \/>\n<script type=\"application\/ld+json\" class=\"yoast-schema-graph\">{\"@context\":\"https:\/\/schema.org\",\"@graph\":[{\"@type\":\"WebPage\",\"@id\":\"https:\/\/compuviper.mx\/tienda\/producto\/lenovo-7s05005pww-windows-server-2022-standard-rok-16-core-multilenguaje-licencia-base-incluye-medios-y-llave-activacion\/\",\"url\":\"https:\/\/compuviper.mx\/tienda\/producto\/lenovo-7s05005pww-windows-server-2022-standard-rok-16-core-multilenguaje-licencia-base-incluye-medios-y-llave-activacion\/\",\"name\":\"[ Lenovo ] &#129351; 7s05005pww Windows Server 2022 Standard Rok 16 Core Multilenguaje Licencia Base, Incluye Medios Y Llave Activacion\",\"isPartOf\":{\"@id\":\"https:\/\/compuviper.mx\/tienda\/#website\"},\"datePublished\":\"2026-04-21T08:19:58+00:00\",\"dateModified\":\"2026-04-21T08:19:58+00:00\",\"description\":\"Compra 7s05005pww Windows Server 2022 Standard Rok 16 Core Multilenguaje Licencia Base, Incluye Medios Y Llave Activacion + Env\u00edo a domicilio + Pago seguro + Garant\u00eda\",\"breadcrumb\":{\"@id\":\"https:\/\/compuviper.mx\/tienda\/producto\/lenovo-7s05005pww-windows-server-2022-standard-rok-16-core-multilenguaje-licencia-base-incluye-medios-y-llave-activacion\/#breadcrumb\"},\"inLanguage\":\"es-MX\",\"potentialAction\":[{\"@type\":\"ReadAction\",\"target\":[\"https:\/\/compuviper.mx\/tienda\/producto\/lenovo-7s05005pww-windows-server-2022-standard-rok-16-core-multilenguaje-licencia-base-incluye-medios-y-llave-activacion\/\"]}]},{\"@type\":\"BreadcrumbList\",\"@id\":\"https:\/\/compuviper.mx\/tienda\/producto\/lenovo-7s05005pww-windows-server-2022-standard-rok-16-core-multilenguaje-licencia-base-incluye-medios-y-llave-activacion\/#breadcrumb\",\"itemListElement\":[{\"@type\":\"ListItem\",\"position\":1,\"name\":\"Inicio\",\"item\":\"https:\/\/compuviper.mx\/tienda\/\"},{\"@type\":\"ListItem\",\"position\":2,\"name\":\"Productos\",\"item\":\"https:\/\/compuviper.mx\/tienda\/productos\/\"},{\"@type\":\"ListItem\",\"position\":3,\"name\":\"Software\",\"item\":\"https:\/\/compuviper.mx\/tienda\/categoria-producto\/software\/\"},{\"@type\":\"ListItem\",\"position\":4,\"name\":\"Licenciamiento Microsoft Rok\",\"item\":\"https:\/\/compuviper.mx\/tienda\/categoria-producto\/software\/licenciamiento-microsoft-rok\/\"},{\"@type\":\"ListItem\",\"position\":5,\"name\":\"Lenovo 7s05005pww Windows Server 2022 Standard Rok 16 Core Multilenguaje Licencia Base, Incluye Medios Y Llave Activacion\"}]},{\"@type\":\"WebSite\",\"@id\":\"https:\/\/compuviper.mx\/tienda\/#website\",\"url\":\"https:\/\/compuviper.mx\/tienda\/\",\"name\":\"Compuviper\",\"description\":\"Proveedor de Computadoras, Laptops, Servidores, Monitores, Puntos de Venta, Teclados,   Impresoras, T\u00f3ner, C\u00e1maras de Seguridad y m\u00e1s en tu tienda en l\u00ednea\",\"publisher\":{\"@id\":\"https:\/\/compuviper.mx\/tienda\/#organization\"},\"potentialAction\":[{\"@type\":\"SearchAction\",\"target\":{\"@type\":\"EntryPoint\",\"urlTemplate\":\"https:\/\/compuviper.mx\/tienda\/?s={search_term_string}\"},\"query-input\":\"required name=search_term_string\"}],\"inLanguage\":\"es-MX\"},{\"@type\":\"Organization\",\"@id\":\"https:\/\/compuviper.mx\/tienda\/#organization\",\"name\":\"Compuviper\",\"url\":\"https:\/\/compuviper.mx\/tienda\/\",\"logo\":{\"@type\":\"ImageObject\",\"inLanguage\":\"es-MX\",\"@id\":\"https:\/\/compuviper.mx\/tienda\/#\/schema\/logo\/image\/\",\"url\":\"https:\/\/compuviper.mx\/tienda\/wp-content\/uploads\/2021\/08\/Logo-Compuviper-10.png\",\"contentUrl\":\"https:\/\/compuviper.mx\/tienda\/wp-content\/uploads\/2021\/08\/Logo-Compuviper-10.png\",\"width\":1000,\"height\":500,\"caption\":\"Compuviper\"},\"image\":{\"@id\":\"https:\/\/compuviper.mx\/tienda\/#\/schema\/logo\/image\/\"},\"sameAs\":[\"https:\/\/www.facebook.com\/compuviper\",\"https:\/\/www.youtube.com\/channel\/UCf73dERp9Y3cfOq7q8BhLjA?view_as=subscriber\"]}]}<\/script>\n<meta property=\"product:brand\" content=\"LENOVO\" \/>\n<meta property=\"product:price:amount\" content=\"14597\" \/>\n<meta property=\"product:price:currency\" content=\"MXN\" \/>\n<meta property=\"og:availability\" content=\"instock\" \/>\n<meta property=\"product:availability\" content=\"instock\" \/>\n<meta property=\"product:retailer_item_id\" content=\"7S05005PWW\" \/>\n<meta property=\"product:condition\" content=\"new\" \/>\n<!-- \/ Yoast SEO plugin. -->","yoast_head_json":{"title":"[ Lenovo ] &#129351; 7s05005pww Windows Server 2022 Standard Rok 16 Core Multilenguaje Licencia Base, Incluye Medios Y Llave Activacion","description":"Compra 7s05005pww Windows Server 2022 Standard Rok 16 Core Multilenguaje Licencia Base, Incluye Medios Y Llave Activacion + Env\u00edo a domicilio + Pago seguro + Garant\u00eda","robots":{"index":"index","follow":"follow","max-snippet":"max-snippet:-1","max-image-preview":"max-image-preview:large","max-video-preview":"max-video-preview:-1"},"canonical":"https:\/\/compuviper.mx\/tienda\/producto\/lenovo-7s05005pww-windows-server-2022-standard-rok-16-core-multilenguaje-licencia-base-incluye-medios-y-llave-activacion\/","og_locale":"es_MX","og_type":"article","og_title":"[ Lenovo ] &#129351; 7s05005pww Windows Server 2022 Standard Rok 16 Core Multilenguaje Licencia Base, Incluye Medios Y Llave Activacion","og_description":"Compra 7s05005pww Windows Server 2022 Standard Rok 16 Core Multilenguaje Licencia Base, Incluye Medios Y Llave Activacion + Env\u00edo a domicilio + Pago seguro + Garant\u00eda","og_url":"https:\/\/compuviper.mx\/tienda\/producto\/lenovo-7s05005pww-windows-server-2022-standard-rok-16-core-multilenguaje-licencia-base-incluye-medios-y-llave-activacion\/","og_site_name":"Compuviper","article_publisher":"https:\/\/www.facebook.com\/compuviper","og_image":[{"width":200,"height":200,"url":"https:\/\/compuviper.mx\/tienda\/wp-content\/uploads\/2023\/12\/Lenovo-windows-server-2022-standard-rok-16c.jpg","type":"image\/jpeg"}],"twitter_card":"summary_large_image","twitter_misc":{"Precio":"&#36;16,681 &#36;14,597 con IVA","Availability":"In stock"},"schema":{"@context":"https:\/\/schema.org","@graph":[{"@type":"WebPage","@id":"https:\/\/compuviper.mx\/tienda\/producto\/lenovo-7s05005pww-windows-server-2022-standard-rok-16-core-multilenguaje-licencia-base-incluye-medios-y-llave-activacion\/","url":"https:\/\/compuviper.mx\/tienda\/producto\/lenovo-7s05005pww-windows-server-2022-standard-rok-16-core-multilenguaje-licencia-base-incluye-medios-y-llave-activacion\/","name":"[ Lenovo ] &#129351; 7s05005pww Windows Server 2022 Standard Rok 16 Core Multilenguaje Licencia Base, Incluye Medios Y Llave Activacion","isPartOf":{"@id":"https:\/\/compuviper.mx\/tienda\/#website"},"datePublished":"2026-04-21T08:19:58+00:00","dateModified":"2026-04-21T08:19:58+00:00","description":"Compra 7s05005pww Windows Server 2022 Standard Rok 16 Core Multilenguaje Licencia Base, Incluye Medios Y Llave Activacion + Env\u00edo a domicilio + Pago seguro + Garant\u00eda","breadcrumb":{"@id":"https:\/\/compuviper.mx\/tienda\/producto\/lenovo-7s05005pww-windows-server-2022-standard-rok-16-core-multilenguaje-licencia-base-incluye-medios-y-llave-activacion\/#breadcrumb"},"inLanguage":"es-MX","potentialAction":[{"@type":"ReadAction","target":["https:\/\/compuviper.mx\/tienda\/producto\/lenovo-7s05005pww-windows-server-2022-standard-rok-16-core-multilenguaje-licencia-base-incluye-medios-y-llave-activacion\/"]}]},{"@type":"BreadcrumbList","@id":"https:\/\/compuviper.mx\/tienda\/producto\/lenovo-7s05005pww-windows-server-2022-standard-rok-16-core-multilenguaje-licencia-base-incluye-medios-y-llave-activacion\/#breadcrumb","itemListElement":[{"@type":"ListItem","position":1,"name":"Inicio","item":"https:\/\/compuviper.mx\/tienda\/"},{"@type":"ListItem","position":2,"name":"Productos","item":"https:\/\/compuviper.mx\/tienda\/productos\/"},{"@type":"ListItem","position":3,"name":"Software","item":"https:\/\/compuviper.mx\/tienda\/categoria-producto\/software\/"},{"@type":"ListItem","position":4,"name":"Licenciamiento Microsoft Rok","item":"https:\/\/compuviper.mx\/tienda\/categoria-producto\/software\/licenciamiento-microsoft-rok\/"},{"@type":"ListItem","position":5,"name":"Lenovo 7s05005pww Windows Server 2022 Standard Rok 16 Core Multilenguaje Licencia Base, Incluye Medios Y Llave Activacion"}]},{"@type":"WebSite","@id":"https:\/\/compuviper.mx\/tienda\/#website","url":"https:\/\/compuviper.mx\/tienda\/","name":"Compuviper","description":"Proveedor de Computadoras, Laptops, Servidores, Monitores, Puntos de Venta, Teclados,   Impresoras, T\u00f3ner, C\u00e1maras de Seguridad y m\u00e1s en tu tienda en l\u00ednea","publisher":{"@id":"https:\/\/compuviper.mx\/tienda\/#organization"},"potentialAction":[{"@type":"SearchAction","target":{"@type":"EntryPoint","urlTemplate":"https:\/\/compuviper.mx\/tienda\/?s={search_term_string}"},"query-input":"required name=search_term_string"}],"inLanguage":"es-MX"},{"@type":"Organization","@id":"https:\/\/compuviper.mx\/tienda\/#organization","name":"Compuviper","url":"https:\/\/compuviper.mx\/tienda\/","logo":{"@type":"ImageObject","inLanguage":"es-MX","@id":"https:\/\/compuviper.mx\/tienda\/#\/schema\/logo\/image\/","url":"https:\/\/compuviper.mx\/tienda\/wp-content\/uploads\/2021\/08\/Logo-Compuviper-10.png","contentUrl":"https:\/\/compuviper.mx\/tienda\/wp-content\/uploads\/2021\/08\/Logo-Compuviper-10.png","width":1000,"height":500,"caption":"Compuviper"},"image":{"@id":"https:\/\/compuviper.mx\/tienda\/#\/schema\/logo\/image\/"},"sameAs":["https:\/\/www.facebook.com\/compuviper","https:\/\/www.youtube.com\/channel\/UCf73dERp9Y3cfOq7q8BhLjA?view_as=subscriber"]}]},"product_brand":"LENOVO","product_price_amount":"14597","product_price_currency":"MXN","og_availability":"instock","product_availability":"instock","product_retailer_item_id":"7S05005PWW","product_condition":"new"},"_links":{"self":[{"href":"https:\/\/compuviper.mx\/tienda\/wp-json\/wp\/v2\/product\/226726"}],"collection":[{"href":"https:\/\/compuviper.mx\/tienda\/wp-json\/wp\/v2\/product"}],"about":[{"href":"https:\/\/compuviper.mx\/tienda\/wp-json\/wp\/v2\/types\/product"}],"replies":[{"embeddable":true,"href":"https:\/\/compuviper.mx\/tienda\/wp-json\/wp\/v2\/comments?post=226726"}],"wp:featuredmedia":[{"embeddable":true,"href":"https:\/\/compuviper.mx\/tienda\/wp-json\/wp\/v2\/media\/226727"}],"wp:attachment":[{"href":"https:\/\/compuviper.mx\/tienda\/wp-json\/wp\/v2\/media?parent=226726"}],"wp:term":[{"taxonomy":"product_cat","embeddable":true,"href":"https:\/\/compuviper.mx\/tienda\/wp-json\/wp\/v2\/product_cat?post=226726"},{"taxonomy":"product_tag","embeddable":true,"href":"https:\/\/compuviper.mx\/tienda\/wp-json\/wp\/v2\/product_tag?post=226726"}],"curies":[{"name":"wp","href":"https:\/\/api.w.org\/{rel}","templated":true}]}}