{"id":226644,"date":"2026-04-09T02:20:13","date_gmt":"2026-04-09T08:20:13","guid":{"rendered":"https:\/\/compuviper.mx\/tienda\/producto\/hewlett-packard-enterprise-p46221-b21-licencia-ltu-de-microsoft-windows-server-2022-rds-5-usuarios-cal-en-cs-de-es-fr-it-nl-pl-pt-ru-sv-ko-ja-xc\/"},"modified":"2026-04-09T02:20:13","modified_gmt":"2026-04-09T08:20:13","slug":"hewlett-packard-enterprise-p46221-b21-licencia-ltu-de-microsoft-windows-server-2022-rds-5-usuarios-cal-en-cs-de-es-fr-it-nl-pl-pt-ru-sv-ko-ja-xc","status":"publish","type":"product","link":"https:\/\/compuviper.mx\/tienda\/producto\/hewlett-packard-enterprise-p46221-b21-licencia-ltu-de-microsoft-windows-server-2022-rds-5-usuarios-cal-en-cs-de-es-fr-it-nl-pl-pt-ru-sv-ko-ja-xc\/","title":{"rendered":"Hewlett Packard Enterprise P46221-b21 Licencia Ltu De Microsoft Windows Server 2022 Rds 5 Usuarios Cal En\/cs\/de\/es\/fr\/it\/nl\/pl\/pt\/ru\/sv\/ko\/ja\/xc"},"content":{"rendered":"<table class=\"descripcion\">\n<tr>\n<td>Captura y migra los ajustes de permisos de acceso antiguos junto con los datos para que tus aplicaciones empresariales m\u00e1s importantes funcionen sin interrupciones. tambi\u00e9n puedes transferir la identidad de un servidor heredado a un servidor de destino para que tanto aplicaciones como usuarios puedan acceder a los datos sin cambiar enlaces o rutas.<\/td>\n<\/tr>\n<\/table>\n","protected":false},"excerpt":{"rendered":"<p>\u00bftus sistemas necesitan un sistema operativo listo para la nube para aumentar la seguridad y el rendimiento de las aplicaciones modernas? microsoft windows server 2022 puede modernizar tu centro de datos o plataforma en la nube gracias a las capacidades h\u00edbridas para aumentar el valor de las inversiones en tecnolog\u00eda. Puedes pasar a una seguridad multicapa con la opci\u00f3n de protecci\u00f3n del so central como piedra angular, mejorar la eficacia con opciones como storage spaces direct y windows admin center para una gesti\u00f3n m\u00e1s sencilla de aplicaciones modernas con virtualizaci\u00f3n y contenedorizaci\u00f3n. Gracias a una serie de innovaciones que aumentan la productividad y eficiencia de tu sistema, windows server 2022 se a\u00fana con los servidores, sistemas de almacenamiento y soluciones de red de hewlett packard enterprise para proporcionarte la tecnolog\u00eda que te permitir\u00e1 alcanzar tus objetivos comerciales. Consulta las especificaciones r\u00e1pidas para ver los n\u00fameros de las piezas.<\/p>\n","protected":false},"featured_media":226645,"comment_status":"open","ping_status":"open","template":"","meta":[],"product_cat":[1827,1834],"product_tag":[1568],"acf":[],"yoast_head":"<!-- This site is optimized with the Yoast SEO plugin v21.7 - https:\/\/yoast.com\/wordpress\/plugins\/seo\/ -->\n<title>[ Hewlett Packard Enterprise ] &#129351; P46221-b21 Licencia Ltu De Microsoft Windows Server 2022 Rds 5 Usuarios Cal En\/cs\/de\/es\/fr\/it\/nl\/pl\/pt\/ru\/sv\/ko\/ja\/xc<\/title>\n<meta name=\"description\" content=\"Compra P46221-b21 Licencia Ltu De Microsoft Windows Server 2022 Rds 5 Usuarios Cal En\/cs\/de\/es\/fr\/it\/nl\/pl\/pt\/ru\/sv\/ko\/ja\/xc + Env\u00edo a domicilio + Pago seguro + Garant\u00eda\" \/>\n<meta name=\"robots\" content=\"index, follow, max-snippet:-1, max-image-preview:large, max-video-preview:-1\" \/>\n<link rel=\"canonical\" href=\"https:\/\/compuviper.mx\/tienda\/producto\/hewlett-packard-enterprise-p46221-b21-licencia-ltu-de-microsoft-windows-server-2022-rds-5-usuarios-cal-en-cs-de-es-fr-it-nl-pl-pt-ru-sv-ko-ja-xc\/\" \/>\n<meta property=\"og:locale\" content=\"es_MX\" \/>\n<meta property=\"og:type\" content=\"article\" \/>\n<meta property=\"og:title\" content=\"[ Hewlett Packard Enterprise ] &#129351; P46221-b21 Licencia Ltu De Microsoft Windows Server 2022 Rds 5 Usuarios Cal En\/cs\/de\/es\/fr\/it\/nl\/pl\/pt\/ru\/sv\/ko\/ja\/xc\" \/>\n<meta property=\"og:description\" content=\"Compra P46221-b21 Licencia Ltu De Microsoft Windows Server 2022 Rds 5 Usuarios Cal En\/cs\/de\/es\/fr\/it\/nl\/pl\/pt\/ru\/sv\/ko\/ja\/xc + Env\u00edo a domicilio + Pago seguro + Garant\u00eda\" \/>\n<meta property=\"og:url\" content=\"https:\/\/compuviper.mx\/tienda\/producto\/hewlett-packard-enterprise-p46221-b21-licencia-ltu-de-microsoft-windows-server-2022-rds-5-usuarios-cal-en-cs-de-es-fr-it-nl-pl-pt-ru-sv-ko-ja-xc\/\" \/>\n<meta property=\"og:site_name\" content=\"Compuviper\" \/>\n<meta property=\"article:publisher\" content=\"https:\/\/www.facebook.com\/compuviper\" \/>\n<meta property=\"og:image\" content=\"https:\/\/compuviper.mx\/tienda\/wp-content\/uploads\/2023\/12\/Licencia-ltu-de-microsoft-windows-server-2022-rds-5-usuarios-cal-encsdeesfritnlplptrusvkojaxc.jpg\" \/>\n\t<meta property=\"og:image:width\" content=\"200\" \/>\n\t<meta property=\"og:image:height\" content=\"200\" \/>\n\t<meta property=\"og:image:type\" content=\"image\/jpeg\" \/>\n<meta name=\"twitter:card\" content=\"summary_large_image\" \/>\n<meta name=\"twitter:label1\" content=\"Precio\" \/>\n\t<meta name=\"twitter:data1\" content=\"&#36;13,985 con IVA\" \/>\n\t<meta name=\"twitter:label2\" content=\"Availability\" \/>\n\t<meta name=\"twitter:data2\" content=\"Out of stock\" \/>\n<script type=\"application\/ld+json\" class=\"yoast-schema-graph\">{\"@context\":\"https:\/\/schema.org\",\"@graph\":[{\"@type\":\"WebPage\",\"@id\":\"https:\/\/compuviper.mx\/tienda\/producto\/hewlett-packard-enterprise-p46221-b21-licencia-ltu-de-microsoft-windows-server-2022-rds-5-usuarios-cal-en-cs-de-es-fr-it-nl-pl-pt-ru-sv-ko-ja-xc\/\",\"url\":\"https:\/\/compuviper.mx\/tienda\/producto\/hewlett-packard-enterprise-p46221-b21-licencia-ltu-de-microsoft-windows-server-2022-rds-5-usuarios-cal-en-cs-de-es-fr-it-nl-pl-pt-ru-sv-ko-ja-xc\/\",\"name\":\"[ Hewlett Packard Enterprise ] &#129351; P46221-b21 Licencia Ltu De Microsoft Windows Server 2022 Rds 5 Usuarios Cal En\/cs\/de\/es\/fr\/it\/nl\/pl\/pt\/ru\/sv\/ko\/ja\/xc\",\"isPartOf\":{\"@id\":\"https:\/\/compuviper.mx\/tienda\/#website\"},\"datePublished\":\"2026-04-09T08:20:13+00:00\",\"dateModified\":\"2026-04-09T08:20:13+00:00\",\"description\":\"Compra P46221-b21 Licencia Ltu De Microsoft Windows Server 2022 Rds 5 Usuarios Cal En\/cs\/de\/es\/fr\/it\/nl\/pl\/pt\/ru\/sv\/ko\/ja\/xc + Env\u00edo a domicilio + Pago seguro + Garant\u00eda\",\"breadcrumb\":{\"@id\":\"https:\/\/compuviper.mx\/tienda\/producto\/hewlett-packard-enterprise-p46221-b21-licencia-ltu-de-microsoft-windows-server-2022-rds-5-usuarios-cal-en-cs-de-es-fr-it-nl-pl-pt-ru-sv-ko-ja-xc\/#breadcrumb\"},\"inLanguage\":\"es-MX\",\"potentialAction\":[{\"@type\":\"ReadAction\",\"target\":[\"https:\/\/compuviper.mx\/tienda\/producto\/hewlett-packard-enterprise-p46221-b21-licencia-ltu-de-microsoft-windows-server-2022-rds-5-usuarios-cal-en-cs-de-es-fr-it-nl-pl-pt-ru-sv-ko-ja-xc\/\"]}]},{\"@type\":\"BreadcrumbList\",\"@id\":\"https:\/\/compuviper.mx\/tienda\/producto\/hewlett-packard-enterprise-p46221-b21-licencia-ltu-de-microsoft-windows-server-2022-rds-5-usuarios-cal-en-cs-de-es-fr-it-nl-pl-pt-ru-sv-ko-ja-xc\/#breadcrumb\",\"itemListElement\":[{\"@type\":\"ListItem\",\"position\":1,\"name\":\"Inicio\",\"item\":\"https:\/\/compuviper.mx\/tienda\/\"},{\"@type\":\"ListItem\",\"position\":2,\"name\":\"Productos\",\"item\":\"https:\/\/compuviper.mx\/tienda\/productos\/\"},{\"@type\":\"ListItem\",\"position\":3,\"name\":\"Software\",\"item\":\"https:\/\/compuviper.mx\/tienda\/categoria-producto\/software\/\"},{\"@type\":\"ListItem\",\"position\":4,\"name\":\"Licenciamiento Microsoft Rok\",\"item\":\"https:\/\/compuviper.mx\/tienda\/categoria-producto\/software\/licenciamiento-microsoft-rok\/\"},{\"@type\":\"ListItem\",\"position\":5,\"name\":\"Hewlett Packard Enterprise P46221-b21 Licencia Ltu De Microsoft Windows Server 2022 Rds 5 Usuarios Cal En\/cs\/de\/es\/fr\/it\/nl\/pl\/pt\/ru\/sv\/ko\/ja\/xc\"}]},{\"@type\":\"WebSite\",\"@id\":\"https:\/\/compuviper.mx\/tienda\/#website\",\"url\":\"https:\/\/compuviper.mx\/tienda\/\",\"name\":\"Compuviper\",\"description\":\"Proveedor de Computadoras, Laptops, Servidores, Monitores, Puntos de Venta, Teclados,   Impresoras, T\u00f3ner, C\u00e1maras de Seguridad y m\u00e1s en tu tienda en l\u00ednea\",\"publisher\":{\"@id\":\"https:\/\/compuviper.mx\/tienda\/#organization\"},\"potentialAction\":[{\"@type\":\"SearchAction\",\"target\":{\"@type\":\"EntryPoint\",\"urlTemplate\":\"https:\/\/compuviper.mx\/tienda\/?s={search_term_string}\"},\"query-input\":\"required name=search_term_string\"}],\"inLanguage\":\"es-MX\"},{\"@type\":\"Organization\",\"@id\":\"https:\/\/compuviper.mx\/tienda\/#organization\",\"name\":\"Compuviper\",\"url\":\"https:\/\/compuviper.mx\/tienda\/\",\"logo\":{\"@type\":\"ImageObject\",\"inLanguage\":\"es-MX\",\"@id\":\"https:\/\/compuviper.mx\/tienda\/#\/schema\/logo\/image\/\",\"url\":\"https:\/\/compuviper.mx\/tienda\/wp-content\/uploads\/2021\/08\/Logo-Compuviper-10.png\",\"contentUrl\":\"https:\/\/compuviper.mx\/tienda\/wp-content\/uploads\/2021\/08\/Logo-Compuviper-10.png\",\"width\":1000,\"height\":500,\"caption\":\"Compuviper\"},\"image\":{\"@id\":\"https:\/\/compuviper.mx\/tienda\/#\/schema\/logo\/image\/\"},\"sameAs\":[\"https:\/\/www.facebook.com\/compuviper\",\"https:\/\/www.youtube.com\/channel\/UCf73dERp9Y3cfOq7q8BhLjA?view_as=subscriber\"]}]}<\/script>\n<meta property=\"product:brand\" content=\"HEWLETT PACKARD ENTERPRISE\" \/>\n<meta property=\"product:price:amount\" content=\"13985\" \/>\n<meta property=\"product:price:currency\" content=\"MXN\" \/>\n<meta property=\"og:availability\" content=\"out of stock\" \/>\n<meta property=\"product:availability\" content=\"out of stock\" \/>\n<meta property=\"product:retailer_item_id\" content=\"P46221-B21\" \/>\n<meta property=\"product:condition\" content=\"new\" \/>\n<!-- \/ Yoast SEO plugin. -->","yoast_head_json":{"title":"[ Hewlett Packard Enterprise ] &#129351; P46221-b21 Licencia Ltu De Microsoft Windows Server 2022 Rds 5 Usuarios Cal En\/cs\/de\/es\/fr\/it\/nl\/pl\/pt\/ru\/sv\/ko\/ja\/xc","description":"Compra P46221-b21 Licencia Ltu De Microsoft Windows Server 2022 Rds 5 Usuarios Cal En\/cs\/de\/es\/fr\/it\/nl\/pl\/pt\/ru\/sv\/ko\/ja\/xc + Env\u00edo a domicilio + Pago seguro + Garant\u00eda","robots":{"index":"index","follow":"follow","max-snippet":"max-snippet:-1","max-image-preview":"max-image-preview:large","max-video-preview":"max-video-preview:-1"},"canonical":"https:\/\/compuviper.mx\/tienda\/producto\/hewlett-packard-enterprise-p46221-b21-licencia-ltu-de-microsoft-windows-server-2022-rds-5-usuarios-cal-en-cs-de-es-fr-it-nl-pl-pt-ru-sv-ko-ja-xc\/","og_locale":"es_MX","og_type":"article","og_title":"[ Hewlett Packard Enterprise ] &#129351; P46221-b21 Licencia Ltu De Microsoft Windows Server 2022 Rds 5 Usuarios Cal En\/cs\/de\/es\/fr\/it\/nl\/pl\/pt\/ru\/sv\/ko\/ja\/xc","og_description":"Compra P46221-b21 Licencia Ltu De Microsoft Windows Server 2022 Rds 5 Usuarios Cal En\/cs\/de\/es\/fr\/it\/nl\/pl\/pt\/ru\/sv\/ko\/ja\/xc + Env\u00edo a domicilio + Pago seguro + Garant\u00eda","og_url":"https:\/\/compuviper.mx\/tienda\/producto\/hewlett-packard-enterprise-p46221-b21-licencia-ltu-de-microsoft-windows-server-2022-rds-5-usuarios-cal-en-cs-de-es-fr-it-nl-pl-pt-ru-sv-ko-ja-xc\/","og_site_name":"Compuviper","article_publisher":"https:\/\/www.facebook.com\/compuviper","og_image":[{"width":200,"height":200,"url":"https:\/\/compuviper.mx\/tienda\/wp-content\/uploads\/2023\/12\/Licencia-ltu-de-microsoft-windows-server-2022-rds-5-usuarios-cal-encsdeesfritnlplptrusvkojaxc.jpg","type":"image\/jpeg"}],"twitter_card":"summary_large_image","twitter_misc":{"Precio":"&#36;13,985 con IVA","Availability":"Out of stock"},"schema":{"@context":"https:\/\/schema.org","@graph":[{"@type":"WebPage","@id":"https:\/\/compuviper.mx\/tienda\/producto\/hewlett-packard-enterprise-p46221-b21-licencia-ltu-de-microsoft-windows-server-2022-rds-5-usuarios-cal-en-cs-de-es-fr-it-nl-pl-pt-ru-sv-ko-ja-xc\/","url":"https:\/\/compuviper.mx\/tienda\/producto\/hewlett-packard-enterprise-p46221-b21-licencia-ltu-de-microsoft-windows-server-2022-rds-5-usuarios-cal-en-cs-de-es-fr-it-nl-pl-pt-ru-sv-ko-ja-xc\/","name":"[ Hewlett Packard Enterprise ] &#129351; P46221-b21 Licencia Ltu De Microsoft Windows Server 2022 Rds 5 Usuarios Cal En\/cs\/de\/es\/fr\/it\/nl\/pl\/pt\/ru\/sv\/ko\/ja\/xc","isPartOf":{"@id":"https:\/\/compuviper.mx\/tienda\/#website"},"datePublished":"2026-04-09T08:20:13+00:00","dateModified":"2026-04-09T08:20:13+00:00","description":"Compra P46221-b21 Licencia Ltu De Microsoft Windows Server 2022 Rds 5 Usuarios Cal En\/cs\/de\/es\/fr\/it\/nl\/pl\/pt\/ru\/sv\/ko\/ja\/xc + Env\u00edo a domicilio + Pago seguro + Garant\u00eda","breadcrumb":{"@id":"https:\/\/compuviper.mx\/tienda\/producto\/hewlett-packard-enterprise-p46221-b21-licencia-ltu-de-microsoft-windows-server-2022-rds-5-usuarios-cal-en-cs-de-es-fr-it-nl-pl-pt-ru-sv-ko-ja-xc\/#breadcrumb"},"inLanguage":"es-MX","potentialAction":[{"@type":"ReadAction","target":["https:\/\/compuviper.mx\/tienda\/producto\/hewlett-packard-enterprise-p46221-b21-licencia-ltu-de-microsoft-windows-server-2022-rds-5-usuarios-cal-en-cs-de-es-fr-it-nl-pl-pt-ru-sv-ko-ja-xc\/"]}]},{"@type":"BreadcrumbList","@id":"https:\/\/compuviper.mx\/tienda\/producto\/hewlett-packard-enterprise-p46221-b21-licencia-ltu-de-microsoft-windows-server-2022-rds-5-usuarios-cal-en-cs-de-es-fr-it-nl-pl-pt-ru-sv-ko-ja-xc\/#breadcrumb","itemListElement":[{"@type":"ListItem","position":1,"name":"Inicio","item":"https:\/\/compuviper.mx\/tienda\/"},{"@type":"ListItem","position":2,"name":"Productos","item":"https:\/\/compuviper.mx\/tienda\/productos\/"},{"@type":"ListItem","position":3,"name":"Software","item":"https:\/\/compuviper.mx\/tienda\/categoria-producto\/software\/"},{"@type":"ListItem","position":4,"name":"Licenciamiento Microsoft Rok","item":"https:\/\/compuviper.mx\/tienda\/categoria-producto\/software\/licenciamiento-microsoft-rok\/"},{"@type":"ListItem","position":5,"name":"Hewlett Packard Enterprise P46221-b21 Licencia Ltu De Microsoft Windows Server 2022 Rds 5 Usuarios Cal En\/cs\/de\/es\/fr\/it\/nl\/pl\/pt\/ru\/sv\/ko\/ja\/xc"}]},{"@type":"WebSite","@id":"https:\/\/compuviper.mx\/tienda\/#website","url":"https:\/\/compuviper.mx\/tienda\/","name":"Compuviper","description":"Proveedor de Computadoras, Laptops, Servidores, Monitores, Puntos de Venta, Teclados,   Impresoras, T\u00f3ner, C\u00e1maras de Seguridad y m\u00e1s en tu tienda en l\u00ednea","publisher":{"@id":"https:\/\/compuviper.mx\/tienda\/#organization"},"potentialAction":[{"@type":"SearchAction","target":{"@type":"EntryPoint","urlTemplate":"https:\/\/compuviper.mx\/tienda\/?s={search_term_string}"},"query-input":"required name=search_term_string"}],"inLanguage":"es-MX"},{"@type":"Organization","@id":"https:\/\/compuviper.mx\/tienda\/#organization","name":"Compuviper","url":"https:\/\/compuviper.mx\/tienda\/","logo":{"@type":"ImageObject","inLanguage":"es-MX","@id":"https:\/\/compuviper.mx\/tienda\/#\/schema\/logo\/image\/","url":"https:\/\/compuviper.mx\/tienda\/wp-content\/uploads\/2021\/08\/Logo-Compuviper-10.png","contentUrl":"https:\/\/compuviper.mx\/tienda\/wp-content\/uploads\/2021\/08\/Logo-Compuviper-10.png","width":1000,"height":500,"caption":"Compuviper"},"image":{"@id":"https:\/\/compuviper.mx\/tienda\/#\/schema\/logo\/image\/"},"sameAs":["https:\/\/www.facebook.com\/compuviper","https:\/\/www.youtube.com\/channel\/UCf73dERp9Y3cfOq7q8BhLjA?view_as=subscriber"]}]},"product_brand":"HEWLETT PACKARD ENTERPRISE","product_price_amount":"13985","product_price_currency":"MXN","og_availability":"out of stock","product_availability":"out of stock","product_retailer_item_id":"P46221-B21","product_condition":"new"},"_links":{"self":[{"href":"https:\/\/compuviper.mx\/tienda\/wp-json\/wp\/v2\/product\/226644"}],"collection":[{"href":"https:\/\/compuviper.mx\/tienda\/wp-json\/wp\/v2\/product"}],"about":[{"href":"https:\/\/compuviper.mx\/tienda\/wp-json\/wp\/v2\/types\/product"}],"replies":[{"embeddable":true,"href":"https:\/\/compuviper.mx\/tienda\/wp-json\/wp\/v2\/comments?post=226644"}],"wp:featuredmedia":[{"embeddable":true,"href":"https:\/\/compuviper.mx\/tienda\/wp-json\/wp\/v2\/media\/226645"}],"wp:attachment":[{"href":"https:\/\/compuviper.mx\/tienda\/wp-json\/wp\/v2\/media?parent=226644"}],"wp:term":[{"taxonomy":"product_cat","embeddable":true,"href":"https:\/\/compuviper.mx\/tienda\/wp-json\/wp\/v2\/product_cat?post=226644"},{"taxonomy":"product_tag","embeddable":true,"href":"https:\/\/compuviper.mx\/tienda\/wp-json\/wp\/v2\/product_tag?post=226644"}],"curies":[{"name":"wp","href":"https:\/\/api.w.org\/{rel}","templated":true}]}}