{"id":226552,"date":"2026-04-02T02:11:55","date_gmt":"2026-04-02T08:11:55","guid":{"rendered":"https:\/\/compuviper.mx\/tienda\/producto\/norton-21422911-esd-360-premium-total-security-10-dispositivos-2-aos-descarga-digital\/"},"modified":"2026-04-02T02:11:55","modified_gmt":"2026-04-02T08:11:55","slug":"norton-21422911-esd-360-premium-total-security-10-dispositivos-2-aos-descarga-digital","status":"publish","type":"product","link":"https:\/\/compuviper.mx\/tienda\/producto\/norton-21422911-esd-360-premium-total-security-10-dispositivos-2-aos-descarga-digital\/","title":{"rendered":"Norton 21422911 Esd  360 Premium \/ Total Security\/ 10 Dispositivos\/ 2 A?os \/ Descarga Digital"},"content":{"rendered":"<table class=\"descripcion\">\n<tr>\n<td>Requisitos del sistema<\/td>\n<\/tr>\n<tr>\n<td>\u0095 and #8194; no todas las funciones est\u00e1n disponibles en todas las plataformas. \u0095 and #8194; el control para padres norton family, el respaldo en la nube norton, y safecam actualmente no son soportados por mac os. \u0095 and #8194; la seguridad de los dispositivos que ofrece norton y norton secure vpn son compatibles con los pc, mac, tel\u00e9fonos inteligentes y tabletas android, ipad y iphone. norton secure vpn puede utilizarse en el n\u00famero especificado de dispositivos, con uso ilimitado durante el per\u00edodo de suscripci\u00f3n.<\/td>\n<\/tr>\n<tr>\n<td>Sistemas operativos soportados por norton 360<\/td>\n<\/tr>\n<tr>\n<td> and #8194; microsoft windows 10, 8\/8.1 (hay ciertas funciones de protecci\u00f3n que no est\u00e1n disponibles en los navegadores de pantalla de inicio del windows 8), 7 (con paquete de servicios 1 o m\u00e1s reciente). \u0095 and #8194; mac os versi\u00f3n actual y las dos versiones anteriores \u0095 and #8194; android 4.1 o versi\u00f3n m\u00e1s reciente. debe tener instalada la aplicaci\u00f3n de google play. \u0095 and #8194; ios versi\u00f3n actual y las dos versiones anteriores (iphone o ipad)<\/td>\n<\/tr>\n<tr>\n<td>Sistemas operativos soportados por secure vpn<\/td>\n<\/tr>\n<tr>\n<td>\u0095 and #8194; microsoft windows 10 (a excepci\u00f3n del windows 10s), 8, 8.1 y 7 (con paquete de servicios 1 o m\u00e1s reciente). \u0095 and #8194; mac os versi\u00f3n actual y las dos versiones anteriores \u0095 and #8194; android 4.4 o versi\u00f3n m\u00e1s reciente. debe tener instalada la aplicaci\u00f3n de google play. \u0095 and #8194; ios versi\u00f3n actual y las dos versiones anteriores (iphone o ipad)<\/td>\n<\/tr>\n<tr>\n<td>El an\u00e1lisis autom\u00e1tico de aplicaciones en google play es compatible con android 4.1 o con versiones m\u00e1s recientes, salvo en lo que ata\u00f1e a dispositivos samsung. los dispositivos samsung que funcionan con android 4.2 o versiones m\u00e1s recientes son compatibles. para versiones anteriores de android, es necesario usar la funci\u00f3n \u0093compartir\u0094 de google play para analizar aplicaciones en google play.<\/td>\n<\/tr>\n<tr>\n<td>Nadie es capaz de evitar todos los delitos cibern\u00e9ticos o robos de identidad. 1 necesita que su dispositivo cuente con un plan de acceso a internet\/datos y estar encendido. 2 las funciones de control para padres norton family y safecam no son compatibles con mac. 3 promesa de protecci\u00f3n contra virus: existen restricciones. es necesario comprar, renovar, o mejorar su suscripci\u00f3n admisible directamente con symantec, o bien inscribirse a un servicio de renovaci\u00f3n autom\u00e1tica. s\u00edrvase consultar norton.com\/garant\u00eda para obtener m\u00e1s informaci\u00f3n, incluso con respecto a suscripciones admisibles.<\/td>\n<\/tr>\n<\/table>\n","protected":false},"excerpt":{"rendered":"<p>La delincuencia cibern\u00e9tica ha evolucionado. Ahora, nuestra protecci\u00f3n tiene que evolucionar tambi\u00e9n. Las amenazas cibern\u00e9ticas est\u00e1n evolucionando y hoy en d\u00eda, se necesita algo m\u00e1s que simplemente una protecci\u00f3n antivirus. He aqu\u00ed el nuevo norton 360, una protecci\u00f3n poderosa contra amenazas en l\u00ednea dirigidas a sus dispositivos. Este producto ofrece ahora una red privada virtual (vpn) que le permite proteger sus conexiones wi-fi y una safecam para ayudar a bloquear cualquier toma de control de la webcam de su pc. Seguridad del dispositivo publique, realice transacciones bancarias y compre usando su dispositivo. Nosotros le ayudaremos a mantenerlo seguro. El norton 360 ofrece protecci\u00f3n en tiempo real para sus pc, mac, smartphones o tabletas contra ransomware, virus, programas esp\u00eda (spyware), programas maliciosos (malware) y otras amenazas en l\u00ednea. Tambi\u00e9n vigila y bloquea el tr\u00e1fico no autorizado, contribuyendo as\u00ed a proteger su informaci\u00f3n privada y financiera cuando usted est\u00e1 en l\u00ednea. Privacidad en l\u00ednea el norton 360 le ofrece la libertad de conectarse al wi-fi de manera segura en cualquier lugar. Con un solo clic, secure vpn le permite proteger su conexi\u00f3n cada vez que usted est\u00e9 en l\u00ednea, a\u00fan si se trata de redes wi-fi p\u00fablicas. Xsu informaci\u00f3n personal est\u00e1 codificada, lo cual impide a los ciberdelincuentes interceptar su conexi\u00f3n y obtener acceso a su valiosa informaci\u00f3n personal. Protecci\u00f3n en tiempo real contra amenazas la protecci\u00f3n avanzada, consistente en m\u00faltiples capas, ayuda a defenderse autom\u00e1ticamente contra amenazas existentes y emergentes, incluso contra tipos de malware tales como el ransomware, los programas esp\u00eda, virus, phishing y otros. Secure vpn navegue de forma an\u00f3nima y segura gracias a una vpn que no necesita iniciar una sesi\u00f3n. La adici\u00f3n de codificaci\u00f3n de nivel bancario le ayuda a mantener segura y privada su informaci\u00f3n, tales como contrase\u00f1as y antecedentes bancarios. Administrador de contrase\u00f1as cree, almacene y administre f\u00e1cilmente sus contrase\u00f1as, informaci\u00f3n de tarjetas de cr\u00e9dito y otros datos de identificaci\u00f3n en l\u00ednea, todo ello de manera segura. Safecam la webcam de su pc podr\u00eda ser vulnerable a la pirater\u00eda. Reciba una notificaci\u00f3n en caso de que hubiera ciberdelincuentes intentando utilizar su webcam, y nosotros le ayudaremos a bloquearlos. Almacenamiento seguro en la nube almacenamiento autom\u00e1tico y seguro en la nube para pc. Esta funcionalidad permite almacenar y proteger archivos y documentos importantes como medida de prevenci\u00f3n contra la p\u00e9rdida de datos causada por fallas del disco duro, robo de dispositivos y hasta de ransomware.1. Control de los padres2 esta funcionalidad incluye una gama impresionante de herramientas de supervisi\u00f3n y reportes que le ayudan a administrar las actividades que realizan sus hijos cuando est\u00e1n en l\u00ednea. Ay\u00fadelos a explorar, a aprender y a disfrutar su mundo conectado de manera segura. Promesa de protecci\u00f3n contra virus del 100%3 los expertos de norton est\u00e1n a su disposici\u00f3n para ayudarle a mantener sus dispositivos personales libres de virus<\/p>\n","protected":false},"featured_media":226553,"comment_status":"open","ping_status":"open","template":"","meta":[],"product_cat":[1827,2004],"product_tag":[2040],"acf":[],"yoast_head":"<!-- This site is optimized with the Yoast SEO plugin v21.7 - https:\/\/yoast.com\/wordpress\/plugins\/seo\/ -->\n<title>[ Norton ] &#129351; 21422911 Esd 360 Premium \/ Total Security\/ 10 Dispositivos\/ 2 A\u00f1os \/ Descarga Digital<\/title>\n<meta name=\"description\" content=\"Compra 21422911 Esd 360 Premium \/ Total Security\/ 10 Dispositivos\/ 2 A\u00f1os \/ Descarga Digital + Env\u00edo a domicilio + Pago seguro + Garant\u00eda\" \/>\n<meta name=\"robots\" content=\"index, follow, max-snippet:-1, max-image-preview:large, max-video-preview:-1\" \/>\n<link rel=\"canonical\" href=\"https:\/\/compuviper.mx\/tienda\/producto\/norton-21422911-esd-360-premium-total-security-10-dispositivos-2-aos-descarga-digital\/\" \/>\n<meta property=\"og:locale\" content=\"es_MX\" \/>\n<meta property=\"og:type\" content=\"article\" \/>\n<meta property=\"og:title\" content=\"[ Norton ] &#129351; 21422911 Esd 360 Premium \/ Total Security\/ 10 Dispositivos\/ 2 A\u00f1os \/ Descarga Digital\" \/>\n<meta property=\"og:description\" content=\"Compra 21422911 Esd 360 Premium \/ Total Security\/ 10 Dispositivos\/ 2 A\u00f1os \/ Descarga Digital + Env\u00edo a domicilio + Pago seguro + Garant\u00eda\" \/>\n<meta property=\"og:url\" content=\"https:\/\/compuviper.mx\/tienda\/producto\/norton-21422911-esd-360-premium-total-security-10-dispositivos-2-aos-descarga-digital\/\" \/>\n<meta property=\"og:site_name\" content=\"Compuviper\" \/>\n<meta property=\"article:publisher\" content=\"https:\/\/www.facebook.com\/compuviper\" \/>\n<meta property=\"og:image\" content=\"https:\/\/compuviper.mx\/tienda\/wp-content\/uploads\/2023\/12\/Esd-norton-360-premium-total-security-10-dispositivos-2-anos-descarga-digital.jpg\" \/>\n\t<meta property=\"og:image:width\" content=\"200\" \/>\n\t<meta property=\"og:image:height\" content=\"200\" \/>\n\t<meta property=\"og:image:type\" content=\"image\/jpeg\" \/>\n<meta name=\"twitter:card\" content=\"summary_large_image\" \/>\n<meta name=\"twitter:label1\" content=\"Precio\" \/>\n\t<meta name=\"twitter:data1\" content=\"&#36;733 &#36;513 con IVA\" \/>\n\t<meta name=\"twitter:label2\" content=\"Availability\" \/>\n\t<meta name=\"twitter:data2\" content=\"On backorder\" \/>\n<script type=\"application\/ld+json\" class=\"yoast-schema-graph\">{\"@context\":\"https:\/\/schema.org\",\"@graph\":[{\"@type\":\"WebPage\",\"@id\":\"https:\/\/compuviper.mx\/tienda\/producto\/norton-21422911-esd-360-premium-total-security-10-dispositivos-2-aos-descarga-digital\/\",\"url\":\"https:\/\/compuviper.mx\/tienda\/producto\/norton-21422911-esd-360-premium-total-security-10-dispositivos-2-aos-descarga-digital\/\",\"name\":\"[ Norton ] &#129351; 21422911 Esd 360 Premium \/ Total Security\/ 10 Dispositivos\/ 2 A\u00f1os \/ Descarga Digital\",\"isPartOf\":{\"@id\":\"https:\/\/compuviper.mx\/tienda\/#website\"},\"datePublished\":\"2026-04-02T08:11:55+00:00\",\"dateModified\":\"2026-04-02T08:11:55+00:00\",\"description\":\"Compra 21422911 Esd 360 Premium \/ Total Security\/ 10 Dispositivos\/ 2 A\u00f1os \/ Descarga Digital + Env\u00edo a domicilio + Pago seguro + Garant\u00eda\",\"breadcrumb\":{\"@id\":\"https:\/\/compuviper.mx\/tienda\/producto\/norton-21422911-esd-360-premium-total-security-10-dispositivos-2-aos-descarga-digital\/#breadcrumb\"},\"inLanguage\":\"es-MX\",\"potentialAction\":[{\"@type\":\"ReadAction\",\"target\":[\"https:\/\/compuviper.mx\/tienda\/producto\/norton-21422911-esd-360-premium-total-security-10-dispositivos-2-aos-descarga-digital\/\"]}]},{\"@type\":\"BreadcrumbList\",\"@id\":\"https:\/\/compuviper.mx\/tienda\/producto\/norton-21422911-esd-360-premium-total-security-10-dispositivos-2-aos-descarga-digital\/#breadcrumb\",\"itemListElement\":[{\"@type\":\"ListItem\",\"position\":1,\"name\":\"Inicio\",\"item\":\"https:\/\/compuviper.mx\/tienda\/\"},{\"@type\":\"ListItem\",\"position\":2,\"name\":\"Productos\",\"item\":\"https:\/\/compuviper.mx\/tienda\/productos\/\"},{\"@type\":\"ListItem\",\"position\":3,\"name\":\"Software\",\"item\":\"https:\/\/compuviper.mx\/tienda\/categoria-producto\/software\/\"},{\"@type\":\"ListItem\",\"position\":4,\"name\":\"Licenciamiento Esd\",\"item\":\"https:\/\/compuviper.mx\/tienda\/categoria-producto\/software\/licenciamiento-esd\/\"},{\"@type\":\"ListItem\",\"position\":5,\"name\":\"Norton 21422911 Esd 360 Premium \/ Total Security\/ 10 Dispositivos\/ 2 A?os \/ Descarga Digital\"}]},{\"@type\":\"WebSite\",\"@id\":\"https:\/\/compuviper.mx\/tienda\/#website\",\"url\":\"https:\/\/compuviper.mx\/tienda\/\",\"name\":\"Compuviper\",\"description\":\"Proveedor de Computadoras, Laptops, Servidores, Monitores, Puntos de Venta, Teclados,   Impresoras, T\u00f3ner, C\u00e1maras de Seguridad y m\u00e1s en tu tienda en l\u00ednea\",\"publisher\":{\"@id\":\"https:\/\/compuviper.mx\/tienda\/#organization\"},\"potentialAction\":[{\"@type\":\"SearchAction\",\"target\":{\"@type\":\"EntryPoint\",\"urlTemplate\":\"https:\/\/compuviper.mx\/tienda\/?s={search_term_string}\"},\"query-input\":\"required name=search_term_string\"}],\"inLanguage\":\"es-MX\"},{\"@type\":\"Organization\",\"@id\":\"https:\/\/compuviper.mx\/tienda\/#organization\",\"name\":\"Compuviper\",\"url\":\"https:\/\/compuviper.mx\/tienda\/\",\"logo\":{\"@type\":\"ImageObject\",\"inLanguage\":\"es-MX\",\"@id\":\"https:\/\/compuviper.mx\/tienda\/#\/schema\/logo\/image\/\",\"url\":\"https:\/\/compuviper.mx\/tienda\/wp-content\/uploads\/2021\/08\/Logo-Compuviper-10.png\",\"contentUrl\":\"https:\/\/compuviper.mx\/tienda\/wp-content\/uploads\/2021\/08\/Logo-Compuviper-10.png\",\"width\":1000,\"height\":500,\"caption\":\"Compuviper\"},\"image\":{\"@id\":\"https:\/\/compuviper.mx\/tienda\/#\/schema\/logo\/image\/\"},\"sameAs\":[\"https:\/\/www.facebook.com\/compuviper\",\"https:\/\/www.youtube.com\/channel\/UCf73dERp9Y3cfOq7q8BhLjA?view_as=subscriber\"]}]}<\/script>\n<meta property=\"product:brand\" content=\"NORTON\" \/>\n<meta property=\"product:price:amount\" content=\"513\" \/>\n<meta property=\"product:price:currency\" content=\"MXN\" \/>\n<meta property=\"og:availability\" content=\"backorder\" \/>\n<meta property=\"product:availability\" content=\"available for order\" \/>\n<meta property=\"product:retailer_item_id\" content=\"21422911\" \/>\n<meta property=\"product:condition\" content=\"new\" \/>\n<!-- \/ Yoast SEO plugin. -->","yoast_head_json":{"title":"[ Norton ] &#129351; 21422911 Esd 360 Premium \/ Total Security\/ 10 Dispositivos\/ 2 A\u00f1os \/ Descarga Digital","description":"Compra 21422911 Esd 360 Premium \/ Total Security\/ 10 Dispositivos\/ 2 A\u00f1os \/ Descarga Digital + Env\u00edo a domicilio + Pago seguro + Garant\u00eda","robots":{"index":"index","follow":"follow","max-snippet":"max-snippet:-1","max-image-preview":"max-image-preview:large","max-video-preview":"max-video-preview:-1"},"canonical":"https:\/\/compuviper.mx\/tienda\/producto\/norton-21422911-esd-360-premium-total-security-10-dispositivos-2-aos-descarga-digital\/","og_locale":"es_MX","og_type":"article","og_title":"[ Norton ] &#129351; 21422911 Esd 360 Premium \/ Total Security\/ 10 Dispositivos\/ 2 A\u00f1os \/ Descarga Digital","og_description":"Compra 21422911 Esd 360 Premium \/ Total Security\/ 10 Dispositivos\/ 2 A\u00f1os \/ Descarga Digital + Env\u00edo a domicilio + Pago seguro + Garant\u00eda","og_url":"https:\/\/compuviper.mx\/tienda\/producto\/norton-21422911-esd-360-premium-total-security-10-dispositivos-2-aos-descarga-digital\/","og_site_name":"Compuviper","article_publisher":"https:\/\/www.facebook.com\/compuviper","og_image":[{"width":200,"height":200,"url":"https:\/\/compuviper.mx\/tienda\/wp-content\/uploads\/2023\/12\/Esd-norton-360-premium-total-security-10-dispositivos-2-anos-descarga-digital.jpg","type":"image\/jpeg"}],"twitter_card":"summary_large_image","twitter_misc":{"Precio":"&#36;733 &#36;513 con IVA","Availability":"On backorder"},"schema":{"@context":"https:\/\/schema.org","@graph":[{"@type":"WebPage","@id":"https:\/\/compuviper.mx\/tienda\/producto\/norton-21422911-esd-360-premium-total-security-10-dispositivos-2-aos-descarga-digital\/","url":"https:\/\/compuviper.mx\/tienda\/producto\/norton-21422911-esd-360-premium-total-security-10-dispositivos-2-aos-descarga-digital\/","name":"[ Norton ] &#129351; 21422911 Esd 360 Premium \/ Total Security\/ 10 Dispositivos\/ 2 A\u00f1os \/ Descarga Digital","isPartOf":{"@id":"https:\/\/compuviper.mx\/tienda\/#website"},"datePublished":"2026-04-02T08:11:55+00:00","dateModified":"2026-04-02T08:11:55+00:00","description":"Compra 21422911 Esd 360 Premium \/ Total Security\/ 10 Dispositivos\/ 2 A\u00f1os \/ Descarga Digital + Env\u00edo a domicilio + Pago seguro + Garant\u00eda","breadcrumb":{"@id":"https:\/\/compuviper.mx\/tienda\/producto\/norton-21422911-esd-360-premium-total-security-10-dispositivos-2-aos-descarga-digital\/#breadcrumb"},"inLanguage":"es-MX","potentialAction":[{"@type":"ReadAction","target":["https:\/\/compuviper.mx\/tienda\/producto\/norton-21422911-esd-360-premium-total-security-10-dispositivos-2-aos-descarga-digital\/"]}]},{"@type":"BreadcrumbList","@id":"https:\/\/compuviper.mx\/tienda\/producto\/norton-21422911-esd-360-premium-total-security-10-dispositivos-2-aos-descarga-digital\/#breadcrumb","itemListElement":[{"@type":"ListItem","position":1,"name":"Inicio","item":"https:\/\/compuviper.mx\/tienda\/"},{"@type":"ListItem","position":2,"name":"Productos","item":"https:\/\/compuviper.mx\/tienda\/productos\/"},{"@type":"ListItem","position":3,"name":"Software","item":"https:\/\/compuviper.mx\/tienda\/categoria-producto\/software\/"},{"@type":"ListItem","position":4,"name":"Licenciamiento Esd","item":"https:\/\/compuviper.mx\/tienda\/categoria-producto\/software\/licenciamiento-esd\/"},{"@type":"ListItem","position":5,"name":"Norton 21422911 Esd 360 Premium \/ Total Security\/ 10 Dispositivos\/ 2 A?os \/ Descarga Digital"}]},{"@type":"WebSite","@id":"https:\/\/compuviper.mx\/tienda\/#website","url":"https:\/\/compuviper.mx\/tienda\/","name":"Compuviper","description":"Proveedor de Computadoras, Laptops, Servidores, Monitores, Puntos de Venta, Teclados,   Impresoras, T\u00f3ner, C\u00e1maras de Seguridad y m\u00e1s en tu tienda en l\u00ednea","publisher":{"@id":"https:\/\/compuviper.mx\/tienda\/#organization"},"potentialAction":[{"@type":"SearchAction","target":{"@type":"EntryPoint","urlTemplate":"https:\/\/compuviper.mx\/tienda\/?s={search_term_string}"},"query-input":"required name=search_term_string"}],"inLanguage":"es-MX"},{"@type":"Organization","@id":"https:\/\/compuviper.mx\/tienda\/#organization","name":"Compuviper","url":"https:\/\/compuviper.mx\/tienda\/","logo":{"@type":"ImageObject","inLanguage":"es-MX","@id":"https:\/\/compuviper.mx\/tienda\/#\/schema\/logo\/image\/","url":"https:\/\/compuviper.mx\/tienda\/wp-content\/uploads\/2021\/08\/Logo-Compuviper-10.png","contentUrl":"https:\/\/compuviper.mx\/tienda\/wp-content\/uploads\/2021\/08\/Logo-Compuviper-10.png","width":1000,"height":500,"caption":"Compuviper"},"image":{"@id":"https:\/\/compuviper.mx\/tienda\/#\/schema\/logo\/image\/"},"sameAs":["https:\/\/www.facebook.com\/compuviper","https:\/\/www.youtube.com\/channel\/UCf73dERp9Y3cfOq7q8BhLjA?view_as=subscriber"]}]},"product_brand":"NORTON","product_price_amount":"513","product_price_currency":"MXN","og_availability":"backorder","product_availability":"available for order","product_retailer_item_id":"21422911","product_condition":"new"},"_links":{"self":[{"href":"https:\/\/compuviper.mx\/tienda\/wp-json\/wp\/v2\/product\/226552"}],"collection":[{"href":"https:\/\/compuviper.mx\/tienda\/wp-json\/wp\/v2\/product"}],"about":[{"href":"https:\/\/compuviper.mx\/tienda\/wp-json\/wp\/v2\/types\/product"}],"replies":[{"embeddable":true,"href":"https:\/\/compuviper.mx\/tienda\/wp-json\/wp\/v2\/comments?post=226552"}],"wp:featuredmedia":[{"embeddable":true,"href":"https:\/\/compuviper.mx\/tienda\/wp-json\/wp\/v2\/media\/226553"}],"wp:attachment":[{"href":"https:\/\/compuviper.mx\/tienda\/wp-json\/wp\/v2\/media?parent=226552"}],"wp:term":[{"taxonomy":"product_cat","embeddable":true,"href":"https:\/\/compuviper.mx\/tienda\/wp-json\/wp\/v2\/product_cat?post=226552"},{"taxonomy":"product_tag","embeddable":true,"href":"https:\/\/compuviper.mx\/tienda\/wp-json\/wp\/v2\/product_tag?post=226552"}],"curies":[{"name":"wp","href":"https:\/\/api.w.org\/{rel}","templated":true}]}}