{"id":226538,"date":"2026-04-11T02:10:43","date_gmt":"2026-04-11T08:10:43","guid":{"rendered":"https:\/\/compuviper.mx\/tienda\/producto\/hp-d000a20-consumo-antivirus-bitdefender-total-security-licencia-de-1-ao-1-usuario-3-dispositivos\/"},"modified":"2026-04-11T02:10:43","modified_gmt":"2026-04-11T08:10:43","slug":"hp-d000a20-consumo-antivirus-bitdefender-licencia-de-1-ao-1-usuario","status":"publish","type":"product","link":"https:\/\/compuviper.mx\/tienda\/producto\/hp-d000a20-consumo-antivirus-bitdefender-licencia-de-1-ao-1-usuario\/","title":{"rendered":"Hp D000a20  Consumo Antivirus Bitdefender  Licencia De 1 A?o, 1 Usuario"},"content":{"rendered":"<table class=\"descripcion\">\n<tr>\n<td>4-en-1: proteccin para windows, android, macos e ios<\/td>\n<\/tr>\n<tr>\n<td>Solo rendimiento sin ralentizaciones<\/td>\n<\/tr>\n<tr>\n<td>Control parental para la seguridad online de sus hijos<\/td>\n<\/tr>\n<tr>\n<td>Bitdefender vpn protege su privacidad en todos los dispositivos<\/td>\n<\/tr>\n<tr>\n<td>Detecta el comportamiento parecido al ransomware y bloquea su ejecucin<\/td>\n<\/tr>\n<tr>\n<td>Ninguna aplicacin no autorizada puede acceder a su cmara web y micrfono<\/td>\n<\/tr>\n<tr>\n<td>Transacciones online seguras y herramientas contra robo o prdida<\/td>\n<\/tr>\n<\/table>\n","protected":false},"excerpt":{"rendered":"<p>Seguridad multiplataforma total. Bitdefender total security es la solucin completa de prxima generacin para cubrir la seguridad ciberntica para sus dispositivos windows, macos. Dispositivos android e ios sin compromiso del rendimiento ni de la duracin de la batera.<\/p>\n","protected":false},"featured_media":226539,"comment_status":"open","ping_status":"open","template":"","meta":[],"product_cat":[1828,1827],"product_tag":[1571],"acf":[],"yoast_head":"<!-- This site is optimized with the Yoast SEO plugin v21.7 - https:\/\/yoast.com\/wordpress\/plugins\/seo\/ -->\n<title>[ Hp ] &#129351; D000a20 Consumo Antivirus Bitdefender Licencia De 1 A\u00f1o, 1 Usuario<\/title>\n<meta name=\"description\" content=\"Compra D000a20 Consumo Antivirus Bitdefender Licencia De 1 A\u00f1o, 1 Usuario + Env\u00edo a domicilio + Pago seguro + Garant\u00eda\" \/>\n<meta name=\"robots\" content=\"index, follow, max-snippet:-1, max-image-preview:large, max-video-preview:-1\" \/>\n<link rel=\"canonical\" href=\"https:\/\/compuviper.mx\/tienda\/producto\/hp-d000a20-consumo-antivirus-bitdefender-licencia-de-1-ao-1-usuario\/\" \/>\n<meta property=\"og:locale\" content=\"es_MX\" \/>\n<meta property=\"og:type\" content=\"article\" \/>\n<meta property=\"og:title\" content=\"[ Hp ] &#129351; D000a20 Consumo Antivirus Bitdefender Licencia De 1 A\u00f1o, 1 Usuario\" \/>\n<meta property=\"og:description\" content=\"Compra D000a20 Consumo Antivirus Bitdefender Licencia De 1 A\u00f1o, 1 Usuario + Env\u00edo a domicilio + Pago seguro + Garant\u00eda\" \/>\n<meta property=\"og:url\" content=\"https:\/\/compuviper.mx\/tienda\/producto\/hp-d000a20-consumo-antivirus-bitdefender-licencia-de-1-ao-1-usuario\/\" \/>\n<meta property=\"og:site_name\" content=\"Compuviper\" \/>\n<meta property=\"article:publisher\" content=\"https:\/\/www.facebook.com\/compuviper\" \/>\n<meta property=\"og:image\" content=\"https:\/\/compuviper.mx\/tienda\/wp-content\/uploads\/2023\/12\/Hp-consumo-antivirus-bitdefender-total-security-licencia-de-1-ano-1-usuario-3-dispositivos.jpg\" \/>\n\t<meta property=\"og:image:width\" content=\"200\" \/>\n\t<meta property=\"og:image:height\" content=\"200\" \/>\n\t<meta property=\"og:image:type\" content=\"image\/jpeg\" \/>\n<meta name=\"twitter:card\" content=\"summary_large_image\" \/>\n<meta name=\"twitter:label1\" content=\"Precio\" \/>\n\t<meta name=\"twitter:data1\" content=\"&#36;322 con IVA\" \/>\n\t<meta name=\"twitter:label2\" content=\"Availability\" \/>\n\t<meta name=\"twitter:data2\" content=\"In stock\" \/>\n<script type=\"application\/ld+json\" class=\"yoast-schema-graph\">{\"@context\":\"https:\/\/schema.org\",\"@graph\":[{\"@type\":\"WebPage\",\"@id\":\"https:\/\/compuviper.mx\/tienda\/producto\/hp-d000a20-consumo-antivirus-bitdefender-licencia-de-1-ao-1-usuario\/\",\"url\":\"https:\/\/compuviper.mx\/tienda\/producto\/hp-d000a20-consumo-antivirus-bitdefender-licencia-de-1-ao-1-usuario\/\",\"name\":\"[ Hp ] &#129351; D000a20 Consumo Antivirus Bitdefender Licencia De 1 A\u00f1o, 1 Usuario\",\"isPartOf\":{\"@id\":\"https:\/\/compuviper.mx\/tienda\/#website\"},\"datePublished\":\"2026-04-11T08:10:43+00:00\",\"dateModified\":\"2026-04-11T08:10:43+00:00\",\"description\":\"Compra D000a20 Consumo Antivirus Bitdefender Licencia De 1 A\u00f1o, 1 Usuario + Env\u00edo a domicilio + Pago seguro + Garant\u00eda\",\"breadcrumb\":{\"@id\":\"https:\/\/compuviper.mx\/tienda\/producto\/hp-d000a20-consumo-antivirus-bitdefender-licencia-de-1-ao-1-usuario\/#breadcrumb\"},\"inLanguage\":\"es-MX\",\"potentialAction\":[{\"@type\":\"ReadAction\",\"target\":[\"https:\/\/compuviper.mx\/tienda\/producto\/hp-d000a20-consumo-antivirus-bitdefender-licencia-de-1-ao-1-usuario\/\"]}]},{\"@type\":\"BreadcrumbList\",\"@id\":\"https:\/\/compuviper.mx\/tienda\/producto\/hp-d000a20-consumo-antivirus-bitdefender-licencia-de-1-ao-1-usuario\/#breadcrumb\",\"itemListElement\":[{\"@type\":\"ListItem\",\"position\":1,\"name\":\"Inicio\",\"item\":\"https:\/\/compuviper.mx\/tienda\/\"},{\"@type\":\"ListItem\",\"position\":2,\"name\":\"Productos\",\"item\":\"https:\/\/compuviper.mx\/tienda\/productos\/\"},{\"@type\":\"ListItem\",\"position\":3,\"name\":\"Software\",\"item\":\"https:\/\/compuviper.mx\/tienda\/categoria-producto\/software\/\"},{\"@type\":\"ListItem\",\"position\":4,\"name\":\"Licenciamiento Caja\",\"item\":\"https:\/\/compuviper.mx\/tienda\/categoria-producto\/software\/licenciamiento-caja\/\"},{\"@type\":\"ListItem\",\"position\":5,\"name\":\"Hp D000a20 Consumo Antivirus Bitdefender Licencia De 1 A?o, 1 Usuario\"}]},{\"@type\":\"WebSite\",\"@id\":\"https:\/\/compuviper.mx\/tienda\/#website\",\"url\":\"https:\/\/compuviper.mx\/tienda\/\",\"name\":\"Compuviper\",\"description\":\"Proveedor de Computadoras, Laptops, Servidores, Monitores, Puntos de Venta, Teclados,   Impresoras, T\u00f3ner, C\u00e1maras de Seguridad y m\u00e1s en tu tienda en l\u00ednea\",\"publisher\":{\"@id\":\"https:\/\/compuviper.mx\/tienda\/#organization\"},\"potentialAction\":[{\"@type\":\"SearchAction\",\"target\":{\"@type\":\"EntryPoint\",\"urlTemplate\":\"https:\/\/compuviper.mx\/tienda\/?s={search_term_string}\"},\"query-input\":\"required name=search_term_string\"}],\"inLanguage\":\"es-MX\"},{\"@type\":\"Organization\",\"@id\":\"https:\/\/compuviper.mx\/tienda\/#organization\",\"name\":\"Compuviper\",\"url\":\"https:\/\/compuviper.mx\/tienda\/\",\"logo\":{\"@type\":\"ImageObject\",\"inLanguage\":\"es-MX\",\"@id\":\"https:\/\/compuviper.mx\/tienda\/#\/schema\/logo\/image\/\",\"url\":\"https:\/\/compuviper.mx\/tienda\/wp-content\/uploads\/2021\/08\/Logo-Compuviper-10.png\",\"contentUrl\":\"https:\/\/compuviper.mx\/tienda\/wp-content\/uploads\/2021\/08\/Logo-Compuviper-10.png\",\"width\":1000,\"height\":500,\"caption\":\"Compuviper\"},\"image\":{\"@id\":\"https:\/\/compuviper.mx\/tienda\/#\/schema\/logo\/image\/\"},\"sameAs\":[\"https:\/\/www.facebook.com\/compuviper\",\"https:\/\/www.youtube.com\/channel\/UCf73dERp9Y3cfOq7q8BhLjA?view_as=subscriber\"]}]}<\/script>\n<meta property=\"product:brand\" content=\"HP\" \/>\n<meta property=\"product:price:amount\" content=\"322\" \/>\n<meta property=\"product:price:currency\" content=\"MXN\" \/>\n<meta property=\"og:availability\" content=\"instock\" \/>\n<meta property=\"product:availability\" content=\"instock\" \/>\n<meta property=\"product:retailer_item_id\" content=\"D000A20\" \/>\n<meta property=\"product:condition\" content=\"new\" \/>\n<!-- \/ Yoast SEO plugin. -->","yoast_head_json":{"title":"[ Hp ] &#129351; D000a20 Consumo Antivirus Bitdefender Licencia De 1 A\u00f1o, 1 Usuario","description":"Compra D000a20 Consumo Antivirus Bitdefender Licencia De 1 A\u00f1o, 1 Usuario + Env\u00edo a domicilio + Pago seguro + Garant\u00eda","robots":{"index":"index","follow":"follow","max-snippet":"max-snippet:-1","max-image-preview":"max-image-preview:large","max-video-preview":"max-video-preview:-1"},"canonical":"https:\/\/compuviper.mx\/tienda\/producto\/hp-d000a20-consumo-antivirus-bitdefender-licencia-de-1-ao-1-usuario\/","og_locale":"es_MX","og_type":"article","og_title":"[ Hp ] &#129351; D000a20 Consumo Antivirus Bitdefender Licencia De 1 A\u00f1o, 1 Usuario","og_description":"Compra D000a20 Consumo Antivirus Bitdefender Licencia De 1 A\u00f1o, 1 Usuario + Env\u00edo a domicilio + Pago seguro + Garant\u00eda","og_url":"https:\/\/compuviper.mx\/tienda\/producto\/hp-d000a20-consumo-antivirus-bitdefender-licencia-de-1-ao-1-usuario\/","og_site_name":"Compuviper","article_publisher":"https:\/\/www.facebook.com\/compuviper","og_image":[{"width":200,"height":200,"url":"https:\/\/compuviper.mx\/tienda\/wp-content\/uploads\/2023\/12\/Hp-consumo-antivirus-bitdefender-total-security-licencia-de-1-ano-1-usuario-3-dispositivos.jpg","type":"image\/jpeg"}],"twitter_card":"summary_large_image","twitter_misc":{"Precio":"&#36;322 con IVA","Availability":"In stock"},"schema":{"@context":"https:\/\/schema.org","@graph":[{"@type":"WebPage","@id":"https:\/\/compuviper.mx\/tienda\/producto\/hp-d000a20-consumo-antivirus-bitdefender-licencia-de-1-ao-1-usuario\/","url":"https:\/\/compuviper.mx\/tienda\/producto\/hp-d000a20-consumo-antivirus-bitdefender-licencia-de-1-ao-1-usuario\/","name":"[ Hp ] &#129351; D000a20 Consumo Antivirus Bitdefender Licencia De 1 A\u00f1o, 1 Usuario","isPartOf":{"@id":"https:\/\/compuviper.mx\/tienda\/#website"},"datePublished":"2026-04-11T08:10:43+00:00","dateModified":"2026-04-11T08:10:43+00:00","description":"Compra D000a20 Consumo Antivirus Bitdefender Licencia De 1 A\u00f1o, 1 Usuario + Env\u00edo a domicilio + Pago seguro + Garant\u00eda","breadcrumb":{"@id":"https:\/\/compuviper.mx\/tienda\/producto\/hp-d000a20-consumo-antivirus-bitdefender-licencia-de-1-ao-1-usuario\/#breadcrumb"},"inLanguage":"es-MX","potentialAction":[{"@type":"ReadAction","target":["https:\/\/compuviper.mx\/tienda\/producto\/hp-d000a20-consumo-antivirus-bitdefender-licencia-de-1-ao-1-usuario\/"]}]},{"@type":"BreadcrumbList","@id":"https:\/\/compuviper.mx\/tienda\/producto\/hp-d000a20-consumo-antivirus-bitdefender-licencia-de-1-ao-1-usuario\/#breadcrumb","itemListElement":[{"@type":"ListItem","position":1,"name":"Inicio","item":"https:\/\/compuviper.mx\/tienda\/"},{"@type":"ListItem","position":2,"name":"Productos","item":"https:\/\/compuviper.mx\/tienda\/productos\/"},{"@type":"ListItem","position":3,"name":"Software","item":"https:\/\/compuviper.mx\/tienda\/categoria-producto\/software\/"},{"@type":"ListItem","position":4,"name":"Licenciamiento Caja","item":"https:\/\/compuviper.mx\/tienda\/categoria-producto\/software\/licenciamiento-caja\/"},{"@type":"ListItem","position":5,"name":"Hp D000a20 Consumo Antivirus Bitdefender Licencia De 1 A?o, 1 Usuario"}]},{"@type":"WebSite","@id":"https:\/\/compuviper.mx\/tienda\/#website","url":"https:\/\/compuviper.mx\/tienda\/","name":"Compuviper","description":"Proveedor de Computadoras, Laptops, Servidores, Monitores, Puntos de Venta, Teclados,   Impresoras, T\u00f3ner, C\u00e1maras de Seguridad y m\u00e1s en tu tienda en l\u00ednea","publisher":{"@id":"https:\/\/compuviper.mx\/tienda\/#organization"},"potentialAction":[{"@type":"SearchAction","target":{"@type":"EntryPoint","urlTemplate":"https:\/\/compuviper.mx\/tienda\/?s={search_term_string}"},"query-input":"required name=search_term_string"}],"inLanguage":"es-MX"},{"@type":"Organization","@id":"https:\/\/compuviper.mx\/tienda\/#organization","name":"Compuviper","url":"https:\/\/compuviper.mx\/tienda\/","logo":{"@type":"ImageObject","inLanguage":"es-MX","@id":"https:\/\/compuviper.mx\/tienda\/#\/schema\/logo\/image\/","url":"https:\/\/compuviper.mx\/tienda\/wp-content\/uploads\/2021\/08\/Logo-Compuviper-10.png","contentUrl":"https:\/\/compuviper.mx\/tienda\/wp-content\/uploads\/2021\/08\/Logo-Compuviper-10.png","width":1000,"height":500,"caption":"Compuviper"},"image":{"@id":"https:\/\/compuviper.mx\/tienda\/#\/schema\/logo\/image\/"},"sameAs":["https:\/\/www.facebook.com\/compuviper","https:\/\/www.youtube.com\/channel\/UCf73dERp9Y3cfOq7q8BhLjA?view_as=subscriber"]}]},"product_brand":"HP","product_price_amount":"322","product_price_currency":"MXN","og_availability":"instock","product_availability":"instock","product_retailer_item_id":"D000A20","product_condition":"new"},"_links":{"self":[{"href":"https:\/\/compuviper.mx\/tienda\/wp-json\/wp\/v2\/product\/226538"}],"collection":[{"href":"https:\/\/compuviper.mx\/tienda\/wp-json\/wp\/v2\/product"}],"about":[{"href":"https:\/\/compuviper.mx\/tienda\/wp-json\/wp\/v2\/types\/product"}],"replies":[{"embeddable":true,"href":"https:\/\/compuviper.mx\/tienda\/wp-json\/wp\/v2\/comments?post=226538"}],"wp:featuredmedia":[{"embeddable":true,"href":"https:\/\/compuviper.mx\/tienda\/wp-json\/wp\/v2\/media\/226539"}],"wp:attachment":[{"href":"https:\/\/compuviper.mx\/tienda\/wp-json\/wp\/v2\/media?parent=226538"}],"wp:term":[{"taxonomy":"product_cat","embeddable":true,"href":"https:\/\/compuviper.mx\/tienda\/wp-json\/wp\/v2\/product_cat?post=226538"},{"taxonomy":"product_tag","embeddable":true,"href":"https:\/\/compuviper.mx\/tienda\/wp-json\/wp\/v2\/product_tag?post=226538"}],"curies":[{"name":"wp","href":"https:\/\/api.w.org\/{rel}","templated":true}]}}