{"id":226536,"date":"2026-05-01T02:06:22","date_gmt":"2026-05-01T08:06:22","guid":{"rendered":"https:\/\/compuviper.mx\/tienda\/producto\/norton-21422922-esd-360-for-gamers-total-security-3-dispositivos-1-ao-descarga-digital\/"},"modified":"2026-05-01T02:06:22","modified_gmt":"2026-05-01T08:06:22","slug":"norton-21422922-esd-360-for-gamers-total-security-3-dispositivos-1-ao-descarga-digital","status":"publish","type":"product","link":"https:\/\/compuviper.mx\/tienda\/producto\/norton-21422922-esd-360-for-gamers-total-security-3-dispositivos-1-ao-descarga-digital\/","title":{"rendered":"Norton 21422922 Esd  360 For Gamers \/ Total Security\/ 3 Dispositivos\/ 1 A?o\/ Descarga Digital"},"content":{"rendered":"<table class=\"descripcion\">\n<tr>\n<td>Para 3 usuarios<\/td>\n<\/tr>\n<tr>\n<td>Proteccion por 1 a\u00f1o.<\/td>\n<\/tr>\n<tr>\n<td>Descarga digital.<\/td>\n<\/tr>\n<tr>\n<td>Proteccin contra amenazas en tiempo real<\/td>\n<\/tr>\n<tr>\n<td>Secure vpn<\/td>\n<\/tr>\n<tr>\n<td>Gestor de contraseas<\/td>\n<\/tr>\n<tr>\n<td>Copia de seguridad en la nube para pc con 50 gb disponibles<\/td>\n<\/tr>\n<tr>\n<td>Deteccin de modo de pantalla completa para pc<\/td>\n<\/tr>\n<tr>\n<td>Optimizacin de notificaciones en la pc<\/td>\n<\/tr>\n<tr>\n<td>Requisitos del sistema<\/td>\n<\/tr>\n<tr>\n<td>Sistemas operativos de seguridad de los dispositivos compatibles con:<\/td>\n<\/tr>\n<tr>\n<td>\u0095 microsoft windows 10, 8\/8.1 hay algunas funciones de proteccin que no estn disponibles en los navegadores de pantalla de inicio del windows 8, 7 con paquete de servicios 1 o ms reciente<\/td>\n<\/tr>\n<tr>\n<td>\u0095 mac os actual y las dos versiones anteriores<\/td>\n<\/tr>\n<tr>\n<td>\u0095 android 4.1 o ms reciente. debe tener instalada la aplicacin de google play.<\/td>\n<\/tr>\n<tr>\n<td>\u0095 ios actual y las dos versiones anteriores iphone o ipad<\/td>\n<\/tr>\n<tr>\n<td>Sistemas operativos secure vpn compatibles con:<\/td>\n<\/tr>\n<tr>\n<td>\u0095 microsoft windows 10 excepto windows 10 s, 8, 8.1, 7 con paquete de servicios 1 o ms reciente<\/td>\n<\/tr>\n<tr>\n<td>\u0095 mac os actual y las dos versiones anteriores<\/td>\n<\/tr>\n<tr>\n<td>\u0095 android 4.4 o posterior<\/td>\n<\/tr>\n<tr>\n<td>\u0095 ios actual y las dos versiones anteriores iphone o ipad<\/td>\n<\/tr>\n<tr>\n<td>Nadie puede evitar todos los delitos cibernticos o el robo de identidad.<\/td>\n<\/tr>\n<tr>\n<td>1 requiere que su dispositivo cuente con un plan de acceso a internet\/datos y est encendido.<\/td>\n<\/tr>\n<tr>\n<td>2 promesa de proteccin contra virus: existen restricciones. debe adquirir, renovar, o mejorar su suscripcin que cumple<\/td>\n<\/tr>\n<tr>\n<td>Con los requisitos contactando directamente a nortonlifelock, o bien suscribirse al servicio de renovacin automtica.<\/td>\n<\/tr>\n<tr>\n<td>Vase norton.com\/garanta para obtener ms informacin, incluso sobre suscripciones que cumplen con los requisitos.<\/td>\n<\/tr>\n<\/table>\n","protected":false},"excerpt":{"rendered":"<p>Diseado por jugadores para ayudar a proteger a los jugadores. Para jugadores casuales o habituales, norton 360 for gamers. Le brinda con variadas capas de proteccin para sus dispositivos. Cuentas de juegos y activos digitales. Potente proteccin diseada para jugadores de pc. Norton 360 for gamers ofrece proteccin para hasta 3. Pc, mac\u00ae, telfonos inteligentes o tabletas<\/p>\n","protected":false},"featured_media":226537,"comment_status":"open","ping_status":"open","template":"","meta":[],"product_cat":[1827,2004],"product_tag":[2040],"acf":[],"yoast_head":"<!-- This site is optimized with the Yoast SEO plugin v21.7 - https:\/\/yoast.com\/wordpress\/plugins\/seo\/ -->\n<title>[ Norton ] &#129351; 21422922 Esd 360 For Gamers \/ Total Security\/ 3 Dispositivos\/ 1 A\u00f1o\/ Descarga Digital<\/title>\n<meta name=\"description\" content=\"Compra 21422922 Esd 360 For Gamers \/ Total Security\/ 3 Dispositivos\/ 1 A\u00f1o\/ Descarga Digital + Env\u00edo a domicilio + Pago seguro + Garant\u00eda\" \/>\n<meta name=\"robots\" content=\"index, follow, max-snippet:-1, max-image-preview:large, max-video-preview:-1\" \/>\n<link rel=\"canonical\" href=\"https:\/\/compuviper.mx\/tienda\/producto\/norton-21422922-esd-360-for-gamers-total-security-3-dispositivos-1-ao-descarga-digital\/\" \/>\n<meta property=\"og:locale\" content=\"es_MX\" \/>\n<meta property=\"og:type\" content=\"article\" \/>\n<meta property=\"og:title\" content=\"[ Norton ] &#129351; 21422922 Esd 360 For Gamers \/ Total Security\/ 3 Dispositivos\/ 1 A\u00f1o\/ Descarga Digital\" \/>\n<meta property=\"og:description\" content=\"Compra 21422922 Esd 360 For Gamers \/ Total Security\/ 3 Dispositivos\/ 1 A\u00f1o\/ Descarga Digital + Env\u00edo a domicilio + Pago seguro + Garant\u00eda\" \/>\n<meta property=\"og:url\" content=\"https:\/\/compuviper.mx\/tienda\/producto\/norton-21422922-esd-360-for-gamers-total-security-3-dispositivos-1-ao-descarga-digital\/\" \/>\n<meta property=\"og:site_name\" content=\"Compuviper\" \/>\n<meta property=\"article:publisher\" content=\"https:\/\/www.facebook.com\/compuviper\" \/>\n<meta property=\"og:image\" content=\"https:\/\/compuviper.mx\/tienda\/wp-content\/uploads\/2023\/12\/Esd-norton-360-for-gamers-total-security-3-dispositivos-1-ano-descarga-digital.jpg\" \/>\n\t<meta property=\"og:image:width\" content=\"200\" \/>\n\t<meta property=\"og:image:height\" content=\"200\" \/>\n\t<meta property=\"og:image:type\" content=\"image\/jpeg\" \/>\n<meta name=\"twitter:card\" content=\"summary_large_image\" \/>\n<meta name=\"twitter:label1\" content=\"Precio\" \/>\n\t<meta name=\"twitter:data1\" content=\"&#36;373 &#36;284 con IVA\" \/>\n\t<meta name=\"twitter:label2\" content=\"Availability\" \/>\n\t<meta name=\"twitter:data2\" content=\"On backorder\" \/>\n<script type=\"application\/ld+json\" class=\"yoast-schema-graph\">{\"@context\":\"https:\/\/schema.org\",\"@graph\":[{\"@type\":\"WebPage\",\"@id\":\"https:\/\/compuviper.mx\/tienda\/producto\/norton-21422922-esd-360-for-gamers-total-security-3-dispositivos-1-ao-descarga-digital\/\",\"url\":\"https:\/\/compuviper.mx\/tienda\/producto\/norton-21422922-esd-360-for-gamers-total-security-3-dispositivos-1-ao-descarga-digital\/\",\"name\":\"[ Norton ] &#129351; 21422922 Esd 360 For Gamers \/ Total Security\/ 3 Dispositivos\/ 1 A\u00f1o\/ Descarga Digital\",\"isPartOf\":{\"@id\":\"https:\/\/compuviper.mx\/tienda\/#website\"},\"datePublished\":\"2026-05-01T08:06:22+00:00\",\"dateModified\":\"2026-05-01T08:06:22+00:00\",\"description\":\"Compra 21422922 Esd 360 For Gamers \/ Total Security\/ 3 Dispositivos\/ 1 A\u00f1o\/ Descarga Digital + Env\u00edo a domicilio + Pago seguro + Garant\u00eda\",\"breadcrumb\":{\"@id\":\"https:\/\/compuviper.mx\/tienda\/producto\/norton-21422922-esd-360-for-gamers-total-security-3-dispositivos-1-ao-descarga-digital\/#breadcrumb\"},\"inLanguage\":\"es-MX\",\"potentialAction\":[{\"@type\":\"ReadAction\",\"target\":[\"https:\/\/compuviper.mx\/tienda\/producto\/norton-21422922-esd-360-for-gamers-total-security-3-dispositivos-1-ao-descarga-digital\/\"]}]},{\"@type\":\"BreadcrumbList\",\"@id\":\"https:\/\/compuviper.mx\/tienda\/producto\/norton-21422922-esd-360-for-gamers-total-security-3-dispositivos-1-ao-descarga-digital\/#breadcrumb\",\"itemListElement\":[{\"@type\":\"ListItem\",\"position\":1,\"name\":\"Inicio\",\"item\":\"https:\/\/compuviper.mx\/tienda\/\"},{\"@type\":\"ListItem\",\"position\":2,\"name\":\"Productos\",\"item\":\"https:\/\/compuviper.mx\/tienda\/productos\/\"},{\"@type\":\"ListItem\",\"position\":3,\"name\":\"Software\",\"item\":\"https:\/\/compuviper.mx\/tienda\/categoria-producto\/software\/\"},{\"@type\":\"ListItem\",\"position\":4,\"name\":\"Licenciamiento Esd\",\"item\":\"https:\/\/compuviper.mx\/tienda\/categoria-producto\/software\/licenciamiento-esd\/\"},{\"@type\":\"ListItem\",\"position\":5,\"name\":\"Norton 21422922 Esd 360 For Gamers \/ Total Security\/ 3 Dispositivos\/ 1 A?o\/ Descarga Digital\"}]},{\"@type\":\"WebSite\",\"@id\":\"https:\/\/compuviper.mx\/tienda\/#website\",\"url\":\"https:\/\/compuviper.mx\/tienda\/\",\"name\":\"Compuviper\",\"description\":\"Proveedor de Computadoras, Laptops, Servidores, Monitores, Puntos de Venta, Teclados,   Impresoras, T\u00f3ner, C\u00e1maras de Seguridad y m\u00e1s en tu tienda en l\u00ednea\",\"publisher\":{\"@id\":\"https:\/\/compuviper.mx\/tienda\/#organization\"},\"potentialAction\":[{\"@type\":\"SearchAction\",\"target\":{\"@type\":\"EntryPoint\",\"urlTemplate\":\"https:\/\/compuviper.mx\/tienda\/?s={search_term_string}\"},\"query-input\":\"required name=search_term_string\"}],\"inLanguage\":\"es-MX\"},{\"@type\":\"Organization\",\"@id\":\"https:\/\/compuviper.mx\/tienda\/#organization\",\"name\":\"Compuviper\",\"url\":\"https:\/\/compuviper.mx\/tienda\/\",\"logo\":{\"@type\":\"ImageObject\",\"inLanguage\":\"es-MX\",\"@id\":\"https:\/\/compuviper.mx\/tienda\/#\/schema\/logo\/image\/\",\"url\":\"https:\/\/compuviper.mx\/tienda\/wp-content\/uploads\/2021\/08\/Logo-Compuviper-10.png\",\"contentUrl\":\"https:\/\/compuviper.mx\/tienda\/wp-content\/uploads\/2021\/08\/Logo-Compuviper-10.png\",\"width\":1000,\"height\":500,\"caption\":\"Compuviper\"},\"image\":{\"@id\":\"https:\/\/compuviper.mx\/tienda\/#\/schema\/logo\/image\/\"},\"sameAs\":[\"https:\/\/www.facebook.com\/compuviper\",\"https:\/\/www.youtube.com\/channel\/UCf73dERp9Y3cfOq7q8BhLjA?view_as=subscriber\"]}]}<\/script>\n<meta property=\"product:brand\" content=\"NORTON\" \/>\n<meta property=\"product:price:amount\" content=\"284\" \/>\n<meta property=\"product:price:currency\" content=\"MXN\" \/>\n<meta property=\"og:availability\" content=\"backorder\" \/>\n<meta property=\"product:availability\" content=\"available for order\" \/>\n<meta property=\"product:retailer_item_id\" content=\"21422922\" \/>\n<meta property=\"product:condition\" content=\"new\" \/>\n<!-- \/ Yoast SEO plugin. -->","yoast_head_json":{"title":"[ Norton ] &#129351; 21422922 Esd 360 For Gamers \/ Total Security\/ 3 Dispositivos\/ 1 A\u00f1o\/ Descarga Digital","description":"Compra 21422922 Esd 360 For Gamers \/ Total Security\/ 3 Dispositivos\/ 1 A\u00f1o\/ Descarga Digital + Env\u00edo a domicilio + Pago seguro + Garant\u00eda","robots":{"index":"index","follow":"follow","max-snippet":"max-snippet:-1","max-image-preview":"max-image-preview:large","max-video-preview":"max-video-preview:-1"},"canonical":"https:\/\/compuviper.mx\/tienda\/producto\/norton-21422922-esd-360-for-gamers-total-security-3-dispositivos-1-ao-descarga-digital\/","og_locale":"es_MX","og_type":"article","og_title":"[ Norton ] &#129351; 21422922 Esd 360 For Gamers \/ Total Security\/ 3 Dispositivos\/ 1 A\u00f1o\/ Descarga Digital","og_description":"Compra 21422922 Esd 360 For Gamers \/ Total Security\/ 3 Dispositivos\/ 1 A\u00f1o\/ Descarga Digital + Env\u00edo a domicilio + Pago seguro + Garant\u00eda","og_url":"https:\/\/compuviper.mx\/tienda\/producto\/norton-21422922-esd-360-for-gamers-total-security-3-dispositivos-1-ao-descarga-digital\/","og_site_name":"Compuviper","article_publisher":"https:\/\/www.facebook.com\/compuviper","og_image":[{"width":200,"height":200,"url":"https:\/\/compuviper.mx\/tienda\/wp-content\/uploads\/2023\/12\/Esd-norton-360-for-gamers-total-security-3-dispositivos-1-ano-descarga-digital.jpg","type":"image\/jpeg"}],"twitter_card":"summary_large_image","twitter_misc":{"Precio":"&#36;373 &#36;284 con IVA","Availability":"On backorder"},"schema":{"@context":"https:\/\/schema.org","@graph":[{"@type":"WebPage","@id":"https:\/\/compuviper.mx\/tienda\/producto\/norton-21422922-esd-360-for-gamers-total-security-3-dispositivos-1-ao-descarga-digital\/","url":"https:\/\/compuviper.mx\/tienda\/producto\/norton-21422922-esd-360-for-gamers-total-security-3-dispositivos-1-ao-descarga-digital\/","name":"[ Norton ] &#129351; 21422922 Esd 360 For Gamers \/ Total Security\/ 3 Dispositivos\/ 1 A\u00f1o\/ Descarga Digital","isPartOf":{"@id":"https:\/\/compuviper.mx\/tienda\/#website"},"datePublished":"2026-05-01T08:06:22+00:00","dateModified":"2026-05-01T08:06:22+00:00","description":"Compra 21422922 Esd 360 For Gamers \/ Total Security\/ 3 Dispositivos\/ 1 A\u00f1o\/ Descarga Digital + Env\u00edo a domicilio + Pago seguro + Garant\u00eda","breadcrumb":{"@id":"https:\/\/compuviper.mx\/tienda\/producto\/norton-21422922-esd-360-for-gamers-total-security-3-dispositivos-1-ao-descarga-digital\/#breadcrumb"},"inLanguage":"es-MX","potentialAction":[{"@type":"ReadAction","target":["https:\/\/compuviper.mx\/tienda\/producto\/norton-21422922-esd-360-for-gamers-total-security-3-dispositivos-1-ao-descarga-digital\/"]}]},{"@type":"BreadcrumbList","@id":"https:\/\/compuviper.mx\/tienda\/producto\/norton-21422922-esd-360-for-gamers-total-security-3-dispositivos-1-ao-descarga-digital\/#breadcrumb","itemListElement":[{"@type":"ListItem","position":1,"name":"Inicio","item":"https:\/\/compuviper.mx\/tienda\/"},{"@type":"ListItem","position":2,"name":"Productos","item":"https:\/\/compuviper.mx\/tienda\/productos\/"},{"@type":"ListItem","position":3,"name":"Software","item":"https:\/\/compuviper.mx\/tienda\/categoria-producto\/software\/"},{"@type":"ListItem","position":4,"name":"Licenciamiento Esd","item":"https:\/\/compuviper.mx\/tienda\/categoria-producto\/software\/licenciamiento-esd\/"},{"@type":"ListItem","position":5,"name":"Norton 21422922 Esd 360 For Gamers \/ Total Security\/ 3 Dispositivos\/ 1 A?o\/ Descarga Digital"}]},{"@type":"WebSite","@id":"https:\/\/compuviper.mx\/tienda\/#website","url":"https:\/\/compuviper.mx\/tienda\/","name":"Compuviper","description":"Proveedor de Computadoras, Laptops, Servidores, Monitores, Puntos de Venta, Teclados,   Impresoras, T\u00f3ner, C\u00e1maras de Seguridad y m\u00e1s en tu tienda en l\u00ednea","publisher":{"@id":"https:\/\/compuviper.mx\/tienda\/#organization"},"potentialAction":[{"@type":"SearchAction","target":{"@type":"EntryPoint","urlTemplate":"https:\/\/compuviper.mx\/tienda\/?s={search_term_string}"},"query-input":"required name=search_term_string"}],"inLanguage":"es-MX"},{"@type":"Organization","@id":"https:\/\/compuviper.mx\/tienda\/#organization","name":"Compuviper","url":"https:\/\/compuviper.mx\/tienda\/","logo":{"@type":"ImageObject","inLanguage":"es-MX","@id":"https:\/\/compuviper.mx\/tienda\/#\/schema\/logo\/image\/","url":"https:\/\/compuviper.mx\/tienda\/wp-content\/uploads\/2021\/08\/Logo-Compuviper-10.png","contentUrl":"https:\/\/compuviper.mx\/tienda\/wp-content\/uploads\/2021\/08\/Logo-Compuviper-10.png","width":1000,"height":500,"caption":"Compuviper"},"image":{"@id":"https:\/\/compuviper.mx\/tienda\/#\/schema\/logo\/image\/"},"sameAs":["https:\/\/www.facebook.com\/compuviper","https:\/\/www.youtube.com\/channel\/UCf73dERp9Y3cfOq7q8BhLjA?view_as=subscriber"]}]},"product_brand":"NORTON","product_price_amount":"284","product_price_currency":"MXN","og_availability":"backorder","product_availability":"available for order","product_retailer_item_id":"21422922","product_condition":"new"},"_links":{"self":[{"href":"https:\/\/compuviper.mx\/tienda\/wp-json\/wp\/v2\/product\/226536"}],"collection":[{"href":"https:\/\/compuviper.mx\/tienda\/wp-json\/wp\/v2\/product"}],"about":[{"href":"https:\/\/compuviper.mx\/tienda\/wp-json\/wp\/v2\/types\/product"}],"replies":[{"embeddable":true,"href":"https:\/\/compuviper.mx\/tienda\/wp-json\/wp\/v2\/comments?post=226536"}],"wp:featuredmedia":[{"embeddable":true,"href":"https:\/\/compuviper.mx\/tienda\/wp-json\/wp\/v2\/media\/226537"}],"wp:attachment":[{"href":"https:\/\/compuviper.mx\/tienda\/wp-json\/wp\/v2\/media?parent=226536"}],"wp:term":[{"taxonomy":"product_cat","embeddable":true,"href":"https:\/\/compuviper.mx\/tienda\/wp-json\/wp\/v2\/product_cat?post=226536"},{"taxonomy":"product_tag","embeddable":true,"href":"https:\/\/compuviper.mx\/tienda\/wp-json\/wp\/v2\/product_tag?post=226536"}],"curies":[{"name":"wp","href":"https:\/\/api.w.org\/{rel}","templated":true}]}}