{"id":226532,"date":"2026-04-10T02:03:27","date_gmt":"2026-04-10T08:03:27","guid":{"rendered":"https:\/\/compuviper.mx\/tienda\/producto\/norton-21414734-360-standard-internet-security-1-dispositivo-1-ao-caja\/"},"modified":"2026-04-10T02:03:27","modified_gmt":"2026-04-10T08:03:27","slug":"norton-21414734-360-standard-internet-security-1-dispositivo-1-ao-caja","status":"publish","type":"product","link":"https:\/\/compuviper.mx\/tienda\/producto\/norton-21414734-360-standard-internet-security-1-dispositivo-1-ao-caja\/","title":{"rendered":"Norton 21414734  360 Standard \/ Internet Security 1 Dispositivo 1 A?o (caja)"},"content":{"rendered":"<table class=\"descripcion\">\n<tr>\n<td>No todas las funciones est\u00e1n disponibles en todas las plataformas. norton family parental controls, norton cloud backup y safecam actualmente no son compatibles con mac os.<\/td>\n<\/tr>\n<tr>\n<td>Sistemas operativos windows \u0099. microsoft windows 10 (todas las versiones), excepto windows 10 s. microsoft windows 8 \/ 8.1 (todas las versiones). algunas funciones de protecci\u00f3n no est\u00e1n disponibles en los navegadores de pantalla de inicio de windows 8. microsoft windows 7 (todas las versiones) con service pack 1 (sp 1) o posterior.<\/td>\n<\/tr>\n<tr>\n<td>Sistemas operativos mac\u00ae. dos versiones actuales y anteriores de mac os. las funciones de control parental de norton family no son compatibles.<\/td>\n<\/tr>\n<tr>\n<td>Sistemas operativos android \u0099. android 6.0 o posterior. debe tener instalada la aplicaci\u00f3n google play. el escaneo autom\u00e1tico de aplicaciones en google play es compatible con android 4.1 o posterior, excepto para dispositivos samsung. los dispositivos samsung con android 4.2 o posterior son compatibles. para versiones anteriores de android, la funci\u00f3n compartir de google play debe usarse para escanear aplicaciones en google play.<\/td>\n<\/tr>\n<tr>\n<td>Sistemas operativos ios iphones o ipads que ejecutan las dos versiones actuales y anteriores de apple ios.<\/td>\n<\/tr>\n<tr>\n<td>Norton \u0099 secure vpn<\/td>\n<\/tr>\n<tr>\n<td>Disponible para pc con windows \u0099, mac\u00ae, ios y dispositivos con android \u0099: norton secure vpn es compatible con pc, mac, tel\u00e9fonos inteligentes y tabletas con android, ipad y iphone. norton secure vpn se puede usar en la cantidad especificada de dispositivos, con uso ilimitado durante el per\u00edodo de suscripci\u00f3n.<\/td>\n<\/tr>\n<tr>\n<td>Sistemas operativos windows \u0099. microsoft windows 7 (todas las versiones) con service pack 1 (sp 1) o posterior, microsoft windows 8 \/ 8.1 (todas las versiones) microsoft windows 10 (todas las versiones) 150 mb de espacio disponible en el disco duro<\/td>\n<\/tr>\n<tr>\n<td>Sistemas operativos mac\u00ae<\/td>\n<\/tr>\n<tr>\n<td>Mac os x 10.10.xo posterior, 150 mb de espacio disponible en el disco duro<\/td>\n<\/tr>\n<tr>\n<td>Sistemas operativos android \u0099. los androides ejecutan 4.4 o posterior.<\/td>\n<\/tr>\n<tr>\n<td>Sistemas operativos ios. iphones o ipads que ejecutan las dos versiones actuales y anteriores de apple ios.<\/td>\n<\/tr>\n<\/table>\n","protected":false},"excerpt":{"rendered":"<p>Nuestra protecci\u00f3n ahora es mejor que nunca. Presentamos el nuevo norton 360 con lifelock. Lifelook: es una compa\u00f1\u00eda estadounidense de protecci\u00f3n contra el robo de identidad detecta solicitudes fraudulentas de cr\u00e9dito y uso ilegal de informaci\u00f3n personal. Estamos tan seguros de nuestra capacidad para mantener sus dispositivos seguros, ofrecemos una garant\u00eda del 100%: desde el momento en que se suscribe, un experto de norton lo ayudar\u00e1 a mantener sus dispositivos libres de virus o le reembolsar\u00e1. Norton 360 standard ofrece protecci\u00f3n para 1 pc, 1 mac o 1 tel\u00e9fono inteligente o tableta. M\u00faltiples capas de protecci\u00f3n para sus dispositivos y privacidad en l\u00ednea. Norton 360 standard le brinda protecci\u00f3n integral contra malware para una sola pc, mac, dispositivo android o ios, que incluye 10 gb de copia de seguridad segura en la nube para pc y secure vpn para su dispositivo. Tambi\u00e9n se incluyen funciones adicionales como safecam que lo alerta y bloquea el acceso no autorizado a la c\u00e1mara web de su pc, y dark web monitoring con lifelock, \u00a7 donde monitoreamos y notificamos si encontramos su informaci\u00f3n personal en la web oscura.<\/p>\n","protected":false},"featured_media":226533,"comment_status":"open","ping_status":"open","template":"","meta":[],"product_cat":[1827,1828],"product_tag":[2040],"acf":[],"yoast_head":"<!-- This site is optimized with the Yoast SEO plugin v21.7 - https:\/\/yoast.com\/wordpress\/plugins\/seo\/ -->\n<title>[ Norton ] &#129351; 21414734 360 Standard \/ Internet Security 1 Dispositivo 1 A\u00f1o (caja)<\/title>\n<meta name=\"description\" content=\"Compra 21414734 360 Standard \/ Internet Security 1 Dispositivo 1 A\u00f1o (caja) + Env\u00edo a domicilio + Pago seguro + Garant\u00eda\" \/>\n<meta name=\"robots\" content=\"index, follow, max-snippet:-1, max-image-preview:large, max-video-preview:-1\" \/>\n<link rel=\"canonical\" href=\"https:\/\/compuviper.mx\/tienda\/producto\/norton-21414734-360-standard-internet-security-1-dispositivo-1-ao-caja\/\" \/>\n<meta property=\"og:locale\" content=\"es_MX\" \/>\n<meta property=\"og:type\" content=\"article\" \/>\n<meta property=\"og:title\" content=\"[ Norton ] &#129351; 21414734 360 Standard \/ Internet Security 1 Dispositivo 1 A\u00f1o (caja)\" \/>\n<meta property=\"og:description\" content=\"Compra 21414734 360 Standard \/ Internet Security 1 Dispositivo 1 A\u00f1o (caja) + Env\u00edo a domicilio + Pago seguro + Garant\u00eda\" \/>\n<meta property=\"og:url\" content=\"https:\/\/compuviper.mx\/tienda\/producto\/norton-21414734-360-standard-internet-security-1-dispositivo-1-ao-caja\/\" \/>\n<meta property=\"og:site_name\" content=\"Compuviper\" \/>\n<meta property=\"article:publisher\" content=\"https:\/\/www.facebook.com\/compuviper\" \/>\n<meta property=\"og:image\" content=\"https:\/\/compuviper.mx\/tienda\/wp-content\/uploads\/2023\/12\/Norton-360-standard-internet-security-1-dispositivo-1-ano-caja.jpg\" \/>\n\t<meta property=\"og:image:width\" content=\"200\" \/>\n\t<meta property=\"og:image:height\" content=\"200\" \/>\n\t<meta property=\"og:image:type\" content=\"image\/jpeg\" \/>\n<meta name=\"twitter:card\" content=\"summary_large_image\" \/>\n<meta name=\"twitter:label1\" content=\"Precio\" \/>\n\t<meta name=\"twitter:data1\" content=\"&#36;271 con IVA\" \/>\n\t<meta name=\"twitter:label2\" content=\"Availability\" \/>\n\t<meta name=\"twitter:data2\" content=\"In stock\" \/>\n<script type=\"application\/ld+json\" class=\"yoast-schema-graph\">{\"@context\":\"https:\/\/schema.org\",\"@graph\":[{\"@type\":\"WebPage\",\"@id\":\"https:\/\/compuviper.mx\/tienda\/producto\/norton-21414734-360-standard-internet-security-1-dispositivo-1-ao-caja\/\",\"url\":\"https:\/\/compuviper.mx\/tienda\/producto\/norton-21414734-360-standard-internet-security-1-dispositivo-1-ao-caja\/\",\"name\":\"[ Norton ] &#129351; 21414734 360 Standard \/ Internet Security 1 Dispositivo 1 A\u00f1o (caja)\",\"isPartOf\":{\"@id\":\"https:\/\/compuviper.mx\/tienda\/#website\"},\"datePublished\":\"2026-04-10T08:03:27+00:00\",\"dateModified\":\"2026-04-10T08:03:27+00:00\",\"description\":\"Compra 21414734 360 Standard \/ Internet Security 1 Dispositivo 1 A\u00f1o (caja) + Env\u00edo a domicilio + Pago seguro + Garant\u00eda\",\"breadcrumb\":{\"@id\":\"https:\/\/compuviper.mx\/tienda\/producto\/norton-21414734-360-standard-internet-security-1-dispositivo-1-ao-caja\/#breadcrumb\"},\"inLanguage\":\"es-MX\",\"potentialAction\":[{\"@type\":\"ReadAction\",\"target\":[\"https:\/\/compuviper.mx\/tienda\/producto\/norton-21414734-360-standard-internet-security-1-dispositivo-1-ao-caja\/\"]}]},{\"@type\":\"BreadcrumbList\",\"@id\":\"https:\/\/compuviper.mx\/tienda\/producto\/norton-21414734-360-standard-internet-security-1-dispositivo-1-ao-caja\/#breadcrumb\",\"itemListElement\":[{\"@type\":\"ListItem\",\"position\":1,\"name\":\"Inicio\",\"item\":\"https:\/\/compuviper.mx\/tienda\/\"},{\"@type\":\"ListItem\",\"position\":2,\"name\":\"Productos\",\"item\":\"https:\/\/compuviper.mx\/tienda\/productos\/\"},{\"@type\":\"ListItem\",\"position\":3,\"name\":\"Software\",\"item\":\"https:\/\/compuviper.mx\/tienda\/categoria-producto\/software\/\"},{\"@type\":\"ListItem\",\"position\":4,\"name\":\"Licenciamiento Caja\",\"item\":\"https:\/\/compuviper.mx\/tienda\/categoria-producto\/software\/licenciamiento-caja\/\"},{\"@type\":\"ListItem\",\"position\":5,\"name\":\"Norton 21414734 360 Standard \/ Internet Security 1 Dispositivo 1 A?o (caja)\"}]},{\"@type\":\"WebSite\",\"@id\":\"https:\/\/compuviper.mx\/tienda\/#website\",\"url\":\"https:\/\/compuviper.mx\/tienda\/\",\"name\":\"Compuviper\",\"description\":\"Proveedor de Computadoras, Laptops, Servidores, Monitores, Puntos de Venta, Teclados,   Impresoras, T\u00f3ner, C\u00e1maras de Seguridad y m\u00e1s en tu tienda en l\u00ednea\",\"publisher\":{\"@id\":\"https:\/\/compuviper.mx\/tienda\/#organization\"},\"potentialAction\":[{\"@type\":\"SearchAction\",\"target\":{\"@type\":\"EntryPoint\",\"urlTemplate\":\"https:\/\/compuviper.mx\/tienda\/?s={search_term_string}\"},\"query-input\":\"required name=search_term_string\"}],\"inLanguage\":\"es-MX\"},{\"@type\":\"Organization\",\"@id\":\"https:\/\/compuviper.mx\/tienda\/#organization\",\"name\":\"Compuviper\",\"url\":\"https:\/\/compuviper.mx\/tienda\/\",\"logo\":{\"@type\":\"ImageObject\",\"inLanguage\":\"es-MX\",\"@id\":\"https:\/\/compuviper.mx\/tienda\/#\/schema\/logo\/image\/\",\"url\":\"https:\/\/compuviper.mx\/tienda\/wp-content\/uploads\/2021\/08\/Logo-Compuviper-10.png\",\"contentUrl\":\"https:\/\/compuviper.mx\/tienda\/wp-content\/uploads\/2021\/08\/Logo-Compuviper-10.png\",\"width\":1000,\"height\":500,\"caption\":\"Compuviper\"},\"image\":{\"@id\":\"https:\/\/compuviper.mx\/tienda\/#\/schema\/logo\/image\/\"},\"sameAs\":[\"https:\/\/www.facebook.com\/compuviper\",\"https:\/\/www.youtube.com\/channel\/UCf73dERp9Y3cfOq7q8BhLjA?view_as=subscriber\"]}]}<\/script>\n<meta property=\"product:brand\" content=\"NORTON\" \/>\n<meta property=\"product:price:amount\" content=\"271\" \/>\n<meta property=\"product:price:currency\" content=\"MXN\" \/>\n<meta property=\"og:availability\" content=\"instock\" \/>\n<meta property=\"product:availability\" content=\"instock\" \/>\n<meta property=\"product:retailer_item_id\" content=\"21414734\" \/>\n<meta property=\"product:condition\" content=\"new\" \/>\n<!-- \/ Yoast SEO plugin. -->","yoast_head_json":{"title":"[ Norton ] &#129351; 21414734 360 Standard \/ Internet Security 1 Dispositivo 1 A\u00f1o (caja)","description":"Compra 21414734 360 Standard \/ Internet Security 1 Dispositivo 1 A\u00f1o (caja) + Env\u00edo a domicilio + Pago seguro + Garant\u00eda","robots":{"index":"index","follow":"follow","max-snippet":"max-snippet:-1","max-image-preview":"max-image-preview:large","max-video-preview":"max-video-preview:-1"},"canonical":"https:\/\/compuviper.mx\/tienda\/producto\/norton-21414734-360-standard-internet-security-1-dispositivo-1-ao-caja\/","og_locale":"es_MX","og_type":"article","og_title":"[ Norton ] &#129351; 21414734 360 Standard \/ Internet Security 1 Dispositivo 1 A\u00f1o (caja)","og_description":"Compra 21414734 360 Standard \/ Internet Security 1 Dispositivo 1 A\u00f1o (caja) + Env\u00edo a domicilio + Pago seguro + Garant\u00eda","og_url":"https:\/\/compuviper.mx\/tienda\/producto\/norton-21414734-360-standard-internet-security-1-dispositivo-1-ao-caja\/","og_site_name":"Compuviper","article_publisher":"https:\/\/www.facebook.com\/compuviper","og_image":[{"width":200,"height":200,"url":"https:\/\/compuviper.mx\/tienda\/wp-content\/uploads\/2023\/12\/Norton-360-standard-internet-security-1-dispositivo-1-ano-caja.jpg","type":"image\/jpeg"}],"twitter_card":"summary_large_image","twitter_misc":{"Precio":"&#36;271 con IVA","Availability":"In stock"},"schema":{"@context":"https:\/\/schema.org","@graph":[{"@type":"WebPage","@id":"https:\/\/compuviper.mx\/tienda\/producto\/norton-21414734-360-standard-internet-security-1-dispositivo-1-ao-caja\/","url":"https:\/\/compuviper.mx\/tienda\/producto\/norton-21414734-360-standard-internet-security-1-dispositivo-1-ao-caja\/","name":"[ Norton ] &#129351; 21414734 360 Standard \/ Internet Security 1 Dispositivo 1 A\u00f1o (caja)","isPartOf":{"@id":"https:\/\/compuviper.mx\/tienda\/#website"},"datePublished":"2026-04-10T08:03:27+00:00","dateModified":"2026-04-10T08:03:27+00:00","description":"Compra 21414734 360 Standard \/ Internet Security 1 Dispositivo 1 A\u00f1o (caja) + Env\u00edo a domicilio + Pago seguro + Garant\u00eda","breadcrumb":{"@id":"https:\/\/compuviper.mx\/tienda\/producto\/norton-21414734-360-standard-internet-security-1-dispositivo-1-ao-caja\/#breadcrumb"},"inLanguage":"es-MX","potentialAction":[{"@type":"ReadAction","target":["https:\/\/compuviper.mx\/tienda\/producto\/norton-21414734-360-standard-internet-security-1-dispositivo-1-ao-caja\/"]}]},{"@type":"BreadcrumbList","@id":"https:\/\/compuviper.mx\/tienda\/producto\/norton-21414734-360-standard-internet-security-1-dispositivo-1-ao-caja\/#breadcrumb","itemListElement":[{"@type":"ListItem","position":1,"name":"Inicio","item":"https:\/\/compuviper.mx\/tienda\/"},{"@type":"ListItem","position":2,"name":"Productos","item":"https:\/\/compuviper.mx\/tienda\/productos\/"},{"@type":"ListItem","position":3,"name":"Software","item":"https:\/\/compuviper.mx\/tienda\/categoria-producto\/software\/"},{"@type":"ListItem","position":4,"name":"Licenciamiento Caja","item":"https:\/\/compuviper.mx\/tienda\/categoria-producto\/software\/licenciamiento-caja\/"},{"@type":"ListItem","position":5,"name":"Norton 21414734 360 Standard \/ Internet Security 1 Dispositivo 1 A?o (caja)"}]},{"@type":"WebSite","@id":"https:\/\/compuviper.mx\/tienda\/#website","url":"https:\/\/compuviper.mx\/tienda\/","name":"Compuviper","description":"Proveedor de Computadoras, Laptops, Servidores, Monitores, Puntos de Venta, Teclados,   Impresoras, T\u00f3ner, C\u00e1maras de Seguridad y m\u00e1s en tu tienda en l\u00ednea","publisher":{"@id":"https:\/\/compuviper.mx\/tienda\/#organization"},"potentialAction":[{"@type":"SearchAction","target":{"@type":"EntryPoint","urlTemplate":"https:\/\/compuviper.mx\/tienda\/?s={search_term_string}"},"query-input":"required name=search_term_string"}],"inLanguage":"es-MX"},{"@type":"Organization","@id":"https:\/\/compuviper.mx\/tienda\/#organization","name":"Compuviper","url":"https:\/\/compuviper.mx\/tienda\/","logo":{"@type":"ImageObject","inLanguage":"es-MX","@id":"https:\/\/compuviper.mx\/tienda\/#\/schema\/logo\/image\/","url":"https:\/\/compuviper.mx\/tienda\/wp-content\/uploads\/2021\/08\/Logo-Compuviper-10.png","contentUrl":"https:\/\/compuviper.mx\/tienda\/wp-content\/uploads\/2021\/08\/Logo-Compuviper-10.png","width":1000,"height":500,"caption":"Compuviper"},"image":{"@id":"https:\/\/compuviper.mx\/tienda\/#\/schema\/logo\/image\/"},"sameAs":["https:\/\/www.facebook.com\/compuviper","https:\/\/www.youtube.com\/channel\/UCf73dERp9Y3cfOq7q8BhLjA?view_as=subscriber"]}]},"product_brand":"NORTON","product_price_amount":"271","product_price_currency":"MXN","og_availability":"instock","product_availability":"instock","product_retailer_item_id":"21414734","product_condition":"new"},"_links":{"self":[{"href":"https:\/\/compuviper.mx\/tienda\/wp-json\/wp\/v2\/product\/226532"}],"collection":[{"href":"https:\/\/compuviper.mx\/tienda\/wp-json\/wp\/v2\/product"}],"about":[{"href":"https:\/\/compuviper.mx\/tienda\/wp-json\/wp\/v2\/types\/product"}],"replies":[{"embeddable":true,"href":"https:\/\/compuviper.mx\/tienda\/wp-json\/wp\/v2\/comments?post=226532"}],"wp:featuredmedia":[{"embeddable":true,"href":"https:\/\/compuviper.mx\/tienda\/wp-json\/wp\/v2\/media\/226533"}],"wp:attachment":[{"href":"https:\/\/compuviper.mx\/tienda\/wp-json\/wp\/v2\/media?parent=226532"}],"wp:term":[{"taxonomy":"product_cat","embeddable":true,"href":"https:\/\/compuviper.mx\/tienda\/wp-json\/wp\/v2\/product_cat?post=226532"},{"taxonomy":"product_tag","embeddable":true,"href":"https:\/\/compuviper.mx\/tienda\/wp-json\/wp\/v2\/product_tag?post=226532"}],"curies":[{"name":"wp","href":"https:\/\/api.w.org\/{rel}","templated":true}]}}