{"id":226530,"date":"2026-04-10T02:03:26","date_gmt":"2026-04-10T08:03:26","guid":{"rendered":"https:\/\/compuviper.mx\/tienda\/producto\/norton-21414707-antivirus-plus-1-dispositivo-1-ao-caja\/"},"modified":"2026-04-10T02:03:26","modified_gmt":"2026-04-10T08:03:26","slug":"norton-21414707-antivirus-plus-1-dispositivo-1-ao-caja","status":"publish","type":"product","link":"https:\/\/compuviper.mx\/tienda\/producto\/norton-21414707-antivirus-plus-1-dispositivo-1-ao-caja\/","title":{"rendered":"Norton 21414707  Antivirus Plus 1 Dispositivo 1 A?o (caja)"},"content":{"rendered":"<table class=\"descripcion\">\n<tr>\n<td>\u0095 norton \u0099 antivirus plus cubre una sola pc o mac. seguridad del dispositivo y norton secure<\/td>\n<\/tr>\n<tr>\n<td>Vpn con derecho, pc, mac o dispositivo mvil: pc, mac, android, ipad y iphone.<\/td>\n<\/tr>\n<tr>\n<td>Sistemas operativos windows \u0099. microsoft windows 10 todas las versiones, excepto windows 10 s.<\/td>\n<\/tr>\n<tr>\n<td>Microsoft windows 8 \/ 8.1 todas las versiones. algunas funciones de proteccin no estn disponibles<\/td>\n<\/tr>\n<tr>\n<td>En los navegadores de pantalla de inicio de windows 8. microsoft windows 7 todas las versiones con<\/td>\n<\/tr>\n<tr>\n<td>Service pack 1 sp 1 o posterior.<\/td>\n<\/tr>\n<tr>\n<td>Sistemas operativos mac\u00ae. dos versiones actuales y anteriores de mac os. las funciones de control<\/td>\n<\/tr>\n<tr>\n<td>Parental de norton family no son compatibles.<\/td>\n<\/tr>\n<\/table>\n","protected":false},"excerpt":{"rendered":"<p>Una promesa con la que puedes contar. Nuestra proteccin ahora es mejor que nunca. Lifelook: es una compaa estadounidense de proteccin contra el robo de. Identidad detecta solicitudes fraudulentas de crdito y uso ilegal de informacin personal. Estamos tan seguros de nuestra capacidad para mantener sus dispositivos seguros, ofrecemos. Una garanta del 100: desde el momento en que se suscribe, un experto de norton lo ayudar. A mantener sus dispositivos libres de virus o le reembolsar. Norton antivirus plus ofrece proteccin para 1 pc o mac. Y 2gb en la nube. Potente proteccin para su dispositivo e informacin personal en l. Norton antivirus plus es ideal para 1 pc o mac que proporciona proteccin contra amenazas en. Tiempo real contra malware, spyware, ransomware, ataques de phishing y ms de las complejas. Amenazas en lnea y fuera de lnea de hoy en da con mltiples capas de tecnologa de seguridad. Avanzada que incluye firewall inteligente. Con el administrador de contraseas, cree, almacene. Y sincronice todas sus contraseas en dispositivos windows, ios y android para iniciar sesin de. Forma segura en cualquier sitio. No te conformes con nada menos. Obtenga proteccin. Avanzada contra malware y ms hoy.<\/p>\n","protected":false},"featured_media":226531,"comment_status":"open","ping_status":"open","template":"","meta":[],"product_cat":[1827,1828],"product_tag":[2040],"acf":[],"yoast_head":"<!-- This site is optimized with the Yoast SEO plugin v21.7 - https:\/\/yoast.com\/wordpress\/plugins\/seo\/ -->\n<title>[ Norton ] &#129351; 21414707 Antivirus Plus 1 Dispositivo 1 A\u00f1o (caja)<\/title>\n<meta name=\"description\" content=\"Compra 21414707 Antivirus Plus 1 Dispositivo 1 A\u00f1o (caja) + Env\u00edo a domicilio + Pago seguro + Garant\u00eda\" \/>\n<meta name=\"robots\" content=\"index, follow, max-snippet:-1, max-image-preview:large, max-video-preview:-1\" \/>\n<link rel=\"canonical\" href=\"https:\/\/compuviper.mx\/tienda\/producto\/norton-21414707-antivirus-plus-1-dispositivo-1-ao-caja\/\" \/>\n<meta property=\"og:locale\" content=\"es_MX\" \/>\n<meta property=\"og:type\" content=\"article\" \/>\n<meta property=\"og:title\" content=\"[ Norton ] &#129351; 21414707 Antivirus Plus 1 Dispositivo 1 A\u00f1o (caja)\" \/>\n<meta property=\"og:description\" content=\"Compra 21414707 Antivirus Plus 1 Dispositivo 1 A\u00f1o (caja) + Env\u00edo a domicilio + Pago seguro + Garant\u00eda\" \/>\n<meta property=\"og:url\" content=\"https:\/\/compuviper.mx\/tienda\/producto\/norton-21414707-antivirus-plus-1-dispositivo-1-ao-caja\/\" \/>\n<meta property=\"og:site_name\" content=\"Compuviper\" \/>\n<meta property=\"article:publisher\" content=\"https:\/\/www.facebook.com\/compuviper\" \/>\n<meta property=\"og:image\" content=\"https:\/\/compuviper.mx\/tienda\/wp-content\/uploads\/2023\/12\/Norton-antivirus-plus-1-dispositivo-1-ano-caja.jpg\" \/>\n\t<meta property=\"og:image:width\" content=\"200\" \/>\n\t<meta property=\"og:image:height\" content=\"200\" \/>\n\t<meta property=\"og:image:type\" content=\"image\/jpeg\" \/>\n<meta name=\"twitter:card\" content=\"summary_large_image\" \/>\n<meta name=\"twitter:label1\" content=\"Precio\" \/>\n\t<meta name=\"twitter:data1\" content=\"&#36;204 &#36;154 con IVA\" \/>\n\t<meta name=\"twitter:label2\" content=\"Availability\" \/>\n\t<meta name=\"twitter:data2\" content=\"In stock\" \/>\n<script type=\"application\/ld+json\" class=\"yoast-schema-graph\">{\"@context\":\"https:\/\/schema.org\",\"@graph\":[{\"@type\":\"WebPage\",\"@id\":\"https:\/\/compuviper.mx\/tienda\/producto\/norton-21414707-antivirus-plus-1-dispositivo-1-ao-caja\/\",\"url\":\"https:\/\/compuviper.mx\/tienda\/producto\/norton-21414707-antivirus-plus-1-dispositivo-1-ao-caja\/\",\"name\":\"[ Norton ] &#129351; 21414707 Antivirus Plus 1 Dispositivo 1 A\u00f1o (caja)\",\"isPartOf\":{\"@id\":\"https:\/\/compuviper.mx\/tienda\/#website\"},\"datePublished\":\"2026-04-10T08:03:26+00:00\",\"dateModified\":\"2026-04-10T08:03:26+00:00\",\"description\":\"Compra 21414707 Antivirus Plus 1 Dispositivo 1 A\u00f1o (caja) + Env\u00edo a domicilio + Pago seguro + Garant\u00eda\",\"breadcrumb\":{\"@id\":\"https:\/\/compuviper.mx\/tienda\/producto\/norton-21414707-antivirus-plus-1-dispositivo-1-ao-caja\/#breadcrumb\"},\"inLanguage\":\"es-MX\",\"potentialAction\":[{\"@type\":\"ReadAction\",\"target\":[\"https:\/\/compuviper.mx\/tienda\/producto\/norton-21414707-antivirus-plus-1-dispositivo-1-ao-caja\/\"]}]},{\"@type\":\"BreadcrumbList\",\"@id\":\"https:\/\/compuviper.mx\/tienda\/producto\/norton-21414707-antivirus-plus-1-dispositivo-1-ao-caja\/#breadcrumb\",\"itemListElement\":[{\"@type\":\"ListItem\",\"position\":1,\"name\":\"Inicio\",\"item\":\"https:\/\/compuviper.mx\/tienda\/\"},{\"@type\":\"ListItem\",\"position\":2,\"name\":\"Productos\",\"item\":\"https:\/\/compuviper.mx\/tienda\/productos\/\"},{\"@type\":\"ListItem\",\"position\":3,\"name\":\"Software\",\"item\":\"https:\/\/compuviper.mx\/tienda\/categoria-producto\/software\/\"},{\"@type\":\"ListItem\",\"position\":4,\"name\":\"Licenciamiento Caja\",\"item\":\"https:\/\/compuviper.mx\/tienda\/categoria-producto\/software\/licenciamiento-caja\/\"},{\"@type\":\"ListItem\",\"position\":5,\"name\":\"Norton 21414707 Antivirus Plus 1 Dispositivo 1 A?o (caja)\"}]},{\"@type\":\"WebSite\",\"@id\":\"https:\/\/compuviper.mx\/tienda\/#website\",\"url\":\"https:\/\/compuviper.mx\/tienda\/\",\"name\":\"Compuviper\",\"description\":\"Proveedor de Computadoras, Laptops, Servidores, Monitores, Puntos de Venta, Teclados,   Impresoras, T\u00f3ner, C\u00e1maras de Seguridad y m\u00e1s en tu tienda en l\u00ednea\",\"publisher\":{\"@id\":\"https:\/\/compuviper.mx\/tienda\/#organization\"},\"potentialAction\":[{\"@type\":\"SearchAction\",\"target\":{\"@type\":\"EntryPoint\",\"urlTemplate\":\"https:\/\/compuviper.mx\/tienda\/?s={search_term_string}\"},\"query-input\":\"required name=search_term_string\"}],\"inLanguage\":\"es-MX\"},{\"@type\":\"Organization\",\"@id\":\"https:\/\/compuviper.mx\/tienda\/#organization\",\"name\":\"Compuviper\",\"url\":\"https:\/\/compuviper.mx\/tienda\/\",\"logo\":{\"@type\":\"ImageObject\",\"inLanguage\":\"es-MX\",\"@id\":\"https:\/\/compuviper.mx\/tienda\/#\/schema\/logo\/image\/\",\"url\":\"https:\/\/compuviper.mx\/tienda\/wp-content\/uploads\/2021\/08\/Logo-Compuviper-10.png\",\"contentUrl\":\"https:\/\/compuviper.mx\/tienda\/wp-content\/uploads\/2021\/08\/Logo-Compuviper-10.png\",\"width\":1000,\"height\":500,\"caption\":\"Compuviper\"},\"image\":{\"@id\":\"https:\/\/compuviper.mx\/tienda\/#\/schema\/logo\/image\/\"},\"sameAs\":[\"https:\/\/www.facebook.com\/compuviper\",\"https:\/\/www.youtube.com\/channel\/UCf73dERp9Y3cfOq7q8BhLjA?view_as=subscriber\"]}]}<\/script>\n<meta property=\"product:brand\" content=\"NORTON\" \/>\n<meta property=\"product:price:amount\" content=\"154\" \/>\n<meta property=\"product:price:currency\" content=\"MXN\" \/>\n<meta property=\"og:availability\" content=\"instock\" \/>\n<meta property=\"product:availability\" content=\"instock\" \/>\n<meta property=\"product:retailer_item_id\" content=\"21414707\" \/>\n<meta property=\"product:condition\" content=\"new\" \/>\n<!-- \/ Yoast SEO plugin. -->","yoast_head_json":{"title":"[ Norton ] &#129351; 21414707 Antivirus Plus 1 Dispositivo 1 A\u00f1o (caja)","description":"Compra 21414707 Antivirus Plus 1 Dispositivo 1 A\u00f1o (caja) + Env\u00edo a domicilio + Pago seguro + Garant\u00eda","robots":{"index":"index","follow":"follow","max-snippet":"max-snippet:-1","max-image-preview":"max-image-preview:large","max-video-preview":"max-video-preview:-1"},"canonical":"https:\/\/compuviper.mx\/tienda\/producto\/norton-21414707-antivirus-plus-1-dispositivo-1-ao-caja\/","og_locale":"es_MX","og_type":"article","og_title":"[ Norton ] &#129351; 21414707 Antivirus Plus 1 Dispositivo 1 A\u00f1o (caja)","og_description":"Compra 21414707 Antivirus Plus 1 Dispositivo 1 A\u00f1o (caja) + Env\u00edo a domicilio + Pago seguro + Garant\u00eda","og_url":"https:\/\/compuviper.mx\/tienda\/producto\/norton-21414707-antivirus-plus-1-dispositivo-1-ao-caja\/","og_site_name":"Compuviper","article_publisher":"https:\/\/www.facebook.com\/compuviper","og_image":[{"width":200,"height":200,"url":"https:\/\/compuviper.mx\/tienda\/wp-content\/uploads\/2023\/12\/Norton-antivirus-plus-1-dispositivo-1-ano-caja.jpg","type":"image\/jpeg"}],"twitter_card":"summary_large_image","twitter_misc":{"Precio":"&#36;204 &#36;154 con IVA","Availability":"In stock"},"schema":{"@context":"https:\/\/schema.org","@graph":[{"@type":"WebPage","@id":"https:\/\/compuviper.mx\/tienda\/producto\/norton-21414707-antivirus-plus-1-dispositivo-1-ao-caja\/","url":"https:\/\/compuviper.mx\/tienda\/producto\/norton-21414707-antivirus-plus-1-dispositivo-1-ao-caja\/","name":"[ Norton ] &#129351; 21414707 Antivirus Plus 1 Dispositivo 1 A\u00f1o (caja)","isPartOf":{"@id":"https:\/\/compuviper.mx\/tienda\/#website"},"datePublished":"2026-04-10T08:03:26+00:00","dateModified":"2026-04-10T08:03:26+00:00","description":"Compra 21414707 Antivirus Plus 1 Dispositivo 1 A\u00f1o (caja) + Env\u00edo a domicilio + Pago seguro + Garant\u00eda","breadcrumb":{"@id":"https:\/\/compuviper.mx\/tienda\/producto\/norton-21414707-antivirus-plus-1-dispositivo-1-ao-caja\/#breadcrumb"},"inLanguage":"es-MX","potentialAction":[{"@type":"ReadAction","target":["https:\/\/compuviper.mx\/tienda\/producto\/norton-21414707-antivirus-plus-1-dispositivo-1-ao-caja\/"]}]},{"@type":"BreadcrumbList","@id":"https:\/\/compuviper.mx\/tienda\/producto\/norton-21414707-antivirus-plus-1-dispositivo-1-ao-caja\/#breadcrumb","itemListElement":[{"@type":"ListItem","position":1,"name":"Inicio","item":"https:\/\/compuviper.mx\/tienda\/"},{"@type":"ListItem","position":2,"name":"Productos","item":"https:\/\/compuviper.mx\/tienda\/productos\/"},{"@type":"ListItem","position":3,"name":"Software","item":"https:\/\/compuviper.mx\/tienda\/categoria-producto\/software\/"},{"@type":"ListItem","position":4,"name":"Licenciamiento Caja","item":"https:\/\/compuviper.mx\/tienda\/categoria-producto\/software\/licenciamiento-caja\/"},{"@type":"ListItem","position":5,"name":"Norton 21414707 Antivirus Plus 1 Dispositivo 1 A?o (caja)"}]},{"@type":"WebSite","@id":"https:\/\/compuviper.mx\/tienda\/#website","url":"https:\/\/compuviper.mx\/tienda\/","name":"Compuviper","description":"Proveedor de Computadoras, Laptops, Servidores, Monitores, Puntos de Venta, Teclados,   Impresoras, T\u00f3ner, C\u00e1maras de Seguridad y m\u00e1s en tu tienda en l\u00ednea","publisher":{"@id":"https:\/\/compuviper.mx\/tienda\/#organization"},"potentialAction":[{"@type":"SearchAction","target":{"@type":"EntryPoint","urlTemplate":"https:\/\/compuviper.mx\/tienda\/?s={search_term_string}"},"query-input":"required name=search_term_string"}],"inLanguage":"es-MX"},{"@type":"Organization","@id":"https:\/\/compuviper.mx\/tienda\/#organization","name":"Compuviper","url":"https:\/\/compuviper.mx\/tienda\/","logo":{"@type":"ImageObject","inLanguage":"es-MX","@id":"https:\/\/compuviper.mx\/tienda\/#\/schema\/logo\/image\/","url":"https:\/\/compuviper.mx\/tienda\/wp-content\/uploads\/2021\/08\/Logo-Compuviper-10.png","contentUrl":"https:\/\/compuviper.mx\/tienda\/wp-content\/uploads\/2021\/08\/Logo-Compuviper-10.png","width":1000,"height":500,"caption":"Compuviper"},"image":{"@id":"https:\/\/compuviper.mx\/tienda\/#\/schema\/logo\/image\/"},"sameAs":["https:\/\/www.facebook.com\/compuviper","https:\/\/www.youtube.com\/channel\/UCf73dERp9Y3cfOq7q8BhLjA?view_as=subscriber"]}]},"product_brand":"NORTON","product_price_amount":"154","product_price_currency":"MXN","og_availability":"instock","product_availability":"instock","product_retailer_item_id":"21414707","product_condition":"new"},"_links":{"self":[{"href":"https:\/\/compuviper.mx\/tienda\/wp-json\/wp\/v2\/product\/226530"}],"collection":[{"href":"https:\/\/compuviper.mx\/tienda\/wp-json\/wp\/v2\/product"}],"about":[{"href":"https:\/\/compuviper.mx\/tienda\/wp-json\/wp\/v2\/types\/product"}],"replies":[{"embeddable":true,"href":"https:\/\/compuviper.mx\/tienda\/wp-json\/wp\/v2\/comments?post=226530"}],"wp:featuredmedia":[{"embeddable":true,"href":"https:\/\/compuviper.mx\/tienda\/wp-json\/wp\/v2\/media\/226531"}],"wp:attachment":[{"href":"https:\/\/compuviper.mx\/tienda\/wp-json\/wp\/v2\/media?parent=226530"}],"wp:term":[{"taxonomy":"product_cat","embeddable":true,"href":"https:\/\/compuviper.mx\/tienda\/wp-json\/wp\/v2\/product_cat?post=226530"},{"taxonomy":"product_tag","embeddable":true,"href":"https:\/\/compuviper.mx\/tienda\/wp-json\/wp\/v2\/product_tag?post=226530"}],"curies":[{"name":"wp","href":"https:\/\/api.w.org\/{rel}","templated":true}]}}