{"id":226518,"date":"2026-05-06T02:08:27","date_gmt":"2026-05-06T08:08:27","guid":{"rendered":"https:\/\/compuviper.mx\/tienda\/producto\/ivanti-sm-sm-conc-l-01-service-manager-concurrent-premise-analyst-license-powered-by-heat-1-29\/"},"modified":"2026-05-06T02:08:27","modified_gmt":"2026-05-06T08:08:27","slug":"ivanti-sm-sm-conc-l-01-service-manager-concurrent-premise-analyst-license-powered-by-heat-1-29","status":"publish","type":"product","link":"https:\/\/compuviper.mx\/tienda\/producto\/ivanti-sm-sm-conc-l-01-service-manager-concurrent-premise-analyst-license-powered-by-heat-1-29\/","title":{"rendered":"Ivanti Sm-sm-conc-l-01  Service Manager Concurrent Premise Analyst License, Powered By Heat (1-29)"},"content":{"rendered":"<table class=\"descripcion\">\n<tr>\n<td>Es la soluci\u00f3n de itsm optimizada para la nube m\u00e1s accesible, flexible y completa disponible en el mercado. automatice flujos de trabajo, eliminando as\u00ed procesos manuales costosos a la vez que hace que su empresa sea m\u00e1s eficiente, conforme y segura.<\/td>\n<\/tr>\n<tr>\n<td>Tanto si busca una soluci\u00f3n de help desk \/ tickets de soporte de ti o si necesita realizar procesos de gesti\u00f3n de servicios itil m\u00e1s complejos, la soluci\u00f3n ivanti service manager se puede escalar y adaptar f\u00e1cilmente para satisfacer las necesidades espec\u00edficas de su empresa.<\/td>\n<\/tr>\n<\/table>\n","protected":false},"excerpt":{"rendered":"<p>Soluciones probadas para una gesti\u00f3n de servicio excepcional. Su negocio cuenta con ti para brindar servicios clave que mantengan el negocio en funcionamiento. Pero los equipos de servicio se ocupan constantemente de las crecientes demandas y la complejidad que aumentan los costos, reducen la productividad y dificultan el apoyo a los nuevos objetivos comerciales. No ayuda si sus procesos itsm son manuales, propensos a errores, con poca informaci\u00f3n sobre lo que realmente est\u00e1 sucediendo. El desaf\u00edo es encontrar una soluci\u00f3n que domine la complejidad, elimine los procesos manuales costosos, mantenga a sus usuarios productivos y brinde las capacidades que necesita para realizar sus operaciones<\/p>\n","protected":false},"featured_media":226519,"comment_status":"open","ping_status":"open","template":"","meta":[],"product_cat":[1827,2001],"product_tag":[2005],"acf":[],"yoast_head":"<!-- This site is optimized with the Yoast SEO plugin v21.7 - https:\/\/yoast.com\/wordpress\/plugins\/seo\/ -->\n<title>[ Ivanti ] &#129351; Sm-sm-conc-l-01 Service Manager Concurrent Premise Analyst License, Powered By Heat (1-29)<\/title>\n<meta name=\"description\" content=\"Compra Sm-sm-conc-l-01 Service Manager Concurrent Premise Analyst License, Powered By Heat (1-29) + Env\u00edo a domicilio + Pago seguro + Garant\u00eda\" \/>\n<meta name=\"robots\" content=\"index, follow, max-snippet:-1, max-image-preview:large, max-video-preview:-1\" \/>\n<link rel=\"canonical\" href=\"https:\/\/compuviper.mx\/tienda\/producto\/ivanti-sm-sm-conc-l-01-service-manager-concurrent-premise-analyst-license-powered-by-heat-1-29\/\" \/>\n<meta property=\"og:locale\" content=\"es_MX\" \/>\n<meta property=\"og:type\" content=\"article\" \/>\n<meta property=\"og:title\" content=\"[ Ivanti ] &#129351; Sm-sm-conc-l-01 Service Manager Concurrent Premise Analyst License, Powered By Heat (1-29)\" \/>\n<meta property=\"og:description\" content=\"Compra Sm-sm-conc-l-01 Service Manager Concurrent Premise Analyst License, Powered By Heat (1-29) + Env\u00edo a domicilio + Pago seguro + Garant\u00eda\" \/>\n<meta property=\"og:url\" content=\"https:\/\/compuviper.mx\/tienda\/producto\/ivanti-sm-sm-conc-l-01-service-manager-concurrent-premise-analyst-license-powered-by-heat-1-29\/\" \/>\n<meta property=\"og:site_name\" content=\"Compuviper\" \/>\n<meta property=\"article:publisher\" content=\"https:\/\/www.facebook.com\/compuviper\" \/>\n<meta property=\"og:image\" content=\"https:\/\/compuviper.mx\/tienda\/wp-content\/uploads\/2023\/12\/Ivanti-service-manager-concurrent-premise-analyst-license-powered-by-heat-1-29.jpg\" \/>\n\t<meta property=\"og:image:width\" content=\"200\" \/>\n\t<meta property=\"og:image:height\" content=\"200\" \/>\n\t<meta property=\"og:image:type\" content=\"image\/jpeg\" \/>\n<meta name=\"twitter:card\" content=\"summary_large_image\" \/>\n<meta name=\"twitter:label1\" content=\"Precio\" \/>\n\t<meta name=\"twitter:data1\" content=\"&#36;77,035 con IVA\" \/>\n\t<meta name=\"twitter:label2\" content=\"Availability\" \/>\n\t<meta name=\"twitter:data2\" content=\"On backorder\" \/>\n<script type=\"application\/ld+json\" class=\"yoast-schema-graph\">{\"@context\":\"https:\/\/schema.org\",\"@graph\":[{\"@type\":\"WebPage\",\"@id\":\"https:\/\/compuviper.mx\/tienda\/producto\/ivanti-sm-sm-conc-l-01-service-manager-concurrent-premise-analyst-license-powered-by-heat-1-29\/\",\"url\":\"https:\/\/compuviper.mx\/tienda\/producto\/ivanti-sm-sm-conc-l-01-service-manager-concurrent-premise-analyst-license-powered-by-heat-1-29\/\",\"name\":\"[ Ivanti ] &#129351; Sm-sm-conc-l-01 Service Manager Concurrent Premise Analyst License, Powered By Heat (1-29)\",\"isPartOf\":{\"@id\":\"https:\/\/compuviper.mx\/tienda\/#website\"},\"datePublished\":\"2026-05-06T08:08:27+00:00\",\"dateModified\":\"2026-05-06T08:08:27+00:00\",\"description\":\"Compra Sm-sm-conc-l-01 Service Manager Concurrent Premise Analyst License, Powered By Heat (1-29) + Env\u00edo a domicilio + Pago seguro + Garant\u00eda\",\"breadcrumb\":{\"@id\":\"https:\/\/compuviper.mx\/tienda\/producto\/ivanti-sm-sm-conc-l-01-service-manager-concurrent-premise-analyst-license-powered-by-heat-1-29\/#breadcrumb\"},\"inLanguage\":\"es-MX\",\"potentialAction\":[{\"@type\":\"ReadAction\",\"target\":[\"https:\/\/compuviper.mx\/tienda\/producto\/ivanti-sm-sm-conc-l-01-service-manager-concurrent-premise-analyst-license-powered-by-heat-1-29\/\"]}]},{\"@type\":\"BreadcrumbList\",\"@id\":\"https:\/\/compuviper.mx\/tienda\/producto\/ivanti-sm-sm-conc-l-01-service-manager-concurrent-premise-analyst-license-powered-by-heat-1-29\/#breadcrumb\",\"itemListElement\":[{\"@type\":\"ListItem\",\"position\":1,\"name\":\"Inicio\",\"item\":\"https:\/\/compuviper.mx\/tienda\/\"},{\"@type\":\"ListItem\",\"position\":2,\"name\":\"Productos\",\"item\":\"https:\/\/compuviper.mx\/tienda\/productos\/\"},{\"@type\":\"ListItem\",\"position\":3,\"name\":\"Software\",\"item\":\"https:\/\/compuviper.mx\/tienda\/categoria-producto\/software\/\"},{\"@type\":\"ListItem\",\"position\":4,\"name\":\"Licenciamiento Electronico\",\"item\":\"https:\/\/compuviper.mx\/tienda\/categoria-producto\/software\/licenciamiento-electronico\/\"},{\"@type\":\"ListItem\",\"position\":5,\"name\":\"Ivanti Sm-sm-conc-l-01 Service Manager Concurrent Premise Analyst License, Powered By Heat (1-29)\"}]},{\"@type\":\"WebSite\",\"@id\":\"https:\/\/compuviper.mx\/tienda\/#website\",\"url\":\"https:\/\/compuviper.mx\/tienda\/\",\"name\":\"Compuviper\",\"description\":\"Proveedor de Computadoras, Laptops, Servidores, Monitores, Puntos de Venta, Teclados,   Impresoras, T\u00f3ner, C\u00e1maras de Seguridad y m\u00e1s en tu tienda en l\u00ednea\",\"publisher\":{\"@id\":\"https:\/\/compuviper.mx\/tienda\/#organization\"},\"potentialAction\":[{\"@type\":\"SearchAction\",\"target\":{\"@type\":\"EntryPoint\",\"urlTemplate\":\"https:\/\/compuviper.mx\/tienda\/?s={search_term_string}\"},\"query-input\":\"required name=search_term_string\"}],\"inLanguage\":\"es-MX\"},{\"@type\":\"Organization\",\"@id\":\"https:\/\/compuviper.mx\/tienda\/#organization\",\"name\":\"Compuviper\",\"url\":\"https:\/\/compuviper.mx\/tienda\/\",\"logo\":{\"@type\":\"ImageObject\",\"inLanguage\":\"es-MX\",\"@id\":\"https:\/\/compuviper.mx\/tienda\/#\/schema\/logo\/image\/\",\"url\":\"https:\/\/compuviper.mx\/tienda\/wp-content\/uploads\/2021\/08\/Logo-Compuviper-10.png\",\"contentUrl\":\"https:\/\/compuviper.mx\/tienda\/wp-content\/uploads\/2021\/08\/Logo-Compuviper-10.png\",\"width\":1000,\"height\":500,\"caption\":\"Compuviper\"},\"image\":{\"@id\":\"https:\/\/compuviper.mx\/tienda\/#\/schema\/logo\/image\/\"},\"sameAs\":[\"https:\/\/www.facebook.com\/compuviper\",\"https:\/\/www.youtube.com\/channel\/UCf73dERp9Y3cfOq7q8BhLjA?view_as=subscriber\"]}]}<\/script>\n<meta property=\"product:brand\" content=\"IVANTI\" \/>\n<meta property=\"product:price:amount\" content=\"77035\" \/>\n<meta property=\"product:price:currency\" content=\"MXN\" \/>\n<meta property=\"og:availability\" content=\"backorder\" \/>\n<meta property=\"product:availability\" content=\"available for order\" \/>\n<meta property=\"product:retailer_item_id\" content=\"SM-SM-CONC-L-01\" \/>\n<meta property=\"product:condition\" content=\"new\" \/>\n<!-- \/ Yoast SEO plugin. -->","yoast_head_json":{"title":"[ Ivanti ] &#129351; Sm-sm-conc-l-01 Service Manager Concurrent Premise Analyst License, Powered By Heat (1-29)","description":"Compra Sm-sm-conc-l-01 Service Manager Concurrent Premise Analyst License, Powered By Heat (1-29) + Env\u00edo a domicilio + Pago seguro + Garant\u00eda","robots":{"index":"index","follow":"follow","max-snippet":"max-snippet:-1","max-image-preview":"max-image-preview:large","max-video-preview":"max-video-preview:-1"},"canonical":"https:\/\/compuviper.mx\/tienda\/producto\/ivanti-sm-sm-conc-l-01-service-manager-concurrent-premise-analyst-license-powered-by-heat-1-29\/","og_locale":"es_MX","og_type":"article","og_title":"[ Ivanti ] &#129351; Sm-sm-conc-l-01 Service Manager Concurrent Premise Analyst License, Powered By Heat (1-29)","og_description":"Compra Sm-sm-conc-l-01 Service Manager Concurrent Premise Analyst License, Powered By Heat (1-29) + Env\u00edo a domicilio + Pago seguro + Garant\u00eda","og_url":"https:\/\/compuviper.mx\/tienda\/producto\/ivanti-sm-sm-conc-l-01-service-manager-concurrent-premise-analyst-license-powered-by-heat-1-29\/","og_site_name":"Compuviper","article_publisher":"https:\/\/www.facebook.com\/compuviper","og_image":[{"width":200,"height":200,"url":"https:\/\/compuviper.mx\/tienda\/wp-content\/uploads\/2023\/12\/Ivanti-service-manager-concurrent-premise-analyst-license-powered-by-heat-1-29.jpg","type":"image\/jpeg"}],"twitter_card":"summary_large_image","twitter_misc":{"Precio":"&#36;77,035 con IVA","Availability":"On backorder"},"schema":{"@context":"https:\/\/schema.org","@graph":[{"@type":"WebPage","@id":"https:\/\/compuviper.mx\/tienda\/producto\/ivanti-sm-sm-conc-l-01-service-manager-concurrent-premise-analyst-license-powered-by-heat-1-29\/","url":"https:\/\/compuviper.mx\/tienda\/producto\/ivanti-sm-sm-conc-l-01-service-manager-concurrent-premise-analyst-license-powered-by-heat-1-29\/","name":"[ Ivanti ] &#129351; Sm-sm-conc-l-01 Service Manager Concurrent Premise Analyst License, Powered By Heat (1-29)","isPartOf":{"@id":"https:\/\/compuviper.mx\/tienda\/#website"},"datePublished":"2026-05-06T08:08:27+00:00","dateModified":"2026-05-06T08:08:27+00:00","description":"Compra Sm-sm-conc-l-01 Service Manager Concurrent Premise Analyst License, Powered By Heat (1-29) + Env\u00edo a domicilio + Pago seguro + Garant\u00eda","breadcrumb":{"@id":"https:\/\/compuviper.mx\/tienda\/producto\/ivanti-sm-sm-conc-l-01-service-manager-concurrent-premise-analyst-license-powered-by-heat-1-29\/#breadcrumb"},"inLanguage":"es-MX","potentialAction":[{"@type":"ReadAction","target":["https:\/\/compuviper.mx\/tienda\/producto\/ivanti-sm-sm-conc-l-01-service-manager-concurrent-premise-analyst-license-powered-by-heat-1-29\/"]}]},{"@type":"BreadcrumbList","@id":"https:\/\/compuviper.mx\/tienda\/producto\/ivanti-sm-sm-conc-l-01-service-manager-concurrent-premise-analyst-license-powered-by-heat-1-29\/#breadcrumb","itemListElement":[{"@type":"ListItem","position":1,"name":"Inicio","item":"https:\/\/compuviper.mx\/tienda\/"},{"@type":"ListItem","position":2,"name":"Productos","item":"https:\/\/compuviper.mx\/tienda\/productos\/"},{"@type":"ListItem","position":3,"name":"Software","item":"https:\/\/compuviper.mx\/tienda\/categoria-producto\/software\/"},{"@type":"ListItem","position":4,"name":"Licenciamiento Electronico","item":"https:\/\/compuviper.mx\/tienda\/categoria-producto\/software\/licenciamiento-electronico\/"},{"@type":"ListItem","position":5,"name":"Ivanti Sm-sm-conc-l-01 Service Manager Concurrent Premise Analyst License, Powered By Heat (1-29)"}]},{"@type":"WebSite","@id":"https:\/\/compuviper.mx\/tienda\/#website","url":"https:\/\/compuviper.mx\/tienda\/","name":"Compuviper","description":"Proveedor de Computadoras, Laptops, Servidores, Monitores, Puntos de Venta, Teclados,   Impresoras, T\u00f3ner, C\u00e1maras de Seguridad y m\u00e1s en tu tienda en l\u00ednea","publisher":{"@id":"https:\/\/compuviper.mx\/tienda\/#organization"},"potentialAction":[{"@type":"SearchAction","target":{"@type":"EntryPoint","urlTemplate":"https:\/\/compuviper.mx\/tienda\/?s={search_term_string}"},"query-input":"required name=search_term_string"}],"inLanguage":"es-MX"},{"@type":"Organization","@id":"https:\/\/compuviper.mx\/tienda\/#organization","name":"Compuviper","url":"https:\/\/compuviper.mx\/tienda\/","logo":{"@type":"ImageObject","inLanguage":"es-MX","@id":"https:\/\/compuviper.mx\/tienda\/#\/schema\/logo\/image\/","url":"https:\/\/compuviper.mx\/tienda\/wp-content\/uploads\/2021\/08\/Logo-Compuviper-10.png","contentUrl":"https:\/\/compuviper.mx\/tienda\/wp-content\/uploads\/2021\/08\/Logo-Compuviper-10.png","width":1000,"height":500,"caption":"Compuviper"},"image":{"@id":"https:\/\/compuviper.mx\/tienda\/#\/schema\/logo\/image\/"},"sameAs":["https:\/\/www.facebook.com\/compuviper","https:\/\/www.youtube.com\/channel\/UCf73dERp9Y3cfOq7q8BhLjA?view_as=subscriber"]}]},"product_brand":"IVANTI","product_price_amount":"77035","product_price_currency":"MXN","og_availability":"backorder","product_availability":"available for order","product_retailer_item_id":"SM-SM-CONC-L-01","product_condition":"new"},"_links":{"self":[{"href":"https:\/\/compuviper.mx\/tienda\/wp-json\/wp\/v2\/product\/226518"}],"collection":[{"href":"https:\/\/compuviper.mx\/tienda\/wp-json\/wp\/v2\/product"}],"about":[{"href":"https:\/\/compuviper.mx\/tienda\/wp-json\/wp\/v2\/types\/product"}],"replies":[{"embeddable":true,"href":"https:\/\/compuviper.mx\/tienda\/wp-json\/wp\/v2\/comments?post=226518"}],"wp:featuredmedia":[{"embeddable":true,"href":"https:\/\/compuviper.mx\/tienda\/wp-json\/wp\/v2\/media\/226519"}],"wp:attachment":[{"href":"https:\/\/compuviper.mx\/tienda\/wp-json\/wp\/v2\/media?parent=226518"}],"wp:term":[{"taxonomy":"product_cat","embeddable":true,"href":"https:\/\/compuviper.mx\/tienda\/wp-json\/wp\/v2\/product_cat?post=226518"},{"taxonomy":"product_tag","embeddable":true,"href":"https:\/\/compuviper.mx\/tienda\/wp-json\/wp\/v2\/product_tag?post=226518"}],"curies":[{"name":"wp","href":"https:\/\/api.w.org\/{rel}","templated":true}]}}