{"id":226486,"date":"2026-04-11T02:10:35","date_gmt":"2026-04-11T08:10:35","guid":{"rendered":"https:\/\/compuviper.mx\/tienda\/producto\/norton-21414754-360-premium-total-security-10-dispositivos-1-ao-caja\/"},"modified":"2026-04-11T02:10:35","modified_gmt":"2026-04-11T08:10:35","slug":"norton-21414754-360-premium-total-security-10-dispositivos-1-ao-caja","status":"publish","type":"product","link":"https:\/\/compuviper.mx\/tienda\/producto\/norton-21414754-360-premium-total-security-10-dispositivos-1-ao-caja\/","title":{"rendered":"Norton 21414754  360 Premium \/ Total Security\/ 10 Dispositivos\/ 1 A?o (caja)"},"content":{"rendered":"<table class=\"descripcion\">\n<tr>\n<td>Requisitos del sistema<\/td>\n<\/tr>\n<tr>\n<td>\u0095 and 8194; no todas las funciones estn disponibles en todas las plataformas. \u0095 and 8194; el control para padres norton family, el respaldo en la nube norton, y safecam actualmente no son soportados por mac os. \u0095 and 8194; la seguridad de los dispositivos que ofrece norton y norton secure vpn son compatibles con los pc, mac, telfonos inteligentes y tabletas android, ipad y iphone. norton secure vpn puede utilizarse en el nmero especificado de dispositivos, con uso ilimitado durante el perodo de suscripcin.<\/td>\n<\/tr>\n<tr>\n<td>Sistemas operativos soportados por norton 360<\/td>\n<\/tr>\n<tr>\n<td> and 8194; microsoft windows 10, 8\/8.1 hay ciertas funciones de proteccin que no estn disponibles en los navegadores de pantalla de inicio del windows 8,  7 con paquete de servicios 1 o ms reciente. \u0095 and 8194; mac os versin actual y las dos versiones anteriores \u0095 and 8194; android 4.1 o versin ms reciente. debe tener instalada la aplicacin de google play. \u0095 and 8194; ios versin actual y las dos versiones anteriores iphone o ipad<\/td>\n<\/tr>\n<tr>\n<td>Sistemas operativos soportados por secure vpn<\/td>\n<\/tr>\n<tr>\n<td>\u0095 and 8194; microsoft windows 10 a excepcin del windows 10s, 8, 8.1 y 7 con paquete de servicios 1 o ms reciente. \u0095 and 8194; mac os versin actual y las dos versiones anteriores \u0095 and 8194; android 4.4 o versin ms reciente. debe tener instalada la aplicacin de google play. \u0095 and 8194; ios versin actual y las dos versiones anteriores iphone o ipad<\/td>\n<\/tr>\n<tr>\n<td>El anlisis automtico de aplicaciones en google play es compatible con android 4.1 o con versiones ms recientes, salvo en lo que atae a dispositivos samsung. los dispositivos samsung que funcionan con android 4.2 o versiones ms recientes son compatibles. para versiones anteriores de android, es necesario usar la funcin \u0093compartir\u0094 de google play para analizar aplicaciones en google play.<\/td>\n<\/tr>\n<tr>\n<td>Nadie es capaz de evitar todos los delitos cibernticos o robos de identidad. 1  necesita que su dispositivo cuente con un plan de acceso a internet\/datos y estar encendido. 2  las funciones de control para padres norton family y safecam no son compatibles con mac. 3  promesa de proteccin contra virus: existen restricciones. es necesario comprar, renovar, o mejorar su suscripcin admisible directamente con symantec, o bien inscribirse a un servicio de renovacin automtica. srvase consultar norton.com\/garanta para obtener ms informacin, incluso con respecto a suscripciones admisibles.<\/td>\n<\/tr>\n<\/table>\n","protected":false},"excerpt":{"rendered":"<p>La delincuencia ciberntica ha evolucionado. Ahora, nuestra proteccin tiene que evolucionar tambin. Las amenazas cibernticas estn evolucionando y hoy en da, se necesita algo ms que simplemente una proteccin antivirus. He aqu el nuevo norton 360, una proteccin poderosa contra amenazas en lnea dirigidas a sus dispositivos. Este producto ofrece ahora una red privada virtual vpn que le permite proteger sus conexiones wi-fi y una safecam para ayudar a bloquear cualquier toma de control de la webcam de su pc. Seguridad del dispositivo publique, realice transacciones bancarias y compre usando su dispositivo. Nosotros le ayudaremos a mantenerlo seguro. El norton 360 ofrece proteccin en tiempo real para sus pc, mac, smartphones o tabletas contra ransomware, virus, programas espa spyware, programas maliciosos malware y otras amenazas en lnea. Tambin vigila y bloquea el trfico no autorizado, contribuyendo as a proteger su informacin privada y financiera cuando usted est en lnea. Privacidad en lnea el norton 360 le ofrece la libertad de conectarse al wi-fi de manera segura en cualquier lugar. Con un solo clic, secure vpn le permite proteger su conexin cada vez que usted est en lnea, an si se trata de redes wi-fi pblicas. Xsu informacin personal est codificada, lo cual impide a los ciberdelincuentes interceptar su conexin y obtener acceso  a su valiosa informacin personal. Proteccin en tiempo real contra amenazas la proteccin avanzada, consistente en mltiples capas, ayuda a defenderse automticamente contra amenazas existentes y emergentes, incluso contra tipos de malware tales como el ransomware, los programas espa, virus, phishing y otros. Secure vpn navegue de forma annima y segura gracias a una  vpn que no necesita iniciar una sesin. La adicin de codificacin de nivel bancario le ayuda a mantener segura y privada su informacin, tales como contraseas y antecedentes bancarios. Administrador de contraseas cree, almacene y administre fcilmente sus contraseas, informacin de tarjetas de crdito y otros datos de identificacin en lnea, todo ello de manera segura. Safecam la webcam de su pc podra ser vulnerable a la piratera. Reciba una notificacin en caso de que hubiera ciberdelincuentes intentando utilizar su webcam, y nosotros le  ayudaremos a bloquearlos. Almacenamiento seguro en la nube almacenamiento automtico y seguro en la nube para pc. Esta funcionalidad permite almacenar y proteger archivos y documentos importantes como medida  de prevencin contra la prdida de datos causada  por fallas del disco duro, robo de dispositivos y hasta de ransomware.1. Control de los padres2 esta funcionalidad incluye una gama impresionante de herramientas de supervisin y reportes que le ayudan a administrar las actividades que realizan  sus hijos cuando estn en lnea. Aydelos a explorar,  a aprender y a disfrutar su mundo conectado de manera segura. Promesa de proteccin contra virus del 1003 los expertos de norton estn a su disposicin para ayudarle a mantener sus dispositivos personales libres de virus; de lo contrario, le reembolsaremos  su dinero.<\/p>\n","protected":false},"featured_media":226487,"comment_status":"open","ping_status":"open","template":"","meta":[],"product_cat":[1828,1827],"product_tag":[2040],"acf":[],"yoast_head":"<!-- This site is optimized with the Yoast SEO plugin v21.7 - https:\/\/yoast.com\/wordpress\/plugins\/seo\/ -->\n<title>[ Norton ] &#129351; 21414754 360 Premium \/ Total Security\/ 10 Dispositivos\/ 1 A\u00f1o (caja)<\/title>\n<meta name=\"description\" content=\"Compra 21414754 360 Premium \/ Total Security\/ 10 Dispositivos\/ 1 A\u00f1o (caja) + Env\u00edo a domicilio + Pago seguro + Garant\u00eda\" \/>\n<meta name=\"robots\" content=\"index, follow, max-snippet:-1, max-image-preview:large, max-video-preview:-1\" \/>\n<link rel=\"canonical\" href=\"https:\/\/compuviper.mx\/tienda\/producto\/norton-21414754-360-premium-total-security-10-dispositivos-1-ao-caja\/\" \/>\n<meta property=\"og:locale\" content=\"es_MX\" \/>\n<meta property=\"og:type\" content=\"article\" \/>\n<meta property=\"og:title\" content=\"[ Norton ] &#129351; 21414754 360 Premium \/ Total Security\/ 10 Dispositivos\/ 1 A\u00f1o (caja)\" \/>\n<meta property=\"og:description\" content=\"Compra 21414754 360 Premium \/ Total Security\/ 10 Dispositivos\/ 1 A\u00f1o (caja) + Env\u00edo a domicilio + Pago seguro + Garant\u00eda\" \/>\n<meta property=\"og:url\" content=\"https:\/\/compuviper.mx\/tienda\/producto\/norton-21414754-360-premium-total-security-10-dispositivos-1-ao-caja\/\" \/>\n<meta property=\"og:site_name\" content=\"Compuviper\" \/>\n<meta property=\"article:publisher\" content=\"https:\/\/www.facebook.com\/compuviper\" \/>\n<meta property=\"og:image\" content=\"https:\/\/compuviper.mx\/tienda\/wp-content\/uploads\/2023\/12\/Norton-360-premium-total-security-10-dispositivos-1-ano-caja.jpg\" \/>\n\t<meta property=\"og:image:width\" content=\"200\" \/>\n\t<meta property=\"og:image:height\" content=\"200\" \/>\n\t<meta property=\"og:image:type\" content=\"image\/jpeg\" \/>\n<meta name=\"twitter:card\" content=\"summary_large_image\" \/>\n<meta name=\"twitter:label1\" content=\"Precio\" \/>\n\t<meta name=\"twitter:data1\" content=\"&#36;548 con IVA\" \/>\n\t<meta name=\"twitter:label2\" content=\"Availability\" \/>\n\t<meta name=\"twitter:data2\" content=\"In stock\" \/>\n<script type=\"application\/ld+json\" class=\"yoast-schema-graph\">{\"@context\":\"https:\/\/schema.org\",\"@graph\":[{\"@type\":\"WebPage\",\"@id\":\"https:\/\/compuviper.mx\/tienda\/producto\/norton-21414754-360-premium-total-security-10-dispositivos-1-ao-caja\/\",\"url\":\"https:\/\/compuviper.mx\/tienda\/producto\/norton-21414754-360-premium-total-security-10-dispositivos-1-ao-caja\/\",\"name\":\"[ Norton ] &#129351; 21414754 360 Premium \/ Total Security\/ 10 Dispositivos\/ 1 A\u00f1o (caja)\",\"isPartOf\":{\"@id\":\"https:\/\/compuviper.mx\/tienda\/#website\"},\"datePublished\":\"2026-04-11T08:10:35+00:00\",\"dateModified\":\"2026-04-11T08:10:35+00:00\",\"description\":\"Compra 21414754 360 Premium \/ Total Security\/ 10 Dispositivos\/ 1 A\u00f1o (caja) + Env\u00edo a domicilio + Pago seguro + Garant\u00eda\",\"breadcrumb\":{\"@id\":\"https:\/\/compuviper.mx\/tienda\/producto\/norton-21414754-360-premium-total-security-10-dispositivos-1-ao-caja\/#breadcrumb\"},\"inLanguage\":\"es-MX\",\"potentialAction\":[{\"@type\":\"ReadAction\",\"target\":[\"https:\/\/compuviper.mx\/tienda\/producto\/norton-21414754-360-premium-total-security-10-dispositivos-1-ao-caja\/\"]}]},{\"@type\":\"BreadcrumbList\",\"@id\":\"https:\/\/compuviper.mx\/tienda\/producto\/norton-21414754-360-premium-total-security-10-dispositivos-1-ao-caja\/#breadcrumb\",\"itemListElement\":[{\"@type\":\"ListItem\",\"position\":1,\"name\":\"Inicio\",\"item\":\"https:\/\/compuviper.mx\/tienda\/\"},{\"@type\":\"ListItem\",\"position\":2,\"name\":\"Productos\",\"item\":\"https:\/\/compuviper.mx\/tienda\/productos\/\"},{\"@type\":\"ListItem\",\"position\":3,\"name\":\"Software\",\"item\":\"https:\/\/compuviper.mx\/tienda\/categoria-producto\/software\/\"},{\"@type\":\"ListItem\",\"position\":4,\"name\":\"Licenciamiento Caja\",\"item\":\"https:\/\/compuviper.mx\/tienda\/categoria-producto\/software\/licenciamiento-caja\/\"},{\"@type\":\"ListItem\",\"position\":5,\"name\":\"Norton 21414754 360 Premium \/ Total Security\/ 10 Dispositivos\/ 1 A?o (caja)\"}]},{\"@type\":\"WebSite\",\"@id\":\"https:\/\/compuviper.mx\/tienda\/#website\",\"url\":\"https:\/\/compuviper.mx\/tienda\/\",\"name\":\"Compuviper\",\"description\":\"Proveedor de Computadoras, Laptops, Servidores, Monitores, Puntos de Venta, Teclados,   Impresoras, T\u00f3ner, C\u00e1maras de Seguridad y m\u00e1s en tu tienda en l\u00ednea\",\"publisher\":{\"@id\":\"https:\/\/compuviper.mx\/tienda\/#organization\"},\"potentialAction\":[{\"@type\":\"SearchAction\",\"target\":{\"@type\":\"EntryPoint\",\"urlTemplate\":\"https:\/\/compuviper.mx\/tienda\/?s={search_term_string}\"},\"query-input\":\"required name=search_term_string\"}],\"inLanguage\":\"es-MX\"},{\"@type\":\"Organization\",\"@id\":\"https:\/\/compuviper.mx\/tienda\/#organization\",\"name\":\"Compuviper\",\"url\":\"https:\/\/compuviper.mx\/tienda\/\",\"logo\":{\"@type\":\"ImageObject\",\"inLanguage\":\"es-MX\",\"@id\":\"https:\/\/compuviper.mx\/tienda\/#\/schema\/logo\/image\/\",\"url\":\"https:\/\/compuviper.mx\/tienda\/wp-content\/uploads\/2021\/08\/Logo-Compuviper-10.png\",\"contentUrl\":\"https:\/\/compuviper.mx\/tienda\/wp-content\/uploads\/2021\/08\/Logo-Compuviper-10.png\",\"width\":1000,\"height\":500,\"caption\":\"Compuviper\"},\"image\":{\"@id\":\"https:\/\/compuviper.mx\/tienda\/#\/schema\/logo\/image\/\"},\"sameAs\":[\"https:\/\/www.facebook.com\/compuviper\",\"https:\/\/www.youtube.com\/channel\/UCf73dERp9Y3cfOq7q8BhLjA?view_as=subscriber\"]}]}<\/script>\n<meta property=\"product:brand\" content=\"NORTON\" \/>\n<meta property=\"product:price:amount\" content=\"548\" \/>\n<meta property=\"product:price:currency\" content=\"MXN\" \/>\n<meta property=\"og:availability\" content=\"instock\" \/>\n<meta property=\"product:availability\" content=\"instock\" \/>\n<meta property=\"product:retailer_item_id\" content=\"21414754\" \/>\n<meta property=\"product:condition\" content=\"new\" \/>\n<!-- \/ Yoast SEO plugin. -->","yoast_head_json":{"title":"[ Norton ] &#129351; 21414754 360 Premium \/ Total Security\/ 10 Dispositivos\/ 1 A\u00f1o (caja)","description":"Compra 21414754 360 Premium \/ Total Security\/ 10 Dispositivos\/ 1 A\u00f1o (caja) + Env\u00edo a domicilio + Pago seguro + Garant\u00eda","robots":{"index":"index","follow":"follow","max-snippet":"max-snippet:-1","max-image-preview":"max-image-preview:large","max-video-preview":"max-video-preview:-1"},"canonical":"https:\/\/compuviper.mx\/tienda\/producto\/norton-21414754-360-premium-total-security-10-dispositivos-1-ao-caja\/","og_locale":"es_MX","og_type":"article","og_title":"[ Norton ] &#129351; 21414754 360 Premium \/ Total Security\/ 10 Dispositivos\/ 1 A\u00f1o (caja)","og_description":"Compra 21414754 360 Premium \/ Total Security\/ 10 Dispositivos\/ 1 A\u00f1o (caja) + Env\u00edo a domicilio + Pago seguro + Garant\u00eda","og_url":"https:\/\/compuviper.mx\/tienda\/producto\/norton-21414754-360-premium-total-security-10-dispositivos-1-ao-caja\/","og_site_name":"Compuviper","article_publisher":"https:\/\/www.facebook.com\/compuviper","og_image":[{"width":200,"height":200,"url":"https:\/\/compuviper.mx\/tienda\/wp-content\/uploads\/2023\/12\/Norton-360-premium-total-security-10-dispositivos-1-ano-caja.jpg","type":"image\/jpeg"}],"twitter_card":"summary_large_image","twitter_misc":{"Precio":"&#36;548 con IVA","Availability":"In stock"},"schema":{"@context":"https:\/\/schema.org","@graph":[{"@type":"WebPage","@id":"https:\/\/compuviper.mx\/tienda\/producto\/norton-21414754-360-premium-total-security-10-dispositivos-1-ao-caja\/","url":"https:\/\/compuviper.mx\/tienda\/producto\/norton-21414754-360-premium-total-security-10-dispositivos-1-ao-caja\/","name":"[ Norton ] &#129351; 21414754 360 Premium \/ Total Security\/ 10 Dispositivos\/ 1 A\u00f1o (caja)","isPartOf":{"@id":"https:\/\/compuviper.mx\/tienda\/#website"},"datePublished":"2026-04-11T08:10:35+00:00","dateModified":"2026-04-11T08:10:35+00:00","description":"Compra 21414754 360 Premium \/ Total Security\/ 10 Dispositivos\/ 1 A\u00f1o (caja) + Env\u00edo a domicilio + Pago seguro + Garant\u00eda","breadcrumb":{"@id":"https:\/\/compuviper.mx\/tienda\/producto\/norton-21414754-360-premium-total-security-10-dispositivos-1-ao-caja\/#breadcrumb"},"inLanguage":"es-MX","potentialAction":[{"@type":"ReadAction","target":["https:\/\/compuviper.mx\/tienda\/producto\/norton-21414754-360-premium-total-security-10-dispositivos-1-ao-caja\/"]}]},{"@type":"BreadcrumbList","@id":"https:\/\/compuviper.mx\/tienda\/producto\/norton-21414754-360-premium-total-security-10-dispositivos-1-ao-caja\/#breadcrumb","itemListElement":[{"@type":"ListItem","position":1,"name":"Inicio","item":"https:\/\/compuviper.mx\/tienda\/"},{"@type":"ListItem","position":2,"name":"Productos","item":"https:\/\/compuviper.mx\/tienda\/productos\/"},{"@type":"ListItem","position":3,"name":"Software","item":"https:\/\/compuviper.mx\/tienda\/categoria-producto\/software\/"},{"@type":"ListItem","position":4,"name":"Licenciamiento Caja","item":"https:\/\/compuviper.mx\/tienda\/categoria-producto\/software\/licenciamiento-caja\/"},{"@type":"ListItem","position":5,"name":"Norton 21414754 360 Premium \/ Total Security\/ 10 Dispositivos\/ 1 A?o (caja)"}]},{"@type":"WebSite","@id":"https:\/\/compuviper.mx\/tienda\/#website","url":"https:\/\/compuviper.mx\/tienda\/","name":"Compuviper","description":"Proveedor de Computadoras, Laptops, Servidores, Monitores, Puntos de Venta, Teclados,   Impresoras, T\u00f3ner, C\u00e1maras de Seguridad y m\u00e1s en tu tienda en l\u00ednea","publisher":{"@id":"https:\/\/compuviper.mx\/tienda\/#organization"},"potentialAction":[{"@type":"SearchAction","target":{"@type":"EntryPoint","urlTemplate":"https:\/\/compuviper.mx\/tienda\/?s={search_term_string}"},"query-input":"required name=search_term_string"}],"inLanguage":"es-MX"},{"@type":"Organization","@id":"https:\/\/compuviper.mx\/tienda\/#organization","name":"Compuviper","url":"https:\/\/compuviper.mx\/tienda\/","logo":{"@type":"ImageObject","inLanguage":"es-MX","@id":"https:\/\/compuviper.mx\/tienda\/#\/schema\/logo\/image\/","url":"https:\/\/compuviper.mx\/tienda\/wp-content\/uploads\/2021\/08\/Logo-Compuviper-10.png","contentUrl":"https:\/\/compuviper.mx\/tienda\/wp-content\/uploads\/2021\/08\/Logo-Compuviper-10.png","width":1000,"height":500,"caption":"Compuviper"},"image":{"@id":"https:\/\/compuviper.mx\/tienda\/#\/schema\/logo\/image\/"},"sameAs":["https:\/\/www.facebook.com\/compuviper","https:\/\/www.youtube.com\/channel\/UCf73dERp9Y3cfOq7q8BhLjA?view_as=subscriber"]}]},"product_brand":"NORTON","product_price_amount":"548","product_price_currency":"MXN","og_availability":"instock","product_availability":"instock","product_retailer_item_id":"21414754","product_condition":"new"},"_links":{"self":[{"href":"https:\/\/compuviper.mx\/tienda\/wp-json\/wp\/v2\/product\/226486"}],"collection":[{"href":"https:\/\/compuviper.mx\/tienda\/wp-json\/wp\/v2\/product"}],"about":[{"href":"https:\/\/compuviper.mx\/tienda\/wp-json\/wp\/v2\/types\/product"}],"replies":[{"embeddable":true,"href":"https:\/\/compuviper.mx\/tienda\/wp-json\/wp\/v2\/comments?post=226486"}],"wp:featuredmedia":[{"embeddable":true,"href":"https:\/\/compuviper.mx\/tienda\/wp-json\/wp\/v2\/media\/226487"}],"wp:attachment":[{"href":"https:\/\/compuviper.mx\/tienda\/wp-json\/wp\/v2\/media?parent=226486"}],"wp:term":[{"taxonomy":"product_cat","embeddable":true,"href":"https:\/\/compuviper.mx\/tienda\/wp-json\/wp\/v2\/product_cat?post=226486"},{"taxonomy":"product_tag","embeddable":true,"href":"https:\/\/compuviper.mx\/tienda\/wp-json\/wp\/v2\/product_tag?post=226486"}],"curies":[{"name":"wp","href":"https:\/\/api.w.org\/{rel}","templated":true}]}}