{"id":226414,"date":"2026-04-07T02:02:35","date_gmt":"2026-04-07T08:02:35","guid":{"rendered":"https:\/\/compuviper.mx\/tienda\/producto\/bitdefender-tmbd-310-esd-total-security-multi-dispositivos-10-usuarios-2-aos-entrega-electronica\/"},"modified":"2026-04-07T02:02:35","modified_gmt":"2026-04-07T08:02:35","slug":"bitdefender-tmbd-310-esd-total-security-multi-dispositivos-10-usuarios-2-aos-entrega-electronica","status":"publish","type":"product","link":"https:\/\/compuviper.mx\/tienda\/producto\/bitdefender-tmbd-310-esd-total-security-multi-dispositivos-10-usuarios-2-aos-entrega-electronica\/","title":{"rendered":"Bitdefender Tmbd-310 Esd  Total Security Multi Dispositivos \/ 10 Usuarios \/ 2 A?os (entrega Electronica)"},"content":{"rendered":"<table class=\"descripcion\">\n<tr>\n<td>Protecci\u00f3n<\/td>\n<\/tr>\n<tr>\n<td>El software de seguridad de bitdefender ha tenido la mejor tasa de detecci\u00f3n de malware del sector durante los \u00faltimos cinco a\u00f1os. \u00bfcu\u00e1l es el secreto para ser la mejor empresa de seguridad inform\u00e1tica durante tanto tiempo? utilizamos inteligencia artificial avanzada y otra serie de tecnolog\u00edas revolucionarias, as\u00ed como una red global de m\u00e1s de quinientos millones de equipos, para anticipar, detectar y bloquear al instante incluso las amenazas m\u00e1s recientes en cualquier parte del mundo. y a\u00fan mejor: hacemos todo esto sin ralentizar sus dispositivos.<\/td>\n<\/tr>\n<tr>\n<td>Completa protecci\u00f3n de datos<\/td>\n<\/tr>\n<tr>\n<td>El poder absoluto del antivirus m\u00e1s eficaz disponible en la actualidad. bitdefender total security multi-device 2019 act\u00faa contra todas las amenazas, desde virus, gusanos y troyanos, hasta ransomware, exploits de d\u00eda cero, rootkits y spyware. sus datos y su privacidad est\u00e1n en buenas manos.<\/td>\n<\/tr>\n<tr>\n<td>Active threat control<\/td>\n<\/tr>\n<tr>\n<td>Utilizamos una t\u00e9cnica innovadora, denominada an\u00e1lisis del comportamiento, para seguir de cerca a sus aplicaciones activas. cuando bitdefender total security multi-device 2019 detecta algo sospechoso, reacciona inmediatamente.<\/td>\n<\/tr>\n<tr>\n<td>Rendimiento pc:<\/td>\n<\/tr>\n<tr>\n<td>\u00bfun coche de carreras que es, al mismo tiempo, un veh\u00edculo blindado impenetrable? bitdefender total security multi-device 2019 le ofrece lo mejor de ambos mundos. es incre\u00edblemente potente y r\u00e1pido a la vez. nuestras tecnolog\u00edas revolucionarias garantizan una reacci\u00f3n inmediata contra el malware, as\u00ed como el m\u00e1ximo rendimiento sin demoras de su sistema. son las interioridades de bitdefender total security multi-device 2017 las que consiguen que sea tan r\u00e1pido y f\u00e1cil de usar.<\/td>\n<\/tr>\n<tr>\n<td>Bitdefender autopilot\u0099<\/td>\n<\/tr>\n<tr>\n<td>Una vez conectado, autopilot se ocupar\u00e1 por s\u00ed solo de su seguridad inform\u00e1tica. tomar\u00e1 las decisiones \u00f3ptimas relacionadas con la seguridad sin importunarle con molestas ventanas emergentes y cuadros de di\u00e1logo. no tiene nada que preparar, nada que configurar.<\/td>\n<\/tr>\n<tr>\n<td>Bitdefender photon\u0099<\/td>\n<\/tr>\n<tr>\n<td>Esta innovadora y exclusiva tecnolog\u00eda ayuda a bitdefender total security multi-device 2019 a adaptarse a la configuraci\u00f3n de hardware y software de su sistema para ahorrar recursos inform\u00e1ticos y mejorar la velocidad y el rendimiento.<\/td>\n<\/tr>\n<tr>\n<td>Privacidad<\/td>\n<\/tr>\n<tr>\n<td>En bitdefender sabemos que quiere proteger lo que realmente le importa en la vida. desea proteger a su familia y poder elegir qu\u00e9 compartir y qu\u00e9 poner a salvo de miradas indiscretas. por eso, bitdefender total security multi-device 2019 incorpora herramientas y caracter\u00edsticas que evitan que los hackers, los fisgones de datos y todo tipo de programas maliciosos invadan su vida privada.<\/td>\n<\/tr>\n<tr>\n<td>En internet con rapidez y sin preocupaciones<\/td>\n<\/tr>\n<tr>\n<td>Haga compras y gestione su banco mediante un navegador dedicado \u00fanico que protege sus transacciones para evitar los fraudes. bitdefender safepay ahora tambi\u00e9n puede rellenar autom\u00e1ticamente los datos de su tarjeta de cr\u00e9dito en los campos de pago.<\/td>\n<\/tr>\n<tr>\n<td>Protecci\u00f3n orientada a la familia<\/td>\n<\/tr>\n<tr>\n<td>Con el asesor parental, puede supervisar discretamente las actividades online de sus hijos para que siempre est\u00e9n protegidos en internet.<\/td>\n<\/tr>\n<tr>\n<td>Cortafuego de la privacidad<\/td>\n<\/tr>\n<tr>\n<td>Con bitdefender total security multi-device 2019 se dotar\u00e1 de una capa adicional de protecci\u00f3n para que su informaci\u00f3n personal permanezca a salvo de hackers y fisgones de datos.<\/td>\n<\/tr>\n<tr>\n<td>Protecci\u00f3n contra ransomware<\/td>\n<\/tr>\n<tr>\n<td>Puede poner sus documentos importantes bajo una protecci\u00f3n especial contra programas de cifrado maliciosos que pudieran exigirle un rescate por sus archivos personales.<\/td>\n<\/tr>\n<tr>\n<td>Modo de rescate<\/td>\n<\/tr>\n<tr>\n<td>Algunos virus sofisticados, como los rootkits, han de eliminarse antes de arrancar windows. cuando bitdefender total security multi-device 2019 detecta ese tipo de amenazas, reinicia el equipo en modo rescate para proceder a su limpieza y restauraci\u00f3n.<\/td>\n<\/tr>\n<tr>\n<td>Potente antiphishing<\/td>\n<\/tr>\n<tr>\n<td>Bitdefender total security multi-device 2019 analiza y bloquea las p\u00e1ginas que se disfrazan de sitios web de confianza para robar datos bancarios, como contrase\u00f1as o n\u00fameros de tarjetas de cr\u00e9dito.<\/td>\n<\/tr>\n<tr>\n<td>Detector antifraude<\/td>\n<\/tr>\n<tr>\n<td>Nuestro avanzado sistema de filtrado le avisa cada vez que visita sitios web que puedan tratar de estafarle, como casinos, sitios de pornograf\u00eda, sistemas de pr\u00e9stamo de dinero, etc.<\/td>\n<\/tr>\n<tr>\n<td>Navegaci\u00f3n segura<\/td>\n<\/tr>\n<tr>\n<td>Averig\u00fce si es seguro acceder a los resultados de sus b\u00fasquedas antes de hacer clic en el enlace. bitdefender total security multi-device 2019 tambi\u00e9n bloquea enlaces que sabe que est\u00e1n infectados.<\/td>\n<\/tr>\n<tr>\n<td>Integraci\u00f3n de nube<\/td>\n<\/tr>\n<tr>\n<td>Analizar en la nube conlleva un impacto pr\u00e1cticamente nulo sobre los recursos locales, de modo que la velocidad y el rendimiento de su sistema no se ven afectados. adem\u00e1s, se respeta siempre la privacidad de sus archivos: solo se analizan firmas de datos, no el contenido real de los archivos, los cuales no se suben ni se almacenan nunca en la nube.<\/td>\n<\/tr>\n<tr>\n<td>Modos de juego, trabajo y pel\u00edculas<\/td>\n<\/tr>\n<tr>\n<td>Bitdefender total security multi-device 2019 detecta cuando juega, trabaja o ve una pel\u00edcula, por lo que sabe cu\u00e1ndo no debe molestarle con preguntas innecesarias. as\u00ed le deja centrarse en lo que le importa. dependiendo de lo que usted decida hacer con su equipo, bitdefender total security multi-device 2017 interrumpe temporalmente las ventanas emergentes, ajusta la configuraci\u00f3n visual y detiene actividades en segundo plano carentes de importancia para que pueda disfrutar de su dispositivo al m\u00e1ximo.<\/td>\n<\/tr>\n<tr>\n<td>Modo bater\u00eda<\/td>\n<\/tr>\n<tr>\n<td>Esta caracter\u00edstica \u00fatil e inteligente ahorra bater\u00eda de port\u00e1tiles y tablets al modificar temporalmente ciertos ajustes del sistema, como la pantalla, el sistema de refrigeraci\u00f3n, las actualizaciones del sistema o la conectividad mediante bluetooth.<\/td>\n<\/tr>\n<tr>\n<td>Protecci\u00f3n de redes sociales<\/td>\n<\/tr>\n<tr>\n<td>Mant\u00e9ngase a salvo de enlaces maliciosos y de cualquier amenaza que sus amigos le pasen sin darse cuenta a trav\u00e9s de facebook, twitter, pinterest u otras redes sociales.<\/td>\n<\/tr>\n<tr>\n<td>Wallet<\/td>\n<\/tr>\n<tr>\n<td>Almacene sus contrase\u00f1as, los datos de su tarjeta de cr\u00e9dito y dem\u00e1s informaci\u00f3n confidencial en un blindaje de seguridad al que poder acceder f\u00e1cilmente siempre que lo necesite. el gestor de contrase\u00f1as le brinda la opci\u00f3n de autorrellenar formularios online e incluso recomendarle contrase\u00f1as seguras.<\/td>\n<\/tr>\n<tr>\n<td>Destructor de archivos<\/td>\n<\/tr>\n<tr>\n<td>Utilice esta herramienta cuando desee eliminar definitivamente un archivo y no dejar ni rastro de su paso por su pc.<\/td>\n<\/tr>\n<tr>\n<td>Bitdefender autopilot\u0099<\/td>\n<\/tr>\n<tr>\n<td>Es pura libertad: simplemente conecte autopilot y se encargar\u00e1 de toda su seguridad inform\u00e1tica, sin que usted tenga que hacer nada. sin ventanas emergentes, cuadros de di\u00e1logo ni cientos de opciones que configurar, para que pueda centrarse en trabajar y divertirse.<\/td>\n<\/tr>\n<tr>\n<td>Comprobador r\u00e1pido de riesgos<\/td>\n<\/tr>\n<tr>\n<td>Analice para buscar vulnerabilidades y brechas de seguridad con un solo clic. bitdefender revisa su pc en busca de software obsoleto y vulnerable, ausencia de parches de seguridad de windows y ajustes del sistema potencialmente inseguros, para indicarle la mejor soluci\u00f3n.<\/td>\n<\/tr>\n<\/table>\n","protected":false},"excerpt":{"rendered":"<p>Total security. Multi-device 2019. Siga con sus tareas, nosotros le protegemos. Protecci\u00f3n total para windows, mac os y android. Gesti\u00f3n centralizada de dispositivos. Asesor de seguridad wi-fi: siempre protegido cuando est\u00e1 fuera. Puro rendimiento sin demoras. Seguridad con un solo toque: protecci\u00f3n autom\u00e1tica completa. Protecci\u00f3n de la privacidad en diferentes plataformas. Asesor parental: protecci\u00f3n pensada para la familia. Herramientas de protecci\u00f3n de datos y antirrobo. Un producto que cubre todas sus necesidades de seguridad. Con bitdefender total security multi-device 2019 obtiene seguridad tres en uno para windows, mac os y android, a un precio mejor que cualquier otra oferta<\/p>\n","protected":false},"featured_media":226415,"comment_status":"open","ping_status":"open","template":"","meta":[],"product_cat":[2004,1827],"product_tag":[1833],"acf":[],"yoast_head":"<!-- This site is optimized with the Yoast SEO plugin v21.7 - https:\/\/yoast.com\/wordpress\/plugins\/seo\/ -->\n<title>[ Bitdefender ] &#129351; Tmbd-310 Esd Total Security Multi Dispositivos \/ 10 Usuarios \/ 2 A\u00f1os (entrega Electronica)<\/title>\n<meta name=\"description\" content=\"Compra Tmbd-310 Esd Total Security Multi Dispositivos \/ 10 Usuarios \/ 2 A\u00f1os (entrega Electronica) + Env\u00edo a domicilio + Pago seguro + Garant\u00eda\" \/>\n<meta name=\"robots\" content=\"index, follow, max-snippet:-1, max-image-preview:large, max-video-preview:-1\" \/>\n<link rel=\"canonical\" href=\"https:\/\/compuviper.mx\/tienda\/producto\/bitdefender-tmbd-310-esd-total-security-multi-dispositivos-10-usuarios-2-aos-entrega-electronica\/\" \/>\n<meta property=\"og:locale\" content=\"es_MX\" \/>\n<meta property=\"og:type\" content=\"article\" \/>\n<meta property=\"og:title\" content=\"[ Bitdefender ] &#129351; Tmbd-310 Esd Total Security Multi Dispositivos \/ 10 Usuarios \/ 2 A\u00f1os (entrega Electronica)\" \/>\n<meta property=\"og:description\" content=\"Compra Tmbd-310 Esd Total Security Multi Dispositivos \/ 10 Usuarios \/ 2 A\u00f1os (entrega Electronica) + Env\u00edo a domicilio + Pago seguro + Garant\u00eda\" \/>\n<meta property=\"og:url\" content=\"https:\/\/compuviper.mx\/tienda\/producto\/bitdefender-tmbd-310-esd-total-security-multi-dispositivos-10-usuarios-2-aos-entrega-electronica\/\" \/>\n<meta property=\"og:site_name\" content=\"Compuviper\" \/>\n<meta property=\"article:publisher\" content=\"https:\/\/www.facebook.com\/compuviper\" \/>\n<meta property=\"og:image\" content=\"https:\/\/compuviper.mx\/tienda\/wp-content\/uploads\/2023\/12\/Esd-bitdefender-total-security-multi-dispositivos-10-usuarios-2-anos-entrega-electronica.jpg\" \/>\n\t<meta property=\"og:image:width\" content=\"200\" \/>\n\t<meta property=\"og:image:height\" content=\"200\" \/>\n\t<meta property=\"og:image:type\" content=\"image\/jpeg\" \/>\n<meta name=\"twitter:card\" content=\"summary_large_image\" \/>\n<meta name=\"twitter:label1\" content=\"Precio\" \/>\n\t<meta name=\"twitter:data1\" content=\"&#36;1,739 con IVA\" \/>\n\t<meta name=\"twitter:label2\" content=\"Availability\" \/>\n\t<meta name=\"twitter:data2\" content=\"On backorder\" \/>\n<script type=\"application\/ld+json\" class=\"yoast-schema-graph\">{\"@context\":\"https:\/\/schema.org\",\"@graph\":[{\"@type\":\"WebPage\",\"@id\":\"https:\/\/compuviper.mx\/tienda\/producto\/bitdefender-tmbd-310-esd-total-security-multi-dispositivos-10-usuarios-2-aos-entrega-electronica\/\",\"url\":\"https:\/\/compuviper.mx\/tienda\/producto\/bitdefender-tmbd-310-esd-total-security-multi-dispositivos-10-usuarios-2-aos-entrega-electronica\/\",\"name\":\"[ Bitdefender ] &#129351; Tmbd-310 Esd Total Security Multi Dispositivos \/ 10 Usuarios \/ 2 A\u00f1os (entrega Electronica)\",\"isPartOf\":{\"@id\":\"https:\/\/compuviper.mx\/tienda\/#website\"},\"datePublished\":\"2026-04-07T08:02:35+00:00\",\"dateModified\":\"2026-04-07T08:02:35+00:00\",\"description\":\"Compra Tmbd-310 Esd Total Security Multi Dispositivos \/ 10 Usuarios \/ 2 A\u00f1os (entrega Electronica) + Env\u00edo a domicilio + Pago seguro + Garant\u00eda\",\"breadcrumb\":{\"@id\":\"https:\/\/compuviper.mx\/tienda\/producto\/bitdefender-tmbd-310-esd-total-security-multi-dispositivos-10-usuarios-2-aos-entrega-electronica\/#breadcrumb\"},\"inLanguage\":\"es-MX\",\"potentialAction\":[{\"@type\":\"ReadAction\",\"target\":[\"https:\/\/compuviper.mx\/tienda\/producto\/bitdefender-tmbd-310-esd-total-security-multi-dispositivos-10-usuarios-2-aos-entrega-electronica\/\"]}]},{\"@type\":\"BreadcrumbList\",\"@id\":\"https:\/\/compuviper.mx\/tienda\/producto\/bitdefender-tmbd-310-esd-total-security-multi-dispositivos-10-usuarios-2-aos-entrega-electronica\/#breadcrumb\",\"itemListElement\":[{\"@type\":\"ListItem\",\"position\":1,\"name\":\"Inicio\",\"item\":\"https:\/\/compuviper.mx\/tienda\/\"},{\"@type\":\"ListItem\",\"position\":2,\"name\":\"Productos\",\"item\":\"https:\/\/compuviper.mx\/tienda\/productos\/\"},{\"@type\":\"ListItem\",\"position\":3,\"name\":\"Software\",\"item\":\"https:\/\/compuviper.mx\/tienda\/categoria-producto\/software\/\"},{\"@type\":\"ListItem\",\"position\":4,\"name\":\"Licenciamiento Esd\",\"item\":\"https:\/\/compuviper.mx\/tienda\/categoria-producto\/software\/licenciamiento-esd\/\"},{\"@type\":\"ListItem\",\"position\":5,\"name\":\"Bitdefender Tmbd-310 Esd Total Security Multi Dispositivos \/ 10 Usuarios \/ 2 A?os (entrega Electronica)\"}]},{\"@type\":\"WebSite\",\"@id\":\"https:\/\/compuviper.mx\/tienda\/#website\",\"url\":\"https:\/\/compuviper.mx\/tienda\/\",\"name\":\"Compuviper\",\"description\":\"Proveedor de Computadoras, Laptops, Servidores, Monitores, Puntos de Venta, Teclados,   Impresoras, T\u00f3ner, C\u00e1maras de Seguridad y m\u00e1s en tu tienda en l\u00ednea\",\"publisher\":{\"@id\":\"https:\/\/compuviper.mx\/tienda\/#organization\"},\"potentialAction\":[{\"@type\":\"SearchAction\",\"target\":{\"@type\":\"EntryPoint\",\"urlTemplate\":\"https:\/\/compuviper.mx\/tienda\/?s={search_term_string}\"},\"query-input\":\"required name=search_term_string\"}],\"inLanguage\":\"es-MX\"},{\"@type\":\"Organization\",\"@id\":\"https:\/\/compuviper.mx\/tienda\/#organization\",\"name\":\"Compuviper\",\"url\":\"https:\/\/compuviper.mx\/tienda\/\",\"logo\":{\"@type\":\"ImageObject\",\"inLanguage\":\"es-MX\",\"@id\":\"https:\/\/compuviper.mx\/tienda\/#\/schema\/logo\/image\/\",\"url\":\"https:\/\/compuviper.mx\/tienda\/wp-content\/uploads\/2021\/08\/Logo-Compuviper-10.png\",\"contentUrl\":\"https:\/\/compuviper.mx\/tienda\/wp-content\/uploads\/2021\/08\/Logo-Compuviper-10.png\",\"width\":1000,\"height\":500,\"caption\":\"Compuviper\"},\"image\":{\"@id\":\"https:\/\/compuviper.mx\/tienda\/#\/schema\/logo\/image\/\"},\"sameAs\":[\"https:\/\/www.facebook.com\/compuviper\",\"https:\/\/www.youtube.com\/channel\/UCf73dERp9Y3cfOq7q8BhLjA?view_as=subscriber\"]}]}<\/script>\n<meta property=\"product:brand\" content=\"BITDEFENDER\" \/>\n<meta property=\"product:price:amount\" content=\"1739\" \/>\n<meta property=\"product:price:currency\" content=\"MXN\" \/>\n<meta property=\"og:availability\" content=\"backorder\" \/>\n<meta property=\"product:availability\" content=\"available for order\" \/>\n<meta property=\"product:retailer_item_id\" content=\"TMBD-310\" \/>\n<meta property=\"product:condition\" content=\"new\" \/>\n<!-- \/ Yoast SEO plugin. -->","yoast_head_json":{"title":"[ Bitdefender ] &#129351; Tmbd-310 Esd Total Security Multi Dispositivos \/ 10 Usuarios \/ 2 A\u00f1os (entrega Electronica)","description":"Compra Tmbd-310 Esd Total Security Multi Dispositivos \/ 10 Usuarios \/ 2 A\u00f1os (entrega Electronica) + Env\u00edo a domicilio + Pago seguro + Garant\u00eda","robots":{"index":"index","follow":"follow","max-snippet":"max-snippet:-1","max-image-preview":"max-image-preview:large","max-video-preview":"max-video-preview:-1"},"canonical":"https:\/\/compuviper.mx\/tienda\/producto\/bitdefender-tmbd-310-esd-total-security-multi-dispositivos-10-usuarios-2-aos-entrega-electronica\/","og_locale":"es_MX","og_type":"article","og_title":"[ Bitdefender ] &#129351; Tmbd-310 Esd Total Security Multi Dispositivos \/ 10 Usuarios \/ 2 A\u00f1os (entrega Electronica)","og_description":"Compra Tmbd-310 Esd Total Security Multi Dispositivos \/ 10 Usuarios \/ 2 A\u00f1os (entrega Electronica) + Env\u00edo a domicilio + Pago seguro + Garant\u00eda","og_url":"https:\/\/compuviper.mx\/tienda\/producto\/bitdefender-tmbd-310-esd-total-security-multi-dispositivos-10-usuarios-2-aos-entrega-electronica\/","og_site_name":"Compuviper","article_publisher":"https:\/\/www.facebook.com\/compuviper","og_image":[{"width":200,"height":200,"url":"https:\/\/compuviper.mx\/tienda\/wp-content\/uploads\/2023\/12\/Esd-bitdefender-total-security-multi-dispositivos-10-usuarios-2-anos-entrega-electronica.jpg","type":"image\/jpeg"}],"twitter_card":"summary_large_image","twitter_misc":{"Precio":"&#36;1,739 con IVA","Availability":"On backorder"},"schema":{"@context":"https:\/\/schema.org","@graph":[{"@type":"WebPage","@id":"https:\/\/compuviper.mx\/tienda\/producto\/bitdefender-tmbd-310-esd-total-security-multi-dispositivos-10-usuarios-2-aos-entrega-electronica\/","url":"https:\/\/compuviper.mx\/tienda\/producto\/bitdefender-tmbd-310-esd-total-security-multi-dispositivos-10-usuarios-2-aos-entrega-electronica\/","name":"[ Bitdefender ] &#129351; Tmbd-310 Esd Total Security Multi Dispositivos \/ 10 Usuarios \/ 2 A\u00f1os (entrega Electronica)","isPartOf":{"@id":"https:\/\/compuviper.mx\/tienda\/#website"},"datePublished":"2026-04-07T08:02:35+00:00","dateModified":"2026-04-07T08:02:35+00:00","description":"Compra Tmbd-310 Esd Total Security Multi Dispositivos \/ 10 Usuarios \/ 2 A\u00f1os (entrega Electronica) + Env\u00edo a domicilio + Pago seguro + Garant\u00eda","breadcrumb":{"@id":"https:\/\/compuviper.mx\/tienda\/producto\/bitdefender-tmbd-310-esd-total-security-multi-dispositivos-10-usuarios-2-aos-entrega-electronica\/#breadcrumb"},"inLanguage":"es-MX","potentialAction":[{"@type":"ReadAction","target":["https:\/\/compuviper.mx\/tienda\/producto\/bitdefender-tmbd-310-esd-total-security-multi-dispositivos-10-usuarios-2-aos-entrega-electronica\/"]}]},{"@type":"BreadcrumbList","@id":"https:\/\/compuviper.mx\/tienda\/producto\/bitdefender-tmbd-310-esd-total-security-multi-dispositivos-10-usuarios-2-aos-entrega-electronica\/#breadcrumb","itemListElement":[{"@type":"ListItem","position":1,"name":"Inicio","item":"https:\/\/compuviper.mx\/tienda\/"},{"@type":"ListItem","position":2,"name":"Productos","item":"https:\/\/compuviper.mx\/tienda\/productos\/"},{"@type":"ListItem","position":3,"name":"Software","item":"https:\/\/compuviper.mx\/tienda\/categoria-producto\/software\/"},{"@type":"ListItem","position":4,"name":"Licenciamiento Esd","item":"https:\/\/compuviper.mx\/tienda\/categoria-producto\/software\/licenciamiento-esd\/"},{"@type":"ListItem","position":5,"name":"Bitdefender Tmbd-310 Esd Total Security Multi Dispositivos \/ 10 Usuarios \/ 2 A?os (entrega Electronica)"}]},{"@type":"WebSite","@id":"https:\/\/compuviper.mx\/tienda\/#website","url":"https:\/\/compuviper.mx\/tienda\/","name":"Compuviper","description":"Proveedor de Computadoras, Laptops, Servidores, Monitores, Puntos de Venta, Teclados,   Impresoras, T\u00f3ner, C\u00e1maras de Seguridad y m\u00e1s en tu tienda en l\u00ednea","publisher":{"@id":"https:\/\/compuviper.mx\/tienda\/#organization"},"potentialAction":[{"@type":"SearchAction","target":{"@type":"EntryPoint","urlTemplate":"https:\/\/compuviper.mx\/tienda\/?s={search_term_string}"},"query-input":"required name=search_term_string"}],"inLanguage":"es-MX"},{"@type":"Organization","@id":"https:\/\/compuviper.mx\/tienda\/#organization","name":"Compuviper","url":"https:\/\/compuviper.mx\/tienda\/","logo":{"@type":"ImageObject","inLanguage":"es-MX","@id":"https:\/\/compuviper.mx\/tienda\/#\/schema\/logo\/image\/","url":"https:\/\/compuviper.mx\/tienda\/wp-content\/uploads\/2021\/08\/Logo-Compuviper-10.png","contentUrl":"https:\/\/compuviper.mx\/tienda\/wp-content\/uploads\/2021\/08\/Logo-Compuviper-10.png","width":1000,"height":500,"caption":"Compuviper"},"image":{"@id":"https:\/\/compuviper.mx\/tienda\/#\/schema\/logo\/image\/"},"sameAs":["https:\/\/www.facebook.com\/compuviper","https:\/\/www.youtube.com\/channel\/UCf73dERp9Y3cfOq7q8BhLjA?view_as=subscriber"]}]},"product_brand":"BITDEFENDER","product_price_amount":"1739","product_price_currency":"MXN","og_availability":"backorder","product_availability":"available for order","product_retailer_item_id":"TMBD-310","product_condition":"new"},"_links":{"self":[{"href":"https:\/\/compuviper.mx\/tienda\/wp-json\/wp\/v2\/product\/226414"}],"collection":[{"href":"https:\/\/compuviper.mx\/tienda\/wp-json\/wp\/v2\/product"}],"about":[{"href":"https:\/\/compuviper.mx\/tienda\/wp-json\/wp\/v2\/types\/product"}],"replies":[{"embeddable":true,"href":"https:\/\/compuviper.mx\/tienda\/wp-json\/wp\/v2\/comments?post=226414"}],"wp:featuredmedia":[{"embeddable":true,"href":"https:\/\/compuviper.mx\/tienda\/wp-json\/wp\/v2\/media\/226415"}],"wp:attachment":[{"href":"https:\/\/compuviper.mx\/tienda\/wp-json\/wp\/v2\/media?parent=226414"}],"wp:term":[{"taxonomy":"product_cat","embeddable":true,"href":"https:\/\/compuviper.mx\/tienda\/wp-json\/wp\/v2\/product_cat?post=226414"},{"taxonomy":"product_tag","embeddable":true,"href":"https:\/\/compuviper.mx\/tienda\/wp-json\/wp\/v2\/product_tag?post=226414"}],"curies":[{"name":"wp","href":"https:\/\/api.w.org\/{rel}","templated":true}]}}