{"id":226308,"date":"2026-04-24T02:12:59","date_gmt":"2026-04-24T08:12:59","guid":{"rendered":"https:\/\/compuviper.mx\/tienda\/producto\/bitdefender-tmbdl-103-s-gravityzone-business-security-premium-elite-licenciamiento-electronico-1-ao-sector-privado-compra-minima-5-nodos\/"},"modified":"2026-04-24T02:12:59","modified_gmt":"2026-04-24T08:12:59","slug":"bitdefender-tmbdl-103-s-gravityzone-business-security-premium-elite-licenciamiento-electronico-1-ao-sector-privado-compra-minima-5-nodos","status":"publish","type":"product","link":"https:\/\/compuviper.mx\/tienda\/producto\/bitdefender-tmbdl-103-s-gravityzone-business-security-premium-elite-licenciamiento-electronico-1-ao-sector-privado-compra-minima-5-nodos\/","title":{"rendered":"Bitdefender Tmbdl-103-s  Gravityzone Business Security Premium (elite) Licenciamiento Electronico 1 A?o Sector Privado (compra Minima 5 Nodos)"},"content":{"rendered":"<table class=\"descripcion\">\n<tr>\n<td>Requisitos del sistema<\/td>\n<\/tr>\n<tr>\n<td>Small office security est\u00e1 dise\u00f1ado para estaciones de trabajo, port\u00e1tiles y servidores que ejecuten microsoft\u00ae windows o os x.<\/td>\n<\/tr>\n<tr>\n<td>Todas las soluciones bitdefender cloud security se administran mediante la consola cloud security. dado que la cloud security console est\u00e1 alojada externamente, no existen requisitos de hardware o software para administrar small office security.<\/td>\n<\/tr>\n<tr>\n<td>Todo lo que se necesita es una conexi\u00f3n a internet.<\/td>\n<\/tr>\n<tr>\n<td>Requisitos m\u00ednimos del punto final:<\/td>\n<\/tr>\n<tr>\n<td>Procesador intel\u00ae pentium compatible<\/td>\n<\/tr>\n<tr>\n<td>Sistemas operativos de estaciones de trabajo:<\/td>\n<\/tr>\n<tr>\n<td>\u00bf1 ghz o superior para microsoft windows xp sp3 y windows xp sp2 x64<\/td>\n<\/tr>\n<tr>\n<td>\u00bf 2 ghz o superior para microsoft windows vista sp2, microsoft windows vista x64<\/td>\n<\/tr>\n<tr>\n<td>Sp2, microsoft windows 7 sp0 o superior y microsoft windows 7 x64 sp0 o superior,<\/td>\n<\/tr>\n<tr>\n<td>Windows 8<\/td>\n<\/tr>\n<tr>\n<td>\u00bf 800 mhz o m\u00e1s para microsoft windows embedded standard 7 sp1, microsoft windows posready 7, microsoft windows enterprise 7, microsoft windows posready 2009, microsoft windows embedded standard 2009, microsoft windows xp embedded con service pack 2sp2, microsoft windows xp tablet pc edition sistemas operativos del lado del servidor: (2003, 2008, 2012, sbs)<\/td>\n<\/tr>\n<tr>\n<td>\u00bf requisitos m\u00ednimos: 2,4 ghz<\/td>\n<\/tr>\n<tr>\n<td>Memoria ram: m\u00ednima: 512 mb libre<\/td>\n<\/tr>\n<tr>\n<td>Espacio en disco: m\u00ednimo: 1.5 gb libre<\/td>\n<\/tr>\n<tr>\n<td>Mac os x<\/td>\n<\/tr>\n<tr>\n<td>Equipos macintosh basados en intel ejecutando uno de los siguientes sistemas operativos:<\/td>\n<\/tr>\n<tr>\n<td>\u00bf mac os x lion (10.7 o posterior)<\/td>\n<\/tr>\n<tr>\n<td>\u00bf mac os x mountain lion (10.8 o posterior)<\/td>\n<\/tr>\n<tr>\n<td>\u00bf mac os x mavericks (10.9 o posterior)<\/td>\n<\/tr>\n<tr>\n<td>Ram: 1 gb de memoria ram<\/td>\n<\/tr>\n<tr>\n<td>Espacio libre en disco disponible: 400 mb<\/td>\n<\/tr>\n<tr>\n<td>Trafficlight est\u00e1 disponible para safari, firefox y google chrome<\/td>\n<\/tr>\n<\/table>\n","protected":false},"excerpt":{"rendered":"<p>Proporciona tecnolog\u00eda de seguridad n\u00ba 1 y protecci\u00f3n administrada centralmente para equipos de sobremesa y servidores, sin el coste de las soluciones locales tradicionales<\/p>\n","protected":false},"featured_media":226309,"comment_status":"open","ping_status":"open","template":"","meta":[],"product_cat":[1827,2001],"product_tag":[1833],"acf":[],"yoast_head":"<!-- This site is optimized with the Yoast SEO plugin v21.7 - https:\/\/yoast.com\/wordpress\/plugins\/seo\/ -->\n<title>[ Bitdefender ] &#129351; Tmbdl-103-s Gravityzone Business Security Premium (elite) Licenciamiento Electronico 1 A\u00f1o Sector Privado (compra Minima 5 Nodos)<\/title>\n<meta name=\"description\" content=\"Compra Tmbdl-103-s Gravityzone Business Security Premium (elite) Licenciamiento Electronico 1 A\u00f1o Sector Privado (compra Minima 5 Nodos) + Env\u00edo a domicilio + Pago seguro + Garant\u00eda\" \/>\n<meta name=\"robots\" content=\"index, follow, max-snippet:-1, max-image-preview:large, max-video-preview:-1\" \/>\n<link rel=\"canonical\" href=\"https:\/\/compuviper.mx\/tienda\/producto\/bitdefender-tmbdl-103-s-gravityzone-business-security-premium-elite-licenciamiento-electronico-1-ao-sector-privado-compra-minima-5-nodos\/\" \/>\n<meta property=\"og:locale\" content=\"es_MX\" \/>\n<meta property=\"og:type\" content=\"article\" \/>\n<meta property=\"og:title\" content=\"[ Bitdefender ] &#129351; Tmbdl-103-s Gravityzone Business Security Premium (elite) Licenciamiento Electronico 1 A\u00f1o Sector Privado (compra Minima 5 Nodos)\" \/>\n<meta property=\"og:description\" content=\"Compra Tmbdl-103-s Gravityzone Business Security Premium (elite) Licenciamiento Electronico 1 A\u00f1o Sector Privado (compra Minima 5 Nodos) + Env\u00edo a domicilio + Pago seguro + Garant\u00eda\" \/>\n<meta property=\"og:url\" content=\"https:\/\/compuviper.mx\/tienda\/producto\/bitdefender-tmbdl-103-s-gravityzone-business-security-premium-elite-licenciamiento-electronico-1-ao-sector-privado-compra-minima-5-nodos\/\" \/>\n<meta property=\"og:site_name\" content=\"Compuviper\" \/>\n<meta property=\"article:publisher\" content=\"https:\/\/www.facebook.com\/compuviper\" \/>\n<meta property=\"og:image\" content=\"https:\/\/compuviper.mx\/tienda\/wp-content\/uploads\/2023\/12\/Bitdefender-gravityzone-business-security-premium-elite-licenciamiento-electronico-1-ano-sector-privado-compra-minima-5-nodos.jpg\" \/>\n\t<meta property=\"og:image:width\" content=\"200\" \/>\n\t<meta property=\"og:image:height\" content=\"200\" \/>\n\t<meta property=\"og:image:type\" content=\"image\/jpeg\" \/>\n<meta name=\"twitter:card\" content=\"summary_large_image\" \/>\n<meta name=\"twitter:label1\" content=\"Precio\" \/>\n\t<meta name=\"twitter:data1\" content=\"&#36;956 con IVA\" \/>\n\t<meta name=\"twitter:label2\" content=\"Availability\" \/>\n\t<meta name=\"twitter:data2\" content=\"On backorder\" \/>\n<script type=\"application\/ld+json\" class=\"yoast-schema-graph\">{\"@context\":\"https:\/\/schema.org\",\"@graph\":[{\"@type\":\"WebPage\",\"@id\":\"https:\/\/compuviper.mx\/tienda\/producto\/bitdefender-tmbdl-103-s-gravityzone-business-security-premium-elite-licenciamiento-electronico-1-ao-sector-privado-compra-minima-5-nodos\/\",\"url\":\"https:\/\/compuviper.mx\/tienda\/producto\/bitdefender-tmbdl-103-s-gravityzone-business-security-premium-elite-licenciamiento-electronico-1-ao-sector-privado-compra-minima-5-nodos\/\",\"name\":\"[ Bitdefender ] &#129351; Tmbdl-103-s Gravityzone Business Security Premium (elite) Licenciamiento Electronico 1 A\u00f1o Sector Privado (compra Minima 5 Nodos)\",\"isPartOf\":{\"@id\":\"https:\/\/compuviper.mx\/tienda\/#website\"},\"datePublished\":\"2026-04-24T08:12:59+00:00\",\"dateModified\":\"2026-04-24T08:12:59+00:00\",\"description\":\"Compra Tmbdl-103-s Gravityzone Business Security Premium (elite) Licenciamiento Electronico 1 A\u00f1o Sector Privado (compra Minima 5 Nodos) + Env\u00edo a domicilio + Pago seguro + Garant\u00eda\",\"breadcrumb\":{\"@id\":\"https:\/\/compuviper.mx\/tienda\/producto\/bitdefender-tmbdl-103-s-gravityzone-business-security-premium-elite-licenciamiento-electronico-1-ao-sector-privado-compra-minima-5-nodos\/#breadcrumb\"},\"inLanguage\":\"es-MX\",\"potentialAction\":[{\"@type\":\"ReadAction\",\"target\":[\"https:\/\/compuviper.mx\/tienda\/producto\/bitdefender-tmbdl-103-s-gravityzone-business-security-premium-elite-licenciamiento-electronico-1-ao-sector-privado-compra-minima-5-nodos\/\"]}]},{\"@type\":\"BreadcrumbList\",\"@id\":\"https:\/\/compuviper.mx\/tienda\/producto\/bitdefender-tmbdl-103-s-gravityzone-business-security-premium-elite-licenciamiento-electronico-1-ao-sector-privado-compra-minima-5-nodos\/#breadcrumb\",\"itemListElement\":[{\"@type\":\"ListItem\",\"position\":1,\"name\":\"Inicio\",\"item\":\"https:\/\/compuviper.mx\/tienda\/\"},{\"@type\":\"ListItem\",\"position\":2,\"name\":\"Productos\",\"item\":\"https:\/\/compuviper.mx\/tienda\/productos\/\"},{\"@type\":\"ListItem\",\"position\":3,\"name\":\"Software\",\"item\":\"https:\/\/compuviper.mx\/tienda\/categoria-producto\/software\/\"},{\"@type\":\"ListItem\",\"position\":4,\"name\":\"Licenciamiento Electronico\",\"item\":\"https:\/\/compuviper.mx\/tienda\/categoria-producto\/software\/licenciamiento-electronico\/\"},{\"@type\":\"ListItem\",\"position\":5,\"name\":\"Bitdefender Tmbdl-103-s Gravityzone Business Security Premium (elite) Licenciamiento Electronico 1 A?o Sector Privado (compra Minima 5 Nodos)\"}]},{\"@type\":\"WebSite\",\"@id\":\"https:\/\/compuviper.mx\/tienda\/#website\",\"url\":\"https:\/\/compuviper.mx\/tienda\/\",\"name\":\"Compuviper\",\"description\":\"Proveedor de Computadoras, Laptops, Servidores, Monitores, Puntos de Venta, Teclados,   Impresoras, T\u00f3ner, C\u00e1maras de Seguridad y m\u00e1s en tu tienda en l\u00ednea\",\"publisher\":{\"@id\":\"https:\/\/compuviper.mx\/tienda\/#organization\"},\"potentialAction\":[{\"@type\":\"SearchAction\",\"target\":{\"@type\":\"EntryPoint\",\"urlTemplate\":\"https:\/\/compuviper.mx\/tienda\/?s={search_term_string}\"},\"query-input\":\"required name=search_term_string\"}],\"inLanguage\":\"es-MX\"},{\"@type\":\"Organization\",\"@id\":\"https:\/\/compuviper.mx\/tienda\/#organization\",\"name\":\"Compuviper\",\"url\":\"https:\/\/compuviper.mx\/tienda\/\",\"logo\":{\"@type\":\"ImageObject\",\"inLanguage\":\"es-MX\",\"@id\":\"https:\/\/compuviper.mx\/tienda\/#\/schema\/logo\/image\/\",\"url\":\"https:\/\/compuviper.mx\/tienda\/wp-content\/uploads\/2021\/08\/Logo-Compuviper-10.png\",\"contentUrl\":\"https:\/\/compuviper.mx\/tienda\/wp-content\/uploads\/2021\/08\/Logo-Compuviper-10.png\",\"width\":1000,\"height\":500,\"caption\":\"Compuviper\"},\"image\":{\"@id\":\"https:\/\/compuviper.mx\/tienda\/#\/schema\/logo\/image\/\"},\"sameAs\":[\"https:\/\/www.facebook.com\/compuviper\",\"https:\/\/www.youtube.com\/channel\/UCf73dERp9Y3cfOq7q8BhLjA?view_as=subscriber\"]}]}<\/script>\n<meta property=\"product:brand\" content=\"BITDEFENDER\" \/>\n<meta property=\"product:price:amount\" content=\"956\" \/>\n<meta property=\"product:price:currency\" content=\"MXN\" \/>\n<meta property=\"og:availability\" content=\"backorder\" \/>\n<meta property=\"product:availability\" content=\"available for order\" \/>\n<meta property=\"product:retailer_item_id\" content=\"TMBDL-103-S\" \/>\n<meta property=\"product:condition\" content=\"new\" \/>\n<!-- \/ Yoast SEO plugin. -->","yoast_head_json":{"title":"[ Bitdefender ] &#129351; Tmbdl-103-s Gravityzone Business Security Premium (elite) Licenciamiento Electronico 1 A\u00f1o Sector Privado (compra Minima 5 Nodos)","description":"Compra Tmbdl-103-s Gravityzone Business Security Premium (elite) Licenciamiento Electronico 1 A\u00f1o Sector Privado (compra Minima 5 Nodos) + Env\u00edo a domicilio + Pago seguro + Garant\u00eda","robots":{"index":"index","follow":"follow","max-snippet":"max-snippet:-1","max-image-preview":"max-image-preview:large","max-video-preview":"max-video-preview:-1"},"canonical":"https:\/\/compuviper.mx\/tienda\/producto\/bitdefender-tmbdl-103-s-gravityzone-business-security-premium-elite-licenciamiento-electronico-1-ao-sector-privado-compra-minima-5-nodos\/","og_locale":"es_MX","og_type":"article","og_title":"[ Bitdefender ] &#129351; Tmbdl-103-s Gravityzone Business Security Premium (elite) Licenciamiento Electronico 1 A\u00f1o Sector Privado (compra Minima 5 Nodos)","og_description":"Compra Tmbdl-103-s Gravityzone Business Security Premium (elite) Licenciamiento Electronico 1 A\u00f1o Sector Privado (compra Minima 5 Nodos) + Env\u00edo a domicilio + Pago seguro + Garant\u00eda","og_url":"https:\/\/compuviper.mx\/tienda\/producto\/bitdefender-tmbdl-103-s-gravityzone-business-security-premium-elite-licenciamiento-electronico-1-ao-sector-privado-compra-minima-5-nodos\/","og_site_name":"Compuviper","article_publisher":"https:\/\/www.facebook.com\/compuviper","og_image":[{"width":200,"height":200,"url":"https:\/\/compuviper.mx\/tienda\/wp-content\/uploads\/2023\/12\/Bitdefender-gravityzone-business-security-premium-elite-licenciamiento-electronico-1-ano-sector-privado-compra-minima-5-nodos.jpg","type":"image\/jpeg"}],"twitter_card":"summary_large_image","twitter_misc":{"Precio":"&#36;956 con IVA","Availability":"On backorder"},"schema":{"@context":"https:\/\/schema.org","@graph":[{"@type":"WebPage","@id":"https:\/\/compuviper.mx\/tienda\/producto\/bitdefender-tmbdl-103-s-gravityzone-business-security-premium-elite-licenciamiento-electronico-1-ao-sector-privado-compra-minima-5-nodos\/","url":"https:\/\/compuviper.mx\/tienda\/producto\/bitdefender-tmbdl-103-s-gravityzone-business-security-premium-elite-licenciamiento-electronico-1-ao-sector-privado-compra-minima-5-nodos\/","name":"[ Bitdefender ] &#129351; Tmbdl-103-s Gravityzone Business Security Premium (elite) Licenciamiento Electronico 1 A\u00f1o Sector Privado (compra Minima 5 Nodos)","isPartOf":{"@id":"https:\/\/compuviper.mx\/tienda\/#website"},"datePublished":"2026-04-24T08:12:59+00:00","dateModified":"2026-04-24T08:12:59+00:00","description":"Compra Tmbdl-103-s Gravityzone Business Security Premium (elite) Licenciamiento Electronico 1 A\u00f1o Sector Privado (compra Minima 5 Nodos) + Env\u00edo a domicilio + Pago seguro + Garant\u00eda","breadcrumb":{"@id":"https:\/\/compuviper.mx\/tienda\/producto\/bitdefender-tmbdl-103-s-gravityzone-business-security-premium-elite-licenciamiento-electronico-1-ao-sector-privado-compra-minima-5-nodos\/#breadcrumb"},"inLanguage":"es-MX","potentialAction":[{"@type":"ReadAction","target":["https:\/\/compuviper.mx\/tienda\/producto\/bitdefender-tmbdl-103-s-gravityzone-business-security-premium-elite-licenciamiento-electronico-1-ao-sector-privado-compra-minima-5-nodos\/"]}]},{"@type":"BreadcrumbList","@id":"https:\/\/compuviper.mx\/tienda\/producto\/bitdefender-tmbdl-103-s-gravityzone-business-security-premium-elite-licenciamiento-electronico-1-ao-sector-privado-compra-minima-5-nodos\/#breadcrumb","itemListElement":[{"@type":"ListItem","position":1,"name":"Inicio","item":"https:\/\/compuviper.mx\/tienda\/"},{"@type":"ListItem","position":2,"name":"Productos","item":"https:\/\/compuviper.mx\/tienda\/productos\/"},{"@type":"ListItem","position":3,"name":"Software","item":"https:\/\/compuviper.mx\/tienda\/categoria-producto\/software\/"},{"@type":"ListItem","position":4,"name":"Licenciamiento Electronico","item":"https:\/\/compuviper.mx\/tienda\/categoria-producto\/software\/licenciamiento-electronico\/"},{"@type":"ListItem","position":5,"name":"Bitdefender Tmbdl-103-s Gravityzone Business Security Premium (elite) Licenciamiento Electronico 1 A?o Sector Privado (compra Minima 5 Nodos)"}]},{"@type":"WebSite","@id":"https:\/\/compuviper.mx\/tienda\/#website","url":"https:\/\/compuviper.mx\/tienda\/","name":"Compuviper","description":"Proveedor de Computadoras, Laptops, Servidores, Monitores, Puntos de Venta, Teclados,   Impresoras, T\u00f3ner, C\u00e1maras de Seguridad y m\u00e1s en tu tienda en l\u00ednea","publisher":{"@id":"https:\/\/compuviper.mx\/tienda\/#organization"},"potentialAction":[{"@type":"SearchAction","target":{"@type":"EntryPoint","urlTemplate":"https:\/\/compuviper.mx\/tienda\/?s={search_term_string}"},"query-input":"required name=search_term_string"}],"inLanguage":"es-MX"},{"@type":"Organization","@id":"https:\/\/compuviper.mx\/tienda\/#organization","name":"Compuviper","url":"https:\/\/compuviper.mx\/tienda\/","logo":{"@type":"ImageObject","inLanguage":"es-MX","@id":"https:\/\/compuviper.mx\/tienda\/#\/schema\/logo\/image\/","url":"https:\/\/compuviper.mx\/tienda\/wp-content\/uploads\/2021\/08\/Logo-Compuviper-10.png","contentUrl":"https:\/\/compuviper.mx\/tienda\/wp-content\/uploads\/2021\/08\/Logo-Compuviper-10.png","width":1000,"height":500,"caption":"Compuviper"},"image":{"@id":"https:\/\/compuviper.mx\/tienda\/#\/schema\/logo\/image\/"},"sameAs":["https:\/\/www.facebook.com\/compuviper","https:\/\/www.youtube.com\/channel\/UCf73dERp9Y3cfOq7q8BhLjA?view_as=subscriber"]}]},"product_brand":"BITDEFENDER","product_price_amount":"956","product_price_currency":"MXN","og_availability":"backorder","product_availability":"available for order","product_retailer_item_id":"TMBDL-103-S","product_condition":"new"},"_links":{"self":[{"href":"https:\/\/compuviper.mx\/tienda\/wp-json\/wp\/v2\/product\/226308"}],"collection":[{"href":"https:\/\/compuviper.mx\/tienda\/wp-json\/wp\/v2\/product"}],"about":[{"href":"https:\/\/compuviper.mx\/tienda\/wp-json\/wp\/v2\/types\/product"}],"replies":[{"embeddable":true,"href":"https:\/\/compuviper.mx\/tienda\/wp-json\/wp\/v2\/comments?post=226308"}],"wp:featuredmedia":[{"embeddable":true,"href":"https:\/\/compuviper.mx\/tienda\/wp-json\/wp\/v2\/media\/226309"}],"wp:attachment":[{"href":"https:\/\/compuviper.mx\/tienda\/wp-json\/wp\/v2\/media?parent=226308"}],"wp:term":[{"taxonomy":"product_cat","embeddable":true,"href":"https:\/\/compuviper.mx\/tienda\/wp-json\/wp\/v2\/product_cat?post=226308"},{"taxonomy":"product_tag","embeddable":true,"href":"https:\/\/compuviper.mx\/tienda\/wp-json\/wp\/v2\/product_tag?post=226308"}],"curies":[{"name":"wp","href":"https:\/\/api.w.org\/{rel}","templated":true}]}}