{"id":226198,"date":"2026-04-02T02:11:07","date_gmt":"2026-04-02T08:11:07","guid":{"rendered":"https:\/\/compuviper.mx\/tienda\/producto\/hewlett-packard-enterprise-jw546aae-licencia-hpe-aruba-airwave-lic-aw-electronica-perpetua-para-1-dispositivo-visual-rf-y-rapids\/"},"modified":"2026-04-02T02:11:07","modified_gmt":"2026-04-02T08:11:07","slug":"hewlett-packard-enterprise-jw546aae-licencia-hpe-aruba-airwave-lic-aw-electronica-perpetua-para-1-dispositivo-visual-rf-y-rapids","status":"publish","type":"product","link":"https:\/\/compuviper.mx\/tienda\/producto\/hewlett-packard-enterprise-jw546aae-licencia-hpe-aruba-airwave-lic-aw-electronica-perpetua-para-1-dispositivo-visual-rf-y-rapids\/","title":{"rendered":"Hewlett Packard Enterprise Jw546aae Licencia Hpe Aruba Airwave Lic-aw Electronica &#8211; Perpetua Para 1 Dispositivo Visual Rf Y Rapids"},"content":{"rendered":"<table class=\"descripcion\">\n<tr>\n<td>Tipo de licencia: electr\u00f3nica.<\/td>\n<\/tr>\n<tr>\n<td>Dispositivos: 1.<\/td>\n<\/tr>\n<tr>\n<td>Licencia perpetua: una licencia perpetua no est\u00e1 asociada con una fecha de caducidad. la clave de licencia no caducar\u00e1.<\/td>\n<\/tr>\n<\/table>\n","protected":false},"excerpt":{"rendered":"<p>Aruba airwave es un sistema de operaciones de red f\u00e1cil de usar que gestiona la infraestructura cableada e inal\u00e1mbrica de aruba y una amplia gama de fabricantes de terceros. Tambi\u00e9n incluye visibilidad y controles que permiten optimizar el rendimiento de los dispositivos y las aplicaciones en la red. A trav\u00e9s de una interfaz de usuario centralizada e intuitiva, airwave ofrece monitoreo en tiempo real, alertas proactivas, informes hist\u00f3ricos y soluci\u00f3n de problemas r\u00e1pida y eficiente. Las vistas de panel dedicadas r\u00e1pidamente ayudan a ver posibles problemas de cobertura de rf, comunicaciones unificadas y colaboraci\u00f3n (ucc), el rendimiento de las aplicaciones y la salud de los servicios de red. Vusual rf: la ubicaci\u00f3n y la asignaci\u00f3n ofrecen vistas de toda la red para todo el entorno rf. Los mapas de cobertura wi-fi y la topolog\u00eda cableada subyacente muestran una imagen clara y precisa de qui\u00e9n est\u00e1 en la red, su ubicaci\u00f3n y c\u00f3mo se est\u00e1 ejecutando la red. Las superposiciones muestran la salud del cliente y el rendimiento de la aplicaci\u00f3n para diagnosticar r\u00e1pidamente problemas espec\u00edficos de un cliente, un plano de planta o una ubicaci\u00f3n espec\u00edfica. La detecci\u00f3n de intrusos de airwave rapids funciona con el software de protecci\u00f3n contra intrusiones inal\u00e1mbricas rf de aruba para recolectar datos y mitigar problemas con puntos de acceso no autorizados, clientes no autorizados y eventos de intrusi\u00f3n inal\u00e1mbrica a trav\u00e9s de redes cableadas e inal\u00e1mbricas. Los datos inal\u00e1mbricos recopilados se correlacionan con los datos de la red cableada para identificar las amenazas m\u00e1s significativas y relevantes, al mismo tiempo que se reducen en gran medida los falsos positivos y se refuerza la seguridad de la red<\/p>\n","protected":false},"featured_media":226199,"comment_status":"open","ping_status":"open","template":"","meta":[],"product_cat":[2001,1827],"product_tag":[1568],"acf":[],"yoast_head":"<!-- This site is optimized with the Yoast SEO plugin v21.7 - https:\/\/yoast.com\/wordpress\/plugins\/seo\/ -->\n<title>[ Hewlett Packard Enterprise ] &#129351; Jw546aae Licencia Hpe Aruba Airwave Lic-aw Electronica - Perpetua Para 1 Dispositivo Visual Rf Y Rapids<\/title>\n<meta name=\"description\" content=\"Compra Jw546aae Licencia Hpe Aruba Airwave Lic-aw Electronica - Perpetua Para 1 Dispositivo Visual Rf Y Rapids + Env\u00edo a domicilio + Pago seguro + Garant\u00eda\" \/>\n<meta name=\"robots\" content=\"index, follow, max-snippet:-1, max-image-preview:large, max-video-preview:-1\" \/>\n<link rel=\"canonical\" href=\"https:\/\/compuviper.mx\/tienda\/producto\/hewlett-packard-enterprise-jw546aae-licencia-hpe-aruba-airwave-lic-aw-electronica-perpetua-para-1-dispositivo-visual-rf-y-rapids\/\" \/>\n<meta property=\"og:locale\" content=\"es_MX\" \/>\n<meta property=\"og:type\" content=\"article\" \/>\n<meta property=\"og:title\" content=\"[ Hewlett Packard Enterprise ] &#129351; Jw546aae Licencia Hpe Aruba Airwave Lic-aw Electronica - Perpetua Para 1 Dispositivo Visual Rf Y Rapids\" \/>\n<meta property=\"og:description\" content=\"Compra Jw546aae Licencia Hpe Aruba Airwave Lic-aw Electronica - Perpetua Para 1 Dispositivo Visual Rf Y Rapids + Env\u00edo a domicilio + Pago seguro + Garant\u00eda\" \/>\n<meta property=\"og:url\" content=\"https:\/\/compuviper.mx\/tienda\/producto\/hewlett-packard-enterprise-jw546aae-licencia-hpe-aruba-airwave-lic-aw-electronica-perpetua-para-1-dispositivo-visual-rf-y-rapids\/\" \/>\n<meta property=\"og:site_name\" content=\"Compuviper\" \/>\n<meta property=\"article:publisher\" content=\"https:\/\/www.facebook.com\/compuviper\" \/>\n<meta property=\"og:image\" content=\"https:\/\/compuviper.mx\/tienda\/wp-content\/uploads\/2023\/12\/Licencia-hpe-aruba-airwave-lic-aw-electronica-perpetua-para-1-dispositivo-visual-rf-y-rapids.jpg\" \/>\n\t<meta property=\"og:image:width\" content=\"200\" \/>\n\t<meta property=\"og:image:height\" content=\"200\" \/>\n\t<meta property=\"og:image:type\" content=\"image\/jpeg\" \/>\n<meta name=\"twitter:card\" content=\"summary_large_image\" \/>\n<meta name=\"twitter:label1\" content=\"Precio\" \/>\n\t<meta name=\"twitter:data1\" content=\"&#36;2,759 con IVA\" \/>\n\t<meta name=\"twitter:label2\" content=\"Availability\" \/>\n\t<meta name=\"twitter:data2\" content=\"On backorder\" \/>\n<script type=\"application\/ld+json\" class=\"yoast-schema-graph\">{\"@context\":\"https:\/\/schema.org\",\"@graph\":[{\"@type\":\"WebPage\",\"@id\":\"https:\/\/compuviper.mx\/tienda\/producto\/hewlett-packard-enterprise-jw546aae-licencia-hpe-aruba-airwave-lic-aw-electronica-perpetua-para-1-dispositivo-visual-rf-y-rapids\/\",\"url\":\"https:\/\/compuviper.mx\/tienda\/producto\/hewlett-packard-enterprise-jw546aae-licencia-hpe-aruba-airwave-lic-aw-electronica-perpetua-para-1-dispositivo-visual-rf-y-rapids\/\",\"name\":\"[ Hewlett Packard Enterprise ] &#129351; Jw546aae Licencia Hpe Aruba Airwave Lic-aw Electronica - Perpetua Para 1 Dispositivo Visual Rf Y Rapids\",\"isPartOf\":{\"@id\":\"https:\/\/compuviper.mx\/tienda\/#website\"},\"datePublished\":\"2026-04-02T08:11:07+00:00\",\"dateModified\":\"2026-04-02T08:11:07+00:00\",\"description\":\"Compra Jw546aae Licencia Hpe Aruba Airwave Lic-aw Electronica - Perpetua Para 1 Dispositivo Visual Rf Y Rapids + Env\u00edo a domicilio + Pago seguro + Garant\u00eda\",\"breadcrumb\":{\"@id\":\"https:\/\/compuviper.mx\/tienda\/producto\/hewlett-packard-enterprise-jw546aae-licencia-hpe-aruba-airwave-lic-aw-electronica-perpetua-para-1-dispositivo-visual-rf-y-rapids\/#breadcrumb\"},\"inLanguage\":\"es-MX\",\"potentialAction\":[{\"@type\":\"ReadAction\",\"target\":[\"https:\/\/compuviper.mx\/tienda\/producto\/hewlett-packard-enterprise-jw546aae-licencia-hpe-aruba-airwave-lic-aw-electronica-perpetua-para-1-dispositivo-visual-rf-y-rapids\/\"]}]},{\"@type\":\"BreadcrumbList\",\"@id\":\"https:\/\/compuviper.mx\/tienda\/producto\/hewlett-packard-enterprise-jw546aae-licencia-hpe-aruba-airwave-lic-aw-electronica-perpetua-para-1-dispositivo-visual-rf-y-rapids\/#breadcrumb\",\"itemListElement\":[{\"@type\":\"ListItem\",\"position\":1,\"name\":\"Inicio\",\"item\":\"https:\/\/compuviper.mx\/tienda\/\"},{\"@type\":\"ListItem\",\"position\":2,\"name\":\"Productos\",\"item\":\"https:\/\/compuviper.mx\/tienda\/productos\/\"},{\"@type\":\"ListItem\",\"position\":3,\"name\":\"Software\",\"item\":\"https:\/\/compuviper.mx\/tienda\/categoria-producto\/software\/\"},{\"@type\":\"ListItem\",\"position\":4,\"name\":\"Licenciamiento Electronico\",\"item\":\"https:\/\/compuviper.mx\/tienda\/categoria-producto\/software\/licenciamiento-electronico\/\"},{\"@type\":\"ListItem\",\"position\":5,\"name\":\"Hewlett Packard Enterprise Jw546aae Licencia Hpe Aruba Airwave Lic-aw Electronica &#8211; Perpetua Para 1 Dispositivo Visual Rf Y Rapids\"}]},{\"@type\":\"WebSite\",\"@id\":\"https:\/\/compuviper.mx\/tienda\/#website\",\"url\":\"https:\/\/compuviper.mx\/tienda\/\",\"name\":\"Compuviper\",\"description\":\"Proveedor de Computadoras, Laptops, Servidores, Monitores, Puntos de Venta, Teclados,   Impresoras, T\u00f3ner, C\u00e1maras de Seguridad y m\u00e1s en tu tienda en l\u00ednea\",\"publisher\":{\"@id\":\"https:\/\/compuviper.mx\/tienda\/#organization\"},\"potentialAction\":[{\"@type\":\"SearchAction\",\"target\":{\"@type\":\"EntryPoint\",\"urlTemplate\":\"https:\/\/compuviper.mx\/tienda\/?s={search_term_string}\"},\"query-input\":\"required name=search_term_string\"}],\"inLanguage\":\"es-MX\"},{\"@type\":\"Organization\",\"@id\":\"https:\/\/compuviper.mx\/tienda\/#organization\",\"name\":\"Compuviper\",\"url\":\"https:\/\/compuviper.mx\/tienda\/\",\"logo\":{\"@type\":\"ImageObject\",\"inLanguage\":\"es-MX\",\"@id\":\"https:\/\/compuviper.mx\/tienda\/#\/schema\/logo\/image\/\",\"url\":\"https:\/\/compuviper.mx\/tienda\/wp-content\/uploads\/2021\/08\/Logo-Compuviper-10.png\",\"contentUrl\":\"https:\/\/compuviper.mx\/tienda\/wp-content\/uploads\/2021\/08\/Logo-Compuviper-10.png\",\"width\":1000,\"height\":500,\"caption\":\"Compuviper\"},\"image\":{\"@id\":\"https:\/\/compuviper.mx\/tienda\/#\/schema\/logo\/image\/\"},\"sameAs\":[\"https:\/\/www.facebook.com\/compuviper\",\"https:\/\/www.youtube.com\/channel\/UCf73dERp9Y3cfOq7q8BhLjA?view_as=subscriber\"]}]}<\/script>\n<meta property=\"product:brand\" content=\"HEWLETT PACKARD ENTERPRISE\" \/>\n<meta property=\"product:price:amount\" content=\"2759\" \/>\n<meta property=\"product:price:currency\" content=\"MXN\" \/>\n<meta property=\"og:availability\" content=\"backorder\" \/>\n<meta property=\"product:availability\" content=\"available for order\" \/>\n<meta property=\"product:retailer_item_id\" content=\"JW546AAE\" \/>\n<meta property=\"product:condition\" content=\"new\" \/>\n<!-- \/ Yoast SEO plugin. -->","yoast_head_json":{"title":"[ Hewlett Packard Enterprise ] &#129351; Jw546aae Licencia Hpe Aruba Airwave Lic-aw Electronica - Perpetua Para 1 Dispositivo Visual Rf Y Rapids","description":"Compra Jw546aae Licencia Hpe Aruba Airwave Lic-aw Electronica - Perpetua Para 1 Dispositivo Visual Rf Y Rapids + Env\u00edo a domicilio + Pago seguro + Garant\u00eda","robots":{"index":"index","follow":"follow","max-snippet":"max-snippet:-1","max-image-preview":"max-image-preview:large","max-video-preview":"max-video-preview:-1"},"canonical":"https:\/\/compuviper.mx\/tienda\/producto\/hewlett-packard-enterprise-jw546aae-licencia-hpe-aruba-airwave-lic-aw-electronica-perpetua-para-1-dispositivo-visual-rf-y-rapids\/","og_locale":"es_MX","og_type":"article","og_title":"[ Hewlett Packard Enterprise ] &#129351; Jw546aae Licencia Hpe Aruba Airwave Lic-aw Electronica - Perpetua Para 1 Dispositivo Visual Rf Y Rapids","og_description":"Compra Jw546aae Licencia Hpe Aruba Airwave Lic-aw Electronica - Perpetua Para 1 Dispositivo Visual Rf Y Rapids + Env\u00edo a domicilio + Pago seguro + Garant\u00eda","og_url":"https:\/\/compuviper.mx\/tienda\/producto\/hewlett-packard-enterprise-jw546aae-licencia-hpe-aruba-airwave-lic-aw-electronica-perpetua-para-1-dispositivo-visual-rf-y-rapids\/","og_site_name":"Compuviper","article_publisher":"https:\/\/www.facebook.com\/compuviper","og_image":[{"width":200,"height":200,"url":"https:\/\/compuviper.mx\/tienda\/wp-content\/uploads\/2023\/12\/Licencia-hpe-aruba-airwave-lic-aw-electronica-perpetua-para-1-dispositivo-visual-rf-y-rapids.jpg","type":"image\/jpeg"}],"twitter_card":"summary_large_image","twitter_misc":{"Precio":"&#36;2,759 con IVA","Availability":"On backorder"},"schema":{"@context":"https:\/\/schema.org","@graph":[{"@type":"WebPage","@id":"https:\/\/compuviper.mx\/tienda\/producto\/hewlett-packard-enterprise-jw546aae-licencia-hpe-aruba-airwave-lic-aw-electronica-perpetua-para-1-dispositivo-visual-rf-y-rapids\/","url":"https:\/\/compuviper.mx\/tienda\/producto\/hewlett-packard-enterprise-jw546aae-licencia-hpe-aruba-airwave-lic-aw-electronica-perpetua-para-1-dispositivo-visual-rf-y-rapids\/","name":"[ Hewlett Packard Enterprise ] &#129351; Jw546aae Licencia Hpe Aruba Airwave Lic-aw Electronica - Perpetua Para 1 Dispositivo Visual Rf Y Rapids","isPartOf":{"@id":"https:\/\/compuviper.mx\/tienda\/#website"},"datePublished":"2026-04-02T08:11:07+00:00","dateModified":"2026-04-02T08:11:07+00:00","description":"Compra Jw546aae Licencia Hpe Aruba Airwave Lic-aw Electronica - Perpetua Para 1 Dispositivo Visual Rf Y Rapids + Env\u00edo a domicilio + Pago seguro + Garant\u00eda","breadcrumb":{"@id":"https:\/\/compuviper.mx\/tienda\/producto\/hewlett-packard-enterprise-jw546aae-licencia-hpe-aruba-airwave-lic-aw-electronica-perpetua-para-1-dispositivo-visual-rf-y-rapids\/#breadcrumb"},"inLanguage":"es-MX","potentialAction":[{"@type":"ReadAction","target":["https:\/\/compuviper.mx\/tienda\/producto\/hewlett-packard-enterprise-jw546aae-licencia-hpe-aruba-airwave-lic-aw-electronica-perpetua-para-1-dispositivo-visual-rf-y-rapids\/"]}]},{"@type":"BreadcrumbList","@id":"https:\/\/compuviper.mx\/tienda\/producto\/hewlett-packard-enterprise-jw546aae-licencia-hpe-aruba-airwave-lic-aw-electronica-perpetua-para-1-dispositivo-visual-rf-y-rapids\/#breadcrumb","itemListElement":[{"@type":"ListItem","position":1,"name":"Inicio","item":"https:\/\/compuviper.mx\/tienda\/"},{"@type":"ListItem","position":2,"name":"Productos","item":"https:\/\/compuviper.mx\/tienda\/productos\/"},{"@type":"ListItem","position":3,"name":"Software","item":"https:\/\/compuviper.mx\/tienda\/categoria-producto\/software\/"},{"@type":"ListItem","position":4,"name":"Licenciamiento Electronico","item":"https:\/\/compuviper.mx\/tienda\/categoria-producto\/software\/licenciamiento-electronico\/"},{"@type":"ListItem","position":5,"name":"Hewlett Packard Enterprise Jw546aae Licencia Hpe Aruba Airwave Lic-aw Electronica &#8211; Perpetua Para 1 Dispositivo Visual Rf Y Rapids"}]},{"@type":"WebSite","@id":"https:\/\/compuviper.mx\/tienda\/#website","url":"https:\/\/compuviper.mx\/tienda\/","name":"Compuviper","description":"Proveedor de Computadoras, Laptops, Servidores, Monitores, Puntos de Venta, Teclados,   Impresoras, T\u00f3ner, C\u00e1maras de Seguridad y m\u00e1s en tu tienda en l\u00ednea","publisher":{"@id":"https:\/\/compuviper.mx\/tienda\/#organization"},"potentialAction":[{"@type":"SearchAction","target":{"@type":"EntryPoint","urlTemplate":"https:\/\/compuviper.mx\/tienda\/?s={search_term_string}"},"query-input":"required name=search_term_string"}],"inLanguage":"es-MX"},{"@type":"Organization","@id":"https:\/\/compuviper.mx\/tienda\/#organization","name":"Compuviper","url":"https:\/\/compuviper.mx\/tienda\/","logo":{"@type":"ImageObject","inLanguage":"es-MX","@id":"https:\/\/compuviper.mx\/tienda\/#\/schema\/logo\/image\/","url":"https:\/\/compuviper.mx\/tienda\/wp-content\/uploads\/2021\/08\/Logo-Compuviper-10.png","contentUrl":"https:\/\/compuviper.mx\/tienda\/wp-content\/uploads\/2021\/08\/Logo-Compuviper-10.png","width":1000,"height":500,"caption":"Compuviper"},"image":{"@id":"https:\/\/compuviper.mx\/tienda\/#\/schema\/logo\/image\/"},"sameAs":["https:\/\/www.facebook.com\/compuviper","https:\/\/www.youtube.com\/channel\/UCf73dERp9Y3cfOq7q8BhLjA?view_as=subscriber"]}]},"product_brand":"HEWLETT PACKARD ENTERPRISE","product_price_amount":"2759","product_price_currency":"MXN","og_availability":"backorder","product_availability":"available for order","product_retailer_item_id":"JW546AAE","product_condition":"new"},"_links":{"self":[{"href":"https:\/\/compuviper.mx\/tienda\/wp-json\/wp\/v2\/product\/226198"}],"collection":[{"href":"https:\/\/compuviper.mx\/tienda\/wp-json\/wp\/v2\/product"}],"about":[{"href":"https:\/\/compuviper.mx\/tienda\/wp-json\/wp\/v2\/types\/product"}],"replies":[{"embeddable":true,"href":"https:\/\/compuviper.mx\/tienda\/wp-json\/wp\/v2\/comments?post=226198"}],"wp:featuredmedia":[{"embeddable":true,"href":"https:\/\/compuviper.mx\/tienda\/wp-json\/wp\/v2\/media\/226199"}],"wp:attachment":[{"href":"https:\/\/compuviper.mx\/tienda\/wp-json\/wp\/v2\/media?parent=226198"}],"wp:term":[{"taxonomy":"product_cat","embeddable":true,"href":"https:\/\/compuviper.mx\/tienda\/wp-json\/wp\/v2\/product_cat?post=226198"},{"taxonomy":"product_tag","embeddable":true,"href":"https:\/\/compuviper.mx\/tienda\/wp-json\/wp\/v2\/product_tag?post=226198"}],"curies":[{"name":"wp","href":"https:\/\/api.w.org\/{rel}","templated":true}]}}