{"id":226164,"date":"2026-04-02T02:11:00","date_gmt":"2026-04-02T08:11:00","guid":{"rendered":"https:\/\/compuviper.mx\/tienda\/producto\/hewlett-packard-enterprise-q9y64aae-suscripcion-hpe-aruba-central-e-stu-ap-advanced-36-meses-electronica\/"},"modified":"2026-04-02T02:11:01","modified_gmt":"2026-04-02T08:11:01","slug":"hewlett-packard-enterprise-q9y64aae-suscripcion-hpe-aruba-central-e-stu-ap-advanced-36-meses-electronica","status":"publish","type":"product","link":"https:\/\/compuviper.mx\/tienda\/producto\/hewlett-packard-enterprise-q9y64aae-suscripcion-hpe-aruba-central-e-stu-ap-advanced-36-meses-electronica\/","title":{"rendered":"Hewlett Packard Enterprise Q9y64aae Suscripcion Hpe Aruba  Central E-stu Ap Advanced 36 Meses &#8211; Electronica"},"content":{"rendered":"<table class=\"descripcion\">\n<tr>\n<td>Compatible unicamente con access point aruba<\/td>\n<\/tr>\n<tr>\n<td>Periodo: 36 meses.<\/td>\n<\/tr>\n<tr>\n<td>Tipo: suscripci\u00f3n<\/td>\n<\/tr>\n<tr>\n<td>Se env\u00eda c\u00f3digo de activaci\u00f3n electr\u00f3nico.<\/td>\n<\/tr>\n<tr>\n<td>Detalles:<\/td>\n<\/tr>\n<tr>\n<td>Configuraci\u00f3n<\/td>\n<\/tr>\n<tr>\n<td>Monitoreo, informes, resoluci\u00f3n de problemas (mrt)<\/td>\n<\/tr>\n<tr>\n<td>Topolog\u00eda<\/td>\n<\/tr>\n<tr>\n<td>Captura de paquetes en vivo<\/td>\n<\/tr>\n<tr>\n<td>Apprf<\/td>\n<\/tr>\n<tr>\n<td>Visualrf<\/td>\n<\/tr>\n<tr>\n<td>Arm y clientmatch<\/td>\n<\/tr>\n<tr>\n<td>Integraci\u00f3n uxi<\/td>\n<\/tr>\n<tr>\n<td>Perfiles de clientes basados en cpdi<\/td>\n<\/tr>\n<tr>\n<td>Nbapi (1000 llamadas \/ d\u00eda)<\/td>\n<\/tr>\n<tr>\n<td>An\u00e1lisis de presencia<\/td>\n<\/tr>\n<tr>\n<td>Reglas de firewall de webcc<\/td>\n<\/tr>\n<tr>\n<td>Incorporaci\u00f3n de invitados a la nube<\/td>\n<\/tr>\n<tr>\n<td>Ai insights (connectivity, device, client, rf y tunnel insights)<\/td>\n<\/tr>\n<tr>\n<td>B\u00fasqueda de ia<\/td>\n<\/tr>\n<tr>\n<td>Monitor de espectro \/ aire<\/td>\n<\/tr>\n<tr>\n<td>R\u00e1pidos<\/td>\n<\/tr>\n<tr>\n<td>Seguimiento de contactos<\/td>\n<\/tr>\n<tr>\n<td>Soporte de software: ap y central<\/td>\n<\/tr>\n<tr>\n<td>Airgroup (basado en iap)<\/td>\n<\/tr>\n<tr>\n<td>Ucc (solo priorizaci\u00f3n de medios basada en heur\u00edstica)<\/td>\n<\/tr>\n<\/table>\n","protected":false},"excerpt":{"rendered":"<p>Aruba central es una potente soluci\u00f3n de red en la nube que ofrece una simplicidad incomparable para las redes actuales. Como consola de administraci\u00f3n y orquestaci\u00f3n para aruba esp (edge services platform), aruba central proporciona un \u00fanico panel para supervisar todos los aspectos de las lan, wan y vpn cableadas e inal\u00e1mbricas en las ubicaciones de campus, sucursales y oficinas remotas. La anal\u00edtica impulsada por ia, la orquestaci\u00f3n y automatizaci\u00f3n de un extremo a otro y las funciones de seguridad avanzadas est\u00e1n integradas de forma nativa en la soluci\u00f3n. Tambi\u00e9n se incluyen actualizaciones en vivo, informes s\u00f3lidos y soporte de chat en vivo, lo que brinda m\u00e1s eficiencia a las actividades de mantenimiento diarias. Construido sobre una arquitectura de microservicios nativa de la nube, aruba central cumple con los requisitos empresariales de escala y resiliencia, pero tambi\u00e9n se basa en flujos de trabajo intuitivos y paneles de control que lo hacen perfecto para las pymes con personal de ti limitado. Entonces, ya sea que tenga una ubicaci\u00f3n comercial o varios cientos, ti puede dedicar menos tiempo a administrar la infraestructura de red y m\u00e1s tiempo a crear valor para la empresa.<\/p>\n","protected":false},"featured_media":226165,"comment_status":"open","ping_status":"open","template":"","meta":[],"product_cat":[2001,1827],"product_tag":[1568],"acf":[],"yoast_head":"<!-- This site is optimized with the Yoast SEO plugin v21.7 - https:\/\/yoast.com\/wordpress\/plugins\/seo\/ -->\n<title>[ Hewlett Packard Enterprise ] &#129351; Q9y64aae Suscripcion Hpe Aruba Central E-stu Ap Advanced 36 Meses - Electronica<\/title>\n<meta name=\"description\" content=\"Compra Q9y64aae Suscripcion Hpe Aruba Central E-stu Ap Advanced 36 Meses - Electronica + Env\u00edo a domicilio + Pago seguro + Garant\u00eda\" \/>\n<meta name=\"robots\" content=\"index, follow, max-snippet:-1, max-image-preview:large, max-video-preview:-1\" \/>\n<link rel=\"canonical\" href=\"https:\/\/compuviper.mx\/tienda\/producto\/hewlett-packard-enterprise-q9y64aae-suscripcion-hpe-aruba-central-e-stu-ap-advanced-36-meses-electronica\/\" \/>\n<meta property=\"og:locale\" content=\"es_MX\" \/>\n<meta property=\"og:type\" content=\"article\" \/>\n<meta property=\"og:title\" content=\"[ Hewlett Packard Enterprise ] &#129351; Q9y64aae Suscripcion Hpe Aruba Central E-stu Ap Advanced 36 Meses - Electronica\" \/>\n<meta property=\"og:description\" content=\"Compra Q9y64aae Suscripcion Hpe Aruba Central E-stu Ap Advanced 36 Meses - Electronica + Env\u00edo a domicilio + Pago seguro + Garant\u00eda\" \/>\n<meta property=\"og:url\" content=\"https:\/\/compuviper.mx\/tienda\/producto\/hewlett-packard-enterprise-q9y64aae-suscripcion-hpe-aruba-central-e-stu-ap-advanced-36-meses-electronica\/\" \/>\n<meta property=\"og:site_name\" content=\"Compuviper\" \/>\n<meta property=\"article:publisher\" content=\"https:\/\/www.facebook.com\/compuviper\" \/>\n<meta property=\"article:modified_time\" content=\"2026-04-02T08:11:01+00:00\" \/>\n<meta property=\"og:image\" content=\"https:\/\/compuviper.mx\/tienda\/wp-content\/uploads\/2023\/12\/Suscripcion-hpe-aruba-q9y64aae-central-e-stu-ap-advanced-36-meses-electronica.jpg\" \/>\n\t<meta property=\"og:image:width\" content=\"200\" \/>\n\t<meta property=\"og:image:height\" content=\"200\" \/>\n\t<meta property=\"og:image:type\" content=\"image\/jpeg\" \/>\n<meta name=\"twitter:card\" content=\"summary_large_image\" \/>\n<meta name=\"twitter:label1\" content=\"Precio\" \/>\n\t<meta name=\"twitter:data1\" content=\"&#36;9,185 con IVA\" \/>\n\t<meta name=\"twitter:label2\" content=\"Availability\" \/>\n\t<meta name=\"twitter:data2\" content=\"On backorder\" \/>\n<script type=\"application\/ld+json\" class=\"yoast-schema-graph\">{\"@context\":\"https:\/\/schema.org\",\"@graph\":[{\"@type\":\"WebPage\",\"@id\":\"https:\/\/compuviper.mx\/tienda\/producto\/hewlett-packard-enterprise-q9y64aae-suscripcion-hpe-aruba-central-e-stu-ap-advanced-36-meses-electronica\/\",\"url\":\"https:\/\/compuviper.mx\/tienda\/producto\/hewlett-packard-enterprise-q9y64aae-suscripcion-hpe-aruba-central-e-stu-ap-advanced-36-meses-electronica\/\",\"name\":\"[ Hewlett Packard Enterprise ] &#129351; Q9y64aae Suscripcion Hpe Aruba Central E-stu Ap Advanced 36 Meses - Electronica\",\"isPartOf\":{\"@id\":\"https:\/\/compuviper.mx\/tienda\/#website\"},\"datePublished\":\"2026-04-02T08:11:00+00:00\",\"dateModified\":\"2026-04-02T08:11:01+00:00\",\"description\":\"Compra Q9y64aae Suscripcion Hpe Aruba Central E-stu Ap Advanced 36 Meses - Electronica + Env\u00edo a domicilio + Pago seguro + Garant\u00eda\",\"breadcrumb\":{\"@id\":\"https:\/\/compuviper.mx\/tienda\/producto\/hewlett-packard-enterprise-q9y64aae-suscripcion-hpe-aruba-central-e-stu-ap-advanced-36-meses-electronica\/#breadcrumb\"},\"inLanguage\":\"es-MX\",\"potentialAction\":[{\"@type\":\"ReadAction\",\"target\":[\"https:\/\/compuviper.mx\/tienda\/producto\/hewlett-packard-enterprise-q9y64aae-suscripcion-hpe-aruba-central-e-stu-ap-advanced-36-meses-electronica\/\"]}]},{\"@type\":\"BreadcrumbList\",\"@id\":\"https:\/\/compuviper.mx\/tienda\/producto\/hewlett-packard-enterprise-q9y64aae-suscripcion-hpe-aruba-central-e-stu-ap-advanced-36-meses-electronica\/#breadcrumb\",\"itemListElement\":[{\"@type\":\"ListItem\",\"position\":1,\"name\":\"Inicio\",\"item\":\"https:\/\/compuviper.mx\/tienda\/\"},{\"@type\":\"ListItem\",\"position\":2,\"name\":\"Productos\",\"item\":\"https:\/\/compuviper.mx\/tienda\/productos\/\"},{\"@type\":\"ListItem\",\"position\":3,\"name\":\"Software\",\"item\":\"https:\/\/compuviper.mx\/tienda\/categoria-producto\/software\/\"},{\"@type\":\"ListItem\",\"position\":4,\"name\":\"Licenciamiento Electronico\",\"item\":\"https:\/\/compuviper.mx\/tienda\/categoria-producto\/software\/licenciamiento-electronico\/\"},{\"@type\":\"ListItem\",\"position\":5,\"name\":\"Hewlett Packard Enterprise Q9y64aae Suscripcion Hpe Aruba Central E-stu Ap Advanced 36 Meses &#8211; Electronica\"}]},{\"@type\":\"WebSite\",\"@id\":\"https:\/\/compuviper.mx\/tienda\/#website\",\"url\":\"https:\/\/compuviper.mx\/tienda\/\",\"name\":\"Compuviper\",\"description\":\"Proveedor de Computadoras, Laptops, Servidores, Monitores, Puntos de Venta, Teclados,   Impresoras, T\u00f3ner, C\u00e1maras de Seguridad y m\u00e1s en tu tienda en l\u00ednea\",\"publisher\":{\"@id\":\"https:\/\/compuviper.mx\/tienda\/#organization\"},\"potentialAction\":[{\"@type\":\"SearchAction\",\"target\":{\"@type\":\"EntryPoint\",\"urlTemplate\":\"https:\/\/compuviper.mx\/tienda\/?s={search_term_string}\"},\"query-input\":\"required name=search_term_string\"}],\"inLanguage\":\"es-MX\"},{\"@type\":\"Organization\",\"@id\":\"https:\/\/compuviper.mx\/tienda\/#organization\",\"name\":\"Compuviper\",\"url\":\"https:\/\/compuviper.mx\/tienda\/\",\"logo\":{\"@type\":\"ImageObject\",\"inLanguage\":\"es-MX\",\"@id\":\"https:\/\/compuviper.mx\/tienda\/#\/schema\/logo\/image\/\",\"url\":\"https:\/\/compuviper.mx\/tienda\/wp-content\/uploads\/2021\/08\/Logo-Compuviper-10.png\",\"contentUrl\":\"https:\/\/compuviper.mx\/tienda\/wp-content\/uploads\/2021\/08\/Logo-Compuviper-10.png\",\"width\":1000,\"height\":500,\"caption\":\"Compuviper\"},\"image\":{\"@id\":\"https:\/\/compuviper.mx\/tienda\/#\/schema\/logo\/image\/\"},\"sameAs\":[\"https:\/\/www.facebook.com\/compuviper\",\"https:\/\/www.youtube.com\/channel\/UCf73dERp9Y3cfOq7q8BhLjA?view_as=subscriber\"]}]}<\/script>\n<meta property=\"product:brand\" content=\"HEWLETT PACKARD ENTERPRISE\" \/>\n<meta property=\"product:price:amount\" content=\"9185\" \/>\n<meta property=\"product:price:currency\" content=\"MXN\" \/>\n<meta property=\"og:availability\" content=\"backorder\" \/>\n<meta property=\"product:availability\" content=\"available for order\" \/>\n<meta property=\"product:retailer_item_id\" content=\"Q9Y64AAE\" \/>\n<meta property=\"product:condition\" content=\"new\" \/>\n<!-- \/ Yoast SEO plugin. -->","yoast_head_json":{"title":"[ Hewlett Packard Enterprise ] &#129351; Q9y64aae Suscripcion Hpe Aruba Central E-stu Ap Advanced 36 Meses - Electronica","description":"Compra Q9y64aae Suscripcion Hpe Aruba Central E-stu Ap Advanced 36 Meses - Electronica + Env\u00edo a domicilio + Pago seguro + Garant\u00eda","robots":{"index":"index","follow":"follow","max-snippet":"max-snippet:-1","max-image-preview":"max-image-preview:large","max-video-preview":"max-video-preview:-1"},"canonical":"https:\/\/compuviper.mx\/tienda\/producto\/hewlett-packard-enterprise-q9y64aae-suscripcion-hpe-aruba-central-e-stu-ap-advanced-36-meses-electronica\/","og_locale":"es_MX","og_type":"article","og_title":"[ Hewlett Packard Enterprise ] &#129351; Q9y64aae Suscripcion Hpe Aruba Central E-stu Ap Advanced 36 Meses - Electronica","og_description":"Compra Q9y64aae Suscripcion Hpe Aruba Central E-stu Ap Advanced 36 Meses - Electronica + Env\u00edo a domicilio + Pago seguro + Garant\u00eda","og_url":"https:\/\/compuviper.mx\/tienda\/producto\/hewlett-packard-enterprise-q9y64aae-suscripcion-hpe-aruba-central-e-stu-ap-advanced-36-meses-electronica\/","og_site_name":"Compuviper","article_publisher":"https:\/\/www.facebook.com\/compuviper","article_modified_time":"2026-04-02T08:11:01+00:00","og_image":[{"width":200,"height":200,"url":"https:\/\/compuviper.mx\/tienda\/wp-content\/uploads\/2023\/12\/Suscripcion-hpe-aruba-q9y64aae-central-e-stu-ap-advanced-36-meses-electronica.jpg","type":"image\/jpeg"}],"twitter_card":"summary_large_image","twitter_misc":{"Precio":"&#36;9,185 con IVA","Availability":"On backorder"},"schema":{"@context":"https:\/\/schema.org","@graph":[{"@type":"WebPage","@id":"https:\/\/compuviper.mx\/tienda\/producto\/hewlett-packard-enterprise-q9y64aae-suscripcion-hpe-aruba-central-e-stu-ap-advanced-36-meses-electronica\/","url":"https:\/\/compuviper.mx\/tienda\/producto\/hewlett-packard-enterprise-q9y64aae-suscripcion-hpe-aruba-central-e-stu-ap-advanced-36-meses-electronica\/","name":"[ Hewlett Packard Enterprise ] &#129351; Q9y64aae Suscripcion Hpe Aruba Central E-stu Ap Advanced 36 Meses - Electronica","isPartOf":{"@id":"https:\/\/compuviper.mx\/tienda\/#website"},"datePublished":"2026-04-02T08:11:00+00:00","dateModified":"2026-04-02T08:11:01+00:00","description":"Compra Q9y64aae Suscripcion Hpe Aruba Central E-stu Ap Advanced 36 Meses - Electronica + Env\u00edo a domicilio + Pago seguro + Garant\u00eda","breadcrumb":{"@id":"https:\/\/compuviper.mx\/tienda\/producto\/hewlett-packard-enterprise-q9y64aae-suscripcion-hpe-aruba-central-e-stu-ap-advanced-36-meses-electronica\/#breadcrumb"},"inLanguage":"es-MX","potentialAction":[{"@type":"ReadAction","target":["https:\/\/compuviper.mx\/tienda\/producto\/hewlett-packard-enterprise-q9y64aae-suscripcion-hpe-aruba-central-e-stu-ap-advanced-36-meses-electronica\/"]}]},{"@type":"BreadcrumbList","@id":"https:\/\/compuviper.mx\/tienda\/producto\/hewlett-packard-enterprise-q9y64aae-suscripcion-hpe-aruba-central-e-stu-ap-advanced-36-meses-electronica\/#breadcrumb","itemListElement":[{"@type":"ListItem","position":1,"name":"Inicio","item":"https:\/\/compuviper.mx\/tienda\/"},{"@type":"ListItem","position":2,"name":"Productos","item":"https:\/\/compuviper.mx\/tienda\/productos\/"},{"@type":"ListItem","position":3,"name":"Software","item":"https:\/\/compuviper.mx\/tienda\/categoria-producto\/software\/"},{"@type":"ListItem","position":4,"name":"Licenciamiento Electronico","item":"https:\/\/compuviper.mx\/tienda\/categoria-producto\/software\/licenciamiento-electronico\/"},{"@type":"ListItem","position":5,"name":"Hewlett Packard Enterprise Q9y64aae Suscripcion Hpe Aruba Central E-stu Ap Advanced 36 Meses &#8211; Electronica"}]},{"@type":"WebSite","@id":"https:\/\/compuviper.mx\/tienda\/#website","url":"https:\/\/compuviper.mx\/tienda\/","name":"Compuviper","description":"Proveedor de Computadoras, Laptops, Servidores, Monitores, Puntos de Venta, Teclados,   Impresoras, T\u00f3ner, C\u00e1maras de Seguridad y m\u00e1s en tu tienda en l\u00ednea","publisher":{"@id":"https:\/\/compuviper.mx\/tienda\/#organization"},"potentialAction":[{"@type":"SearchAction","target":{"@type":"EntryPoint","urlTemplate":"https:\/\/compuviper.mx\/tienda\/?s={search_term_string}"},"query-input":"required name=search_term_string"}],"inLanguage":"es-MX"},{"@type":"Organization","@id":"https:\/\/compuviper.mx\/tienda\/#organization","name":"Compuviper","url":"https:\/\/compuviper.mx\/tienda\/","logo":{"@type":"ImageObject","inLanguage":"es-MX","@id":"https:\/\/compuviper.mx\/tienda\/#\/schema\/logo\/image\/","url":"https:\/\/compuviper.mx\/tienda\/wp-content\/uploads\/2021\/08\/Logo-Compuviper-10.png","contentUrl":"https:\/\/compuviper.mx\/tienda\/wp-content\/uploads\/2021\/08\/Logo-Compuviper-10.png","width":1000,"height":500,"caption":"Compuviper"},"image":{"@id":"https:\/\/compuviper.mx\/tienda\/#\/schema\/logo\/image\/"},"sameAs":["https:\/\/www.facebook.com\/compuviper","https:\/\/www.youtube.com\/channel\/UCf73dERp9Y3cfOq7q8BhLjA?view_as=subscriber"]}]},"product_brand":"HEWLETT PACKARD ENTERPRISE","product_price_amount":"9185","product_price_currency":"MXN","og_availability":"backorder","product_availability":"available for order","product_retailer_item_id":"Q9Y64AAE","product_condition":"new"},"_links":{"self":[{"href":"https:\/\/compuviper.mx\/tienda\/wp-json\/wp\/v2\/product\/226164"}],"collection":[{"href":"https:\/\/compuviper.mx\/tienda\/wp-json\/wp\/v2\/product"}],"about":[{"href":"https:\/\/compuviper.mx\/tienda\/wp-json\/wp\/v2\/types\/product"}],"replies":[{"embeddable":true,"href":"https:\/\/compuviper.mx\/tienda\/wp-json\/wp\/v2\/comments?post=226164"}],"wp:featuredmedia":[{"embeddable":true,"href":"https:\/\/compuviper.mx\/tienda\/wp-json\/wp\/v2\/media\/226165"}],"wp:attachment":[{"href":"https:\/\/compuviper.mx\/tienda\/wp-json\/wp\/v2\/media?parent=226164"}],"wp:term":[{"taxonomy":"product_cat","embeddable":true,"href":"https:\/\/compuviper.mx\/tienda\/wp-json\/wp\/v2\/product_cat?post=226164"},{"taxonomy":"product_tag","embeddable":true,"href":"https:\/\/compuviper.mx\/tienda\/wp-json\/wp\/v2\/product_tag?post=226164"}],"curies":[{"name":"wp","href":"https:\/\/api.w.org\/{rel}","templated":true}]}}