{"id":225958,"date":"2026-04-02T02:10:41","date_gmt":"2026-04-02T08:10:41","guid":{"rendered":"https:\/\/compuviper.mx\/tienda\/producto\/aspel-prod1af-prod-5-0-actualizacin-paquete-base-fsico\/"},"modified":"2026-04-02T02:10:41","modified_gmt":"2026-04-02T08:10:41","slug":"aspel-prod1af-prod-5-0-actualizacin-paquete-base-fsico","status":"publish","type":"product","link":"https:\/\/compuviper.mx\/tienda\/producto\/aspel-prod1af-prod-5-0-actualizacin-paquete-base-fsico\/","title":{"rendered":"Aspel Prod1af  Prod 5.0 Actualizaci?n Paquete Base (f?sico)"},"content":{"rendered":"<table class=\"descripcion\">\n<tr>\n<td>Informacion tecnica actualizacion sistema base :<\/td>\n<\/tr>\n<tr>\n<td>Manejo a traves de hojas de costos las materias primas, mano de obra y otros insumos permite calcular costos estimados antes de producirlo controla el seguimiento de las ordenes de produccion determina la cantidad de cada insumo requerido conficencialidad de la informacion con claves de acceso al sistema<\/td>\n<\/tr>\n<\/table>\n","protected":false},"excerpt":{"rendered":"<p>Es un sistema que te ayuda a planear, controlar y optimizar los procesos de produccion de tu empresa, con la finalidad de optimizar consumos de materiales y asi tener una mejor planeacion y control en la administracion de costos de la produccion.<\/p>\n","protected":false},"featured_media":225959,"comment_status":"open","ping_status":"open","template":"","meta":[],"product_cat":[1828,1827],"product_tag":[1875],"acf":[],"yoast_head":"<!-- This site is optimized with the Yoast SEO plugin v21.7 - https:\/\/yoast.com\/wordpress\/plugins\/seo\/ -->\n<title>[ Aspel ] &#129351; Prod1af Prod 5.0 Actualizaci\u00f3n Paquete Base (f\u00edsico)<\/title>\n<meta name=\"description\" content=\"Compra Prod1af Prod 5.0 Actualizaci\u00f3n Paquete Base (f\u00edsico) + Env\u00edo a domicilio + Pago seguro + Garant\u00eda\" \/>\n<meta name=\"robots\" content=\"index, follow, max-snippet:-1, max-image-preview:large, max-video-preview:-1\" \/>\n<link rel=\"canonical\" href=\"https:\/\/compuviper.mx\/tienda\/producto\/aspel-prod1af-prod-5-0-actualizacin-paquete-base-fsico\/\" \/>\n<meta property=\"og:locale\" content=\"es_MX\" \/>\n<meta property=\"og:type\" content=\"article\" \/>\n<meta property=\"og:title\" content=\"[ Aspel ] &#129351; Prod1af Prod 5.0 Actualizaci\u00f3n Paquete Base (f\u00edsico)\" \/>\n<meta property=\"og:description\" content=\"Compra Prod1af Prod 5.0 Actualizaci\u00f3n Paquete Base (f\u00edsico) + Env\u00edo a domicilio + Pago seguro + Garant\u00eda\" \/>\n<meta property=\"og:url\" content=\"https:\/\/compuviper.mx\/tienda\/producto\/aspel-prod1af-prod-5-0-actualizacin-paquete-base-fsico\/\" \/>\n<meta property=\"og:site_name\" content=\"Compuviper\" \/>\n<meta property=\"article:publisher\" content=\"https:\/\/www.facebook.com\/compuviper\" \/>\n<meta property=\"og:image\" content=\"https:\/\/compuviper.mx\/tienda\/wp-content\/uploads\/2023\/12\/Aspel-prod-5.0-actualizacion-paquete-base-fisico.jpg\" \/>\n\t<meta property=\"og:image:width\" content=\"200\" \/>\n\t<meta property=\"og:image:height\" content=\"200\" \/>\n\t<meta property=\"og:image:type\" content=\"image\/jpeg\" \/>\n<meta name=\"twitter:card\" content=\"summary_large_image\" \/>\n<meta name=\"twitter:label1\" content=\"Precio\" \/>\n\t<meta name=\"twitter:data1\" content=\"&#36;9,241 con IVA\" \/>\n\t<meta name=\"twitter:label2\" content=\"Availability\" \/>\n\t<meta name=\"twitter:data2\" content=\"On backorder\" \/>\n<script type=\"application\/ld+json\" class=\"yoast-schema-graph\">{\"@context\":\"https:\/\/schema.org\",\"@graph\":[{\"@type\":\"WebPage\",\"@id\":\"https:\/\/compuviper.mx\/tienda\/producto\/aspel-prod1af-prod-5-0-actualizacin-paquete-base-fsico\/\",\"url\":\"https:\/\/compuviper.mx\/tienda\/producto\/aspel-prod1af-prod-5-0-actualizacin-paquete-base-fsico\/\",\"name\":\"[ Aspel ] &#129351; Prod1af Prod 5.0 Actualizaci\u00f3n Paquete Base (f\u00edsico)\",\"isPartOf\":{\"@id\":\"https:\/\/compuviper.mx\/tienda\/#website\"},\"datePublished\":\"2026-04-02T08:10:41+00:00\",\"dateModified\":\"2026-04-02T08:10:41+00:00\",\"description\":\"Compra Prod1af Prod 5.0 Actualizaci\u00f3n Paquete Base (f\u00edsico) + Env\u00edo a domicilio + Pago seguro + Garant\u00eda\",\"breadcrumb\":{\"@id\":\"https:\/\/compuviper.mx\/tienda\/producto\/aspel-prod1af-prod-5-0-actualizacin-paquete-base-fsico\/#breadcrumb\"},\"inLanguage\":\"es-MX\",\"potentialAction\":[{\"@type\":\"ReadAction\",\"target\":[\"https:\/\/compuviper.mx\/tienda\/producto\/aspel-prod1af-prod-5-0-actualizacin-paquete-base-fsico\/\"]}]},{\"@type\":\"BreadcrumbList\",\"@id\":\"https:\/\/compuviper.mx\/tienda\/producto\/aspel-prod1af-prod-5-0-actualizacin-paquete-base-fsico\/#breadcrumb\",\"itemListElement\":[{\"@type\":\"ListItem\",\"position\":1,\"name\":\"Inicio\",\"item\":\"https:\/\/compuviper.mx\/tienda\/\"},{\"@type\":\"ListItem\",\"position\":2,\"name\":\"Productos\",\"item\":\"https:\/\/compuviper.mx\/tienda\/productos\/\"},{\"@type\":\"ListItem\",\"position\":3,\"name\":\"Software\",\"item\":\"https:\/\/compuviper.mx\/tienda\/categoria-producto\/software\/\"},{\"@type\":\"ListItem\",\"position\":4,\"name\":\"Licenciamiento Caja\",\"item\":\"https:\/\/compuviper.mx\/tienda\/categoria-producto\/software\/licenciamiento-caja\/\"},{\"@type\":\"ListItem\",\"position\":5,\"name\":\"Aspel Prod1af Prod 5.0 Actualizaci?n Paquete Base (f?sico)\"}]},{\"@type\":\"WebSite\",\"@id\":\"https:\/\/compuviper.mx\/tienda\/#website\",\"url\":\"https:\/\/compuviper.mx\/tienda\/\",\"name\":\"Compuviper\",\"description\":\"Proveedor de Computadoras, Laptops, Servidores, Monitores, Puntos de Venta, Teclados,   Impresoras, T\u00f3ner, C\u00e1maras de Seguridad y m\u00e1s en tu tienda en l\u00ednea\",\"publisher\":{\"@id\":\"https:\/\/compuviper.mx\/tienda\/#organization\"},\"potentialAction\":[{\"@type\":\"SearchAction\",\"target\":{\"@type\":\"EntryPoint\",\"urlTemplate\":\"https:\/\/compuviper.mx\/tienda\/?s={search_term_string}\"},\"query-input\":\"required name=search_term_string\"}],\"inLanguage\":\"es-MX\"},{\"@type\":\"Organization\",\"@id\":\"https:\/\/compuviper.mx\/tienda\/#organization\",\"name\":\"Compuviper\",\"url\":\"https:\/\/compuviper.mx\/tienda\/\",\"logo\":{\"@type\":\"ImageObject\",\"inLanguage\":\"es-MX\",\"@id\":\"https:\/\/compuviper.mx\/tienda\/#\/schema\/logo\/image\/\",\"url\":\"https:\/\/compuviper.mx\/tienda\/wp-content\/uploads\/2021\/08\/Logo-Compuviper-10.png\",\"contentUrl\":\"https:\/\/compuviper.mx\/tienda\/wp-content\/uploads\/2021\/08\/Logo-Compuviper-10.png\",\"width\":1000,\"height\":500,\"caption\":\"Compuviper\"},\"image\":{\"@id\":\"https:\/\/compuviper.mx\/tienda\/#\/schema\/logo\/image\/\"},\"sameAs\":[\"https:\/\/www.facebook.com\/compuviper\",\"https:\/\/www.youtube.com\/channel\/UCf73dERp9Y3cfOq7q8BhLjA?view_as=subscriber\"]}]}<\/script>\n<meta property=\"product:brand\" content=\"ASPEL\" \/>\n<meta property=\"product:price:amount\" content=\"9241\" \/>\n<meta property=\"product:price:currency\" content=\"MXN\" \/>\n<meta property=\"og:availability\" content=\"backorder\" \/>\n<meta property=\"product:availability\" content=\"available for order\" \/>\n<meta property=\"product:retailer_item_id\" content=\"PROD1AF\" \/>\n<meta property=\"product:condition\" content=\"new\" \/>\n<!-- \/ Yoast SEO plugin. -->","yoast_head_json":{"title":"[ Aspel ] &#129351; Prod1af Prod 5.0 Actualizaci\u00f3n Paquete Base (f\u00edsico)","description":"Compra Prod1af Prod 5.0 Actualizaci\u00f3n Paquete Base (f\u00edsico) + Env\u00edo a domicilio + Pago seguro + Garant\u00eda","robots":{"index":"index","follow":"follow","max-snippet":"max-snippet:-1","max-image-preview":"max-image-preview:large","max-video-preview":"max-video-preview:-1"},"canonical":"https:\/\/compuviper.mx\/tienda\/producto\/aspel-prod1af-prod-5-0-actualizacin-paquete-base-fsico\/","og_locale":"es_MX","og_type":"article","og_title":"[ Aspel ] &#129351; Prod1af Prod 5.0 Actualizaci\u00f3n Paquete Base (f\u00edsico)","og_description":"Compra Prod1af Prod 5.0 Actualizaci\u00f3n Paquete Base (f\u00edsico) + Env\u00edo a domicilio + Pago seguro + Garant\u00eda","og_url":"https:\/\/compuviper.mx\/tienda\/producto\/aspel-prod1af-prod-5-0-actualizacin-paquete-base-fsico\/","og_site_name":"Compuviper","article_publisher":"https:\/\/www.facebook.com\/compuviper","og_image":[{"width":200,"height":200,"url":"https:\/\/compuviper.mx\/tienda\/wp-content\/uploads\/2023\/12\/Aspel-prod-5.0-actualizacion-paquete-base-fisico.jpg","type":"image\/jpeg"}],"twitter_card":"summary_large_image","twitter_misc":{"Precio":"&#36;9,241 con IVA","Availability":"On backorder"},"schema":{"@context":"https:\/\/schema.org","@graph":[{"@type":"WebPage","@id":"https:\/\/compuviper.mx\/tienda\/producto\/aspel-prod1af-prod-5-0-actualizacin-paquete-base-fsico\/","url":"https:\/\/compuviper.mx\/tienda\/producto\/aspel-prod1af-prod-5-0-actualizacin-paquete-base-fsico\/","name":"[ Aspel ] &#129351; Prod1af Prod 5.0 Actualizaci\u00f3n Paquete Base (f\u00edsico)","isPartOf":{"@id":"https:\/\/compuviper.mx\/tienda\/#website"},"datePublished":"2026-04-02T08:10:41+00:00","dateModified":"2026-04-02T08:10:41+00:00","description":"Compra Prod1af Prod 5.0 Actualizaci\u00f3n Paquete Base (f\u00edsico) + Env\u00edo a domicilio + Pago seguro + Garant\u00eda","breadcrumb":{"@id":"https:\/\/compuviper.mx\/tienda\/producto\/aspel-prod1af-prod-5-0-actualizacin-paquete-base-fsico\/#breadcrumb"},"inLanguage":"es-MX","potentialAction":[{"@type":"ReadAction","target":["https:\/\/compuviper.mx\/tienda\/producto\/aspel-prod1af-prod-5-0-actualizacin-paquete-base-fsico\/"]}]},{"@type":"BreadcrumbList","@id":"https:\/\/compuviper.mx\/tienda\/producto\/aspel-prod1af-prod-5-0-actualizacin-paquete-base-fsico\/#breadcrumb","itemListElement":[{"@type":"ListItem","position":1,"name":"Inicio","item":"https:\/\/compuviper.mx\/tienda\/"},{"@type":"ListItem","position":2,"name":"Productos","item":"https:\/\/compuviper.mx\/tienda\/productos\/"},{"@type":"ListItem","position":3,"name":"Software","item":"https:\/\/compuviper.mx\/tienda\/categoria-producto\/software\/"},{"@type":"ListItem","position":4,"name":"Licenciamiento Caja","item":"https:\/\/compuviper.mx\/tienda\/categoria-producto\/software\/licenciamiento-caja\/"},{"@type":"ListItem","position":5,"name":"Aspel Prod1af Prod 5.0 Actualizaci?n Paquete Base (f?sico)"}]},{"@type":"WebSite","@id":"https:\/\/compuviper.mx\/tienda\/#website","url":"https:\/\/compuviper.mx\/tienda\/","name":"Compuviper","description":"Proveedor de Computadoras, Laptops, Servidores, Monitores, Puntos de Venta, Teclados,   Impresoras, T\u00f3ner, C\u00e1maras de Seguridad y m\u00e1s en tu tienda en l\u00ednea","publisher":{"@id":"https:\/\/compuviper.mx\/tienda\/#organization"},"potentialAction":[{"@type":"SearchAction","target":{"@type":"EntryPoint","urlTemplate":"https:\/\/compuviper.mx\/tienda\/?s={search_term_string}"},"query-input":"required name=search_term_string"}],"inLanguage":"es-MX"},{"@type":"Organization","@id":"https:\/\/compuviper.mx\/tienda\/#organization","name":"Compuviper","url":"https:\/\/compuviper.mx\/tienda\/","logo":{"@type":"ImageObject","inLanguage":"es-MX","@id":"https:\/\/compuviper.mx\/tienda\/#\/schema\/logo\/image\/","url":"https:\/\/compuviper.mx\/tienda\/wp-content\/uploads\/2021\/08\/Logo-Compuviper-10.png","contentUrl":"https:\/\/compuviper.mx\/tienda\/wp-content\/uploads\/2021\/08\/Logo-Compuviper-10.png","width":1000,"height":500,"caption":"Compuviper"},"image":{"@id":"https:\/\/compuviper.mx\/tienda\/#\/schema\/logo\/image\/"},"sameAs":["https:\/\/www.facebook.com\/compuviper","https:\/\/www.youtube.com\/channel\/UCf73dERp9Y3cfOq7q8BhLjA?view_as=subscriber"]}]},"product_brand":"ASPEL","product_price_amount":"9241","product_price_currency":"MXN","og_availability":"backorder","product_availability":"available for order","product_retailer_item_id":"PROD1AF","product_condition":"new"},"_links":{"self":[{"href":"https:\/\/compuviper.mx\/tienda\/wp-json\/wp\/v2\/product\/225958"}],"collection":[{"href":"https:\/\/compuviper.mx\/tienda\/wp-json\/wp\/v2\/product"}],"about":[{"href":"https:\/\/compuviper.mx\/tienda\/wp-json\/wp\/v2\/types\/product"}],"replies":[{"embeddable":true,"href":"https:\/\/compuviper.mx\/tienda\/wp-json\/wp\/v2\/comments?post=225958"}],"wp:featuredmedia":[{"embeddable":true,"href":"https:\/\/compuviper.mx\/tienda\/wp-json\/wp\/v2\/media\/225959"}],"wp:attachment":[{"href":"https:\/\/compuviper.mx\/tienda\/wp-json\/wp\/v2\/media?parent=225958"}],"wp:term":[{"taxonomy":"product_cat","embeddable":true,"href":"https:\/\/compuviper.mx\/tienda\/wp-json\/wp\/v2\/product_cat?post=225958"},{"taxonomy":"product_tag","embeddable":true,"href":"https:\/\/compuviper.mx\/tienda\/wp-json\/wp\/v2\/product_tag?post=225958"}],"curies":[{"name":"wp","href":"https:\/\/api.w.org\/{rel}","templated":true}]}}