{"id":225952,"date":"2026-04-08T02:06:45","date_gmt":"2026-04-08T08:06:45","guid":{"rendered":"https:\/\/compuviper.mx\/tienda\/producto\/manhattan-161435-bocinaserie-2600-via-usb-cubo\/"},"modified":"2026-04-08T02:06:45","modified_gmt":"2026-04-08T08:06:45","slug":"manhattan-161435-bocinaserie-2600-via-usb-cubo","status":"publish","type":"product","link":"https:\/\/compuviper.mx\/tienda\/producto\/manhattan-161435-bocinaserie-2600-via-usb-cubo\/","title":{"rendered":"Manhattan 161435 Bocina,,,serie 2600 Via Usb, Cubo"},"content":{"rendered":"<table class=\"descripcion\">\n<tr>\n<td>Especificaciones<\/td>\n<\/tr>\n<tr>\n<td> estandares y certificaciones<\/td>\n<\/tr>\n<tr>\n<td> usb 1.1<\/td>\n<\/tr>\n<tr>\n<td> ce<\/td>\n<\/tr>\n<tr>\n<td> fcc<\/td>\n<\/tr>\n<tr>\n<td> rohs<\/td>\n<\/tr>\n<tr>\n<td> weee<\/td>\n<\/tr>\n<tr>\n<td>General<\/td>\n<\/tr>\n<tr>\n<td> respuesta en frecuencia: 90 hz \u0096 20 khz<\/td>\n<\/tr>\n<tr>\n<td> relacion senial a ruido (s\/n):  80 db<\/td>\n<\/tr>\n<tr>\n<td> impedancia: 4 ohms<\/td>\n<\/tr>\n<tr>\n<td> potencia de salida: 3 w x 2<\/td>\n<\/tr>\n<tr>\n<td> diametro: 5 cm<\/td>\n<\/tr>\n<tr>\n<td> todos los sistemas operativos que soporten usb<\/td>\n<\/tr>\n<tr>\n<td>Conexiones<\/td>\n<\/tr>\n<tr>\n<td> usb tipo a macho<\/td>\n<\/tr>\n<tr>\n<td> 3.5 mm &#8211; macho<\/td>\n<\/tr>\n<tr>\n<td>Cables<\/td>\n<\/tr>\n<tr>\n<td> usb, 0.9 m<\/td>\n<\/tr>\n<tr>\n<td> 3.5 mm, 0.9 m<\/td>\n<\/tr>\n<tr>\n<td>Disenio<\/td>\n<\/tr>\n<tr>\n<td> dimensiones: totales, 6.5 x 6.5 x 7 cm<\/td>\n<\/tr>\n<tr>\n<td> peso: 0.44 kg<\/td>\n<\/tr>\n<\/table>\n","protected":false},"excerpt":{"rendered":"<p>Sonido estereofonico de amplio rango y tamanio compacto optimizado para. Aplicaciones portatiles. Conectelos a la computadora y a otros dispositivos equipados con usb. Altavoces externos duales que mejoran la separacion de los canales estereofonicos y el campo de sonido. Alimentacion automatica y facil de instalar &#8211; no requiere de baterias o adaptador de corriente. Ideal para disfrutar y compartir musica y audio en general<\/p>\n","protected":false},"featured_media":225953,"comment_status":"open","ping_status":"open","template":"","meta":[],"product_cat":[1817,1818],"product_tag":[1487],"acf":[],"yoast_head":"<!-- This site is optimized with the Yoast SEO plugin v21.7 - https:\/\/yoast.com\/wordpress\/plugins\/seo\/ -->\n<title>[ Manhattan ] &#129351; 161435 Bocina,,,serie 2600 Via Usb, Cubo<\/title>\n<meta name=\"description\" content=\"Compra 161435 Bocina,,,serie 2600 Via Usb, Cubo + Env\u00edo a domicilio + Pago seguro + Garant\u00eda\" \/>\n<meta name=\"robots\" content=\"index, follow, max-snippet:-1, max-image-preview:large, max-video-preview:-1\" \/>\n<link rel=\"canonical\" href=\"https:\/\/compuviper.mx\/tienda\/producto\/manhattan-161435-bocinaserie-2600-via-usb-cubo\/\" \/>\n<meta property=\"og:locale\" content=\"es_MX\" \/>\n<meta property=\"og:type\" content=\"article\" \/>\n<meta property=\"og:title\" content=\"[ Manhattan ] &#129351; 161435 Bocina,,,serie 2600 Via Usb, Cubo\" \/>\n<meta property=\"og:description\" content=\"Compra 161435 Bocina,,,serie 2600 Via Usb, Cubo + Env\u00edo a domicilio + Pago seguro + Garant\u00eda\" \/>\n<meta property=\"og:url\" content=\"https:\/\/compuviper.mx\/tienda\/producto\/manhattan-161435-bocinaserie-2600-via-usb-cubo\/\" \/>\n<meta property=\"og:site_name\" content=\"Compuviper\" \/>\n<meta property=\"article:publisher\" content=\"https:\/\/www.facebook.com\/compuviper\" \/>\n<meta property=\"og:image\" content=\"https:\/\/compuviper.mx\/tienda\/wp-content\/uploads\/2023\/12\/Bocinamanhattan161435serie-2600-via-usb-cubo.jpg\" \/>\n\t<meta property=\"og:image:width\" content=\"200\" \/>\n\t<meta property=\"og:image:height\" content=\"200\" \/>\n\t<meta property=\"og:image:type\" content=\"image\/jpeg\" \/>\n<meta name=\"twitter:card\" content=\"summary_large_image\" \/>\n<meta name=\"twitter:label1\" content=\"Precio\" \/>\n\t<meta name=\"twitter:data1\" content=\"&#36;127 con IVA\" \/>\n\t<meta name=\"twitter:label2\" content=\"Availability\" \/>\n\t<meta name=\"twitter:data2\" content=\"In stock\" \/>\n<script type=\"application\/ld+json\" class=\"yoast-schema-graph\">{\"@context\":\"https:\/\/schema.org\",\"@graph\":[{\"@type\":\"WebPage\",\"@id\":\"https:\/\/compuviper.mx\/tienda\/producto\/manhattan-161435-bocinaserie-2600-via-usb-cubo\/\",\"url\":\"https:\/\/compuviper.mx\/tienda\/producto\/manhattan-161435-bocinaserie-2600-via-usb-cubo\/\",\"name\":\"[ Manhattan ] &#129351; 161435 Bocina,,,serie 2600 Via Usb, Cubo\",\"isPartOf\":{\"@id\":\"https:\/\/compuviper.mx\/tienda\/#website\"},\"datePublished\":\"2026-04-08T08:06:45+00:00\",\"dateModified\":\"2026-04-08T08:06:45+00:00\",\"description\":\"Compra 161435 Bocina,,,serie 2600 Via Usb, Cubo + Env\u00edo a domicilio + Pago seguro + Garant\u00eda\",\"breadcrumb\":{\"@id\":\"https:\/\/compuviper.mx\/tienda\/producto\/manhattan-161435-bocinaserie-2600-via-usb-cubo\/#breadcrumb\"},\"inLanguage\":\"es-MX\",\"potentialAction\":[{\"@type\":\"ReadAction\",\"target\":[\"https:\/\/compuviper.mx\/tienda\/producto\/manhattan-161435-bocinaserie-2600-via-usb-cubo\/\"]}]},{\"@type\":\"BreadcrumbList\",\"@id\":\"https:\/\/compuviper.mx\/tienda\/producto\/manhattan-161435-bocinaserie-2600-via-usb-cubo\/#breadcrumb\",\"itemListElement\":[{\"@type\":\"ListItem\",\"position\":1,\"name\":\"Inicio\",\"item\":\"https:\/\/compuviper.mx\/tienda\/\"},{\"@type\":\"ListItem\",\"position\":2,\"name\":\"Productos\",\"item\":\"https:\/\/compuviper.mx\/tienda\/productos\/\"},{\"@type\":\"ListItem\",\"position\":3,\"name\":\"Bocinas\",\"item\":\"https:\/\/compuviper.mx\/tienda\/categoria-producto\/bocinas\/\"},{\"@type\":\"ListItem\",\"position\":4,\"name\":\"Bocina Basica\",\"item\":\"https:\/\/compuviper.mx\/tienda\/categoria-producto\/bocinas\/bocina-basica\/\"},{\"@type\":\"ListItem\",\"position\":5,\"name\":\"Manhattan 161435 Bocina,,,serie 2600 Via Usb, Cubo\"}]},{\"@type\":\"WebSite\",\"@id\":\"https:\/\/compuviper.mx\/tienda\/#website\",\"url\":\"https:\/\/compuviper.mx\/tienda\/\",\"name\":\"Compuviper\",\"description\":\"Proveedor de Computadoras, Laptops, Servidores, Monitores, Puntos de Venta, Teclados,   Impresoras, T\u00f3ner, C\u00e1maras de Seguridad y m\u00e1s en tu tienda en l\u00ednea\",\"publisher\":{\"@id\":\"https:\/\/compuviper.mx\/tienda\/#organization\"},\"potentialAction\":[{\"@type\":\"SearchAction\",\"target\":{\"@type\":\"EntryPoint\",\"urlTemplate\":\"https:\/\/compuviper.mx\/tienda\/?s={search_term_string}\"},\"query-input\":\"required name=search_term_string\"}],\"inLanguage\":\"es-MX\"},{\"@type\":\"Organization\",\"@id\":\"https:\/\/compuviper.mx\/tienda\/#organization\",\"name\":\"Compuviper\",\"url\":\"https:\/\/compuviper.mx\/tienda\/\",\"logo\":{\"@type\":\"ImageObject\",\"inLanguage\":\"es-MX\",\"@id\":\"https:\/\/compuviper.mx\/tienda\/#\/schema\/logo\/image\/\",\"url\":\"https:\/\/compuviper.mx\/tienda\/wp-content\/uploads\/2021\/08\/Logo-Compuviper-10.png\",\"contentUrl\":\"https:\/\/compuviper.mx\/tienda\/wp-content\/uploads\/2021\/08\/Logo-Compuviper-10.png\",\"width\":1000,\"height\":500,\"caption\":\"Compuviper\"},\"image\":{\"@id\":\"https:\/\/compuviper.mx\/tienda\/#\/schema\/logo\/image\/\"},\"sameAs\":[\"https:\/\/www.facebook.com\/compuviper\",\"https:\/\/www.youtube.com\/channel\/UCf73dERp9Y3cfOq7q8BhLjA?view_as=subscriber\"]}]}<\/script>\n<meta property=\"product:brand\" content=\"MANHATTAN\" \/>\n<meta property=\"product:price:amount\" content=\"127\" \/>\n<meta property=\"product:price:currency\" content=\"MXN\" \/>\n<meta property=\"og:availability\" content=\"instock\" \/>\n<meta property=\"product:availability\" content=\"instock\" \/>\n<meta property=\"product:retailer_item_id\" content=\"161435\" \/>\n<meta property=\"product:condition\" content=\"new\" \/>\n<!-- \/ Yoast SEO plugin. -->","yoast_head_json":{"title":"[ Manhattan ] &#129351; 161435 Bocina,,,serie 2600 Via Usb, Cubo","description":"Compra 161435 Bocina,,,serie 2600 Via Usb, Cubo + Env\u00edo a domicilio + Pago seguro + Garant\u00eda","robots":{"index":"index","follow":"follow","max-snippet":"max-snippet:-1","max-image-preview":"max-image-preview:large","max-video-preview":"max-video-preview:-1"},"canonical":"https:\/\/compuviper.mx\/tienda\/producto\/manhattan-161435-bocinaserie-2600-via-usb-cubo\/","og_locale":"es_MX","og_type":"article","og_title":"[ Manhattan ] &#129351; 161435 Bocina,,,serie 2600 Via Usb, Cubo","og_description":"Compra 161435 Bocina,,,serie 2600 Via Usb, Cubo + Env\u00edo a domicilio + Pago seguro + Garant\u00eda","og_url":"https:\/\/compuviper.mx\/tienda\/producto\/manhattan-161435-bocinaserie-2600-via-usb-cubo\/","og_site_name":"Compuviper","article_publisher":"https:\/\/www.facebook.com\/compuviper","og_image":[{"width":200,"height":200,"url":"https:\/\/compuviper.mx\/tienda\/wp-content\/uploads\/2023\/12\/Bocinamanhattan161435serie-2600-via-usb-cubo.jpg","type":"image\/jpeg"}],"twitter_card":"summary_large_image","twitter_misc":{"Precio":"&#36;127 con IVA","Availability":"In stock"},"schema":{"@context":"https:\/\/schema.org","@graph":[{"@type":"WebPage","@id":"https:\/\/compuviper.mx\/tienda\/producto\/manhattan-161435-bocinaserie-2600-via-usb-cubo\/","url":"https:\/\/compuviper.mx\/tienda\/producto\/manhattan-161435-bocinaserie-2600-via-usb-cubo\/","name":"[ Manhattan ] &#129351; 161435 Bocina,,,serie 2600 Via Usb, Cubo","isPartOf":{"@id":"https:\/\/compuviper.mx\/tienda\/#website"},"datePublished":"2026-04-08T08:06:45+00:00","dateModified":"2026-04-08T08:06:45+00:00","description":"Compra 161435 Bocina,,,serie 2600 Via Usb, Cubo + Env\u00edo a domicilio + Pago seguro + Garant\u00eda","breadcrumb":{"@id":"https:\/\/compuviper.mx\/tienda\/producto\/manhattan-161435-bocinaserie-2600-via-usb-cubo\/#breadcrumb"},"inLanguage":"es-MX","potentialAction":[{"@type":"ReadAction","target":["https:\/\/compuviper.mx\/tienda\/producto\/manhattan-161435-bocinaserie-2600-via-usb-cubo\/"]}]},{"@type":"BreadcrumbList","@id":"https:\/\/compuviper.mx\/tienda\/producto\/manhattan-161435-bocinaserie-2600-via-usb-cubo\/#breadcrumb","itemListElement":[{"@type":"ListItem","position":1,"name":"Inicio","item":"https:\/\/compuviper.mx\/tienda\/"},{"@type":"ListItem","position":2,"name":"Productos","item":"https:\/\/compuviper.mx\/tienda\/productos\/"},{"@type":"ListItem","position":3,"name":"Bocinas","item":"https:\/\/compuviper.mx\/tienda\/categoria-producto\/bocinas\/"},{"@type":"ListItem","position":4,"name":"Bocina Basica","item":"https:\/\/compuviper.mx\/tienda\/categoria-producto\/bocinas\/bocina-basica\/"},{"@type":"ListItem","position":5,"name":"Manhattan 161435 Bocina,,,serie 2600 Via Usb, Cubo"}]},{"@type":"WebSite","@id":"https:\/\/compuviper.mx\/tienda\/#website","url":"https:\/\/compuviper.mx\/tienda\/","name":"Compuviper","description":"Proveedor de Computadoras, Laptops, Servidores, Monitores, Puntos de Venta, Teclados,   Impresoras, T\u00f3ner, C\u00e1maras de Seguridad y m\u00e1s en tu tienda en l\u00ednea","publisher":{"@id":"https:\/\/compuviper.mx\/tienda\/#organization"},"potentialAction":[{"@type":"SearchAction","target":{"@type":"EntryPoint","urlTemplate":"https:\/\/compuviper.mx\/tienda\/?s={search_term_string}"},"query-input":"required name=search_term_string"}],"inLanguage":"es-MX"},{"@type":"Organization","@id":"https:\/\/compuviper.mx\/tienda\/#organization","name":"Compuviper","url":"https:\/\/compuviper.mx\/tienda\/","logo":{"@type":"ImageObject","inLanguage":"es-MX","@id":"https:\/\/compuviper.mx\/tienda\/#\/schema\/logo\/image\/","url":"https:\/\/compuviper.mx\/tienda\/wp-content\/uploads\/2021\/08\/Logo-Compuviper-10.png","contentUrl":"https:\/\/compuviper.mx\/tienda\/wp-content\/uploads\/2021\/08\/Logo-Compuviper-10.png","width":1000,"height":500,"caption":"Compuviper"},"image":{"@id":"https:\/\/compuviper.mx\/tienda\/#\/schema\/logo\/image\/"},"sameAs":["https:\/\/www.facebook.com\/compuviper","https:\/\/www.youtube.com\/channel\/UCf73dERp9Y3cfOq7q8BhLjA?view_as=subscriber"]}]},"product_brand":"MANHATTAN","product_price_amount":"127","product_price_currency":"MXN","og_availability":"instock","product_availability":"instock","product_retailer_item_id":"161435","product_condition":"new"},"_links":{"self":[{"href":"https:\/\/compuviper.mx\/tienda\/wp-json\/wp\/v2\/product\/225952"}],"collection":[{"href":"https:\/\/compuviper.mx\/tienda\/wp-json\/wp\/v2\/product"}],"about":[{"href":"https:\/\/compuviper.mx\/tienda\/wp-json\/wp\/v2\/types\/product"}],"replies":[{"embeddable":true,"href":"https:\/\/compuviper.mx\/tienda\/wp-json\/wp\/v2\/comments?post=225952"}],"wp:featuredmedia":[{"embeddable":true,"href":"https:\/\/compuviper.mx\/tienda\/wp-json\/wp\/v2\/media\/225953"}],"wp:attachment":[{"href":"https:\/\/compuviper.mx\/tienda\/wp-json\/wp\/v2\/media?parent=225952"}],"wp:term":[{"taxonomy":"product_cat","embeddable":true,"href":"https:\/\/compuviper.mx\/tienda\/wp-json\/wp\/v2\/product_cat?post=225952"},{"taxonomy":"product_tag","embeddable":true,"href":"https:\/\/compuviper.mx\/tienda\/wp-json\/wp\/v2\/product_tag?post=225952"}],"curies":[{"name":"wp","href":"https:\/\/api.w.org\/{rel}","templated":true}]}}