{"id":225950,"date":"2026-04-09T02:16:46","date_gmt":"2026-04-09T08:16:46","guid":{"rendered":"https:\/\/compuviper.mx\/tienda\/producto\/manhattan-177481-audifono-estandar-plastico\/"},"modified":"2026-04-09T02:16:47","modified_gmt":"2026-04-09T08:16:47","slug":"manhattan-177481-audifono-estandar-plastico","status":"publish","type":"product","link":"https:\/\/compuviper.mx\/tienda\/producto\/manhattan-177481-audifono-estandar-plastico\/","title":{"rendered":"Manhattan 177481 Audifono,,, Estandar Plastico"},"content":{"rendered":"<table class=\"descripcion\">\n<tr>\n<td>Respuesta en frecuencia: 20 hz \u0096 20 khz<\/td>\n<\/tr>\n<tr>\n<td>Impedancia: 32 ohms +\/- 15%<\/td>\n<\/tr>\n<tr>\n<td>Diametro de los audifonos: 40 mm<\/td>\n<\/tr>\n<tr>\n<td>Conexion de entrada: conector estereo de 3.5 mm<\/td>\n<\/tr>\n<tr>\n<td>Cable: 2.2 m<\/td>\n<\/tr>\n<tr>\n<td>16.5 x 11.5 cm; 57 g<\/td>\n<\/tr>\n<tr>\n<td>Contenido del paquete<\/td>\n<\/tr>\n<tr>\n<td>Audifonos estereo<\/td>\n<\/tr>\n<\/table>\n","protected":false},"excerpt":{"rendered":"<p>Audifonos estereo con cubierta acolchada para los oidos. Ligeros, diseno comodo con diadema ajustable. F\u00e1cil de instalar con conector estereo de 3.5 mm. Cordon largo para alcanzar facilmente las conexiones de la computadora y otros dispositivos<\/p>\n","protected":false},"featured_media":225951,"comment_status":"open","ping_status":"open","template":"","meta":[],"product_cat":[1553,1552],"product_tag":[1487],"acf":[],"yoast_head":"<!-- This site is optimized with the Yoast SEO plugin v21.7 - https:\/\/yoast.com\/wordpress\/plugins\/seo\/ -->\n<title>[ Manhattan ] &#129351; 177481 Audifono,,, Estandar Plastico<\/title>\n<meta name=\"description\" content=\"Compra 177481 Audifono,,, Estandar Plastico + Env\u00edo a domicilio + Pago seguro + Garant\u00eda\" \/>\n<meta name=\"robots\" content=\"index, follow, max-snippet:-1, max-image-preview:large, max-video-preview:-1\" \/>\n<link rel=\"canonical\" href=\"https:\/\/compuviper.mx\/tienda\/producto\/manhattan-177481-audifono-estandar-plastico\/\" \/>\n<meta property=\"og:locale\" content=\"es_MX\" \/>\n<meta property=\"og:type\" content=\"article\" \/>\n<meta property=\"og:title\" content=\"[ Manhattan ] &#129351; 177481 Audifono,,, Estandar Plastico\" \/>\n<meta property=\"og:description\" content=\"Compra 177481 Audifono,,, Estandar Plastico + Env\u00edo a domicilio + Pago seguro + Garant\u00eda\" \/>\n<meta property=\"og:url\" content=\"https:\/\/compuviper.mx\/tienda\/producto\/manhattan-177481-audifono-estandar-plastico\/\" \/>\n<meta property=\"og:site_name\" content=\"Compuviper\" \/>\n<meta property=\"article:publisher\" content=\"https:\/\/www.facebook.com\/compuviper\" \/>\n<meta property=\"article:modified_time\" content=\"2026-04-09T08:16:47+00:00\" \/>\n<meta property=\"og:image\" content=\"https:\/\/compuviper.mx\/tienda\/wp-content\/uploads\/2023\/12\/Audifonomanhattan177481-estandar-plastico.jpg\" \/>\n\t<meta property=\"og:image:width\" content=\"200\" \/>\n\t<meta property=\"og:image:height\" content=\"200\" \/>\n\t<meta property=\"og:image:type\" content=\"image\/jpeg\" \/>\n<meta name=\"twitter:card\" content=\"summary_large_image\" \/>\n<meta name=\"twitter:label1\" content=\"Precio\" \/>\n\t<meta name=\"twitter:data1\" content=\"&#36;75 con IVA\" \/>\n\t<meta name=\"twitter:label2\" content=\"Availability\" \/>\n\t<meta name=\"twitter:data2\" content=\"In stock\" \/>\n<script type=\"application\/ld+json\" class=\"yoast-schema-graph\">{\"@context\":\"https:\/\/schema.org\",\"@graph\":[{\"@type\":\"WebPage\",\"@id\":\"https:\/\/compuviper.mx\/tienda\/producto\/manhattan-177481-audifono-estandar-plastico\/\",\"url\":\"https:\/\/compuviper.mx\/tienda\/producto\/manhattan-177481-audifono-estandar-plastico\/\",\"name\":\"[ Manhattan ] &#129351; 177481 Audifono,,, Estandar Plastico\",\"isPartOf\":{\"@id\":\"https:\/\/compuviper.mx\/tienda\/#website\"},\"datePublished\":\"2026-04-09T08:16:46+00:00\",\"dateModified\":\"2026-04-09T08:16:47+00:00\",\"description\":\"Compra 177481 Audifono,,, Estandar Plastico + Env\u00edo a domicilio + Pago seguro + Garant\u00eda\",\"breadcrumb\":{\"@id\":\"https:\/\/compuviper.mx\/tienda\/producto\/manhattan-177481-audifono-estandar-plastico\/#breadcrumb\"},\"inLanguage\":\"es-MX\",\"potentialAction\":[{\"@type\":\"ReadAction\",\"target\":[\"https:\/\/compuviper.mx\/tienda\/producto\/manhattan-177481-audifono-estandar-plastico\/\"]}]},{\"@type\":\"BreadcrumbList\",\"@id\":\"https:\/\/compuviper.mx\/tienda\/producto\/manhattan-177481-audifono-estandar-plastico\/#breadcrumb\",\"itemListElement\":[{\"@type\":\"ListItem\",\"position\":1,\"name\":\"Inicio\",\"item\":\"https:\/\/compuviper.mx\/tienda\/\"},{\"@type\":\"ListItem\",\"position\":2,\"name\":\"Productos\",\"item\":\"https:\/\/compuviper.mx\/tienda\/productos\/\"},{\"@type\":\"ListItem\",\"position\":3,\"name\":\"Audifonos Y Micro\",\"item\":\"https:\/\/compuviper.mx\/tienda\/categoria-producto\/audifonos-y-micro\/\"},{\"@type\":\"ListItem\",\"position\":4,\"name\":\"Audifono\",\"item\":\"https:\/\/compuviper.mx\/tienda\/categoria-producto\/audifonos-y-micro\/audifono\/\"},{\"@type\":\"ListItem\",\"position\":5,\"name\":\"Manhattan 177481 Audifono,,, Estandar Plastico\"}]},{\"@type\":\"WebSite\",\"@id\":\"https:\/\/compuviper.mx\/tienda\/#website\",\"url\":\"https:\/\/compuviper.mx\/tienda\/\",\"name\":\"Compuviper\",\"description\":\"Proveedor de Computadoras, Laptops, Servidores, Monitores, Puntos de Venta, Teclados,   Impresoras, T\u00f3ner, C\u00e1maras de Seguridad y m\u00e1s en tu tienda en l\u00ednea\",\"publisher\":{\"@id\":\"https:\/\/compuviper.mx\/tienda\/#organization\"},\"potentialAction\":[{\"@type\":\"SearchAction\",\"target\":{\"@type\":\"EntryPoint\",\"urlTemplate\":\"https:\/\/compuviper.mx\/tienda\/?s={search_term_string}\"},\"query-input\":\"required name=search_term_string\"}],\"inLanguage\":\"es-MX\"},{\"@type\":\"Organization\",\"@id\":\"https:\/\/compuviper.mx\/tienda\/#organization\",\"name\":\"Compuviper\",\"url\":\"https:\/\/compuviper.mx\/tienda\/\",\"logo\":{\"@type\":\"ImageObject\",\"inLanguage\":\"es-MX\",\"@id\":\"https:\/\/compuviper.mx\/tienda\/#\/schema\/logo\/image\/\",\"url\":\"https:\/\/compuviper.mx\/tienda\/wp-content\/uploads\/2021\/08\/Logo-Compuviper-10.png\",\"contentUrl\":\"https:\/\/compuviper.mx\/tienda\/wp-content\/uploads\/2021\/08\/Logo-Compuviper-10.png\",\"width\":1000,\"height\":500,\"caption\":\"Compuviper\"},\"image\":{\"@id\":\"https:\/\/compuviper.mx\/tienda\/#\/schema\/logo\/image\/\"},\"sameAs\":[\"https:\/\/www.facebook.com\/compuviper\",\"https:\/\/www.youtube.com\/channel\/UCf73dERp9Y3cfOq7q8BhLjA?view_as=subscriber\"]}]}<\/script>\n<meta property=\"product:brand\" content=\"MANHATTAN\" \/>\n<meta property=\"product:price:amount\" content=\"75\" \/>\n<meta property=\"product:price:currency\" content=\"MXN\" \/>\n<meta property=\"og:availability\" content=\"instock\" \/>\n<meta property=\"product:availability\" content=\"instock\" \/>\n<meta property=\"product:retailer_item_id\" content=\"177481\" \/>\n<meta property=\"product:condition\" content=\"new\" \/>\n<!-- \/ Yoast SEO plugin. -->","yoast_head_json":{"title":"[ Manhattan ] &#129351; 177481 Audifono,,, Estandar Plastico","description":"Compra 177481 Audifono,,, Estandar Plastico + Env\u00edo a domicilio + Pago seguro + Garant\u00eda","robots":{"index":"index","follow":"follow","max-snippet":"max-snippet:-1","max-image-preview":"max-image-preview:large","max-video-preview":"max-video-preview:-1"},"canonical":"https:\/\/compuviper.mx\/tienda\/producto\/manhattan-177481-audifono-estandar-plastico\/","og_locale":"es_MX","og_type":"article","og_title":"[ Manhattan ] &#129351; 177481 Audifono,,, Estandar Plastico","og_description":"Compra 177481 Audifono,,, Estandar Plastico + Env\u00edo a domicilio + Pago seguro + Garant\u00eda","og_url":"https:\/\/compuviper.mx\/tienda\/producto\/manhattan-177481-audifono-estandar-plastico\/","og_site_name":"Compuviper","article_publisher":"https:\/\/www.facebook.com\/compuviper","article_modified_time":"2026-04-09T08:16:47+00:00","og_image":[{"width":200,"height":200,"url":"https:\/\/compuviper.mx\/tienda\/wp-content\/uploads\/2023\/12\/Audifonomanhattan177481-estandar-plastico.jpg","type":"image\/jpeg"}],"twitter_card":"summary_large_image","twitter_misc":{"Precio":"&#36;75 con IVA","Availability":"In stock"},"schema":{"@context":"https:\/\/schema.org","@graph":[{"@type":"WebPage","@id":"https:\/\/compuviper.mx\/tienda\/producto\/manhattan-177481-audifono-estandar-plastico\/","url":"https:\/\/compuviper.mx\/tienda\/producto\/manhattan-177481-audifono-estandar-plastico\/","name":"[ Manhattan ] &#129351; 177481 Audifono,,, Estandar Plastico","isPartOf":{"@id":"https:\/\/compuviper.mx\/tienda\/#website"},"datePublished":"2026-04-09T08:16:46+00:00","dateModified":"2026-04-09T08:16:47+00:00","description":"Compra 177481 Audifono,,, Estandar Plastico + Env\u00edo a domicilio + Pago seguro + Garant\u00eda","breadcrumb":{"@id":"https:\/\/compuviper.mx\/tienda\/producto\/manhattan-177481-audifono-estandar-plastico\/#breadcrumb"},"inLanguage":"es-MX","potentialAction":[{"@type":"ReadAction","target":["https:\/\/compuviper.mx\/tienda\/producto\/manhattan-177481-audifono-estandar-plastico\/"]}]},{"@type":"BreadcrumbList","@id":"https:\/\/compuviper.mx\/tienda\/producto\/manhattan-177481-audifono-estandar-plastico\/#breadcrumb","itemListElement":[{"@type":"ListItem","position":1,"name":"Inicio","item":"https:\/\/compuviper.mx\/tienda\/"},{"@type":"ListItem","position":2,"name":"Productos","item":"https:\/\/compuviper.mx\/tienda\/productos\/"},{"@type":"ListItem","position":3,"name":"Audifonos Y Micro","item":"https:\/\/compuviper.mx\/tienda\/categoria-producto\/audifonos-y-micro\/"},{"@type":"ListItem","position":4,"name":"Audifono","item":"https:\/\/compuviper.mx\/tienda\/categoria-producto\/audifonos-y-micro\/audifono\/"},{"@type":"ListItem","position":5,"name":"Manhattan 177481 Audifono,,, Estandar Plastico"}]},{"@type":"WebSite","@id":"https:\/\/compuviper.mx\/tienda\/#website","url":"https:\/\/compuviper.mx\/tienda\/","name":"Compuviper","description":"Proveedor de Computadoras, Laptops, Servidores, Monitores, Puntos de Venta, Teclados,   Impresoras, T\u00f3ner, C\u00e1maras de Seguridad y m\u00e1s en tu tienda en l\u00ednea","publisher":{"@id":"https:\/\/compuviper.mx\/tienda\/#organization"},"potentialAction":[{"@type":"SearchAction","target":{"@type":"EntryPoint","urlTemplate":"https:\/\/compuviper.mx\/tienda\/?s={search_term_string}"},"query-input":"required name=search_term_string"}],"inLanguage":"es-MX"},{"@type":"Organization","@id":"https:\/\/compuviper.mx\/tienda\/#organization","name":"Compuviper","url":"https:\/\/compuviper.mx\/tienda\/","logo":{"@type":"ImageObject","inLanguage":"es-MX","@id":"https:\/\/compuviper.mx\/tienda\/#\/schema\/logo\/image\/","url":"https:\/\/compuviper.mx\/tienda\/wp-content\/uploads\/2021\/08\/Logo-Compuviper-10.png","contentUrl":"https:\/\/compuviper.mx\/tienda\/wp-content\/uploads\/2021\/08\/Logo-Compuviper-10.png","width":1000,"height":500,"caption":"Compuviper"},"image":{"@id":"https:\/\/compuviper.mx\/tienda\/#\/schema\/logo\/image\/"},"sameAs":["https:\/\/www.facebook.com\/compuviper","https:\/\/www.youtube.com\/channel\/UCf73dERp9Y3cfOq7q8BhLjA?view_as=subscriber"]}]},"product_brand":"MANHATTAN","product_price_amount":"75","product_price_currency":"MXN","og_availability":"instock","product_availability":"instock","product_retailer_item_id":"177481","product_condition":"new"},"_links":{"self":[{"href":"https:\/\/compuviper.mx\/tienda\/wp-json\/wp\/v2\/product\/225950"}],"collection":[{"href":"https:\/\/compuviper.mx\/tienda\/wp-json\/wp\/v2\/product"}],"about":[{"href":"https:\/\/compuviper.mx\/tienda\/wp-json\/wp\/v2\/types\/product"}],"replies":[{"embeddable":true,"href":"https:\/\/compuviper.mx\/tienda\/wp-json\/wp\/v2\/comments?post=225950"}],"wp:featuredmedia":[{"embeddable":true,"href":"https:\/\/compuviper.mx\/tienda\/wp-json\/wp\/v2\/media\/225951"}],"wp:attachment":[{"href":"https:\/\/compuviper.mx\/tienda\/wp-json\/wp\/v2\/media?parent=225950"}],"wp:term":[{"taxonomy":"product_cat","embeddable":true,"href":"https:\/\/compuviper.mx\/tienda\/wp-json\/wp\/v2\/product_cat?post=225950"},{"taxonomy":"product_tag","embeddable":true,"href":"https:\/\/compuviper.mx\/tienda\/wp-json\/wp\/v2\/product_tag?post=225950"}],"curies":[{"name":"wp","href":"https:\/\/api.w.org\/{rel}","templated":true}]}}