{"id":225948,"date":"2026-04-23T02:05:40","date_gmt":"2026-04-23T08:05:40","guid":{"rendered":"https:\/\/compuviper.mx\/tienda\/producto\/logitech-980-000474-bocinas-z906-5-1-thx-dolby-digital-500-watts-rms-pc-mac-mp3-ipod-dvd\/"},"modified":"2026-04-23T02:05:41","modified_gmt":"2026-04-23T08:05:41","slug":"logitech-980-000474-bocinas-z906-5-1-thx-dolby-digital-500-watts-rms-pc-mac-mp3-ipod-dvd","status":"publish","type":"product","link":"https:\/\/compuviper.mx\/tienda\/producto\/logitech-980-000474-bocinas-z906-5-1-thx-dolby-digital-500-watts-rms-pc-mac-mp3-ipod-dvd\/","title":{"rendered":"Logitech 980-000474 Bocinas  Z906 5.1 Thx Dolby Digital 500 Watts Rms Pc\/mac\/mp3\/ipod\/dvd"},"content":{"rendered":"<table class=\"descripcion\">\n<tr>\n<td>Sonido con certificaci\u00f3n thx, dolby digital y dts digital<\/td>\n<\/tr>\n<tr>\n<td>Sum\u00e9rgete c\u00f3modamente en tu casa en una experiencia de audio con calidad de cine, con este sistema de altavoces 5.1. 1.000 vatios de potencia de pico\/500 vatios de potencia real (rms) ofrecen un potente sonido envolvente con certificaci\u00f3n thx y proporcionan una experiencia de audio excepcional, dise\u00f1ada para descodificar y reproducir a la perfecci\u00f3n pistas de sonido dolby digital y dts de m\u00fasica y pel\u00edculas.<\/td>\n<\/tr>\n<tr>\n<td>Fant\u00e1stico sonido envolvente<\/td>\n<\/tr>\n<tr>\n<td>Dise\u00f1ado para ofrecer un sonido cautivador y una experiencia perfecta desde el principio. este sistema de altavoces 5.1 se ha optimizado al m\u00e1ximo para obtener la certificaci\u00f3n thx, y se ha dise\u00f1ado para descodificar pistas de sonido dolby digital y dts y proporcionar una experiencia de audio excepcional.<\/td>\n<\/tr>\n<tr>\n<td>1.000 vatios de potente sonido<\/td>\n<\/tr>\n<tr>\n<td>1.000 vatios de potencia de pico\/500 vatios rms ofrecen audio pleno y graves potentes. disfruta de todos los detalles sonoros, desde el clamor de la multitud hasta los pasos a tu espalda. sonido que se oye y se siente.<\/td>\n<\/tr>\n<tr>\n<td>Configuraci\u00f3n vers\u00e1til<\/td>\n<\/tr>\n<tr>\n<td>Se admiten varias entradas simult\u00e1neas. puedes conectar hasta seis dispositivos compatibles a trav\u00e9s de entradas de 3,5 mm, rca, directas para seis canales, digitales coaxiales y \u00f3pticas. elige la entrada de audio en la consola de control o en el remoto.<\/td>\n<\/tr>\n<tr>\n<td>Controles integrados<\/td>\n<\/tr>\n<tr>\n<td>Puedes ajustar de forma independiente el volumen de cada altavoz sat\u00e9lite y el subwoofer, y acceder f\u00e1cilmente a los controles de encendido y silencio, todo ello desde el panel de control o el remoto inal\u00e1mbrico.<\/td>\n<\/tr>\n<tr>\n<td>Define tu experiencia sonora seleccionando sonido envolvente 2.1, 4.1 o 3d.<\/td>\n<\/tr>\n<tr>\n<td>Especificaciones y detalles<\/td>\n<\/tr>\n<tr>\n<td>Dimensiones<\/td>\n<\/tr>\n<tr>\n<td>Subwoofer<\/td>\n<\/tr>\n<tr>\n<td>Altura x anchura x profundidad:<\/td>\n<\/tr>\n<tr>\n<td>293 mm x 281 mm x 319 mm<\/td>\n<\/tr>\n<tr>\n<td>Peso: 9 kg<\/td>\n<\/tr>\n<tr>\n<td>Altavoces sat\u00e9lite<\/td>\n<\/tr>\n<tr>\n<td>Altura x anchura x profundidad:<\/td>\n<\/tr>\n<tr>\n<td>166.3 mm x 100.3 mm x 93.5 mm<\/td>\n<\/tr>\n<tr>\n<td>Peso: .89 kg<\/td>\n<\/tr>\n<tr>\n<td>Canal central<\/td>\n<\/tr>\n<tr>\n<td>Altura x anchura x profundidad:<\/td>\n<\/tr>\n<tr>\n<td>100.3 mm x 166.3 mm x 93.5 mm<\/td>\n<\/tr>\n<tr>\n<td>Peso: .89 kg<\/td>\n<\/tr>\n<tr>\n<td>Consola de control<\/td>\n<\/tr>\n<tr>\n<td>Altura x anchura x profundidad:<\/td>\n<\/tr>\n<tr>\n<td>293 mm x 281 mm<\/td>\n<\/tr>\n<tr>\n<td>Peso: .50 kg<\/td>\n<\/tr>\n<tr>\n<td>Remoto inal\u00e1mbrico<\/td>\n<\/tr>\n<tr>\n<td>Altura x anchura x profundidad:<\/td>\n<\/tr>\n<tr>\n<td>111 mm x 43 mm x 18.9 mm<\/td>\n<\/tr>\n<tr>\n<td>Peso: (sin bater\u00edas) 67 g<\/td>\n<\/tr>\n<tr>\n<td>Ver ilustraci\u00f3n<\/td>\n<\/tr>\n<tr>\n<td>Requisitos del sistema<\/td>\n<\/tr>\n<tr>\n<td>Funciona con cualquier dispositivo dotado de una entrada de toma de auriculares (3,5 mm), rca, directa para seis canales, digital coaxial u \u00f3ptica<\/td>\n<\/tr>\n<tr>\n<td>Televisor<\/td>\n<\/tr>\n<tr>\n<td>Computadora<\/td>\n<\/tr>\n<tr>\n<td>Smartphone<\/td>\n<\/tr>\n<tr>\n<td>Tablet<\/td>\n<\/tr>\n<tr>\n<td>Reproductor de m\u00fasica<\/td>\n<\/tr>\n<tr>\n<td>Reproductor de dvd<\/td>\n<\/tr>\n<tr>\n<td>Reproductor de blu-ray<\/td>\n<\/tr>\n<tr>\n<td>Playstation\u00ae<\/td>\n<\/tr>\n<tr>\n<td>Xbox\u00ae<\/td>\n<\/tr>\n<tr>\n<td>Wii<\/td>\n<\/tr>\n<tr>\n<td>Especificaciones<\/td>\n<\/tr>\n<tr>\n<td>Total de vatios reales (rms): 500 w<\/td>\n<\/tr>\n<tr>\n<td>Subwoofer: 165 w<\/td>\n<\/tr>\n<tr>\n<td>Altavoces sat\u00e9lite: 4 x 67 w, montaje en pared<\/td>\n<\/tr>\n<tr>\n<td>Altavoz de canal central: 1 x 67 w, montaje en pared<\/td>\n<\/tr>\n<tr>\n<td>Entrada \u00f3ptica digital: 2<\/td>\n<\/tr>\n<tr>\n<td>Entrada coaxial digital: 1<\/td>\n<\/tr>\n<tr>\n<td>Entrada directa para 6 canales: 1<\/td>\n<\/tr>\n<tr>\n<td>Entrada de 3,5 mm: 1<\/td>\n<\/tr>\n<tr>\n<td>Entrada rca: 1<\/td>\n<\/tr>\n<tr>\n<td>Consola de control<\/td>\n<\/tr>\n<tr>\n<td>Remoto por infrarrojos<\/td>\n<\/tr>\n<tr>\n<td>Esta caja contiene<\/td>\n<\/tr>\n<tr>\n<td>Cuatro altavoces sat\u00e9lite<\/td>\n<\/tr>\n<tr>\n<td>Un canal central<\/td>\n<\/tr>\n<tr>\n<td>Subwoofer<\/td>\n<\/tr>\n<tr>\n<td>Cable de entrada directa para seis canales<\/td>\n<\/tr>\n<tr>\n<td>Consola de control<\/td>\n<\/tr>\n<tr>\n<td>Remoto inal\u00e1mbrico<\/td>\n<\/tr>\n<tr>\n<td>Tres bater\u00edas aaa<\/td>\n<\/tr>\n<tr>\n<td>Documentaci\u00f3n del usuario<\/td>\n<\/tr>\n<tr>\n<td>Informaci\u00f3n de garant\u00eda<\/td>\n<\/tr>\n<tr>\n<td>Dos a\u00f1os de garant\u00eda de hardware limitada<\/td>\n<\/tr>\n<tr>\n<td>N\u00famero de referencia<\/td>\n<\/tr>\n<tr>\n<td>N\u00ba de referencia 980-000474<\/td>\n<\/tr>\n<\/table>\n","protected":false},"excerpt":{"rendered":"<p>Teatro en casa 5.1. Canales con sonido envolvente, certificaci\u00f3n thx, sonido dolby digital o dts, puedes conectar hasta 6 dispositivos, por: 2 entradas \u00f3pticas digitales, 1 entrada coaxial digital, entrada directa para 6 canales, entrada rca, 1 entrada de 3,5 mm, potencia 500 watts (rms).<\/p>\n","protected":false},"featured_media":225949,"comment_status":"open","ping_status":"open","template":"","meta":[],"product_cat":[1817,1819],"product_tag":[1500],"acf":[],"yoast_head":"<!-- This site is optimized with the Yoast SEO plugin v21.7 - https:\/\/yoast.com\/wordpress\/plugins\/seo\/ -->\n<title>[ Logitech ] &#129351; 980-000474 Bocinas Z906 5.1 Thx Dolby Digital 500 Watts Rms Pc\/mac\/mp3\/ipod\/dvd<\/title>\n<meta name=\"description\" content=\"Compra 980-000474 Bocinas Z906 5.1 Thx Dolby Digital 500 Watts Rms Pc\/mac\/mp3\/ipod\/dvd + Env\u00edo a domicilio + Pago seguro + Garant\u00eda\" \/>\n<meta name=\"robots\" content=\"index, follow, max-snippet:-1, max-image-preview:large, max-video-preview:-1\" \/>\n<link rel=\"canonical\" href=\"https:\/\/compuviper.mx\/tienda\/producto\/logitech-980-000474-bocinas-z906-5-1-thx-dolby-digital-500-watts-rms-pc-mac-mp3-ipod-dvd\/\" \/>\n<meta property=\"og:locale\" content=\"es_MX\" \/>\n<meta property=\"og:type\" content=\"article\" \/>\n<meta property=\"og:title\" content=\"[ Logitech ] &#129351; 980-000474 Bocinas Z906 5.1 Thx Dolby Digital 500 Watts Rms Pc\/mac\/mp3\/ipod\/dvd\" \/>\n<meta property=\"og:description\" content=\"Compra 980-000474 Bocinas Z906 5.1 Thx Dolby Digital 500 Watts Rms Pc\/mac\/mp3\/ipod\/dvd + Env\u00edo a domicilio + Pago seguro + Garant\u00eda\" \/>\n<meta property=\"og:url\" content=\"https:\/\/compuviper.mx\/tienda\/producto\/logitech-980-000474-bocinas-z906-5-1-thx-dolby-digital-500-watts-rms-pc-mac-mp3-ipod-dvd\/\" \/>\n<meta property=\"og:site_name\" content=\"Compuviper\" \/>\n<meta property=\"article:publisher\" content=\"https:\/\/www.facebook.com\/compuviper\" \/>\n<meta property=\"article:modified_time\" content=\"2026-04-23T08:05:41+00:00\" \/>\n<meta property=\"og:image\" content=\"https:\/\/compuviper.mx\/tienda\/wp-content\/uploads\/2023\/12\/Bocinas-logitech-z906-5.1-thx-dolby-digital-500-watts-rms-pcmacmp3ipoddvd.jpg\" \/>\n\t<meta property=\"og:image:width\" content=\"200\" \/>\n\t<meta property=\"og:image:height\" content=\"200\" \/>\n\t<meta property=\"og:image:type\" content=\"image\/jpeg\" \/>\n<meta name=\"twitter:card\" content=\"summary_large_image\" \/>\n<meta name=\"twitter:label1\" content=\"Precio\" \/>\n\t<meta name=\"twitter:data1\" content=\"&#36;8,770 con IVA\" \/>\n\t<meta name=\"twitter:label2\" content=\"Availability\" \/>\n\t<meta name=\"twitter:data2\" content=\"Out of stock\" \/>\n<script type=\"application\/ld+json\" class=\"yoast-schema-graph\">{\"@context\":\"https:\/\/schema.org\",\"@graph\":[{\"@type\":\"WebPage\",\"@id\":\"https:\/\/compuviper.mx\/tienda\/producto\/logitech-980-000474-bocinas-z906-5-1-thx-dolby-digital-500-watts-rms-pc-mac-mp3-ipod-dvd\/\",\"url\":\"https:\/\/compuviper.mx\/tienda\/producto\/logitech-980-000474-bocinas-z906-5-1-thx-dolby-digital-500-watts-rms-pc-mac-mp3-ipod-dvd\/\",\"name\":\"[ Logitech ] &#129351; 980-000474 Bocinas Z906 5.1 Thx Dolby Digital 500 Watts Rms Pc\/mac\/mp3\/ipod\/dvd\",\"isPartOf\":{\"@id\":\"https:\/\/compuviper.mx\/tienda\/#website\"},\"datePublished\":\"2026-04-23T08:05:40+00:00\",\"dateModified\":\"2026-04-23T08:05:41+00:00\",\"description\":\"Compra 980-000474 Bocinas Z906 5.1 Thx Dolby Digital 500 Watts Rms Pc\/mac\/mp3\/ipod\/dvd + Env\u00edo a domicilio + Pago seguro + Garant\u00eda\",\"breadcrumb\":{\"@id\":\"https:\/\/compuviper.mx\/tienda\/producto\/logitech-980-000474-bocinas-z906-5-1-thx-dolby-digital-500-watts-rms-pc-mac-mp3-ipod-dvd\/#breadcrumb\"},\"inLanguage\":\"es-MX\",\"potentialAction\":[{\"@type\":\"ReadAction\",\"target\":[\"https:\/\/compuviper.mx\/tienda\/producto\/logitech-980-000474-bocinas-z906-5-1-thx-dolby-digital-500-watts-rms-pc-mac-mp3-ipod-dvd\/\"]}]},{\"@type\":\"BreadcrumbList\",\"@id\":\"https:\/\/compuviper.mx\/tienda\/producto\/logitech-980-000474-bocinas-z906-5-1-thx-dolby-digital-500-watts-rms-pc-mac-mp3-ipod-dvd\/#breadcrumb\",\"itemListElement\":[{\"@type\":\"ListItem\",\"position\":1,\"name\":\"Inicio\",\"item\":\"https:\/\/compuviper.mx\/tienda\/\"},{\"@type\":\"ListItem\",\"position\":2,\"name\":\"Productos\",\"item\":\"https:\/\/compuviper.mx\/tienda\/productos\/\"},{\"@type\":\"ListItem\",\"position\":3,\"name\":\"Bocinas\",\"item\":\"https:\/\/compuviper.mx\/tienda\/categoria-producto\/bocinas\/\"},{\"@type\":\"ListItem\",\"position\":4,\"name\":\"Home Theaters\",\"item\":\"https:\/\/compuviper.mx\/tienda\/categoria-producto\/bocinas\/home-theaters\/\"},{\"@type\":\"ListItem\",\"position\":5,\"name\":\"Logitech 980-000474 Bocinas Z906 5.1 Thx Dolby Digital 500 Watts Rms Pc\/mac\/mp3\/ipod\/dvd\"}]},{\"@type\":\"WebSite\",\"@id\":\"https:\/\/compuviper.mx\/tienda\/#website\",\"url\":\"https:\/\/compuviper.mx\/tienda\/\",\"name\":\"Compuviper\",\"description\":\"Proveedor de Computadoras, Laptops, Servidores, Monitores, Puntos de Venta, Teclados,   Impresoras, T\u00f3ner, C\u00e1maras de Seguridad y m\u00e1s en tu tienda en l\u00ednea\",\"publisher\":{\"@id\":\"https:\/\/compuviper.mx\/tienda\/#organization\"},\"potentialAction\":[{\"@type\":\"SearchAction\",\"target\":{\"@type\":\"EntryPoint\",\"urlTemplate\":\"https:\/\/compuviper.mx\/tienda\/?s={search_term_string}\"},\"query-input\":\"required name=search_term_string\"}],\"inLanguage\":\"es-MX\"},{\"@type\":\"Organization\",\"@id\":\"https:\/\/compuviper.mx\/tienda\/#organization\",\"name\":\"Compuviper\",\"url\":\"https:\/\/compuviper.mx\/tienda\/\",\"logo\":{\"@type\":\"ImageObject\",\"inLanguage\":\"es-MX\",\"@id\":\"https:\/\/compuviper.mx\/tienda\/#\/schema\/logo\/image\/\",\"url\":\"https:\/\/compuviper.mx\/tienda\/wp-content\/uploads\/2021\/08\/Logo-Compuviper-10.png\",\"contentUrl\":\"https:\/\/compuviper.mx\/tienda\/wp-content\/uploads\/2021\/08\/Logo-Compuviper-10.png\",\"width\":1000,\"height\":500,\"caption\":\"Compuviper\"},\"image\":{\"@id\":\"https:\/\/compuviper.mx\/tienda\/#\/schema\/logo\/image\/\"},\"sameAs\":[\"https:\/\/www.facebook.com\/compuviper\",\"https:\/\/www.youtube.com\/channel\/UCf73dERp9Y3cfOq7q8BhLjA?view_as=subscriber\"]}]}<\/script>\n<meta property=\"product:brand\" content=\"LOGITECH\" \/>\n<meta property=\"product:price:amount\" content=\"8770\" \/>\n<meta property=\"product:price:currency\" content=\"MXN\" \/>\n<meta property=\"og:availability\" content=\"out of stock\" \/>\n<meta property=\"product:availability\" content=\"out of stock\" \/>\n<meta property=\"product:retailer_item_id\" content=\"980-000474\" \/>\n<meta property=\"product:condition\" content=\"new\" \/>\n<!-- \/ Yoast SEO plugin. -->","yoast_head_json":{"title":"[ Logitech ] &#129351; 980-000474 Bocinas Z906 5.1 Thx Dolby Digital 500 Watts Rms Pc\/mac\/mp3\/ipod\/dvd","description":"Compra 980-000474 Bocinas Z906 5.1 Thx Dolby Digital 500 Watts Rms Pc\/mac\/mp3\/ipod\/dvd + Env\u00edo a domicilio + Pago seguro + Garant\u00eda","robots":{"index":"index","follow":"follow","max-snippet":"max-snippet:-1","max-image-preview":"max-image-preview:large","max-video-preview":"max-video-preview:-1"},"canonical":"https:\/\/compuviper.mx\/tienda\/producto\/logitech-980-000474-bocinas-z906-5-1-thx-dolby-digital-500-watts-rms-pc-mac-mp3-ipod-dvd\/","og_locale":"es_MX","og_type":"article","og_title":"[ Logitech ] &#129351; 980-000474 Bocinas Z906 5.1 Thx Dolby Digital 500 Watts Rms Pc\/mac\/mp3\/ipod\/dvd","og_description":"Compra 980-000474 Bocinas Z906 5.1 Thx Dolby Digital 500 Watts Rms Pc\/mac\/mp3\/ipod\/dvd + Env\u00edo a domicilio + Pago seguro + Garant\u00eda","og_url":"https:\/\/compuviper.mx\/tienda\/producto\/logitech-980-000474-bocinas-z906-5-1-thx-dolby-digital-500-watts-rms-pc-mac-mp3-ipod-dvd\/","og_site_name":"Compuviper","article_publisher":"https:\/\/www.facebook.com\/compuviper","article_modified_time":"2026-04-23T08:05:41+00:00","og_image":[{"width":200,"height":200,"url":"https:\/\/compuviper.mx\/tienda\/wp-content\/uploads\/2023\/12\/Bocinas-logitech-z906-5.1-thx-dolby-digital-500-watts-rms-pcmacmp3ipoddvd.jpg","type":"image\/jpeg"}],"twitter_card":"summary_large_image","twitter_misc":{"Precio":"&#36;8,770 con IVA","Availability":"Out of stock"},"schema":{"@context":"https:\/\/schema.org","@graph":[{"@type":"WebPage","@id":"https:\/\/compuviper.mx\/tienda\/producto\/logitech-980-000474-bocinas-z906-5-1-thx-dolby-digital-500-watts-rms-pc-mac-mp3-ipod-dvd\/","url":"https:\/\/compuviper.mx\/tienda\/producto\/logitech-980-000474-bocinas-z906-5-1-thx-dolby-digital-500-watts-rms-pc-mac-mp3-ipod-dvd\/","name":"[ Logitech ] &#129351; 980-000474 Bocinas Z906 5.1 Thx Dolby Digital 500 Watts Rms Pc\/mac\/mp3\/ipod\/dvd","isPartOf":{"@id":"https:\/\/compuviper.mx\/tienda\/#website"},"datePublished":"2026-04-23T08:05:40+00:00","dateModified":"2026-04-23T08:05:41+00:00","description":"Compra 980-000474 Bocinas Z906 5.1 Thx Dolby Digital 500 Watts Rms Pc\/mac\/mp3\/ipod\/dvd + Env\u00edo a domicilio + Pago seguro + Garant\u00eda","breadcrumb":{"@id":"https:\/\/compuviper.mx\/tienda\/producto\/logitech-980-000474-bocinas-z906-5-1-thx-dolby-digital-500-watts-rms-pc-mac-mp3-ipod-dvd\/#breadcrumb"},"inLanguage":"es-MX","potentialAction":[{"@type":"ReadAction","target":["https:\/\/compuviper.mx\/tienda\/producto\/logitech-980-000474-bocinas-z906-5-1-thx-dolby-digital-500-watts-rms-pc-mac-mp3-ipod-dvd\/"]}]},{"@type":"BreadcrumbList","@id":"https:\/\/compuviper.mx\/tienda\/producto\/logitech-980-000474-bocinas-z906-5-1-thx-dolby-digital-500-watts-rms-pc-mac-mp3-ipod-dvd\/#breadcrumb","itemListElement":[{"@type":"ListItem","position":1,"name":"Inicio","item":"https:\/\/compuviper.mx\/tienda\/"},{"@type":"ListItem","position":2,"name":"Productos","item":"https:\/\/compuviper.mx\/tienda\/productos\/"},{"@type":"ListItem","position":3,"name":"Bocinas","item":"https:\/\/compuviper.mx\/tienda\/categoria-producto\/bocinas\/"},{"@type":"ListItem","position":4,"name":"Home Theaters","item":"https:\/\/compuviper.mx\/tienda\/categoria-producto\/bocinas\/home-theaters\/"},{"@type":"ListItem","position":5,"name":"Logitech 980-000474 Bocinas Z906 5.1 Thx Dolby Digital 500 Watts Rms Pc\/mac\/mp3\/ipod\/dvd"}]},{"@type":"WebSite","@id":"https:\/\/compuviper.mx\/tienda\/#website","url":"https:\/\/compuviper.mx\/tienda\/","name":"Compuviper","description":"Proveedor de Computadoras, Laptops, Servidores, Monitores, Puntos de Venta, Teclados,   Impresoras, T\u00f3ner, C\u00e1maras de Seguridad y m\u00e1s en tu tienda en l\u00ednea","publisher":{"@id":"https:\/\/compuviper.mx\/tienda\/#organization"},"potentialAction":[{"@type":"SearchAction","target":{"@type":"EntryPoint","urlTemplate":"https:\/\/compuviper.mx\/tienda\/?s={search_term_string}"},"query-input":"required name=search_term_string"}],"inLanguage":"es-MX"},{"@type":"Organization","@id":"https:\/\/compuviper.mx\/tienda\/#organization","name":"Compuviper","url":"https:\/\/compuviper.mx\/tienda\/","logo":{"@type":"ImageObject","inLanguage":"es-MX","@id":"https:\/\/compuviper.mx\/tienda\/#\/schema\/logo\/image\/","url":"https:\/\/compuviper.mx\/tienda\/wp-content\/uploads\/2021\/08\/Logo-Compuviper-10.png","contentUrl":"https:\/\/compuviper.mx\/tienda\/wp-content\/uploads\/2021\/08\/Logo-Compuviper-10.png","width":1000,"height":500,"caption":"Compuviper"},"image":{"@id":"https:\/\/compuviper.mx\/tienda\/#\/schema\/logo\/image\/"},"sameAs":["https:\/\/www.facebook.com\/compuviper","https:\/\/www.youtube.com\/channel\/UCf73dERp9Y3cfOq7q8BhLjA?view_as=subscriber"]}]},"product_brand":"LOGITECH","product_price_amount":"8770","product_price_currency":"MXN","og_availability":"out of stock","product_availability":"out of stock","product_retailer_item_id":"980-000474","product_condition":"new"},"_links":{"self":[{"href":"https:\/\/compuviper.mx\/tienda\/wp-json\/wp\/v2\/product\/225948"}],"collection":[{"href":"https:\/\/compuviper.mx\/tienda\/wp-json\/wp\/v2\/product"}],"about":[{"href":"https:\/\/compuviper.mx\/tienda\/wp-json\/wp\/v2\/types\/product"}],"replies":[{"embeddable":true,"href":"https:\/\/compuviper.mx\/tienda\/wp-json\/wp\/v2\/comments?post=225948"}],"wp:featuredmedia":[{"embeddable":true,"href":"https:\/\/compuviper.mx\/tienda\/wp-json\/wp\/v2\/media\/225949"}],"wp:attachment":[{"href":"https:\/\/compuviper.mx\/tienda\/wp-json\/wp\/v2\/media?parent=225948"}],"wp:term":[{"taxonomy":"product_cat","embeddable":true,"href":"https:\/\/compuviper.mx\/tienda\/wp-json\/wp\/v2\/product_cat?post=225948"},{"taxonomy":"product_tag","embeddable":true,"href":"https:\/\/compuviper.mx\/tienda\/wp-json\/wp\/v2\/product_tag?post=225948"}],"curies":[{"name":"wp","href":"https:\/\/api.w.org\/{rel}","templated":true}]}}