{"id":225932,"date":"2026-04-02T02:06:17","date_gmt":"2026-04-02T08:06:17","guid":{"rendered":"https:\/\/compuviper.mx\/tienda\/producto\/poly-77y99aa-diadema-hp-voyager-4320-uc-inalambrica-bluetooth-binaural-dongle-usb-a-alcance-de-50m-hasta-24-h-de-conversacion-conexion-hasta-2-dispositivos-con-soporte-de-carga\/"},"modified":"2026-04-02T02:06:17","modified_gmt":"2026-04-02T08:06:17","slug":"poly-77y99aa-diadema-hp-voyager-4320-uc-inalambrica-bluetooth-binaural-dongle-usb-a-alcance-de-50m-hasta-24-h-de-conversacion-conexion-hasta-2-dispositivos-con-base-de-carga","status":"publish","type":"product","link":"https:\/\/compuviper.mx\/tienda\/producto\/poly-77y99aa-diadema-hp-voyager-4320-uc-inalambrica-bluetooth-binaural-dongle-usb-a-alcance-de-50m-hasta-24-h-de-conversacion-conexion-hasta-2-dispositivos-con-base-de-carga\/","title":{"rendered":"Poly 77y99aa Diadema Hp   Voyager 4320 Uc\/ Inalambrica Bluetooth Binaural Dongle Usb-a Alcance De 50m Hasta 24 H De Conversacion Conexion Hasta 2 Dispositivos (con Base De Carga)"},"content":{"rendered":"<table class=\"descripcion\">\n<tr>\n<td>Se conecta a<\/td>\n<\/tr>\n<tr>\n<td>\u0095 serie voyager 4300 uc: se conecta a<\/td>\n<\/tr>\n<tr>\n<td>Pc o mac a trav\u00e9s del nuevo adaptador<\/td>\n<\/tr>\n<tr>\n<td>Usb-a o usb-c bt700 y a un tel\u00e9fono<\/td>\n<\/tr>\n<tr>\n<td>M\u00f3vil a trav\u00e9s de bluetooth v5.2<\/td>\n<\/tr>\n<tr>\n<td>\u0095 serie voyager 4300 uc con base<\/td>\n<\/tr>\n<tr>\n<td>Voyager office*: se conecta a un tel\u00e9fono<\/td>\n<\/tr>\n<tr>\n<td>De escritorio (mediante un cable de<\/td>\n<\/tr>\n<tr>\n<td>Interfaz de tel\u00e9fono), una computadora<\/td>\n<\/tr>\n<tr>\n<td>(a trav\u00e9s de un cable usb-a o usb-c) y un<\/td>\n<\/tr>\n<tr>\n<td>Dispositivo m\u00f3vil (a trav\u00e9s de bluetooth)<\/td>\n<\/tr>\n<tr>\n<td>Recomendado para<\/td>\n<\/tr>\n<tr>\n<td>\u0095 serie voyager 4300 uc: profesionales<\/td>\n<\/tr>\n<tr>\n<td>Que optan por la libertad de las llamadas<\/td>\n<\/tr>\n<tr>\n<td>Con manos libres durante todo el d\u00eda, ya<\/td>\n<\/tr>\n<tr>\n<td>Sea en el hogar o en la oficina<\/td>\n<\/tr>\n<tr>\n<td>\u0095 serie voyager 4300 con base<\/td>\n<\/tr>\n<tr>\n<td>Voyager office*: profesionales que optan<\/td>\n<\/tr>\n<tr>\n<td>Por la libertad de las llamadas con manos<\/td>\n<\/tr>\n<tr>\n<td>Libres durante todo el d\u00eda, ya sea en el<\/td>\n<\/tr>\n<tr>\n<td>Hogar o en la oficina y que buscan tener<\/td>\n<\/tr>\n<tr>\n<td>Conexi\u00f3n con los tel\u00e9fonos de escritorio<\/td>\n<\/tr>\n<tr>\n<td>Inal\u00e1mbricos<\/td>\n<\/tr>\n<tr>\n<td>\u0095 bluetooth v5.2<\/td>\n<\/tr>\n<tr>\n<td>\u0095 clase 1<\/td>\n<\/tr>\n<tr>\n<td>\u0095 conectividad multipunto: el auricular<\/td>\n<\/tr>\n<tr>\n<td>Se conecta a dos dispositivos al mismo<\/td>\n<\/tr>\n<tr>\n<td>Tiempo; recuerda hasta 8 dispositivos<\/td>\n<\/tr>\n<tr>\n<td>\u0095 perfiles bluetooth compatibles<\/td>\n<\/tr>\n<tr>\n<td>&#8211; a2dp, avrcp, hsp, hfp<\/td>\n<\/tr>\n<tr>\n<td>\u0095 alcance<\/td>\n<\/tr>\n<tr>\n<td>&#8211; serie voyager 4300 uc: hasta<\/td>\n<\/tr>\n<tr>\n<td>50 metros (164 pies)<\/td>\n<\/tr>\n<tr>\n<td>&#8211; serie voyager 4300 con base voyager<\/td>\n<\/tr>\n<tr>\n<td>Office*: hasta 91 metros (300 pies)<\/td>\n<\/tr>\n<tr>\n<td>Con cable<\/td>\n<\/tr>\n<tr>\n<td>\u0095 se conecta con pc mediante el cable<\/td>\n<\/tr>\n<tr>\n<td>Usb-c incluido (1,5 metros [4,9 pies])<\/td>\n<\/tr>\n<tr>\n<td>Con modo audio a trav\u00e9s de usb<\/td>\n<\/tr>\n<tr>\n<td>Bater\u00eda<\/td>\n<\/tr>\n<tr>\n<td>\u0095 capacidad de la bater\u00eda: 350 mah<\/td>\n<\/tr>\n<tr>\n<td>\u0095 tipo de bater\u00eda: iones de litio<\/td>\n<\/tr>\n<tr>\n<td>\u0095 tiempo de conversaci\u00f3n: hasta 24 horas**<\/td>\n<\/tr>\n<tr>\n<td>\u0095 tiempo de escucha: hasta 47 horas**<\/td>\n<\/tr>\n<tr>\n<td>\u0095 tiempo de carga: 1,6 horas para una<\/td>\n<\/tr>\n<tr>\n<td>Carga completa<\/td>\n<\/tr>\n<tr>\n<td>\u0095 carga r\u00e1pida: hasta 10 horas de<\/td>\n<\/tr>\n<tr>\n<td>Tiempo de escucha despu\u00e9s de<\/td>\n<\/tr>\n<tr>\n<td>15 minutos de carga<\/td>\n<\/tr>\n<tr>\n<td>\u0095 tiempo de espera: hasta 50 horas<\/td>\n<\/tr>\n<tr>\n<td>Recepci\u00f3n de la respuesta<\/td>\n<\/tr>\n<tr>\n<td>De frecuencia<\/td>\n<\/tr>\n<tr>\n<td>\u0095 ecualizador din\u00e1mico optimizado para<\/td>\n<\/tr>\n<tr>\n<td>Telefon\u00eda de voz de banda ancha en pc<\/td>\n<\/tr>\n<tr>\n<td>De hasta 7 khz o para multimedia de<\/td>\n<\/tr>\n<tr>\n<td>20 hz a 20 khz<\/td>\n<\/tr>\n<tr>\n<td>Protecci\u00f3n para la audici\u00f3n<\/td>\n<\/tr>\n<tr>\n<td>\u0095 soundguard digital: la compatibilidad<\/td>\n<\/tr>\n<tr>\n<td>Con g616 limita el nivel a 102 dbspl; el<\/td>\n<\/tr>\n<tr>\n<td>Promedio ponderado en el tiempo evita<\/td>\n<\/tr>\n<tr>\n<td>Que la exposici\u00f3n diaria promedio al<\/td>\n<\/tr>\n<tr>\n<td>Sonido supere los 85 dba***<\/td>\n<\/tr>\n<tr>\n<td>Micr\u00f3fono y tecnolog\u00eda<\/td>\n<\/tr>\n<tr>\n<td>\u0095 brazo de micr\u00f3fono flexible con<\/td>\n<\/tr>\n<tr>\n<td>Cancelaci\u00f3n de ruido y tecnolog\u00eda<\/td>\n<\/tr>\n<tr>\n<td>Acoustic fence<\/td>\n<\/tr>\n<tr>\n<td>\u0095 bot\u00f3n de silencio de f\u00e1cil acceso<\/td>\n<\/tr>\n<tr>\n<td>En el brazo de micr\u00f3fono<\/td>\n<\/tr>\n<tr>\n<td>Controles y luces del auricular<\/td>\n<\/tr>\n<tr>\n<td>\u0095 contestar, terminar llamadas,<\/td>\n<\/tr>\n<tr>\n<td>Silenciar, volumen +\/-, encendido\/<\/td>\n<\/tr>\n<tr>\n<td>Apagado\/emparejamiento<\/td>\n<\/tr>\n<tr>\n<td>\u0095 indicador en l\u00ednea: dos indicadores led<\/td>\n<\/tr>\n<tr>\n<td>En el alojamiento del altavoz muestran<\/td>\n<\/tr>\n<tr>\n<td>El estado de una llamada<\/td>\n<\/tr>\n<tr>\n<td>Controles de la base de<\/td>\n<\/tr>\n<tr>\n<td>Los auriculares<\/td>\n<\/tr>\n<tr>\n<td>\u0095 serie voyager 4300 uc con soporte<\/td>\n<\/tr>\n<tr>\n<td>De carga: solo cargador de escritorio<\/td>\n<\/tr>\n<tr>\n<td>\u0095 base voyager office*: botones del<\/td>\n<\/tr>\n<tr>\n<td>Selector de softphone y tel\u00e9fono de<\/td>\n<\/tr>\n<tr>\n<td>Escritorio bot\u00f3n de microsoft teams<\/td>\n<\/tr>\n<tr>\n<td>(solo en la versi\u00f3n de microsoft teams)<\/td>\n<\/tr>\n<tr>\n<td>Peso del auricular<\/td>\n<\/tr>\n<tr>\n<td>\u0095 voyager 4310 sobre la cabeza<\/td>\n<\/tr>\n<tr>\n<td>(monaural): 122 g (0,27 lb)<\/td>\n<\/tr>\n<tr>\n<td>\u0095 voyager 4320 sobre la cabeza (est\u00e9reo):<\/td>\n<\/tr>\n<tr>\n<td>162 g (0,35 lb)<\/td>\n<\/tr>\n<tr>\n<td>Accesorios (incluidos)<\/td>\n<\/tr>\n<tr>\n<td>\u0095 serie voyager 4300 uc: funda de<\/td>\n<\/tr>\n<tr>\n<td>Transporte, adaptador usb bt700 y cable<\/td>\n<\/tr>\n<tr>\n<td>De carga.longitud del cable de carga:<\/td>\n<\/tr>\n<tr>\n<td>1,5 metros (4,9 pies)<\/td>\n<\/tr>\n<tr>\n<td>\u0095 serie voyager 4300 uc con soporte de<\/td>\n<\/tr>\n<tr>\n<td>Carga: funda de transporte, adaptador<\/td>\n<\/tr>\n<tr>\n<td>Usb bt700, soporte de carga y cable de<\/td>\n<\/tr>\n<tr>\n<td>Carga. longitud del cable de carga:<\/td>\n<\/tr>\n<tr>\n<td>1,5 metros (4,9 pies)<\/td>\n<\/tr>\n<tr>\n<td>Facilidad de administraci\u00f3n<\/td>\n<\/tr>\n<tr>\n<td>\u0095 nube: servicio de poly lens (algunas<\/td>\n<\/tr>\n<tr>\n<td>Soluciones se venden por separado)<\/td>\n<\/tr>\n<tr>\n<td>\u0095 local (windows\/mac): incluye aplicaci\u00f3n<\/td>\n<\/tr>\n<tr>\n<td>Poly lens desktop<\/td>\n<\/tr>\n<tr>\n<td>Certificaci\u00f3n<\/td>\n<\/tr>\n<tr>\n<td>\u0095 microsoft teams (solo versi\u00f3n de teams)<\/td>\n<\/tr>\n<tr>\n<td>\u0095 zoom<\/td>\n<\/tr>\n<tr>\n<td>Garant\u00eda<\/td>\n<\/tr>\n<tr>\n<td>\u0095 garant\u00eda limitada de 2 a\u00f1os incluida<\/td>\n<\/tr>\n<\/table>\n","protected":false},"excerpt":{"rendered":"<p>Version con soporte de carga. Camina y habla con facilidad por. Hasta 50 metros (164 pies) de alcance. Inal\u00e1mbrico bluetooth (con adaptador. Usb bt700 incluido. \u0095 un auricular, elige tu dispositivo. Opciones de conexi\u00f3n de pc, mac y. Tel\u00e9fono m\u00f3vil con versiones de uc. \u0095 ofrece conexiones con varios. Dispositivos: opciones de conexi\u00f3n. De tel\u00e9fono de escritorio, pc\/mac y. De tel\u00e9fono m\u00f3vil con base de office. (se vende por separado). \u0095 extiende la duraci\u00f3n de la bater\u00eda de. Tu auricular utiliz\u00e1ndolo con cable con. El modo de audio a trav\u00e9s de usb. \u0095 mant\u00e9n la productividad con. Hasta 24 horas de tiempo de. Conversaci\u00f3n inal\u00e1mbrico.<\/p>\n","protected":false},"featured_media":234564,"comment_status":"open","ping_status":"open","template":"","meta":[],"product_cat":[1552,1816],"product_tag":[2035],"acf":[],"yoast_head":"<!-- This site is optimized with the Yoast SEO plugin v21.7 - https:\/\/yoast.com\/wordpress\/plugins\/seo\/ -->\n<title>[ Poly ] &#129351; 77y99aa Diadema Hp Voyager 4320 Uc\/ Inalambrica Bluetooth Binaural Dongle Usb-a Alcance De 50m Hasta 24 H De Conversacion Conexion Hasta 2 Dispositivos (con Base De Carga)<\/title>\n<meta name=\"description\" content=\"Compra 77y99aa Diadema Hp Voyager 4320 Uc\/ Inalambrica Bluetooth Binaural Dongle Usb-a Alcance De 50m Hasta 24 H De Conversacion Conexion Hasta 2 Dispositivos (con Base De Carga) + Env\u00edo a domicilio + Pago seguro + Garant\u00eda\" \/>\n<meta name=\"robots\" content=\"index, follow, max-snippet:-1, max-image-preview:large, max-video-preview:-1\" \/>\n<link rel=\"canonical\" href=\"https:\/\/compuviper.mx\/tienda\/producto\/poly-77y99aa-diadema-hp-voyager-4320-uc-inalambrica-bluetooth-binaural-dongle-usb-a-alcance-de-50m-hasta-24-h-de-conversacion-conexion-hasta-2-dispositivos-con-base-de-carga\/\" \/>\n<meta property=\"og:locale\" content=\"es_MX\" \/>\n<meta property=\"og:type\" content=\"article\" \/>\n<meta property=\"og:title\" content=\"[ Poly ] &#129351; 77y99aa Diadema Hp Voyager 4320 Uc\/ Inalambrica Bluetooth Binaural Dongle Usb-a Alcance De 50m Hasta 24 H De Conversacion Conexion Hasta 2 Dispositivos (con Base De Carga)\" \/>\n<meta property=\"og:description\" content=\"Compra 77y99aa Diadema Hp Voyager 4320 Uc\/ Inalambrica Bluetooth Binaural Dongle Usb-a Alcance De 50m Hasta 24 H De Conversacion Conexion Hasta 2 Dispositivos (con Base De Carga) + Env\u00edo a domicilio + Pago seguro + Garant\u00eda\" \/>\n<meta property=\"og:url\" content=\"https:\/\/compuviper.mx\/tienda\/producto\/poly-77y99aa-diadema-hp-voyager-4320-uc-inalambrica-bluetooth-binaural-dongle-usb-a-alcance-de-50m-hasta-24-h-de-conversacion-conexion-hasta-2-dispositivos-con-base-de-carga\/\" \/>\n<meta property=\"og:site_name\" content=\"Compuviper\" \/>\n<meta property=\"article:publisher\" content=\"https:\/\/www.facebook.com\/compuviper\" \/>\n<meta property=\"og:image\" content=\"https:\/\/compuviper.mx\/tienda\/wp-content\/uploads\/2024\/05\/Diadema-poly-hp-77y99aa-voyager-4320-uc-inalambrica-bluetooth-binaural-dongle-usb-a-alcance-de-50m-hasta-24-h-de-conversacion-conexion-hasta-2-dispositivos-con-soporte-de-carga.jpg\" \/>\n\t<meta property=\"og:image:width\" content=\"200\" \/>\n\t<meta property=\"og:image:height\" content=\"200\" \/>\n\t<meta property=\"og:image:type\" content=\"image\/jpeg\" \/>\n<meta name=\"twitter:card\" content=\"summary_large_image\" \/>\n<meta name=\"twitter:label1\" content=\"Precio\" \/>\n\t<meta name=\"twitter:data1\" content=\"&#36;3,633 con IVA\" \/>\n\t<meta name=\"twitter:label2\" content=\"Availability\" \/>\n\t<meta name=\"twitter:data2\" content=\"Out of stock\" \/>\n<script type=\"application\/ld+json\" class=\"yoast-schema-graph\">{\"@context\":\"https:\/\/schema.org\",\"@graph\":[{\"@type\":\"WebPage\",\"@id\":\"https:\/\/compuviper.mx\/tienda\/producto\/poly-77y99aa-diadema-hp-voyager-4320-uc-inalambrica-bluetooth-binaural-dongle-usb-a-alcance-de-50m-hasta-24-h-de-conversacion-conexion-hasta-2-dispositivos-con-base-de-carga\/\",\"url\":\"https:\/\/compuviper.mx\/tienda\/producto\/poly-77y99aa-diadema-hp-voyager-4320-uc-inalambrica-bluetooth-binaural-dongle-usb-a-alcance-de-50m-hasta-24-h-de-conversacion-conexion-hasta-2-dispositivos-con-base-de-carga\/\",\"name\":\"[ Poly ] &#129351; 77y99aa Diadema Hp Voyager 4320 Uc\/ Inalambrica Bluetooth Binaural Dongle Usb-a Alcance De 50m Hasta 24 H De Conversacion Conexion Hasta 2 Dispositivos (con Base De Carga)\",\"isPartOf\":{\"@id\":\"https:\/\/compuviper.mx\/tienda\/#website\"},\"datePublished\":\"2026-04-02T08:06:17+00:00\",\"dateModified\":\"2026-04-02T08:06:17+00:00\",\"description\":\"Compra 77y99aa Diadema Hp Voyager 4320 Uc\/ Inalambrica Bluetooth Binaural Dongle Usb-a Alcance De 50m Hasta 24 H De Conversacion Conexion Hasta 2 Dispositivos (con Base De Carga) + Env\u00edo a domicilio + Pago seguro + Garant\u00eda\",\"breadcrumb\":{\"@id\":\"https:\/\/compuviper.mx\/tienda\/producto\/poly-77y99aa-diadema-hp-voyager-4320-uc-inalambrica-bluetooth-binaural-dongle-usb-a-alcance-de-50m-hasta-24-h-de-conversacion-conexion-hasta-2-dispositivos-con-base-de-carga\/#breadcrumb\"},\"inLanguage\":\"es-MX\",\"potentialAction\":[{\"@type\":\"ReadAction\",\"target\":[\"https:\/\/compuviper.mx\/tienda\/producto\/poly-77y99aa-diadema-hp-voyager-4320-uc-inalambrica-bluetooth-binaural-dongle-usb-a-alcance-de-50m-hasta-24-h-de-conversacion-conexion-hasta-2-dispositivos-con-base-de-carga\/\"]}]},{\"@type\":\"BreadcrumbList\",\"@id\":\"https:\/\/compuviper.mx\/tienda\/producto\/poly-77y99aa-diadema-hp-voyager-4320-uc-inalambrica-bluetooth-binaural-dongle-usb-a-alcance-de-50m-hasta-24-h-de-conversacion-conexion-hasta-2-dispositivos-con-base-de-carga\/#breadcrumb\",\"itemListElement\":[{\"@type\":\"ListItem\",\"position\":1,\"name\":\"Inicio\",\"item\":\"https:\/\/compuviper.mx\/tienda\/\"},{\"@type\":\"ListItem\",\"position\":2,\"name\":\"Productos\",\"item\":\"https:\/\/compuviper.mx\/tienda\/productos\/\"},{\"@type\":\"ListItem\",\"position\":3,\"name\":\"Audifonos Y Micro\",\"item\":\"https:\/\/compuviper.mx\/tienda\/categoria-producto\/audifonos-y-micro\/\"},{\"@type\":\"ListItem\",\"position\":4,\"name\":\"Audifono Con Microfono\",\"item\":\"https:\/\/compuviper.mx\/tienda\/categoria-producto\/audifonos-y-micro\/audifono-con-microfono\/\"},{\"@type\":\"ListItem\",\"position\":5,\"name\":\"Poly 77y99aa Diadema Hp Voyager 4320 Uc\/ Inalambrica Bluetooth Binaural Dongle Usb-a Alcance De 50m Hasta 24 H De Conversacion Conexion Hasta 2 Dispositivos (con Base De Carga)\"}]},{\"@type\":\"WebSite\",\"@id\":\"https:\/\/compuviper.mx\/tienda\/#website\",\"url\":\"https:\/\/compuviper.mx\/tienda\/\",\"name\":\"Compuviper\",\"description\":\"Proveedor de Computadoras, Laptops, Servidores, Monitores, Puntos de Venta, Teclados,   Impresoras, T\u00f3ner, C\u00e1maras de Seguridad y m\u00e1s en tu tienda en l\u00ednea\",\"publisher\":{\"@id\":\"https:\/\/compuviper.mx\/tienda\/#organization\"},\"potentialAction\":[{\"@type\":\"SearchAction\",\"target\":{\"@type\":\"EntryPoint\",\"urlTemplate\":\"https:\/\/compuviper.mx\/tienda\/?s={search_term_string}\"},\"query-input\":\"required name=search_term_string\"}],\"inLanguage\":\"es-MX\"},{\"@type\":\"Organization\",\"@id\":\"https:\/\/compuviper.mx\/tienda\/#organization\",\"name\":\"Compuviper\",\"url\":\"https:\/\/compuviper.mx\/tienda\/\",\"logo\":{\"@type\":\"ImageObject\",\"inLanguage\":\"es-MX\",\"@id\":\"https:\/\/compuviper.mx\/tienda\/#\/schema\/logo\/image\/\",\"url\":\"https:\/\/compuviper.mx\/tienda\/wp-content\/uploads\/2021\/08\/Logo-Compuviper-10.png\",\"contentUrl\":\"https:\/\/compuviper.mx\/tienda\/wp-content\/uploads\/2021\/08\/Logo-Compuviper-10.png\",\"width\":1000,\"height\":500,\"caption\":\"Compuviper\"},\"image\":{\"@id\":\"https:\/\/compuviper.mx\/tienda\/#\/schema\/logo\/image\/\"},\"sameAs\":[\"https:\/\/www.facebook.com\/compuviper\",\"https:\/\/www.youtube.com\/channel\/UCf73dERp9Y3cfOq7q8BhLjA?view_as=subscriber\"]}]}<\/script>\n<meta property=\"product:brand\" content=\"POLY\" \/>\n<meta property=\"product:price:amount\" content=\"3633\" \/>\n<meta property=\"product:price:currency\" content=\"MXN\" \/>\n<meta property=\"og:availability\" content=\"out of stock\" \/>\n<meta property=\"product:availability\" content=\"out of stock\" \/>\n<meta property=\"product:retailer_item_id\" content=\"77Y99AA\" \/>\n<meta property=\"product:condition\" content=\"new\" \/>\n<!-- \/ Yoast SEO plugin. -->","yoast_head_json":{"title":"[ Poly ] &#129351; 77y99aa Diadema Hp Voyager 4320 Uc\/ Inalambrica Bluetooth Binaural Dongle Usb-a Alcance De 50m Hasta 24 H De Conversacion Conexion Hasta 2 Dispositivos (con Base De Carga)","description":"Compra 77y99aa Diadema Hp Voyager 4320 Uc\/ Inalambrica Bluetooth Binaural Dongle Usb-a Alcance De 50m Hasta 24 H De Conversacion Conexion Hasta 2 Dispositivos (con Base De Carga) + Env\u00edo a domicilio + Pago seguro + Garant\u00eda","robots":{"index":"index","follow":"follow","max-snippet":"max-snippet:-1","max-image-preview":"max-image-preview:large","max-video-preview":"max-video-preview:-1"},"canonical":"https:\/\/compuviper.mx\/tienda\/producto\/poly-77y99aa-diadema-hp-voyager-4320-uc-inalambrica-bluetooth-binaural-dongle-usb-a-alcance-de-50m-hasta-24-h-de-conversacion-conexion-hasta-2-dispositivos-con-base-de-carga\/","og_locale":"es_MX","og_type":"article","og_title":"[ Poly ] &#129351; 77y99aa Diadema Hp Voyager 4320 Uc\/ Inalambrica Bluetooth Binaural Dongle Usb-a Alcance De 50m Hasta 24 H De Conversacion Conexion Hasta 2 Dispositivos (con Base De Carga)","og_description":"Compra 77y99aa Diadema Hp Voyager 4320 Uc\/ Inalambrica Bluetooth Binaural Dongle Usb-a Alcance De 50m Hasta 24 H De Conversacion Conexion Hasta 2 Dispositivos (con Base De Carga) + Env\u00edo a domicilio + Pago seguro + Garant\u00eda","og_url":"https:\/\/compuviper.mx\/tienda\/producto\/poly-77y99aa-diadema-hp-voyager-4320-uc-inalambrica-bluetooth-binaural-dongle-usb-a-alcance-de-50m-hasta-24-h-de-conversacion-conexion-hasta-2-dispositivos-con-base-de-carga\/","og_site_name":"Compuviper","article_publisher":"https:\/\/www.facebook.com\/compuviper","og_image":[{"width":200,"height":200,"url":"https:\/\/compuviper.mx\/tienda\/wp-content\/uploads\/2024\/05\/Diadema-poly-hp-77y99aa-voyager-4320-uc-inalambrica-bluetooth-binaural-dongle-usb-a-alcance-de-50m-hasta-24-h-de-conversacion-conexion-hasta-2-dispositivos-con-soporte-de-carga.jpg","type":"image\/jpeg"}],"twitter_card":"summary_large_image","twitter_misc":{"Precio":"&#36;3,633 con IVA","Availability":"Out of stock"},"schema":{"@context":"https:\/\/schema.org","@graph":[{"@type":"WebPage","@id":"https:\/\/compuviper.mx\/tienda\/producto\/poly-77y99aa-diadema-hp-voyager-4320-uc-inalambrica-bluetooth-binaural-dongle-usb-a-alcance-de-50m-hasta-24-h-de-conversacion-conexion-hasta-2-dispositivos-con-base-de-carga\/","url":"https:\/\/compuviper.mx\/tienda\/producto\/poly-77y99aa-diadema-hp-voyager-4320-uc-inalambrica-bluetooth-binaural-dongle-usb-a-alcance-de-50m-hasta-24-h-de-conversacion-conexion-hasta-2-dispositivos-con-base-de-carga\/","name":"[ Poly ] &#129351; 77y99aa Diadema Hp Voyager 4320 Uc\/ Inalambrica Bluetooth Binaural Dongle Usb-a Alcance De 50m Hasta 24 H De Conversacion Conexion Hasta 2 Dispositivos (con Base De Carga)","isPartOf":{"@id":"https:\/\/compuviper.mx\/tienda\/#website"},"datePublished":"2026-04-02T08:06:17+00:00","dateModified":"2026-04-02T08:06:17+00:00","description":"Compra 77y99aa Diadema Hp Voyager 4320 Uc\/ Inalambrica Bluetooth Binaural Dongle Usb-a Alcance De 50m Hasta 24 H De Conversacion Conexion Hasta 2 Dispositivos (con Base De Carga) + Env\u00edo a domicilio + Pago seguro + Garant\u00eda","breadcrumb":{"@id":"https:\/\/compuviper.mx\/tienda\/producto\/poly-77y99aa-diadema-hp-voyager-4320-uc-inalambrica-bluetooth-binaural-dongle-usb-a-alcance-de-50m-hasta-24-h-de-conversacion-conexion-hasta-2-dispositivos-con-base-de-carga\/#breadcrumb"},"inLanguage":"es-MX","potentialAction":[{"@type":"ReadAction","target":["https:\/\/compuviper.mx\/tienda\/producto\/poly-77y99aa-diadema-hp-voyager-4320-uc-inalambrica-bluetooth-binaural-dongle-usb-a-alcance-de-50m-hasta-24-h-de-conversacion-conexion-hasta-2-dispositivos-con-base-de-carga\/"]}]},{"@type":"BreadcrumbList","@id":"https:\/\/compuviper.mx\/tienda\/producto\/poly-77y99aa-diadema-hp-voyager-4320-uc-inalambrica-bluetooth-binaural-dongle-usb-a-alcance-de-50m-hasta-24-h-de-conversacion-conexion-hasta-2-dispositivos-con-base-de-carga\/#breadcrumb","itemListElement":[{"@type":"ListItem","position":1,"name":"Inicio","item":"https:\/\/compuviper.mx\/tienda\/"},{"@type":"ListItem","position":2,"name":"Productos","item":"https:\/\/compuviper.mx\/tienda\/productos\/"},{"@type":"ListItem","position":3,"name":"Audifonos Y Micro","item":"https:\/\/compuviper.mx\/tienda\/categoria-producto\/audifonos-y-micro\/"},{"@type":"ListItem","position":4,"name":"Audifono Con Microfono","item":"https:\/\/compuviper.mx\/tienda\/categoria-producto\/audifonos-y-micro\/audifono-con-microfono\/"},{"@type":"ListItem","position":5,"name":"Poly 77y99aa Diadema Hp Voyager 4320 Uc\/ Inalambrica Bluetooth Binaural Dongle Usb-a Alcance De 50m Hasta 24 H De Conversacion Conexion Hasta 2 Dispositivos (con Base De Carga)"}]},{"@type":"WebSite","@id":"https:\/\/compuviper.mx\/tienda\/#website","url":"https:\/\/compuviper.mx\/tienda\/","name":"Compuviper","description":"Proveedor de Computadoras, Laptops, Servidores, Monitores, Puntos de Venta, Teclados,   Impresoras, T\u00f3ner, C\u00e1maras de Seguridad y m\u00e1s en tu tienda en l\u00ednea","publisher":{"@id":"https:\/\/compuviper.mx\/tienda\/#organization"},"potentialAction":[{"@type":"SearchAction","target":{"@type":"EntryPoint","urlTemplate":"https:\/\/compuviper.mx\/tienda\/?s={search_term_string}"},"query-input":"required name=search_term_string"}],"inLanguage":"es-MX"},{"@type":"Organization","@id":"https:\/\/compuviper.mx\/tienda\/#organization","name":"Compuviper","url":"https:\/\/compuviper.mx\/tienda\/","logo":{"@type":"ImageObject","inLanguage":"es-MX","@id":"https:\/\/compuviper.mx\/tienda\/#\/schema\/logo\/image\/","url":"https:\/\/compuviper.mx\/tienda\/wp-content\/uploads\/2021\/08\/Logo-Compuviper-10.png","contentUrl":"https:\/\/compuviper.mx\/tienda\/wp-content\/uploads\/2021\/08\/Logo-Compuviper-10.png","width":1000,"height":500,"caption":"Compuviper"},"image":{"@id":"https:\/\/compuviper.mx\/tienda\/#\/schema\/logo\/image\/"},"sameAs":["https:\/\/www.facebook.com\/compuviper","https:\/\/www.youtube.com\/channel\/UCf73dERp9Y3cfOq7q8BhLjA?view_as=subscriber"]}]},"product_brand":"POLY","product_price_amount":"3633","product_price_currency":"MXN","og_availability":"out of stock","product_availability":"out of stock","product_retailer_item_id":"77Y99AA","product_condition":"new"},"_links":{"self":[{"href":"https:\/\/compuviper.mx\/tienda\/wp-json\/wp\/v2\/product\/225932"}],"collection":[{"href":"https:\/\/compuviper.mx\/tienda\/wp-json\/wp\/v2\/product"}],"about":[{"href":"https:\/\/compuviper.mx\/tienda\/wp-json\/wp\/v2\/types\/product"}],"replies":[{"embeddable":true,"href":"https:\/\/compuviper.mx\/tienda\/wp-json\/wp\/v2\/comments?post=225932"}],"wp:featuredmedia":[{"embeddable":true,"href":"https:\/\/compuviper.mx\/tienda\/wp-json\/wp\/v2\/media\/234564"}],"wp:attachment":[{"href":"https:\/\/compuviper.mx\/tienda\/wp-json\/wp\/v2\/media?parent=225932"}],"wp:term":[{"taxonomy":"product_cat","embeddable":true,"href":"https:\/\/compuviper.mx\/tienda\/wp-json\/wp\/v2\/product_cat?post=225932"},{"taxonomy":"product_tag","embeddable":true,"href":"https:\/\/compuviper.mx\/tienda\/wp-json\/wp\/v2\/product_tag?post=225932"}],"curies":[{"name":"wp","href":"https:\/\/api.w.org\/{rel}","templated":true}]}}