{"id":225924,"date":"2026-04-02T02:06:16","date_gmt":"2026-04-02T08:06:16","guid":{"rendered":"https:\/\/compuviper.mx\/tienda\/producto\/poly-213938-0176j20aa-diadema-hp-blackwire-3325-alambrica-usb-a-con-microfono-salida-35mm-cancelacion-de-ruido-conlor-negro-con-naranja\/"},"modified":"2026-04-02T02:06:16","modified_gmt":"2026-04-02T08:06:16","slug":"poly-8x221aa-diadema-hp-blackwire-3325-alambrica-usb-a-con-microfono-salida-35mm-cancelacion-de-ruido-conlor-negro-con-naranja","status":"publish","type":"product","link":"https:\/\/compuviper.mx\/tienda\/producto\/poly-8x221aa-diadema-hp-blackwire-3325-alambrica-usb-a-con-microfono-salida-35mm-cancelacion-de-ruido-conlor-negro-con-naranja\/","title":{"rendered":"Poly 8x221aa Diadema Hp   Blackwire 3325 \/ Alambrica Usb -a Con Microfono Salida 3,5mm Cancelacion De Ruido Conlor Negro Con Naranja"},"content":{"rendered":"<table class=\"descripcion\">\n<tr>\n<td>Se conecta a<\/td>\n<\/tr>\n<tr>\n<td>\u0095 pc a trav\u00e9s de usb\/usb-c, se conecta a<\/td>\n<\/tr>\n<tr>\n<td>Dispositivos m\u00f3viles y tabletas a trav\u00e9s de 3,5 mm<\/td>\n<\/tr>\n<tr>\n<td>(bw3315\/bw3325) y dispositivos que<\/td>\n<\/tr>\n<tr>\n<td>Soporte usb-c<\/td>\n<\/tr>\n<tr>\n<td>Compatible con<\/td>\n<\/tr>\n<tr>\n<td>\u0095 sistema operativo windows\u00ae o mac<\/td>\n<\/tr>\n<tr>\n<td>Recepci\u00f3n de audio de pc<\/td>\n<\/tr>\n<tr>\n<td>Respuesta frecuente<\/td>\n<\/tr>\n<tr>\n<td>\u0095 eq din\u00e1mico optimizado para banda ancha de pc<\/td>\n<\/tr>\n<tr>\n<td>Telefon\u00eda de voz hasta 6,8 khz o para<\/td>\n<\/tr>\n<tr>\n<td>Multimedia 20 hz a 20 khz (hi-fi<\/td>\n<\/tr>\n<tr>\n<td>Est\u00e9reo bw3320\/bw3325)<\/td>\n<\/tr>\n<tr>\n<td>Tama\u00f1o del altavoz<\/td>\n<\/tr>\n<tr>\n<td>\u0095 32 mm\/ 0,10 pies<\/td>\n<\/tr>\n<tr>\n<td>Sensibilidad del altavoz<\/td>\n<\/tr>\n<tr>\n<td>\u0095 116db*<\/td>\n<\/tr>\n<tr>\n<td>Impedancia de entrada del altavoz<\/td>\n<\/tr>\n<tr>\n<td>\u0095 32 ohmios<\/td>\n<\/tr>\n<tr>\n<td>Ancho de banda del altavoz (modo de voz)<\/td>\n<\/tr>\n<tr>\n<td>\u0095 200-6800hz<\/td>\n<\/tr>\n<tr>\n<td>Ancho de banda del altavoz (modo media)<\/td>\n<\/tr>\n<tr>\n<td>\u0095 20-20000hz<\/td>\n<\/tr>\n<tr>\n<td>Salida ac\u00fastica m\u00e1xima<\/td>\n<\/tr>\n<tr>\n<td>\u0095 118dbspl<\/td>\n<\/tr>\n<tr>\n<td>Micr\u00f3fono y tecnolog\u00eda<\/td>\n<\/tr>\n<tr>\n<td>\u0095 micr\u00f3fono flexible con cancelaci\u00f3n de ruido<\/td>\n<\/tr>\n<tr>\n<td>Respuesta de frecuencia del micr\u00f3fono<\/td>\n<\/tr>\n<tr>\n<td>\u0095 100 hz a 10 khz optimizados para pc<\/td>\n<\/tr>\n<tr>\n<td>Audio de banda ancha de hasta 6,8 khz<\/td>\n<\/tr>\n<tr>\n<td>Sensibilidad del micr\u00f3fono<\/td>\n<\/tr>\n<tr>\n<td>\u0095 -38 dbv\/pa<\/td>\n<\/tr>\n<tr>\n<td>Longitud del brazo del micr\u00f3fono<\/td>\n<\/tr>\n<tr>\n<td>\u0095 135 mm \/ 0,44 pies<\/td>\n<\/tr>\n<tr>\n<td>Ancho de banda del micr\u00f3fono<\/td>\n<\/tr>\n<tr>\n<td>\u0095 100-10000hz<\/td>\n<\/tr>\n<tr>\n<td>Protecci\u00f3n auditiva<\/td>\n<\/tr>\n<tr>\n<td>\u0095 soundguard: limitaci\u00f3n ac\u00fastica para<\/td>\n<\/tr>\n<tr>\n<td>Protecci\u00f3n contra sonidos superiores<\/td>\n<\/tr>\n<tr>\n<td>118 dba. la compatibilidad con g616 limita la<\/td>\n<\/tr>\n<tr>\n<td>Nivel a 102 dbspl<\/td>\n<\/tr>\n<tr>\n<td>Peso (con cable)<\/td>\n<\/tr>\n<tr>\n<td>\u0095 102 g \/ 0,22 libras (bw3310, bw3315)<\/td>\n<\/tr>\n<tr>\n<td>\u0095 130 g \/ 0,29 libras (bw3320, bw3325)<\/td>\n<\/tr>\n<tr>\n<td>Peso (sin cable)<\/td>\n<\/tr>\n<tr>\n<td>\u0095 70 g \/ 0,15 libras (bw3310, bw3315)<\/td>\n<\/tr>\n<tr>\n<td>\u0095 96 g \/ 0,21 libras (bw3320, bw3325)<\/td>\n<\/tr>\n<tr>\n<td>Longitud del cable<\/td>\n<\/tr>\n<tr>\n<td>(m\u00f3dulo en l\u00ednea al auricular)<\/td>\n<\/tr>\n<tr>\n<td>\u0095 665 mm\/2,15 pies (bw3310, bw3320)<\/td>\n<\/tr>\n<tr>\n<td>\u0095 1175 mm\/3,85 pies (bw3315, bw3325)<\/td>\n<\/tr>\n<tr>\n<td>Longitud del cable (usb al m\u00f3dulo en l\u00ednea)<\/td>\n<\/tr>\n<tr>\n<td>\u0095 1450 mm\/4,76 pies (bw3310, bw3320)<\/td>\n<\/tr>\n<tr>\n<td>\u0095 900 mm\/2,95 pies (bw3315, bw3325)<\/td>\n<\/tr>\n<tr>\n<td>Longitud del cable (total usb a auriculares)<\/td>\n<\/tr>\n<tr>\n<td>\u0095 2180 mm\/7,15 pies (bw3310, bw3320)<\/td>\n<\/tr>\n<tr>\n<td>\u0095 2150 mm\/7,05 pies (bw3315, bw3325)<\/td>\n<\/tr>\n<tr>\n<td>Ajuste de la diadema<\/td>\n<\/tr>\n<tr>\n<td>\u0095 35 mm\/0,11 pies (bw3310, bw3315)<\/td>\n<\/tr>\n<tr>\n<td>\u0095 70 mm\/0,23 pies (bw3320, bw3325)<\/td>\n<\/tr>\n<tr>\n<td>Rotaci\u00f3n del brazo<\/td>\n<\/tr>\n<tr>\n<td>\u0095 280\u00b0<\/td>\n<\/tr>\n<tr>\n<td>Controles de llamada<\/td>\n<\/tr>\n<tr>\n<td>\u0095 bw33xx: bot\u00f3n de respuesta\/finalizaci\u00f3n de llamada,<\/td>\n<\/tr>\n<tr>\n<td>Volumen, silencio<\/td>\n<\/tr>\n<tr>\n<td>\u0095 bw33xx-m: respuesta\/finalizaci\u00f3n de llamada combinada<\/td>\n<\/tr>\n<tr>\n<td>Y bot\u00f3n dedicado de microsoft teams,<\/td>\n<\/tr>\n<tr>\n<td>Volumen, silencio<\/td>\n<\/tr>\n<tr>\n<td>Alertas de tono<\/td>\n<\/tr>\n<tr>\n<td>\u0095 alertas de tono para activar\/desactivar el silencio y el volumen<\/td>\n<\/tr>\n<tr>\n<td>M\u00e1ximo m\u00ednimo<\/td>\n<\/tr>\n<tr>\n<td>Garant\u00eda limitada mundial<\/td>\n<\/tr>\n<tr>\n<td>\u0095 2 a\u00f1os de garant\u00eda<\/td>\n<\/tr>\n<tr>\n<td>Aplicaciones soportadas<\/td>\n<\/tr>\n<tr>\n<td>\u0095 solo versi\u00f3n de escritorio de plantronics hub,<\/td>\n<\/tr>\n<tr>\n<td>Disponible para windows\/mac. plantronics<\/td>\n<\/tr>\n<tr>\n<td>Suites manager pro: gesti\u00f3n de activos<\/td>\n<\/tr>\n<tr>\n<td>Y adopci\u00f3n, calidad de llamadas y an\u00e1lisis,<\/td>\n<\/tr>\n<tr>\n<td>Salud y seguridad<\/td>\n<\/tr>\n<\/table>\n","protected":false},"excerpt":{"rendered":"<p>La serie blackwire 3300 proporciona la mejor experiencia de audio de su clase en unos auriculares. Creado para la implementaci\u00f3n empresarial. A\u00fan mejor, los trabajadores quieren usarlo, por lo que su. La inversi\u00f3n da sus frutos. El gran atractivo de la serie blackwire 3300 es evidente. A primera vista: tiene un dise\u00f1o moderno y elegante. Su brazo de micr\u00f3fono es flexible, por lo que. Los trabajadores pueden personalizar el ajuste. Y el auricular es totalmente ajustable con comodidad. Diadema acolchada, almohadillas suaves para los o\u00eddos y parlantes giratorios de 180 grados. No solo eso, suena tan bien como parece, con el audio de alta calidad que esperar\u00edas. Del poli. Y si empieza a parecer caro, tenemos buenas noticias. Alambre negro. La serie 3300 tiene un precio que se ajusta a su presupuesto. \u0095 opciones oth (sobre la cabeza) mono o est\u00e9reo. \u0095 elija la variante para su dispositivo: pc usb-a o usb-c y\/o 3,5 mm. Para la conectividad m\u00f3vil. \u0095 simplicidad y confiabilidad con cable. \u0095 f\u00e1cil de usar: no se necesita formaci\u00f3n<\/p>\n","protected":false},"featured_media":243462,"comment_status":"open","ping_status":"open","template":"","meta":[],"product_cat":[1552,1816],"product_tag":[2035],"acf":[],"yoast_head":"<!-- This site is optimized with the Yoast SEO plugin v21.7 - https:\/\/yoast.com\/wordpress\/plugins\/seo\/ -->\n<title>[ Poly ] &#129351; 8x221aa Diadema Hp Blackwire 3325 \/ Alambrica Usb -a Con Microfono Salida 3,5mm Cancelacion De Ruido Conlor Negro Con Naranja<\/title>\n<meta name=\"description\" content=\"Compra 8x221aa Diadema Hp Blackwire 3325 \/ Alambrica Usb -a Con Microfono Salida 3,5mm Cancelacion De Ruido Conlor Negro Con Naranja + Env\u00edo a domicilio + Pago seguro + Garant\u00eda\" \/>\n<meta name=\"robots\" content=\"index, follow, max-snippet:-1, max-image-preview:large, max-video-preview:-1\" \/>\n<link rel=\"canonical\" href=\"https:\/\/compuviper.mx\/tienda\/producto\/poly-8x221aa-diadema-hp-blackwire-3325-alambrica-usb-a-con-microfono-salida-35mm-cancelacion-de-ruido-conlor-negro-con-naranja\/\" \/>\n<meta property=\"og:locale\" content=\"es_MX\" \/>\n<meta property=\"og:type\" content=\"article\" \/>\n<meta property=\"og:title\" content=\"[ Poly ] &#129351; 8x221aa Diadema Hp Blackwire 3325 \/ Alambrica Usb -a Con Microfono Salida 3,5mm Cancelacion De Ruido Conlor Negro Con Naranja\" \/>\n<meta property=\"og:description\" content=\"Compra 8x221aa Diadema Hp Blackwire 3325 \/ Alambrica Usb -a Con Microfono Salida 3,5mm Cancelacion De Ruido Conlor Negro Con Naranja + Env\u00edo a domicilio + Pago seguro + Garant\u00eda\" \/>\n<meta property=\"og:url\" content=\"https:\/\/compuviper.mx\/tienda\/producto\/poly-8x221aa-diadema-hp-blackwire-3325-alambrica-usb-a-con-microfono-salida-35mm-cancelacion-de-ruido-conlor-negro-con-naranja\/\" \/>\n<meta property=\"og:site_name\" content=\"Compuviper\" \/>\n<meta property=\"article:publisher\" content=\"https:\/\/www.facebook.com\/compuviper\" \/>\n<meta property=\"og:image\" content=\"https:\/\/compuviper.mx\/tienda\/wp-content\/uploads\/2024\/09\/Diadema-hp-poly-76j20aa-blackwire-3325-alambrica-usb-a-con-microfono-salida-35mm-cancelacion-de-ruido-conlor-negro-con-naranja.jpg\" \/>\n\t<meta property=\"og:image:width\" content=\"200\" \/>\n\t<meta property=\"og:image:height\" content=\"200\" \/>\n\t<meta property=\"og:image:type\" content=\"image\/jpeg\" \/>\n<meta name=\"twitter:card\" content=\"summary_large_image\" \/>\n<meta name=\"twitter:label1\" content=\"Precio\" \/>\n\t<meta name=\"twitter:data1\" content=\"&#36;1,608 con IVA\" \/>\n\t<meta name=\"twitter:label2\" content=\"Availability\" \/>\n\t<meta name=\"twitter:data2\" content=\"On backorder\" \/>\n<script type=\"application\/ld+json\" class=\"yoast-schema-graph\">{\"@context\":\"https:\/\/schema.org\",\"@graph\":[{\"@type\":\"WebPage\",\"@id\":\"https:\/\/compuviper.mx\/tienda\/producto\/poly-8x221aa-diadema-hp-blackwire-3325-alambrica-usb-a-con-microfono-salida-35mm-cancelacion-de-ruido-conlor-negro-con-naranja\/\",\"url\":\"https:\/\/compuviper.mx\/tienda\/producto\/poly-8x221aa-diadema-hp-blackwire-3325-alambrica-usb-a-con-microfono-salida-35mm-cancelacion-de-ruido-conlor-negro-con-naranja\/\",\"name\":\"[ Poly ] &#129351; 8x221aa Diadema Hp Blackwire 3325 \/ Alambrica Usb -a Con Microfono Salida 3,5mm Cancelacion De Ruido Conlor Negro Con Naranja\",\"isPartOf\":{\"@id\":\"https:\/\/compuviper.mx\/tienda\/#website\"},\"datePublished\":\"2026-04-02T08:06:16+00:00\",\"dateModified\":\"2026-04-02T08:06:16+00:00\",\"description\":\"Compra 8x221aa Diadema Hp Blackwire 3325 \/ Alambrica Usb -a Con Microfono Salida 3,5mm Cancelacion De Ruido Conlor Negro Con Naranja + Env\u00edo a domicilio + Pago seguro + Garant\u00eda\",\"breadcrumb\":{\"@id\":\"https:\/\/compuviper.mx\/tienda\/producto\/poly-8x221aa-diadema-hp-blackwire-3325-alambrica-usb-a-con-microfono-salida-35mm-cancelacion-de-ruido-conlor-negro-con-naranja\/#breadcrumb\"},\"inLanguage\":\"es-MX\",\"potentialAction\":[{\"@type\":\"ReadAction\",\"target\":[\"https:\/\/compuviper.mx\/tienda\/producto\/poly-8x221aa-diadema-hp-blackwire-3325-alambrica-usb-a-con-microfono-salida-35mm-cancelacion-de-ruido-conlor-negro-con-naranja\/\"]}]},{\"@type\":\"BreadcrumbList\",\"@id\":\"https:\/\/compuviper.mx\/tienda\/producto\/poly-8x221aa-diadema-hp-blackwire-3325-alambrica-usb-a-con-microfono-salida-35mm-cancelacion-de-ruido-conlor-negro-con-naranja\/#breadcrumb\",\"itemListElement\":[{\"@type\":\"ListItem\",\"position\":1,\"name\":\"Inicio\",\"item\":\"https:\/\/compuviper.mx\/tienda\/\"},{\"@type\":\"ListItem\",\"position\":2,\"name\":\"Productos\",\"item\":\"https:\/\/compuviper.mx\/tienda\/productos\/\"},{\"@type\":\"ListItem\",\"position\":3,\"name\":\"Audifonos Y Micro\",\"item\":\"https:\/\/compuviper.mx\/tienda\/categoria-producto\/audifonos-y-micro\/\"},{\"@type\":\"ListItem\",\"position\":4,\"name\":\"Audifono Con Microfono\",\"item\":\"https:\/\/compuviper.mx\/tienda\/categoria-producto\/audifonos-y-micro\/audifono-con-microfono\/\"},{\"@type\":\"ListItem\",\"position\":5,\"name\":\"Poly 8x221aa Diadema Hp Blackwire 3325 \/ Alambrica Usb -a Con Microfono Salida 3,5mm Cancelacion De Ruido Conlor Negro Con Naranja\"}]},{\"@type\":\"WebSite\",\"@id\":\"https:\/\/compuviper.mx\/tienda\/#website\",\"url\":\"https:\/\/compuviper.mx\/tienda\/\",\"name\":\"Compuviper\",\"description\":\"Proveedor de Computadoras, Laptops, Servidores, Monitores, Puntos de Venta, Teclados,   Impresoras, T\u00f3ner, C\u00e1maras de Seguridad y m\u00e1s en tu tienda en l\u00ednea\",\"publisher\":{\"@id\":\"https:\/\/compuviper.mx\/tienda\/#organization\"},\"potentialAction\":[{\"@type\":\"SearchAction\",\"target\":{\"@type\":\"EntryPoint\",\"urlTemplate\":\"https:\/\/compuviper.mx\/tienda\/?s={search_term_string}\"},\"query-input\":\"required name=search_term_string\"}],\"inLanguage\":\"es-MX\"},{\"@type\":\"Organization\",\"@id\":\"https:\/\/compuviper.mx\/tienda\/#organization\",\"name\":\"Compuviper\",\"url\":\"https:\/\/compuviper.mx\/tienda\/\",\"logo\":{\"@type\":\"ImageObject\",\"inLanguage\":\"es-MX\",\"@id\":\"https:\/\/compuviper.mx\/tienda\/#\/schema\/logo\/image\/\",\"url\":\"https:\/\/compuviper.mx\/tienda\/wp-content\/uploads\/2021\/08\/Logo-Compuviper-10.png\",\"contentUrl\":\"https:\/\/compuviper.mx\/tienda\/wp-content\/uploads\/2021\/08\/Logo-Compuviper-10.png\",\"width\":1000,\"height\":500,\"caption\":\"Compuviper\"},\"image\":{\"@id\":\"https:\/\/compuviper.mx\/tienda\/#\/schema\/logo\/image\/\"},\"sameAs\":[\"https:\/\/www.facebook.com\/compuviper\",\"https:\/\/www.youtube.com\/channel\/UCf73dERp9Y3cfOq7q8BhLjA?view_as=subscriber\"]}]}<\/script>\n<meta property=\"product:brand\" content=\"POLY\" \/>\n<meta property=\"product:price:amount\" content=\"1608\" \/>\n<meta property=\"product:price:currency\" content=\"MXN\" \/>\n<meta property=\"og:availability\" content=\"backorder\" \/>\n<meta property=\"product:availability\" content=\"available for order\" \/>\n<meta property=\"product:retailer_item_id\" content=\"8X221AA\" \/>\n<meta property=\"product:condition\" content=\"new\" \/>\n<!-- \/ Yoast SEO plugin. -->","yoast_head_json":{"title":"[ Poly ] &#129351; 8x221aa Diadema Hp Blackwire 3325 \/ Alambrica Usb -a Con Microfono Salida 3,5mm Cancelacion De Ruido Conlor Negro Con Naranja","description":"Compra 8x221aa Diadema Hp Blackwire 3325 \/ Alambrica Usb -a Con Microfono Salida 3,5mm Cancelacion De Ruido Conlor Negro Con Naranja + Env\u00edo a domicilio + Pago seguro + Garant\u00eda","robots":{"index":"index","follow":"follow","max-snippet":"max-snippet:-1","max-image-preview":"max-image-preview:large","max-video-preview":"max-video-preview:-1"},"canonical":"https:\/\/compuviper.mx\/tienda\/producto\/poly-8x221aa-diadema-hp-blackwire-3325-alambrica-usb-a-con-microfono-salida-35mm-cancelacion-de-ruido-conlor-negro-con-naranja\/","og_locale":"es_MX","og_type":"article","og_title":"[ Poly ] &#129351; 8x221aa Diadema Hp Blackwire 3325 \/ Alambrica Usb -a Con Microfono Salida 3,5mm Cancelacion De Ruido Conlor Negro Con Naranja","og_description":"Compra 8x221aa Diadema Hp Blackwire 3325 \/ Alambrica Usb -a Con Microfono Salida 3,5mm Cancelacion De Ruido Conlor Negro Con Naranja + Env\u00edo a domicilio + Pago seguro + Garant\u00eda","og_url":"https:\/\/compuviper.mx\/tienda\/producto\/poly-8x221aa-diadema-hp-blackwire-3325-alambrica-usb-a-con-microfono-salida-35mm-cancelacion-de-ruido-conlor-negro-con-naranja\/","og_site_name":"Compuviper","article_publisher":"https:\/\/www.facebook.com\/compuviper","og_image":[{"width":200,"height":200,"url":"https:\/\/compuviper.mx\/tienda\/wp-content\/uploads\/2024\/09\/Diadema-hp-poly-76j20aa-blackwire-3325-alambrica-usb-a-con-microfono-salida-35mm-cancelacion-de-ruido-conlor-negro-con-naranja.jpg","type":"image\/jpeg"}],"twitter_card":"summary_large_image","twitter_misc":{"Precio":"&#36;1,608 con IVA","Availability":"On backorder"},"schema":{"@context":"https:\/\/schema.org","@graph":[{"@type":"WebPage","@id":"https:\/\/compuviper.mx\/tienda\/producto\/poly-8x221aa-diadema-hp-blackwire-3325-alambrica-usb-a-con-microfono-salida-35mm-cancelacion-de-ruido-conlor-negro-con-naranja\/","url":"https:\/\/compuviper.mx\/tienda\/producto\/poly-8x221aa-diadema-hp-blackwire-3325-alambrica-usb-a-con-microfono-salida-35mm-cancelacion-de-ruido-conlor-negro-con-naranja\/","name":"[ Poly ] &#129351; 8x221aa Diadema Hp Blackwire 3325 \/ Alambrica Usb -a Con Microfono Salida 3,5mm Cancelacion De Ruido Conlor Negro Con Naranja","isPartOf":{"@id":"https:\/\/compuviper.mx\/tienda\/#website"},"datePublished":"2026-04-02T08:06:16+00:00","dateModified":"2026-04-02T08:06:16+00:00","description":"Compra 8x221aa Diadema Hp Blackwire 3325 \/ Alambrica Usb -a Con Microfono Salida 3,5mm Cancelacion De Ruido Conlor Negro Con Naranja + Env\u00edo a domicilio + Pago seguro + Garant\u00eda","breadcrumb":{"@id":"https:\/\/compuviper.mx\/tienda\/producto\/poly-8x221aa-diadema-hp-blackwire-3325-alambrica-usb-a-con-microfono-salida-35mm-cancelacion-de-ruido-conlor-negro-con-naranja\/#breadcrumb"},"inLanguage":"es-MX","potentialAction":[{"@type":"ReadAction","target":["https:\/\/compuviper.mx\/tienda\/producto\/poly-8x221aa-diadema-hp-blackwire-3325-alambrica-usb-a-con-microfono-salida-35mm-cancelacion-de-ruido-conlor-negro-con-naranja\/"]}]},{"@type":"BreadcrumbList","@id":"https:\/\/compuviper.mx\/tienda\/producto\/poly-8x221aa-diadema-hp-blackwire-3325-alambrica-usb-a-con-microfono-salida-35mm-cancelacion-de-ruido-conlor-negro-con-naranja\/#breadcrumb","itemListElement":[{"@type":"ListItem","position":1,"name":"Inicio","item":"https:\/\/compuviper.mx\/tienda\/"},{"@type":"ListItem","position":2,"name":"Productos","item":"https:\/\/compuviper.mx\/tienda\/productos\/"},{"@type":"ListItem","position":3,"name":"Audifonos Y Micro","item":"https:\/\/compuviper.mx\/tienda\/categoria-producto\/audifonos-y-micro\/"},{"@type":"ListItem","position":4,"name":"Audifono Con Microfono","item":"https:\/\/compuviper.mx\/tienda\/categoria-producto\/audifonos-y-micro\/audifono-con-microfono\/"},{"@type":"ListItem","position":5,"name":"Poly 8x221aa Diadema Hp Blackwire 3325 \/ Alambrica Usb -a Con Microfono Salida 3,5mm Cancelacion De Ruido Conlor Negro Con Naranja"}]},{"@type":"WebSite","@id":"https:\/\/compuviper.mx\/tienda\/#website","url":"https:\/\/compuviper.mx\/tienda\/","name":"Compuviper","description":"Proveedor de Computadoras, Laptops, Servidores, Monitores, Puntos de Venta, Teclados,   Impresoras, T\u00f3ner, C\u00e1maras de Seguridad y m\u00e1s en tu tienda en l\u00ednea","publisher":{"@id":"https:\/\/compuviper.mx\/tienda\/#organization"},"potentialAction":[{"@type":"SearchAction","target":{"@type":"EntryPoint","urlTemplate":"https:\/\/compuviper.mx\/tienda\/?s={search_term_string}"},"query-input":"required name=search_term_string"}],"inLanguage":"es-MX"},{"@type":"Organization","@id":"https:\/\/compuviper.mx\/tienda\/#organization","name":"Compuviper","url":"https:\/\/compuviper.mx\/tienda\/","logo":{"@type":"ImageObject","inLanguage":"es-MX","@id":"https:\/\/compuviper.mx\/tienda\/#\/schema\/logo\/image\/","url":"https:\/\/compuviper.mx\/tienda\/wp-content\/uploads\/2021\/08\/Logo-Compuviper-10.png","contentUrl":"https:\/\/compuviper.mx\/tienda\/wp-content\/uploads\/2021\/08\/Logo-Compuviper-10.png","width":1000,"height":500,"caption":"Compuviper"},"image":{"@id":"https:\/\/compuviper.mx\/tienda\/#\/schema\/logo\/image\/"},"sameAs":["https:\/\/www.facebook.com\/compuviper","https:\/\/www.youtube.com\/channel\/UCf73dERp9Y3cfOq7q8BhLjA?view_as=subscriber"]}]},"product_brand":"POLY","product_price_amount":"1608","product_price_currency":"MXN","og_availability":"backorder","product_availability":"available for order","product_retailer_item_id":"8X221AA","product_condition":"new"},"_links":{"self":[{"href":"https:\/\/compuviper.mx\/tienda\/wp-json\/wp\/v2\/product\/225924"}],"collection":[{"href":"https:\/\/compuviper.mx\/tienda\/wp-json\/wp\/v2\/product"}],"about":[{"href":"https:\/\/compuviper.mx\/tienda\/wp-json\/wp\/v2\/types\/product"}],"replies":[{"embeddable":true,"href":"https:\/\/compuviper.mx\/tienda\/wp-json\/wp\/v2\/comments?post=225924"}],"wp:featuredmedia":[{"embeddable":true,"href":"https:\/\/compuviper.mx\/tienda\/wp-json\/wp\/v2\/media\/243462"}],"wp:attachment":[{"href":"https:\/\/compuviper.mx\/tienda\/wp-json\/wp\/v2\/media?parent=225924"}],"wp:term":[{"taxonomy":"product_cat","embeddable":true,"href":"https:\/\/compuviper.mx\/tienda\/wp-json\/wp\/v2\/product_cat?post=225924"},{"taxonomy":"product_tag","embeddable":true,"href":"https:\/\/compuviper.mx\/tienda\/wp-json\/wp\/v2\/product_tag?post=225924"}],"curies":[{"name":"wp","href":"https:\/\/api.w.org\/{rel}","templated":true}]}}