{"id":225832,"date":"2026-04-02T02:06:02","date_gmt":"2026-04-02T08:06:02","guid":{"rendered":"https:\/\/compuviper.mx\/tienda\/producto\/poly-76u46aa213726-01-diadema-213726-01-voyager-focus-2-uc-bluetooth-dongle-usb-a-conexion-de-hasta-2-dispositivos-estereo-hasta19-h-de-conversacion-alcance-hasta-50-m-sin-base-de-carga\/"},"modified":"2026-04-02T02:06:02","modified_gmt":"2026-04-02T08:06:02","slug":"poly-9t9j3aaac3213726-01-diadema-hp-9t9j3aaac3-voyager-focus-2-uc-bluetooth-dongle-usb-a-conexion-de-hasta-2-dispositivos-estereo-hasta19-h-de-conversacion-alcance-hasta-50-m-sin-base-de-carga","status":"publish","type":"product","link":"https:\/\/compuviper.mx\/tienda\/producto\/poly-9t9j3aaac3213726-01-diadema-hp-9t9j3aaac3-voyager-focus-2-uc-bluetooth-dongle-usb-a-conexion-de-hasta-2-dispositivos-estereo-hasta19-h-de-conversacion-alcance-hasta-50-m-sin-base-de-carga\/","title":{"rendered":"Poly 9t9j3aa#ac3,213726-01 Diadema Hp  9t9j3aaac3 Voyager Focus 2 Uc\/bluetooth Dongle Usb-a Conexion De Hasta 2 Dispositivos Estereo Hasta19 H De Conversacion Alcance Hasta 50 M Sin Base De Carga"},"content":{"rendered":"<table class=\"descripcion\">\n<tr>\n<td>Bluetooth v5.1<\/td>\n<\/tr>\n<tr>\n<td>\u0095 clase 1<\/td>\n<\/tr>\n<tr>\n<td>\u0095 conectividad multipunto, auriculares<\/td>\n<\/tr>\n<tr>\n<td>Se conecta a dos dispositivos al mismo<\/td>\n<\/tr>\n<tr>\n<td>Tiempo, recuerda hasta 8 dispositivos<\/td>\n<\/tr>\n<tr>\n<td>\u0095 perfiles de bluetooth compatibles<\/td>\n<\/tr>\n<tr>\n<td>-a2dp, avrcp, hsp, hfp<\/td>\n<\/tr>\n<tr>\n<td>\u0095 rango<\/td>\n<\/tr>\n<tr>\n<td>&#8211; voyager focus 2 uc: hasta 50 m\/164 pies<\/td>\n<\/tr>\n<tr>\n<td>&#8211; base de la oficina voyager: hasta 91 m\/300 pies<\/td>\n<\/tr>\n<tr>\n<td>Inal\u00e1mbrico<\/td>\n<\/tr>\n<tr>\n<td>No pudimos construir un muro a tu alrededor para bloquear el ruido de fondo, as\u00ed que<\/td>\n<\/tr>\n<tr>\n<td>Hizo lo siguiente mejor: cre\u00f3 una zona de enfoque con el nuevo voyager focus2.<\/td>\n<\/tr>\n<tr>\n<td>Todo lo que escuchas es tu llamada con tres niveles de ruido activo h\u00edbrido<\/td>\n<\/tr>\n<tr>\n<td>Cancelar (anc). todo lo que escuchan es a ti con nuestros micr\u00f3fonos de nivel profesional usando<\/td>\n<\/tr>\n<tr>\n<td>Tecnolog\u00eda poly acoustic fence. y mientras piensas en tu llamada, es<\/td>\n<\/tr>\n<tr>\n<td>Pensando por ti, alert\u00e1ndote para que nunca m\u00e1s tengas que decir: vaya, olvid\u00e9 que estoy<\/td>\n<\/tr>\n<tr>\n<td>En silencio.\u0094 diablos, simplemente col\u00f3quese el auricular y autom\u00e1ticamente responde la llamada para<\/td>\n<\/tr>\n<tr>\n<td>T\u00fa. es toda la ingenier\u00eda de siguiente nivel de poly que esperas con el uso que se puede llevar todo el d\u00eda.<\/td>\n<\/tr>\n<tr>\n<td>Consuelo que necesitas.<\/td>\n<\/tr>\n<tr>\n<td>\u0095 tres niveles de cancelaci\u00f3n activa de ruido h\u00edbrida digital avanzada (anc).<\/td>\n<\/tr>\n<tr>\n<td>\u0095 cancelaci\u00f3n avanzada de ruido de m\u00faltiples micr\u00f3fonos con tecnolog\u00eda acoustic fence<\/td>\n<\/tr>\n<tr>\n<td>En un discreto boom.<\/td>\n<\/tr>\n<tr>\n<td>\u0095 sonido est\u00e9reo para llamadas y multimedia\/m\u00fasica.<\/td>\n<\/tr>\n<tr>\n<td>\u0095 dynamic mute alert detecta y te avisa cuando hablas mientras est\u00e1s silenciado.<\/td>\n<\/tr>\n<tr>\n<td>Con cable<\/td>\n<\/tr>\n<tr>\n<td>Con\u00e9ctese a la pc a trav\u00e9s del micro usb incluido<\/td>\n<\/tr>\n<tr>\n<td>Cable con audio en modo usb<\/td>\n<\/tr>\n<tr>\n<td>Bater\u00eda<\/td>\n<\/tr>\n<tr>\n<td>Capacidad de la bater\u00eda: 560 mah<\/td>\n<\/tr>\n<tr>\n<td>\u0095 tipo de bater\u00eda: iones de litio<\/td>\n<\/tr>\n<tr>\n<td>\u0095 tiempo de conversaci\u00f3n:<\/td>\n<\/tr>\n<tr>\n<td>&#8211; hasta 25 horas (anc y en l\u00ednea)<\/td>\n<\/tr>\n<tr>\n<td>Indicador apagado)**<\/td>\n<\/tr>\n<tr>\n<td>&#8211; hasta 20 horas (anc en y en l\u00ednea<\/td>\n<\/tr>\n<tr>\n<td>Indicador apagado)**<\/td>\n<\/tr>\n<tr>\n<td>&#8211; hasta 18 horas (anc apagado y en l\u00ednea)<\/td>\n<\/tr>\n<tr>\n<td>Indicador encendido, configuraci\u00f3n predeterminada)<\/td>\n<\/tr>\n<tr>\n<td>&#8211; hasta 16 horas (anc en y en l\u00ednea<\/td>\n<\/tr>\n<tr>\n<td>Indicador encendido, configuraci\u00f3n predeterminada)<\/td>\n<\/tr>\n<tr>\n<td>\u0095 tiempo de escucha:<\/td>\n<\/tr>\n<tr>\n<td>&#8211; hasta 40 horas (anc apagado)<\/td>\n<\/tr>\n<tr>\n<td>&#8211; hasta 24 horas (anc activado)<\/td>\n<\/tr>\n<tr>\n<td>\u0095 tiempo de carga: 2 horas para una carga completa<\/td>\n<\/tr>\n<tr>\n<td>\u0095 tiempo de espera: hasta 30 d\u00edas<\/td>\n<\/tr>\n<tr>\n<td>Recibir respuesta de frecuencia<\/td>\n<\/tr>\n<tr>\n<td>\u0095 ecualizador din\u00e1mico optimizado para pc de banda ancha<\/td>\n<\/tr>\n<tr>\n<td>Telefon\u00eda de voz hasta 7 khz o para<\/td>\n<\/tr>\n<tr>\n<td>Multimedia de 20 hz a 20 khz<\/td>\n<\/tr>\n<tr>\n<td>Tecnolog\u00eda anc<\/td>\n<\/tr>\n<tr>\n<td>Anc h\u00edbrido digital usando dos digitales<\/td>\n<\/tr>\n<tr>\n<td>Micr\u00f3fonos mems y 2 ecm anal\u00f3gicos<\/td>\n<\/tr>\n<tr>\n<td>Micr\u00f3fonos con tres configuraciones de usuario<\/td>\n<\/tr>\n<tr>\n<td>(apagado\/bajo\/alto)<\/td>\n<\/tr>\n<tr>\n<td>Sensores inteligentes<\/td>\n<\/tr>\n<tr>\n<td>Responde llamadas simplemente poni\u00e9ndote el<\/td>\n<\/tr>\n<tr>\n<td>Auricular, silenciar quit\u00e1ndose el auricular<\/td>\n<\/tr>\n<tr>\n<td>Y pausar\/reanudar m\u00fasica<\/td>\n<\/tr>\n<tr>\n<td>Protecci\u00f3n auditiva<\/td>\n<\/tr>\n<tr>\n<td>\u0095 soundguard digital: compatible con g616<\/td>\n<\/tr>\n<tr>\n<td>Limita el nivel a 102 dbspl; el promedio ponderado en el tiempo evita el promedio<\/td>\n<\/tr>\n<tr>\n<td>Exposici\u00f3n diaria al ruido por exceder<\/td>\n<\/tr>\n<tr>\n<td>85dba***<\/td>\n<\/tr>\n<tr>\n<td>Micr\u00f3fono y tecnolog\u00eda<\/td>\n<\/tr>\n<tr>\n<td>Boom de cancelaci\u00f3n de ruido discreto<\/td>\n<\/tr>\n<tr>\n<td>Con tecnolog\u00eda acoustic fence para<\/td>\n<\/tr>\n<tr>\n<td>Equipos de microsoft open office premium<\/td>\n<\/tr>\n<tr>\n<td>Micr\u00f3fono<\/td>\n<\/tr>\n<tr>\n<td>\u0095 boom de micr\u00f3fono discreto inteligente: desgaste<\/td>\n<\/tr>\n<tr>\n<td>A cada lado y mantener la ubicaci\u00f3n de<\/td>\n<\/tr>\n<tr>\n<td>Est\u00e9reo derecho e izquierdo. gire el brazo hacia arriba para silenciar y<\/td>\n<\/tr>\n<tr>\n<td>Abajo para dejar de silenciar<\/td>\n<\/tr>\n<tr>\n<td>Controles y luces de los auriculares<\/td>\n<\/tr>\n<tr>\n<td>\u0095 contestar\/finalizar llamada, silencio, volumen +\/-,<\/td>\n<\/tr>\n<tr>\n<td>Encendido\/apagado\/emparejamiento, anc: apagado, bajo,<\/td>\n<\/tr>\n<tr>\n<td>Alto<\/td>\n<\/tr>\n<tr>\n<td>\u0095 indicador en l\u00ednea: dos indicadores led encendidos<\/td>\n<\/tr>\n<tr>\n<td>La carcasa del altavoz muestra el estado de una llamada<\/td>\n<\/tr>\n<tr>\n<td>Controles de la base del auricular<\/td>\n<\/tr>\n<tr>\n<td>\u0095 voyager focus 2 uc con soporte de carga:<\/td>\n<\/tr>\n<tr>\n<td>Solo cargador de escritorio<\/td>\n<\/tr>\n<tr>\n<td>\u0095 base de voyager office*: tel\u00e9fono de escritorio,<\/td>\n<\/tr>\n<tr>\n<td>Bot\u00f3n selector de softphone; microsoft<\/td>\n<\/tr>\n<tr>\n<td>Bot\u00f3n teams (versi\u00f3n de microsoft teams)<\/td>\n<\/tr>\n<tr>\n<td>Solo); y configuraci\u00f3n del tel\u00e9fono de escritorio,<\/td>\n<\/tr>\n<tr>\n<td>Ajuste de transmisi\u00f3n y recepci\u00f3n<\/td>\n<\/tr>\n<\/table>\n","protected":false},"excerpt":{"rendered":"<p>Voyager focus 2. No pudimos construir un muro a tu alrededor para bloquear el ruido de fondo, as\u00ed que. Hizo lo siguiente mejor: cre\u00f3 una zona de enfoque con el nuevo voyager focus. 2 auriculares. Todo lo que escuchas es tu llamada con tres niveles de ruido activo h\u00edbrido. Cancelar (anc). Todo lo que escuchan es a ti con nuestros micr\u00f3fonos de nivel profesional usando. Tecnolog\u00eda poly acoustic fence. Y mientras piensas en tu llamada, es. Pensando por ti, alert\u00e1ndote para que nunca m\u00e1s tengas que decir: vaya, olvid\u00e9 que estoy. En silencio.\u0094 diablos, simplemente col\u00f3quese el auricular y autom\u00e1ticamente responde la llamada para. T\u00fa. Es toda la ingenier\u00eda de siguiente nivel de poly que esperas con el uso que se puede llevar todo el d\u00eda. Consuelo que necesitas. \u0095 tres niveles de cancelaci\u00f3n activa de ruido h\u00edbrida digital avanzada (anc). \u0095 cancelaci\u00f3n avanzada de ruido de m\u00faltiples micr\u00f3fonos con tecnolog\u00eda acoustic fence. En un discreto boom. \u0095 sonido est\u00e9reo para llamadas y multimedia\/m\u00fasica. \u0095 dynamic mute alert detecta y te avisa cuando hablas mientras est\u00e1s silenciado.<\/p>\n","protected":false},"featured_media":225833,"comment_status":"open","ping_status":"open","template":"","meta":[],"product_cat":[1552,1816],"product_tag":[2035],"acf":[],"yoast_head":"<!-- This site is optimized with the Yoast SEO plugin v21.7 - https:\/\/yoast.com\/wordpress\/plugins\/seo\/ -->\n<title>[ Poly ] &#129351; 9t9j3aa#ac3,213726-01 Diadema Hp 9t9j3aaac3 Voyager Focus 2 Uc\/bluetooth Dongle Usb-a Conexion De Hasta 2 Dispositivos Estereo Hasta19 H De Conversacion Alcance Hasta 50 M Sin Base De Carga<\/title>\n<meta name=\"description\" content=\"Compra 9t9j3aa#ac3,213726-01 Diadema Hp 9t9j3aaac3 Voyager Focus 2 Uc\/bluetooth Dongle Usb-a Conexion De Hasta 2 Dispositivos Estereo Hasta19 H De Conversacion Alcance Hasta 50 M Sin Base De Carga + Env\u00edo a domicilio + Pago seguro + Garant\u00eda\" \/>\n<meta name=\"robots\" content=\"index, follow, max-snippet:-1, max-image-preview:large, max-video-preview:-1\" \/>\n<link rel=\"canonical\" href=\"https:\/\/compuviper.mx\/tienda\/producto\/poly-9t9j3aaac3213726-01-diadema-hp-9t9j3aaac3-voyager-focus-2-uc-bluetooth-dongle-usb-a-conexion-de-hasta-2-dispositivos-estereo-hasta19-h-de-conversacion-alcance-hasta-50-m-sin-base-de-carga\/\" \/>\n<meta property=\"og:locale\" content=\"es_MX\" \/>\n<meta property=\"og:type\" content=\"article\" \/>\n<meta property=\"og:title\" content=\"[ Poly ] &#129351; 9t9j3aa#ac3,213726-01 Diadema Hp 9t9j3aaac3 Voyager Focus 2 Uc\/bluetooth Dongle Usb-a Conexion De Hasta 2 Dispositivos Estereo Hasta19 H De Conversacion Alcance Hasta 50 M Sin Base De Carga\" \/>\n<meta property=\"og:description\" content=\"Compra 9t9j3aa#ac3,213726-01 Diadema Hp 9t9j3aaac3 Voyager Focus 2 Uc\/bluetooth Dongle Usb-a Conexion De Hasta 2 Dispositivos Estereo Hasta19 H De Conversacion Alcance Hasta 50 M Sin Base De Carga + Env\u00edo a domicilio + Pago seguro + Garant\u00eda\" \/>\n<meta property=\"og:url\" content=\"https:\/\/compuviper.mx\/tienda\/producto\/poly-9t9j3aaac3213726-01-diadema-hp-9t9j3aaac3-voyager-focus-2-uc-bluetooth-dongle-usb-a-conexion-de-hasta-2-dispositivos-estereo-hasta19-h-de-conversacion-alcance-hasta-50-m-sin-base-de-carga\/\" \/>\n<meta property=\"og:site_name\" content=\"Compuviper\" \/>\n<meta property=\"article:publisher\" content=\"https:\/\/www.facebook.com\/compuviper\" \/>\n<meta property=\"og:image\" content=\"https:\/\/compuviper.mx\/tienda\/wp-content\/uploads\/2023\/12\/Diadema-poly-213726-01-voyager-focus-2-ucbluetooth-dongle-usb-a-conexion-de-hasta-2-dispositivos-estereo-hasta19-h-de-conversacion-alcance-hasta-50-m-sin-base-de-carga.jpg\" \/>\n\t<meta property=\"og:image:width\" content=\"200\" \/>\n\t<meta property=\"og:image:height\" content=\"200\" \/>\n\t<meta property=\"og:image:type\" content=\"image\/jpeg\" \/>\n<meta name=\"twitter:card\" content=\"summary_large_image\" \/>\n<meta name=\"twitter:label1\" content=\"Precio\" \/>\n\t<meta name=\"twitter:data1\" content=\"&#36;4,805 con IVA\" \/>\n\t<meta name=\"twitter:label2\" content=\"Availability\" \/>\n\t<meta name=\"twitter:data2\" content=\"Out of stock\" \/>\n<script type=\"application\/ld+json\" class=\"yoast-schema-graph\">{\"@context\":\"https:\/\/schema.org\",\"@graph\":[{\"@type\":\"WebPage\",\"@id\":\"https:\/\/compuviper.mx\/tienda\/producto\/poly-9t9j3aaac3213726-01-diadema-hp-9t9j3aaac3-voyager-focus-2-uc-bluetooth-dongle-usb-a-conexion-de-hasta-2-dispositivos-estereo-hasta19-h-de-conversacion-alcance-hasta-50-m-sin-base-de-carga\/\",\"url\":\"https:\/\/compuviper.mx\/tienda\/producto\/poly-9t9j3aaac3213726-01-diadema-hp-9t9j3aaac3-voyager-focus-2-uc-bluetooth-dongle-usb-a-conexion-de-hasta-2-dispositivos-estereo-hasta19-h-de-conversacion-alcance-hasta-50-m-sin-base-de-carga\/\",\"name\":\"[ Poly ] &#129351; 9t9j3aa#ac3,213726-01 Diadema Hp 9t9j3aaac3 Voyager Focus 2 Uc\/bluetooth Dongle Usb-a Conexion De Hasta 2 Dispositivos Estereo Hasta19 H De Conversacion Alcance Hasta 50 M Sin Base De Carga\",\"isPartOf\":{\"@id\":\"https:\/\/compuviper.mx\/tienda\/#website\"},\"datePublished\":\"2026-04-02T08:06:02+00:00\",\"dateModified\":\"2026-04-02T08:06:02+00:00\",\"description\":\"Compra 9t9j3aa#ac3,213726-01 Diadema Hp 9t9j3aaac3 Voyager Focus 2 Uc\/bluetooth Dongle Usb-a Conexion De Hasta 2 Dispositivos Estereo Hasta19 H De Conversacion Alcance Hasta 50 M Sin Base De Carga + Env\u00edo a domicilio + Pago seguro + Garant\u00eda\",\"breadcrumb\":{\"@id\":\"https:\/\/compuviper.mx\/tienda\/producto\/poly-9t9j3aaac3213726-01-diadema-hp-9t9j3aaac3-voyager-focus-2-uc-bluetooth-dongle-usb-a-conexion-de-hasta-2-dispositivos-estereo-hasta19-h-de-conversacion-alcance-hasta-50-m-sin-base-de-carga\/#breadcrumb\"},\"inLanguage\":\"es-MX\",\"potentialAction\":[{\"@type\":\"ReadAction\",\"target\":[\"https:\/\/compuviper.mx\/tienda\/producto\/poly-9t9j3aaac3213726-01-diadema-hp-9t9j3aaac3-voyager-focus-2-uc-bluetooth-dongle-usb-a-conexion-de-hasta-2-dispositivos-estereo-hasta19-h-de-conversacion-alcance-hasta-50-m-sin-base-de-carga\/\"]}]},{\"@type\":\"BreadcrumbList\",\"@id\":\"https:\/\/compuviper.mx\/tienda\/producto\/poly-9t9j3aaac3213726-01-diadema-hp-9t9j3aaac3-voyager-focus-2-uc-bluetooth-dongle-usb-a-conexion-de-hasta-2-dispositivos-estereo-hasta19-h-de-conversacion-alcance-hasta-50-m-sin-base-de-carga\/#breadcrumb\",\"itemListElement\":[{\"@type\":\"ListItem\",\"position\":1,\"name\":\"Inicio\",\"item\":\"https:\/\/compuviper.mx\/tienda\/\"},{\"@type\":\"ListItem\",\"position\":2,\"name\":\"Productos\",\"item\":\"https:\/\/compuviper.mx\/tienda\/productos\/\"},{\"@type\":\"ListItem\",\"position\":3,\"name\":\"Audifonos Y Micro\",\"item\":\"https:\/\/compuviper.mx\/tienda\/categoria-producto\/audifonos-y-micro\/\"},{\"@type\":\"ListItem\",\"position\":4,\"name\":\"Audifono Con Microfono\",\"item\":\"https:\/\/compuviper.mx\/tienda\/categoria-producto\/audifonos-y-micro\/audifono-con-microfono\/\"},{\"@type\":\"ListItem\",\"position\":5,\"name\":\"Poly 9t9j3aa#ac3,213726-01 Diadema Hp 9t9j3aaac3 Voyager Focus 2 Uc\/bluetooth Dongle Usb-a Conexion De Hasta 2 Dispositivos Estereo Hasta19 H De Conversacion Alcance Hasta 50 M Sin Base De Carga\"}]},{\"@type\":\"WebSite\",\"@id\":\"https:\/\/compuviper.mx\/tienda\/#website\",\"url\":\"https:\/\/compuviper.mx\/tienda\/\",\"name\":\"Compuviper\",\"description\":\"Proveedor de Computadoras, Laptops, Servidores, Monitores, Puntos de Venta, Teclados,   Impresoras, T\u00f3ner, C\u00e1maras de Seguridad y m\u00e1s en tu tienda en l\u00ednea\",\"publisher\":{\"@id\":\"https:\/\/compuviper.mx\/tienda\/#organization\"},\"potentialAction\":[{\"@type\":\"SearchAction\",\"target\":{\"@type\":\"EntryPoint\",\"urlTemplate\":\"https:\/\/compuviper.mx\/tienda\/?s={search_term_string}\"},\"query-input\":\"required name=search_term_string\"}],\"inLanguage\":\"es-MX\"},{\"@type\":\"Organization\",\"@id\":\"https:\/\/compuviper.mx\/tienda\/#organization\",\"name\":\"Compuviper\",\"url\":\"https:\/\/compuviper.mx\/tienda\/\",\"logo\":{\"@type\":\"ImageObject\",\"inLanguage\":\"es-MX\",\"@id\":\"https:\/\/compuviper.mx\/tienda\/#\/schema\/logo\/image\/\",\"url\":\"https:\/\/compuviper.mx\/tienda\/wp-content\/uploads\/2021\/08\/Logo-Compuviper-10.png\",\"contentUrl\":\"https:\/\/compuviper.mx\/tienda\/wp-content\/uploads\/2021\/08\/Logo-Compuviper-10.png\",\"width\":1000,\"height\":500,\"caption\":\"Compuviper\"},\"image\":{\"@id\":\"https:\/\/compuviper.mx\/tienda\/#\/schema\/logo\/image\/\"},\"sameAs\":[\"https:\/\/www.facebook.com\/compuviper\",\"https:\/\/www.youtube.com\/channel\/UCf73dERp9Y3cfOq7q8BhLjA?view_as=subscriber\"]}]}<\/script>\n<meta property=\"product:brand\" content=\"POLY\" \/>\n<meta property=\"product:price:amount\" content=\"4805\" \/>\n<meta property=\"product:price:currency\" content=\"MXN\" \/>\n<meta property=\"og:availability\" content=\"out of stock\" \/>\n<meta property=\"product:availability\" content=\"out of stock\" \/>\n<meta property=\"product:retailer_item_id\" content=\"9T9J3AA#AC3,213726-01\" \/>\n<meta property=\"product:condition\" content=\"new\" \/>\n<!-- \/ Yoast SEO plugin. -->","yoast_head_json":{"title":"[ Poly ] &#129351; 9t9j3aa#ac3,213726-01 Diadema Hp 9t9j3aaac3 Voyager Focus 2 Uc\/bluetooth Dongle Usb-a Conexion De Hasta 2 Dispositivos Estereo Hasta19 H De Conversacion Alcance Hasta 50 M Sin Base De Carga","description":"Compra 9t9j3aa#ac3,213726-01 Diadema Hp 9t9j3aaac3 Voyager Focus 2 Uc\/bluetooth Dongle Usb-a Conexion De Hasta 2 Dispositivos Estereo Hasta19 H De Conversacion Alcance Hasta 50 M Sin Base De Carga + Env\u00edo a domicilio + Pago seguro + Garant\u00eda","robots":{"index":"index","follow":"follow","max-snippet":"max-snippet:-1","max-image-preview":"max-image-preview:large","max-video-preview":"max-video-preview:-1"},"canonical":"https:\/\/compuviper.mx\/tienda\/producto\/poly-9t9j3aaac3213726-01-diadema-hp-9t9j3aaac3-voyager-focus-2-uc-bluetooth-dongle-usb-a-conexion-de-hasta-2-dispositivos-estereo-hasta19-h-de-conversacion-alcance-hasta-50-m-sin-base-de-carga\/","og_locale":"es_MX","og_type":"article","og_title":"[ Poly ] &#129351; 9t9j3aa#ac3,213726-01 Diadema Hp 9t9j3aaac3 Voyager Focus 2 Uc\/bluetooth Dongle Usb-a Conexion De Hasta 2 Dispositivos Estereo Hasta19 H De Conversacion Alcance Hasta 50 M Sin Base De Carga","og_description":"Compra 9t9j3aa#ac3,213726-01 Diadema Hp 9t9j3aaac3 Voyager Focus 2 Uc\/bluetooth Dongle Usb-a Conexion De Hasta 2 Dispositivos Estereo Hasta19 H De Conversacion Alcance Hasta 50 M Sin Base De Carga + Env\u00edo a domicilio + Pago seguro + Garant\u00eda","og_url":"https:\/\/compuviper.mx\/tienda\/producto\/poly-9t9j3aaac3213726-01-diadema-hp-9t9j3aaac3-voyager-focus-2-uc-bluetooth-dongle-usb-a-conexion-de-hasta-2-dispositivos-estereo-hasta19-h-de-conversacion-alcance-hasta-50-m-sin-base-de-carga\/","og_site_name":"Compuviper","article_publisher":"https:\/\/www.facebook.com\/compuviper","og_image":[{"width":200,"height":200,"url":"https:\/\/compuviper.mx\/tienda\/wp-content\/uploads\/2023\/12\/Diadema-poly-213726-01-voyager-focus-2-ucbluetooth-dongle-usb-a-conexion-de-hasta-2-dispositivos-estereo-hasta19-h-de-conversacion-alcance-hasta-50-m-sin-base-de-carga.jpg","type":"image\/jpeg"}],"twitter_card":"summary_large_image","twitter_misc":{"Precio":"&#36;4,805 con IVA","Availability":"Out of stock"},"schema":{"@context":"https:\/\/schema.org","@graph":[{"@type":"WebPage","@id":"https:\/\/compuviper.mx\/tienda\/producto\/poly-9t9j3aaac3213726-01-diadema-hp-9t9j3aaac3-voyager-focus-2-uc-bluetooth-dongle-usb-a-conexion-de-hasta-2-dispositivos-estereo-hasta19-h-de-conversacion-alcance-hasta-50-m-sin-base-de-carga\/","url":"https:\/\/compuviper.mx\/tienda\/producto\/poly-9t9j3aaac3213726-01-diadema-hp-9t9j3aaac3-voyager-focus-2-uc-bluetooth-dongle-usb-a-conexion-de-hasta-2-dispositivos-estereo-hasta19-h-de-conversacion-alcance-hasta-50-m-sin-base-de-carga\/","name":"[ Poly ] &#129351; 9t9j3aa#ac3,213726-01 Diadema Hp 9t9j3aaac3 Voyager Focus 2 Uc\/bluetooth Dongle Usb-a Conexion De Hasta 2 Dispositivos Estereo Hasta19 H De Conversacion Alcance Hasta 50 M Sin Base De Carga","isPartOf":{"@id":"https:\/\/compuviper.mx\/tienda\/#website"},"datePublished":"2026-04-02T08:06:02+00:00","dateModified":"2026-04-02T08:06:02+00:00","description":"Compra 9t9j3aa#ac3,213726-01 Diadema Hp 9t9j3aaac3 Voyager Focus 2 Uc\/bluetooth Dongle Usb-a Conexion De Hasta 2 Dispositivos Estereo Hasta19 H De Conversacion Alcance Hasta 50 M Sin Base De Carga + Env\u00edo a domicilio + Pago seguro + Garant\u00eda","breadcrumb":{"@id":"https:\/\/compuviper.mx\/tienda\/producto\/poly-9t9j3aaac3213726-01-diadema-hp-9t9j3aaac3-voyager-focus-2-uc-bluetooth-dongle-usb-a-conexion-de-hasta-2-dispositivos-estereo-hasta19-h-de-conversacion-alcance-hasta-50-m-sin-base-de-carga\/#breadcrumb"},"inLanguage":"es-MX","potentialAction":[{"@type":"ReadAction","target":["https:\/\/compuviper.mx\/tienda\/producto\/poly-9t9j3aaac3213726-01-diadema-hp-9t9j3aaac3-voyager-focus-2-uc-bluetooth-dongle-usb-a-conexion-de-hasta-2-dispositivos-estereo-hasta19-h-de-conversacion-alcance-hasta-50-m-sin-base-de-carga\/"]}]},{"@type":"BreadcrumbList","@id":"https:\/\/compuviper.mx\/tienda\/producto\/poly-9t9j3aaac3213726-01-diadema-hp-9t9j3aaac3-voyager-focus-2-uc-bluetooth-dongle-usb-a-conexion-de-hasta-2-dispositivos-estereo-hasta19-h-de-conversacion-alcance-hasta-50-m-sin-base-de-carga\/#breadcrumb","itemListElement":[{"@type":"ListItem","position":1,"name":"Inicio","item":"https:\/\/compuviper.mx\/tienda\/"},{"@type":"ListItem","position":2,"name":"Productos","item":"https:\/\/compuviper.mx\/tienda\/productos\/"},{"@type":"ListItem","position":3,"name":"Audifonos Y Micro","item":"https:\/\/compuviper.mx\/tienda\/categoria-producto\/audifonos-y-micro\/"},{"@type":"ListItem","position":4,"name":"Audifono Con Microfono","item":"https:\/\/compuviper.mx\/tienda\/categoria-producto\/audifonos-y-micro\/audifono-con-microfono\/"},{"@type":"ListItem","position":5,"name":"Poly 9t9j3aa#ac3,213726-01 Diadema Hp 9t9j3aaac3 Voyager Focus 2 Uc\/bluetooth Dongle Usb-a Conexion De Hasta 2 Dispositivos Estereo Hasta19 H De Conversacion Alcance Hasta 50 M Sin Base De Carga"}]},{"@type":"WebSite","@id":"https:\/\/compuviper.mx\/tienda\/#website","url":"https:\/\/compuviper.mx\/tienda\/","name":"Compuviper","description":"Proveedor de Computadoras, Laptops, Servidores, Monitores, Puntos de Venta, Teclados,   Impresoras, T\u00f3ner, C\u00e1maras de Seguridad y m\u00e1s en tu tienda en l\u00ednea","publisher":{"@id":"https:\/\/compuviper.mx\/tienda\/#organization"},"potentialAction":[{"@type":"SearchAction","target":{"@type":"EntryPoint","urlTemplate":"https:\/\/compuviper.mx\/tienda\/?s={search_term_string}"},"query-input":"required name=search_term_string"}],"inLanguage":"es-MX"},{"@type":"Organization","@id":"https:\/\/compuviper.mx\/tienda\/#organization","name":"Compuviper","url":"https:\/\/compuviper.mx\/tienda\/","logo":{"@type":"ImageObject","inLanguage":"es-MX","@id":"https:\/\/compuviper.mx\/tienda\/#\/schema\/logo\/image\/","url":"https:\/\/compuviper.mx\/tienda\/wp-content\/uploads\/2021\/08\/Logo-Compuviper-10.png","contentUrl":"https:\/\/compuviper.mx\/tienda\/wp-content\/uploads\/2021\/08\/Logo-Compuviper-10.png","width":1000,"height":500,"caption":"Compuviper"},"image":{"@id":"https:\/\/compuviper.mx\/tienda\/#\/schema\/logo\/image\/"},"sameAs":["https:\/\/www.facebook.com\/compuviper","https:\/\/www.youtube.com\/channel\/UCf73dERp9Y3cfOq7q8BhLjA?view_as=subscriber"]}]},"product_brand":"POLY","product_price_amount":"4805","product_price_currency":"MXN","og_availability":"out of stock","product_availability":"out of stock","product_retailer_item_id":"9T9J3AA#AC3,213726-01","product_condition":"new"},"_links":{"self":[{"href":"https:\/\/compuviper.mx\/tienda\/wp-json\/wp\/v2\/product\/225832"}],"collection":[{"href":"https:\/\/compuviper.mx\/tienda\/wp-json\/wp\/v2\/product"}],"about":[{"href":"https:\/\/compuviper.mx\/tienda\/wp-json\/wp\/v2\/types\/product"}],"replies":[{"embeddable":true,"href":"https:\/\/compuviper.mx\/tienda\/wp-json\/wp\/v2\/comments?post=225832"}],"wp:featuredmedia":[{"embeddable":true,"href":"https:\/\/compuviper.mx\/tienda\/wp-json\/wp\/v2\/media\/225833"}],"wp:attachment":[{"href":"https:\/\/compuviper.mx\/tienda\/wp-json\/wp\/v2\/media?parent=225832"}],"wp:term":[{"taxonomy":"product_cat","embeddable":true,"href":"https:\/\/compuviper.mx\/tienda\/wp-json\/wp\/v2\/product_cat?post=225832"},{"taxonomy":"product_tag","embeddable":true,"href":"https:\/\/compuviper.mx\/tienda\/wp-json\/wp\/v2\/product_tag?post=225832"}],"curies":[{"name":"wp","href":"https:\/\/api.w.org\/{rel}","templated":true}]}}