{"id":225826,"date":"2026-04-07T01:57:07","date_gmt":"2026-04-07T07:57:07","guid":{"rendered":"https:\/\/compuviper.mx\/tienda\/producto\/poly-218470-0176u48aa-diadema-76u48aa-voyager-4310-uc-inalambrica-bluetooth-monoaural-dongle-usb-aalcance-de-50m-hasta-24-h-de-conversacion-conexion-hasta-2-dispositivos\/"},"modified":"2026-04-07T01:57:08","modified_gmt":"2026-04-07T07:57:08","slug":"poly-76u48aa-diadema-voyager-4310-uc-inalambrica-bluetooth-monoaural-dongle-usb-aalcance-de-50m-hasta-24-h-de-conversacion-conexion-hasta-2-dispositivos","status":"publish","type":"product","link":"https:\/\/compuviper.mx\/tienda\/producto\/poly-76u48aa-diadema-voyager-4310-uc-inalambrica-bluetooth-monoaural-dongle-usb-aalcance-de-50m-hasta-24-h-de-conversacion-conexion-hasta-2-dispositivos\/","title":{"rendered":"Poly 76u48aa Diadema   Voyager 4310 Uc\/ Inalambrica Bluetooth Monoaural Dongle Usb-aalcance De 50m Hasta 24 H De Conversacion Conexion Hasta 2 Dispositivos"},"content":{"rendered":"<table class=\"descripcion\">\n<tr>\n<td>Se conecta a<\/td>\n<\/tr>\n<tr>\n<td>\u0095 serie voyager 4300 uc: se conecta a<\/td>\n<\/tr>\n<tr>\n<td>Pc o mac a trav\u00e9s del nuevo adaptador<\/td>\n<\/tr>\n<tr>\n<td>Usb-a o usb-c bt700 y a un tel\u00e9fono<\/td>\n<\/tr>\n<tr>\n<td>M\u00f3vil a trav\u00e9s de bluetooth v5.2<\/td>\n<\/tr>\n<tr>\n<td>Inal\u00e1mbricos<\/td>\n<\/tr>\n<tr>\n<td>\u0095 bluetooth v5.2<\/td>\n<\/tr>\n<tr>\n<td>\u0095 clase 1<\/td>\n<\/tr>\n<tr>\n<td>\u0095 conectividad multipunto: el auricular<\/td>\n<\/tr>\n<tr>\n<td>Se conecta a dos dispositivos al mismo<\/td>\n<\/tr>\n<tr>\n<td>Tiempo; recuerda hasta 8 dispositivos<\/td>\n<\/tr>\n<tr>\n<td>\u0095 perfiles bluetooth compatibles<\/td>\n<\/tr>\n<tr>\n<td>&#8211; a2dp, avrcp, hsp, hfp<\/td>\n<\/tr>\n<tr>\n<td>\u0095 alcance<\/td>\n<\/tr>\n<tr>\n<td>&#8211; serie voyager 4300 uc: hasta<\/td>\n<\/tr>\n<tr>\n<td>50 metros (164 pies)<\/td>\n<\/tr>\n<tr>\n<td>&#8211; serie voyager 4300 con base voyager<\/td>\n<\/tr>\n<tr>\n<td>Office*: hasta 91 metros (300 pies)<\/td>\n<\/tr>\n<tr>\n<td>Con cable<\/td>\n<\/tr>\n<tr>\n<td>\u0095 se conecta con pc mediante el cable<\/td>\n<\/tr>\n<tr>\n<td>Usb-c incluido (1,5 metros [4,9 pies])<\/td>\n<\/tr>\n<tr>\n<td>Con modo audio a trav\u00e9s de usb<\/td>\n<\/tr>\n<tr>\n<td>Bater\u00eda<\/td>\n<\/tr>\n<tr>\n<td>\u0095 capacidad de la bater\u00eda: 350 mah<\/td>\n<\/tr>\n<tr>\n<td>\u0095 tipo de bater\u00eda: iones de litio<\/td>\n<\/tr>\n<tr>\n<td>\u0095 tiempo de conversaci\u00f3n: hasta 24 horas**<\/td>\n<\/tr>\n<tr>\n<td>\u0095 tiempo de escucha: hasta 47 horas**<\/td>\n<\/tr>\n<tr>\n<td>\u0095 tiempo de carga: 1,6 horas para una<\/td>\n<\/tr>\n<tr>\n<td>Carga completa<\/td>\n<\/tr>\n<tr>\n<td>\u0095 carga r\u00e1pida: hasta 10 horas de<\/td>\n<\/tr>\n<tr>\n<td>Tiempo de escucha despu\u00e9s de<\/td>\n<\/tr>\n<tr>\n<td>15 minutos de carga<\/td>\n<\/tr>\n<tr>\n<td>\u0095 tiempo de espera: hasta 50 horas<\/td>\n<\/tr>\n<tr>\n<td>Recepci\u00f3n de la respuesta<\/td>\n<\/tr>\n<tr>\n<td>De frecuencia<\/td>\n<\/tr>\n<tr>\n<td>\u0095 ecualizador din\u00e1mico optimizado para<\/td>\n<\/tr>\n<tr>\n<td>Telefon\u00eda de voz de banda ancha en pc<\/td>\n<\/tr>\n<tr>\n<td>De hasta 7 khz o para multimedia de<\/td>\n<\/tr>\n<tr>\n<td>20 hz a 20 khz<\/td>\n<\/tr>\n<tr>\n<td>Protecci\u00f3n para la audici\u00f3n<\/td>\n<\/tr>\n<tr>\n<td>\u0095 soundguard digital: la compatibilidad<\/td>\n<\/tr>\n<tr>\n<td>Con g616 limita el nivel a 102 dbspl; el<\/td>\n<\/tr>\n<tr>\n<td>Promedio ponderado en el tiempo evita<\/td>\n<\/tr>\n<tr>\n<td>Que la exposici\u00f3n diaria promedio al<\/td>\n<\/tr>\n<tr>\n<td>Sonido supere los 85 dba***<\/td>\n<\/tr>\n<tr>\n<td>Micr\u00f3fono y tecnolog\u00eda<\/td>\n<\/tr>\n<tr>\n<td>\u0095 brazo de micr\u00f3fono flexible con<\/td>\n<\/tr>\n<tr>\n<td>Cancelaci\u00f3n de ruido y tecnolog\u00eda<\/td>\n<\/tr>\n<tr>\n<td>Acoustic fence<\/td>\n<\/tr>\n<tr>\n<td>\u0095 bot\u00f3n de silencio de f\u00e1cil acceso<\/td>\n<\/tr>\n<tr>\n<td>En el brazo de micr\u00f3fono<\/td>\n<\/tr>\n<tr>\n<td>Certificaci\u00f3n<\/td>\n<\/tr>\n<tr>\n<td>\u0095 microsoft teams (solo versi\u00f3n de teams)<\/td>\n<\/tr>\n<tr>\n<td>\u0095 zoom<\/td>\n<\/tr>\n<tr>\n<td>Garant\u00eda<\/td>\n<\/tr>\n<tr>\n<td>\u0095 garant\u00eda limitada de 2 a\u00f1os incluida<\/td>\n<\/tr>\n<\/table>\n","protected":false},"excerpt":{"rendered":"<p>Serie voyager 4300 uc. Libera a tus trabajadores de sus escritorios con los auriculares inal\u00e1mbricos. Bluetooth de nivel b\u00e1sico perfectos. Te presentamos la serie voyager 4300 uc. Es todo lo que necesitan para ser productivos y conectarse a todos sus. Dispositivos, ya sea en el hogar o en la oficina. Mant\u00e9n la productividad de tus. Equipos con una calidad del audio excepcional, una comodidad que dura todo el. D\u00eda y la tecnolog\u00eda acoustic fence de doble micr\u00f3fono que elimina el ruido de. Fondo. Adem\u00e1s, es el sue\u00f1o de todo gerente de ti, ya que se pueden implementar. F\u00e1cilmente y administrar de forma remota por completo, todo a un precio. Inmejorable. \u00bfflexibilidad, conectividad y libertad excepcionales? \u00a1claro que s\u00ed. \u0095 doble micr\u00f3fono con cancelaci\u00f3n de ruido y tecnolog\u00eda acoustic fence. \u0095 protecci\u00f3n ac\u00fastica de la audici\u00f3n con soundguard digital. \u0095 dise\u00f1ados para la portabilidad: para uso en el hogar y en la oficina. \u0095 diadema acolchada, c\u00f3moda y ajustable. \u0095 estilos de uso monoaural y est\u00e9reo<\/p>\n","protected":false},"featured_media":225827,"comment_status":"open","ping_status":"open","template":"","meta":[],"product_cat":[1552,1816],"product_tag":[2035],"acf":[],"yoast_head":"<!-- This site is optimized with the Yoast SEO plugin v21.7 - https:\/\/yoast.com\/wordpress\/plugins\/seo\/ -->\n<title>[ Poly ] &#129351; 76u48aa Diadema Voyager 4310 Uc\/ Inalambrica Bluetooth Monoaural Dongle Usb-aalcance De 50m Hasta 24 H De Conversacion Conexion Hasta 2 Dispositivos<\/title>\n<meta name=\"description\" content=\"Compra 76u48aa Diadema Voyager 4310 Uc\/ Inalambrica Bluetooth Monoaural Dongle Usb-aalcance De 50m Hasta 24 H De Conversacion Conexion Hasta 2 Dispositivos + Env\u00edo a domicilio + Pago seguro + Garant\u00eda\" \/>\n<meta name=\"robots\" content=\"index, follow, max-snippet:-1, max-image-preview:large, max-video-preview:-1\" \/>\n<link rel=\"canonical\" href=\"https:\/\/compuviper.mx\/tienda\/producto\/poly-76u48aa-diadema-voyager-4310-uc-inalambrica-bluetooth-monoaural-dongle-usb-aalcance-de-50m-hasta-24-h-de-conversacion-conexion-hasta-2-dispositivos\/\" \/>\n<meta property=\"og:locale\" content=\"es_MX\" \/>\n<meta property=\"og:type\" content=\"article\" \/>\n<meta property=\"og:title\" content=\"[ Poly ] &#129351; 76u48aa Diadema Voyager 4310 Uc\/ Inalambrica Bluetooth Monoaural Dongle Usb-aalcance De 50m Hasta 24 H De Conversacion Conexion Hasta 2 Dispositivos\" \/>\n<meta property=\"og:description\" content=\"Compra 76u48aa Diadema Voyager 4310 Uc\/ Inalambrica Bluetooth Monoaural Dongle Usb-aalcance De 50m Hasta 24 H De Conversacion Conexion Hasta 2 Dispositivos + Env\u00edo a domicilio + Pago seguro + Garant\u00eda\" \/>\n<meta property=\"og:url\" content=\"https:\/\/compuviper.mx\/tienda\/producto\/poly-76u48aa-diadema-voyager-4310-uc-inalambrica-bluetooth-monoaural-dongle-usb-aalcance-de-50m-hasta-24-h-de-conversacion-conexion-hasta-2-dispositivos\/\" \/>\n<meta property=\"og:site_name\" content=\"Compuviper\" \/>\n<meta property=\"article:publisher\" content=\"https:\/\/www.facebook.com\/compuviper\" \/>\n<meta property=\"article:modified_time\" content=\"2026-04-07T07:57:08+00:00\" \/>\n<meta property=\"og:image\" content=\"https:\/\/compuviper.mx\/tienda\/wp-content\/uploads\/2023\/12\/Diadema-poly-76u48aa-voyager-4310-uc-inalambrica-bluetooth-monoaural-dongle-usb-aalcance-de-50m-hasta-24-h-de-conversacion-conexion-hasta-2-dispositivos.jpg\" \/>\n\t<meta property=\"og:image:width\" content=\"200\" \/>\n\t<meta property=\"og:image:height\" content=\"200\" \/>\n\t<meta property=\"og:image:type\" content=\"image\/jpeg\" \/>\n<meta name=\"twitter:card\" content=\"summary_large_image\" \/>\n<meta name=\"twitter:label1\" content=\"Precio\" \/>\n\t<meta name=\"twitter:data1\" content=\"&#36;3,088 con IVA\" \/>\n\t<meta name=\"twitter:label2\" content=\"Availability\" \/>\n\t<meta name=\"twitter:data2\" content=\"On backorder\" \/>\n<script type=\"application\/ld+json\" class=\"yoast-schema-graph\">{\"@context\":\"https:\/\/schema.org\",\"@graph\":[{\"@type\":\"WebPage\",\"@id\":\"https:\/\/compuviper.mx\/tienda\/producto\/poly-76u48aa-diadema-voyager-4310-uc-inalambrica-bluetooth-monoaural-dongle-usb-aalcance-de-50m-hasta-24-h-de-conversacion-conexion-hasta-2-dispositivos\/\",\"url\":\"https:\/\/compuviper.mx\/tienda\/producto\/poly-76u48aa-diadema-voyager-4310-uc-inalambrica-bluetooth-monoaural-dongle-usb-aalcance-de-50m-hasta-24-h-de-conversacion-conexion-hasta-2-dispositivos\/\",\"name\":\"[ Poly ] &#129351; 76u48aa Diadema Voyager 4310 Uc\/ Inalambrica Bluetooth Monoaural Dongle Usb-aalcance De 50m Hasta 24 H De Conversacion Conexion Hasta 2 Dispositivos\",\"isPartOf\":{\"@id\":\"https:\/\/compuviper.mx\/tienda\/#website\"},\"datePublished\":\"2026-04-07T07:57:07+00:00\",\"dateModified\":\"2026-04-07T07:57:08+00:00\",\"description\":\"Compra 76u48aa Diadema Voyager 4310 Uc\/ Inalambrica Bluetooth Monoaural Dongle Usb-aalcance De 50m Hasta 24 H De Conversacion Conexion Hasta 2 Dispositivos + Env\u00edo a domicilio + Pago seguro + Garant\u00eda\",\"breadcrumb\":{\"@id\":\"https:\/\/compuviper.mx\/tienda\/producto\/poly-76u48aa-diadema-voyager-4310-uc-inalambrica-bluetooth-monoaural-dongle-usb-aalcance-de-50m-hasta-24-h-de-conversacion-conexion-hasta-2-dispositivos\/#breadcrumb\"},\"inLanguage\":\"es-MX\",\"potentialAction\":[{\"@type\":\"ReadAction\",\"target\":[\"https:\/\/compuviper.mx\/tienda\/producto\/poly-76u48aa-diadema-voyager-4310-uc-inalambrica-bluetooth-monoaural-dongle-usb-aalcance-de-50m-hasta-24-h-de-conversacion-conexion-hasta-2-dispositivos\/\"]}]},{\"@type\":\"BreadcrumbList\",\"@id\":\"https:\/\/compuviper.mx\/tienda\/producto\/poly-76u48aa-diadema-voyager-4310-uc-inalambrica-bluetooth-monoaural-dongle-usb-aalcance-de-50m-hasta-24-h-de-conversacion-conexion-hasta-2-dispositivos\/#breadcrumb\",\"itemListElement\":[{\"@type\":\"ListItem\",\"position\":1,\"name\":\"Inicio\",\"item\":\"https:\/\/compuviper.mx\/tienda\/\"},{\"@type\":\"ListItem\",\"position\":2,\"name\":\"Productos\",\"item\":\"https:\/\/compuviper.mx\/tienda\/productos\/\"},{\"@type\":\"ListItem\",\"position\":3,\"name\":\"Audifonos Y Micro\",\"item\":\"https:\/\/compuviper.mx\/tienda\/categoria-producto\/audifonos-y-micro\/\"},{\"@type\":\"ListItem\",\"position\":4,\"name\":\"Audifono Con Microfono\",\"item\":\"https:\/\/compuviper.mx\/tienda\/categoria-producto\/audifonos-y-micro\/audifono-con-microfono\/\"},{\"@type\":\"ListItem\",\"position\":5,\"name\":\"Poly 76u48aa Diadema Voyager 4310 Uc\/ Inalambrica Bluetooth Monoaural Dongle Usb-aalcance De 50m Hasta 24 H De Conversacion Conexion Hasta 2 Dispositivos\"}]},{\"@type\":\"WebSite\",\"@id\":\"https:\/\/compuviper.mx\/tienda\/#website\",\"url\":\"https:\/\/compuviper.mx\/tienda\/\",\"name\":\"Compuviper\",\"description\":\"Proveedor de Computadoras, Laptops, Servidores, Monitores, Puntos de Venta, Teclados,   Impresoras, T\u00f3ner, C\u00e1maras de Seguridad y m\u00e1s en tu tienda en l\u00ednea\",\"publisher\":{\"@id\":\"https:\/\/compuviper.mx\/tienda\/#organization\"},\"potentialAction\":[{\"@type\":\"SearchAction\",\"target\":{\"@type\":\"EntryPoint\",\"urlTemplate\":\"https:\/\/compuviper.mx\/tienda\/?s={search_term_string}\"},\"query-input\":\"required name=search_term_string\"}],\"inLanguage\":\"es-MX\"},{\"@type\":\"Organization\",\"@id\":\"https:\/\/compuviper.mx\/tienda\/#organization\",\"name\":\"Compuviper\",\"url\":\"https:\/\/compuviper.mx\/tienda\/\",\"logo\":{\"@type\":\"ImageObject\",\"inLanguage\":\"es-MX\",\"@id\":\"https:\/\/compuviper.mx\/tienda\/#\/schema\/logo\/image\/\",\"url\":\"https:\/\/compuviper.mx\/tienda\/wp-content\/uploads\/2021\/08\/Logo-Compuviper-10.png\",\"contentUrl\":\"https:\/\/compuviper.mx\/tienda\/wp-content\/uploads\/2021\/08\/Logo-Compuviper-10.png\",\"width\":1000,\"height\":500,\"caption\":\"Compuviper\"},\"image\":{\"@id\":\"https:\/\/compuviper.mx\/tienda\/#\/schema\/logo\/image\/\"},\"sameAs\":[\"https:\/\/www.facebook.com\/compuviper\",\"https:\/\/www.youtube.com\/channel\/UCf73dERp9Y3cfOq7q8BhLjA?view_as=subscriber\"]}]}<\/script>\n<meta property=\"product:brand\" content=\"POLY\" \/>\n<meta property=\"product:price:amount\" content=\"3088\" \/>\n<meta property=\"product:price:currency\" content=\"MXN\" \/>\n<meta property=\"og:availability\" content=\"backorder\" \/>\n<meta property=\"product:availability\" content=\"available for order\" \/>\n<meta property=\"product:retailer_item_id\" content=\"76U48AA\" \/>\n<meta property=\"product:condition\" content=\"new\" \/>\n<!-- \/ Yoast SEO plugin. -->","yoast_head_json":{"title":"[ Poly ] &#129351; 76u48aa Diadema Voyager 4310 Uc\/ Inalambrica Bluetooth Monoaural Dongle Usb-aalcance De 50m Hasta 24 H De Conversacion Conexion Hasta 2 Dispositivos","description":"Compra 76u48aa Diadema Voyager 4310 Uc\/ Inalambrica Bluetooth Monoaural Dongle Usb-aalcance De 50m Hasta 24 H De Conversacion Conexion Hasta 2 Dispositivos + Env\u00edo a domicilio + Pago seguro + Garant\u00eda","robots":{"index":"index","follow":"follow","max-snippet":"max-snippet:-1","max-image-preview":"max-image-preview:large","max-video-preview":"max-video-preview:-1"},"canonical":"https:\/\/compuviper.mx\/tienda\/producto\/poly-76u48aa-diadema-voyager-4310-uc-inalambrica-bluetooth-monoaural-dongle-usb-aalcance-de-50m-hasta-24-h-de-conversacion-conexion-hasta-2-dispositivos\/","og_locale":"es_MX","og_type":"article","og_title":"[ Poly ] &#129351; 76u48aa Diadema Voyager 4310 Uc\/ Inalambrica Bluetooth Monoaural Dongle Usb-aalcance De 50m Hasta 24 H De Conversacion Conexion Hasta 2 Dispositivos","og_description":"Compra 76u48aa Diadema Voyager 4310 Uc\/ Inalambrica Bluetooth Monoaural Dongle Usb-aalcance De 50m Hasta 24 H De Conversacion Conexion Hasta 2 Dispositivos + Env\u00edo a domicilio + Pago seguro + Garant\u00eda","og_url":"https:\/\/compuviper.mx\/tienda\/producto\/poly-76u48aa-diadema-voyager-4310-uc-inalambrica-bluetooth-monoaural-dongle-usb-aalcance-de-50m-hasta-24-h-de-conversacion-conexion-hasta-2-dispositivos\/","og_site_name":"Compuviper","article_publisher":"https:\/\/www.facebook.com\/compuviper","article_modified_time":"2026-04-07T07:57:08+00:00","og_image":[{"width":200,"height":200,"url":"https:\/\/compuviper.mx\/tienda\/wp-content\/uploads\/2023\/12\/Diadema-poly-76u48aa-voyager-4310-uc-inalambrica-bluetooth-monoaural-dongle-usb-aalcance-de-50m-hasta-24-h-de-conversacion-conexion-hasta-2-dispositivos.jpg","type":"image\/jpeg"}],"twitter_card":"summary_large_image","twitter_misc":{"Precio":"&#36;3,088 con IVA","Availability":"On backorder"},"schema":{"@context":"https:\/\/schema.org","@graph":[{"@type":"WebPage","@id":"https:\/\/compuviper.mx\/tienda\/producto\/poly-76u48aa-diadema-voyager-4310-uc-inalambrica-bluetooth-monoaural-dongle-usb-aalcance-de-50m-hasta-24-h-de-conversacion-conexion-hasta-2-dispositivos\/","url":"https:\/\/compuviper.mx\/tienda\/producto\/poly-76u48aa-diadema-voyager-4310-uc-inalambrica-bluetooth-monoaural-dongle-usb-aalcance-de-50m-hasta-24-h-de-conversacion-conexion-hasta-2-dispositivos\/","name":"[ Poly ] &#129351; 76u48aa Diadema Voyager 4310 Uc\/ Inalambrica Bluetooth Monoaural Dongle Usb-aalcance De 50m Hasta 24 H De Conversacion Conexion Hasta 2 Dispositivos","isPartOf":{"@id":"https:\/\/compuviper.mx\/tienda\/#website"},"datePublished":"2026-04-07T07:57:07+00:00","dateModified":"2026-04-07T07:57:08+00:00","description":"Compra 76u48aa Diadema Voyager 4310 Uc\/ Inalambrica Bluetooth Monoaural Dongle Usb-aalcance De 50m Hasta 24 H De Conversacion Conexion Hasta 2 Dispositivos + Env\u00edo a domicilio + Pago seguro + Garant\u00eda","breadcrumb":{"@id":"https:\/\/compuviper.mx\/tienda\/producto\/poly-76u48aa-diadema-voyager-4310-uc-inalambrica-bluetooth-monoaural-dongle-usb-aalcance-de-50m-hasta-24-h-de-conversacion-conexion-hasta-2-dispositivos\/#breadcrumb"},"inLanguage":"es-MX","potentialAction":[{"@type":"ReadAction","target":["https:\/\/compuviper.mx\/tienda\/producto\/poly-76u48aa-diadema-voyager-4310-uc-inalambrica-bluetooth-monoaural-dongle-usb-aalcance-de-50m-hasta-24-h-de-conversacion-conexion-hasta-2-dispositivos\/"]}]},{"@type":"BreadcrumbList","@id":"https:\/\/compuviper.mx\/tienda\/producto\/poly-76u48aa-diadema-voyager-4310-uc-inalambrica-bluetooth-monoaural-dongle-usb-aalcance-de-50m-hasta-24-h-de-conversacion-conexion-hasta-2-dispositivos\/#breadcrumb","itemListElement":[{"@type":"ListItem","position":1,"name":"Inicio","item":"https:\/\/compuviper.mx\/tienda\/"},{"@type":"ListItem","position":2,"name":"Productos","item":"https:\/\/compuviper.mx\/tienda\/productos\/"},{"@type":"ListItem","position":3,"name":"Audifonos Y Micro","item":"https:\/\/compuviper.mx\/tienda\/categoria-producto\/audifonos-y-micro\/"},{"@type":"ListItem","position":4,"name":"Audifono Con Microfono","item":"https:\/\/compuviper.mx\/tienda\/categoria-producto\/audifonos-y-micro\/audifono-con-microfono\/"},{"@type":"ListItem","position":5,"name":"Poly 76u48aa Diadema Voyager 4310 Uc\/ Inalambrica Bluetooth Monoaural Dongle Usb-aalcance De 50m Hasta 24 H De Conversacion Conexion Hasta 2 Dispositivos"}]},{"@type":"WebSite","@id":"https:\/\/compuviper.mx\/tienda\/#website","url":"https:\/\/compuviper.mx\/tienda\/","name":"Compuviper","description":"Proveedor de Computadoras, Laptops, Servidores, Monitores, Puntos de Venta, Teclados,   Impresoras, T\u00f3ner, C\u00e1maras de Seguridad y m\u00e1s en tu tienda en l\u00ednea","publisher":{"@id":"https:\/\/compuviper.mx\/tienda\/#organization"},"potentialAction":[{"@type":"SearchAction","target":{"@type":"EntryPoint","urlTemplate":"https:\/\/compuviper.mx\/tienda\/?s={search_term_string}"},"query-input":"required name=search_term_string"}],"inLanguage":"es-MX"},{"@type":"Organization","@id":"https:\/\/compuviper.mx\/tienda\/#organization","name":"Compuviper","url":"https:\/\/compuviper.mx\/tienda\/","logo":{"@type":"ImageObject","inLanguage":"es-MX","@id":"https:\/\/compuviper.mx\/tienda\/#\/schema\/logo\/image\/","url":"https:\/\/compuviper.mx\/tienda\/wp-content\/uploads\/2021\/08\/Logo-Compuviper-10.png","contentUrl":"https:\/\/compuviper.mx\/tienda\/wp-content\/uploads\/2021\/08\/Logo-Compuviper-10.png","width":1000,"height":500,"caption":"Compuviper"},"image":{"@id":"https:\/\/compuviper.mx\/tienda\/#\/schema\/logo\/image\/"},"sameAs":["https:\/\/www.facebook.com\/compuviper","https:\/\/www.youtube.com\/channel\/UCf73dERp9Y3cfOq7q8BhLjA?view_as=subscriber"]}]},"product_brand":"POLY","product_price_amount":"3088","product_price_currency":"MXN","og_availability":"backorder","product_availability":"available for order","product_retailer_item_id":"76U48AA","product_condition":"new"},"_links":{"self":[{"href":"https:\/\/compuviper.mx\/tienda\/wp-json\/wp\/v2\/product\/225826"}],"collection":[{"href":"https:\/\/compuviper.mx\/tienda\/wp-json\/wp\/v2\/product"}],"about":[{"href":"https:\/\/compuviper.mx\/tienda\/wp-json\/wp\/v2\/types\/product"}],"replies":[{"embeddable":true,"href":"https:\/\/compuviper.mx\/tienda\/wp-json\/wp\/v2\/comments?post=225826"}],"wp:featuredmedia":[{"embeddable":true,"href":"https:\/\/compuviper.mx\/tienda\/wp-json\/wp\/v2\/media\/225827"}],"wp:attachment":[{"href":"https:\/\/compuviper.mx\/tienda\/wp-json\/wp\/v2\/media?parent=225826"}],"wp:term":[{"taxonomy":"product_cat","embeddable":true,"href":"https:\/\/compuviper.mx\/tienda\/wp-json\/wp\/v2\/product_cat?post=225826"},{"taxonomy":"product_tag","embeddable":true,"href":"https:\/\/compuviper.mx\/tienda\/wp-json\/wp\/v2\/product_tag?post=225826"}],"curies":[{"name":"wp","href":"https:\/\/api.w.org\/{rel}","templated":true}]}}