{"id":225822,"date":"2026-04-23T02:01:04","date_gmt":"2026-04-23T08:01:04","guid":{"rendered":"https:\/\/compuviper.mx\/tienda\/producto\/logitech-981-001285-audifonos-con-microfono-tipo-diadema-h390-color-off-white-alambricos-con-conector-usb-control-de-audio-integrado-en-el-cable\/"},"modified":"2026-04-23T02:01:04","modified_gmt":"2026-04-23T08:01:04","slug":"logitech-981-001285-audifonos-diadema-h390-supresion-de-ruido-control-de-volumen-usb-blanco","status":"publish","type":"product","link":"https:\/\/compuviper.mx\/tienda\/producto\/logitech-981-001285-audifonos-diadema-h390-supresion-de-ruido-control-de-volumen-usb-blanco\/","title":{"rendered":"Logitech 981-001285 Audifonos Diadema  H390 Supresion De Ruido Control De Volumen Usb Blanco"},"content":{"rendered":"<table class=\"descripcion\">\n<tr>\n<td>Audifonos usb h390.<\/td>\n<\/tr>\n<tr>\n<td>Sentirse bien<\/td>\n<\/tr>\n<tr>\n<td>Usted se sentir\u00e1 c\u00f3modo con estos adifonos gracias a las almohadillas y diadema acolchada que se ajusta a ti.<\/td>\n<\/tr>\n<tr>\n<td>Alto y claro<\/td>\n<\/tr>\n<tr>\n<td>El micr\u00f3fono con anulaci\u00f3n de ruido reduce el ruido y el fondo gira fuera del camino cuando no se est\u00e9 usando.<\/td>\n<\/tr>\n<tr>\n<td>Especificaciones t\u00e9cnicas<\/td>\n<\/tr>\n<tr>\n<td>Requisitos del sistema<\/td>\n<\/tr>\n<tr>\n<td>&#8211; windows\u00ae 2000, windows\u00ae xp, windows vista, windows\u00ae 7<\/td>\n<\/tr>\n<tr>\n<td>&#8211; mac os\u00ae x (10.2.8 o posterior)<\/td>\n<\/tr>\n<tr>\n<td>&#8211; puerto usb<\/td>\n<\/tr>\n<tr>\n<td>Informaci\u00f3n de garant\u00eda<\/td>\n<\/tr>\n<tr>\n<td>2 a\u00f1os de garant\u00eda limitada de hardware<\/td>\n<\/tr>\n<tr>\n<td>Contenidos del paquete<\/td>\n<\/tr>\n<tr>\n<td>Logitech\u00ae usb headset h390<\/td>\n<\/tr>\n<tr>\n<td>Gu\u00eda de inicio r\u00e1pido<\/td>\n<\/tr>\n<tr>\n<td>Especificaciones t\u00e9cnicas<\/td>\n<\/tr>\n<tr>\n<td>Respuesta de frecuencia:<\/td>\n<\/tr>\n<tr>\n<td>&#8211; auricular: 20 hz-20 khz<\/td>\n<\/tr>\n<tr>\n<td>&#8211; micr\u00f3fono: 100 hz-10 khz sensibilidad de entrada: -62 dbv \/ bar, -42 dbv \/ pa +\/- 3 db longitud del cable: 8 pies conexiones: usb compatible (1.1 y 2.0)<\/td>\n<\/tr>\n<\/table>\n","protected":false},"excerpt":{"rendered":"<p>Audifono tipo diadema usb, dise\u00f1o c\u00f3modo. Las almohadillas acolchadas que ofrecen mayor comodidad al o\u00eddo la diadema con microf\u00f3no es ajustable y confortable. Con supresi\u00f3n de ruido del micr\u00f3fono. Usted no tendr\u00e1 que competir con el ruido de fondo para ser escuchado. Micr\u00f3fono giratorio. El micr\u00f3fono con brazo giratorio permite ponerlo de manera m\u00e1s c\u00f3moda para poder hablar. Controles de audio en l\u00ednea. En cualquier momento puede ajustar el volumen y silenciar el micr\u00f3fono.<\/p>\n","protected":false},"featured_media":225823,"comment_status":"open","ping_status":"open","template":"","meta":[],"product_cat":[1552,1816],"product_tag":[1500],"acf":[],"yoast_head":"<!-- This site is optimized with the Yoast SEO plugin v21.7 - https:\/\/yoast.com\/wordpress\/plugins\/seo\/ -->\n<title>[ Logitech ] &#129351; 981-001285 Audifonos Diadema H390 Supresion De Ruido Control De Volumen Usb Blanco<\/title>\n<meta name=\"description\" content=\"Compra 981-001285 Audifonos Diadema H390 Supresion De Ruido Control De Volumen Usb Blanco + Env\u00edo a domicilio + Pago seguro + Garant\u00eda\" \/>\n<meta name=\"robots\" content=\"index, follow, max-snippet:-1, max-image-preview:large, max-video-preview:-1\" \/>\n<link rel=\"canonical\" href=\"https:\/\/compuviper.mx\/tienda\/producto\/logitech-981-001285-audifonos-diadema-h390-supresion-de-ruido-control-de-volumen-usb-blanco\/\" \/>\n<meta property=\"og:locale\" content=\"es_MX\" \/>\n<meta property=\"og:type\" content=\"article\" \/>\n<meta property=\"og:title\" content=\"[ Logitech ] &#129351; 981-001285 Audifonos Diadema H390 Supresion De Ruido Control De Volumen Usb Blanco\" \/>\n<meta property=\"og:description\" content=\"Compra 981-001285 Audifonos Diadema H390 Supresion De Ruido Control De Volumen Usb Blanco + Env\u00edo a domicilio + Pago seguro + Garant\u00eda\" \/>\n<meta property=\"og:url\" content=\"https:\/\/compuviper.mx\/tienda\/producto\/logitech-981-001285-audifonos-diadema-h390-supresion-de-ruido-control-de-volumen-usb-blanco\/\" \/>\n<meta property=\"og:site_name\" content=\"Compuviper\" \/>\n<meta property=\"article:publisher\" content=\"https:\/\/www.facebook.com\/compuviper\" \/>\n<meta property=\"og:image\" content=\"https:\/\/compuviper.mx\/tienda\/wp-content\/uploads\/2023\/12\/Audifonos-con-microfono-tipo-diadema-logitech-h390-color-off-white-alambricos-con-conector-usb-control-de-audio-integrado-en-el-cable.jpg\" \/>\n\t<meta property=\"og:image:width\" content=\"200\" \/>\n\t<meta property=\"og:image:height\" content=\"200\" \/>\n\t<meta property=\"og:image:type\" content=\"image\/jpeg\" \/>\n<meta name=\"twitter:card\" content=\"summary_large_image\" \/>\n<meta name=\"twitter:label1\" content=\"Precio\" \/>\n\t<meta name=\"twitter:data1\" content=\"&#36;587 &#36;410 con IVA\" \/>\n\t<meta name=\"twitter:label2\" content=\"Availability\" \/>\n\t<meta name=\"twitter:data2\" content=\"In stock\" \/>\n<script type=\"application\/ld+json\" class=\"yoast-schema-graph\">{\"@context\":\"https:\/\/schema.org\",\"@graph\":[{\"@type\":\"WebPage\",\"@id\":\"https:\/\/compuviper.mx\/tienda\/producto\/logitech-981-001285-audifonos-diadema-h390-supresion-de-ruido-control-de-volumen-usb-blanco\/\",\"url\":\"https:\/\/compuviper.mx\/tienda\/producto\/logitech-981-001285-audifonos-diadema-h390-supresion-de-ruido-control-de-volumen-usb-blanco\/\",\"name\":\"[ Logitech ] &#129351; 981-001285 Audifonos Diadema H390 Supresion De Ruido Control De Volumen Usb Blanco\",\"isPartOf\":{\"@id\":\"https:\/\/compuviper.mx\/tienda\/#website\"},\"datePublished\":\"2026-04-23T08:01:04+00:00\",\"dateModified\":\"2026-04-23T08:01:04+00:00\",\"description\":\"Compra 981-001285 Audifonos Diadema H390 Supresion De Ruido Control De Volumen Usb Blanco + Env\u00edo a domicilio + Pago seguro + Garant\u00eda\",\"breadcrumb\":{\"@id\":\"https:\/\/compuviper.mx\/tienda\/producto\/logitech-981-001285-audifonos-diadema-h390-supresion-de-ruido-control-de-volumen-usb-blanco\/#breadcrumb\"},\"inLanguage\":\"es-MX\",\"potentialAction\":[{\"@type\":\"ReadAction\",\"target\":[\"https:\/\/compuviper.mx\/tienda\/producto\/logitech-981-001285-audifonos-diadema-h390-supresion-de-ruido-control-de-volumen-usb-blanco\/\"]}]},{\"@type\":\"BreadcrumbList\",\"@id\":\"https:\/\/compuviper.mx\/tienda\/producto\/logitech-981-001285-audifonos-diadema-h390-supresion-de-ruido-control-de-volumen-usb-blanco\/#breadcrumb\",\"itemListElement\":[{\"@type\":\"ListItem\",\"position\":1,\"name\":\"Inicio\",\"item\":\"https:\/\/compuviper.mx\/tienda\/\"},{\"@type\":\"ListItem\",\"position\":2,\"name\":\"Productos\",\"item\":\"https:\/\/compuviper.mx\/tienda\/productos\/\"},{\"@type\":\"ListItem\",\"position\":3,\"name\":\"Audifonos Y Micro\",\"item\":\"https:\/\/compuviper.mx\/tienda\/categoria-producto\/audifonos-y-micro\/\"},{\"@type\":\"ListItem\",\"position\":4,\"name\":\"Audifono Con Microfono\",\"item\":\"https:\/\/compuviper.mx\/tienda\/categoria-producto\/audifonos-y-micro\/audifono-con-microfono\/\"},{\"@type\":\"ListItem\",\"position\":5,\"name\":\"Logitech 981-001285 Audifonos Diadema H390 Supresion De Ruido Control De Volumen Usb Blanco\"}]},{\"@type\":\"WebSite\",\"@id\":\"https:\/\/compuviper.mx\/tienda\/#website\",\"url\":\"https:\/\/compuviper.mx\/tienda\/\",\"name\":\"Compuviper\",\"description\":\"Proveedor de Computadoras, Laptops, Servidores, Monitores, Puntos de Venta, Teclados,   Impresoras, T\u00f3ner, C\u00e1maras de Seguridad y m\u00e1s en tu tienda en l\u00ednea\",\"publisher\":{\"@id\":\"https:\/\/compuviper.mx\/tienda\/#organization\"},\"potentialAction\":[{\"@type\":\"SearchAction\",\"target\":{\"@type\":\"EntryPoint\",\"urlTemplate\":\"https:\/\/compuviper.mx\/tienda\/?s={search_term_string}\"},\"query-input\":\"required name=search_term_string\"}],\"inLanguage\":\"es-MX\"},{\"@type\":\"Organization\",\"@id\":\"https:\/\/compuviper.mx\/tienda\/#organization\",\"name\":\"Compuviper\",\"url\":\"https:\/\/compuviper.mx\/tienda\/\",\"logo\":{\"@type\":\"ImageObject\",\"inLanguage\":\"es-MX\",\"@id\":\"https:\/\/compuviper.mx\/tienda\/#\/schema\/logo\/image\/\",\"url\":\"https:\/\/compuviper.mx\/tienda\/wp-content\/uploads\/2021\/08\/Logo-Compuviper-10.png\",\"contentUrl\":\"https:\/\/compuviper.mx\/tienda\/wp-content\/uploads\/2021\/08\/Logo-Compuviper-10.png\",\"width\":1000,\"height\":500,\"caption\":\"Compuviper\"},\"image\":{\"@id\":\"https:\/\/compuviper.mx\/tienda\/#\/schema\/logo\/image\/\"},\"sameAs\":[\"https:\/\/www.facebook.com\/compuviper\",\"https:\/\/www.youtube.com\/channel\/UCf73dERp9Y3cfOq7q8BhLjA?view_as=subscriber\"]}]}<\/script>\n<meta property=\"product:brand\" content=\"LOGITECH\" \/>\n<meta property=\"product:price:amount\" content=\"410\" \/>\n<meta property=\"product:price:currency\" content=\"MXN\" \/>\n<meta property=\"og:availability\" content=\"instock\" \/>\n<meta property=\"product:availability\" content=\"instock\" \/>\n<meta property=\"product:retailer_item_id\" content=\"981-001285\" \/>\n<meta property=\"product:condition\" content=\"new\" \/>\n<!-- \/ Yoast SEO plugin. -->","yoast_head_json":{"title":"[ Logitech ] &#129351; 981-001285 Audifonos Diadema H390 Supresion De Ruido Control De Volumen Usb Blanco","description":"Compra 981-001285 Audifonos Diadema H390 Supresion De Ruido Control De Volumen Usb Blanco + Env\u00edo a domicilio + Pago seguro + Garant\u00eda","robots":{"index":"index","follow":"follow","max-snippet":"max-snippet:-1","max-image-preview":"max-image-preview:large","max-video-preview":"max-video-preview:-1"},"canonical":"https:\/\/compuviper.mx\/tienda\/producto\/logitech-981-001285-audifonos-diadema-h390-supresion-de-ruido-control-de-volumen-usb-blanco\/","og_locale":"es_MX","og_type":"article","og_title":"[ Logitech ] &#129351; 981-001285 Audifonos Diadema H390 Supresion De Ruido Control De Volumen Usb Blanco","og_description":"Compra 981-001285 Audifonos Diadema H390 Supresion De Ruido Control De Volumen Usb Blanco + Env\u00edo a domicilio + Pago seguro + Garant\u00eda","og_url":"https:\/\/compuviper.mx\/tienda\/producto\/logitech-981-001285-audifonos-diadema-h390-supresion-de-ruido-control-de-volumen-usb-blanco\/","og_site_name":"Compuviper","article_publisher":"https:\/\/www.facebook.com\/compuviper","og_image":[{"width":200,"height":200,"url":"https:\/\/compuviper.mx\/tienda\/wp-content\/uploads\/2023\/12\/Audifonos-con-microfono-tipo-diadema-logitech-h390-color-off-white-alambricos-con-conector-usb-control-de-audio-integrado-en-el-cable.jpg","type":"image\/jpeg"}],"twitter_card":"summary_large_image","twitter_misc":{"Precio":"&#36;587 &#36;410 con IVA","Availability":"In stock"},"schema":{"@context":"https:\/\/schema.org","@graph":[{"@type":"WebPage","@id":"https:\/\/compuviper.mx\/tienda\/producto\/logitech-981-001285-audifonos-diadema-h390-supresion-de-ruido-control-de-volumen-usb-blanco\/","url":"https:\/\/compuviper.mx\/tienda\/producto\/logitech-981-001285-audifonos-diadema-h390-supresion-de-ruido-control-de-volumen-usb-blanco\/","name":"[ Logitech ] &#129351; 981-001285 Audifonos Diadema H390 Supresion De Ruido Control De Volumen Usb Blanco","isPartOf":{"@id":"https:\/\/compuviper.mx\/tienda\/#website"},"datePublished":"2026-04-23T08:01:04+00:00","dateModified":"2026-04-23T08:01:04+00:00","description":"Compra 981-001285 Audifonos Diadema H390 Supresion De Ruido Control De Volumen Usb Blanco + Env\u00edo a domicilio + Pago seguro + Garant\u00eda","breadcrumb":{"@id":"https:\/\/compuviper.mx\/tienda\/producto\/logitech-981-001285-audifonos-diadema-h390-supresion-de-ruido-control-de-volumen-usb-blanco\/#breadcrumb"},"inLanguage":"es-MX","potentialAction":[{"@type":"ReadAction","target":["https:\/\/compuviper.mx\/tienda\/producto\/logitech-981-001285-audifonos-diadema-h390-supresion-de-ruido-control-de-volumen-usb-blanco\/"]}]},{"@type":"BreadcrumbList","@id":"https:\/\/compuviper.mx\/tienda\/producto\/logitech-981-001285-audifonos-diadema-h390-supresion-de-ruido-control-de-volumen-usb-blanco\/#breadcrumb","itemListElement":[{"@type":"ListItem","position":1,"name":"Inicio","item":"https:\/\/compuviper.mx\/tienda\/"},{"@type":"ListItem","position":2,"name":"Productos","item":"https:\/\/compuviper.mx\/tienda\/productos\/"},{"@type":"ListItem","position":3,"name":"Audifonos Y Micro","item":"https:\/\/compuviper.mx\/tienda\/categoria-producto\/audifonos-y-micro\/"},{"@type":"ListItem","position":4,"name":"Audifono Con Microfono","item":"https:\/\/compuviper.mx\/tienda\/categoria-producto\/audifonos-y-micro\/audifono-con-microfono\/"},{"@type":"ListItem","position":5,"name":"Logitech 981-001285 Audifonos Diadema H390 Supresion De Ruido Control De Volumen Usb Blanco"}]},{"@type":"WebSite","@id":"https:\/\/compuviper.mx\/tienda\/#website","url":"https:\/\/compuviper.mx\/tienda\/","name":"Compuviper","description":"Proveedor de Computadoras, Laptops, Servidores, Monitores, Puntos de Venta, Teclados,   Impresoras, T\u00f3ner, C\u00e1maras de Seguridad y m\u00e1s en tu tienda en l\u00ednea","publisher":{"@id":"https:\/\/compuviper.mx\/tienda\/#organization"},"potentialAction":[{"@type":"SearchAction","target":{"@type":"EntryPoint","urlTemplate":"https:\/\/compuviper.mx\/tienda\/?s={search_term_string}"},"query-input":"required name=search_term_string"}],"inLanguage":"es-MX"},{"@type":"Organization","@id":"https:\/\/compuviper.mx\/tienda\/#organization","name":"Compuviper","url":"https:\/\/compuviper.mx\/tienda\/","logo":{"@type":"ImageObject","inLanguage":"es-MX","@id":"https:\/\/compuviper.mx\/tienda\/#\/schema\/logo\/image\/","url":"https:\/\/compuviper.mx\/tienda\/wp-content\/uploads\/2021\/08\/Logo-Compuviper-10.png","contentUrl":"https:\/\/compuviper.mx\/tienda\/wp-content\/uploads\/2021\/08\/Logo-Compuviper-10.png","width":1000,"height":500,"caption":"Compuviper"},"image":{"@id":"https:\/\/compuviper.mx\/tienda\/#\/schema\/logo\/image\/"},"sameAs":["https:\/\/www.facebook.com\/compuviper","https:\/\/www.youtube.com\/channel\/UCf73dERp9Y3cfOq7q8BhLjA?view_as=subscriber"]}]},"product_brand":"LOGITECH","product_price_amount":"410","product_price_currency":"MXN","og_availability":"instock","product_availability":"instock","product_retailer_item_id":"981-001285","product_condition":"new"},"_links":{"self":[{"href":"https:\/\/compuviper.mx\/tienda\/wp-json\/wp\/v2\/product\/225822"}],"collection":[{"href":"https:\/\/compuviper.mx\/tienda\/wp-json\/wp\/v2\/product"}],"about":[{"href":"https:\/\/compuviper.mx\/tienda\/wp-json\/wp\/v2\/types\/product"}],"replies":[{"embeddable":true,"href":"https:\/\/compuviper.mx\/tienda\/wp-json\/wp\/v2\/comments?post=225822"}],"wp:featuredmedia":[{"embeddable":true,"href":"https:\/\/compuviper.mx\/tienda\/wp-json\/wp\/v2\/media\/225823"}],"wp:attachment":[{"href":"https:\/\/compuviper.mx\/tienda\/wp-json\/wp\/v2\/media?parent=225822"}],"wp:term":[{"taxonomy":"product_cat","embeddable":true,"href":"https:\/\/compuviper.mx\/tienda\/wp-json\/wp\/v2\/product_cat?post=225822"},{"taxonomy":"product_tag","embeddable":true,"href":"https:\/\/compuviper.mx\/tienda\/wp-json\/wp\/v2\/product_tag?post=225822"}],"curies":[{"name":"wp","href":"https:\/\/api.w.org\/{rel}","templated":true}]}}