{"id":225768,"date":"2026-04-08T01:59:58","date_gmt":"2026-04-08T07:59:58","guid":{"rendered":"https:\/\/compuviper.mx\/tienda\/producto\/hune-at-acc-au-048cor-audifonos-manos-libres-haya-sustentable-trenzado-con-microfono-jack-3-5-corteza\/"},"modified":"2026-04-08T01:59:58","modified_gmt":"2026-04-08T07:59:58","slug":"hune-at-acc-au-048cor-audifonos-manos-libres-haya-sustentable-trenzado-con-microfono-jack-3-5-corteza","status":"publish","type":"product","link":"https:\/\/compuviper.mx\/tienda\/producto\/hune-at-acc-au-048cor-audifonos-manos-libres-haya-sustentable-trenzado-con-microfono-jack-3-5-corteza\/","title":{"rendered":"Hune At-acc-au-048cor Audifonos Manos Libres  Haya Sustentable Trenzado Con Microfono Jack 3.5 (corteza)"},"content":{"rendered":"<table class=\"descripcion\">\n<tr>\n<td>Audfono trenzado con micrfono jack 3.5. material de la carcasa: plastico abs reciclado. cable exterior plstico pet reciclado trenzado, interior plstico tpe reciclado. 3 botones: reproducir\/pausar\/volmen.<\/td>\n<\/tr>\n<tr>\n<td>Almohadillas de silicona en 3 medidas:  s-m-l. sujeta cable de 1 cm. empaque de carton fsc  tinta  de soja. sticker identificador de color.<\/td>\n<\/tr>\n<\/table>\n","protected":false},"excerpt":{"rendered":"<p>El consumo de equipos elctricos y electrnicos eee se encuentra profundamente vinculado al desarrollo de la economa mundial. Los eee se han vuelto indispensables en la vida moderna, contribuyendo a la construccin de comunidades fuertes e hiperconectadas. Hune propone un radical cambio de paradigma: hacer a conciencia. Pioneros en latinoamrica en su perspectiva de equilibrio entre humanidad y. Naturaleza, buscamos transformar las relaciones establecidas a travs de una. Produccin sostenible que potencie una comunidad ms consciente y comprometida con la tierra y quienes habitamos en ella. Diseamos y producimos tecnologa de consumo con impacto ambiental mejorado y socialmente responsable aplicando estrategias de diseo sostenible en cada una de las etapas del. Ciclo de vida de nuestros productos. Esto es solo el principio, el cambio est en marcha. Hnete<\/p>\n","protected":false},"featured_media":225769,"comment_status":"open","ping_status":"open","template":"","meta":[],"product_cat":[1552,1816],"product_tag":[2152],"acf":[],"yoast_head":"<!-- This site is optimized with the Yoast SEO plugin v21.7 - https:\/\/yoast.com\/wordpress\/plugins\/seo\/ -->\n<title>[ Hune ] &#129351; At-acc-au-048cor Audifonos Manos Libres Haya Sustentable Trenzado Con Microfono Jack 3.5 (corteza)<\/title>\n<meta name=\"description\" content=\"Compra At-acc-au-048cor Audifonos Manos Libres Haya Sustentable Trenzado Con Microfono Jack 3.5 (corteza) + Env\u00edo a domicilio + Pago seguro + Garant\u00eda\" \/>\n<meta name=\"robots\" content=\"index, follow, max-snippet:-1, max-image-preview:large, max-video-preview:-1\" \/>\n<link rel=\"canonical\" href=\"https:\/\/compuviper.mx\/tienda\/producto\/hune-at-acc-au-048cor-audifonos-manos-libres-haya-sustentable-trenzado-con-microfono-jack-3-5-corteza\/\" \/>\n<meta property=\"og:locale\" content=\"es_MX\" \/>\n<meta property=\"og:type\" content=\"article\" \/>\n<meta property=\"og:title\" content=\"[ Hune ] &#129351; At-acc-au-048cor Audifonos Manos Libres Haya Sustentable Trenzado Con Microfono Jack 3.5 (corteza)\" \/>\n<meta property=\"og:description\" content=\"Compra At-acc-au-048cor Audifonos Manos Libres Haya Sustentable Trenzado Con Microfono Jack 3.5 (corteza) + Env\u00edo a domicilio + Pago seguro + Garant\u00eda\" \/>\n<meta property=\"og:url\" content=\"https:\/\/compuviper.mx\/tienda\/producto\/hune-at-acc-au-048cor-audifonos-manos-libres-haya-sustentable-trenzado-con-microfono-jack-3-5-corteza\/\" \/>\n<meta property=\"og:site_name\" content=\"Compuviper\" \/>\n<meta property=\"article:publisher\" content=\"https:\/\/www.facebook.com\/compuviper\" \/>\n<meta property=\"og:image\" content=\"https:\/\/compuviper.mx\/tienda\/wp-content\/uploads\/2023\/12\/Audifonos-manos-libres-hune-haya-sustentable-trenzado-con-microfono-jack-3.5-corteza.jpg\" \/>\n\t<meta property=\"og:image:width\" content=\"200\" \/>\n\t<meta property=\"og:image:height\" content=\"200\" \/>\n\t<meta property=\"og:image:type\" content=\"image\/jpeg\" \/>\n<meta name=\"twitter:card\" content=\"summary_large_image\" \/>\n<meta name=\"twitter:label1\" content=\"Precio\" \/>\n\t<meta name=\"twitter:data1\" content=\"&#36;236 con IVA\" \/>\n\t<meta name=\"twitter:label2\" content=\"Availability\" \/>\n\t<meta name=\"twitter:data2\" content=\"In stock\" \/>\n<script type=\"application\/ld+json\" class=\"yoast-schema-graph\">{\"@context\":\"https:\/\/schema.org\",\"@graph\":[{\"@type\":\"WebPage\",\"@id\":\"https:\/\/compuviper.mx\/tienda\/producto\/hune-at-acc-au-048cor-audifonos-manos-libres-haya-sustentable-trenzado-con-microfono-jack-3-5-corteza\/\",\"url\":\"https:\/\/compuviper.mx\/tienda\/producto\/hune-at-acc-au-048cor-audifonos-manos-libres-haya-sustentable-trenzado-con-microfono-jack-3-5-corteza\/\",\"name\":\"[ Hune ] &#129351; At-acc-au-048cor Audifonos Manos Libres Haya Sustentable Trenzado Con Microfono Jack 3.5 (corteza)\",\"isPartOf\":{\"@id\":\"https:\/\/compuviper.mx\/tienda\/#website\"},\"datePublished\":\"2026-04-08T07:59:58+00:00\",\"dateModified\":\"2026-04-08T07:59:58+00:00\",\"description\":\"Compra At-acc-au-048cor Audifonos Manos Libres Haya Sustentable Trenzado Con Microfono Jack 3.5 (corteza) + Env\u00edo a domicilio + Pago seguro + Garant\u00eda\",\"breadcrumb\":{\"@id\":\"https:\/\/compuviper.mx\/tienda\/producto\/hune-at-acc-au-048cor-audifonos-manos-libres-haya-sustentable-trenzado-con-microfono-jack-3-5-corteza\/#breadcrumb\"},\"inLanguage\":\"es-MX\",\"potentialAction\":[{\"@type\":\"ReadAction\",\"target\":[\"https:\/\/compuviper.mx\/tienda\/producto\/hune-at-acc-au-048cor-audifonos-manos-libres-haya-sustentable-trenzado-con-microfono-jack-3-5-corteza\/\"]}]},{\"@type\":\"BreadcrumbList\",\"@id\":\"https:\/\/compuviper.mx\/tienda\/producto\/hune-at-acc-au-048cor-audifonos-manos-libres-haya-sustentable-trenzado-con-microfono-jack-3-5-corteza\/#breadcrumb\",\"itemListElement\":[{\"@type\":\"ListItem\",\"position\":1,\"name\":\"Inicio\",\"item\":\"https:\/\/compuviper.mx\/tienda\/\"},{\"@type\":\"ListItem\",\"position\":2,\"name\":\"Productos\",\"item\":\"https:\/\/compuviper.mx\/tienda\/productos\/\"},{\"@type\":\"ListItem\",\"position\":3,\"name\":\"Audifonos Y Micro\",\"item\":\"https:\/\/compuviper.mx\/tienda\/categoria-producto\/audifonos-y-micro\/\"},{\"@type\":\"ListItem\",\"position\":4,\"name\":\"Audifono Con Microfono\",\"item\":\"https:\/\/compuviper.mx\/tienda\/categoria-producto\/audifonos-y-micro\/audifono-con-microfono\/\"},{\"@type\":\"ListItem\",\"position\":5,\"name\":\"Hune At-acc-au-048cor Audifonos Manos Libres Haya Sustentable Trenzado Con Microfono Jack 3.5 (corteza)\"}]},{\"@type\":\"WebSite\",\"@id\":\"https:\/\/compuviper.mx\/tienda\/#website\",\"url\":\"https:\/\/compuviper.mx\/tienda\/\",\"name\":\"Compuviper\",\"description\":\"Proveedor de Computadoras, Laptops, Servidores, Monitores, Puntos de Venta, Teclados,   Impresoras, T\u00f3ner, C\u00e1maras de Seguridad y m\u00e1s en tu tienda en l\u00ednea\",\"publisher\":{\"@id\":\"https:\/\/compuviper.mx\/tienda\/#organization\"},\"potentialAction\":[{\"@type\":\"SearchAction\",\"target\":{\"@type\":\"EntryPoint\",\"urlTemplate\":\"https:\/\/compuviper.mx\/tienda\/?s={search_term_string}\"},\"query-input\":\"required name=search_term_string\"}],\"inLanguage\":\"es-MX\"},{\"@type\":\"Organization\",\"@id\":\"https:\/\/compuviper.mx\/tienda\/#organization\",\"name\":\"Compuviper\",\"url\":\"https:\/\/compuviper.mx\/tienda\/\",\"logo\":{\"@type\":\"ImageObject\",\"inLanguage\":\"es-MX\",\"@id\":\"https:\/\/compuviper.mx\/tienda\/#\/schema\/logo\/image\/\",\"url\":\"https:\/\/compuviper.mx\/tienda\/wp-content\/uploads\/2021\/08\/Logo-Compuviper-10.png\",\"contentUrl\":\"https:\/\/compuviper.mx\/tienda\/wp-content\/uploads\/2021\/08\/Logo-Compuviper-10.png\",\"width\":1000,\"height\":500,\"caption\":\"Compuviper\"},\"image\":{\"@id\":\"https:\/\/compuviper.mx\/tienda\/#\/schema\/logo\/image\/\"},\"sameAs\":[\"https:\/\/www.facebook.com\/compuviper\",\"https:\/\/www.youtube.com\/channel\/UCf73dERp9Y3cfOq7q8BhLjA?view_as=subscriber\"]}]}<\/script>\n<meta property=\"product:brand\" content=\"Hune\" \/>\n<meta property=\"product:price:amount\" content=\"236\" \/>\n<meta property=\"product:price:currency\" content=\"MXN\" \/>\n<meta property=\"og:availability\" content=\"instock\" \/>\n<meta property=\"product:availability\" content=\"instock\" \/>\n<meta property=\"product:retailer_item_id\" content=\"AT-ACC-AU-048COR\" \/>\n<meta property=\"product:condition\" content=\"new\" \/>\n<!-- \/ Yoast SEO plugin. -->","yoast_head_json":{"title":"[ Hune ] &#129351; At-acc-au-048cor Audifonos Manos Libres Haya Sustentable Trenzado Con Microfono Jack 3.5 (corteza)","description":"Compra At-acc-au-048cor Audifonos Manos Libres Haya Sustentable Trenzado Con Microfono Jack 3.5 (corteza) + Env\u00edo a domicilio + Pago seguro + Garant\u00eda","robots":{"index":"index","follow":"follow","max-snippet":"max-snippet:-1","max-image-preview":"max-image-preview:large","max-video-preview":"max-video-preview:-1"},"canonical":"https:\/\/compuviper.mx\/tienda\/producto\/hune-at-acc-au-048cor-audifonos-manos-libres-haya-sustentable-trenzado-con-microfono-jack-3-5-corteza\/","og_locale":"es_MX","og_type":"article","og_title":"[ Hune ] &#129351; At-acc-au-048cor Audifonos Manos Libres Haya Sustentable Trenzado Con Microfono Jack 3.5 (corteza)","og_description":"Compra At-acc-au-048cor Audifonos Manos Libres Haya Sustentable Trenzado Con Microfono Jack 3.5 (corteza) + Env\u00edo a domicilio + Pago seguro + Garant\u00eda","og_url":"https:\/\/compuviper.mx\/tienda\/producto\/hune-at-acc-au-048cor-audifonos-manos-libres-haya-sustentable-trenzado-con-microfono-jack-3-5-corteza\/","og_site_name":"Compuviper","article_publisher":"https:\/\/www.facebook.com\/compuviper","og_image":[{"width":200,"height":200,"url":"https:\/\/compuviper.mx\/tienda\/wp-content\/uploads\/2023\/12\/Audifonos-manos-libres-hune-haya-sustentable-trenzado-con-microfono-jack-3.5-corteza.jpg","type":"image\/jpeg"}],"twitter_card":"summary_large_image","twitter_misc":{"Precio":"&#36;236 con IVA","Availability":"In stock"},"schema":{"@context":"https:\/\/schema.org","@graph":[{"@type":"WebPage","@id":"https:\/\/compuviper.mx\/tienda\/producto\/hune-at-acc-au-048cor-audifonos-manos-libres-haya-sustentable-trenzado-con-microfono-jack-3-5-corteza\/","url":"https:\/\/compuviper.mx\/tienda\/producto\/hune-at-acc-au-048cor-audifonos-manos-libres-haya-sustentable-trenzado-con-microfono-jack-3-5-corteza\/","name":"[ Hune ] &#129351; At-acc-au-048cor Audifonos Manos Libres Haya Sustentable Trenzado Con Microfono Jack 3.5 (corteza)","isPartOf":{"@id":"https:\/\/compuviper.mx\/tienda\/#website"},"datePublished":"2026-04-08T07:59:58+00:00","dateModified":"2026-04-08T07:59:58+00:00","description":"Compra At-acc-au-048cor Audifonos Manos Libres Haya Sustentable Trenzado Con Microfono Jack 3.5 (corteza) + Env\u00edo a domicilio + Pago seguro + Garant\u00eda","breadcrumb":{"@id":"https:\/\/compuviper.mx\/tienda\/producto\/hune-at-acc-au-048cor-audifonos-manos-libres-haya-sustentable-trenzado-con-microfono-jack-3-5-corteza\/#breadcrumb"},"inLanguage":"es-MX","potentialAction":[{"@type":"ReadAction","target":["https:\/\/compuviper.mx\/tienda\/producto\/hune-at-acc-au-048cor-audifonos-manos-libres-haya-sustentable-trenzado-con-microfono-jack-3-5-corteza\/"]}]},{"@type":"BreadcrumbList","@id":"https:\/\/compuviper.mx\/tienda\/producto\/hune-at-acc-au-048cor-audifonos-manos-libres-haya-sustentable-trenzado-con-microfono-jack-3-5-corteza\/#breadcrumb","itemListElement":[{"@type":"ListItem","position":1,"name":"Inicio","item":"https:\/\/compuviper.mx\/tienda\/"},{"@type":"ListItem","position":2,"name":"Productos","item":"https:\/\/compuviper.mx\/tienda\/productos\/"},{"@type":"ListItem","position":3,"name":"Audifonos Y Micro","item":"https:\/\/compuviper.mx\/tienda\/categoria-producto\/audifonos-y-micro\/"},{"@type":"ListItem","position":4,"name":"Audifono Con Microfono","item":"https:\/\/compuviper.mx\/tienda\/categoria-producto\/audifonos-y-micro\/audifono-con-microfono\/"},{"@type":"ListItem","position":5,"name":"Hune At-acc-au-048cor Audifonos Manos Libres Haya Sustentable Trenzado Con Microfono Jack 3.5 (corteza)"}]},{"@type":"WebSite","@id":"https:\/\/compuviper.mx\/tienda\/#website","url":"https:\/\/compuviper.mx\/tienda\/","name":"Compuviper","description":"Proveedor de Computadoras, Laptops, Servidores, Monitores, Puntos de Venta, Teclados,   Impresoras, T\u00f3ner, C\u00e1maras de Seguridad y m\u00e1s en tu tienda en l\u00ednea","publisher":{"@id":"https:\/\/compuviper.mx\/tienda\/#organization"},"potentialAction":[{"@type":"SearchAction","target":{"@type":"EntryPoint","urlTemplate":"https:\/\/compuviper.mx\/tienda\/?s={search_term_string}"},"query-input":"required name=search_term_string"}],"inLanguage":"es-MX"},{"@type":"Organization","@id":"https:\/\/compuviper.mx\/tienda\/#organization","name":"Compuviper","url":"https:\/\/compuviper.mx\/tienda\/","logo":{"@type":"ImageObject","inLanguage":"es-MX","@id":"https:\/\/compuviper.mx\/tienda\/#\/schema\/logo\/image\/","url":"https:\/\/compuviper.mx\/tienda\/wp-content\/uploads\/2021\/08\/Logo-Compuviper-10.png","contentUrl":"https:\/\/compuviper.mx\/tienda\/wp-content\/uploads\/2021\/08\/Logo-Compuviper-10.png","width":1000,"height":500,"caption":"Compuviper"},"image":{"@id":"https:\/\/compuviper.mx\/tienda\/#\/schema\/logo\/image\/"},"sameAs":["https:\/\/www.facebook.com\/compuviper","https:\/\/www.youtube.com\/channel\/UCf73dERp9Y3cfOq7q8BhLjA?view_as=subscriber"]}]},"product_brand":"Hune","product_price_amount":"236","product_price_currency":"MXN","og_availability":"instock","product_availability":"instock","product_retailer_item_id":"AT-ACC-AU-048COR","product_condition":"new"},"_links":{"self":[{"href":"https:\/\/compuviper.mx\/tienda\/wp-json\/wp\/v2\/product\/225768"}],"collection":[{"href":"https:\/\/compuviper.mx\/tienda\/wp-json\/wp\/v2\/product"}],"about":[{"href":"https:\/\/compuviper.mx\/tienda\/wp-json\/wp\/v2\/types\/product"}],"replies":[{"embeddable":true,"href":"https:\/\/compuviper.mx\/tienda\/wp-json\/wp\/v2\/comments?post=225768"}],"wp:featuredmedia":[{"embeddable":true,"href":"https:\/\/compuviper.mx\/tienda\/wp-json\/wp\/v2\/media\/225769"}],"wp:attachment":[{"href":"https:\/\/compuviper.mx\/tienda\/wp-json\/wp\/v2\/media?parent=225768"}],"wp:term":[{"taxonomy":"product_cat","embeddable":true,"href":"https:\/\/compuviper.mx\/tienda\/wp-json\/wp\/v2\/product_cat?post=225768"},{"taxonomy":"product_tag","embeddable":true,"href":"https:\/\/compuviper.mx\/tienda\/wp-json\/wp\/v2\/product_tag?post=225768"}],"curies":[{"name":"wp","href":"https:\/\/api.w.org\/{rel}","templated":true}]}}